{"id":11595,"date":"2024-06-26T02:18:10","date_gmt":"2024-06-26T00:18:10","guid":{"rendered":"https:\/\/aquaforest.eu\/products\/unkategorisiert\/af-poly-kleber\/"},"modified":"2026-05-07T17:36:12","modified_gmt":"2026-05-07T15:36:12","slug":"af-poly-glue","status":"publish","type":"product","link":"https:\/\/aquaforest.eu\/de\/produkte\/seawater\/aquascaping\/af-poly-glue\/","title":{"rendered":"AF Poly Glue"},"content":{"rendered":"<p>AF Poly Glue ist ein granulierter Polymerkleber f\u00fcr Meerwasseraquarien. Er eignet sich auch gut f\u00fcr S\u00fc\u00dfwasseraquarien als Klebstoff f\u00fcr die Befestigung kleiner Elemente. In einem Meerwasseraquarium ist AF Poly Glue unverzichtbar, um Korallenfragmente an Steinen oder St\u00f6pseln zu befestigen. Mit seiner Hilfe platzieren Sie die Korallen schnell und dauerhaft an einem ausgew\u00e4hlten Ort. Der Kleber verschmutzt das Wasser nicht und ist sicher f\u00fcr Wassertiere. Er kann erfolgreich f\u00fcr die Befestigung aller Arten von Korallen verwendet werden. In S\u00fc\u00dfwasseraquarien ist AF Poly Glue besonders n\u00fctzlich, um komplexe Arrangements zu schaffen. Mit seiner Hilfe k\u00f6nnen Sie problemlos Wurzeln und kleine Felsen verbinden. Er kann auch notwendig sein, wenn Sie epiphytische Pflanzen wie Anubias, Bucpehalandra oder Microzorium anbringen. Der Kleber ist \u00e4u\u00dferst effizient und einfach in der Anwendung. Unbenutztes Material kann nach dem Erhitzen wiederverwendet werden. Dadurch kann AF Poly Glue immer zu 100 % verwendet werden.<\/p>\n<hr \/>\n<h3><strong>Hauptmerkmale:<\/strong><\/h3>\n<ul>\n<li aria-level=\"1\">Polymerkleber in Granulatform zum Verkleben von Korallen und Arrangements<\/li>\n<li aria-level=\"1\">V\u00f6llig sicher f\u00fcr Wasserorganismen<\/li>\n<li aria-level=\"1\">Es verschmutzt das Wasser nicht und ist riffsicher<\/li>\n<li aria-level=\"1\">Getrockneter Leim kann nach dem Erhitzen wieder verwendet werden<\/li>\n<li aria-level=\"1\">Bietet eine dauerhafte Unterbringung von Korallen, Wurzeln und S\u00fc\u00dfwasserpflanzen<\/li>\n<\/ul>\n<hr \/>\n<h3><strong>Verwendung:<\/strong><\/h3>\n<p>Leimgranulat sollte in hei\u00dfes Wasser (ca. 90\u00b0C\/ 194\u00b0F) gelegt werden. Nach ein paar Minuten bildet sich eine leicht formbare Masse, die die besten Klebeeigenschaften hat. Der Kleber wird vollst\u00e4ndig fest, wenn er in das Aquarium gegeben wird. Wir empfehlen, au\u00dferhalb des Wassers zu kleben. Die Korallen k\u00f6nnen 30 Sekunden nach dem Verkleben ins Wasser gesetzt werden. Reste der Masse k\u00f6nnen in hei\u00dfes Wasser gelegt und wieder verwendet werden. Biologisch abbaubares Produkt. Von Kindern fernhalten. Produkt nur f\u00fcr den Gebrauch im Aquarium. Nicht f\u00fcr den menschlichen Verzehr geeignet.<\/p>\n","protected":false},"excerpt":{"rendered":"<p>Polymerkleber f\u00fcr Korallenfragmente und Felsen.<br \/>\nAuch f\u00fcr S\u00fc\u00dfwasseraquarien geeignet.<\/p>\n","protected":false},"featured_media":11712,"template":"","meta":{"_acf_changed":false,"content-type":""},"product_brand":[],"product_cat":[1149],"product_tag":[966,1099,1120,1633],"class_list":{"0":"post-11595","1":"product","2":"type-product","3":"status-publish","4":"has-post-thumbnail","6":"product_cat-aquascaping","7":"product_tag-aquaforest-de","8":"product_tag-aquascaping-de","9":"product_tag-meerwasser-aquarien","10":"product_tag-simple-de","12":"first","13":"instock","14":"taxable","15":"shipping-taxable","16":"purchasable","17":"product-type-simple"},"acf":[],"yoast_head":"<!-- This site is optimized with the Yoast SEO plugin v27.1.1 - https:\/\/yoast.com\/product\/yoast-seo-wordpress\/ -->\n<title>AF Poly Glue - Aquaforest<\/title>\n<meta name=\"description\" content=\"AF Poly Glue von Aquaforest: ein einzigartiger Polymerkleber zum dauerhaften Verbinden von Elementen im Aquarium. Zuverl\u00e4ssige Formel f\u00fcr starke Verbindungen und \u00e4sthetische Arrangements.\" \/>\n<meta name=\"robots\" content=\"index, follow, max-snippet:-1, max-image-preview:large, max-video-preview:-1\" \/>\n<link rel=\"canonical\" href=\"https:\/\/aquaforest.eu\/de\/produkte\/seawater\/aquascaping\/af-poly-glue\/\" \/>\n<meta property=\"og:locale\" content=\"de_DE\" \/>\n<meta property=\"og:type\" content=\"article\" \/>\n<meta property=\"og:title\" content=\"AF Poly Glue - Aquaforest\" \/>\n<meta property=\"og:description\" content=\"AF Poly Glue von Aquaforest: ein einzigartiger Polymerkleber zum dauerhaften Verbinden von Elementen im Aquarium. Zuverl\u00e4ssige Formel f\u00fcr starke Verbindungen und \u00e4sthetische Arrangements.\" \/>\n<meta property=\"og:url\" content=\"https:\/\/aquaforest.eu\/de\/produkte\/seawater\/aquascaping\/af-poly-glue\/\" \/>\n<meta property=\"og:site_name\" content=\"Aquaforest\" \/>\n<meta property=\"article:publisher\" content=\"https:\/\/www.facebook.com\/Aquaforest\/\" \/>\n<meta property=\"article:modified_time\" content=\"2026-05-07T15:36:12+00:00\" \/>\n<meta property=\"og:image\" content=\"https:\/\/aquaforest.eu\/wp-content\/uploads\/2024\/06\/AF-Poly-Glue.png\" \/>\n\t<meta property=\"og:image:width\" content=\"462\" \/>\n\t<meta property=\"og:image:height\" content=\"600\" \/>\n\t<meta property=\"og:image:type\" content=\"image\/png\" \/>\n<meta name=\"twitter:card\" content=\"summary_large_image\" \/>\n<meta name=\"twitter:label1\" content=\"Gesch\u00e4tzte Lesezeit\" \/>\n\t<meta name=\"twitter:data1\" content=\"2\u00a0Minuten\" \/>\n<script type=\"application\/ld+json\" class=\"yoast-schema-graph\">{\"@context\":\"https:\/\/schema.org\",\"@graph\":[{\"@type\":\"WebPage\",\"@id\":\"https:\/\/aquaforest.eu\/de\/produkte\/seawater\/aquascaping\/af-poly-glue\/\",\"url\":\"https:\/\/aquaforest.eu\/de\/produkte\/seawater\/aquascaping\/af-poly-glue\/\",\"name\":\"AF Poly Glue - Aquaforest\",\"isPartOf\":{\"@id\":\"https:\/\/aquaforest.eu\/de\/#website\"},\"primaryImageOfPage\":{\"@id\":\"https:\/\/aquaforest.eu\/de\/produkte\/seawater\/aquascaping\/af-poly-glue\/#primaryimage\"},\"image\":{\"@id\":\"https:\/\/aquaforest.eu\/de\/produkte\/seawater\/aquascaping\/af-poly-glue\/#primaryimage\"},\"thumbnailUrl\":\"https:\/\/aquaforest.eu\/wp-content\/uploads\/2024\/06\/AF-Poly-Glue.png\",\"datePublished\":\"2024-06-26T00:18:10+00:00\",\"dateModified\":\"2026-05-07T15:36:12+00:00\",\"description\":\"AF Poly Glue von Aquaforest: ein einzigartiger Polymerkleber zum dauerhaften Verbinden von Elementen im Aquarium. Zuverl\u00e4ssige Formel f\u00fcr starke Verbindungen und \u00e4sthetische Arrangements.\",\"breadcrumb\":{\"@id\":\"https:\/\/aquaforest.eu\/de\/produkte\/seawater\/aquascaping\/af-poly-glue\/#breadcrumb\"},\"inLanguage\":\"de\",\"potentialAction\":[{\"@type\":\"ReadAction\",\"target\":[\"https:\/\/aquaforest.eu\/de\/produkte\/seawater\/aquascaping\/af-poly-glue\/\"]}]},{\"@type\":\"ImageObject\",\"inLanguage\":\"de\",\"@id\":\"https:\/\/aquaforest.eu\/de\/produkte\/seawater\/aquascaping\/af-poly-glue\/#primaryimage\",\"url\":\"https:\/\/aquaforest.eu\/wp-content\/uploads\/2024\/06\/AF-Poly-Glue.png\",\"contentUrl\":\"https:\/\/aquaforest.eu\/wp-content\/uploads\/2024\/06\/AF-Poly-Glue.png\",\"width\":462,\"height\":600},{\"@type\":\"BreadcrumbList\",\"@id\":\"https:\/\/aquaforest.eu\/de\/produkte\/seawater\/aquascaping\/af-poly-glue\/#breadcrumb\",\"itemListElement\":[{\"@type\":\"ListItem\",\"position\":1,\"name\":\"Home\",\"item\":\"https:\/\/aquaforest.eu\/de\/\"},{\"@type\":\"ListItem\",\"position\":2,\"name\":\"Produkte\",\"item\":\"https:\/\/aquaforest.eu\/de\/produkte\/\"},{\"@type\":\"ListItem\",\"position\":3,\"name\":\"AF Poly Glue\"}]},{\"@type\":\"WebSite\",\"@id\":\"https:\/\/aquaforest.eu\/de\/#website\",\"url\":\"https:\/\/aquaforest.eu\/de\/\",\"name\":\"Aquaforest\",\"description\":\"\",\"publisher\":{\"@id\":\"https:\/\/aquaforest.eu\/de\/#organization\"},\"potentialAction\":[{\"@type\":\"SearchAction\",\"target\":{\"@type\":\"EntryPoint\",\"urlTemplate\":\"https:\/\/aquaforest.eu\/de\/?s={search_term_string}\"},\"query-input\":{\"@type\":\"PropertyValueSpecification\",\"valueRequired\":true,\"valueName\":\"search_term_string\"}}],\"inLanguage\":\"de\"},{\"@type\":\"Organization\",\"@id\":\"https:\/\/aquaforest.eu\/de\/#organization\",\"name\":\"Aquaforest\",\"url\":\"https:\/\/aquaforest.eu\/de\/\",\"logo\":{\"@type\":\"ImageObject\",\"inLanguage\":\"de\",\"@id\":\"https:\/\/aquaforest.eu\/de\/#\/schema\/logo\/image\/\",\"url\":\"https:\/\/aquaforest.eu\/wp-content\/uploads\/2024\/05\/logotyp-aquaforest.svg\",\"contentUrl\":\"https:\/\/aquaforest.eu\/wp-content\/uploads\/2024\/05\/logotyp-aquaforest.svg\",\"width\":170,\"height\":22,\"caption\":\"Aquaforest\"},\"image\":{\"@id\":\"https:\/\/aquaforest.eu\/de\/#\/schema\/logo\/image\/\"},\"sameAs\":[\"https:\/\/www.facebook.com\/Aquaforest\/\",\"https:\/\/www.instagram.com\/aquaforest.eu\/\"]}]}<\/script>\n<!-- \/ Yoast SEO plugin. -->","yoast_head_json":{"title":"AF Poly Glue - Aquaforest","description":"AF Poly Glue von Aquaforest: ein einzigartiger Polymerkleber zum dauerhaften Verbinden von Elementen im Aquarium. Zuverl\u00e4ssige Formel f\u00fcr starke Verbindungen und \u00e4sthetische Arrangements.","robots":{"index":"index","follow":"follow","max-snippet":"max-snippet:-1","max-image-preview":"max-image-preview:large","max-video-preview":"max-video-preview:-1"},"canonical":"https:\/\/aquaforest.eu\/de\/produkte\/seawater\/aquascaping\/af-poly-glue\/","og_locale":"de_DE","og_type":"article","og_title":"AF Poly Glue - Aquaforest","og_description":"AF Poly Glue von Aquaforest: ein einzigartiger Polymerkleber zum dauerhaften Verbinden von Elementen im Aquarium. Zuverl\u00e4ssige Formel f\u00fcr starke Verbindungen und \u00e4sthetische Arrangements.","og_url":"https:\/\/aquaforest.eu\/de\/produkte\/seawater\/aquascaping\/af-poly-glue\/","og_site_name":"Aquaforest","article_publisher":"https:\/\/www.facebook.com\/Aquaforest\/","article_modified_time":"2026-05-07T15:36:12+00:00","og_image":[{"width":462,"height":600,"url":"https:\/\/aquaforest.eu\/wp-content\/uploads\/2024\/06\/AF-Poly-Glue.png","type":"image\/png"}],"twitter_card":"summary_large_image","twitter_misc":{"Gesch\u00e4tzte Lesezeit":"2\u00a0Minuten"},"schema":{"@context":"https:\/\/schema.org","@graph":[{"@type":"WebPage","@id":"https:\/\/aquaforest.eu\/de\/produkte\/seawater\/aquascaping\/af-poly-glue\/","url":"https:\/\/aquaforest.eu\/de\/produkte\/seawater\/aquascaping\/af-poly-glue\/","name":"AF Poly Glue - Aquaforest","isPartOf":{"@id":"https:\/\/aquaforest.eu\/de\/#website"},"primaryImageOfPage":{"@id":"https:\/\/aquaforest.eu\/de\/produkte\/seawater\/aquascaping\/af-poly-glue\/#primaryimage"},"image":{"@id":"https:\/\/aquaforest.eu\/de\/produkte\/seawater\/aquascaping\/af-poly-glue\/#primaryimage"},"thumbnailUrl":"https:\/\/aquaforest.eu\/wp-content\/uploads\/2024\/06\/AF-Poly-Glue.png","datePublished":"2024-06-26T00:18:10+00:00","dateModified":"2026-05-07T15:36:12+00:00","description":"AF Poly Glue von Aquaforest: ein einzigartiger Polymerkleber zum dauerhaften Verbinden von Elementen im Aquarium. Zuverl\u00e4ssige Formel f\u00fcr starke Verbindungen und \u00e4sthetische Arrangements.","breadcrumb":{"@id":"https:\/\/aquaforest.eu\/de\/produkte\/seawater\/aquascaping\/af-poly-glue\/#breadcrumb"},"inLanguage":"de","potentialAction":[{"@type":"ReadAction","target":["https:\/\/aquaforest.eu\/de\/produkte\/seawater\/aquascaping\/af-poly-glue\/"]}]},{"@type":"ImageObject","inLanguage":"de","@id":"https:\/\/aquaforest.eu\/de\/produkte\/seawater\/aquascaping\/af-poly-glue\/#primaryimage","url":"https:\/\/aquaforest.eu\/wp-content\/uploads\/2024\/06\/AF-Poly-Glue.png","contentUrl":"https:\/\/aquaforest.eu\/wp-content\/uploads\/2024\/06\/AF-Poly-Glue.png","width":462,"height":600},{"@type":"BreadcrumbList","@id":"https:\/\/aquaforest.eu\/de\/produkte\/seawater\/aquascaping\/af-poly-glue\/#breadcrumb","itemListElement":[{"@type":"ListItem","position":1,"name":"Home","item":"https:\/\/aquaforest.eu\/de\/"},{"@type":"ListItem","position":2,"name":"Produkte","item":"https:\/\/aquaforest.eu\/de\/produkte\/"},{"@type":"ListItem","position":3,"name":"AF Poly Glue"}]},{"@type":"WebSite","@id":"https:\/\/aquaforest.eu\/de\/#website","url":"https:\/\/aquaforest.eu\/de\/","name":"Aquaforest","description":"","publisher":{"@id":"https:\/\/aquaforest.eu\/de\/#organization"},"potentialAction":[{"@type":"SearchAction","target":{"@type":"EntryPoint","urlTemplate":"https:\/\/aquaforest.eu\/de\/?s={search_term_string}"},"query-input":{"@type":"PropertyValueSpecification","valueRequired":true,"valueName":"search_term_string"}}],"inLanguage":"de"},{"@type":"Organization","@id":"https:\/\/aquaforest.eu\/de\/#organization","name":"Aquaforest","url":"https:\/\/aquaforest.eu\/de\/","logo":{"@type":"ImageObject","inLanguage":"de","@id":"https:\/\/aquaforest.eu\/de\/#\/schema\/logo\/image\/","url":"https:\/\/aquaforest.eu\/wp-content\/uploads\/2024\/05\/logotyp-aquaforest.svg","contentUrl":"https:\/\/aquaforest.eu\/wp-content\/uploads\/2024\/05\/logotyp-aquaforest.svg","width":170,"height":22,"caption":"Aquaforest"},"image":{"@id":"https:\/\/aquaforest.eu\/de\/#\/schema\/logo\/image\/"},"sameAs":["https:\/\/www.facebook.com\/Aquaforest\/","https:\/\/www.instagram.com\/aquaforest.eu\/"]}]}},"_links":{"self":[{"href":"https:\/\/aquaforest.eu\/de\/wp-json\/wp\/v2\/product\/11595","targetHints":{"allow":["GET"]}}],"collection":[{"href":"https:\/\/aquaforest.eu\/de\/wp-json\/wp\/v2\/product"}],"about":[{"href":"https:\/\/aquaforest.eu\/de\/wp-json\/wp\/v2\/types\/product"}],"version-history":[{"count":1,"href":"https:\/\/aquaforest.eu\/de\/wp-json\/wp\/v2\/product\/11595\/revisions"}],"predecessor-version":[{"id":31751,"href":"https:\/\/aquaforest.eu\/de\/wp-json\/wp\/v2\/product\/11595\/revisions\/31751"}],"wp:featuredmedia":[{"embeddable":true,"href":"https:\/\/aquaforest.eu\/de\/wp-json\/wp\/v2\/media\/11712"}],"wp:attachment":[{"href":"https:\/\/aquaforest.eu\/de\/wp-json\/wp\/v2\/media?parent=11595"}],"wp:term":[{"taxonomy":"product_brand","embeddable":true,"href":"https:\/\/aquaforest.eu\/de\/wp-json\/wp\/v2\/product_brand?post=11595"},{"taxonomy":"product_cat","embeddable":true,"href":"https:\/\/aquaforest.eu\/de\/wp-json\/wp\/v2\/product_cat?post=11595"},{"taxonomy":"product_tag","embeddable":true,"href":"https:\/\/aquaforest.eu\/de\/wp-json\/wp\/v2\/product_tag?post=11595"}],"curies":[{"name":"wp","href":"https:\/\/api.w.org\/{rel}","templated":true}]}}