{"id":11596,"date":"2024-06-26T02:18:15","date_gmt":"2024-06-26T00:18:15","guid":{"rendered":"https:\/\/aquaforest.eu\/products\/unkategorisiert\/af-zoa-essen\/"},"modified":"2024-10-23T02:11:57","modified_gmt":"2024-10-23T00:11:57","slug":"af-zoa-food","status":"publish","type":"product","link":"https:\/\/aquaforest.eu\/de\/produkte\/seawater\/lebensmittel-und-nahrungsergaenzungsmittel\/af-zoa-food\/","title":{"rendered":"AF Zoa Food"},"content":{"rendered":"<p>Pulverf\u00f6rmiges Futter speziell f\u00fcr Zoanthus, Ricordea, Rhodactis und andere Pilzkorallen.<br \/>\nSorgf\u00e4ltig ausgew\u00e4hlte Pflanzenmischung, die entwickelt wurde, um alle Bed\u00fcrfnisse von Zoanthus und Pilzkorallen zu erf\u00fcllen.<br \/>\nAF Zoa Food ist mit einem speziellen Satz von Vitaminen angereichert, die perfekt auf die Bed\u00fcrfnisse dieser Korallen abgestimmt sind.<br \/>\nDurch die Vervollst\u00e4ndigung der Zusammensetzung mit einer Vitaminmischung unterst\u00fctzt AF Zoa Food ein gesundes und intensives Wachstum.<br \/>\nAF Zoa Food liefert die wichtigsten N\u00e4hrstoffe, verbessert so die F\u00e4rbung und beschleunigt die Entwicklung der Tiere. <strong>Dosierung:<\/strong> 1 Messl\u00f6ffel pro 100 l (27 US gal) Wasser.<br \/>\nF\u00fcllen Sie ein kleines Gef\u00e4\u00df mit ca.<br \/>\n20 ml Aquarienwasser, f\u00fcgen Sie einen L\u00f6ffel AF Zoa Food hinzu und mischen Sie es eine Minute lang.<br \/>\nGie\u00dfen Sie die Suspension direkt in das Aquarium oder verwenden Sie die Pipette, um ausgew\u00e4hlte Korallen zu f\u00fcttern.<br \/>\nVerwenden Sie es mindestens einmal pro Woche.<br \/>\nIn gut bepflanzten, reifen Aquarien kann das Produkt h\u00e4ufiger, sogar t\u00e4glich, verwendet werden.<br \/>\nAlle Futterpulver haben eine empfohlene Dosierung von 1 Messl\u00f6ffel pro 100 l Wasser, aber es ist wichtig, dass jedes Aquarium anders ist und die Dosierung je nach Korallenbesatz variieren kann.<br \/>\nWir empfehlen, mit der Dosierung von Futter und Nahrungserg\u00e4nzungsmitteln bei der H\u00e4lfte der Dosis (sogar \u00bc) zu beginnen und die Korallen und ihre Reaktionen auf das verabreichte Futter zu beobachten.<br \/>\nSobald das Aquarium keine Anzeichen einer \u00dcberdosierung zeigt, empfehlen wir, die Dosierung auf die Zieldosis zu erh\u00f6hen.<br \/>\nKorallen wie Zoanthus, Ricordea und andere Pilzkorallen sollten tags\u00fcber gef\u00fcttert werden.<br \/>\nUm die Nahrungsaufnahme zu erleichtern, sollten SPS- und LPS-Korallen gef\u00fcttert werden, wenn das Licht aus ist.<br \/>\nUm die beste N\u00e4hrstoffaufnahme zu gew\u00e4hrleisten, sollten alle Nahrungserg\u00e4nzungsmittel und Futtermittel f\u00fcr Korallen direkt in das Aquarium gegeben werden.<br \/>\nW\u00e4hrend der F\u00fctterung empfehlen wir, den Absch\u00e4umer f\u00fcr etwa eine Stunde abzuschalten.<\/p>\n","protected":false},"excerpt":{"rendered":"<p>Sorgf\u00e4ltig ausgew\u00e4hlte Pflanzenmischung, die entwickelt wurde, um alle Bed\u00fcrfnisse von Zoanthus und Pilzkorallen zu erf\u00fcllen.<\/p>\n","protected":false},"featured_media":11601,"template":"","meta":{"_acf_changed":false,"content-type":""},"product_brand":[],"product_cat":[1152],"product_tag":[966,1104,1120],"class_list":{"0":"post-11596","1":"product","2":"type-product","3":"status-publish","4":"has-post-thumbnail","6":"product_cat-lebensmittel-und-nahrungsergaenzungsmittel","7":"product_tag-aquaforest-de","8":"product_tag-lebensmittel-und-nahrungserganzungsmittel","9":"product_tag-meerwasser-aquarien","11":"first","12":"instock","13":"taxable","14":"shipping-taxable","15":"purchasable","16":"product-type-simple"},"acf":[],"yoast_head":"<!-- This site is optimized with the Yoast SEO plugin v27.1.1 - https:\/\/yoast.com\/product\/yoast-seo-wordpress\/ -->\n<title>AF Zoa Food - Aquaforest<\/title>\n<meta name=\"description\" content=\"AF Zoa Food von Aquaforest: Spezialfutter f\u00fcr Zoanthus und andere Korallen, angereichert mit wichtigen N\u00e4hrstoffen. Einzigartige Formel f\u00fcr gesundes Wachstum und intensive F\u00e4rbung.\" \/>\n<meta name=\"robots\" content=\"index, follow, max-snippet:-1, max-image-preview:large, max-video-preview:-1\" \/>\n<link rel=\"canonical\" href=\"https:\/\/aquaforest.eu\/de\/produkte\/seawater\/lebensmittel-und-nahrungsergaenzungsmittel\/af-zoa-food\/\" \/>\n<meta property=\"og:locale\" content=\"de_DE\" \/>\n<meta property=\"og:type\" content=\"article\" \/>\n<meta property=\"og:title\" content=\"AF Zoa Food - Aquaforest\" \/>\n<meta property=\"og:description\" content=\"AF Zoa Food von Aquaforest: Spezialfutter f\u00fcr Zoanthus und andere Korallen, angereichert mit wichtigen N\u00e4hrstoffen. Einzigartige Formel f\u00fcr gesundes Wachstum und intensive F\u00e4rbung.\" \/>\n<meta property=\"og:url\" content=\"https:\/\/aquaforest.eu\/de\/produkte\/seawater\/lebensmittel-und-nahrungsergaenzungsmittel\/af-zoa-food\/\" \/>\n<meta property=\"og:site_name\" content=\"Aquaforest\" \/>\n<meta property=\"article:publisher\" content=\"https:\/\/www.facebook.com\/Aquaforest\/\" \/>\n<meta property=\"article:modified_time\" content=\"2024-10-23T00:11:57+00:00\" \/>\n<meta property=\"og:image\" content=\"https:\/\/aquaforest.eu\/wp-content\/uploads\/2024\/06\/AF-Zoa-Food.png\" \/>\n\t<meta property=\"og:image:width\" content=\"570\" \/>\n\t<meta property=\"og:image:height\" content=\"600\" \/>\n\t<meta property=\"og:image:type\" content=\"image\/png\" \/>\n<meta name=\"twitter:card\" content=\"summary_large_image\" \/>\n<meta name=\"twitter:label1\" content=\"Gesch\u00e4tzte Lesezeit\" \/>\n\t<meta name=\"twitter:data1\" content=\"2\u00a0Minuten\" \/>\n<script type=\"application\/ld+json\" class=\"yoast-schema-graph\">{\"@context\":\"https:\/\/schema.org\",\"@graph\":[{\"@type\":\"WebPage\",\"@id\":\"https:\/\/aquaforest.eu\/de\/produkte\/seawater\/lebensmittel-und-nahrungsergaenzungsmittel\/af-zoa-food\/\",\"url\":\"https:\/\/aquaforest.eu\/de\/produkte\/seawater\/lebensmittel-und-nahrungsergaenzungsmittel\/af-zoa-food\/\",\"name\":\"AF Zoa Food - Aquaforest\",\"isPartOf\":{\"@id\":\"https:\/\/aquaforest.eu\/de\/#website\"},\"primaryImageOfPage\":{\"@id\":\"https:\/\/aquaforest.eu\/de\/produkte\/seawater\/lebensmittel-und-nahrungsergaenzungsmittel\/af-zoa-food\/#primaryimage\"},\"image\":{\"@id\":\"https:\/\/aquaforest.eu\/de\/produkte\/seawater\/lebensmittel-und-nahrungsergaenzungsmittel\/af-zoa-food\/#primaryimage\"},\"thumbnailUrl\":\"https:\/\/aquaforest.eu\/wp-content\/uploads\/2024\/06\/AF-Zoa-Food.png\",\"datePublished\":\"2024-06-26T00:18:15+00:00\",\"dateModified\":\"2024-10-23T00:11:57+00:00\",\"description\":\"AF Zoa Food von Aquaforest: Spezialfutter f\u00fcr Zoanthus und andere Korallen, angereichert mit wichtigen N\u00e4hrstoffen. Einzigartige Formel f\u00fcr gesundes Wachstum und intensive F\u00e4rbung.\",\"breadcrumb\":{\"@id\":\"https:\/\/aquaforest.eu\/de\/produkte\/seawater\/lebensmittel-und-nahrungsergaenzungsmittel\/af-zoa-food\/#breadcrumb\"},\"inLanguage\":\"de\",\"potentialAction\":[{\"@type\":\"ReadAction\",\"target\":[\"https:\/\/aquaforest.eu\/de\/produkte\/seawater\/lebensmittel-und-nahrungsergaenzungsmittel\/af-zoa-food\/\"]}]},{\"@type\":\"ImageObject\",\"inLanguage\":\"de\",\"@id\":\"https:\/\/aquaforest.eu\/de\/produkte\/seawater\/lebensmittel-und-nahrungsergaenzungsmittel\/af-zoa-food\/#primaryimage\",\"url\":\"https:\/\/aquaforest.eu\/wp-content\/uploads\/2024\/06\/AF-Zoa-Food.png\",\"contentUrl\":\"https:\/\/aquaforest.eu\/wp-content\/uploads\/2024\/06\/AF-Zoa-Food.png\",\"width\":570,\"height\":600},{\"@type\":\"BreadcrumbList\",\"@id\":\"https:\/\/aquaforest.eu\/de\/produkte\/seawater\/lebensmittel-und-nahrungsergaenzungsmittel\/af-zoa-food\/#breadcrumb\",\"itemListElement\":[{\"@type\":\"ListItem\",\"position\":1,\"name\":\"Home\",\"item\":\"https:\/\/aquaforest.eu\/de\/\"},{\"@type\":\"ListItem\",\"position\":2,\"name\":\"Produkte\",\"item\":\"https:\/\/aquaforest.eu\/de\/produkte\/\"},{\"@type\":\"ListItem\",\"position\":3,\"name\":\"AF Zoa Food\"}]},{\"@type\":\"WebSite\",\"@id\":\"https:\/\/aquaforest.eu\/de\/#website\",\"url\":\"https:\/\/aquaforest.eu\/de\/\",\"name\":\"Aquaforest\",\"description\":\"\",\"publisher\":{\"@id\":\"https:\/\/aquaforest.eu\/de\/#organization\"},\"potentialAction\":[{\"@type\":\"SearchAction\",\"target\":{\"@type\":\"EntryPoint\",\"urlTemplate\":\"https:\/\/aquaforest.eu\/de\/?s={search_term_string}\"},\"query-input\":{\"@type\":\"PropertyValueSpecification\",\"valueRequired\":true,\"valueName\":\"search_term_string\"}}],\"inLanguage\":\"de\"},{\"@type\":\"Organization\",\"@id\":\"https:\/\/aquaforest.eu\/de\/#organization\",\"name\":\"Aquaforest\",\"url\":\"https:\/\/aquaforest.eu\/de\/\",\"logo\":{\"@type\":\"ImageObject\",\"inLanguage\":\"de\",\"@id\":\"https:\/\/aquaforest.eu\/de\/#\/schema\/logo\/image\/\",\"url\":\"https:\/\/aquaforest.eu\/wp-content\/uploads\/2024\/05\/logotyp-aquaforest.svg\",\"contentUrl\":\"https:\/\/aquaforest.eu\/wp-content\/uploads\/2024\/05\/logotyp-aquaforest.svg\",\"width\":170,\"height\":22,\"caption\":\"Aquaforest\"},\"image\":{\"@id\":\"https:\/\/aquaforest.eu\/de\/#\/schema\/logo\/image\/\"},\"sameAs\":[\"https:\/\/www.facebook.com\/Aquaforest\/\",\"https:\/\/www.instagram.com\/aquaforest.eu\/\"]}]}<\/script>\n<!-- \/ Yoast SEO plugin. -->","yoast_head_json":{"title":"AF Zoa Food - Aquaforest","description":"AF Zoa Food von Aquaforest: Spezialfutter f\u00fcr Zoanthus und andere Korallen, angereichert mit wichtigen N\u00e4hrstoffen. Einzigartige Formel f\u00fcr gesundes Wachstum und intensive F\u00e4rbung.","robots":{"index":"index","follow":"follow","max-snippet":"max-snippet:-1","max-image-preview":"max-image-preview:large","max-video-preview":"max-video-preview:-1"},"canonical":"https:\/\/aquaforest.eu\/de\/produkte\/seawater\/lebensmittel-und-nahrungsergaenzungsmittel\/af-zoa-food\/","og_locale":"de_DE","og_type":"article","og_title":"AF Zoa Food - Aquaforest","og_description":"AF Zoa Food von Aquaforest: Spezialfutter f\u00fcr Zoanthus und andere Korallen, angereichert mit wichtigen N\u00e4hrstoffen. Einzigartige Formel f\u00fcr gesundes Wachstum und intensive F\u00e4rbung.","og_url":"https:\/\/aquaforest.eu\/de\/produkte\/seawater\/lebensmittel-und-nahrungsergaenzungsmittel\/af-zoa-food\/","og_site_name":"Aquaforest","article_publisher":"https:\/\/www.facebook.com\/Aquaforest\/","article_modified_time":"2024-10-23T00:11:57+00:00","og_image":[{"width":570,"height":600,"url":"https:\/\/aquaforest.eu\/wp-content\/uploads\/2024\/06\/AF-Zoa-Food.png","type":"image\/png"}],"twitter_card":"summary_large_image","twitter_misc":{"Gesch\u00e4tzte Lesezeit":"2\u00a0Minuten"},"schema":{"@context":"https:\/\/schema.org","@graph":[{"@type":"WebPage","@id":"https:\/\/aquaforest.eu\/de\/produkte\/seawater\/lebensmittel-und-nahrungsergaenzungsmittel\/af-zoa-food\/","url":"https:\/\/aquaforest.eu\/de\/produkte\/seawater\/lebensmittel-und-nahrungsergaenzungsmittel\/af-zoa-food\/","name":"AF Zoa Food - Aquaforest","isPartOf":{"@id":"https:\/\/aquaforest.eu\/de\/#website"},"primaryImageOfPage":{"@id":"https:\/\/aquaforest.eu\/de\/produkte\/seawater\/lebensmittel-und-nahrungsergaenzungsmittel\/af-zoa-food\/#primaryimage"},"image":{"@id":"https:\/\/aquaforest.eu\/de\/produkte\/seawater\/lebensmittel-und-nahrungsergaenzungsmittel\/af-zoa-food\/#primaryimage"},"thumbnailUrl":"https:\/\/aquaforest.eu\/wp-content\/uploads\/2024\/06\/AF-Zoa-Food.png","datePublished":"2024-06-26T00:18:15+00:00","dateModified":"2024-10-23T00:11:57+00:00","description":"AF Zoa Food von Aquaforest: Spezialfutter f\u00fcr Zoanthus und andere Korallen, angereichert mit wichtigen N\u00e4hrstoffen. Einzigartige Formel f\u00fcr gesundes Wachstum und intensive F\u00e4rbung.","breadcrumb":{"@id":"https:\/\/aquaforest.eu\/de\/produkte\/seawater\/lebensmittel-und-nahrungsergaenzungsmittel\/af-zoa-food\/#breadcrumb"},"inLanguage":"de","potentialAction":[{"@type":"ReadAction","target":["https:\/\/aquaforest.eu\/de\/produkte\/seawater\/lebensmittel-und-nahrungsergaenzungsmittel\/af-zoa-food\/"]}]},{"@type":"ImageObject","inLanguage":"de","@id":"https:\/\/aquaforest.eu\/de\/produkte\/seawater\/lebensmittel-und-nahrungsergaenzungsmittel\/af-zoa-food\/#primaryimage","url":"https:\/\/aquaforest.eu\/wp-content\/uploads\/2024\/06\/AF-Zoa-Food.png","contentUrl":"https:\/\/aquaforest.eu\/wp-content\/uploads\/2024\/06\/AF-Zoa-Food.png","width":570,"height":600},{"@type":"BreadcrumbList","@id":"https:\/\/aquaforest.eu\/de\/produkte\/seawater\/lebensmittel-und-nahrungsergaenzungsmittel\/af-zoa-food\/#breadcrumb","itemListElement":[{"@type":"ListItem","position":1,"name":"Home","item":"https:\/\/aquaforest.eu\/de\/"},{"@type":"ListItem","position":2,"name":"Produkte","item":"https:\/\/aquaforest.eu\/de\/produkte\/"},{"@type":"ListItem","position":3,"name":"AF Zoa Food"}]},{"@type":"WebSite","@id":"https:\/\/aquaforest.eu\/de\/#website","url":"https:\/\/aquaforest.eu\/de\/","name":"Aquaforest","description":"","publisher":{"@id":"https:\/\/aquaforest.eu\/de\/#organization"},"potentialAction":[{"@type":"SearchAction","target":{"@type":"EntryPoint","urlTemplate":"https:\/\/aquaforest.eu\/de\/?s={search_term_string}"},"query-input":{"@type":"PropertyValueSpecification","valueRequired":true,"valueName":"search_term_string"}}],"inLanguage":"de"},{"@type":"Organization","@id":"https:\/\/aquaforest.eu\/de\/#organization","name":"Aquaforest","url":"https:\/\/aquaforest.eu\/de\/","logo":{"@type":"ImageObject","inLanguage":"de","@id":"https:\/\/aquaforest.eu\/de\/#\/schema\/logo\/image\/","url":"https:\/\/aquaforest.eu\/wp-content\/uploads\/2024\/05\/logotyp-aquaforest.svg","contentUrl":"https:\/\/aquaforest.eu\/wp-content\/uploads\/2024\/05\/logotyp-aquaforest.svg","width":170,"height":22,"caption":"Aquaforest"},"image":{"@id":"https:\/\/aquaforest.eu\/de\/#\/schema\/logo\/image\/"},"sameAs":["https:\/\/www.facebook.com\/Aquaforest\/","https:\/\/www.instagram.com\/aquaforest.eu\/"]}]}},"_links":{"self":[{"href":"https:\/\/aquaforest.eu\/de\/wp-json\/wp\/v2\/product\/11596","targetHints":{"allow":["GET"]}}],"collection":[{"href":"https:\/\/aquaforest.eu\/de\/wp-json\/wp\/v2\/product"}],"about":[{"href":"https:\/\/aquaforest.eu\/de\/wp-json\/wp\/v2\/types\/product"}],"version-history":[{"count":0,"href":"https:\/\/aquaforest.eu\/de\/wp-json\/wp\/v2\/product\/11596\/revisions"}],"wp:featuredmedia":[{"embeddable":true,"href":"https:\/\/aquaforest.eu\/de\/wp-json\/wp\/v2\/media\/11601"}],"wp:attachment":[{"href":"https:\/\/aquaforest.eu\/de\/wp-json\/wp\/v2\/media?parent=11596"}],"wp:term":[{"taxonomy":"product_brand","embeddable":true,"href":"https:\/\/aquaforest.eu\/de\/wp-json\/wp\/v2\/product_brand?post=11596"},{"taxonomy":"product_cat","embeddable":true,"href":"https:\/\/aquaforest.eu\/de\/wp-json\/wp\/v2\/product_cat?post=11596"},{"taxonomy":"product_tag","embeddable":true,"href":"https:\/\/aquaforest.eu\/de\/wp-json\/wp\/v2\/product_tag?post=11596"}],"curies":[{"name":"wp","href":"https:\/\/api.w.org\/{rel}","templated":true}]}}