{"id":11597,"date":"2024-06-26T02:18:11","date_gmt":"2024-06-26T00:18:11","guid":{"rendered":"https:\/\/aquaforest.eu\/products\/unkategorisiert\/af-gel-fix\/"},"modified":"2026-05-07T14:52:52","modified_gmt":"2026-05-07T12:52:52","slug":"af-gel-fix","status":"publish","type":"product","link":"https:\/\/aquaforest.eu\/de\/produkte\/seawater\/aquascaping\/af-gel-fix\/","title":{"rendered":"AF Gel Fix"},"content":{"rendered":"<p>AF Gel Fix ist ein schnelles und langanhaltendes Gel zum Verkleben von Korallenstecklingen. AF Gel Fix wurde f\u00fcr das pr\u00e4zise Verkleben von kleinen Elementen entwickelt. Dank der Dichte von AF Gel Fix lassen sich Korallenfragmente einfach und m\u00fchelos auf Felsen oder D\u00fcbel kleben. Das Gel enth\u00e4lt keine Giftstoffe, die f\u00fcr Meeresbewohner gef\u00e4hrlich sind. Klebt in 10 Sekunden.<\/p>\n<hr \/>\n<h3><strong>Wie zu verwenden:<\/strong><\/h3>\n<p>Vor Gebrauch sch\u00fctteln. Tragen Sie eine kleine Menge AF Gel Fix auf die Oberfl\u00e4che auf, auf die Sie die Korallenfragmente kleben m\u00f6chten, und kleben Sie sie sofort an die gew\u00fcnschte Stelle. Lassen Sie es 3 Minuten lang trocknen. Nach der angegebenen Zeit k\u00f6nnen Sie die Korallenfragmente in das Aquarium setzen.<\/p>\n","protected":false},"excerpt":{"rendered":"<p>Sehr dichter Gelkleber f\u00fcr die pr\u00e4zise Befestigung von Korallen.<br \/>\nSpeziell f\u00fcr kleine Elemente entwickelt.<\/p>\n","protected":false},"featured_media":11695,"template":"","meta":{"_acf_changed":false,"content-type":""},"product_brand":[],"product_cat":[1149],"product_tag":[966,1099,1120,1633],"class_list":{"0":"post-11597","1":"product","2":"type-product","3":"status-publish","4":"has-post-thumbnail","6":"product_cat-aquascaping","7":"product_tag-aquaforest-de","8":"product_tag-aquascaping-de","9":"product_tag-meerwasser-aquarien","10":"product_tag-simple-de","12":"first","13":"instock","14":"taxable","15":"shipping-taxable","16":"purchasable","17":"product-type-simple"},"acf":[],"yoast_head":"<!-- This site is optimized with the Yoast SEO plugin v27.1.1 - https:\/\/yoast.com\/product\/yoast-seo-wordpress\/ -->\n<title>AF Gel Fix - Aquaforest<\/title>\n<meta name=\"description\" content=\"AF Gel Fix von Aquaforest: innovativer Gelkleber f\u00fcr die pr\u00e4zise Befestigung von Korallen und anderen Elementen im Aquarium. Einzigartige Formel f\u00fcr dauerhafte und \u00e4sthetische L\u00f6sungen.\" \/>\n<meta name=\"robots\" content=\"index, follow, max-snippet:-1, max-image-preview:large, max-video-preview:-1\" \/>\n<link rel=\"canonical\" href=\"https:\/\/aquaforest.eu\/de\/produkte\/seawater\/aquascaping\/af-gel-fix\/\" \/>\n<meta property=\"og:locale\" content=\"de_DE\" \/>\n<meta property=\"og:type\" content=\"article\" \/>\n<meta property=\"og:title\" content=\"AF Gel Fix - Aquaforest\" \/>\n<meta property=\"og:description\" content=\"AF Gel Fix von Aquaforest: innovativer Gelkleber f\u00fcr die pr\u00e4zise Befestigung von Korallen und anderen Elementen im Aquarium. Einzigartige Formel f\u00fcr dauerhafte und \u00e4sthetische L\u00f6sungen.\" \/>\n<meta property=\"og:url\" content=\"https:\/\/aquaforest.eu\/de\/produkte\/seawater\/aquascaping\/af-gel-fix\/\" \/>\n<meta property=\"og:site_name\" content=\"Aquaforest\" \/>\n<meta property=\"article:publisher\" content=\"https:\/\/www.facebook.com\/Aquaforest\/\" \/>\n<meta property=\"article:modified_time\" content=\"2026-05-07T12:52:52+00:00\" \/>\n<meta property=\"og:image\" content=\"https:\/\/aquaforest.eu\/wp-content\/uploads\/2024\/06\/AF-Gel-Fix.png\" \/>\n\t<meta property=\"og:image:width\" content=\"579\" \/>\n\t<meta property=\"og:image:height\" content=\"600\" \/>\n\t<meta property=\"og:image:type\" content=\"image\/png\" \/>\n<meta name=\"twitter:card\" content=\"summary_large_image\" \/>\n<meta name=\"twitter:label1\" content=\"Gesch\u00e4tzte Lesezeit\" \/>\n\t<meta name=\"twitter:data1\" content=\"1\u00a0Minute\" \/>\n<script type=\"application\/ld+json\" class=\"yoast-schema-graph\">{\"@context\":\"https:\/\/schema.org\",\"@graph\":[{\"@type\":\"WebPage\",\"@id\":\"https:\/\/aquaforest.eu\/de\/produkte\/seawater\/aquascaping\/af-gel-fix\/\",\"url\":\"https:\/\/aquaforest.eu\/de\/produkte\/seawater\/aquascaping\/af-gel-fix\/\",\"name\":\"AF Gel Fix - Aquaforest\",\"isPartOf\":{\"@id\":\"https:\/\/aquaforest.eu\/de\/#website\"},\"primaryImageOfPage\":{\"@id\":\"https:\/\/aquaforest.eu\/de\/produkte\/seawater\/aquascaping\/af-gel-fix\/#primaryimage\"},\"image\":{\"@id\":\"https:\/\/aquaforest.eu\/de\/produkte\/seawater\/aquascaping\/af-gel-fix\/#primaryimage\"},\"thumbnailUrl\":\"https:\/\/aquaforest.eu\/wp-content\/uploads\/2024\/06\/AF-Gel-Fix.png\",\"datePublished\":\"2024-06-26T00:18:11+00:00\",\"dateModified\":\"2026-05-07T12:52:52+00:00\",\"description\":\"AF Gel Fix von Aquaforest: innovativer Gelkleber f\u00fcr die pr\u00e4zise Befestigung von Korallen und anderen Elementen im Aquarium. Einzigartige Formel f\u00fcr dauerhafte und \u00e4sthetische L\u00f6sungen.\",\"breadcrumb\":{\"@id\":\"https:\/\/aquaforest.eu\/de\/produkte\/seawater\/aquascaping\/af-gel-fix\/#breadcrumb\"},\"inLanguage\":\"de\",\"potentialAction\":[{\"@type\":\"ReadAction\",\"target\":[\"https:\/\/aquaforest.eu\/de\/produkte\/seawater\/aquascaping\/af-gel-fix\/\"]}]},{\"@type\":\"ImageObject\",\"inLanguage\":\"de\",\"@id\":\"https:\/\/aquaforest.eu\/de\/produkte\/seawater\/aquascaping\/af-gel-fix\/#primaryimage\",\"url\":\"https:\/\/aquaforest.eu\/wp-content\/uploads\/2024\/06\/AF-Gel-Fix.png\",\"contentUrl\":\"https:\/\/aquaforest.eu\/wp-content\/uploads\/2024\/06\/AF-Gel-Fix.png\",\"width\":579,\"height\":600},{\"@type\":\"BreadcrumbList\",\"@id\":\"https:\/\/aquaforest.eu\/de\/produkte\/seawater\/aquascaping\/af-gel-fix\/#breadcrumb\",\"itemListElement\":[{\"@type\":\"ListItem\",\"position\":1,\"name\":\"Home\",\"item\":\"https:\/\/aquaforest.eu\/de\/\"},{\"@type\":\"ListItem\",\"position\":2,\"name\":\"Produkte\",\"item\":\"https:\/\/aquaforest.eu\/de\/produkte\/\"},{\"@type\":\"ListItem\",\"position\":3,\"name\":\"AF Gel Fix\"}]},{\"@type\":\"WebSite\",\"@id\":\"https:\/\/aquaforest.eu\/de\/#website\",\"url\":\"https:\/\/aquaforest.eu\/de\/\",\"name\":\"Aquaforest\",\"description\":\"\",\"publisher\":{\"@id\":\"https:\/\/aquaforest.eu\/de\/#organization\"},\"potentialAction\":[{\"@type\":\"SearchAction\",\"target\":{\"@type\":\"EntryPoint\",\"urlTemplate\":\"https:\/\/aquaforest.eu\/de\/?s={search_term_string}\"},\"query-input\":{\"@type\":\"PropertyValueSpecification\",\"valueRequired\":true,\"valueName\":\"search_term_string\"}}],\"inLanguage\":\"de\"},{\"@type\":\"Organization\",\"@id\":\"https:\/\/aquaforest.eu\/de\/#organization\",\"name\":\"Aquaforest\",\"url\":\"https:\/\/aquaforest.eu\/de\/\",\"logo\":{\"@type\":\"ImageObject\",\"inLanguage\":\"de\",\"@id\":\"https:\/\/aquaforest.eu\/de\/#\/schema\/logo\/image\/\",\"url\":\"https:\/\/aquaforest.eu\/wp-content\/uploads\/2024\/05\/logotyp-aquaforest.svg\",\"contentUrl\":\"https:\/\/aquaforest.eu\/wp-content\/uploads\/2024\/05\/logotyp-aquaforest.svg\",\"width\":170,\"height\":22,\"caption\":\"Aquaforest\"},\"image\":{\"@id\":\"https:\/\/aquaforest.eu\/de\/#\/schema\/logo\/image\/\"},\"sameAs\":[\"https:\/\/www.facebook.com\/Aquaforest\/\",\"https:\/\/www.instagram.com\/aquaforest.eu\/\"]}]}<\/script>\n<!-- \/ Yoast SEO plugin. -->","yoast_head_json":{"title":"AF Gel Fix - Aquaforest","description":"AF Gel Fix von Aquaforest: innovativer Gelkleber f\u00fcr die pr\u00e4zise Befestigung von Korallen und anderen Elementen im Aquarium. Einzigartige Formel f\u00fcr dauerhafte und \u00e4sthetische L\u00f6sungen.","robots":{"index":"index","follow":"follow","max-snippet":"max-snippet:-1","max-image-preview":"max-image-preview:large","max-video-preview":"max-video-preview:-1"},"canonical":"https:\/\/aquaforest.eu\/de\/produkte\/seawater\/aquascaping\/af-gel-fix\/","og_locale":"de_DE","og_type":"article","og_title":"AF Gel Fix - Aquaforest","og_description":"AF Gel Fix von Aquaforest: innovativer Gelkleber f\u00fcr die pr\u00e4zise Befestigung von Korallen und anderen Elementen im Aquarium. Einzigartige Formel f\u00fcr dauerhafte und \u00e4sthetische L\u00f6sungen.","og_url":"https:\/\/aquaforest.eu\/de\/produkte\/seawater\/aquascaping\/af-gel-fix\/","og_site_name":"Aquaforest","article_publisher":"https:\/\/www.facebook.com\/Aquaforest\/","article_modified_time":"2026-05-07T12:52:52+00:00","og_image":[{"width":579,"height":600,"url":"https:\/\/aquaforest.eu\/wp-content\/uploads\/2024\/06\/AF-Gel-Fix.png","type":"image\/png"}],"twitter_card":"summary_large_image","twitter_misc":{"Gesch\u00e4tzte Lesezeit":"1\u00a0Minute"},"schema":{"@context":"https:\/\/schema.org","@graph":[{"@type":"WebPage","@id":"https:\/\/aquaforest.eu\/de\/produkte\/seawater\/aquascaping\/af-gel-fix\/","url":"https:\/\/aquaforest.eu\/de\/produkte\/seawater\/aquascaping\/af-gel-fix\/","name":"AF Gel Fix - Aquaforest","isPartOf":{"@id":"https:\/\/aquaforest.eu\/de\/#website"},"primaryImageOfPage":{"@id":"https:\/\/aquaforest.eu\/de\/produkte\/seawater\/aquascaping\/af-gel-fix\/#primaryimage"},"image":{"@id":"https:\/\/aquaforest.eu\/de\/produkte\/seawater\/aquascaping\/af-gel-fix\/#primaryimage"},"thumbnailUrl":"https:\/\/aquaforest.eu\/wp-content\/uploads\/2024\/06\/AF-Gel-Fix.png","datePublished":"2024-06-26T00:18:11+00:00","dateModified":"2026-05-07T12:52:52+00:00","description":"AF Gel Fix von Aquaforest: innovativer Gelkleber f\u00fcr die pr\u00e4zise Befestigung von Korallen und anderen Elementen im Aquarium. Einzigartige Formel f\u00fcr dauerhafte und \u00e4sthetische L\u00f6sungen.","breadcrumb":{"@id":"https:\/\/aquaforest.eu\/de\/produkte\/seawater\/aquascaping\/af-gel-fix\/#breadcrumb"},"inLanguage":"de","potentialAction":[{"@type":"ReadAction","target":["https:\/\/aquaforest.eu\/de\/produkte\/seawater\/aquascaping\/af-gel-fix\/"]}]},{"@type":"ImageObject","inLanguage":"de","@id":"https:\/\/aquaforest.eu\/de\/produkte\/seawater\/aquascaping\/af-gel-fix\/#primaryimage","url":"https:\/\/aquaforest.eu\/wp-content\/uploads\/2024\/06\/AF-Gel-Fix.png","contentUrl":"https:\/\/aquaforest.eu\/wp-content\/uploads\/2024\/06\/AF-Gel-Fix.png","width":579,"height":600},{"@type":"BreadcrumbList","@id":"https:\/\/aquaforest.eu\/de\/produkte\/seawater\/aquascaping\/af-gel-fix\/#breadcrumb","itemListElement":[{"@type":"ListItem","position":1,"name":"Home","item":"https:\/\/aquaforest.eu\/de\/"},{"@type":"ListItem","position":2,"name":"Produkte","item":"https:\/\/aquaforest.eu\/de\/produkte\/"},{"@type":"ListItem","position":3,"name":"AF Gel Fix"}]},{"@type":"WebSite","@id":"https:\/\/aquaforest.eu\/de\/#website","url":"https:\/\/aquaforest.eu\/de\/","name":"Aquaforest","description":"","publisher":{"@id":"https:\/\/aquaforest.eu\/de\/#organization"},"potentialAction":[{"@type":"SearchAction","target":{"@type":"EntryPoint","urlTemplate":"https:\/\/aquaforest.eu\/de\/?s={search_term_string}"},"query-input":{"@type":"PropertyValueSpecification","valueRequired":true,"valueName":"search_term_string"}}],"inLanguage":"de"},{"@type":"Organization","@id":"https:\/\/aquaforest.eu\/de\/#organization","name":"Aquaforest","url":"https:\/\/aquaforest.eu\/de\/","logo":{"@type":"ImageObject","inLanguage":"de","@id":"https:\/\/aquaforest.eu\/de\/#\/schema\/logo\/image\/","url":"https:\/\/aquaforest.eu\/wp-content\/uploads\/2024\/05\/logotyp-aquaforest.svg","contentUrl":"https:\/\/aquaforest.eu\/wp-content\/uploads\/2024\/05\/logotyp-aquaforest.svg","width":170,"height":22,"caption":"Aquaforest"},"image":{"@id":"https:\/\/aquaforest.eu\/de\/#\/schema\/logo\/image\/"},"sameAs":["https:\/\/www.facebook.com\/Aquaforest\/","https:\/\/www.instagram.com\/aquaforest.eu\/"]}]}},"_links":{"self":[{"href":"https:\/\/aquaforest.eu\/de\/wp-json\/wp\/v2\/product\/11597","targetHints":{"allow":["GET"]}}],"collection":[{"href":"https:\/\/aquaforest.eu\/de\/wp-json\/wp\/v2\/product"}],"about":[{"href":"https:\/\/aquaforest.eu\/de\/wp-json\/wp\/v2\/types\/product"}],"version-history":[{"count":1,"href":"https:\/\/aquaforest.eu\/de\/wp-json\/wp\/v2\/product\/11597\/revisions"}],"predecessor-version":[{"id":31718,"href":"https:\/\/aquaforest.eu\/de\/wp-json\/wp\/v2\/product\/11597\/revisions\/31718"}],"wp:featuredmedia":[{"embeddable":true,"href":"https:\/\/aquaforest.eu\/de\/wp-json\/wp\/v2\/media\/11695"}],"wp:attachment":[{"href":"https:\/\/aquaforest.eu\/de\/wp-json\/wp\/v2\/media?parent=11597"}],"wp:term":[{"taxonomy":"product_brand","embeddable":true,"href":"https:\/\/aquaforest.eu\/de\/wp-json\/wp\/v2\/product_brand?post=11597"},{"taxonomy":"product_cat","embeddable":true,"href":"https:\/\/aquaforest.eu\/de\/wp-json\/wp\/v2\/product_cat?post=11597"},{"taxonomy":"product_tag","embeddable":true,"href":"https:\/\/aquaforest.eu\/de\/wp-json\/wp\/v2\/product_tag?post=11597"}],"curies":[{"name":"wp","href":"https:\/\/api.w.org\/{rel}","templated":true}]}}