{"id":11609,"date":"2024-06-26T02:18:10","date_gmt":"2024-06-26T00:18:10","guid":{"rendered":"https:\/\/aquaforest.eu\/products\/unkategorisiert\/af130-medienreaktor\/"},"modified":"2024-10-23T02:05:25","modified_gmt":"2024-10-23T00:05:25","slug":"af130-media-reactor","status":"publish","type":"product","link":"https:\/\/aquaforest.eu\/de\/produkte\/seawater\/aquarienausstattung\/af130-media-reactor\/","title":{"rendered":"AF130 Media Reactor"},"content":{"rendered":"<p>Der universelle Fluidisierungsfilter von h\u00f6chster Qualit\u00e4t, der f\u00fcr die Verwendung mit verschiedenen Filtrationsmedien konzipiert ist.<br \/>\nFunktioniert mit Aktivkohle, Phosphatadsorbern und Zeolithen.<br \/>\nEr wurde von Ingenieuren und Aquarianern entwickelt und bietet selbst in den anspruchsvollsten Meerwasseraquarien die effizienteste Filterung.<br \/>\nDurch das einzigartige Design und die h\u00f6chste Dichtigkeit kann der Reaktor sowohl im Sumpf als auch au\u00dferhalb des Aquariums aufgestellt werden.<br \/>\nDaher funktioniert er auch hervorragend, wenn im Sumpf kein Platz f\u00fcr den Filter vorhanden ist.<br \/>\nDurch die Verwendung der besten Materialien ist er resistent gegen Kratzer und Verf\u00e4rbungen.<br \/>\nDas ergonomische Design und das Smart-Twist-System sorgen f\u00fcr eine bequeme Handhabung und garantieren einen einfachen und effizienten Austausch der Filtermedien.<br \/>\nInterne Schw\u00e4mme verhindern, dass das Filtermedium ins Wasser gelangt.<br \/>\nWir empfehlen die Verwendung der optimalen Mischung von Aquaforest-Filtermedien (Carbon, Phosphate Minus, Zeo Mix). <strong>Merkmale:<\/strong><\/p>\n<ul>\n<li>Bequeme Smart-Twist-\u00d6ffnung<\/li>\n<li>Easy-Change-System &#8211; einfacher Medienwechsel<\/li>\n<li>H\u00f6he der Siebe einstellbar<\/li>\n<li>Vollst\u00e4ndig auslaufsicheres Arbeiten au\u00dferhalb des Sumpfes<\/li>\n<li>Inklusive Schlauchenden<\/li>\n<li>Widerstandsf\u00e4hig gegen Kratzer und Verf\u00e4rbungen<\/li>\n<\/ul>\n<p><strong>Abmessungen:<\/strong> Fassungsverm\u00f6gen: 5000 ml (169 fl. oz.) H\u00f6he: 45,5 cm (17,9\u2033) Durchmesser der Basis: 16,3 cm (6,4\u2033) Durchmesser des Acrylrohrs: 133 mm (5,2\u2033) Durchmesser der Anschl\u00fcsse: 23 mm (1\u2033)<\/p>\n","protected":false},"excerpt":{"rendered":"<p>Der hochwertigste Fluidisierungsfilter.<br \/>\nFunktioniert mit Aktivkohle, Phosphatadsorptionsmitteln und Zeolithen.<\/p>\n","protected":false},"featured_media":11614,"template":"","meta":{"_acf_changed":false,"content-type":""},"product_brand":[],"product_cat":[1148],"product_tag":[966,1102,1120,1633],"class_list":{"0":"post-11609","1":"product","2":"type-product","3":"status-publish","4":"has-post-thumbnail","6":"product_cat-aquarienausstattung","7":"product_tag-aquaforest-de","8":"product_tag-aquarienausstattung","9":"product_tag-meerwasser-aquarien","10":"product_tag-simple-de","12":"first","13":"instock","14":"taxable","15":"shipping-taxable","16":"purchasable","17":"product-type-simple"},"acf":[],"yoast_head":"<!-- This site is optimized with the Yoast SEO plugin v27.1.1 - https:\/\/yoast.com\/product\/yoast-seo-wordpress\/ -->\n<title>AF130 Media Reactor - Aquaforest<\/title>\n<meta name=\"description\" content=\"AF130 Media Reactor - Der universelle Durchflussfilter h\u00f6chster Qualit\u00e4t zur Verwendung mit verschiedenen Filtermedien.\" \/>\n<meta name=\"robots\" content=\"index, follow, max-snippet:-1, max-image-preview:large, max-video-preview:-1\" \/>\n<link rel=\"canonical\" href=\"https:\/\/aquaforest.eu\/de\/produkte\/seawater\/aquarienausstattung\/af130-media-reactor\/\" \/>\n<meta property=\"og:locale\" content=\"de_DE\" \/>\n<meta property=\"og:type\" content=\"article\" \/>\n<meta property=\"og:title\" content=\"AF130 Media Reactor - Aquaforest\" \/>\n<meta property=\"og:description\" content=\"AF130 Media Reactor - Der universelle Durchflussfilter h\u00f6chster Qualit\u00e4t zur Verwendung mit verschiedenen Filtermedien.\" \/>\n<meta property=\"og:url\" content=\"https:\/\/aquaforest.eu\/de\/produkte\/seawater\/aquarienausstattung\/af130-media-reactor\/\" \/>\n<meta property=\"og:site_name\" content=\"Aquaforest\" \/>\n<meta property=\"article:publisher\" content=\"https:\/\/www.facebook.com\/Aquaforest\/\" \/>\n<meta property=\"article:modified_time\" content=\"2024-10-23T00:05:25+00:00\" \/>\n<meta property=\"og:image\" content=\"https:\/\/aquaforest.eu\/wp-content\/uploads\/2024\/06\/AF130_MEDIA.png\" \/>\n\t<meta property=\"og:image:width\" content=\"356\" \/>\n\t<meta property=\"og:image:height\" content=\"600\" \/>\n\t<meta property=\"og:image:type\" content=\"image\/png\" \/>\n<meta name=\"twitter:card\" content=\"summary_large_image\" \/>\n<meta name=\"twitter:label1\" content=\"Gesch\u00e4tzte Lesezeit\" \/>\n\t<meta name=\"twitter:data1\" content=\"1\u00a0Minute\" \/>\n<script type=\"application\/ld+json\" class=\"yoast-schema-graph\">{\"@context\":\"https:\/\/schema.org\",\"@graph\":[{\"@type\":\"WebPage\",\"@id\":\"https:\/\/aquaforest.eu\/de\/produkte\/seawater\/aquarienausstattung\/af130-media-reactor\/\",\"url\":\"https:\/\/aquaforest.eu\/de\/produkte\/seawater\/aquarienausstattung\/af130-media-reactor\/\",\"name\":\"AF130 Media Reactor - Aquaforest\",\"isPartOf\":{\"@id\":\"https:\/\/aquaforest.eu\/de\/#website\"},\"primaryImageOfPage\":{\"@id\":\"https:\/\/aquaforest.eu\/de\/produkte\/seawater\/aquarienausstattung\/af130-media-reactor\/#primaryimage\"},\"image\":{\"@id\":\"https:\/\/aquaforest.eu\/de\/produkte\/seawater\/aquarienausstattung\/af130-media-reactor\/#primaryimage\"},\"thumbnailUrl\":\"https:\/\/aquaforest.eu\/wp-content\/uploads\/2024\/06\/AF130_MEDIA.png\",\"datePublished\":\"2024-06-26T00:18:10+00:00\",\"dateModified\":\"2024-10-23T00:05:25+00:00\",\"description\":\"AF130 Media Reactor - Der universelle Durchflussfilter h\u00f6chster Qualit\u00e4t zur Verwendung mit verschiedenen Filtermedien.\",\"breadcrumb\":{\"@id\":\"https:\/\/aquaforest.eu\/de\/produkte\/seawater\/aquarienausstattung\/af130-media-reactor\/#breadcrumb\"},\"inLanguage\":\"de\",\"potentialAction\":[{\"@type\":\"ReadAction\",\"target\":[\"https:\/\/aquaforest.eu\/de\/produkte\/seawater\/aquarienausstattung\/af130-media-reactor\/\"]}]},{\"@type\":\"ImageObject\",\"inLanguage\":\"de\",\"@id\":\"https:\/\/aquaforest.eu\/de\/produkte\/seawater\/aquarienausstattung\/af130-media-reactor\/#primaryimage\",\"url\":\"https:\/\/aquaforest.eu\/wp-content\/uploads\/2024\/06\/AF130_MEDIA.png\",\"contentUrl\":\"https:\/\/aquaforest.eu\/wp-content\/uploads\/2024\/06\/AF130_MEDIA.png\",\"width\":356,\"height\":600},{\"@type\":\"BreadcrumbList\",\"@id\":\"https:\/\/aquaforest.eu\/de\/produkte\/seawater\/aquarienausstattung\/af130-media-reactor\/#breadcrumb\",\"itemListElement\":[{\"@type\":\"ListItem\",\"position\":1,\"name\":\"Home\",\"item\":\"https:\/\/aquaforest.eu\/de\/\"},{\"@type\":\"ListItem\",\"position\":2,\"name\":\"Produkte\",\"item\":\"https:\/\/aquaforest.eu\/de\/produkte\/\"},{\"@type\":\"ListItem\",\"position\":3,\"name\":\"AF130 Media Reactor\"}]},{\"@type\":\"WebSite\",\"@id\":\"https:\/\/aquaforest.eu\/de\/#website\",\"url\":\"https:\/\/aquaforest.eu\/de\/\",\"name\":\"Aquaforest\",\"description\":\"\",\"publisher\":{\"@id\":\"https:\/\/aquaforest.eu\/de\/#organization\"},\"potentialAction\":[{\"@type\":\"SearchAction\",\"target\":{\"@type\":\"EntryPoint\",\"urlTemplate\":\"https:\/\/aquaforest.eu\/de\/?s={search_term_string}\"},\"query-input\":{\"@type\":\"PropertyValueSpecification\",\"valueRequired\":true,\"valueName\":\"search_term_string\"}}],\"inLanguage\":\"de\"},{\"@type\":\"Organization\",\"@id\":\"https:\/\/aquaforest.eu\/de\/#organization\",\"name\":\"Aquaforest\",\"url\":\"https:\/\/aquaforest.eu\/de\/\",\"logo\":{\"@type\":\"ImageObject\",\"inLanguage\":\"de\",\"@id\":\"https:\/\/aquaforest.eu\/de\/#\/schema\/logo\/image\/\",\"url\":\"https:\/\/aquaforest.eu\/wp-content\/uploads\/2024\/05\/logotyp-aquaforest.svg\",\"contentUrl\":\"https:\/\/aquaforest.eu\/wp-content\/uploads\/2024\/05\/logotyp-aquaforest.svg\",\"width\":170,\"height\":22,\"caption\":\"Aquaforest\"},\"image\":{\"@id\":\"https:\/\/aquaforest.eu\/de\/#\/schema\/logo\/image\/\"},\"sameAs\":[\"https:\/\/www.facebook.com\/Aquaforest\/\",\"https:\/\/www.instagram.com\/aquaforest.eu\/\"]}]}<\/script>\n<!-- \/ Yoast SEO plugin. -->","yoast_head_json":{"title":"AF130 Media Reactor - Aquaforest","description":"AF130 Media Reactor - Der universelle Durchflussfilter h\u00f6chster Qualit\u00e4t zur Verwendung mit verschiedenen Filtermedien.","robots":{"index":"index","follow":"follow","max-snippet":"max-snippet:-1","max-image-preview":"max-image-preview:large","max-video-preview":"max-video-preview:-1"},"canonical":"https:\/\/aquaforest.eu\/de\/produkte\/seawater\/aquarienausstattung\/af130-media-reactor\/","og_locale":"de_DE","og_type":"article","og_title":"AF130 Media Reactor - Aquaforest","og_description":"AF130 Media Reactor - Der universelle Durchflussfilter h\u00f6chster Qualit\u00e4t zur Verwendung mit verschiedenen Filtermedien.","og_url":"https:\/\/aquaforest.eu\/de\/produkte\/seawater\/aquarienausstattung\/af130-media-reactor\/","og_site_name":"Aquaforest","article_publisher":"https:\/\/www.facebook.com\/Aquaforest\/","article_modified_time":"2024-10-23T00:05:25+00:00","og_image":[{"width":356,"height":600,"url":"https:\/\/aquaforest.eu\/wp-content\/uploads\/2024\/06\/AF130_MEDIA.png","type":"image\/png"}],"twitter_card":"summary_large_image","twitter_misc":{"Gesch\u00e4tzte Lesezeit":"1\u00a0Minute"},"schema":{"@context":"https:\/\/schema.org","@graph":[{"@type":"WebPage","@id":"https:\/\/aquaforest.eu\/de\/produkte\/seawater\/aquarienausstattung\/af130-media-reactor\/","url":"https:\/\/aquaforest.eu\/de\/produkte\/seawater\/aquarienausstattung\/af130-media-reactor\/","name":"AF130 Media Reactor - Aquaforest","isPartOf":{"@id":"https:\/\/aquaforest.eu\/de\/#website"},"primaryImageOfPage":{"@id":"https:\/\/aquaforest.eu\/de\/produkte\/seawater\/aquarienausstattung\/af130-media-reactor\/#primaryimage"},"image":{"@id":"https:\/\/aquaforest.eu\/de\/produkte\/seawater\/aquarienausstattung\/af130-media-reactor\/#primaryimage"},"thumbnailUrl":"https:\/\/aquaforest.eu\/wp-content\/uploads\/2024\/06\/AF130_MEDIA.png","datePublished":"2024-06-26T00:18:10+00:00","dateModified":"2024-10-23T00:05:25+00:00","description":"AF130 Media Reactor - Der universelle Durchflussfilter h\u00f6chster Qualit\u00e4t zur Verwendung mit verschiedenen Filtermedien.","breadcrumb":{"@id":"https:\/\/aquaforest.eu\/de\/produkte\/seawater\/aquarienausstattung\/af130-media-reactor\/#breadcrumb"},"inLanguage":"de","potentialAction":[{"@type":"ReadAction","target":["https:\/\/aquaforest.eu\/de\/produkte\/seawater\/aquarienausstattung\/af130-media-reactor\/"]}]},{"@type":"ImageObject","inLanguage":"de","@id":"https:\/\/aquaforest.eu\/de\/produkte\/seawater\/aquarienausstattung\/af130-media-reactor\/#primaryimage","url":"https:\/\/aquaforest.eu\/wp-content\/uploads\/2024\/06\/AF130_MEDIA.png","contentUrl":"https:\/\/aquaforest.eu\/wp-content\/uploads\/2024\/06\/AF130_MEDIA.png","width":356,"height":600},{"@type":"BreadcrumbList","@id":"https:\/\/aquaforest.eu\/de\/produkte\/seawater\/aquarienausstattung\/af130-media-reactor\/#breadcrumb","itemListElement":[{"@type":"ListItem","position":1,"name":"Home","item":"https:\/\/aquaforest.eu\/de\/"},{"@type":"ListItem","position":2,"name":"Produkte","item":"https:\/\/aquaforest.eu\/de\/produkte\/"},{"@type":"ListItem","position":3,"name":"AF130 Media Reactor"}]},{"@type":"WebSite","@id":"https:\/\/aquaforest.eu\/de\/#website","url":"https:\/\/aquaforest.eu\/de\/","name":"Aquaforest","description":"","publisher":{"@id":"https:\/\/aquaforest.eu\/de\/#organization"},"potentialAction":[{"@type":"SearchAction","target":{"@type":"EntryPoint","urlTemplate":"https:\/\/aquaforest.eu\/de\/?s={search_term_string}"},"query-input":{"@type":"PropertyValueSpecification","valueRequired":true,"valueName":"search_term_string"}}],"inLanguage":"de"},{"@type":"Organization","@id":"https:\/\/aquaforest.eu\/de\/#organization","name":"Aquaforest","url":"https:\/\/aquaforest.eu\/de\/","logo":{"@type":"ImageObject","inLanguage":"de","@id":"https:\/\/aquaforest.eu\/de\/#\/schema\/logo\/image\/","url":"https:\/\/aquaforest.eu\/wp-content\/uploads\/2024\/05\/logotyp-aquaforest.svg","contentUrl":"https:\/\/aquaforest.eu\/wp-content\/uploads\/2024\/05\/logotyp-aquaforest.svg","width":170,"height":22,"caption":"Aquaforest"},"image":{"@id":"https:\/\/aquaforest.eu\/de\/#\/schema\/logo\/image\/"},"sameAs":["https:\/\/www.facebook.com\/Aquaforest\/","https:\/\/www.instagram.com\/aquaforest.eu\/"]}]}},"_links":{"self":[{"href":"https:\/\/aquaforest.eu\/de\/wp-json\/wp\/v2\/product\/11609","targetHints":{"allow":["GET"]}}],"collection":[{"href":"https:\/\/aquaforest.eu\/de\/wp-json\/wp\/v2\/product"}],"about":[{"href":"https:\/\/aquaforest.eu\/de\/wp-json\/wp\/v2\/types\/product"}],"version-history":[{"count":0,"href":"https:\/\/aquaforest.eu\/de\/wp-json\/wp\/v2\/product\/11609\/revisions"}],"wp:featuredmedia":[{"embeddable":true,"href":"https:\/\/aquaforest.eu\/de\/wp-json\/wp\/v2\/media\/11614"}],"wp:attachment":[{"href":"https:\/\/aquaforest.eu\/de\/wp-json\/wp\/v2\/media?parent=11609"}],"wp:term":[{"taxonomy":"product_brand","embeddable":true,"href":"https:\/\/aquaforest.eu\/de\/wp-json\/wp\/v2\/product_brand?post=11609"},{"taxonomy":"product_cat","embeddable":true,"href":"https:\/\/aquaforest.eu\/de\/wp-json\/wp\/v2\/product_cat?post=11609"},{"taxonomy":"product_tag","embeddable":true,"href":"https:\/\/aquaforest.eu\/de\/wp-json\/wp\/v2\/product_tag?post=11609"}],"curies":[{"name":"wp","href":"https:\/\/api.w.org\/{rel}","templated":true}]}}