{"id":11626,"date":"2024-06-26T02:18:09","date_gmt":"2024-06-26T00:18:09","guid":{"rendered":"https:\/\/aquaforest.eu\/products\/unkategorisiert\/af435-sumpf\/"},"modified":"2024-11-15T15:32:59","modified_gmt":"2024-11-15T14:32:59","slug":"af435-sump","status":"publish","type":"product","link":"https:\/\/aquaforest.eu\/de\/produkte\/seawater\/aquarienausstattung\/af435-sump\/","title":{"rendered":"AF435 Sump"},"content":{"rendered":"<p>\u00c4u\u00dferst haltbarer PVC-Sumpf, der selbst f\u00fcr die anspruchsvollsten Aquarien geeignet ist.<br \/>\nDieser von erfahrenen Aquarianern entworfene Sumpf gew\u00e4hrleistet die effizienteste Filterung, damit die Korallen gedeihen und gesund wachsen.<br \/>\nKaskadierende Kammern in Kombination mit Qualit\u00e4tsk\u00e4mmen bieten perfekte Bedingungen f\u00fcr einen dynamischen, aber dennoch sehr leisen Wasserfluss.<br \/>\nIn der Kammer f\u00fcr die Filtersocken k\u00f6nnen Sie zwei Socken (im Set enthalten) mit ger\u00e4uschd\u00e4mpfenden Kappen platzieren oder sie durch Medienreaktoren ersetzen.<br \/>\nDer Aquaforest Sumpf ist das Ergebnis der Erfahrung und der engen Zusammenarbeit der besten Designer und Ingenieure mit Top-Aquarianern.<br \/>\nDieses ausgekl\u00fcgelte System aus Trennw\u00e4nden und Ablenkblechen wurde \u00fcber Jahre hinweg gr\u00fcndlich getestet, um sicherzustellen, dass es das h\u00f6chste Filtrationspotenzial bietet.<br \/>\nIn dem Bewusstsein, dass ein effizientes Filtersystem der Schl\u00fcssel zum Erfolg in der Aquaristik ist, wurde jedes Detail sorgf\u00e4ltig bedacht und durchdacht entworfen.<br \/>\nWir sind bestrebt, in jeder Phase des Reffens h\u00f6chste Qualit\u00e4t zu liefern. Deshalb haben wir daf\u00fcr gesorgt, dass unser Komplex aus K\u00e4mmen und Kammern eine optimale Ger\u00e4uschunterdr\u00fcckung bietet, indem unerw\u00fcnschte Ger\u00e4usche ausgeblendet werden.<br \/>\nPr\u00e4zises Verschwei\u00dfen der Elemente garantiert h\u00f6chste Dichtigkeit.<br \/>\nDie zuverl\u00e4ssigste Kombination aus Aquarianer-Erfahrung, fortschrittlicher Technologie und bester Verarbeitung, die es auf dem Markt gibt!<\/p>\n<p>&nbsp;<\/p>\n<hr \/>\n<p>&nbsp;<\/p>\n<p><strong>Was macht diesen AF435 Sump so besonders?<\/strong><\/p>\n<ul>\n<li>Fach f\u00fcr Filtersocken &#8211; austauschbar mit Medienreaktoren<\/li>\n<li>RO-Wasserkammer f\u00fcr automatisches Nachf\u00fcllsystem<\/li>\n<li>Wasserstandsmarkierungen f\u00fcr eine einfache Regulierung des Skimmers<\/li>\n<li>leiser Wasserfluss durch Qualit\u00e4tsk\u00e4mme garantiert<\/li>\n<li>Kratzfeste, langlebige Materialien<\/li>\n<\/ul>\n<p><strong>Abmessungen: <\/strong><\/p>\n<p><strong>Breite:<\/strong> 60 cm<\/p>\n<p><strong>Tiefe:<\/strong> 46,5 cm<\/p>\n<p><strong>H\u00f6he:<\/strong> 45,5 cm<\/p>\n<p>&nbsp;<\/p>\n<p><img fetchpriority=\"high\" decoding=\"async\" class=\" wp-image-2768 alignright\" src=\"https:\/\/aquaforest.eu\/wp-content\/uploads\/2024\/06\/AF435_SUMP-DIM_S_2021-800x1039-1-231x300.png\" alt=\"\" width=\"400\" height=\"519\" srcset=\"https:\/\/aquaforest.eu\/wp-content\/uploads\/2024\/06\/AF435_SUMP-DIM_S_2021-800x1039-1-231x300.png 231w, https:\/\/aquaforest.eu\/wp-content\/uploads\/2024\/06\/AF435_SUMP-DIM_S_2021-800x1039-1-788x1024.png 788w, https:\/\/aquaforest.eu\/wp-content\/uploads\/2024\/06\/AF435_SUMP-DIM_S_2021-800x1039-1-768x997.png 768w, https:\/\/aquaforest.eu\/wp-content\/uploads\/2024\/06\/AF435_SUMP-DIM_S_2021-800x1039-1-600x779.png 600w, https:\/\/aquaforest.eu\/wp-content\/uploads\/2024\/06\/AF435_SUMP-DIM_S_2021-800x1039-1.png 800w\" sizes=\"(max-width: 400px) 100vw, 400px\" \/><\/p>\n<p style=\"text-align: right;\">Ma\u00dfe in Millimetern:<\/p>\n","protected":false},"excerpt":{"rendered":"<p>Hochwertiger PVC-Sumpf mit mehreren Kammern.<br \/>\nDie effizienteste Filterung, damit die Korallen gedeihen und gesund wachsen.<\/p>\n","protected":false},"featured_media":11616,"template":"","meta":{"_acf_changed":false,"content-type":""},"product_brand":[],"product_cat":[1148],"product_tag":[966,1102,1120],"class_list":{"0":"post-11626","1":"product","2":"type-product","3":"status-publish","4":"has-post-thumbnail","6":"product_cat-aquarienausstattung","7":"product_tag-aquaforest-de","8":"product_tag-aquarienausstattung","9":"product_tag-meerwasser-aquarien","11":"first","12":"instock","13":"taxable","14":"shipping-taxable","15":"purchasable","16":"product-type-simple"},"acf":[],"yoast_head":"<!-- This site is optimized with the Yoast SEO plugin v27.1.1 - https:\/\/yoast.com\/product\/yoast-seo-wordpress\/ -->\n<title>AF435 Sump - Aquaforest<\/title>\n<meta name=\"description\" content=\"Dieses intelligent konzipierte Kammer- und Kamm-System wurde gr\u00fcndlich getestet, um ein maximales Filterpotenzial f\u00fcr Ihr Aquarium zu gew\u00e4hrleisten.\" \/>\n<meta name=\"robots\" content=\"index, follow, max-snippet:-1, max-image-preview:large, max-video-preview:-1\" \/>\n<link rel=\"canonical\" href=\"https:\/\/aquaforest.eu\/de\/produkte\/seawater\/aquarienausstattung\/af435-sump\/\" \/>\n<meta property=\"og:locale\" content=\"de_DE\" \/>\n<meta property=\"og:type\" content=\"article\" \/>\n<meta property=\"og:title\" content=\"AF435 Sump - Aquaforest\" \/>\n<meta property=\"og:description\" content=\"Dieses intelligent konzipierte Kammer- und Kamm-System wurde gr\u00fcndlich getestet, um ein maximales Filterpotenzial f\u00fcr Ihr Aquarium zu gew\u00e4hrleisten.\" \/>\n<meta property=\"og:url\" content=\"https:\/\/aquaforest.eu\/de\/produkte\/seawater\/aquarienausstattung\/af435-sump\/\" \/>\n<meta property=\"og:site_name\" content=\"Aquaforest\" \/>\n<meta property=\"article:publisher\" content=\"https:\/\/www.facebook.com\/Aquaforest\/\" \/>\n<meta property=\"article:modified_time\" content=\"2024-11-15T14:32:59+00:00\" \/>\n<meta property=\"og:image\" content=\"https:\/\/aquaforest.eu\/wp-content\/uploads\/2024\/06\/SUMP_AF435.png\" \/>\n\t<meta property=\"og:image:width\" content=\"600\" \/>\n\t<meta property=\"og:image:height\" content=\"600\" \/>\n\t<meta property=\"og:image:type\" content=\"image\/png\" \/>\n<meta name=\"twitter:card\" content=\"summary_large_image\" \/>\n<meta name=\"twitter:label1\" content=\"Gesch\u00e4tzte Lesezeit\" \/>\n\t<meta name=\"twitter:data1\" content=\"2\u00a0Minuten\" \/>\n<script type=\"application\/ld+json\" class=\"yoast-schema-graph\">{\"@context\":\"https:\/\/schema.org\",\"@graph\":[{\"@type\":\"WebPage\",\"@id\":\"https:\/\/aquaforest.eu\/de\/produkte\/seawater\/aquarienausstattung\/af435-sump\/\",\"url\":\"https:\/\/aquaforest.eu\/de\/produkte\/seawater\/aquarienausstattung\/af435-sump\/\",\"name\":\"AF435 Sump - Aquaforest\",\"isPartOf\":{\"@id\":\"https:\/\/aquaforest.eu\/de\/#website\"},\"primaryImageOfPage\":{\"@id\":\"https:\/\/aquaforest.eu\/de\/produkte\/seawater\/aquarienausstattung\/af435-sump\/#primaryimage\"},\"image\":{\"@id\":\"https:\/\/aquaforest.eu\/de\/produkte\/seawater\/aquarienausstattung\/af435-sump\/#primaryimage\"},\"thumbnailUrl\":\"https:\/\/aquaforest.eu\/wp-content\/uploads\/2024\/06\/SUMP_AF435.png\",\"datePublished\":\"2024-06-26T00:18:09+00:00\",\"dateModified\":\"2024-11-15T14:32:59+00:00\",\"description\":\"Dieses intelligent konzipierte Kammer- und Kamm-System wurde gr\u00fcndlich getestet, um ein maximales Filterpotenzial f\u00fcr Ihr Aquarium zu gew\u00e4hrleisten.\",\"breadcrumb\":{\"@id\":\"https:\/\/aquaforest.eu\/de\/produkte\/seawater\/aquarienausstattung\/af435-sump\/#breadcrumb\"},\"inLanguage\":\"de\",\"potentialAction\":[{\"@type\":\"ReadAction\",\"target\":[\"https:\/\/aquaforest.eu\/de\/produkte\/seawater\/aquarienausstattung\/af435-sump\/\"]}]},{\"@type\":\"ImageObject\",\"inLanguage\":\"de\",\"@id\":\"https:\/\/aquaforest.eu\/de\/produkte\/seawater\/aquarienausstattung\/af435-sump\/#primaryimage\",\"url\":\"https:\/\/aquaforest.eu\/wp-content\/uploads\/2024\/06\/SUMP_AF435.png\",\"contentUrl\":\"https:\/\/aquaforest.eu\/wp-content\/uploads\/2024\/06\/SUMP_AF435.png\",\"width\":600,\"height\":600},{\"@type\":\"BreadcrumbList\",\"@id\":\"https:\/\/aquaforest.eu\/de\/produkte\/seawater\/aquarienausstattung\/af435-sump\/#breadcrumb\",\"itemListElement\":[{\"@type\":\"ListItem\",\"position\":1,\"name\":\"Home\",\"item\":\"https:\/\/aquaforest.eu\/de\/\"},{\"@type\":\"ListItem\",\"position\":2,\"name\":\"Produkte\",\"item\":\"https:\/\/aquaforest.eu\/de\/produkte\/\"},{\"@type\":\"ListItem\",\"position\":3,\"name\":\"AF435 Sump\"}]},{\"@type\":\"WebSite\",\"@id\":\"https:\/\/aquaforest.eu\/de\/#website\",\"url\":\"https:\/\/aquaforest.eu\/de\/\",\"name\":\"Aquaforest\",\"description\":\"\",\"publisher\":{\"@id\":\"https:\/\/aquaforest.eu\/de\/#organization\"},\"potentialAction\":[{\"@type\":\"SearchAction\",\"target\":{\"@type\":\"EntryPoint\",\"urlTemplate\":\"https:\/\/aquaforest.eu\/de\/?s={search_term_string}\"},\"query-input\":{\"@type\":\"PropertyValueSpecification\",\"valueRequired\":true,\"valueName\":\"search_term_string\"}}],\"inLanguage\":\"de\"},{\"@type\":\"Organization\",\"@id\":\"https:\/\/aquaforest.eu\/de\/#organization\",\"name\":\"Aquaforest\",\"url\":\"https:\/\/aquaforest.eu\/de\/\",\"logo\":{\"@type\":\"ImageObject\",\"inLanguage\":\"de\",\"@id\":\"https:\/\/aquaforest.eu\/de\/#\/schema\/logo\/image\/\",\"url\":\"https:\/\/aquaforest.eu\/wp-content\/uploads\/2024\/05\/logotyp-aquaforest.svg\",\"contentUrl\":\"https:\/\/aquaforest.eu\/wp-content\/uploads\/2024\/05\/logotyp-aquaforest.svg\",\"width\":170,\"height\":22,\"caption\":\"Aquaforest\"},\"image\":{\"@id\":\"https:\/\/aquaforest.eu\/de\/#\/schema\/logo\/image\/\"},\"sameAs\":[\"https:\/\/www.facebook.com\/Aquaforest\/\",\"https:\/\/www.instagram.com\/aquaforest.eu\/\"]}]}<\/script>\n<!-- \/ Yoast SEO plugin. -->","yoast_head_json":{"title":"AF435 Sump - Aquaforest","description":"Dieses intelligent konzipierte Kammer- und Kamm-System wurde gr\u00fcndlich getestet, um ein maximales Filterpotenzial f\u00fcr Ihr Aquarium zu gew\u00e4hrleisten.","robots":{"index":"index","follow":"follow","max-snippet":"max-snippet:-1","max-image-preview":"max-image-preview:large","max-video-preview":"max-video-preview:-1"},"canonical":"https:\/\/aquaforest.eu\/de\/produkte\/seawater\/aquarienausstattung\/af435-sump\/","og_locale":"de_DE","og_type":"article","og_title":"AF435 Sump - Aquaforest","og_description":"Dieses intelligent konzipierte Kammer- und Kamm-System wurde gr\u00fcndlich getestet, um ein maximales Filterpotenzial f\u00fcr Ihr Aquarium zu gew\u00e4hrleisten.","og_url":"https:\/\/aquaforest.eu\/de\/produkte\/seawater\/aquarienausstattung\/af435-sump\/","og_site_name":"Aquaforest","article_publisher":"https:\/\/www.facebook.com\/Aquaforest\/","article_modified_time":"2024-11-15T14:32:59+00:00","og_image":[{"width":600,"height":600,"url":"https:\/\/aquaforest.eu\/wp-content\/uploads\/2024\/06\/SUMP_AF435.png","type":"image\/png"}],"twitter_card":"summary_large_image","twitter_misc":{"Gesch\u00e4tzte Lesezeit":"2\u00a0Minuten"},"schema":{"@context":"https:\/\/schema.org","@graph":[{"@type":"WebPage","@id":"https:\/\/aquaforest.eu\/de\/produkte\/seawater\/aquarienausstattung\/af435-sump\/","url":"https:\/\/aquaforest.eu\/de\/produkte\/seawater\/aquarienausstattung\/af435-sump\/","name":"AF435 Sump - Aquaforest","isPartOf":{"@id":"https:\/\/aquaforest.eu\/de\/#website"},"primaryImageOfPage":{"@id":"https:\/\/aquaforest.eu\/de\/produkte\/seawater\/aquarienausstattung\/af435-sump\/#primaryimage"},"image":{"@id":"https:\/\/aquaforest.eu\/de\/produkte\/seawater\/aquarienausstattung\/af435-sump\/#primaryimage"},"thumbnailUrl":"https:\/\/aquaforest.eu\/wp-content\/uploads\/2024\/06\/SUMP_AF435.png","datePublished":"2024-06-26T00:18:09+00:00","dateModified":"2024-11-15T14:32:59+00:00","description":"Dieses intelligent konzipierte Kammer- und Kamm-System wurde gr\u00fcndlich getestet, um ein maximales Filterpotenzial f\u00fcr Ihr Aquarium zu gew\u00e4hrleisten.","breadcrumb":{"@id":"https:\/\/aquaforest.eu\/de\/produkte\/seawater\/aquarienausstattung\/af435-sump\/#breadcrumb"},"inLanguage":"de","potentialAction":[{"@type":"ReadAction","target":["https:\/\/aquaforest.eu\/de\/produkte\/seawater\/aquarienausstattung\/af435-sump\/"]}]},{"@type":"ImageObject","inLanguage":"de","@id":"https:\/\/aquaforest.eu\/de\/produkte\/seawater\/aquarienausstattung\/af435-sump\/#primaryimage","url":"https:\/\/aquaforest.eu\/wp-content\/uploads\/2024\/06\/SUMP_AF435.png","contentUrl":"https:\/\/aquaforest.eu\/wp-content\/uploads\/2024\/06\/SUMP_AF435.png","width":600,"height":600},{"@type":"BreadcrumbList","@id":"https:\/\/aquaforest.eu\/de\/produkte\/seawater\/aquarienausstattung\/af435-sump\/#breadcrumb","itemListElement":[{"@type":"ListItem","position":1,"name":"Home","item":"https:\/\/aquaforest.eu\/de\/"},{"@type":"ListItem","position":2,"name":"Produkte","item":"https:\/\/aquaforest.eu\/de\/produkte\/"},{"@type":"ListItem","position":3,"name":"AF435 Sump"}]},{"@type":"WebSite","@id":"https:\/\/aquaforest.eu\/de\/#website","url":"https:\/\/aquaforest.eu\/de\/","name":"Aquaforest","description":"","publisher":{"@id":"https:\/\/aquaforest.eu\/de\/#organization"},"potentialAction":[{"@type":"SearchAction","target":{"@type":"EntryPoint","urlTemplate":"https:\/\/aquaforest.eu\/de\/?s={search_term_string}"},"query-input":{"@type":"PropertyValueSpecification","valueRequired":true,"valueName":"search_term_string"}}],"inLanguage":"de"},{"@type":"Organization","@id":"https:\/\/aquaforest.eu\/de\/#organization","name":"Aquaforest","url":"https:\/\/aquaforest.eu\/de\/","logo":{"@type":"ImageObject","inLanguage":"de","@id":"https:\/\/aquaforest.eu\/de\/#\/schema\/logo\/image\/","url":"https:\/\/aquaforest.eu\/wp-content\/uploads\/2024\/05\/logotyp-aquaforest.svg","contentUrl":"https:\/\/aquaforest.eu\/wp-content\/uploads\/2024\/05\/logotyp-aquaforest.svg","width":170,"height":22,"caption":"Aquaforest"},"image":{"@id":"https:\/\/aquaforest.eu\/de\/#\/schema\/logo\/image\/"},"sameAs":["https:\/\/www.facebook.com\/Aquaforest\/","https:\/\/www.instagram.com\/aquaforest.eu\/"]}]}},"_links":{"self":[{"href":"https:\/\/aquaforest.eu\/de\/wp-json\/wp\/v2\/product\/11626","targetHints":{"allow":["GET"]}}],"collection":[{"href":"https:\/\/aquaforest.eu\/de\/wp-json\/wp\/v2\/product"}],"about":[{"href":"https:\/\/aquaforest.eu\/de\/wp-json\/wp\/v2\/types\/product"}],"version-history":[{"count":0,"href":"https:\/\/aquaforest.eu\/de\/wp-json\/wp\/v2\/product\/11626\/revisions"}],"wp:featuredmedia":[{"embeddable":true,"href":"https:\/\/aquaforest.eu\/de\/wp-json\/wp\/v2\/media\/11616"}],"wp:attachment":[{"href":"https:\/\/aquaforest.eu\/de\/wp-json\/wp\/v2\/media?parent=11626"}],"wp:term":[{"taxonomy":"product_brand","embeddable":true,"href":"https:\/\/aquaforest.eu\/de\/wp-json\/wp\/v2\/product_brand?post=11626"},{"taxonomy":"product_cat","embeddable":true,"href":"https:\/\/aquaforest.eu\/de\/wp-json\/wp\/v2\/product_cat?post=11626"},{"taxonomy":"product_tag","embeddable":true,"href":"https:\/\/aquaforest.eu\/de\/wp-json\/wp\/v2\/product_tag?post=11626"}],"curies":[{"name":"wp","href":"https:\/\/api.w.org\/{rel}","templated":true}]}}