{"id":11673,"date":"2024-06-26T02:18:08","date_gmt":"2024-06-26T00:18:08","guid":{"rendered":"https:\/\/aquaforest.eu\/products\/unkategorisiert\/af-air-scrubber\/"},"modified":"2025-02-10T13:07:20","modified_gmt":"2025-02-10T12:07:20","slug":"af-air-scrubber","status":"publish","type":"product","link":"https:\/\/aquaforest.eu\/de\/produkte\/seawater\/aquarienausstattung\/af-air-scrubber\/","title":{"rendered":"AF Air Scrubber"},"content":{"rendered":"<h3 class=\"fusion-responsive-typography-calculated\" data-fontsize=\"22\" data-lineheight=\"27.5px\">Aufrechterhaltung der pH-Stabilit\u00e4t in Ihrem Aquarium<\/h3>\n<p>Riffaquarien sind komplexe und oft empfindliche \u00d6kosysteme, die auf Stabilit\u00e4t angewiesen sind, um erfolgreich zu sein.<br \/>\nT\u00e4gliche Schwankungen des Kohlendioxidgehalts (CO2) in der Luft, die durch normale Atmung, Haustiere und Kochen verursacht werden, k\u00f6nnen den pH-Wert des Aquariums beeinflussen. Je h\u00f6her die CO2-Konzentration ist, die der Absch\u00e4umer ansaugt, desto st\u00e4rker wird das Wasser versauert, was oft zu einem Absinken des pH-Werts, einem instabilen dKH-Wert und einer erheblich gehemmten Korallenverkalkung f\u00fchrt.<br \/>\nIm Laufe der Zeit kann dies zu gestressten Korallen und sogar zum Verlust der Koralle f\u00fchren.<br \/>\nWenn das Licht eingeschaltet ist, findet Photosynthese statt, um den pH-Wert des Aquariums zu stabilisieren. Nachts jedoch sinkt der pH-Wert, da der Sauerstoffbedarf steigt.<br \/>\nDies gilt insbesondere im Herbst und Winter, wenn die Fenster oft geschlossen sind und die R\u00e4ume weniger gel\u00fcftet werden.<br \/>\nDies ist die ideale Zeit, um mit dem Aquaforest AF Air Scrubber zu beginnen, um ein stabiles Riffaquarium zu unterst\u00fctzen. Der Aquaforest AF Air Scrubber Reaktor und die absorbierenden Medien helfen bei richtiger Anwendung, sch\u00e4dliche Schwankungen durch einen niedrigen pH-Wert zu verhindern. Das Geh\u00e4use des AF Air Scrubber Reaktors ist aus wei\u00dfem und transparentem Acryl h\u00f6chster Qualit\u00e4t gefertigt.<br \/>\nDurch die Verwendung einer modernen Design\u00e4sthetik kann er entweder au\u00dferhalb des Schranks verwendet oder bequem innerhalb des Schranks platziert werden.<br \/>\nBei der Entwicklung dieses Produkts war die Funktionalit\u00e4t ein wichtiger Gesichtspunkt.<br \/>\nDer AF Air Scrubber Reaktor ist leicht zu montieren und zu demontieren, um ihn zu warten, und sorgt gleichzeitig f\u00fcr einen angemessenen Luftstrom durch das CO2-Adsorbergranulat.<br \/>\nEin bemerkenswertes Merkmal des Aquaforest AF Air Scrubber Reaktors ist die Basis, auf der der CO2-Filter ruht.<br \/>\nIm Inneren befinden sich drei auf die richtige Gr\u00f6\u00dfe zugeschnittene Schw\u00e4mme, die in RO-Wasser getr\u00e4nkt werden k\u00f6nnen, um die Luft zu befeuchten und die Leistung der Medien zu verbessern.<br \/>\nUm eine optimale Leistung zu erzielen, sollten die Schw\u00e4mme in der Basis immer feucht sein.<br \/>\nWenn sie austrocknen, bevor das Medium gewechselt werden muss, nehmen Sie einfach den Sockel von der Oberseite des Reaktors ab, weichen Sie die Schw\u00e4mme in Umkehrosmose ein und setzen Sie sie wieder zusammen.<br \/>\nLabortests haben ergeben, dass dies die Lebensdauer des Mediums \u00fcber einen l\u00e4ngeren Zeitraum deutlich verl\u00e4ngern kann, was es zu einem kosteneffektiven Teil der Riffausr\u00fcstung macht.<\/p>\n<p>&nbsp;<\/p>\n<hr \/>\n<h3 data-fontsize=\"22\" data-lineheight=\"27.5px\"><\/h3>\n<h3 class=\"fusion-responsive-typography-calculated\" data-fontsize=\"22\" data-lineheight=\"27.5px\">Konsistente Wasserparameter und CO2-Reduktion<\/h3>\n<p>Der Reaktor ist so konstruiert, dass die mit CO2 gef\u00fcllte Luft durch die Schwammschicht am Boden gezogen wird. Die Luft wird durch ein Gitter nach oben geleitet, um sicherzustellen, dass die gr\u00f6\u00dftm\u00f6gliche Menge an CO2 entfernt werden kann, bevor sie in den Absch\u00e4umer oder das Riffaquarium gelangt.<br \/>\nDie Medien sind zwischen einer Schicht spezieller staubabsorbierender Schw\u00e4mme am oberen und unteren Ende des Reaktors gesch\u00fctzt.<br \/>\nAuf dem Deckel des Reaktors befindet sich eine Kappe mit einem intelligenten Drehverschluss, der einen schnellen und einfachen Zugang zum Inneren des Reaktors erm\u00f6glicht.<br \/>\nUm einen ordnungsgem\u00e4\u00dfen Luftstrom zu gew\u00e4hrleisten, wurden eine Klappe und eine Dichtung eingebaut, die den Luftstrom von unten nach oben garantieren.<br \/>\nDadurch werden die farbwechselnden Medien nach und nach von unten nach oben verbraucht, so dass Sie leicht erkennen k\u00f6nnen, wann es an der Zeit ist, die Medien zu ersetzen.<br \/>\nEs wird empfohlen, die Medien zu ersetzen, bevor sich die Farbe vollst\u00e4ndig ver\u00e4ndert.<br \/>\nAn der Au\u00dfenseite des Deckels befindet sich ein 10 mm\/\u215c&#8220;-Schlauchanschluss, mit dem der Reaktor an einen Eiwei\u00dfabsch\u00e4umer angeschlossen werden kann.<br \/>\nInnerhalb weniger Tage werden Sie sehen, dass das Medium arbeitet und der pH-Wert steigt, da CO2 absorbiert wird.<br \/>\nUnseren Tests zufolge kann der Aquaforest AF Air Scrubber den pH-Wert um ~0,2 &#8211; 0,4 Punkte anheben und ihn im Bereich von 8,0 &#8211; 8,4 stabilisieren.<br \/>\nWir empfehlen, den Aquaforest AF Air Scrubber zusammen mit der Aquaforest AF Air Scrubber Media Patrone zu verwenden.<br \/>\nDiese Konfiguration gew\u00e4hrleistet die effektivste Entfernung von CO2 aus der vom Absch\u00e4umer angesaugten Luft.<\/p>\n<p>&nbsp;<\/p>\n<hr \/>\n<h3 data-fontsize=\"22\" data-lineheight=\"27.5px\"><\/h3>\n<h3 class=\"fusion-responsive-typography-calculated\" data-fontsize=\"22\" data-lineheight=\"27.5px\"><strong>Aquaforest AF Air Scrubber &#8211; Hauptmerkmale<\/strong><\/h3>\n<ul>\n<li>Reduziert CO2 und erh\u00f6ht den pH-Wert<\/li>\n<li>Stabilisiert den pH-Wert bei Tag und Nacht<\/li>\n<li>Verhindert pl\u00f6tzliche dKH-Ver\u00e4nderungen<\/li>\n<li>Gro\u00dfes Fassungsverm\u00f6gen &#8211; 2,3 Liter<\/li>\n<li>Innovative Technologie zur Erh\u00f6hung der Lebensdauer und Effizienz der Medien<\/li>\n<li>Kompatibel mit einer Vielzahl von Absch\u00e4umern mit einem 10 mm\/\u215c&#8220; Schlauch<\/li>\n<li>Einfach zu benutzen<\/li>\n<li>Hochwertige Materialien<\/li>\n<\/ul>\n<p><strong>Abmessungen<\/strong><\/p>\n<p>H\u00f6he: 35,5 cm + 3,5 cm (Anschl\u00fcsse) \/ 14\u2033 + 1,4\u2033<\/p>\n<p>Breite: 15,5 cm \/ 6,1\u2033<\/p>\n<p><strong>Wichtig<\/strong> Der Filter enth\u00e4lt im Set kein Adsorbergranulat inkludiert. Der pH-Wert des Wassers \u00e4ndert sich im Tagesrhythmus, daher sollten die Messungen immer zur gleichen Tageszeit durchgef\u00fchrt werden. Wenn das verbrauchte Medium zu lange im Reaktor verbleibt, kann es sich zwar wieder verf\u00e4rben, aber es ist nicht mehr wirksam bei der Entfernung von CO2 aus der Luft. Beim Auswechseln der Medien tragen Sie am besten Handschuhe und f\u00fchren es in einem gut bel\u00fcfteten Raum durch. Im Inneren k\u00f6nnen Sie AF Air Scrubber Media zusammen mit Carbon verwenden.<\/p>\n","protected":false},"excerpt":{"rendered":"<p>Die perfekte L\u00f6sung zur Erh\u00f6hung des pH-Werts in Ihrem Aquarium. Stabilisiert den pH-Wert bei Tag und Nacht.<\/p>\n","protected":false},"featured_media":11677,"template":"","meta":{"_acf_changed":false,"content-type":""},"product_brand":[],"product_cat":[1148],"product_tag":[966,1102,1120,1633],"class_list":{"0":"post-11673","1":"product","2":"type-product","3":"status-publish","4":"has-post-thumbnail","6":"product_cat-aquarienausstattung","7":"product_tag-aquaforest-de","8":"product_tag-aquarienausstattung","9":"product_tag-meerwasser-aquarien","10":"product_tag-simple-de","12":"first","13":"instock","14":"taxable","15":"shipping-taxable","16":"purchasable","17":"product-type-simple"},"acf":[],"yoast_head":"<!-- This site is optimized with the Yoast SEO plugin v27.1.1 - https:\/\/yoast.com\/product\/yoast-seo-wordpress\/ -->\n<title>AF Air Scrubber - Aquaforest<\/title>\n<meta name=\"description\" content=\"AF Air Scrubber von Aquaforest - die perfekte L\u00f6sung zur Erh\u00f6hung des pH-Werts in Ihrem Aquarium. Sorgen Sie f\u00fcr eine gesunde Umgebung f\u00fcr Korallen!\" \/>\n<meta name=\"robots\" content=\"index, follow, max-snippet:-1, max-image-preview:large, max-video-preview:-1\" \/>\n<link rel=\"canonical\" href=\"https:\/\/aquaforest.eu\/de\/produkte\/seawater\/aquarienausstattung\/af-air-scrubber\/\" \/>\n<meta property=\"og:locale\" content=\"de_DE\" \/>\n<meta property=\"og:type\" content=\"article\" \/>\n<meta property=\"og:title\" content=\"AF Air Scrubber - Aquaforest\" \/>\n<meta property=\"og:description\" content=\"AF Air Scrubber von Aquaforest - die perfekte L\u00f6sung zur Erh\u00f6hung des pH-Werts in Ihrem Aquarium. Sorgen Sie f\u00fcr eine gesunde Umgebung f\u00fcr Korallen!\" \/>\n<meta property=\"og:url\" content=\"https:\/\/aquaforest.eu\/de\/produkte\/seawater\/aquarienausstattung\/af-air-scrubber\/\" \/>\n<meta property=\"og:site_name\" content=\"Aquaforest\" \/>\n<meta property=\"article:publisher\" content=\"https:\/\/www.facebook.com\/Aquaforest\/\" \/>\n<meta property=\"article:modified_time\" content=\"2025-02-10T12:07:20+00:00\" \/>\n<meta property=\"og:image\" content=\"https:\/\/aquaforest.eu\/wp-content\/uploads\/2024\/06\/AF-Air-Scrubber.png\" \/>\n\t<meta property=\"og:image:width\" content=\"377\" \/>\n\t<meta property=\"og:image:height\" content=\"600\" \/>\n\t<meta property=\"og:image:type\" content=\"image\/png\" \/>\n<meta name=\"twitter:card\" content=\"summary_large_image\" \/>\n<meta name=\"twitter:label1\" content=\"Gesch\u00e4tzte Lesezeit\" \/>\n\t<meta name=\"twitter:data1\" content=\"4\u00a0Minuten\" \/>\n<script type=\"application\/ld+json\" class=\"yoast-schema-graph\">{\"@context\":\"https:\/\/schema.org\",\"@graph\":[{\"@type\":\"WebPage\",\"@id\":\"https:\/\/aquaforest.eu\/de\/produkte\/seawater\/aquarienausstattung\/af-air-scrubber\/\",\"url\":\"https:\/\/aquaforest.eu\/de\/produkte\/seawater\/aquarienausstattung\/af-air-scrubber\/\",\"name\":\"AF Air Scrubber - Aquaforest\",\"isPartOf\":{\"@id\":\"https:\/\/aquaforest.eu\/de\/#website\"},\"primaryImageOfPage\":{\"@id\":\"https:\/\/aquaforest.eu\/de\/produkte\/seawater\/aquarienausstattung\/af-air-scrubber\/#primaryimage\"},\"image\":{\"@id\":\"https:\/\/aquaforest.eu\/de\/produkte\/seawater\/aquarienausstattung\/af-air-scrubber\/#primaryimage\"},\"thumbnailUrl\":\"https:\/\/aquaforest.eu\/wp-content\/uploads\/2024\/06\/AF-Air-Scrubber.png\",\"datePublished\":\"2024-06-26T00:18:08+00:00\",\"dateModified\":\"2025-02-10T12:07:20+00:00\",\"description\":\"AF Air Scrubber von Aquaforest - die perfekte L\u00f6sung zur Erh\u00f6hung des pH-Werts in Ihrem Aquarium. Sorgen Sie f\u00fcr eine gesunde Umgebung f\u00fcr Korallen!\",\"breadcrumb\":{\"@id\":\"https:\/\/aquaforest.eu\/de\/produkte\/seawater\/aquarienausstattung\/af-air-scrubber\/#breadcrumb\"},\"inLanguage\":\"de\",\"potentialAction\":[{\"@type\":\"ReadAction\",\"target\":[\"https:\/\/aquaforest.eu\/de\/produkte\/seawater\/aquarienausstattung\/af-air-scrubber\/\"]}]},{\"@type\":\"ImageObject\",\"inLanguage\":\"de\",\"@id\":\"https:\/\/aquaforest.eu\/de\/produkte\/seawater\/aquarienausstattung\/af-air-scrubber\/#primaryimage\",\"url\":\"https:\/\/aquaforest.eu\/wp-content\/uploads\/2024\/06\/AF-Air-Scrubber.png\",\"contentUrl\":\"https:\/\/aquaforest.eu\/wp-content\/uploads\/2024\/06\/AF-Air-Scrubber.png\",\"width\":377,\"height\":600},{\"@type\":\"BreadcrumbList\",\"@id\":\"https:\/\/aquaforest.eu\/de\/produkte\/seawater\/aquarienausstattung\/af-air-scrubber\/#breadcrumb\",\"itemListElement\":[{\"@type\":\"ListItem\",\"position\":1,\"name\":\"Home\",\"item\":\"https:\/\/aquaforest.eu\/de\/\"},{\"@type\":\"ListItem\",\"position\":2,\"name\":\"Produkte\",\"item\":\"https:\/\/aquaforest.eu\/de\/produkte\/\"},{\"@type\":\"ListItem\",\"position\":3,\"name\":\"AF Air Scrubber\"}]},{\"@type\":\"WebSite\",\"@id\":\"https:\/\/aquaforest.eu\/de\/#website\",\"url\":\"https:\/\/aquaforest.eu\/de\/\",\"name\":\"Aquaforest\",\"description\":\"\",\"publisher\":{\"@id\":\"https:\/\/aquaforest.eu\/de\/#organization\"},\"potentialAction\":[{\"@type\":\"SearchAction\",\"target\":{\"@type\":\"EntryPoint\",\"urlTemplate\":\"https:\/\/aquaforest.eu\/de\/?s={search_term_string}\"},\"query-input\":{\"@type\":\"PropertyValueSpecification\",\"valueRequired\":true,\"valueName\":\"search_term_string\"}}],\"inLanguage\":\"de\"},{\"@type\":\"Organization\",\"@id\":\"https:\/\/aquaforest.eu\/de\/#organization\",\"name\":\"Aquaforest\",\"url\":\"https:\/\/aquaforest.eu\/de\/\",\"logo\":{\"@type\":\"ImageObject\",\"inLanguage\":\"de\",\"@id\":\"https:\/\/aquaforest.eu\/de\/#\/schema\/logo\/image\/\",\"url\":\"https:\/\/aquaforest.eu\/wp-content\/uploads\/2024\/05\/logotyp-aquaforest.svg\",\"contentUrl\":\"https:\/\/aquaforest.eu\/wp-content\/uploads\/2024\/05\/logotyp-aquaforest.svg\",\"width\":170,\"height\":22,\"caption\":\"Aquaforest\"},\"image\":{\"@id\":\"https:\/\/aquaforest.eu\/de\/#\/schema\/logo\/image\/\"},\"sameAs\":[\"https:\/\/www.facebook.com\/Aquaforest\/\",\"https:\/\/www.instagram.com\/aquaforest.eu\/\"]}]}<\/script>\n<!-- \/ Yoast SEO plugin. -->","yoast_head_json":{"title":"AF Air Scrubber - Aquaforest","description":"AF Air Scrubber von Aquaforest - die perfekte L\u00f6sung zur Erh\u00f6hung des pH-Werts in Ihrem Aquarium. Sorgen Sie f\u00fcr eine gesunde Umgebung f\u00fcr Korallen!","robots":{"index":"index","follow":"follow","max-snippet":"max-snippet:-1","max-image-preview":"max-image-preview:large","max-video-preview":"max-video-preview:-1"},"canonical":"https:\/\/aquaforest.eu\/de\/produkte\/seawater\/aquarienausstattung\/af-air-scrubber\/","og_locale":"de_DE","og_type":"article","og_title":"AF Air Scrubber - Aquaforest","og_description":"AF Air Scrubber von Aquaforest - die perfekte L\u00f6sung zur Erh\u00f6hung des pH-Werts in Ihrem Aquarium. Sorgen Sie f\u00fcr eine gesunde Umgebung f\u00fcr Korallen!","og_url":"https:\/\/aquaforest.eu\/de\/produkte\/seawater\/aquarienausstattung\/af-air-scrubber\/","og_site_name":"Aquaforest","article_publisher":"https:\/\/www.facebook.com\/Aquaforest\/","article_modified_time":"2025-02-10T12:07:20+00:00","og_image":[{"width":377,"height":600,"url":"https:\/\/aquaforest.eu\/wp-content\/uploads\/2024\/06\/AF-Air-Scrubber.png","type":"image\/png"}],"twitter_card":"summary_large_image","twitter_misc":{"Gesch\u00e4tzte Lesezeit":"4\u00a0Minuten"},"schema":{"@context":"https:\/\/schema.org","@graph":[{"@type":"WebPage","@id":"https:\/\/aquaforest.eu\/de\/produkte\/seawater\/aquarienausstattung\/af-air-scrubber\/","url":"https:\/\/aquaforest.eu\/de\/produkte\/seawater\/aquarienausstattung\/af-air-scrubber\/","name":"AF Air Scrubber - Aquaforest","isPartOf":{"@id":"https:\/\/aquaforest.eu\/de\/#website"},"primaryImageOfPage":{"@id":"https:\/\/aquaforest.eu\/de\/produkte\/seawater\/aquarienausstattung\/af-air-scrubber\/#primaryimage"},"image":{"@id":"https:\/\/aquaforest.eu\/de\/produkte\/seawater\/aquarienausstattung\/af-air-scrubber\/#primaryimage"},"thumbnailUrl":"https:\/\/aquaforest.eu\/wp-content\/uploads\/2024\/06\/AF-Air-Scrubber.png","datePublished":"2024-06-26T00:18:08+00:00","dateModified":"2025-02-10T12:07:20+00:00","description":"AF Air Scrubber von Aquaforest - die perfekte L\u00f6sung zur Erh\u00f6hung des pH-Werts in Ihrem Aquarium. Sorgen Sie f\u00fcr eine gesunde Umgebung f\u00fcr Korallen!","breadcrumb":{"@id":"https:\/\/aquaforest.eu\/de\/produkte\/seawater\/aquarienausstattung\/af-air-scrubber\/#breadcrumb"},"inLanguage":"de","potentialAction":[{"@type":"ReadAction","target":["https:\/\/aquaforest.eu\/de\/produkte\/seawater\/aquarienausstattung\/af-air-scrubber\/"]}]},{"@type":"ImageObject","inLanguage":"de","@id":"https:\/\/aquaforest.eu\/de\/produkte\/seawater\/aquarienausstattung\/af-air-scrubber\/#primaryimage","url":"https:\/\/aquaforest.eu\/wp-content\/uploads\/2024\/06\/AF-Air-Scrubber.png","contentUrl":"https:\/\/aquaforest.eu\/wp-content\/uploads\/2024\/06\/AF-Air-Scrubber.png","width":377,"height":600},{"@type":"BreadcrumbList","@id":"https:\/\/aquaforest.eu\/de\/produkte\/seawater\/aquarienausstattung\/af-air-scrubber\/#breadcrumb","itemListElement":[{"@type":"ListItem","position":1,"name":"Home","item":"https:\/\/aquaforest.eu\/de\/"},{"@type":"ListItem","position":2,"name":"Produkte","item":"https:\/\/aquaforest.eu\/de\/produkte\/"},{"@type":"ListItem","position":3,"name":"AF Air Scrubber"}]},{"@type":"WebSite","@id":"https:\/\/aquaforest.eu\/de\/#website","url":"https:\/\/aquaforest.eu\/de\/","name":"Aquaforest","description":"","publisher":{"@id":"https:\/\/aquaforest.eu\/de\/#organization"},"potentialAction":[{"@type":"SearchAction","target":{"@type":"EntryPoint","urlTemplate":"https:\/\/aquaforest.eu\/de\/?s={search_term_string}"},"query-input":{"@type":"PropertyValueSpecification","valueRequired":true,"valueName":"search_term_string"}}],"inLanguage":"de"},{"@type":"Organization","@id":"https:\/\/aquaforest.eu\/de\/#organization","name":"Aquaforest","url":"https:\/\/aquaforest.eu\/de\/","logo":{"@type":"ImageObject","inLanguage":"de","@id":"https:\/\/aquaforest.eu\/de\/#\/schema\/logo\/image\/","url":"https:\/\/aquaforest.eu\/wp-content\/uploads\/2024\/05\/logotyp-aquaforest.svg","contentUrl":"https:\/\/aquaforest.eu\/wp-content\/uploads\/2024\/05\/logotyp-aquaforest.svg","width":170,"height":22,"caption":"Aquaforest"},"image":{"@id":"https:\/\/aquaforest.eu\/de\/#\/schema\/logo\/image\/"},"sameAs":["https:\/\/www.facebook.com\/Aquaforest\/","https:\/\/www.instagram.com\/aquaforest.eu\/"]}]}},"_links":{"self":[{"href":"https:\/\/aquaforest.eu\/de\/wp-json\/wp\/v2\/product\/11673","targetHints":{"allow":["GET"]}}],"collection":[{"href":"https:\/\/aquaforest.eu\/de\/wp-json\/wp\/v2\/product"}],"about":[{"href":"https:\/\/aquaforest.eu\/de\/wp-json\/wp\/v2\/types\/product"}],"version-history":[{"count":4,"href":"https:\/\/aquaforest.eu\/de\/wp-json\/wp\/v2\/product\/11673\/revisions"}],"predecessor-version":[{"id":21265,"href":"https:\/\/aquaforest.eu\/de\/wp-json\/wp\/v2\/product\/11673\/revisions\/21265"}],"wp:featuredmedia":[{"embeddable":true,"href":"https:\/\/aquaforest.eu\/de\/wp-json\/wp\/v2\/media\/11677"}],"wp:attachment":[{"href":"https:\/\/aquaforest.eu\/de\/wp-json\/wp\/v2\/media?parent=11673"}],"wp:term":[{"taxonomy":"product_brand","embeddable":true,"href":"https:\/\/aquaforest.eu\/de\/wp-json\/wp\/v2\/product_brand?post=11673"},{"taxonomy":"product_cat","embeddable":true,"href":"https:\/\/aquaforest.eu\/de\/wp-json\/wp\/v2\/product_cat?post=11673"},{"taxonomy":"product_tag","embeddable":true,"href":"https:\/\/aquaforest.eu\/de\/wp-json\/wp\/v2\/product_tag?post=11673"}],"curies":[{"name":"wp","href":"https:\/\/api.w.org\/{rel}","templated":true}]}}