{"id":11684,"date":"2024-06-26T02:18:08","date_gmt":"2024-06-26T00:18:08","guid":{"rendered":"https:\/\/aquaforest.eu\/products\/unkategorisiert\/af980-sump\/"},"modified":"2026-05-07T18:29:20","modified_gmt":"2026-05-07T16:29:20","slug":"af980-sump","status":"publish","type":"product","link":"https:\/\/aquaforest.eu\/de\/produkte\/seawater\/aquarienausstattung\/af980-sump\/","title":{"rendered":"AF980 Sump"},"content":{"rendered":"<p>\u00c4u\u00dferst haltbare PVC-S\u00fcmpfe f\u00fcr alle Meerwasseraquarien.<br \/>\nDiese von erfahrenen Aquarianern entworfenen Becken gew\u00e4hrleisten die effizienteste Filterung, damit die Korallen gedeihen und gesund wachsen k\u00f6nnen.<br \/>\nKaskadenf\u00f6rmige Kammern in Kombination mit Qualit\u00e4tsk\u00e4mmen bieten perfekte Bedingungen f\u00fcr einen dynamischen, aber dennoch sehr leisen Wasserfluss.<br \/>\nIn die Kammer f\u00fcr die Filtersocken k\u00f6nnen Sie zwei Socken (im Set enthalten) mit ger\u00e4uschd\u00e4mpfenden Kappen einsetzen oder sie durch Medienreaktoren ersetzen.<\/p>\n<hr \/>\n<h3><strong>Was macht diesen AF980 Sump so besonders?<\/strong><\/h3>\n<ul>\n<li>Fach f\u00fcr Filtersocken &#8211; austauschbar mit Medienreaktoren<\/li>\n<li>RO-Wasserkammer f\u00fcr automatisches Nachf\u00fcllsystem<\/li>\n<li>Wasserstandsmarkierungen f\u00fcr eine einfache Regulierung des Skimmers<\/li>\n<li>leiser Wasserfluss durch Qualit\u00e4tsk\u00e4mme garantiert<\/li>\n<li>Kratzfeste, langlebige Materialien<\/li>\n<\/ul>\n<hr \/>\n<h3><strong>Abmessungen: <\/strong><\/h3>\n<p><strong>Breite:<\/strong> 110 cm<\/p>\n<p><strong>Tiefe:<\/strong> 51,5 cm<\/p>\n<p><strong>H\u00f6he:<\/strong> 45,5 cm<\/p>\n<p style=\"text-align: right;\">Ma\u00dfe in Millimetern: <img fetchpriority=\"high\" decoding=\"async\" class=\" wp-image-2760 alignright\" src=\"https:\/\/aquaforest.eu\/wp-content\/uploads\/2024\/06\/AF980_SUMP-DIM_S-1-800x908-1-264x300.png\" alt=\"\" width=\"400\" height=\"455\" srcset=\"https:\/\/aquaforest.eu\/wp-content\/uploads\/2024\/06\/AF980_SUMP-DIM_S-1-800x908-1-264x300.png 264w, https:\/\/aquaforest.eu\/wp-content\/uploads\/2024\/06\/AF980_SUMP-DIM_S-1-800x908-1-768x872.png 768w, https:\/\/aquaforest.eu\/wp-content\/uploads\/2024\/06\/AF980_SUMP-DIM_S-1-800x908-1-600x681.png 600w, https:\/\/aquaforest.eu\/wp-content\/uploads\/2024\/06\/AF980_SUMP-DIM_S-1-800x908-1.png 800w\" sizes=\"(max-width: 400px) 100vw, 400px\" \/><\/p>\n","protected":false},"excerpt":{"rendered":"<p>Hochwertiger PVC-Sumpf mit mehreren Kammern.<br \/>\nDie effizienteste Filterung, damit die Korallen gedeihen und gesund wachsen.<\/p>\n","protected":false},"featured_media":11624,"template":"","meta":{"_acf_changed":false,"content-type":""},"product_brand":[],"product_cat":[1148],"product_tag":[966,1102,1120,1633],"class_list":{"0":"post-11684","1":"product","2":"type-product","3":"status-publish","4":"has-post-thumbnail","6":"product_cat-aquarienausstattung","7":"product_tag-aquaforest-de","8":"product_tag-aquarienausstattung","9":"product_tag-meerwasser-aquarien","10":"product_tag-simple-de","12":"first","13":"instock","14":"taxable","15":"shipping-taxable","16":"purchasable","17":"product-type-simple"},"acf":[],"yoast_head":"<!-- This site is optimized with the Yoast SEO plugin v27.1.1 - https:\/\/yoast.com\/product\/yoast-seo-wordpress\/ -->\n<title>AF980 Sump - Aquaforest<\/title>\n<meta name=\"description\" content=\"AF980 Sump von Aquaforest - die perfekte L\u00f6sung f\u00fcr die Aquarienfiltration.\" \/>\n<meta name=\"robots\" content=\"index, follow, max-snippet:-1, max-image-preview:large, max-video-preview:-1\" \/>\n<link rel=\"canonical\" href=\"https:\/\/aquaforest.eu\/de\/produkte\/seawater\/aquarienausstattung\/af980-sump\/\" \/>\n<meta property=\"og:locale\" content=\"de_DE\" \/>\n<meta property=\"og:type\" content=\"article\" \/>\n<meta property=\"og:title\" content=\"AF980 Sump - Aquaforest\" \/>\n<meta property=\"og:description\" content=\"AF980 Sump von Aquaforest - die perfekte L\u00f6sung f\u00fcr die Aquarienfiltration.\" \/>\n<meta property=\"og:url\" content=\"https:\/\/aquaforest.eu\/de\/produkte\/seawater\/aquarienausstattung\/af980-sump\/\" \/>\n<meta property=\"og:site_name\" content=\"Aquaforest\" \/>\n<meta property=\"article:publisher\" content=\"https:\/\/www.facebook.com\/Aquaforest\/\" \/>\n<meta property=\"article:modified_time\" content=\"2026-05-07T16:29:20+00:00\" \/>\n<meta property=\"og:image\" content=\"https:\/\/aquaforest.eu\/wp-content\/uploads\/2024\/06\/SUMP_AF980.png\" \/>\n\t<meta property=\"og:image:width\" content=\"600\" \/>\n\t<meta property=\"og:image:height\" content=\"600\" \/>\n\t<meta property=\"og:image:type\" content=\"image\/png\" \/>\n<meta name=\"twitter:card\" content=\"summary_large_image\" \/>\n<meta name=\"twitter:label1\" content=\"Gesch\u00e4tzte Lesezeit\" \/>\n\t<meta name=\"twitter:data1\" content=\"1\u00a0Minute\" \/>\n<script type=\"application\/ld+json\" class=\"yoast-schema-graph\">{\"@context\":\"https:\/\/schema.org\",\"@graph\":[{\"@type\":\"WebPage\",\"@id\":\"https:\/\/aquaforest.eu\/de\/produkte\/seawater\/aquarienausstattung\/af980-sump\/\",\"url\":\"https:\/\/aquaforest.eu\/de\/produkte\/seawater\/aquarienausstattung\/af980-sump\/\",\"name\":\"AF980 Sump - Aquaforest\",\"isPartOf\":{\"@id\":\"https:\/\/aquaforest.eu\/de\/#website\"},\"primaryImageOfPage\":{\"@id\":\"https:\/\/aquaforest.eu\/de\/produkte\/seawater\/aquarienausstattung\/af980-sump\/#primaryimage\"},\"image\":{\"@id\":\"https:\/\/aquaforest.eu\/de\/produkte\/seawater\/aquarienausstattung\/af980-sump\/#primaryimage\"},\"thumbnailUrl\":\"https:\/\/aquaforest.eu\/wp-content\/uploads\/2024\/06\/SUMP_AF980.png\",\"datePublished\":\"2024-06-26T00:18:08+00:00\",\"dateModified\":\"2026-05-07T16:29:20+00:00\",\"description\":\"AF980 Sump von Aquaforest - die perfekte L\u00f6sung f\u00fcr die Aquarienfiltration.\",\"breadcrumb\":{\"@id\":\"https:\/\/aquaforest.eu\/de\/produkte\/seawater\/aquarienausstattung\/af980-sump\/#breadcrumb\"},\"inLanguage\":\"de\",\"potentialAction\":[{\"@type\":\"ReadAction\",\"target\":[\"https:\/\/aquaforest.eu\/de\/produkte\/seawater\/aquarienausstattung\/af980-sump\/\"]}]},{\"@type\":\"ImageObject\",\"inLanguage\":\"de\",\"@id\":\"https:\/\/aquaforest.eu\/de\/produkte\/seawater\/aquarienausstattung\/af980-sump\/#primaryimage\",\"url\":\"https:\/\/aquaforest.eu\/wp-content\/uploads\/2024\/06\/SUMP_AF980.png\",\"contentUrl\":\"https:\/\/aquaforest.eu\/wp-content\/uploads\/2024\/06\/SUMP_AF980.png\",\"width\":600,\"height\":600},{\"@type\":\"BreadcrumbList\",\"@id\":\"https:\/\/aquaforest.eu\/de\/produkte\/seawater\/aquarienausstattung\/af980-sump\/#breadcrumb\",\"itemListElement\":[{\"@type\":\"ListItem\",\"position\":1,\"name\":\"Home\",\"item\":\"https:\/\/aquaforest.eu\/de\/\"},{\"@type\":\"ListItem\",\"position\":2,\"name\":\"Produkte\",\"item\":\"https:\/\/aquaforest.eu\/de\/produkte\/\"},{\"@type\":\"ListItem\",\"position\":3,\"name\":\"AF980 Sump\"}]},{\"@type\":\"WebSite\",\"@id\":\"https:\/\/aquaforest.eu\/de\/#website\",\"url\":\"https:\/\/aquaforest.eu\/de\/\",\"name\":\"Aquaforest\",\"description\":\"\",\"publisher\":{\"@id\":\"https:\/\/aquaforest.eu\/de\/#organization\"},\"potentialAction\":[{\"@type\":\"SearchAction\",\"target\":{\"@type\":\"EntryPoint\",\"urlTemplate\":\"https:\/\/aquaforest.eu\/de\/?s={search_term_string}\"},\"query-input\":{\"@type\":\"PropertyValueSpecification\",\"valueRequired\":true,\"valueName\":\"search_term_string\"}}],\"inLanguage\":\"de\"},{\"@type\":\"Organization\",\"@id\":\"https:\/\/aquaforest.eu\/de\/#organization\",\"name\":\"Aquaforest\",\"url\":\"https:\/\/aquaforest.eu\/de\/\",\"logo\":{\"@type\":\"ImageObject\",\"inLanguage\":\"de\",\"@id\":\"https:\/\/aquaforest.eu\/de\/#\/schema\/logo\/image\/\",\"url\":\"https:\/\/aquaforest.eu\/wp-content\/uploads\/2024\/05\/logotyp-aquaforest.svg\",\"contentUrl\":\"https:\/\/aquaforest.eu\/wp-content\/uploads\/2024\/05\/logotyp-aquaforest.svg\",\"width\":170,\"height\":22,\"caption\":\"Aquaforest\"},\"image\":{\"@id\":\"https:\/\/aquaforest.eu\/de\/#\/schema\/logo\/image\/\"},\"sameAs\":[\"https:\/\/www.facebook.com\/Aquaforest\/\",\"https:\/\/www.instagram.com\/aquaforest.eu\/\"]}]}<\/script>\n<!-- \/ Yoast SEO plugin. -->","yoast_head_json":{"title":"AF980 Sump - Aquaforest","description":"AF980 Sump von Aquaforest - die perfekte L\u00f6sung f\u00fcr die Aquarienfiltration.","robots":{"index":"index","follow":"follow","max-snippet":"max-snippet:-1","max-image-preview":"max-image-preview:large","max-video-preview":"max-video-preview:-1"},"canonical":"https:\/\/aquaforest.eu\/de\/produkte\/seawater\/aquarienausstattung\/af980-sump\/","og_locale":"de_DE","og_type":"article","og_title":"AF980 Sump - Aquaforest","og_description":"AF980 Sump von Aquaforest - die perfekte L\u00f6sung f\u00fcr die Aquarienfiltration.","og_url":"https:\/\/aquaforest.eu\/de\/produkte\/seawater\/aquarienausstattung\/af980-sump\/","og_site_name":"Aquaforest","article_publisher":"https:\/\/www.facebook.com\/Aquaforest\/","article_modified_time":"2026-05-07T16:29:20+00:00","og_image":[{"width":600,"height":600,"url":"https:\/\/aquaforest.eu\/wp-content\/uploads\/2024\/06\/SUMP_AF980.png","type":"image\/png"}],"twitter_card":"summary_large_image","twitter_misc":{"Gesch\u00e4tzte Lesezeit":"1\u00a0Minute"},"schema":{"@context":"https:\/\/schema.org","@graph":[{"@type":"WebPage","@id":"https:\/\/aquaforest.eu\/de\/produkte\/seawater\/aquarienausstattung\/af980-sump\/","url":"https:\/\/aquaforest.eu\/de\/produkte\/seawater\/aquarienausstattung\/af980-sump\/","name":"AF980 Sump - Aquaforest","isPartOf":{"@id":"https:\/\/aquaforest.eu\/de\/#website"},"primaryImageOfPage":{"@id":"https:\/\/aquaforest.eu\/de\/produkte\/seawater\/aquarienausstattung\/af980-sump\/#primaryimage"},"image":{"@id":"https:\/\/aquaforest.eu\/de\/produkte\/seawater\/aquarienausstattung\/af980-sump\/#primaryimage"},"thumbnailUrl":"https:\/\/aquaforest.eu\/wp-content\/uploads\/2024\/06\/SUMP_AF980.png","datePublished":"2024-06-26T00:18:08+00:00","dateModified":"2026-05-07T16:29:20+00:00","description":"AF980 Sump von Aquaforest - die perfekte L\u00f6sung f\u00fcr die Aquarienfiltration.","breadcrumb":{"@id":"https:\/\/aquaforest.eu\/de\/produkte\/seawater\/aquarienausstattung\/af980-sump\/#breadcrumb"},"inLanguage":"de","potentialAction":[{"@type":"ReadAction","target":["https:\/\/aquaforest.eu\/de\/produkte\/seawater\/aquarienausstattung\/af980-sump\/"]}]},{"@type":"ImageObject","inLanguage":"de","@id":"https:\/\/aquaforest.eu\/de\/produkte\/seawater\/aquarienausstattung\/af980-sump\/#primaryimage","url":"https:\/\/aquaforest.eu\/wp-content\/uploads\/2024\/06\/SUMP_AF980.png","contentUrl":"https:\/\/aquaforest.eu\/wp-content\/uploads\/2024\/06\/SUMP_AF980.png","width":600,"height":600},{"@type":"BreadcrumbList","@id":"https:\/\/aquaforest.eu\/de\/produkte\/seawater\/aquarienausstattung\/af980-sump\/#breadcrumb","itemListElement":[{"@type":"ListItem","position":1,"name":"Home","item":"https:\/\/aquaforest.eu\/de\/"},{"@type":"ListItem","position":2,"name":"Produkte","item":"https:\/\/aquaforest.eu\/de\/produkte\/"},{"@type":"ListItem","position":3,"name":"AF980 Sump"}]},{"@type":"WebSite","@id":"https:\/\/aquaforest.eu\/de\/#website","url":"https:\/\/aquaforest.eu\/de\/","name":"Aquaforest","description":"","publisher":{"@id":"https:\/\/aquaforest.eu\/de\/#organization"},"potentialAction":[{"@type":"SearchAction","target":{"@type":"EntryPoint","urlTemplate":"https:\/\/aquaforest.eu\/de\/?s={search_term_string}"},"query-input":{"@type":"PropertyValueSpecification","valueRequired":true,"valueName":"search_term_string"}}],"inLanguage":"de"},{"@type":"Organization","@id":"https:\/\/aquaforest.eu\/de\/#organization","name":"Aquaforest","url":"https:\/\/aquaforest.eu\/de\/","logo":{"@type":"ImageObject","inLanguage":"de","@id":"https:\/\/aquaforest.eu\/de\/#\/schema\/logo\/image\/","url":"https:\/\/aquaforest.eu\/wp-content\/uploads\/2024\/05\/logotyp-aquaforest.svg","contentUrl":"https:\/\/aquaforest.eu\/wp-content\/uploads\/2024\/05\/logotyp-aquaforest.svg","width":170,"height":22,"caption":"Aquaforest"},"image":{"@id":"https:\/\/aquaforest.eu\/de\/#\/schema\/logo\/image\/"},"sameAs":["https:\/\/www.facebook.com\/Aquaforest\/","https:\/\/www.instagram.com\/aquaforest.eu\/"]}]}},"_links":{"self":[{"href":"https:\/\/aquaforest.eu\/de\/wp-json\/wp\/v2\/product\/11684","targetHints":{"allow":["GET"]}}],"collection":[{"href":"https:\/\/aquaforest.eu\/de\/wp-json\/wp\/v2\/product"}],"about":[{"href":"https:\/\/aquaforest.eu\/de\/wp-json\/wp\/v2\/types\/product"}],"version-history":[{"count":1,"href":"https:\/\/aquaforest.eu\/de\/wp-json\/wp\/v2\/product\/11684\/revisions"}],"predecessor-version":[{"id":31795,"href":"https:\/\/aquaforest.eu\/de\/wp-json\/wp\/v2\/product\/11684\/revisions\/31795"}],"wp:featuredmedia":[{"embeddable":true,"href":"https:\/\/aquaforest.eu\/de\/wp-json\/wp\/v2\/media\/11624"}],"wp:attachment":[{"href":"https:\/\/aquaforest.eu\/de\/wp-json\/wp\/v2\/media?parent=11684"}],"wp:term":[{"taxonomy":"product_brand","embeddable":true,"href":"https:\/\/aquaforest.eu\/de\/wp-json\/wp\/v2\/product_brand?post=11684"},{"taxonomy":"product_cat","embeddable":true,"href":"https:\/\/aquaforest.eu\/de\/wp-json\/wp\/v2\/product_cat?post=11684"},{"taxonomy":"product_tag","embeddable":true,"href":"https:\/\/aquaforest.eu\/de\/wp-json\/wp\/v2\/product_tag?post=11684"}],"curies":[{"name":"wp","href":"https:\/\/api.w.org\/{rel}","templated":true}]}}