{"id":11687,"date":"2024-06-26T02:18:07","date_gmt":"2024-06-26T00:18:07","guid":{"rendered":"https:\/\/aquaforest.eu\/products\/unkategorisiert\/af-filterwatte\/"},"modified":"2025-02-10T13:32:40","modified_gmt":"2025-02-10T12:32:40","slug":"af-filter-floss","status":"publish","type":"product","link":"https:\/\/aquaforest.eu\/de\/produkte\/seawater\/aquarienausstattung\/af-filter-floss\/","title":{"rendered":"AF Filter Floss"},"content":{"rendered":"<div>Kristallklares, von Verunreinigungen freies Wasser ist eines der Schl\u00fcsselelemente, die \u00fcber das Aussehen Ihres Aquariums entscheiden.<br \/>\nNicht nur die biologische, sondern auch die mechanische Filterung spielt eine gro\u00dfe Rolle im Kampf f\u00fcr reines Wasser.<\/div>\n<div><\/div>\n<div>AF Filter Floss entfernt effektiv sichtbare Wasserverschmutzungen.<br \/>\nDer dichte und kompakte Vliesstoff f\u00e4ngt m\u00fchelos alle Verunreinigungen wie Detritus, ungegessene Futterreste oder F\u00e4kalien auf.<br \/>\nAll dies kann dazu f\u00fchren, dass der Staub in der Wassertiefe schwer zu entfernen ist.<br \/>\nAF Filter Floss ist ein perfektes Mittel zur L\u00f6sung dieser Probleme.<br \/>\nSichtbare Wasserverschmutzung beeintr\u00e4chtigt nicht nur die \u00c4sthetik des Beckens, sondern auch seine allgemeine Gesundheit.<br \/>\nZu viel Schmutz f\u00fchrt zu einer Anreicherung von Verbindungen wie Nitrat, Ammoniak und Phosphat.<br \/>\nDie Verwendung von AF Filter Floss erm\u00f6glicht eine bessere Kontrolle \u00fcber diese Parameter.<\/div>\n<div><\/div>\n<div>AF Filter Floss ist effizient und einfach zu verwenden.<br \/>\nSie k\u00f6nnen es ganz einfach im Technikbecken unterbringen.<br \/>\nDie Packung enth\u00e4lt einen Vliesstoff mit den Ma\u00dfen 20 x 100 cm, den Sie beliebig zuschneiden k\u00f6nnen, um ihn an Ihr Filtersystem anzupassen.<br \/>\nUm die h\u00f6chste Effizienz der mechanischen Filterung zu erhalten, wird empfohlen, das Element regelm\u00e4\u00dfig auszutauschen, sobald Sie Verschmutzungen und die daraus resultierende Ver\u00e4nderung der Farbe des Gewebes bemerken.<br \/>\nAF Filter Floss ist aus Materialien hergestellt, die f\u00fcr Fische und Korallen unbedenklich sind.<br \/>\nSie enth\u00e4lt keine Chemikalien und hat keinen Einfluss auf die Wasserparameter.<\/div>\n","protected":false},"excerpt":{"rendered":"<p>Filterwatte zum Entfernen gro\u00dfer Partikel.<br \/>\nDer dichte und kompakte Vliesstoff f\u00e4ngt alle Verunreinigungen wie Detritus, ungegessene Futterreste oder F\u00e4kalien problemlos auf.<\/p>\n","protected":false},"featured_media":11680,"template":"","meta":{"_acf_changed":false,"content-type":""},"product_brand":[],"product_cat":[1148],"product_tag":[966,1102,1120,1633],"class_list":{"0":"post-11687","1":"product","2":"type-product","3":"status-publish","4":"has-post-thumbnail","6":"product_cat-aquarienausstattung","7":"product_tag-aquaforest-de","8":"product_tag-aquarienausstattung","9":"product_tag-meerwasser-aquarien","10":"product_tag-simple-de","12":"first","13":"instock","14":"taxable","15":"shipping-taxable","16":"purchasable","17":"product-type-simple"},"acf":[],"yoast_head":"<!-- This site is optimized with the Yoast SEO plugin v27.1.1 - https:\/\/yoast.com\/product\/yoast-seo-wordpress\/ -->\n<title>AF Filter Floss - Aquaforest<\/title>\n<meta name=\"description\" content=\"AF Filterwatte. Das Gewebe ist perfekt f\u00fcr Aquarien geeignet und sorgt f\u00fcr reines Wasser und die Gesundheit Ihrer Fische. Probieren Sie es jetzt aus!\" \/>\n<meta name=\"robots\" content=\"index, follow, max-snippet:-1, max-image-preview:large, max-video-preview:-1\" \/>\n<link rel=\"canonical\" href=\"https:\/\/aquaforest.eu\/de\/produkte\/seawater\/aquarienausstattung\/af-filter-floss\/\" \/>\n<meta property=\"og:locale\" content=\"de_DE\" \/>\n<meta property=\"og:type\" content=\"article\" \/>\n<meta property=\"og:title\" content=\"AF Filter Floss - Aquaforest\" \/>\n<meta property=\"og:description\" content=\"AF Filterwatte. Das Gewebe ist perfekt f\u00fcr Aquarien geeignet und sorgt f\u00fcr reines Wasser und die Gesundheit Ihrer Fische. Probieren Sie es jetzt aus!\" \/>\n<meta property=\"og:url\" content=\"https:\/\/aquaforest.eu\/de\/produkte\/seawater\/aquarienausstattung\/af-filter-floss\/\" \/>\n<meta property=\"og:site_name\" content=\"Aquaforest\" \/>\n<meta property=\"article:publisher\" content=\"https:\/\/www.facebook.com\/Aquaforest\/\" \/>\n<meta property=\"article:modified_time\" content=\"2025-02-10T12:32:40+00:00\" \/>\n<meta property=\"og:image\" content=\"https:\/\/aquaforest.eu\/wp-content\/uploads\/2024\/06\/AF-Filter-Floss.png\" \/>\n\t<meta property=\"og:image:width\" content=\"472\" \/>\n\t<meta property=\"og:image:height\" content=\"600\" \/>\n\t<meta property=\"og:image:type\" content=\"image\/png\" \/>\n<meta name=\"twitter:card\" content=\"summary_large_image\" \/>\n<meta name=\"twitter:label1\" content=\"Gesch\u00e4tzte Lesezeit\" \/>\n\t<meta name=\"twitter:data1\" content=\"2\u00a0Minuten\" \/>\n<script type=\"application\/ld+json\" class=\"yoast-schema-graph\">{\"@context\":\"https:\/\/schema.org\",\"@graph\":[{\"@type\":\"WebPage\",\"@id\":\"https:\/\/aquaforest.eu\/de\/produkte\/seawater\/aquarienausstattung\/af-filter-floss\/\",\"url\":\"https:\/\/aquaforest.eu\/de\/produkte\/seawater\/aquarienausstattung\/af-filter-floss\/\",\"name\":\"AF Filter Floss - Aquaforest\",\"isPartOf\":{\"@id\":\"https:\/\/aquaforest.eu\/de\/#website\"},\"primaryImageOfPage\":{\"@id\":\"https:\/\/aquaforest.eu\/de\/produkte\/seawater\/aquarienausstattung\/af-filter-floss\/#primaryimage\"},\"image\":{\"@id\":\"https:\/\/aquaforest.eu\/de\/produkte\/seawater\/aquarienausstattung\/af-filter-floss\/#primaryimage\"},\"thumbnailUrl\":\"https:\/\/aquaforest.eu\/wp-content\/uploads\/2024\/06\/AF-Filter-Floss.png\",\"datePublished\":\"2024-06-26T00:18:07+00:00\",\"dateModified\":\"2025-02-10T12:32:40+00:00\",\"description\":\"AF Filterwatte. Das Gewebe ist perfekt f\u00fcr Aquarien geeignet und sorgt f\u00fcr reines Wasser und die Gesundheit Ihrer Fische. Probieren Sie es jetzt aus!\",\"breadcrumb\":{\"@id\":\"https:\/\/aquaforest.eu\/de\/produkte\/seawater\/aquarienausstattung\/af-filter-floss\/#breadcrumb\"},\"inLanguage\":\"de\",\"potentialAction\":[{\"@type\":\"ReadAction\",\"target\":[\"https:\/\/aquaforest.eu\/de\/produkte\/seawater\/aquarienausstattung\/af-filter-floss\/\"]}]},{\"@type\":\"ImageObject\",\"inLanguage\":\"de\",\"@id\":\"https:\/\/aquaforest.eu\/de\/produkte\/seawater\/aquarienausstattung\/af-filter-floss\/#primaryimage\",\"url\":\"https:\/\/aquaforest.eu\/wp-content\/uploads\/2024\/06\/AF-Filter-Floss.png\",\"contentUrl\":\"https:\/\/aquaforest.eu\/wp-content\/uploads\/2024\/06\/AF-Filter-Floss.png\",\"width\":472,\"height\":600},{\"@type\":\"BreadcrumbList\",\"@id\":\"https:\/\/aquaforest.eu\/de\/produkte\/seawater\/aquarienausstattung\/af-filter-floss\/#breadcrumb\",\"itemListElement\":[{\"@type\":\"ListItem\",\"position\":1,\"name\":\"Home\",\"item\":\"https:\/\/aquaforest.eu\/de\/\"},{\"@type\":\"ListItem\",\"position\":2,\"name\":\"Produkte\",\"item\":\"https:\/\/aquaforest.eu\/de\/produkte\/\"},{\"@type\":\"ListItem\",\"position\":3,\"name\":\"AF Filter Floss\"}]},{\"@type\":\"WebSite\",\"@id\":\"https:\/\/aquaforest.eu\/de\/#website\",\"url\":\"https:\/\/aquaforest.eu\/de\/\",\"name\":\"Aquaforest\",\"description\":\"\",\"publisher\":{\"@id\":\"https:\/\/aquaforest.eu\/de\/#organization\"},\"potentialAction\":[{\"@type\":\"SearchAction\",\"target\":{\"@type\":\"EntryPoint\",\"urlTemplate\":\"https:\/\/aquaforest.eu\/de\/?s={search_term_string}\"},\"query-input\":{\"@type\":\"PropertyValueSpecification\",\"valueRequired\":true,\"valueName\":\"search_term_string\"}}],\"inLanguage\":\"de\"},{\"@type\":\"Organization\",\"@id\":\"https:\/\/aquaforest.eu\/de\/#organization\",\"name\":\"Aquaforest\",\"url\":\"https:\/\/aquaforest.eu\/de\/\",\"logo\":{\"@type\":\"ImageObject\",\"inLanguage\":\"de\",\"@id\":\"https:\/\/aquaforest.eu\/de\/#\/schema\/logo\/image\/\",\"url\":\"https:\/\/aquaforest.eu\/wp-content\/uploads\/2024\/05\/logotyp-aquaforest.svg\",\"contentUrl\":\"https:\/\/aquaforest.eu\/wp-content\/uploads\/2024\/05\/logotyp-aquaforest.svg\",\"width\":170,\"height\":22,\"caption\":\"Aquaforest\"},\"image\":{\"@id\":\"https:\/\/aquaforest.eu\/de\/#\/schema\/logo\/image\/\"},\"sameAs\":[\"https:\/\/www.facebook.com\/Aquaforest\/\",\"https:\/\/www.instagram.com\/aquaforest.eu\/\"]}]}<\/script>\n<!-- \/ Yoast SEO plugin. -->","yoast_head_json":{"title":"AF Filter Floss - Aquaforest","description":"AF Filterwatte. Das Gewebe ist perfekt f\u00fcr Aquarien geeignet und sorgt f\u00fcr reines Wasser und die Gesundheit Ihrer Fische. Probieren Sie es jetzt aus!","robots":{"index":"index","follow":"follow","max-snippet":"max-snippet:-1","max-image-preview":"max-image-preview:large","max-video-preview":"max-video-preview:-1"},"canonical":"https:\/\/aquaforest.eu\/de\/produkte\/seawater\/aquarienausstattung\/af-filter-floss\/","og_locale":"de_DE","og_type":"article","og_title":"AF Filter Floss - Aquaforest","og_description":"AF Filterwatte. Das Gewebe ist perfekt f\u00fcr Aquarien geeignet und sorgt f\u00fcr reines Wasser und die Gesundheit Ihrer Fische. Probieren Sie es jetzt aus!","og_url":"https:\/\/aquaforest.eu\/de\/produkte\/seawater\/aquarienausstattung\/af-filter-floss\/","og_site_name":"Aquaforest","article_publisher":"https:\/\/www.facebook.com\/Aquaforest\/","article_modified_time":"2025-02-10T12:32:40+00:00","og_image":[{"width":472,"height":600,"url":"https:\/\/aquaforest.eu\/wp-content\/uploads\/2024\/06\/AF-Filter-Floss.png","type":"image\/png"}],"twitter_card":"summary_large_image","twitter_misc":{"Gesch\u00e4tzte Lesezeit":"2\u00a0Minuten"},"schema":{"@context":"https:\/\/schema.org","@graph":[{"@type":"WebPage","@id":"https:\/\/aquaforest.eu\/de\/produkte\/seawater\/aquarienausstattung\/af-filter-floss\/","url":"https:\/\/aquaforest.eu\/de\/produkte\/seawater\/aquarienausstattung\/af-filter-floss\/","name":"AF Filter Floss - Aquaforest","isPartOf":{"@id":"https:\/\/aquaforest.eu\/de\/#website"},"primaryImageOfPage":{"@id":"https:\/\/aquaforest.eu\/de\/produkte\/seawater\/aquarienausstattung\/af-filter-floss\/#primaryimage"},"image":{"@id":"https:\/\/aquaforest.eu\/de\/produkte\/seawater\/aquarienausstattung\/af-filter-floss\/#primaryimage"},"thumbnailUrl":"https:\/\/aquaforest.eu\/wp-content\/uploads\/2024\/06\/AF-Filter-Floss.png","datePublished":"2024-06-26T00:18:07+00:00","dateModified":"2025-02-10T12:32:40+00:00","description":"AF Filterwatte. Das Gewebe ist perfekt f\u00fcr Aquarien geeignet und sorgt f\u00fcr reines Wasser und die Gesundheit Ihrer Fische. Probieren Sie es jetzt aus!","breadcrumb":{"@id":"https:\/\/aquaforest.eu\/de\/produkte\/seawater\/aquarienausstattung\/af-filter-floss\/#breadcrumb"},"inLanguage":"de","potentialAction":[{"@type":"ReadAction","target":["https:\/\/aquaforest.eu\/de\/produkte\/seawater\/aquarienausstattung\/af-filter-floss\/"]}]},{"@type":"ImageObject","inLanguage":"de","@id":"https:\/\/aquaforest.eu\/de\/produkte\/seawater\/aquarienausstattung\/af-filter-floss\/#primaryimage","url":"https:\/\/aquaforest.eu\/wp-content\/uploads\/2024\/06\/AF-Filter-Floss.png","contentUrl":"https:\/\/aquaforest.eu\/wp-content\/uploads\/2024\/06\/AF-Filter-Floss.png","width":472,"height":600},{"@type":"BreadcrumbList","@id":"https:\/\/aquaforest.eu\/de\/produkte\/seawater\/aquarienausstattung\/af-filter-floss\/#breadcrumb","itemListElement":[{"@type":"ListItem","position":1,"name":"Home","item":"https:\/\/aquaforest.eu\/de\/"},{"@type":"ListItem","position":2,"name":"Produkte","item":"https:\/\/aquaforest.eu\/de\/produkte\/"},{"@type":"ListItem","position":3,"name":"AF Filter Floss"}]},{"@type":"WebSite","@id":"https:\/\/aquaforest.eu\/de\/#website","url":"https:\/\/aquaforest.eu\/de\/","name":"Aquaforest","description":"","publisher":{"@id":"https:\/\/aquaforest.eu\/de\/#organization"},"potentialAction":[{"@type":"SearchAction","target":{"@type":"EntryPoint","urlTemplate":"https:\/\/aquaforest.eu\/de\/?s={search_term_string}"},"query-input":{"@type":"PropertyValueSpecification","valueRequired":true,"valueName":"search_term_string"}}],"inLanguage":"de"},{"@type":"Organization","@id":"https:\/\/aquaforest.eu\/de\/#organization","name":"Aquaforest","url":"https:\/\/aquaforest.eu\/de\/","logo":{"@type":"ImageObject","inLanguage":"de","@id":"https:\/\/aquaforest.eu\/de\/#\/schema\/logo\/image\/","url":"https:\/\/aquaforest.eu\/wp-content\/uploads\/2024\/05\/logotyp-aquaforest.svg","contentUrl":"https:\/\/aquaforest.eu\/wp-content\/uploads\/2024\/05\/logotyp-aquaforest.svg","width":170,"height":22,"caption":"Aquaforest"},"image":{"@id":"https:\/\/aquaforest.eu\/de\/#\/schema\/logo\/image\/"},"sameAs":["https:\/\/www.facebook.com\/Aquaforest\/","https:\/\/www.instagram.com\/aquaforest.eu\/"]}]}},"_links":{"self":[{"href":"https:\/\/aquaforest.eu\/de\/wp-json\/wp\/v2\/product\/11687","targetHints":{"allow":["GET"]}}],"collection":[{"href":"https:\/\/aquaforest.eu\/de\/wp-json\/wp\/v2\/product"}],"about":[{"href":"https:\/\/aquaforest.eu\/de\/wp-json\/wp\/v2\/types\/product"}],"version-history":[{"count":3,"href":"https:\/\/aquaforest.eu\/de\/wp-json\/wp\/v2\/product\/11687\/revisions"}],"predecessor-version":[{"id":21277,"href":"https:\/\/aquaforest.eu\/de\/wp-json\/wp\/v2\/product\/11687\/revisions\/21277"}],"wp:featuredmedia":[{"embeddable":true,"href":"https:\/\/aquaforest.eu\/de\/wp-json\/wp\/v2\/media\/11680"}],"wp:attachment":[{"href":"https:\/\/aquaforest.eu\/de\/wp-json\/wp\/v2\/media?parent=11687"}],"wp:term":[{"taxonomy":"product_brand","embeddable":true,"href":"https:\/\/aquaforest.eu\/de\/wp-json\/wp\/v2\/product_brand?post=11687"},{"taxonomy":"product_cat","embeddable":true,"href":"https:\/\/aquaforest.eu\/de\/wp-json\/wp\/v2\/product_cat?post=11687"},{"taxonomy":"product_tag","embeddable":true,"href":"https:\/\/aquaforest.eu\/de\/wp-json\/wp\/v2\/product_tag?post=11687"}],"curies":[{"name":"wp","href":"https:\/\/api.w.org\/{rel}","templated":true}]}}