{"id":11689,"date":"2024-06-26T02:18:08","date_gmt":"2024-06-26T00:18:08","guid":{"rendered":"https:\/\/aquaforest.eu\/products\/unkategorisiert\/af-easy-gloss\/"},"modified":"2025-02-05T12:14:17","modified_gmt":"2025-02-05T11:14:17","slug":"af-easy-gloss","status":"publish","type":"product","link":"https:\/\/aquaforest.eu\/de\/produkte\/seawater\/aquarienausstattung\/af-easy-gloss\/","title":{"rendered":"AF Easy Gloss"},"content":{"rendered":"<h1>AF Easy Gloss ist ein wirksames Produkt, das eine einfache und sichere Reinigung von Meerwasseraquarien erm\u00f6glicht.<\/h1>\n<p>Das Mittel eignet sich hervorragend, um selbst hartn\u00e4ckige Verschmutzungen auf den Scheiben des Aquariums zu beseitigen.<br \/>\nIn einem Meerwasseraquarium entfernt es m\u00fchelos fettige Flecken, die durch Salzwasser entstanden sind.<br \/>\nIn S\u00fc\u00dfwasseraquarien entfernt es m\u00fchelos Kalkablagerungen.<br \/>\nEs erm\u00f6glicht eine perfekte Reinigung der Scheiben, ohne Flecken zu hinterlassen.<br \/>\nDas Produkt ist nicht nur hochwirksam, sondern auch sicher f\u00fcr Wasserorganismen, was bei der Arbeit mit Aquarien voller empfindlicher Tiere sehr wichtig ist.<br \/>\nDie Zusammensetzung wurde aus den besten Inhaltsstoffen hergestellt, die den Zustand von Korallen und Fischen nicht beeintr\u00e4chtigen.<br \/>\nDie einzigartige Formel wurde im Labor getestet, um die h\u00f6chste Wirksamkeit zu erzielen und gleichzeitig die entsprechende Sicherheit des Reinigungsmittels zu gew\u00e4hrleisten.<br \/>\nDaher k\u00f6nnen Sie AF Easy Gloss verwenden, ohne bef\u00fcrchten zu m\u00fcssen, dass sch\u00e4dliche Substanzen in den Absch\u00e4umer gelangen.<br \/>\nEin Produkt mit einem angenehmen Lavendelduft in einer praktischen Spr\u00fchflasche.<br \/>\nBewahren Sie es an einem k\u00fchlen Ort und au\u00dferhalb der Reichweite von Kindern auf.<\/p>\n<p>&nbsp;<\/p>\n<hr \/>\n<p>&nbsp;<\/p>\n<p><strong>Wichtige Merkmale:<\/strong><\/p>\n<ul>\n<li>Die Zusammensetzung ist v\u00f6llig sicher f\u00fcr Fische und Korallen<\/li>\n<li>Geeignet f\u00fcr jede Art von Aquarium<\/li>\n<li>Effizient und effektiv<\/li>\n<li>Entfernt effektiv fettige Flecken von der Glasoberfl\u00e4che<\/li>\n<li>Entfernt Kalkablagerungen<\/li>\n<li>Keine Flecken<\/li>\n<li>Angenehmer Lavendelduft<\/li>\n<\/ul>\n<p>&nbsp;<\/p>\n<hr \/>\n<p>&nbsp;<\/p>\n<p><strong>Anwendung<\/strong> Mit AF Easy Gloss spr\u00fchen Sie den Glasreiniger auf ein Papiertuch und beginnen mit der Reinigung des Aquariums. Nach Beendigung der Arbeit polieren Sie das Aquarium erneut, diesmal mit einem trockenen Handtuch.<\/p>\n","protected":false},"excerpt":{"rendered":"<p>Ungiftiger und effektiver Glasreiniger.<br \/>\nEntfernt Salzwasserflecken.<br \/>\nEin Produkt mit einem angenehmen Lavendelduft in einer praktischen Spr\u00fchflasche.<\/p>\n","protected":false},"featured_media":11682,"template":"","meta":{"_acf_changed":false,"content-type":""},"product_brand":[],"product_cat":[1148],"product_tag":[966,1102,1120],"class_list":{"0":"post-11689","1":"product","2":"type-product","3":"status-publish","4":"has-post-thumbnail","6":"product_cat-aquarienausstattung","7":"product_tag-aquaforest-de","8":"product_tag-aquarienausstattung","9":"product_tag-meerwasser-aquarien","11":"first","12":"instock","13":"taxable","14":"shipping-taxable","15":"purchasable","16":"product-type-simple"},"acf":[],"yoast_head":"<!-- This site is optimized with the Yoast SEO plugin v27.1.1 - https:\/\/yoast.com\/product\/yoast-seo-wordpress\/ -->\n<title>AF Easy Gloss - Glasreiniger f\u00fcr Meerwasseraquarien<\/title>\n<meta name=\"description\" content=\"AF Easy Gloss ist ein innovatives Aquarienpr\u00e4parat, das f\u00fcr ausgezeichneten Glanz, sauberes Glas und einen Lavendelduft sorgt.\" \/>\n<meta name=\"robots\" content=\"index, follow, max-snippet:-1, max-image-preview:large, max-video-preview:-1\" \/>\n<link rel=\"canonical\" href=\"https:\/\/aquaforest.eu\/de\/produkte\/seawater\/aquarienausstattung\/af-easy-gloss\/\" \/>\n<meta property=\"og:locale\" content=\"de_DE\" \/>\n<meta property=\"og:type\" content=\"article\" \/>\n<meta property=\"og:title\" content=\"AF Easy Gloss - Glasreiniger f\u00fcr Meerwasseraquarien\" \/>\n<meta property=\"og:description\" content=\"AF Easy Gloss ist ein innovatives Aquarienpr\u00e4parat, das f\u00fcr ausgezeichneten Glanz, sauberes Glas und einen Lavendelduft sorgt.\" \/>\n<meta property=\"og:url\" content=\"https:\/\/aquaforest.eu\/de\/produkte\/seawater\/aquarienausstattung\/af-easy-gloss\/\" \/>\n<meta property=\"og:site_name\" content=\"Aquaforest\" \/>\n<meta property=\"article:publisher\" content=\"https:\/\/www.facebook.com\/Aquaforest\/\" \/>\n<meta property=\"article:modified_time\" content=\"2025-02-05T11:14:17+00:00\" \/>\n<meta property=\"og:image\" content=\"https:\/\/aquaforest.eu\/wp-content\/uploads\/2024\/06\/AF-Easy-Gloss.png\" \/>\n\t<meta property=\"og:image:width\" content=\"253\" \/>\n\t<meta property=\"og:image:height\" content=\"600\" \/>\n\t<meta property=\"og:image:type\" content=\"image\/png\" \/>\n<meta name=\"twitter:card\" content=\"summary_large_image\" \/>\n<meta name=\"twitter:label1\" content=\"Gesch\u00e4tzte Lesezeit\" \/>\n\t<meta name=\"twitter:data1\" content=\"2\u00a0Minuten\" \/>\n<script type=\"application\/ld+json\" class=\"yoast-schema-graph\">{\"@context\":\"https:\/\/schema.org\",\"@graph\":[{\"@type\":\"WebPage\",\"@id\":\"https:\/\/aquaforest.eu\/de\/produkte\/seawater\/aquarienausstattung\/af-easy-gloss\/\",\"url\":\"https:\/\/aquaforest.eu\/de\/produkte\/seawater\/aquarienausstattung\/af-easy-gloss\/\",\"name\":\"AF Easy Gloss - Glasreiniger f\u00fcr Meerwasseraquarien\",\"isPartOf\":{\"@id\":\"https:\/\/aquaforest.eu\/de\/#website\"},\"primaryImageOfPage\":{\"@id\":\"https:\/\/aquaforest.eu\/de\/produkte\/seawater\/aquarienausstattung\/af-easy-gloss\/#primaryimage\"},\"image\":{\"@id\":\"https:\/\/aquaforest.eu\/de\/produkte\/seawater\/aquarienausstattung\/af-easy-gloss\/#primaryimage\"},\"thumbnailUrl\":\"https:\/\/aquaforest.eu\/wp-content\/uploads\/2024\/06\/AF-Easy-Gloss.png\",\"datePublished\":\"2024-06-26T00:18:08+00:00\",\"dateModified\":\"2025-02-05T11:14:17+00:00\",\"description\":\"AF Easy Gloss ist ein innovatives Aquarienpr\u00e4parat, das f\u00fcr ausgezeichneten Glanz, sauberes Glas und einen Lavendelduft sorgt.\",\"breadcrumb\":{\"@id\":\"https:\/\/aquaforest.eu\/de\/produkte\/seawater\/aquarienausstattung\/af-easy-gloss\/#breadcrumb\"},\"inLanguage\":\"de\",\"potentialAction\":[{\"@type\":\"ReadAction\",\"target\":[\"https:\/\/aquaforest.eu\/de\/produkte\/seawater\/aquarienausstattung\/af-easy-gloss\/\"]}]},{\"@type\":\"ImageObject\",\"inLanguage\":\"de\",\"@id\":\"https:\/\/aquaforest.eu\/de\/produkte\/seawater\/aquarienausstattung\/af-easy-gloss\/#primaryimage\",\"url\":\"https:\/\/aquaforest.eu\/wp-content\/uploads\/2024\/06\/AF-Easy-Gloss.png\",\"contentUrl\":\"https:\/\/aquaforest.eu\/wp-content\/uploads\/2024\/06\/AF-Easy-Gloss.png\",\"width\":253,\"height\":600,\"caption\":\"AF Easy Gloss is an agent which helps to cleaning a glass in marine aquarium.\"},{\"@type\":\"BreadcrumbList\",\"@id\":\"https:\/\/aquaforest.eu\/de\/produkte\/seawater\/aquarienausstattung\/af-easy-gloss\/#breadcrumb\",\"itemListElement\":[{\"@type\":\"ListItem\",\"position\":1,\"name\":\"Home\",\"item\":\"https:\/\/aquaforest.eu\/de\/\"},{\"@type\":\"ListItem\",\"position\":2,\"name\":\"Produkte\",\"item\":\"https:\/\/aquaforest.eu\/de\/produkte\/\"},{\"@type\":\"ListItem\",\"position\":3,\"name\":\"AF Easy Gloss\"}]},{\"@type\":\"WebSite\",\"@id\":\"https:\/\/aquaforest.eu\/de\/#website\",\"url\":\"https:\/\/aquaforest.eu\/de\/\",\"name\":\"Aquaforest\",\"description\":\"\",\"publisher\":{\"@id\":\"https:\/\/aquaforest.eu\/de\/#organization\"},\"potentialAction\":[{\"@type\":\"SearchAction\",\"target\":{\"@type\":\"EntryPoint\",\"urlTemplate\":\"https:\/\/aquaforest.eu\/de\/?s={search_term_string}\"},\"query-input\":{\"@type\":\"PropertyValueSpecification\",\"valueRequired\":true,\"valueName\":\"search_term_string\"}}],\"inLanguage\":\"de\"},{\"@type\":\"Organization\",\"@id\":\"https:\/\/aquaforest.eu\/de\/#organization\",\"name\":\"Aquaforest\",\"url\":\"https:\/\/aquaforest.eu\/de\/\",\"logo\":{\"@type\":\"ImageObject\",\"inLanguage\":\"de\",\"@id\":\"https:\/\/aquaforest.eu\/de\/#\/schema\/logo\/image\/\",\"url\":\"https:\/\/aquaforest.eu\/wp-content\/uploads\/2024\/05\/logotyp-aquaforest.svg\",\"contentUrl\":\"https:\/\/aquaforest.eu\/wp-content\/uploads\/2024\/05\/logotyp-aquaforest.svg\",\"width\":170,\"height\":22,\"caption\":\"Aquaforest\"},\"image\":{\"@id\":\"https:\/\/aquaforest.eu\/de\/#\/schema\/logo\/image\/\"},\"sameAs\":[\"https:\/\/www.facebook.com\/Aquaforest\/\",\"https:\/\/www.instagram.com\/aquaforest.eu\/\"]}]}<\/script>\n<!-- \/ Yoast SEO plugin. -->","yoast_head_json":{"title":"AF Easy Gloss - Glasreiniger f\u00fcr Meerwasseraquarien","description":"AF Easy Gloss ist ein innovatives Aquarienpr\u00e4parat, das f\u00fcr ausgezeichneten Glanz, sauberes Glas und einen Lavendelduft sorgt.","robots":{"index":"index","follow":"follow","max-snippet":"max-snippet:-1","max-image-preview":"max-image-preview:large","max-video-preview":"max-video-preview:-1"},"canonical":"https:\/\/aquaforest.eu\/de\/produkte\/seawater\/aquarienausstattung\/af-easy-gloss\/","og_locale":"de_DE","og_type":"article","og_title":"AF Easy Gloss - Glasreiniger f\u00fcr Meerwasseraquarien","og_description":"AF Easy Gloss ist ein innovatives Aquarienpr\u00e4parat, das f\u00fcr ausgezeichneten Glanz, sauberes Glas und einen Lavendelduft sorgt.","og_url":"https:\/\/aquaforest.eu\/de\/produkte\/seawater\/aquarienausstattung\/af-easy-gloss\/","og_site_name":"Aquaforest","article_publisher":"https:\/\/www.facebook.com\/Aquaforest\/","article_modified_time":"2025-02-05T11:14:17+00:00","og_image":[{"width":253,"height":600,"url":"https:\/\/aquaforest.eu\/wp-content\/uploads\/2024\/06\/AF-Easy-Gloss.png","type":"image\/png"}],"twitter_card":"summary_large_image","twitter_misc":{"Gesch\u00e4tzte Lesezeit":"2\u00a0Minuten"},"schema":{"@context":"https:\/\/schema.org","@graph":[{"@type":"WebPage","@id":"https:\/\/aquaforest.eu\/de\/produkte\/seawater\/aquarienausstattung\/af-easy-gloss\/","url":"https:\/\/aquaforest.eu\/de\/produkte\/seawater\/aquarienausstattung\/af-easy-gloss\/","name":"AF Easy Gloss - Glasreiniger f\u00fcr Meerwasseraquarien","isPartOf":{"@id":"https:\/\/aquaforest.eu\/de\/#website"},"primaryImageOfPage":{"@id":"https:\/\/aquaforest.eu\/de\/produkte\/seawater\/aquarienausstattung\/af-easy-gloss\/#primaryimage"},"image":{"@id":"https:\/\/aquaforest.eu\/de\/produkte\/seawater\/aquarienausstattung\/af-easy-gloss\/#primaryimage"},"thumbnailUrl":"https:\/\/aquaforest.eu\/wp-content\/uploads\/2024\/06\/AF-Easy-Gloss.png","datePublished":"2024-06-26T00:18:08+00:00","dateModified":"2025-02-05T11:14:17+00:00","description":"AF Easy Gloss ist ein innovatives Aquarienpr\u00e4parat, das f\u00fcr ausgezeichneten Glanz, sauberes Glas und einen Lavendelduft sorgt.","breadcrumb":{"@id":"https:\/\/aquaforest.eu\/de\/produkte\/seawater\/aquarienausstattung\/af-easy-gloss\/#breadcrumb"},"inLanguage":"de","potentialAction":[{"@type":"ReadAction","target":["https:\/\/aquaforest.eu\/de\/produkte\/seawater\/aquarienausstattung\/af-easy-gloss\/"]}]},{"@type":"ImageObject","inLanguage":"de","@id":"https:\/\/aquaforest.eu\/de\/produkte\/seawater\/aquarienausstattung\/af-easy-gloss\/#primaryimage","url":"https:\/\/aquaforest.eu\/wp-content\/uploads\/2024\/06\/AF-Easy-Gloss.png","contentUrl":"https:\/\/aquaforest.eu\/wp-content\/uploads\/2024\/06\/AF-Easy-Gloss.png","width":253,"height":600,"caption":"AF Easy Gloss is an agent which helps to cleaning a glass in marine aquarium."},{"@type":"BreadcrumbList","@id":"https:\/\/aquaforest.eu\/de\/produkte\/seawater\/aquarienausstattung\/af-easy-gloss\/#breadcrumb","itemListElement":[{"@type":"ListItem","position":1,"name":"Home","item":"https:\/\/aquaforest.eu\/de\/"},{"@type":"ListItem","position":2,"name":"Produkte","item":"https:\/\/aquaforest.eu\/de\/produkte\/"},{"@type":"ListItem","position":3,"name":"AF Easy Gloss"}]},{"@type":"WebSite","@id":"https:\/\/aquaforest.eu\/de\/#website","url":"https:\/\/aquaforest.eu\/de\/","name":"Aquaforest","description":"","publisher":{"@id":"https:\/\/aquaforest.eu\/de\/#organization"},"potentialAction":[{"@type":"SearchAction","target":{"@type":"EntryPoint","urlTemplate":"https:\/\/aquaforest.eu\/de\/?s={search_term_string}"},"query-input":{"@type":"PropertyValueSpecification","valueRequired":true,"valueName":"search_term_string"}}],"inLanguage":"de"},{"@type":"Organization","@id":"https:\/\/aquaforest.eu\/de\/#organization","name":"Aquaforest","url":"https:\/\/aquaforest.eu\/de\/","logo":{"@type":"ImageObject","inLanguage":"de","@id":"https:\/\/aquaforest.eu\/de\/#\/schema\/logo\/image\/","url":"https:\/\/aquaforest.eu\/wp-content\/uploads\/2024\/05\/logotyp-aquaforest.svg","contentUrl":"https:\/\/aquaforest.eu\/wp-content\/uploads\/2024\/05\/logotyp-aquaforest.svg","width":170,"height":22,"caption":"Aquaforest"},"image":{"@id":"https:\/\/aquaforest.eu\/de\/#\/schema\/logo\/image\/"},"sameAs":["https:\/\/www.facebook.com\/Aquaforest\/","https:\/\/www.instagram.com\/aquaforest.eu\/"]}]}},"_links":{"self":[{"href":"https:\/\/aquaforest.eu\/de\/wp-json\/wp\/v2\/product\/11689","targetHints":{"allow":["GET"]}}],"collection":[{"href":"https:\/\/aquaforest.eu\/de\/wp-json\/wp\/v2\/product"}],"about":[{"href":"https:\/\/aquaforest.eu\/de\/wp-json\/wp\/v2\/types\/product"}],"version-history":[{"count":2,"href":"https:\/\/aquaforest.eu\/de\/wp-json\/wp\/v2\/product\/11689\/revisions"}],"predecessor-version":[{"id":21115,"href":"https:\/\/aquaforest.eu\/de\/wp-json\/wp\/v2\/product\/11689\/revisions\/21115"}],"wp:featuredmedia":[{"embeddable":true,"href":"https:\/\/aquaforest.eu\/de\/wp-json\/wp\/v2\/media\/11682"}],"wp:attachment":[{"href":"https:\/\/aquaforest.eu\/de\/wp-json\/wp\/v2\/media?parent=11689"}],"wp:term":[{"taxonomy":"product_brand","embeddable":true,"href":"https:\/\/aquaforest.eu\/de\/wp-json\/wp\/v2\/product_brand?post=11689"},{"taxonomy":"product_cat","embeddable":true,"href":"https:\/\/aquaforest.eu\/de\/wp-json\/wp\/v2\/product_cat?post=11689"},{"taxonomy":"product_tag","embeddable":true,"href":"https:\/\/aquaforest.eu\/de\/wp-json\/wp\/v2\/product_tag?post=11689"}],"curies":[{"name":"wp","href":"https:\/\/api.w.org\/{rel}","templated":true}]}}