{"id":11728,"date":"2024-06-25T02:07:53","date_gmt":"2024-06-25T00:07:53","guid":{"rendered":"https:\/\/aquaforest.eu\/products\/unkategorisiert\/af-purifying-resin\/"},"modified":"2025-06-02T13:22:44","modified_gmt":"2025-06-02T11:22:44","slug":"af-purifying-resin","status":"publish","type":"product","link":"https:\/\/aquaforest.eu\/de\/produkte\/freshwater\/wasserversorgung\/af-purifying-resin\/","title":{"rendered":"AF Purifying Resin"},"content":{"rendered":"<h4><span style=\"color: #000000;\">PRODUKTINFO:<\/span><\/h4>\n<p><span style=\"font-weight: 400;\">Ein spezielles Ionenaustauscherharz f\u00fcr die Verwendung in S\u00fc\u00dfwasserquarien.<\/span><span style=\"font-weight: 400;\"><br \/>\n<\/span><span style=\"font-weight: 400;\">Es ist vor allem f\u00fcr stark besetzte Aquarien gedacht, die mit dem Problem erh\u00f6hter Nitrate zu k\u00e4mpfen haben.<\/span><span style=\"font-weight: 400;\"><br \/>\n<\/span><span style=\"font-weight: 400;\">Speziell f\u00fcr die chemische Absorption von im Wasser gel\u00f6sten Stickstoffverbindungen.<\/span><span style=\"font-weight: 400;\"><br \/>\n<\/span><span style=\"font-weight: 400;\">Es arbeitet selektiv und absorbiert effektiv Nitrate aus dem Wasser, ohne den Gehalt an Mineralien zu beeintr\u00e4chtigen, die f\u00fcr das Leben im Aquarium notwendig sind. Entfernt sch\u00e4dliche Verbindungen aus dem Wasser, reduziert die H\u00e4ufigkeit der Wasserwechsel und verhindert das Wachstum von Algen.<\/span><\/p>\n<p>&nbsp;<\/p>\n<hr \/>\n<h4><\/h4>\n<h4><span style=\"color: #000000;\"><strong>WIE FUNKTIONIERT ES?<\/strong><\/span><\/h4>\n<ul>\n<li style=\"font-weight: 400;\" aria-level=\"1\"><span style=\"font-weight: 400;\">Absorbiert sch\u00e4dliche Stickstoffverbindungen<\/span><\/li>\n<li style=\"font-weight: 400;\" aria-level=\"1\"><span style=\"font-weight: 400;\">Kl\u00e4rt das Wasser<\/span><\/li>\n<li style=\"font-weight: 400;\" aria-level=\"1\"><span style=\"font-weight: 400;\">Unterst\u00fctzt die Algenbek\u00e4mpfung<\/span><\/li>\n<li style=\"font-weight: 400;\" aria-level=\"1\"><span style=\"font-weight: 400;\">Wirkt sich nicht auf essentielle Mineralien aus<\/span><\/li>\n<\/ul>\n<p>&nbsp;<\/p>\n<hr \/>\n<h4><\/h4>\n<h4><span style=\"color: #000000;\">WIE ZU VERWENDEN:<\/span><\/h4>\n<p><span style=\"font-weight: 400;\">125 ml sind ausreichend f\u00fcr die Reinigung von 400 Litern Wasser.<\/span><span style=\"font-weight: 400;\"><br \/>\n<\/span><span style=\"font-weight: 400;\">Geben Sie das Harz in einen feinmaschigen Filterbeutel und legen Sie ihn dann in den Filterkorb mit einem konstanten Wasserfluss.<\/span><span style=\"font-weight: 400;\"><br \/>\n<\/span><span style=\"font-weight: 400;\">Eine dunkelbraune Verf\u00e4rbung des Produkts zeigt an, dass es abgenutzt ist.<\/span><span style=\"font-weight: 400;\"><br \/>\n<\/span><span style=\"font-weight: 400;\">Das Paket sollte dann ersetzt oder regeneriert werden.<\/span><span style=\"font-weight: 400;\"><br \/>\n<\/span><span style=\"font-weight: 400;\">Die Regeneration kann mit einem chlorhaltigen Bleichmittel durchgef\u00fchrt werden.<\/span><span style=\"font-weight: 400;\"><br \/>\n<\/span><span style=\"font-weight: 400;\">Die Regeneration sollte in einer 50%igen Bleichl\u00f6sung f\u00fcr ca.<\/span><span style=\"font-weight: 400;\"><br \/>\n<\/span><span style=\"font-weight: 400;\">6 Stunden.<\/span><span style=\"font-weight: 400;\"><br \/>\n<\/span><span style=\"font-weight: 400;\">Sp\u00fclen Sie das Harz danach gr\u00fcndlich aus und lassen Sie es etwa 24 Stunden lang in sauberem Wasser liegen.<\/span><\/p>\n","protected":false},"excerpt":{"rendered":"<p><span style=\"font-weight: 400;\">Ein spezielles Ionenaustauscherharz, das f\u00fcr die Verwendung in S\u00fc\u00dfwasseraquarien entwickelt wurde. Speziell f\u00fcr stark besetzte Aquarien geeignet.<\/span><\/p>\n","protected":false},"featured_media":12868,"template":"","meta":{"_acf_changed":false,"content-type":""},"product_brand":[],"product_cat":[1140],"product_tag":[966,1122,1417],"class_list":{"0":"post-11728","1":"product","2":"type-product","3":"status-publish","4":"has-post-thumbnail","6":"product_cat-wasserversorgung","7":"product_tag-aquaforest-de","8":"product_tag-suswasseraquaristik","9":"product_tag-variable-de","11":"first","12":"instock","13":"taxable","14":"shipping-taxable","15":"purchasable","16":"product-type-variable","17":"has-default-attributes"},"acf":[],"yoast_head":"<!-- This site is optimized with the Yoast SEO plugin v27.1.1 - https:\/\/yoast.com\/product\/yoast-seo-wordpress\/ -->\n<title>AF Purifying Resin - Aquaforest<\/title>\n<meta name=\"description\" content=\"Effektives Harz zur Reinigung von Aquarienwasser. Eine einzigartige Formel zur Entfernung von Verunreinigungen und zur Verbesserung der Wasserqualit\u00e4t.\" \/>\n<meta name=\"robots\" content=\"index, follow, max-snippet:-1, max-image-preview:large, max-video-preview:-1\" \/>\n<link rel=\"canonical\" href=\"https:\/\/aquaforest.eu\/de\/produkte\/freshwater\/wasserversorgung\/af-purifying-resin\/\" \/>\n<meta property=\"og:locale\" content=\"de_DE\" \/>\n<meta property=\"og:type\" content=\"article\" \/>\n<meta property=\"og:title\" content=\"AF Purifying Resin - Aquaforest\" \/>\n<meta property=\"og:description\" content=\"Effektives Harz zur Reinigung von Aquarienwasser. Eine einzigartige Formel zur Entfernung von Verunreinigungen und zur Verbesserung der Wasserqualit\u00e4t.\" \/>\n<meta property=\"og:url\" content=\"https:\/\/aquaforest.eu\/de\/produkte\/freshwater\/wasserversorgung\/af-purifying-resin\/\" \/>\n<meta property=\"og:site_name\" content=\"Aquaforest\" \/>\n<meta property=\"article:publisher\" content=\"https:\/\/www.facebook.com\/Aquaforest\/\" \/>\n<meta property=\"article:modified_time\" content=\"2025-06-02T11:22:44+00:00\" \/>\n<meta property=\"og:image\" content=\"https:\/\/aquaforest.eu\/wp-content\/uploads\/2024\/06\/AF-Purifying-Resin_250-mockup_transp-2.png\" \/>\n\t<meta property=\"og:image:width\" content=\"444\" \/>\n\t<meta property=\"og:image:height\" content=\"600\" \/>\n\t<meta property=\"og:image:type\" content=\"image\/png\" \/>\n<meta name=\"twitter:card\" content=\"summary_large_image\" \/>\n<meta name=\"twitter:label1\" content=\"Gesch\u00e4tzte Lesezeit\" \/>\n\t<meta name=\"twitter:data1\" content=\"2\u00a0Minuten\" \/>\n<script type=\"application\/ld+json\" class=\"yoast-schema-graph\">{\"@context\":\"https:\/\/schema.org\",\"@graph\":[{\"@type\":\"WebPage\",\"@id\":\"https:\/\/aquaforest.eu\/de\/produkte\/freshwater\/wasserversorgung\/af-purifying-resin\/\",\"url\":\"https:\/\/aquaforest.eu\/de\/produkte\/freshwater\/wasserversorgung\/af-purifying-resin\/\",\"name\":\"AF Purifying Resin - Aquaforest\",\"isPartOf\":{\"@id\":\"https:\/\/aquaforest.eu\/de\/#website\"},\"primaryImageOfPage\":{\"@id\":\"https:\/\/aquaforest.eu\/de\/produkte\/freshwater\/wasserversorgung\/af-purifying-resin\/#primaryimage\"},\"image\":{\"@id\":\"https:\/\/aquaforest.eu\/de\/produkte\/freshwater\/wasserversorgung\/af-purifying-resin\/#primaryimage\"},\"thumbnailUrl\":\"https:\/\/aquaforest.eu\/wp-content\/uploads\/2024\/06\/AF-Purifying-Resin_250-mockup_transp-2.png\",\"datePublished\":\"2024-06-25T00:07:53+00:00\",\"dateModified\":\"2025-06-02T11:22:44+00:00\",\"description\":\"Effektives Harz zur Reinigung von Aquarienwasser. Eine einzigartige Formel zur Entfernung von Verunreinigungen und zur Verbesserung der Wasserqualit\u00e4t.\",\"breadcrumb\":{\"@id\":\"https:\/\/aquaforest.eu\/de\/produkte\/freshwater\/wasserversorgung\/af-purifying-resin\/#breadcrumb\"},\"inLanguage\":\"de\",\"potentialAction\":[{\"@type\":\"ReadAction\",\"target\":[\"https:\/\/aquaforest.eu\/de\/produkte\/freshwater\/wasserversorgung\/af-purifying-resin\/\"]}]},{\"@type\":\"ImageObject\",\"inLanguage\":\"de\",\"@id\":\"https:\/\/aquaforest.eu\/de\/produkte\/freshwater\/wasserversorgung\/af-purifying-resin\/#primaryimage\",\"url\":\"https:\/\/aquaforest.eu\/wp-content\/uploads\/2024\/06\/AF-Purifying-Resin_250-mockup_transp-2.png\",\"contentUrl\":\"https:\/\/aquaforest.eu\/wp-content\/uploads\/2024\/06\/AF-Purifying-Resin_250-mockup_transp-2.png\",\"width\":444,\"height\":600},{\"@type\":\"BreadcrumbList\",\"@id\":\"https:\/\/aquaforest.eu\/de\/produkte\/freshwater\/wasserversorgung\/af-purifying-resin\/#breadcrumb\",\"itemListElement\":[{\"@type\":\"ListItem\",\"position\":1,\"name\":\"Home\",\"item\":\"https:\/\/aquaforest.eu\/de\/\"},{\"@type\":\"ListItem\",\"position\":2,\"name\":\"Produkte\",\"item\":\"https:\/\/aquaforest.eu\/de\/produkte\/\"},{\"@type\":\"ListItem\",\"position\":3,\"name\":\"AF Purifying Resin\"}]},{\"@type\":\"WebSite\",\"@id\":\"https:\/\/aquaforest.eu\/de\/#website\",\"url\":\"https:\/\/aquaforest.eu\/de\/\",\"name\":\"Aquaforest\",\"description\":\"\",\"publisher\":{\"@id\":\"https:\/\/aquaforest.eu\/de\/#organization\"},\"potentialAction\":[{\"@type\":\"SearchAction\",\"target\":{\"@type\":\"EntryPoint\",\"urlTemplate\":\"https:\/\/aquaforest.eu\/de\/?s={search_term_string}\"},\"query-input\":{\"@type\":\"PropertyValueSpecification\",\"valueRequired\":true,\"valueName\":\"search_term_string\"}}],\"inLanguage\":\"de\"},{\"@type\":\"Organization\",\"@id\":\"https:\/\/aquaforest.eu\/de\/#organization\",\"name\":\"Aquaforest\",\"url\":\"https:\/\/aquaforest.eu\/de\/\",\"logo\":{\"@type\":\"ImageObject\",\"inLanguage\":\"de\",\"@id\":\"https:\/\/aquaforest.eu\/de\/#\/schema\/logo\/image\/\",\"url\":\"https:\/\/aquaforest.eu\/wp-content\/uploads\/2024\/05\/logotyp-aquaforest.svg\",\"contentUrl\":\"https:\/\/aquaforest.eu\/wp-content\/uploads\/2024\/05\/logotyp-aquaforest.svg\",\"width\":170,\"height\":22,\"caption\":\"Aquaforest\"},\"image\":{\"@id\":\"https:\/\/aquaforest.eu\/de\/#\/schema\/logo\/image\/\"},\"sameAs\":[\"https:\/\/www.facebook.com\/Aquaforest\/\",\"https:\/\/www.instagram.com\/aquaforest.eu\/\"]}]}<\/script>\n<!-- \/ Yoast SEO plugin. -->","yoast_head_json":{"title":"AF Purifying Resin - Aquaforest","description":"Effektives Harz zur Reinigung von Aquarienwasser. Eine einzigartige Formel zur Entfernung von Verunreinigungen und zur Verbesserung der Wasserqualit\u00e4t.","robots":{"index":"index","follow":"follow","max-snippet":"max-snippet:-1","max-image-preview":"max-image-preview:large","max-video-preview":"max-video-preview:-1"},"canonical":"https:\/\/aquaforest.eu\/de\/produkte\/freshwater\/wasserversorgung\/af-purifying-resin\/","og_locale":"de_DE","og_type":"article","og_title":"AF Purifying Resin - Aquaforest","og_description":"Effektives Harz zur Reinigung von Aquarienwasser. Eine einzigartige Formel zur Entfernung von Verunreinigungen und zur Verbesserung der Wasserqualit\u00e4t.","og_url":"https:\/\/aquaforest.eu\/de\/produkte\/freshwater\/wasserversorgung\/af-purifying-resin\/","og_site_name":"Aquaforest","article_publisher":"https:\/\/www.facebook.com\/Aquaforest\/","article_modified_time":"2025-06-02T11:22:44+00:00","og_image":[{"width":444,"height":600,"url":"https:\/\/aquaforest.eu\/wp-content\/uploads\/2024\/06\/AF-Purifying-Resin_250-mockup_transp-2.png","type":"image\/png"}],"twitter_card":"summary_large_image","twitter_misc":{"Gesch\u00e4tzte Lesezeit":"2\u00a0Minuten"},"schema":{"@context":"https:\/\/schema.org","@graph":[{"@type":"WebPage","@id":"https:\/\/aquaforest.eu\/de\/produkte\/freshwater\/wasserversorgung\/af-purifying-resin\/","url":"https:\/\/aquaforest.eu\/de\/produkte\/freshwater\/wasserversorgung\/af-purifying-resin\/","name":"AF Purifying Resin - Aquaforest","isPartOf":{"@id":"https:\/\/aquaforest.eu\/de\/#website"},"primaryImageOfPage":{"@id":"https:\/\/aquaforest.eu\/de\/produkte\/freshwater\/wasserversorgung\/af-purifying-resin\/#primaryimage"},"image":{"@id":"https:\/\/aquaforest.eu\/de\/produkte\/freshwater\/wasserversorgung\/af-purifying-resin\/#primaryimage"},"thumbnailUrl":"https:\/\/aquaforest.eu\/wp-content\/uploads\/2024\/06\/AF-Purifying-Resin_250-mockup_transp-2.png","datePublished":"2024-06-25T00:07:53+00:00","dateModified":"2025-06-02T11:22:44+00:00","description":"Effektives Harz zur Reinigung von Aquarienwasser. Eine einzigartige Formel zur Entfernung von Verunreinigungen und zur Verbesserung der Wasserqualit\u00e4t.","breadcrumb":{"@id":"https:\/\/aquaforest.eu\/de\/produkte\/freshwater\/wasserversorgung\/af-purifying-resin\/#breadcrumb"},"inLanguage":"de","potentialAction":[{"@type":"ReadAction","target":["https:\/\/aquaforest.eu\/de\/produkte\/freshwater\/wasserversorgung\/af-purifying-resin\/"]}]},{"@type":"ImageObject","inLanguage":"de","@id":"https:\/\/aquaforest.eu\/de\/produkte\/freshwater\/wasserversorgung\/af-purifying-resin\/#primaryimage","url":"https:\/\/aquaforest.eu\/wp-content\/uploads\/2024\/06\/AF-Purifying-Resin_250-mockup_transp-2.png","contentUrl":"https:\/\/aquaforest.eu\/wp-content\/uploads\/2024\/06\/AF-Purifying-Resin_250-mockup_transp-2.png","width":444,"height":600},{"@type":"BreadcrumbList","@id":"https:\/\/aquaforest.eu\/de\/produkte\/freshwater\/wasserversorgung\/af-purifying-resin\/#breadcrumb","itemListElement":[{"@type":"ListItem","position":1,"name":"Home","item":"https:\/\/aquaforest.eu\/de\/"},{"@type":"ListItem","position":2,"name":"Produkte","item":"https:\/\/aquaforest.eu\/de\/produkte\/"},{"@type":"ListItem","position":3,"name":"AF Purifying Resin"}]},{"@type":"WebSite","@id":"https:\/\/aquaforest.eu\/de\/#website","url":"https:\/\/aquaforest.eu\/de\/","name":"Aquaforest","description":"","publisher":{"@id":"https:\/\/aquaforest.eu\/de\/#organization"},"potentialAction":[{"@type":"SearchAction","target":{"@type":"EntryPoint","urlTemplate":"https:\/\/aquaforest.eu\/de\/?s={search_term_string}"},"query-input":{"@type":"PropertyValueSpecification","valueRequired":true,"valueName":"search_term_string"}}],"inLanguage":"de"},{"@type":"Organization","@id":"https:\/\/aquaforest.eu\/de\/#organization","name":"Aquaforest","url":"https:\/\/aquaforest.eu\/de\/","logo":{"@type":"ImageObject","inLanguage":"de","@id":"https:\/\/aquaforest.eu\/de\/#\/schema\/logo\/image\/","url":"https:\/\/aquaforest.eu\/wp-content\/uploads\/2024\/05\/logotyp-aquaforest.svg","contentUrl":"https:\/\/aquaforest.eu\/wp-content\/uploads\/2024\/05\/logotyp-aquaforest.svg","width":170,"height":22,"caption":"Aquaforest"},"image":{"@id":"https:\/\/aquaforest.eu\/de\/#\/schema\/logo\/image\/"},"sameAs":["https:\/\/www.facebook.com\/Aquaforest\/","https:\/\/www.instagram.com\/aquaforest.eu\/"]}]}},"_links":{"self":[{"href":"https:\/\/aquaforest.eu\/de\/wp-json\/wp\/v2\/product\/11728","targetHints":{"allow":["GET"]}}],"collection":[{"href":"https:\/\/aquaforest.eu\/de\/wp-json\/wp\/v2\/product"}],"about":[{"href":"https:\/\/aquaforest.eu\/de\/wp-json\/wp\/v2\/types\/product"}],"version-history":[{"count":1,"href":"https:\/\/aquaforest.eu\/de\/wp-json\/wp\/v2\/product\/11728\/revisions"}],"predecessor-version":[{"id":22588,"href":"https:\/\/aquaforest.eu\/de\/wp-json\/wp\/v2\/product\/11728\/revisions\/22588"}],"wp:featuredmedia":[{"embeddable":true,"href":"https:\/\/aquaforest.eu\/de\/wp-json\/wp\/v2\/media\/12868"}],"wp:attachment":[{"href":"https:\/\/aquaforest.eu\/de\/wp-json\/wp\/v2\/media?parent=11728"}],"wp:term":[{"taxonomy":"product_brand","embeddable":true,"href":"https:\/\/aquaforest.eu\/de\/wp-json\/wp\/v2\/product_brand?post=11728"},{"taxonomy":"product_cat","embeddable":true,"href":"https:\/\/aquaforest.eu\/de\/wp-json\/wp\/v2\/product_cat?post=11728"},{"taxonomy":"product_tag","embeddable":true,"href":"https:\/\/aquaforest.eu\/de\/wp-json\/wp\/v2\/product_tag?post=11728"}],"curies":[{"name":"wp","href":"https:\/\/api.w.org\/{rel}","templated":true}]}}