{"id":11731,"date":"2024-06-26T02:18:04","date_gmt":"2024-06-26T00:18:04","guid":{"rendered":"https:\/\/aquaforest.eu\/products\/unkategorisiert\/af-ultraschrapper-xl\/"},"modified":"2024-11-15T10:32:19","modified_gmt":"2024-11-15T09:32:19","slug":"af-ultrascrape-xl","status":"publish","type":"product","link":"https:\/\/aquaforest.eu\/de\/produkte\/seawater\/aquarienausstattung\/af-ultrascrape-xl\/","title":{"rendered":"AF Ultrascrape XL"},"content":{"rendered":"<p>Sauberes Glas ist f\u00fcr die \u00c4sthetik des Aquariums von grundlegender Bedeutung.<br \/>\nSelbst die sch\u00f6nsten und seltensten Korallen k\u00f6nnen von sichtbaren Algen auf der Glasoberfl\u00e4che \u00fcberschattet werden.<br \/>\nDa kommt AF Ultrascrape XL gerade recht.<br \/>\nAF Ultrascrape XL besteht aus langlebigen Materialien, die ihn sowohl f\u00fcr S\u00fc\u00df- als auch f\u00fcr Salzwasser geeignet machen.<br \/>\nDie minimalistische lilafarbene Form des Reinigers garantiert eine bequeme Handhabung und einen modernen Look.<br \/>\nDer \u00e4u\u00dfere Teil ist mit einem weichen Material versehen, mit dem Sie sanft \u00fcber die Aquarienscheiben gleiten k\u00f6nnen &#8211; ohne Kratzer.<br \/>\nDer innere Teil besteht aus einem rauen Stoff, mit dem Sie m\u00fchelos jeden Schmutz von der Glasoberfl\u00e4che entfernen k\u00f6nnen.<br \/>\nEine langlebige Klinge aus rostfreiem Stahl beseitigt selbst hartn\u00e4ckigen Schmutz wie Korallenalgen.<br \/>\nDie hochwertige Klinge ist vollst\u00e4ndig rostfrei und wird nicht stumpf, selbst wenn sie lange im Wasser liegt.<br \/>\nDie gro\u00dfe aktive Oberfl\u00e4che des Reinigers macht die Anwendung extrem einfach und effektiv.<br \/>\nStarke Magnete sch\u00fctzen das Innere vor dem Abl\u00f6sen vom Glas.<br \/>\nSelbst wenn er sich von der Oberfl\u00e4che l\u00f6st, sinkt der Reiniger nicht, sondern schwimmt auf der Wasseroberfl\u00e4che, so dass er problemlos wieder in das Aquarium eingesetzt werden kann.<br \/>\nDer AF Ultrascrape XL Magnetreiniger wurde f\u00fcr Aquarien mit einer Glasst\u00e4rke von nicht mehr als 25 mm entwickelt.<\/p>\n<p>&nbsp;<\/p>\n<hr \/>\n<p>&nbsp;<\/p>\n<p>Hauptmerkmale:<\/p>\n<ul>\n<li>Magnetischer Reiniger f\u00fcr S\u00fc\u00df- und Meerwasseraquarien<\/li>\n<li>Ausgestattet mit einer Klinge aus rostfreiem Stahl<\/li>\n<li>Gro\u00dfe aktive Fl\u00e4che<\/li>\n<li>Entfernt selbst den hartn\u00e4ckigsten Schmutz wirkungsvoll<\/li>\n<li>F\u00fcr Glasdicken bis zu 25 mm<\/li>\n<li>Gesch\u00fctzt gegen Untergang<\/li>\n<li>Reibungsloser und sicherer Betrieb<\/li>\n<li>Modernes Design<\/li>\n<li>Die h\u00f6chste Qualit\u00e4t<\/li>\n<li>Gibt keine sch\u00e4dlichen Substanzen an das Wasser ab<\/li>\n<li>Sicher f\u00fcr Fische und Korallen<\/li>\n<\/ul>\n","protected":false},"excerpt":{"rendered":"<p>Magnetischer Schaber zur effektiven Glasreinigung aus langlebigen Materialien, resistent gegen S\u00fc\u00df- und Salzwasser.<\/p>\n","protected":false},"featured_media":11723,"template":"","meta":{"_acf_changed":false,"content-type":""},"product_brand":[],"product_cat":[1148],"product_tag":[966,1102,1120],"class_list":{"0":"post-11731","1":"product","2":"type-product","3":"status-publish","4":"has-post-thumbnail","6":"product_cat-aquarienausstattung","7":"product_tag-aquaforest-de","8":"product_tag-aquarienausstattung","9":"product_tag-meerwasser-aquarien","11":"first","12":"instock","13":"taxable","14":"shipping-taxable","15":"purchasable","16":"product-type-simple"},"acf":[],"yoast_head":"<!-- This site is optimized with the Yoast SEO plugin v27.1.1 - https:\/\/yoast.com\/product\/yoast-seo-wordpress\/ -->\n<title>AF Ultrascrape XL - Aquaforest<\/title>\n<meta name=\"description\" content=\"AF Ultrascrape XL ist ein innovatives Ger\u00e4t zur effektiven Entfernung von Algen und Verunreinigungen aus dem Aquarium. Es erleichtert die Pflege und sorgt f\u00fcr eine gesunde Umgebung f\u00fcr Ihr Aquarium.\" \/>\n<meta name=\"robots\" content=\"index, follow, max-snippet:-1, max-image-preview:large, max-video-preview:-1\" \/>\n<link rel=\"canonical\" href=\"https:\/\/aquaforest.eu\/de\/produkte\/seawater\/aquarienausstattung\/af-ultrascrape-xl\/\" \/>\n<meta property=\"og:locale\" content=\"de_DE\" \/>\n<meta property=\"og:type\" content=\"article\" \/>\n<meta property=\"og:title\" content=\"AF Ultrascrape XL - Aquaforest\" \/>\n<meta property=\"og:description\" content=\"AF Ultrascrape XL ist ein innovatives Ger\u00e4t zur effektiven Entfernung von Algen und Verunreinigungen aus dem Aquarium. Es erleichtert die Pflege und sorgt f\u00fcr eine gesunde Umgebung f\u00fcr Ihr Aquarium.\" \/>\n<meta property=\"og:url\" content=\"https:\/\/aquaforest.eu\/de\/produkte\/seawater\/aquarienausstattung\/af-ultrascrape-xl\/\" \/>\n<meta property=\"og:site_name\" content=\"Aquaforest\" \/>\n<meta property=\"article:publisher\" content=\"https:\/\/www.facebook.com\/Aquaforest\/\" \/>\n<meta property=\"article:modified_time\" content=\"2024-11-15T09:32:19+00:00\" \/>\n<meta property=\"og:image\" content=\"https:\/\/aquaforest.eu\/wp-content\/uploads\/2024\/06\/AF_UltraScrape_XL.png\" \/>\n\t<meta property=\"og:image:width\" content=\"361\" \/>\n\t<meta property=\"og:image:height\" content=\"600\" \/>\n\t<meta property=\"og:image:type\" content=\"image\/png\" \/>\n<meta name=\"twitter:card\" content=\"summary_large_image\" \/>\n<meta name=\"twitter:label1\" content=\"Gesch\u00e4tzte Lesezeit\" \/>\n\t<meta name=\"twitter:data1\" content=\"2\u00a0Minuten\" \/>\n<script type=\"application\/ld+json\" class=\"yoast-schema-graph\">{\"@context\":\"https:\/\/schema.org\",\"@graph\":[{\"@type\":\"WebPage\",\"@id\":\"https:\/\/aquaforest.eu\/de\/produkte\/seawater\/aquarienausstattung\/af-ultrascrape-xl\/\",\"url\":\"https:\/\/aquaforest.eu\/de\/produkte\/seawater\/aquarienausstattung\/af-ultrascrape-xl\/\",\"name\":\"AF Ultrascrape XL - Aquaforest\",\"isPartOf\":{\"@id\":\"https:\/\/aquaforest.eu\/de\/#website\"},\"primaryImageOfPage\":{\"@id\":\"https:\/\/aquaforest.eu\/de\/produkte\/seawater\/aquarienausstattung\/af-ultrascrape-xl\/#primaryimage\"},\"image\":{\"@id\":\"https:\/\/aquaforest.eu\/de\/produkte\/seawater\/aquarienausstattung\/af-ultrascrape-xl\/#primaryimage\"},\"thumbnailUrl\":\"https:\/\/aquaforest.eu\/wp-content\/uploads\/2024\/06\/AF_UltraScrape_XL.png\",\"datePublished\":\"2024-06-26T00:18:04+00:00\",\"dateModified\":\"2024-11-15T09:32:19+00:00\",\"description\":\"AF Ultrascrape XL ist ein innovatives Ger\u00e4t zur effektiven Entfernung von Algen und Verunreinigungen aus dem Aquarium. Es erleichtert die Pflege und sorgt f\u00fcr eine gesunde Umgebung f\u00fcr Ihr Aquarium.\",\"breadcrumb\":{\"@id\":\"https:\/\/aquaforest.eu\/de\/produkte\/seawater\/aquarienausstattung\/af-ultrascrape-xl\/#breadcrumb\"},\"inLanguage\":\"de\",\"potentialAction\":[{\"@type\":\"ReadAction\",\"target\":[\"https:\/\/aquaforest.eu\/de\/produkte\/seawater\/aquarienausstattung\/af-ultrascrape-xl\/\"]}]},{\"@type\":\"ImageObject\",\"inLanguage\":\"de\",\"@id\":\"https:\/\/aquaforest.eu\/de\/produkte\/seawater\/aquarienausstattung\/af-ultrascrape-xl\/#primaryimage\",\"url\":\"https:\/\/aquaforest.eu\/wp-content\/uploads\/2024\/06\/AF_UltraScrape_XL.png\",\"contentUrl\":\"https:\/\/aquaforest.eu\/wp-content\/uploads\/2024\/06\/AF_UltraScrape_XL.png\",\"width\":361,\"height\":600},{\"@type\":\"BreadcrumbList\",\"@id\":\"https:\/\/aquaforest.eu\/de\/produkte\/seawater\/aquarienausstattung\/af-ultrascrape-xl\/#breadcrumb\",\"itemListElement\":[{\"@type\":\"ListItem\",\"position\":1,\"name\":\"Home\",\"item\":\"https:\/\/aquaforest.eu\/de\/\"},{\"@type\":\"ListItem\",\"position\":2,\"name\":\"Produkte\",\"item\":\"https:\/\/aquaforest.eu\/de\/produkte\/\"},{\"@type\":\"ListItem\",\"position\":3,\"name\":\"AF Ultrascrape XL\"}]},{\"@type\":\"WebSite\",\"@id\":\"https:\/\/aquaforest.eu\/de\/#website\",\"url\":\"https:\/\/aquaforest.eu\/de\/\",\"name\":\"Aquaforest\",\"description\":\"\",\"publisher\":{\"@id\":\"https:\/\/aquaforest.eu\/de\/#organization\"},\"potentialAction\":[{\"@type\":\"SearchAction\",\"target\":{\"@type\":\"EntryPoint\",\"urlTemplate\":\"https:\/\/aquaforest.eu\/de\/?s={search_term_string}\"},\"query-input\":{\"@type\":\"PropertyValueSpecification\",\"valueRequired\":true,\"valueName\":\"search_term_string\"}}],\"inLanguage\":\"de\"},{\"@type\":\"Organization\",\"@id\":\"https:\/\/aquaforest.eu\/de\/#organization\",\"name\":\"Aquaforest\",\"url\":\"https:\/\/aquaforest.eu\/de\/\",\"logo\":{\"@type\":\"ImageObject\",\"inLanguage\":\"de\",\"@id\":\"https:\/\/aquaforest.eu\/de\/#\/schema\/logo\/image\/\",\"url\":\"https:\/\/aquaforest.eu\/wp-content\/uploads\/2024\/05\/logotyp-aquaforest.svg\",\"contentUrl\":\"https:\/\/aquaforest.eu\/wp-content\/uploads\/2024\/05\/logotyp-aquaforest.svg\",\"width\":170,\"height\":22,\"caption\":\"Aquaforest\"},\"image\":{\"@id\":\"https:\/\/aquaforest.eu\/de\/#\/schema\/logo\/image\/\"},\"sameAs\":[\"https:\/\/www.facebook.com\/Aquaforest\/\",\"https:\/\/www.instagram.com\/aquaforest.eu\/\"]}]}<\/script>\n<!-- \/ Yoast SEO plugin. -->","yoast_head_json":{"title":"AF Ultrascrape XL - Aquaforest","description":"AF Ultrascrape XL ist ein innovatives Ger\u00e4t zur effektiven Entfernung von Algen und Verunreinigungen aus dem Aquarium. Es erleichtert die Pflege und sorgt f\u00fcr eine gesunde Umgebung f\u00fcr Ihr Aquarium.","robots":{"index":"index","follow":"follow","max-snippet":"max-snippet:-1","max-image-preview":"max-image-preview:large","max-video-preview":"max-video-preview:-1"},"canonical":"https:\/\/aquaforest.eu\/de\/produkte\/seawater\/aquarienausstattung\/af-ultrascrape-xl\/","og_locale":"de_DE","og_type":"article","og_title":"AF Ultrascrape XL - Aquaforest","og_description":"AF Ultrascrape XL ist ein innovatives Ger\u00e4t zur effektiven Entfernung von Algen und Verunreinigungen aus dem Aquarium. Es erleichtert die Pflege und sorgt f\u00fcr eine gesunde Umgebung f\u00fcr Ihr Aquarium.","og_url":"https:\/\/aquaforest.eu\/de\/produkte\/seawater\/aquarienausstattung\/af-ultrascrape-xl\/","og_site_name":"Aquaforest","article_publisher":"https:\/\/www.facebook.com\/Aquaforest\/","article_modified_time":"2024-11-15T09:32:19+00:00","og_image":[{"width":361,"height":600,"url":"https:\/\/aquaforest.eu\/wp-content\/uploads\/2024\/06\/AF_UltraScrape_XL.png","type":"image\/png"}],"twitter_card":"summary_large_image","twitter_misc":{"Gesch\u00e4tzte Lesezeit":"2\u00a0Minuten"},"schema":{"@context":"https:\/\/schema.org","@graph":[{"@type":"WebPage","@id":"https:\/\/aquaforest.eu\/de\/produkte\/seawater\/aquarienausstattung\/af-ultrascrape-xl\/","url":"https:\/\/aquaforest.eu\/de\/produkte\/seawater\/aquarienausstattung\/af-ultrascrape-xl\/","name":"AF Ultrascrape XL - Aquaforest","isPartOf":{"@id":"https:\/\/aquaforest.eu\/de\/#website"},"primaryImageOfPage":{"@id":"https:\/\/aquaforest.eu\/de\/produkte\/seawater\/aquarienausstattung\/af-ultrascrape-xl\/#primaryimage"},"image":{"@id":"https:\/\/aquaforest.eu\/de\/produkte\/seawater\/aquarienausstattung\/af-ultrascrape-xl\/#primaryimage"},"thumbnailUrl":"https:\/\/aquaforest.eu\/wp-content\/uploads\/2024\/06\/AF_UltraScrape_XL.png","datePublished":"2024-06-26T00:18:04+00:00","dateModified":"2024-11-15T09:32:19+00:00","description":"AF Ultrascrape XL ist ein innovatives Ger\u00e4t zur effektiven Entfernung von Algen und Verunreinigungen aus dem Aquarium. Es erleichtert die Pflege und sorgt f\u00fcr eine gesunde Umgebung f\u00fcr Ihr Aquarium.","breadcrumb":{"@id":"https:\/\/aquaforest.eu\/de\/produkte\/seawater\/aquarienausstattung\/af-ultrascrape-xl\/#breadcrumb"},"inLanguage":"de","potentialAction":[{"@type":"ReadAction","target":["https:\/\/aquaforest.eu\/de\/produkte\/seawater\/aquarienausstattung\/af-ultrascrape-xl\/"]}]},{"@type":"ImageObject","inLanguage":"de","@id":"https:\/\/aquaforest.eu\/de\/produkte\/seawater\/aquarienausstattung\/af-ultrascrape-xl\/#primaryimage","url":"https:\/\/aquaforest.eu\/wp-content\/uploads\/2024\/06\/AF_UltraScrape_XL.png","contentUrl":"https:\/\/aquaforest.eu\/wp-content\/uploads\/2024\/06\/AF_UltraScrape_XL.png","width":361,"height":600},{"@type":"BreadcrumbList","@id":"https:\/\/aquaforest.eu\/de\/produkte\/seawater\/aquarienausstattung\/af-ultrascrape-xl\/#breadcrumb","itemListElement":[{"@type":"ListItem","position":1,"name":"Home","item":"https:\/\/aquaforest.eu\/de\/"},{"@type":"ListItem","position":2,"name":"Produkte","item":"https:\/\/aquaforest.eu\/de\/produkte\/"},{"@type":"ListItem","position":3,"name":"AF Ultrascrape XL"}]},{"@type":"WebSite","@id":"https:\/\/aquaforest.eu\/de\/#website","url":"https:\/\/aquaforest.eu\/de\/","name":"Aquaforest","description":"","publisher":{"@id":"https:\/\/aquaforest.eu\/de\/#organization"},"potentialAction":[{"@type":"SearchAction","target":{"@type":"EntryPoint","urlTemplate":"https:\/\/aquaforest.eu\/de\/?s={search_term_string}"},"query-input":{"@type":"PropertyValueSpecification","valueRequired":true,"valueName":"search_term_string"}}],"inLanguage":"de"},{"@type":"Organization","@id":"https:\/\/aquaforest.eu\/de\/#organization","name":"Aquaforest","url":"https:\/\/aquaforest.eu\/de\/","logo":{"@type":"ImageObject","inLanguage":"de","@id":"https:\/\/aquaforest.eu\/de\/#\/schema\/logo\/image\/","url":"https:\/\/aquaforest.eu\/wp-content\/uploads\/2024\/05\/logotyp-aquaforest.svg","contentUrl":"https:\/\/aquaforest.eu\/wp-content\/uploads\/2024\/05\/logotyp-aquaforest.svg","width":170,"height":22,"caption":"Aquaforest"},"image":{"@id":"https:\/\/aquaforest.eu\/de\/#\/schema\/logo\/image\/"},"sameAs":["https:\/\/www.facebook.com\/Aquaforest\/","https:\/\/www.instagram.com\/aquaforest.eu\/"]}]}},"_links":{"self":[{"href":"https:\/\/aquaforest.eu\/de\/wp-json\/wp\/v2\/product\/11731","targetHints":{"allow":["GET"]}}],"collection":[{"href":"https:\/\/aquaforest.eu\/de\/wp-json\/wp\/v2\/product"}],"about":[{"href":"https:\/\/aquaforest.eu\/de\/wp-json\/wp\/v2\/types\/product"}],"version-history":[{"count":0,"href":"https:\/\/aquaforest.eu\/de\/wp-json\/wp\/v2\/product\/11731\/revisions"}],"wp:featuredmedia":[{"embeddable":true,"href":"https:\/\/aquaforest.eu\/de\/wp-json\/wp\/v2\/media\/11723"}],"wp:attachment":[{"href":"https:\/\/aquaforest.eu\/de\/wp-json\/wp\/v2\/media?parent=11731"}],"wp:term":[{"taxonomy":"product_brand","embeddable":true,"href":"https:\/\/aquaforest.eu\/de\/wp-json\/wp\/v2\/product_brand?post=11731"},{"taxonomy":"product_cat","embeddable":true,"href":"https:\/\/aquaforest.eu\/de\/wp-json\/wp\/v2\/product_cat?post=11731"},{"taxonomy":"product_tag","embeddable":true,"href":"https:\/\/aquaforest.eu\/de\/wp-json\/wp\/v2\/product_tag?post=11731"}],"curies":[{"name":"wp","href":"https:\/\/api.w.org\/{rel}","templated":true}]}}