{"id":11797,"date":"2024-06-25T01:56:00","date_gmt":"2024-06-24T23:56:00","guid":{"rendered":"https:\/\/aquaforest.eu\/products\/unkategorisiert\/af-garnele-gh\/"},"modified":"2025-06-02T13:32:40","modified_gmt":"2025-06-02T11:32:40","slug":"af-shrimp-gh","status":"publish","type":"product","link":"https:\/\/aquaforest.eu\/de\/produkte\/freshwater\/wasserversorgung\/af-shrimp-gh\/","title":{"rendered":"AF Shrimp GH+"},"content":{"rendered":"<h4><span style=\"color: #000000;\">PRODUKTINFO:<\/span><\/h4>\n<p><span style=\"font-weight: 400;\">Professionelles Pr\u00e4parat zur Mineralisierung von RO-Wasser, das speziell f\u00fcr die Zucht von Garnelen, insbesondere von Bienen- und Cristal-Arten, entwickelt wurde.<\/span><span style=\"font-weight: 400;\"><br \/>\n<\/span><span style=\"font-weight: 400;\">Dank der Verwendung nat\u00fcrlicher Inhaltsstoffe reichert es das Wasser mit allen f\u00fcr die Aquarienbewohner notwendigen Mineralien an und garantiert die perfekten Wasserparameter.<\/span><span style=\"font-weight: 400;\"><br \/>\n<\/span><span style=\"font-weight: 400;\">Die einzigartige Formel wurde mit Eisen angereichert.<\/span><span style=\"font-weight: 400;\"><br \/>\n<\/span><span style=\"font-weight: 400;\">Sie erg\u00e4nzt das Wasser mit Kalzium, Magnesium und Kalium im perfekten Verh\u00e4ltnis.<\/span><span style=\"font-weight: 400;\"><br \/>\n<\/span><span style=\"font-weight: 400;\">Es verhindert einen unzureichenden Gehalt an diesen Elementen, der zu ernsthaften H\u00e4utungs- und Fortpflanzungsproblemen bei Garnelen f\u00fchren k\u00f6nnte.<\/span><span style=\"font-weight: 400;\"><br \/>\n<\/span><span style=\"font-weight: 400;\">Die fl\u00fcssige Form erm\u00f6glicht eine einfache und bequeme Anwendung.<\/span><span style=\"font-weight: 400;\"><br \/>\n<\/span><span style=\"font-weight: 400;\">Durch die perfekte Auswahl der Inhaltsstoffe bleibt das Wasser vollkommen klar, ohne Tr\u00fcbungen oder wei\u00dfe Verf\u00e4rbungen.<\/span><span style=\"font-weight: 400;\"><br \/>\n<\/span><span style=\"font-weight: 400;\">Es garantiert ein gesundes Wachstum der Garnelen und die richtige H\u00e4utung.<\/span><span style=\"font-weight: 400;\"><br \/>\n<\/span><span style=\"font-weight: 400;\">Die richtige Mineralisierung des Wassers erm\u00f6glicht es den Garnelen, alle notwendigen Mineralien direkt aus dem Wasser aufzunehmen, einschlie\u00dflich Kalzium, das f\u00fcr den Aufbau und die H\u00e4rtung des Panzers notwendig ist.<\/span><\/p>\n<p>&nbsp;<\/p>\n<hr \/>\n<h4><\/h4>\n<h4><span style=\"color: #000000;\"><strong>WIE FUNKTIONIERT ES?<\/strong><\/span><\/h4>\n<ul>\n<li style=\"font-weight: 400;\" aria-level=\"1\"><span style=\"font-weight: 400;\">Das Produkt erh\u00f6ht die Gesamth\u00e4rte (GH) und l\u00e4sst die Karbonath\u00e4rte (KH) unver\u00e4ndert.<\/span><\/li>\n<li style=\"font-weight: 400;\" aria-level=\"1\"><span style=\"font-weight: 400;\">Mineralisiert RO, deionisiertes und destilliertes Wasser<\/span><\/li>\n<li style=\"font-weight: 400;\" aria-level=\"1\"><span style=\"font-weight: 400;\">Liefert wichtige Mineralien<\/span><\/li>\n<li style=\"font-weight: 400;\" aria-level=\"1\"><span style=\"font-weight: 400;\">Garantiert perfekte Wasserparameter<\/span><\/li>\n<\/ul>\n<p>&nbsp;<\/p>\n<hr \/>\n<h4><\/h4>\n<h4><strong>ANWENDUNG:<\/strong><\/h4>\n<ul>\n<li style=\"font-weight: 400;\" aria-level=\"1\"><span style=\"font-weight: 400;\">F\u00fcr GH 5 \u2013 3 ml\/5 l Wasser<\/span><\/li>\n<li style=\"font-weight: 400;\" aria-level=\"1\"><span style=\"font-weight: 400;\">Mit Wasser au\u00dferhalb des Aquariums mischen<\/span><\/li>\n<li style=\"font-weight: 400;\" aria-level=\"1\"><span style=\"font-weight: 400;\">Nach dem Mischen ist das Wasser sofort einsatzbereit<\/span><\/li>\n<\/ul>\n<h4><span style=\"color: #000000;\"><strong>WICHTIG<\/strong><\/span><\/h4>\n<p><span style=\"font-weight: 400;\">Aufgrund des hohen Gehalts an Mineralien kann es zu Ablagerungen am Boden der Flasche kommen. Dies ist v\u00f6llig nat\u00fcrlich und stellt keinen Produktfehler dar.<\/span><span style=\"font-weight: 400;\"><br \/>\n<\/span><span style=\"font-weight: 400;\">Die Ablagerungen haben auch keinen Einfluss auf die Klarheit des Wassers im Aquarium.<\/span><\/p>\n","protected":false},"excerpt":{"rendered":"<p><span style=\"font-weight: 400;\">Professionelles Pr\u00e4parat zur Mineralisierung von RO-Wasser, das speziell f\u00fcr die Zucht von Garnelen, insbesondere von Bienen- und Cristal-Arten, entwickelt wurde.<\/span><\/p>\n","protected":false},"featured_media":11938,"template":"","meta":{"_acf_changed":false,"content-type":""},"product_brand":[],"product_cat":[1140],"product_tag":[966,1122,1417],"class_list":{"0":"post-11797","1":"product","2":"type-product","3":"status-publish","4":"has-post-thumbnail","6":"product_cat-wasserversorgung","7":"product_tag-aquaforest-de","8":"product_tag-suswasseraquaristik","9":"product_tag-variable-de","11":"first","12":"instock","13":"taxable","14":"shipping-taxable","15":"purchasable","16":"product-type-variable","17":"has-default-attributes"},"acf":[],"yoast_head":"<!-- This site is optimized with the Yoast SEO plugin v27.1.1 - https:\/\/yoast.com\/product\/yoast-seo-wordpress\/ -->\n<title>AF Shrimp GH+ - Aquaforest<\/title>\n<meta name=\"description\" content=\"Ein wirksames Pr\u00e4parat zur Regulierung der Wasserh\u00e4rte f\u00fcr Garnelen. Eine einzigartige Formel, die die Gesundheit und die richtige Entwicklung von Garnelen unterst\u00fctzt.\" \/>\n<meta name=\"robots\" content=\"index, follow, max-snippet:-1, max-image-preview:large, max-video-preview:-1\" \/>\n<link rel=\"canonical\" href=\"https:\/\/aquaforest.eu\/de\/produkte\/freshwater\/wasserversorgung\/af-shrimp-gh\/\" \/>\n<meta property=\"og:locale\" content=\"de_DE\" \/>\n<meta property=\"og:type\" content=\"article\" \/>\n<meta property=\"og:title\" content=\"AF Shrimp GH+ - Aquaforest\" \/>\n<meta property=\"og:description\" content=\"Ein wirksames Pr\u00e4parat zur Regulierung der Wasserh\u00e4rte f\u00fcr Garnelen. Eine einzigartige Formel, die die Gesundheit und die richtige Entwicklung von Garnelen unterst\u00fctzt.\" \/>\n<meta property=\"og:url\" content=\"https:\/\/aquaforest.eu\/de\/produkte\/freshwater\/wasserversorgung\/af-shrimp-gh\/\" \/>\n<meta property=\"og:site_name\" content=\"Aquaforest\" \/>\n<meta property=\"article:publisher\" content=\"https:\/\/www.facebook.com\/Aquaforest\/\" \/>\n<meta property=\"article:modified_time\" content=\"2025-06-02T11:32:40+00:00\" \/>\n<meta property=\"og:image\" content=\"https:\/\/aquaforest.eu\/wp-content\/uploads\/2024\/06\/AF-Shrimp-GH.png\" \/>\n\t<meta property=\"og:image:width\" content=\"250\" \/>\n\t<meta property=\"og:image:height\" content=\"600\" \/>\n\t<meta property=\"og:image:type\" content=\"image\/png\" \/>\n<meta name=\"twitter:card\" content=\"summary_large_image\" \/>\n<meta name=\"twitter:label1\" content=\"Gesch\u00e4tzte Lesezeit\" \/>\n\t<meta name=\"twitter:data1\" content=\"2\u00a0Minuten\" \/>\n<script type=\"application\/ld+json\" class=\"yoast-schema-graph\">{\"@context\":\"https:\/\/schema.org\",\"@graph\":[{\"@type\":\"WebPage\",\"@id\":\"https:\/\/aquaforest.eu\/de\/produkte\/freshwater\/wasserversorgung\/af-shrimp-gh\/\",\"url\":\"https:\/\/aquaforest.eu\/de\/produkte\/freshwater\/wasserversorgung\/af-shrimp-gh\/\",\"name\":\"AF Shrimp GH+ - Aquaforest\",\"isPartOf\":{\"@id\":\"https:\/\/aquaforest.eu\/de\/#website\"},\"primaryImageOfPage\":{\"@id\":\"https:\/\/aquaforest.eu\/de\/produkte\/freshwater\/wasserversorgung\/af-shrimp-gh\/#primaryimage\"},\"image\":{\"@id\":\"https:\/\/aquaforest.eu\/de\/produkte\/freshwater\/wasserversorgung\/af-shrimp-gh\/#primaryimage\"},\"thumbnailUrl\":\"https:\/\/aquaforest.eu\/wp-content\/uploads\/2024\/06\/AF-Shrimp-GH.png\",\"datePublished\":\"2024-06-24T23:56:00+00:00\",\"dateModified\":\"2025-06-02T11:32:40+00:00\",\"description\":\"Ein wirksames Pr\u00e4parat zur Regulierung der Wasserh\u00e4rte f\u00fcr Garnelen. Eine einzigartige Formel, die die Gesundheit und die richtige Entwicklung von Garnelen unterst\u00fctzt.\",\"breadcrumb\":{\"@id\":\"https:\/\/aquaforest.eu\/de\/produkte\/freshwater\/wasserversorgung\/af-shrimp-gh\/#breadcrumb\"},\"inLanguage\":\"de\",\"potentialAction\":[{\"@type\":\"ReadAction\",\"target\":[\"https:\/\/aquaforest.eu\/de\/produkte\/freshwater\/wasserversorgung\/af-shrimp-gh\/\"]}]},{\"@type\":\"ImageObject\",\"inLanguage\":\"de\",\"@id\":\"https:\/\/aquaforest.eu\/de\/produkte\/freshwater\/wasserversorgung\/af-shrimp-gh\/#primaryimage\",\"url\":\"https:\/\/aquaforest.eu\/wp-content\/uploads\/2024\/06\/AF-Shrimp-GH.png\",\"contentUrl\":\"https:\/\/aquaforest.eu\/wp-content\/uploads\/2024\/06\/AF-Shrimp-GH.png\",\"width\":250,\"height\":600},{\"@type\":\"BreadcrumbList\",\"@id\":\"https:\/\/aquaforest.eu\/de\/produkte\/freshwater\/wasserversorgung\/af-shrimp-gh\/#breadcrumb\",\"itemListElement\":[{\"@type\":\"ListItem\",\"position\":1,\"name\":\"Home\",\"item\":\"https:\/\/aquaforest.eu\/de\/\"},{\"@type\":\"ListItem\",\"position\":2,\"name\":\"Produkte\",\"item\":\"https:\/\/aquaforest.eu\/de\/produkte\/\"},{\"@type\":\"ListItem\",\"position\":3,\"name\":\"AF Shrimp GH+\"}]},{\"@type\":\"WebSite\",\"@id\":\"https:\/\/aquaforest.eu\/de\/#website\",\"url\":\"https:\/\/aquaforest.eu\/de\/\",\"name\":\"Aquaforest\",\"description\":\"\",\"publisher\":{\"@id\":\"https:\/\/aquaforest.eu\/de\/#organization\"},\"potentialAction\":[{\"@type\":\"SearchAction\",\"target\":{\"@type\":\"EntryPoint\",\"urlTemplate\":\"https:\/\/aquaforest.eu\/de\/?s={search_term_string}\"},\"query-input\":{\"@type\":\"PropertyValueSpecification\",\"valueRequired\":true,\"valueName\":\"search_term_string\"}}],\"inLanguage\":\"de\"},{\"@type\":\"Organization\",\"@id\":\"https:\/\/aquaforest.eu\/de\/#organization\",\"name\":\"Aquaforest\",\"url\":\"https:\/\/aquaforest.eu\/de\/\",\"logo\":{\"@type\":\"ImageObject\",\"inLanguage\":\"de\",\"@id\":\"https:\/\/aquaforest.eu\/de\/#\/schema\/logo\/image\/\",\"url\":\"https:\/\/aquaforest.eu\/wp-content\/uploads\/2024\/05\/logotyp-aquaforest.svg\",\"contentUrl\":\"https:\/\/aquaforest.eu\/wp-content\/uploads\/2024\/05\/logotyp-aquaforest.svg\",\"width\":170,\"height\":22,\"caption\":\"Aquaforest\"},\"image\":{\"@id\":\"https:\/\/aquaforest.eu\/de\/#\/schema\/logo\/image\/\"},\"sameAs\":[\"https:\/\/www.facebook.com\/Aquaforest\/\",\"https:\/\/www.instagram.com\/aquaforest.eu\/\"]}]}<\/script>\n<!-- \/ Yoast SEO plugin. -->","yoast_head_json":{"title":"AF Shrimp GH+ - Aquaforest","description":"Ein wirksames Pr\u00e4parat zur Regulierung der Wasserh\u00e4rte f\u00fcr Garnelen. Eine einzigartige Formel, die die Gesundheit und die richtige Entwicklung von Garnelen unterst\u00fctzt.","robots":{"index":"index","follow":"follow","max-snippet":"max-snippet:-1","max-image-preview":"max-image-preview:large","max-video-preview":"max-video-preview:-1"},"canonical":"https:\/\/aquaforest.eu\/de\/produkte\/freshwater\/wasserversorgung\/af-shrimp-gh\/","og_locale":"de_DE","og_type":"article","og_title":"AF Shrimp GH+ - Aquaforest","og_description":"Ein wirksames Pr\u00e4parat zur Regulierung der Wasserh\u00e4rte f\u00fcr Garnelen. Eine einzigartige Formel, die die Gesundheit und die richtige Entwicklung von Garnelen unterst\u00fctzt.","og_url":"https:\/\/aquaforest.eu\/de\/produkte\/freshwater\/wasserversorgung\/af-shrimp-gh\/","og_site_name":"Aquaforest","article_publisher":"https:\/\/www.facebook.com\/Aquaforest\/","article_modified_time":"2025-06-02T11:32:40+00:00","og_image":[{"width":250,"height":600,"url":"https:\/\/aquaforest.eu\/wp-content\/uploads\/2024\/06\/AF-Shrimp-GH.png","type":"image\/png"}],"twitter_card":"summary_large_image","twitter_misc":{"Gesch\u00e4tzte Lesezeit":"2\u00a0Minuten"},"schema":{"@context":"https:\/\/schema.org","@graph":[{"@type":"WebPage","@id":"https:\/\/aquaforest.eu\/de\/produkte\/freshwater\/wasserversorgung\/af-shrimp-gh\/","url":"https:\/\/aquaforest.eu\/de\/produkte\/freshwater\/wasserversorgung\/af-shrimp-gh\/","name":"AF Shrimp GH+ - Aquaforest","isPartOf":{"@id":"https:\/\/aquaforest.eu\/de\/#website"},"primaryImageOfPage":{"@id":"https:\/\/aquaforest.eu\/de\/produkte\/freshwater\/wasserversorgung\/af-shrimp-gh\/#primaryimage"},"image":{"@id":"https:\/\/aquaforest.eu\/de\/produkte\/freshwater\/wasserversorgung\/af-shrimp-gh\/#primaryimage"},"thumbnailUrl":"https:\/\/aquaforest.eu\/wp-content\/uploads\/2024\/06\/AF-Shrimp-GH.png","datePublished":"2024-06-24T23:56:00+00:00","dateModified":"2025-06-02T11:32:40+00:00","description":"Ein wirksames Pr\u00e4parat zur Regulierung der Wasserh\u00e4rte f\u00fcr Garnelen. Eine einzigartige Formel, die die Gesundheit und die richtige Entwicklung von Garnelen unterst\u00fctzt.","breadcrumb":{"@id":"https:\/\/aquaforest.eu\/de\/produkte\/freshwater\/wasserversorgung\/af-shrimp-gh\/#breadcrumb"},"inLanguage":"de","potentialAction":[{"@type":"ReadAction","target":["https:\/\/aquaforest.eu\/de\/produkte\/freshwater\/wasserversorgung\/af-shrimp-gh\/"]}]},{"@type":"ImageObject","inLanguage":"de","@id":"https:\/\/aquaforest.eu\/de\/produkte\/freshwater\/wasserversorgung\/af-shrimp-gh\/#primaryimage","url":"https:\/\/aquaforest.eu\/wp-content\/uploads\/2024\/06\/AF-Shrimp-GH.png","contentUrl":"https:\/\/aquaforest.eu\/wp-content\/uploads\/2024\/06\/AF-Shrimp-GH.png","width":250,"height":600},{"@type":"BreadcrumbList","@id":"https:\/\/aquaforest.eu\/de\/produkte\/freshwater\/wasserversorgung\/af-shrimp-gh\/#breadcrumb","itemListElement":[{"@type":"ListItem","position":1,"name":"Home","item":"https:\/\/aquaforest.eu\/de\/"},{"@type":"ListItem","position":2,"name":"Produkte","item":"https:\/\/aquaforest.eu\/de\/produkte\/"},{"@type":"ListItem","position":3,"name":"AF Shrimp GH+"}]},{"@type":"WebSite","@id":"https:\/\/aquaforest.eu\/de\/#website","url":"https:\/\/aquaforest.eu\/de\/","name":"Aquaforest","description":"","publisher":{"@id":"https:\/\/aquaforest.eu\/de\/#organization"},"potentialAction":[{"@type":"SearchAction","target":{"@type":"EntryPoint","urlTemplate":"https:\/\/aquaforest.eu\/de\/?s={search_term_string}"},"query-input":{"@type":"PropertyValueSpecification","valueRequired":true,"valueName":"search_term_string"}}],"inLanguage":"de"},{"@type":"Organization","@id":"https:\/\/aquaforest.eu\/de\/#organization","name":"Aquaforest","url":"https:\/\/aquaforest.eu\/de\/","logo":{"@type":"ImageObject","inLanguage":"de","@id":"https:\/\/aquaforest.eu\/de\/#\/schema\/logo\/image\/","url":"https:\/\/aquaforest.eu\/wp-content\/uploads\/2024\/05\/logotyp-aquaforest.svg","contentUrl":"https:\/\/aquaforest.eu\/wp-content\/uploads\/2024\/05\/logotyp-aquaforest.svg","width":170,"height":22,"caption":"Aquaforest"},"image":{"@id":"https:\/\/aquaforest.eu\/de\/#\/schema\/logo\/image\/"},"sameAs":["https:\/\/www.facebook.com\/Aquaforest\/","https:\/\/www.instagram.com\/aquaforest.eu\/"]}]}},"_links":{"self":[{"href":"https:\/\/aquaforest.eu\/de\/wp-json\/wp\/v2\/product\/11797","targetHints":{"allow":["GET"]}}],"collection":[{"href":"https:\/\/aquaforest.eu\/de\/wp-json\/wp\/v2\/product"}],"about":[{"href":"https:\/\/aquaforest.eu\/de\/wp-json\/wp\/v2\/types\/product"}],"version-history":[{"count":1,"href":"https:\/\/aquaforest.eu\/de\/wp-json\/wp\/v2\/product\/11797\/revisions"}],"predecessor-version":[{"id":22591,"href":"https:\/\/aquaforest.eu\/de\/wp-json\/wp\/v2\/product\/11797\/revisions\/22591"}],"wp:featuredmedia":[{"embeddable":true,"href":"https:\/\/aquaforest.eu\/de\/wp-json\/wp\/v2\/media\/11938"}],"wp:attachment":[{"href":"https:\/\/aquaforest.eu\/de\/wp-json\/wp\/v2\/media?parent=11797"}],"wp:term":[{"taxonomy":"product_brand","embeddable":true,"href":"https:\/\/aquaforest.eu\/de\/wp-json\/wp\/v2\/product_brand?post=11797"},{"taxonomy":"product_cat","embeddable":true,"href":"https:\/\/aquaforest.eu\/de\/wp-json\/wp\/v2\/product_cat?post=11797"},{"taxonomy":"product_tag","embeddable":true,"href":"https:\/\/aquaforest.eu\/de\/wp-json\/wp\/v2\/product_tag?post=11797"}],"curies":[{"name":"wp","href":"https:\/\/api.w.org\/{rel}","templated":true}]}}