{"id":11820,"date":"2024-06-25T01:47:30","date_gmt":"2024-06-24T23:47:30","guid":{"rendered":"https:\/\/aquaforest.eu\/products\/unkategorisiert\/af-minus-ph\/"},"modified":"2024-11-25T11:54:32","modified_gmt":"2024-11-25T10:54:32","slug":"af-minus-ph","status":"publish","type":"product","link":"https:\/\/aquaforest.eu\/de\/produkte\/freshwater\/wasserversorgung\/af-minus-ph\/","title":{"rendered":"AF Minus Ph"},"content":{"rendered":"<h4>PRODUKTINFO:<\/h4>\n<p>Professionelle Medien zur Senkung des pH-Werts von Aquarienwasser. Der PH-Wert des Aquarienwassers bestimmt das biologische Gleichgewicht des Aquariums, daher sollte er so nah wie m\u00f6glich am nat\u00fcrlichen Zustand sein. Fischarten aus dem Amazonas, wo der pH-Wert des Wassers 5,5-6,5 betr\u00e4gt, bevorzugen einen leicht sauren pH-Wert. F\u00fcr einige Fischarten muss der pH-Wert des Leitungswassers nat\u00fcrlich gesenkt werden. AF Minus pH gew\u00e4hrleistet dies auf schnelle und einfache Weise. Der optimale pH-Wert bietet eine solide Grundlage f\u00fcr die Fortpflanzung und wirkt sich positiv auf den allgemeinen Zustand der Fische aus. Die perfekten Bedingungen, die dank AF pH Minus erreicht werden, erm\u00f6glichen es, gef\u00e4hrliche alkalische Krankheiten zu vermeiden.<br \/>\nKein Phosphatgehalt.<\/p>\n<p>&nbsp;<\/p>\n<hr \/>\n<h4><\/h4>\n<h4>WIE ZU VERWENDEN:<\/h4>\n<p>Aufgrund der M\u00f6glichkeit einer \u00dcberdosierung wird nicht empfohlen, dieses Produkt direkt in das Aquarium zu geben. AF Minus pH sollte au\u00dferhalb des Aquariums zubereitet werden, in Wasser, das gewechselt werden soll. Pr\u00fcfen Sie vor der Anwendung den pH-Wert und dosieren Sie das Produkt nur so viel, dass der gew\u00fcnschte Wert erreicht wird. 1 ml AF Minus pH pro 1 Liter Wasser senkt den pH-Wert um 0,2. Da pl\u00f6tzliche \u00c4nderungen des pH-Werts sehr sch\u00e4dlich sind, sollten Sie den pH-Wert des Wassers im Aquarium nicht um mehr als 0,5 pro Tag senken.<\/p>\n","protected":false},"excerpt":{"rendered":"<p>Professioneller Konditionierer zur Senkung des pH-Werts von Aquarienwasser.<br \/>\nSpeziell f\u00fcr Fischarten aus dem Amazonasgebiet.<\/p>\n","protected":false},"featured_media":11936,"template":"","meta":{"_acf_changed":false,"content-type":""},"product_brand":[],"product_cat":[1140],"product_tag":[966,1122,1417],"class_list":{"0":"post-11820","1":"product","2":"type-product","3":"status-publish","4":"has-post-thumbnail","6":"product_cat-wasserversorgung","7":"product_tag-aquaforest-de","8":"product_tag-suswasseraquaristik","9":"product_tag-variable-de","11":"first","12":"instock","13":"taxable","14":"shipping-taxable","15":"purchasable","16":"product-type-variable","17":"has-default-attributes"},"acf":[],"yoast_head":"<!-- This site is optimized with the Yoast SEO plugin v27.1.1 - https:\/\/yoast.com\/product\/yoast-seo-wordpress\/ -->\n<title>AF Minus Ph - Aquaforest<\/title>\n<meta name=\"description\" content=\"AF Minus pH: Wirksames Pr\u00e4parat zur Senkung des pH-Werts in S\u00fc\u00dfwasseraquarien. Zuverl\u00e4ssige Formel f\u00fcr eine pr\u00e4zise Regulierung und Stabilit\u00e4t der Wasserparameter.\" \/>\n<meta name=\"robots\" content=\"index, follow, max-snippet:-1, max-image-preview:large, max-video-preview:-1\" \/>\n<link rel=\"canonical\" href=\"https:\/\/aquaforest.eu\/de\/produkte\/freshwater\/wasserversorgung\/af-minus-ph\/\" \/>\n<meta property=\"og:locale\" content=\"de_DE\" \/>\n<meta property=\"og:type\" content=\"article\" \/>\n<meta property=\"og:title\" content=\"AF Minus Ph - Aquaforest\" \/>\n<meta property=\"og:description\" content=\"AF Minus pH: Wirksames Pr\u00e4parat zur Senkung des pH-Werts in S\u00fc\u00dfwasseraquarien. Zuverl\u00e4ssige Formel f\u00fcr eine pr\u00e4zise Regulierung und Stabilit\u00e4t der Wasserparameter.\" \/>\n<meta property=\"og:url\" content=\"https:\/\/aquaforest.eu\/de\/produkte\/freshwater\/wasserversorgung\/af-minus-ph\/\" \/>\n<meta property=\"og:site_name\" content=\"Aquaforest\" \/>\n<meta property=\"article:publisher\" content=\"https:\/\/www.facebook.com\/Aquaforest\/\" \/>\n<meta property=\"article:modified_time\" content=\"2024-11-25T10:54:32+00:00\" \/>\n<meta property=\"og:image\" content=\"https:\/\/aquaforest.eu\/wp-content\/uploads\/2024\/06\/AF-Minus-pH.png\" \/>\n\t<meta property=\"og:image:width\" content=\"251\" \/>\n\t<meta property=\"og:image:height\" content=\"600\" \/>\n\t<meta property=\"og:image:type\" content=\"image\/png\" \/>\n<meta name=\"twitter:card\" content=\"summary_large_image\" \/>\n<meta name=\"twitter:label1\" content=\"Gesch\u00e4tzte Lesezeit\" \/>\n\t<meta name=\"twitter:data1\" content=\"2\u00a0Minuten\" \/>\n<script type=\"application\/ld+json\" class=\"yoast-schema-graph\">{\"@context\":\"https:\/\/schema.org\",\"@graph\":[{\"@type\":\"WebPage\",\"@id\":\"https:\/\/aquaforest.eu\/de\/produkte\/freshwater\/wasserversorgung\/af-minus-ph\/\",\"url\":\"https:\/\/aquaforest.eu\/de\/produkte\/freshwater\/wasserversorgung\/af-minus-ph\/\",\"name\":\"AF Minus Ph - Aquaforest\",\"isPartOf\":{\"@id\":\"https:\/\/aquaforest.eu\/de\/#website\"},\"primaryImageOfPage\":{\"@id\":\"https:\/\/aquaforest.eu\/de\/produkte\/freshwater\/wasserversorgung\/af-minus-ph\/#primaryimage\"},\"image\":{\"@id\":\"https:\/\/aquaforest.eu\/de\/produkte\/freshwater\/wasserversorgung\/af-minus-ph\/#primaryimage\"},\"thumbnailUrl\":\"https:\/\/aquaforest.eu\/wp-content\/uploads\/2024\/06\/AF-Minus-pH.png\",\"datePublished\":\"2024-06-24T23:47:30+00:00\",\"dateModified\":\"2024-11-25T10:54:32+00:00\",\"description\":\"AF Minus pH: Wirksames Pr\u00e4parat zur Senkung des pH-Werts in S\u00fc\u00dfwasseraquarien. Zuverl\u00e4ssige Formel f\u00fcr eine pr\u00e4zise Regulierung und Stabilit\u00e4t der Wasserparameter.\",\"breadcrumb\":{\"@id\":\"https:\/\/aquaforest.eu\/de\/produkte\/freshwater\/wasserversorgung\/af-minus-ph\/#breadcrumb\"},\"inLanguage\":\"de\",\"potentialAction\":[{\"@type\":\"ReadAction\",\"target\":[\"https:\/\/aquaforest.eu\/de\/produkte\/freshwater\/wasserversorgung\/af-minus-ph\/\"]}]},{\"@type\":\"ImageObject\",\"inLanguage\":\"de\",\"@id\":\"https:\/\/aquaforest.eu\/de\/produkte\/freshwater\/wasserversorgung\/af-minus-ph\/#primaryimage\",\"url\":\"https:\/\/aquaforest.eu\/wp-content\/uploads\/2024\/06\/AF-Minus-pH.png\",\"contentUrl\":\"https:\/\/aquaforest.eu\/wp-content\/uploads\/2024\/06\/AF-Minus-pH.png\",\"width\":251,\"height\":600},{\"@type\":\"BreadcrumbList\",\"@id\":\"https:\/\/aquaforest.eu\/de\/produkte\/freshwater\/wasserversorgung\/af-minus-ph\/#breadcrumb\",\"itemListElement\":[{\"@type\":\"ListItem\",\"position\":1,\"name\":\"Home\",\"item\":\"https:\/\/aquaforest.eu\/de\/\"},{\"@type\":\"ListItem\",\"position\":2,\"name\":\"Produkte\",\"item\":\"https:\/\/aquaforest.eu\/de\/produkte\/\"},{\"@type\":\"ListItem\",\"position\":3,\"name\":\"AF Minus Ph\"}]},{\"@type\":\"WebSite\",\"@id\":\"https:\/\/aquaforest.eu\/de\/#website\",\"url\":\"https:\/\/aquaforest.eu\/de\/\",\"name\":\"Aquaforest\",\"description\":\"\",\"publisher\":{\"@id\":\"https:\/\/aquaforest.eu\/de\/#organization\"},\"potentialAction\":[{\"@type\":\"SearchAction\",\"target\":{\"@type\":\"EntryPoint\",\"urlTemplate\":\"https:\/\/aquaforest.eu\/de\/?s={search_term_string}\"},\"query-input\":{\"@type\":\"PropertyValueSpecification\",\"valueRequired\":true,\"valueName\":\"search_term_string\"}}],\"inLanguage\":\"de\"},{\"@type\":\"Organization\",\"@id\":\"https:\/\/aquaforest.eu\/de\/#organization\",\"name\":\"Aquaforest\",\"url\":\"https:\/\/aquaforest.eu\/de\/\",\"logo\":{\"@type\":\"ImageObject\",\"inLanguage\":\"de\",\"@id\":\"https:\/\/aquaforest.eu\/de\/#\/schema\/logo\/image\/\",\"url\":\"https:\/\/aquaforest.eu\/wp-content\/uploads\/2024\/05\/logotyp-aquaforest.svg\",\"contentUrl\":\"https:\/\/aquaforest.eu\/wp-content\/uploads\/2024\/05\/logotyp-aquaforest.svg\",\"width\":170,\"height\":22,\"caption\":\"Aquaforest\"},\"image\":{\"@id\":\"https:\/\/aquaforest.eu\/de\/#\/schema\/logo\/image\/\"},\"sameAs\":[\"https:\/\/www.facebook.com\/Aquaforest\/\",\"https:\/\/www.instagram.com\/aquaforest.eu\/\"]}]}<\/script>\n<!-- \/ Yoast SEO plugin. -->","yoast_head_json":{"title":"AF Minus Ph - Aquaforest","description":"AF Minus pH: Wirksames Pr\u00e4parat zur Senkung des pH-Werts in S\u00fc\u00dfwasseraquarien. Zuverl\u00e4ssige Formel f\u00fcr eine pr\u00e4zise Regulierung und Stabilit\u00e4t der Wasserparameter.","robots":{"index":"index","follow":"follow","max-snippet":"max-snippet:-1","max-image-preview":"max-image-preview:large","max-video-preview":"max-video-preview:-1"},"canonical":"https:\/\/aquaforest.eu\/de\/produkte\/freshwater\/wasserversorgung\/af-minus-ph\/","og_locale":"de_DE","og_type":"article","og_title":"AF Minus Ph - Aquaforest","og_description":"AF Minus pH: Wirksames Pr\u00e4parat zur Senkung des pH-Werts in S\u00fc\u00dfwasseraquarien. Zuverl\u00e4ssige Formel f\u00fcr eine pr\u00e4zise Regulierung und Stabilit\u00e4t der Wasserparameter.","og_url":"https:\/\/aquaforest.eu\/de\/produkte\/freshwater\/wasserversorgung\/af-minus-ph\/","og_site_name":"Aquaforest","article_publisher":"https:\/\/www.facebook.com\/Aquaforest\/","article_modified_time":"2024-11-25T10:54:32+00:00","og_image":[{"width":251,"height":600,"url":"https:\/\/aquaforest.eu\/wp-content\/uploads\/2024\/06\/AF-Minus-pH.png","type":"image\/png"}],"twitter_card":"summary_large_image","twitter_misc":{"Gesch\u00e4tzte Lesezeit":"2\u00a0Minuten"},"schema":{"@context":"https:\/\/schema.org","@graph":[{"@type":"WebPage","@id":"https:\/\/aquaforest.eu\/de\/produkte\/freshwater\/wasserversorgung\/af-minus-ph\/","url":"https:\/\/aquaforest.eu\/de\/produkte\/freshwater\/wasserversorgung\/af-minus-ph\/","name":"AF Minus Ph - Aquaforest","isPartOf":{"@id":"https:\/\/aquaforest.eu\/de\/#website"},"primaryImageOfPage":{"@id":"https:\/\/aquaforest.eu\/de\/produkte\/freshwater\/wasserversorgung\/af-minus-ph\/#primaryimage"},"image":{"@id":"https:\/\/aquaforest.eu\/de\/produkte\/freshwater\/wasserversorgung\/af-minus-ph\/#primaryimage"},"thumbnailUrl":"https:\/\/aquaforest.eu\/wp-content\/uploads\/2024\/06\/AF-Minus-pH.png","datePublished":"2024-06-24T23:47:30+00:00","dateModified":"2024-11-25T10:54:32+00:00","description":"AF Minus pH: Wirksames Pr\u00e4parat zur Senkung des pH-Werts in S\u00fc\u00dfwasseraquarien. Zuverl\u00e4ssige Formel f\u00fcr eine pr\u00e4zise Regulierung und Stabilit\u00e4t der Wasserparameter.","breadcrumb":{"@id":"https:\/\/aquaforest.eu\/de\/produkte\/freshwater\/wasserversorgung\/af-minus-ph\/#breadcrumb"},"inLanguage":"de","potentialAction":[{"@type":"ReadAction","target":["https:\/\/aquaforest.eu\/de\/produkte\/freshwater\/wasserversorgung\/af-minus-ph\/"]}]},{"@type":"ImageObject","inLanguage":"de","@id":"https:\/\/aquaforest.eu\/de\/produkte\/freshwater\/wasserversorgung\/af-minus-ph\/#primaryimage","url":"https:\/\/aquaforest.eu\/wp-content\/uploads\/2024\/06\/AF-Minus-pH.png","contentUrl":"https:\/\/aquaforest.eu\/wp-content\/uploads\/2024\/06\/AF-Minus-pH.png","width":251,"height":600},{"@type":"BreadcrumbList","@id":"https:\/\/aquaforest.eu\/de\/produkte\/freshwater\/wasserversorgung\/af-minus-ph\/#breadcrumb","itemListElement":[{"@type":"ListItem","position":1,"name":"Home","item":"https:\/\/aquaforest.eu\/de\/"},{"@type":"ListItem","position":2,"name":"Produkte","item":"https:\/\/aquaforest.eu\/de\/produkte\/"},{"@type":"ListItem","position":3,"name":"AF Minus Ph"}]},{"@type":"WebSite","@id":"https:\/\/aquaforest.eu\/de\/#website","url":"https:\/\/aquaforest.eu\/de\/","name":"Aquaforest","description":"","publisher":{"@id":"https:\/\/aquaforest.eu\/de\/#organization"},"potentialAction":[{"@type":"SearchAction","target":{"@type":"EntryPoint","urlTemplate":"https:\/\/aquaforest.eu\/de\/?s={search_term_string}"},"query-input":{"@type":"PropertyValueSpecification","valueRequired":true,"valueName":"search_term_string"}}],"inLanguage":"de"},{"@type":"Organization","@id":"https:\/\/aquaforest.eu\/de\/#organization","name":"Aquaforest","url":"https:\/\/aquaforest.eu\/de\/","logo":{"@type":"ImageObject","inLanguage":"de","@id":"https:\/\/aquaforest.eu\/de\/#\/schema\/logo\/image\/","url":"https:\/\/aquaforest.eu\/wp-content\/uploads\/2024\/05\/logotyp-aquaforest.svg","contentUrl":"https:\/\/aquaforest.eu\/wp-content\/uploads\/2024\/05\/logotyp-aquaforest.svg","width":170,"height":22,"caption":"Aquaforest"},"image":{"@id":"https:\/\/aquaforest.eu\/de\/#\/schema\/logo\/image\/"},"sameAs":["https:\/\/www.facebook.com\/Aquaforest\/","https:\/\/www.instagram.com\/aquaforest.eu\/"]}]}},"_links":{"self":[{"href":"https:\/\/aquaforest.eu\/de\/wp-json\/wp\/v2\/product\/11820","targetHints":{"allow":["GET"]}}],"collection":[{"href":"https:\/\/aquaforest.eu\/de\/wp-json\/wp\/v2\/product"}],"about":[{"href":"https:\/\/aquaforest.eu\/de\/wp-json\/wp\/v2\/types\/product"}],"version-history":[{"count":0,"href":"https:\/\/aquaforest.eu\/de\/wp-json\/wp\/v2\/product\/11820\/revisions"}],"wp:featuredmedia":[{"embeddable":true,"href":"https:\/\/aquaforest.eu\/de\/wp-json\/wp\/v2\/media\/11936"}],"wp:attachment":[{"href":"https:\/\/aquaforest.eu\/de\/wp-json\/wp\/v2\/media?parent=11820"}],"wp:term":[{"taxonomy":"product_brand","embeddable":true,"href":"https:\/\/aquaforest.eu\/de\/wp-json\/wp\/v2\/product_brand?post=11820"},{"taxonomy":"product_cat","embeddable":true,"href":"https:\/\/aquaforest.eu\/de\/wp-json\/wp\/v2\/product_cat?post=11820"},{"taxonomy":"product_tag","embeddable":true,"href":"https:\/\/aquaforest.eu\/de\/wp-json\/wp\/v2\/product_tag?post=11820"}],"curies":[{"name":"wp","href":"https:\/\/api.w.org\/{rel}","templated":true}]}}