{"id":11823,"date":"2024-06-25T00:57:52","date_gmt":"2024-06-24T22:57:52","guid":{"rendered":"https:\/\/aquaforest.eu\/products\/unkategorisiert\/af-micro\/"},"modified":"2024-11-25T11:50:21","modified_gmt":"2024-11-25T10:50:21","slug":"af-micro","status":"publish","type":"product","link":"https:\/\/aquaforest.eu\/de\/produkte\/freshwater\/erganzungsmittel-und-dungemittel\/af-micro\/","title":{"rendered":"AF Micro"},"content":{"rendered":"<h4><span style=\"color: #000000;\">PRODUKTINFO:<\/span><\/h4>\n<p><span style=\"color: #000000;\">Hochkonzentrierter Basisd\u00fcnger mit einem kompletten Satz von Mikron\u00e4hrstoffen, die f\u00fcr die optimale Entwicklung von Aquarienpflanzen notwendig sind.<\/span><br \/>\n<span style=\"color: #000000;\">Die einzigartige Formel wurde entwickelt, um die Pflanzen mit wichtigen Elementen wie Kupfer, Mangan, Eisen, Molybd\u00e4n, Zink und Bor zu versorgen.<\/span><br \/>\n<span style=\"color: #000000;\">Die regelm\u00e4\u00dfige Dosierung von AF Micro erm\u00f6glicht die Bereitstellung der richtigen Menge an Bioelementen, die f\u00fcr das richtige, gesunde und bl\u00fchende Wachstum von Wasserpflanzen erforderlich sind.<\/span><br \/>\n<span style=\"color: #000000;\">Die einzigartige Formel sorgt f\u00fcr eine deutliche Beschleunigung des Pflanzenwachstums, aber auch f\u00fcr intensive Farben und ein gesundes Aussehen der Pflanzen.<\/span><br \/>\n<span style=\"color: #000000;\">Mikron\u00e4hrstoffe sind an der Bildung von Chlorophyll, der Biosynthese von Proteinen und an vielen biochemischen Umwandlungen beteiligt.<\/span><br \/>\n<span style=\"color: #000000;\">Ein Mangel f\u00fchrt zu St\u00f6rungen des Photosyntheseprozesses, Chlorose, Blattdeformation, aber auch zur Hemmung von Wachstum und Entwicklung.<\/span><br \/>\n<span style=\"color: #000000;\">AF Micro, als perfekt verdauliche Zusammensetzung biologisch verf\u00fcgbarer Elemente, garantiert ein gesundes Aussehen der Aquarienpflanzen.<\/span><br \/>\n<span style=\"color: #000000;\">AF Micro ist perfekt f\u00fcr stark bepflanzte Aquarien.<\/span><\/p>\n<p>&nbsp;<\/p>\n<hr \/>\n<h4><\/h4>\n<h4><span style=\"color: #000000;\">WIE ZU VERWENDEN:<\/span><\/h4>\n<p><span style=\"color: #000000;\">8 Tropfen pro Tag oder 4 ml AF Micro pro 100 l Wasser einmal pro Woche.<\/span><br \/>\n<span style=\"color: #000000;\">Empfohlene parallele Verwendung mit AF Macro, AF Carbon Boost oder AF PO4 Boost und AF N Boost.<\/span><br \/>\n<span style=\"color: #000000;\">Eine parallele Supplementierung mit anderen Mikron\u00e4hrstoffformeln sollte wegen des Risikos einer \u00dcberexposition der Pflanzen nicht durchgef\u00fchrt werden.<\/span><br \/>\n<span style=\"color: #000000;\">Absorptionsmittel wie Zeolith und\/oder Kohlenstoff k\u00f6nnen die Wirksamkeit der Formel verringern. <\/span><\/p>\n<p><span style=\"color: #000000;\"><strong>1 ml in 10 l Aquarienwasser erh\u00f6ht die Werte:<\/strong><\/span><\/p>\n<ul>\n<li><span style=\"color: #000000;\">Mo Molybd\u00e4n 0,0012 mg\/l (ppm)<\/span><\/li>\n<li><span style=\"color: #000000;\">Ni Nickel 0,00021 mg\/l (ppm)<\/span><\/li>\n<li><span style=\"color: #000000;\">Mn Mangan 0,25 mg\/l (ppm)<\/span><\/li>\n<li><span style=\"color: #000000;\">Co Kobalt 0,0003 mg\/l (ppm)<\/span><\/li>\n<li><span style=\"color: #000000;\">Fe Eisen 0,38 mg\/l (ppm)<\/span><\/li>\n<li><span style=\"color: #000000;\">Zn Zink 0,037 mg\/l (ppm)<\/span><\/li>\n<li><span style=\"color: #000000;\">Mg Magnesium 1,2 mg\/l (ppm)<\/span><\/li>\n<li><span style=\"color: #000000;\">Ca Calcium 0,45 mg\/l (ppm)<\/span><\/li>\n<li><span style=\"color: #000000;\">K Kalium 8,16 mg\/l (ppm)<\/span><\/li>\n<li><span style=\"color: #000000;\">B Bor 0,021 mg\/l (ppm)<\/span><\/li>\n<li><span style=\"color: #000000;\">Sr Strontium 0,02 mg\/l (ppm)<\/span><\/li>\n<li><span style=\"color: #000000;\">Br Brom 0,004 mg\/l (ppm)<\/span><\/li>\n<li><span style=\"color: #000000;\">Ti Titan 0,00345 mg\/l (ppm)<\/span><\/li>\n<li><span style=\"color: #000000;\">Cu Kupfer 0,005 mg\/l (ppm)<\/span><\/li>\n<\/ul>\n","protected":false},"excerpt":{"rendered":"<p>Hochkonzentrierter Basisd\u00fcnger mit einem kompletten Satz von Mikron\u00e4hrstoffen, die f\u00fcr die optimale Entwicklung von Aquarienpflanzen notwendig sind.<\/p>\n","protected":false},"featured_media":11935,"template":"","meta":{"_acf_changed":false,"content-type":""},"product_brand":[],"product_cat":[1138],"product_tag":[966,1122,1417],"class_list":{"0":"post-11823","1":"product","2":"type-product","3":"status-publish","4":"has-post-thumbnail","6":"product_cat-erganzungsmittel-und-dungemittel","7":"product_tag-aquaforest-de","8":"product_tag-suswasseraquaristik","9":"product_tag-variable-de","11":"first","12":"instock","13":"taxable","14":"shipping-taxable","15":"purchasable","16":"product-type-variable","17":"has-default-attributes"},"acf":[],"yoast_head":"<!-- This site is optimized with the Yoast SEO plugin v27.1.1 - https:\/\/yoast.com\/product\/yoast-seo-wordpress\/ -->\n<title>AF Micro - Aquaforest<\/title>\n<meta name=\"description\" content=\"AF Micro: Umfassende Erg\u00e4nzung mit Mikroelementen zur Unterst\u00fctzung der Pflanzengesundheit. Eine einzigartige Formel f\u00fcr optimale Entwicklung und Kondition.\" \/>\n<meta name=\"robots\" content=\"index, follow, max-snippet:-1, max-image-preview:large, max-video-preview:-1\" \/>\n<link rel=\"canonical\" href=\"https:\/\/aquaforest.eu\/de\/produkte\/freshwater\/erganzungsmittel-und-dungemittel\/af-micro\/\" \/>\n<meta property=\"og:locale\" content=\"de_DE\" \/>\n<meta property=\"og:type\" content=\"article\" \/>\n<meta property=\"og:title\" content=\"AF Micro - Aquaforest\" \/>\n<meta property=\"og:description\" content=\"AF Micro: Umfassende Erg\u00e4nzung mit Mikroelementen zur Unterst\u00fctzung der Pflanzengesundheit. Eine einzigartige Formel f\u00fcr optimale Entwicklung und Kondition.\" \/>\n<meta property=\"og:url\" content=\"https:\/\/aquaforest.eu\/de\/produkte\/freshwater\/erganzungsmittel-und-dungemittel\/af-micro\/\" \/>\n<meta property=\"og:site_name\" content=\"Aquaforest\" \/>\n<meta property=\"article:publisher\" content=\"https:\/\/www.facebook.com\/Aquaforest\/\" \/>\n<meta property=\"article:modified_time\" content=\"2024-11-25T10:50:21+00:00\" \/>\n<meta property=\"og:image\" content=\"https:\/\/aquaforest.eu\/wp-content\/uploads\/2024\/06\/AF-Micro.png\" \/>\n\t<meta property=\"og:image:width\" content=\"259\" \/>\n\t<meta property=\"og:image:height\" content=\"600\" \/>\n\t<meta property=\"og:image:type\" content=\"image\/png\" \/>\n<meta name=\"twitter:card\" content=\"summary_large_image\" \/>\n<meta name=\"twitter:label1\" content=\"Gesch\u00e4tzte Lesezeit\" \/>\n\t<meta name=\"twitter:data1\" content=\"2\u00a0Minuten\" \/>\n<script type=\"application\/ld+json\" class=\"yoast-schema-graph\">{\"@context\":\"https:\/\/schema.org\",\"@graph\":[{\"@type\":\"WebPage\",\"@id\":\"https:\/\/aquaforest.eu\/de\/produkte\/freshwater\/erganzungsmittel-und-dungemittel\/af-micro\/\",\"url\":\"https:\/\/aquaforest.eu\/de\/produkte\/freshwater\/erganzungsmittel-und-dungemittel\/af-micro\/\",\"name\":\"AF Micro - Aquaforest\",\"isPartOf\":{\"@id\":\"https:\/\/aquaforest.eu\/de\/#website\"},\"primaryImageOfPage\":{\"@id\":\"https:\/\/aquaforest.eu\/de\/produkte\/freshwater\/erganzungsmittel-und-dungemittel\/af-micro\/#primaryimage\"},\"image\":{\"@id\":\"https:\/\/aquaforest.eu\/de\/produkte\/freshwater\/erganzungsmittel-und-dungemittel\/af-micro\/#primaryimage\"},\"thumbnailUrl\":\"https:\/\/aquaforest.eu\/wp-content\/uploads\/2024\/06\/AF-Micro.png\",\"datePublished\":\"2024-06-24T22:57:52+00:00\",\"dateModified\":\"2024-11-25T10:50:21+00:00\",\"description\":\"AF Micro: Umfassende Erg\u00e4nzung mit Mikroelementen zur Unterst\u00fctzung der Pflanzengesundheit. Eine einzigartige Formel f\u00fcr optimale Entwicklung und Kondition.\",\"breadcrumb\":{\"@id\":\"https:\/\/aquaforest.eu\/de\/produkte\/freshwater\/erganzungsmittel-und-dungemittel\/af-micro\/#breadcrumb\"},\"inLanguage\":\"de\",\"potentialAction\":[{\"@type\":\"ReadAction\",\"target\":[\"https:\/\/aquaforest.eu\/de\/produkte\/freshwater\/erganzungsmittel-und-dungemittel\/af-micro\/\"]}]},{\"@type\":\"ImageObject\",\"inLanguage\":\"de\",\"@id\":\"https:\/\/aquaforest.eu\/de\/produkte\/freshwater\/erganzungsmittel-und-dungemittel\/af-micro\/#primaryimage\",\"url\":\"https:\/\/aquaforest.eu\/wp-content\/uploads\/2024\/06\/AF-Micro.png\",\"contentUrl\":\"https:\/\/aquaforest.eu\/wp-content\/uploads\/2024\/06\/AF-Micro.png\",\"width\":259,\"height\":600},{\"@type\":\"BreadcrumbList\",\"@id\":\"https:\/\/aquaforest.eu\/de\/produkte\/freshwater\/erganzungsmittel-und-dungemittel\/af-micro\/#breadcrumb\",\"itemListElement\":[{\"@type\":\"ListItem\",\"position\":1,\"name\":\"Home\",\"item\":\"https:\/\/aquaforest.eu\/de\/\"},{\"@type\":\"ListItem\",\"position\":2,\"name\":\"Produkte\",\"item\":\"https:\/\/aquaforest.eu\/de\/produkte\/\"},{\"@type\":\"ListItem\",\"position\":3,\"name\":\"AF Micro\"}]},{\"@type\":\"WebSite\",\"@id\":\"https:\/\/aquaforest.eu\/de\/#website\",\"url\":\"https:\/\/aquaforest.eu\/de\/\",\"name\":\"Aquaforest\",\"description\":\"\",\"publisher\":{\"@id\":\"https:\/\/aquaforest.eu\/de\/#organization\"},\"potentialAction\":[{\"@type\":\"SearchAction\",\"target\":{\"@type\":\"EntryPoint\",\"urlTemplate\":\"https:\/\/aquaforest.eu\/de\/?s={search_term_string}\"},\"query-input\":{\"@type\":\"PropertyValueSpecification\",\"valueRequired\":true,\"valueName\":\"search_term_string\"}}],\"inLanguage\":\"de\"},{\"@type\":\"Organization\",\"@id\":\"https:\/\/aquaforest.eu\/de\/#organization\",\"name\":\"Aquaforest\",\"url\":\"https:\/\/aquaforest.eu\/de\/\",\"logo\":{\"@type\":\"ImageObject\",\"inLanguage\":\"de\",\"@id\":\"https:\/\/aquaforest.eu\/de\/#\/schema\/logo\/image\/\",\"url\":\"https:\/\/aquaforest.eu\/wp-content\/uploads\/2024\/05\/logotyp-aquaforest.svg\",\"contentUrl\":\"https:\/\/aquaforest.eu\/wp-content\/uploads\/2024\/05\/logotyp-aquaforest.svg\",\"width\":170,\"height\":22,\"caption\":\"Aquaforest\"},\"image\":{\"@id\":\"https:\/\/aquaforest.eu\/de\/#\/schema\/logo\/image\/\"},\"sameAs\":[\"https:\/\/www.facebook.com\/Aquaforest\/\",\"https:\/\/www.instagram.com\/aquaforest.eu\/\"]}]}<\/script>\n<!-- \/ Yoast SEO plugin. -->","yoast_head_json":{"title":"AF Micro - Aquaforest","description":"AF Micro: Umfassende Erg\u00e4nzung mit Mikroelementen zur Unterst\u00fctzung der Pflanzengesundheit. Eine einzigartige Formel f\u00fcr optimale Entwicklung und Kondition.","robots":{"index":"index","follow":"follow","max-snippet":"max-snippet:-1","max-image-preview":"max-image-preview:large","max-video-preview":"max-video-preview:-1"},"canonical":"https:\/\/aquaforest.eu\/de\/produkte\/freshwater\/erganzungsmittel-und-dungemittel\/af-micro\/","og_locale":"de_DE","og_type":"article","og_title":"AF Micro - Aquaforest","og_description":"AF Micro: Umfassende Erg\u00e4nzung mit Mikroelementen zur Unterst\u00fctzung der Pflanzengesundheit. Eine einzigartige Formel f\u00fcr optimale Entwicklung und Kondition.","og_url":"https:\/\/aquaforest.eu\/de\/produkte\/freshwater\/erganzungsmittel-und-dungemittel\/af-micro\/","og_site_name":"Aquaforest","article_publisher":"https:\/\/www.facebook.com\/Aquaforest\/","article_modified_time":"2024-11-25T10:50:21+00:00","og_image":[{"width":259,"height":600,"url":"https:\/\/aquaforest.eu\/wp-content\/uploads\/2024\/06\/AF-Micro.png","type":"image\/png"}],"twitter_card":"summary_large_image","twitter_misc":{"Gesch\u00e4tzte Lesezeit":"2\u00a0Minuten"},"schema":{"@context":"https:\/\/schema.org","@graph":[{"@type":"WebPage","@id":"https:\/\/aquaforest.eu\/de\/produkte\/freshwater\/erganzungsmittel-und-dungemittel\/af-micro\/","url":"https:\/\/aquaforest.eu\/de\/produkte\/freshwater\/erganzungsmittel-und-dungemittel\/af-micro\/","name":"AF Micro - Aquaforest","isPartOf":{"@id":"https:\/\/aquaforest.eu\/de\/#website"},"primaryImageOfPage":{"@id":"https:\/\/aquaforest.eu\/de\/produkte\/freshwater\/erganzungsmittel-und-dungemittel\/af-micro\/#primaryimage"},"image":{"@id":"https:\/\/aquaforest.eu\/de\/produkte\/freshwater\/erganzungsmittel-und-dungemittel\/af-micro\/#primaryimage"},"thumbnailUrl":"https:\/\/aquaforest.eu\/wp-content\/uploads\/2024\/06\/AF-Micro.png","datePublished":"2024-06-24T22:57:52+00:00","dateModified":"2024-11-25T10:50:21+00:00","description":"AF Micro: Umfassende Erg\u00e4nzung mit Mikroelementen zur Unterst\u00fctzung der Pflanzengesundheit. Eine einzigartige Formel f\u00fcr optimale Entwicklung und Kondition.","breadcrumb":{"@id":"https:\/\/aquaforest.eu\/de\/produkte\/freshwater\/erganzungsmittel-und-dungemittel\/af-micro\/#breadcrumb"},"inLanguage":"de","potentialAction":[{"@type":"ReadAction","target":["https:\/\/aquaforest.eu\/de\/produkte\/freshwater\/erganzungsmittel-und-dungemittel\/af-micro\/"]}]},{"@type":"ImageObject","inLanguage":"de","@id":"https:\/\/aquaforest.eu\/de\/produkte\/freshwater\/erganzungsmittel-und-dungemittel\/af-micro\/#primaryimage","url":"https:\/\/aquaforest.eu\/wp-content\/uploads\/2024\/06\/AF-Micro.png","contentUrl":"https:\/\/aquaforest.eu\/wp-content\/uploads\/2024\/06\/AF-Micro.png","width":259,"height":600},{"@type":"BreadcrumbList","@id":"https:\/\/aquaforest.eu\/de\/produkte\/freshwater\/erganzungsmittel-und-dungemittel\/af-micro\/#breadcrumb","itemListElement":[{"@type":"ListItem","position":1,"name":"Home","item":"https:\/\/aquaforest.eu\/de\/"},{"@type":"ListItem","position":2,"name":"Produkte","item":"https:\/\/aquaforest.eu\/de\/produkte\/"},{"@type":"ListItem","position":3,"name":"AF Micro"}]},{"@type":"WebSite","@id":"https:\/\/aquaforest.eu\/de\/#website","url":"https:\/\/aquaforest.eu\/de\/","name":"Aquaforest","description":"","publisher":{"@id":"https:\/\/aquaforest.eu\/de\/#organization"},"potentialAction":[{"@type":"SearchAction","target":{"@type":"EntryPoint","urlTemplate":"https:\/\/aquaforest.eu\/de\/?s={search_term_string}"},"query-input":{"@type":"PropertyValueSpecification","valueRequired":true,"valueName":"search_term_string"}}],"inLanguage":"de"},{"@type":"Organization","@id":"https:\/\/aquaforest.eu\/de\/#organization","name":"Aquaforest","url":"https:\/\/aquaforest.eu\/de\/","logo":{"@type":"ImageObject","inLanguage":"de","@id":"https:\/\/aquaforest.eu\/de\/#\/schema\/logo\/image\/","url":"https:\/\/aquaforest.eu\/wp-content\/uploads\/2024\/05\/logotyp-aquaforest.svg","contentUrl":"https:\/\/aquaforest.eu\/wp-content\/uploads\/2024\/05\/logotyp-aquaforest.svg","width":170,"height":22,"caption":"Aquaforest"},"image":{"@id":"https:\/\/aquaforest.eu\/de\/#\/schema\/logo\/image\/"},"sameAs":["https:\/\/www.facebook.com\/Aquaforest\/","https:\/\/www.instagram.com\/aquaforest.eu\/"]}]}},"_links":{"self":[{"href":"https:\/\/aquaforest.eu\/de\/wp-json\/wp\/v2\/product\/11823","targetHints":{"allow":["GET"]}}],"collection":[{"href":"https:\/\/aquaforest.eu\/de\/wp-json\/wp\/v2\/product"}],"about":[{"href":"https:\/\/aquaforest.eu\/de\/wp-json\/wp\/v2\/types\/product"}],"version-history":[{"count":0,"href":"https:\/\/aquaforest.eu\/de\/wp-json\/wp\/v2\/product\/11823\/revisions"}],"wp:featuredmedia":[{"embeddable":true,"href":"https:\/\/aquaforest.eu\/de\/wp-json\/wp\/v2\/media\/11935"}],"wp:attachment":[{"href":"https:\/\/aquaforest.eu\/de\/wp-json\/wp\/v2\/media?parent=11823"}],"wp:term":[{"taxonomy":"product_brand","embeddable":true,"href":"https:\/\/aquaforest.eu\/de\/wp-json\/wp\/v2\/product_brand?post=11823"},{"taxonomy":"product_cat","embeddable":true,"href":"https:\/\/aquaforest.eu\/de\/wp-json\/wp\/v2\/product_cat?post=11823"},{"taxonomy":"product_tag","embeddable":true,"href":"https:\/\/aquaforest.eu\/de\/wp-json\/wp\/v2\/product_tag?post=11823"}],"curies":[{"name":"wp","href":"https:\/\/api.w.org\/{rel}","templated":true}]}}