{"id":11829,"date":"2024-06-25T01:43:29","date_gmt":"2024-06-24T23:43:29","guid":{"rendered":"https:\/\/aquaforest.eu\/products\/unkategorisiert\/af-lebensessenz\/"},"modified":"2024-11-25T11:46:37","modified_gmt":"2024-11-25T10:46:37","slug":"af-life-essence","status":"publish","type":"product","link":"https:\/\/aquaforest.eu\/de\/produkte\/freshwater\/wasserversorgung\/af-life-essence\/","title":{"rendered":"AF Life Essence"},"content":{"rendered":"<h4><span style=\"color: #000000;\">PRODUKTINFO:<\/span><\/h4>\n<p><span style=\"color: #000000;\">Hochwertiges Mittel mit nitrifizierenden Bakterien aus den Familien Nitrospirae und Nitrobacter. <\/span><span style=\"color: #000000;\">Speziell ausgew\u00e4hlte Bakterienst\u00e4mme beschleunigen die Entfernung von Ammoniak und anderen toxischen organischen Verbindungen. <\/span><span style=\"color: #000000;\">Empfohlen f\u00fcr neu eingerichtete Aquarien, um den Stickstoffkreislauf in Gang zu setzen und eine biologisch freundliche Umgebung f\u00fcr die Aquarienbewohner zu schaffen. <\/span><span style=\"color: #000000;\">Es ist auch bei regelm\u00e4\u00dfigen Wasserwechseln von Vorteil, um ein biologisches Gleichgewicht zu erhalten. <\/span><span style=\"color: #000000;\">Die Verwendung von AF Life Essence zu Beginn des Aquariums beschleunigt den Prozess der Reifung des Aquariums erheblich. <\/span><span style=\"color: #000000;\">AF Life Essence eignet sich hervorragend als Erg\u00e4nzung der Bakterienflora nach der Filterreinigung und der Behandlung der Fische mit stark bakteriziden Pr\u00e4paraten.<\/span><\/p>\n<p>&nbsp;<\/p>\n<hr \/>\n<h4><\/h4>\n<h4><span style=\"color: #000000;\">WIE ZU VERWENDEN:<\/span><\/h4>\n<p><span style=\"color: #000000;\">10 ml pro 100 l (27 US gal) Wasser t\u00e4glich w\u00e4hrend der ersten 2 Wochen der Einrichtung des Aquariums. <\/span><span style=\"color: #000000;\">Vor Gebrauch sch\u00fctteln. <\/span><span style=\"color: #000000;\">Eine zus\u00e4tzliche Dosis wird auch nach einem Fischverlust oder einer Erh\u00f6hung des Fischbestands und einem w\u00f6chentlichen Wasserwechsel empfohlen. <\/span><span style=\"color: #000000;\">Bewahren Sie es an einem trockenen, k\u00fchlen und lichtgesch\u00fctzten Ort auf.<\/span><\/p>\n","protected":false},"excerpt":{"rendered":"<p>Hochwertiges Mittel mit nitrifizierenden Bakterien aus den Familien Nitrospirae und Nitrobacter.<br \/>\nDie Bakterienst\u00e4mme entfernen Ammoniak und andere toxische Verbindungen.<\/p>\n","protected":false},"featured_media":11933,"template":"","meta":{"_acf_changed":false,"content-type":""},"product_brand":[],"product_cat":[1140],"product_tag":[966,1122,1417],"class_list":{"0":"post-11829","1":"product","2":"type-product","3":"status-publish","4":"has-post-thumbnail","6":"product_cat-wasserversorgung","7":"product_tag-aquaforest-de","8":"product_tag-suswasseraquaristik","9":"product_tag-variable-de","11":"first","12":"instock","13":"taxable","14":"shipping-taxable","15":"purchasable","16":"product-type-variable","17":"has-default-attributes"},"acf":[],"yoast_head":"<!-- This site is optimized with the Yoast SEO plugin v27.1.1 - https:\/\/yoast.com\/product\/yoast-seo-wordpress\/ -->\n<title>AF Life Essence - Aquaforest<\/title>\n<meta name=\"description\" content=\"AF Life Essence: Fortschrittliches Erg\u00e4nzungsmittel zur Unterst\u00fctzung der Gesundheit und Vitalit\u00e4t von Aquarienbewohnern. Einzigartige Formel f\u00fcr besseres Wachstum und Kondition.\" \/>\n<meta name=\"robots\" content=\"index, follow, max-snippet:-1, max-image-preview:large, max-video-preview:-1\" \/>\n<link rel=\"canonical\" href=\"https:\/\/aquaforest.eu\/de\/produkte\/freshwater\/wasserversorgung\/af-life-essence\/\" \/>\n<meta property=\"og:locale\" content=\"de_DE\" \/>\n<meta property=\"og:type\" content=\"article\" \/>\n<meta property=\"og:title\" content=\"AF Life Essence - Aquaforest\" \/>\n<meta property=\"og:description\" content=\"AF Life Essence: Fortschrittliches Erg\u00e4nzungsmittel zur Unterst\u00fctzung der Gesundheit und Vitalit\u00e4t von Aquarienbewohnern. Einzigartige Formel f\u00fcr besseres Wachstum und Kondition.\" \/>\n<meta property=\"og:url\" content=\"https:\/\/aquaforest.eu\/de\/produkte\/freshwater\/wasserversorgung\/af-life-essence\/\" \/>\n<meta property=\"og:site_name\" content=\"Aquaforest\" \/>\n<meta property=\"article:publisher\" content=\"https:\/\/www.facebook.com\/Aquaforest\/\" \/>\n<meta property=\"article:modified_time\" content=\"2024-11-25T10:46:37+00:00\" \/>\n<meta property=\"og:image\" content=\"https:\/\/aquaforest.eu\/wp-content\/uploads\/2024\/06\/AF-Life-Essence.png\" \/>\n\t<meta property=\"og:image:width\" content=\"259\" \/>\n\t<meta property=\"og:image:height\" content=\"600\" \/>\n\t<meta property=\"og:image:type\" content=\"image\/png\" \/>\n<meta name=\"twitter:card\" content=\"summary_large_image\" \/>\n<meta name=\"twitter:label1\" content=\"Gesch\u00e4tzte Lesezeit\" \/>\n\t<meta name=\"twitter:data1\" content=\"1\u00a0Minute\" \/>\n<script type=\"application\/ld+json\" class=\"yoast-schema-graph\">{\"@context\":\"https:\/\/schema.org\",\"@graph\":[{\"@type\":\"WebPage\",\"@id\":\"https:\/\/aquaforest.eu\/de\/produkte\/freshwater\/wasserversorgung\/af-life-essence\/\",\"url\":\"https:\/\/aquaforest.eu\/de\/produkte\/freshwater\/wasserversorgung\/af-life-essence\/\",\"name\":\"AF Life Essence - Aquaforest\",\"isPartOf\":{\"@id\":\"https:\/\/aquaforest.eu\/de\/#website\"},\"primaryImageOfPage\":{\"@id\":\"https:\/\/aquaforest.eu\/de\/produkte\/freshwater\/wasserversorgung\/af-life-essence\/#primaryimage\"},\"image\":{\"@id\":\"https:\/\/aquaforest.eu\/de\/produkte\/freshwater\/wasserversorgung\/af-life-essence\/#primaryimage\"},\"thumbnailUrl\":\"https:\/\/aquaforest.eu\/wp-content\/uploads\/2024\/06\/AF-Life-Essence.png\",\"datePublished\":\"2024-06-24T23:43:29+00:00\",\"dateModified\":\"2024-11-25T10:46:37+00:00\",\"description\":\"AF Life Essence: Fortschrittliches Erg\u00e4nzungsmittel zur Unterst\u00fctzung der Gesundheit und Vitalit\u00e4t von Aquarienbewohnern. Einzigartige Formel f\u00fcr besseres Wachstum und Kondition.\",\"breadcrumb\":{\"@id\":\"https:\/\/aquaforest.eu\/de\/produkte\/freshwater\/wasserversorgung\/af-life-essence\/#breadcrumb\"},\"inLanguage\":\"de\",\"potentialAction\":[{\"@type\":\"ReadAction\",\"target\":[\"https:\/\/aquaforest.eu\/de\/produkte\/freshwater\/wasserversorgung\/af-life-essence\/\"]}]},{\"@type\":\"ImageObject\",\"inLanguage\":\"de\",\"@id\":\"https:\/\/aquaforest.eu\/de\/produkte\/freshwater\/wasserversorgung\/af-life-essence\/#primaryimage\",\"url\":\"https:\/\/aquaforest.eu\/wp-content\/uploads\/2024\/06\/AF-Life-Essence.png\",\"contentUrl\":\"https:\/\/aquaforest.eu\/wp-content\/uploads\/2024\/06\/AF-Life-Essence.png\",\"width\":259,\"height\":600},{\"@type\":\"BreadcrumbList\",\"@id\":\"https:\/\/aquaforest.eu\/de\/produkte\/freshwater\/wasserversorgung\/af-life-essence\/#breadcrumb\",\"itemListElement\":[{\"@type\":\"ListItem\",\"position\":1,\"name\":\"Home\",\"item\":\"https:\/\/aquaforest.eu\/de\/\"},{\"@type\":\"ListItem\",\"position\":2,\"name\":\"Produkte\",\"item\":\"https:\/\/aquaforest.eu\/de\/produkte\/\"},{\"@type\":\"ListItem\",\"position\":3,\"name\":\"AF Life Essence\"}]},{\"@type\":\"WebSite\",\"@id\":\"https:\/\/aquaforest.eu\/de\/#website\",\"url\":\"https:\/\/aquaforest.eu\/de\/\",\"name\":\"Aquaforest\",\"description\":\"\",\"publisher\":{\"@id\":\"https:\/\/aquaforest.eu\/de\/#organization\"},\"potentialAction\":[{\"@type\":\"SearchAction\",\"target\":{\"@type\":\"EntryPoint\",\"urlTemplate\":\"https:\/\/aquaforest.eu\/de\/?s={search_term_string}\"},\"query-input\":{\"@type\":\"PropertyValueSpecification\",\"valueRequired\":true,\"valueName\":\"search_term_string\"}}],\"inLanguage\":\"de\"},{\"@type\":\"Organization\",\"@id\":\"https:\/\/aquaforest.eu\/de\/#organization\",\"name\":\"Aquaforest\",\"url\":\"https:\/\/aquaforest.eu\/de\/\",\"logo\":{\"@type\":\"ImageObject\",\"inLanguage\":\"de\",\"@id\":\"https:\/\/aquaforest.eu\/de\/#\/schema\/logo\/image\/\",\"url\":\"https:\/\/aquaforest.eu\/wp-content\/uploads\/2024\/05\/logotyp-aquaforest.svg\",\"contentUrl\":\"https:\/\/aquaforest.eu\/wp-content\/uploads\/2024\/05\/logotyp-aquaforest.svg\",\"width\":170,\"height\":22,\"caption\":\"Aquaforest\"},\"image\":{\"@id\":\"https:\/\/aquaforest.eu\/de\/#\/schema\/logo\/image\/\"},\"sameAs\":[\"https:\/\/www.facebook.com\/Aquaforest\/\",\"https:\/\/www.instagram.com\/aquaforest.eu\/\"]}]}<\/script>\n<!-- \/ Yoast SEO plugin. -->","yoast_head_json":{"title":"AF Life Essence - Aquaforest","description":"AF Life Essence: Fortschrittliches Erg\u00e4nzungsmittel zur Unterst\u00fctzung der Gesundheit und Vitalit\u00e4t von Aquarienbewohnern. Einzigartige Formel f\u00fcr besseres Wachstum und Kondition.","robots":{"index":"index","follow":"follow","max-snippet":"max-snippet:-1","max-image-preview":"max-image-preview:large","max-video-preview":"max-video-preview:-1"},"canonical":"https:\/\/aquaforest.eu\/de\/produkte\/freshwater\/wasserversorgung\/af-life-essence\/","og_locale":"de_DE","og_type":"article","og_title":"AF Life Essence - Aquaforest","og_description":"AF Life Essence: Fortschrittliches Erg\u00e4nzungsmittel zur Unterst\u00fctzung der Gesundheit und Vitalit\u00e4t von Aquarienbewohnern. Einzigartige Formel f\u00fcr besseres Wachstum und Kondition.","og_url":"https:\/\/aquaforest.eu\/de\/produkte\/freshwater\/wasserversorgung\/af-life-essence\/","og_site_name":"Aquaforest","article_publisher":"https:\/\/www.facebook.com\/Aquaforest\/","article_modified_time":"2024-11-25T10:46:37+00:00","og_image":[{"width":259,"height":600,"url":"https:\/\/aquaforest.eu\/wp-content\/uploads\/2024\/06\/AF-Life-Essence.png","type":"image\/png"}],"twitter_card":"summary_large_image","twitter_misc":{"Gesch\u00e4tzte Lesezeit":"1\u00a0Minute"},"schema":{"@context":"https:\/\/schema.org","@graph":[{"@type":"WebPage","@id":"https:\/\/aquaforest.eu\/de\/produkte\/freshwater\/wasserversorgung\/af-life-essence\/","url":"https:\/\/aquaforest.eu\/de\/produkte\/freshwater\/wasserversorgung\/af-life-essence\/","name":"AF Life Essence - Aquaforest","isPartOf":{"@id":"https:\/\/aquaforest.eu\/de\/#website"},"primaryImageOfPage":{"@id":"https:\/\/aquaforest.eu\/de\/produkte\/freshwater\/wasserversorgung\/af-life-essence\/#primaryimage"},"image":{"@id":"https:\/\/aquaforest.eu\/de\/produkte\/freshwater\/wasserversorgung\/af-life-essence\/#primaryimage"},"thumbnailUrl":"https:\/\/aquaforest.eu\/wp-content\/uploads\/2024\/06\/AF-Life-Essence.png","datePublished":"2024-06-24T23:43:29+00:00","dateModified":"2024-11-25T10:46:37+00:00","description":"AF Life Essence: Fortschrittliches Erg\u00e4nzungsmittel zur Unterst\u00fctzung der Gesundheit und Vitalit\u00e4t von Aquarienbewohnern. Einzigartige Formel f\u00fcr besseres Wachstum und Kondition.","breadcrumb":{"@id":"https:\/\/aquaforest.eu\/de\/produkte\/freshwater\/wasserversorgung\/af-life-essence\/#breadcrumb"},"inLanguage":"de","potentialAction":[{"@type":"ReadAction","target":["https:\/\/aquaforest.eu\/de\/produkte\/freshwater\/wasserversorgung\/af-life-essence\/"]}]},{"@type":"ImageObject","inLanguage":"de","@id":"https:\/\/aquaforest.eu\/de\/produkte\/freshwater\/wasserversorgung\/af-life-essence\/#primaryimage","url":"https:\/\/aquaforest.eu\/wp-content\/uploads\/2024\/06\/AF-Life-Essence.png","contentUrl":"https:\/\/aquaforest.eu\/wp-content\/uploads\/2024\/06\/AF-Life-Essence.png","width":259,"height":600},{"@type":"BreadcrumbList","@id":"https:\/\/aquaforest.eu\/de\/produkte\/freshwater\/wasserversorgung\/af-life-essence\/#breadcrumb","itemListElement":[{"@type":"ListItem","position":1,"name":"Home","item":"https:\/\/aquaforest.eu\/de\/"},{"@type":"ListItem","position":2,"name":"Produkte","item":"https:\/\/aquaforest.eu\/de\/produkte\/"},{"@type":"ListItem","position":3,"name":"AF Life Essence"}]},{"@type":"WebSite","@id":"https:\/\/aquaforest.eu\/de\/#website","url":"https:\/\/aquaforest.eu\/de\/","name":"Aquaforest","description":"","publisher":{"@id":"https:\/\/aquaforest.eu\/de\/#organization"},"potentialAction":[{"@type":"SearchAction","target":{"@type":"EntryPoint","urlTemplate":"https:\/\/aquaforest.eu\/de\/?s={search_term_string}"},"query-input":{"@type":"PropertyValueSpecification","valueRequired":true,"valueName":"search_term_string"}}],"inLanguage":"de"},{"@type":"Organization","@id":"https:\/\/aquaforest.eu\/de\/#organization","name":"Aquaforest","url":"https:\/\/aquaforest.eu\/de\/","logo":{"@type":"ImageObject","inLanguage":"de","@id":"https:\/\/aquaforest.eu\/de\/#\/schema\/logo\/image\/","url":"https:\/\/aquaforest.eu\/wp-content\/uploads\/2024\/05\/logotyp-aquaforest.svg","contentUrl":"https:\/\/aquaforest.eu\/wp-content\/uploads\/2024\/05\/logotyp-aquaforest.svg","width":170,"height":22,"caption":"Aquaforest"},"image":{"@id":"https:\/\/aquaforest.eu\/de\/#\/schema\/logo\/image\/"},"sameAs":["https:\/\/www.facebook.com\/Aquaforest\/","https:\/\/www.instagram.com\/aquaforest.eu\/"]}]}},"_links":{"self":[{"href":"https:\/\/aquaforest.eu\/de\/wp-json\/wp\/v2\/product\/11829","targetHints":{"allow":["GET"]}}],"collection":[{"href":"https:\/\/aquaforest.eu\/de\/wp-json\/wp\/v2\/product"}],"about":[{"href":"https:\/\/aquaforest.eu\/de\/wp-json\/wp\/v2\/types\/product"}],"version-history":[{"count":0,"href":"https:\/\/aquaforest.eu\/de\/wp-json\/wp\/v2\/product\/11829\/revisions"}],"wp:featuredmedia":[{"embeddable":true,"href":"https:\/\/aquaforest.eu\/de\/wp-json\/wp\/v2\/media\/11933"}],"wp:attachment":[{"href":"https:\/\/aquaforest.eu\/de\/wp-json\/wp\/v2\/media?parent=11829"}],"wp:term":[{"taxonomy":"product_brand","embeddable":true,"href":"https:\/\/aquaforest.eu\/de\/wp-json\/wp\/v2\/product_brand?post=11829"},{"taxonomy":"product_cat","embeddable":true,"href":"https:\/\/aquaforest.eu\/de\/wp-json\/wp\/v2\/product_cat?post=11829"},{"taxonomy":"product_tag","embeddable":true,"href":"https:\/\/aquaforest.eu\/de\/wp-json\/wp\/v2\/product_tag?post=11829"}],"curies":[{"name":"wp","href":"https:\/\/api.w.org\/{rel}","templated":true}]}}