{"id":11833,"date":"2024-06-25T01:01:34","date_gmt":"2024-06-24T23:01:34","guid":{"rendered":"https:\/\/aquaforest.eu\/products\/unkategorisiert\/af-k-boost\/"},"modified":"2024-11-25T11:32:00","modified_gmt":"2024-11-25T10:32:00","slug":"af-k-boost","status":"publish","type":"product","link":"https:\/\/aquaforest.eu\/de\/produkte\/freshwater\/erganzungsmittel-und-dungemittel\/af-k-boost\/","title":{"rendered":"AF K Boost"},"content":{"rendered":"<h4><span style=\"color: #000000;\">PRODUKTINFO:<\/span><\/h4>\n<p><span style=\"color: #000000;\">Professioneller, leicht absorbierbarer Kaliumd\u00fcnger f\u00fcr Wasserpflanzen. <\/span><span style=\"color: #000000;\">Als wichtiger Baustein ist Kalium an vielen biochemischen Reaktionen beteiligt, bei denen es als Aktivator von Enzymen wirkt. <\/span><span style=\"color: #000000;\">Au\u00dferdem ist es f\u00fcr die osmotische Regulierung und den Transport von Verbindungen in der Pflanze verantwortlich. <\/span><span style=\"color: #000000;\">Kaliummangel \u00e4u\u00dfert sich in einer Vergilbung der Blattr\u00e4nder und -spitzen, die sp\u00e4ter zu Nekrosen f\u00fchrt. <\/span><span style=\"color: #000000;\">Die Kaliumkonzentration im Aquarium sollte 10-20 mg\/l betragen. <\/span><span style=\"color: #000000;\">AF K Boost f\u00fcllt den Mangel an Kalium, das f\u00fcr Wasserpflanzen ben\u00f6tigt wird, vollst\u00e4ndig auf. <\/span><span style=\"color: #000000;\">Die Formel wird sehr schnell von den Pflanzen aufgenommen, so dass die Wirkung innerhalb kurzer Zeit nach der Anwendung sichtbar ist.<\/span><\/p>\n<p>&nbsp;<\/p>\n<hr \/>\n<h4><\/h4>\n<h4><span style=\"color: #000000;\">WIE ZU VERWENDEN:<\/span><\/h4>\n<p><span style=\"color: #000000;\">Die Supplementierung sollte fortgesetzt werden, bis zufriedenstellende Ergebnisse erzielt werden. <\/span><span style=\"color: #000000;\">Empfohlene parallele Verwendung mit AF Micro, AF PO4 Boost und AF N Boost. <\/span><span style=\"color: #000000;\">Absorptionsmittel wie Zeolith und\/oder Kohle k\u00f6nnen die Wirksamkeit der Formel verringern. <\/span><\/p>\n<p><span style=\"color: #000000;\"><strong>1 ml in 10 l Aquarienwasser erh\u00f6ht die Werte:<\/strong> K Kalium 5 mg\/l<\/span><\/p>\n","protected":false},"excerpt":{"rendered":"<p>Professioneller, leicht absorbierbarer Kaliumd\u00fcnger f\u00fcr Wasserpflanzen.<br \/>\nKalium ist als Aktivator von Enzymen an vielen biochemischen Reaktionen beteiligt.<\/p>\n","protected":false},"featured_media":11932,"template":"","meta":{"_acf_changed":false,"content-type":""},"product_brand":[],"product_cat":[1138],"product_tag":[966,1122,1417],"class_list":{"0":"post-11833","1":"product","2":"type-product","3":"status-publish","4":"has-post-thumbnail","6":"product_cat-erganzungsmittel-und-dungemittel","7":"product_tag-aquaforest-de","8":"product_tag-suswasseraquaristik","9":"product_tag-variable-de","11":"first","12":"instock","13":"taxable","14":"shipping-taxable","15":"purchasable","16":"product-type-variable","17":"has-default-attributes"},"acf":[],"yoast_head":"<!-- This site is optimized with the Yoast SEO plugin v27.1.1 - https:\/\/yoast.com\/product\/yoast-seo-wordpress\/ -->\n<title>AF K Boost - Aquaforest<\/title>\n<meta name=\"description\" content=\"AF K Boost: Wirksame Kaliumerg\u00e4nzung f\u00fcr ein gesundes Pflanzenwachstum im Aquarium. Zuverl\u00e4ssige Formel f\u00fcr optimale Wasserparameter.\" \/>\n<meta name=\"robots\" content=\"index, follow, max-snippet:-1, max-image-preview:large, max-video-preview:-1\" \/>\n<link rel=\"canonical\" href=\"https:\/\/aquaforest.eu\/de\/produkte\/freshwater\/erganzungsmittel-und-dungemittel\/af-k-boost\/\" \/>\n<meta property=\"og:locale\" content=\"de_DE\" \/>\n<meta property=\"og:type\" content=\"article\" \/>\n<meta property=\"og:title\" content=\"AF K Boost - Aquaforest\" \/>\n<meta property=\"og:description\" content=\"AF K Boost: Wirksame Kaliumerg\u00e4nzung f\u00fcr ein gesundes Pflanzenwachstum im Aquarium. Zuverl\u00e4ssige Formel f\u00fcr optimale Wasserparameter.\" \/>\n<meta property=\"og:url\" content=\"https:\/\/aquaforest.eu\/de\/produkte\/freshwater\/erganzungsmittel-und-dungemittel\/af-k-boost\/\" \/>\n<meta property=\"og:site_name\" content=\"Aquaforest\" \/>\n<meta property=\"article:publisher\" content=\"https:\/\/www.facebook.com\/Aquaforest\/\" \/>\n<meta property=\"article:modified_time\" content=\"2024-11-25T10:32:00+00:00\" \/>\n<meta property=\"og:image\" content=\"https:\/\/aquaforest.eu\/wp-content\/uploads\/2024\/06\/AF-K-Boost.png\" \/>\n\t<meta property=\"og:image:width\" content=\"259\" \/>\n\t<meta property=\"og:image:height\" content=\"600\" \/>\n\t<meta property=\"og:image:type\" content=\"image\/png\" \/>\n<meta name=\"twitter:card\" content=\"summary_large_image\" \/>\n<meta name=\"twitter:label1\" content=\"Gesch\u00e4tzte Lesezeit\" \/>\n\t<meta name=\"twitter:data1\" content=\"1\u00a0Minute\" \/>\n<script type=\"application\/ld+json\" class=\"yoast-schema-graph\">{\"@context\":\"https:\/\/schema.org\",\"@graph\":[{\"@type\":\"WebPage\",\"@id\":\"https:\/\/aquaforest.eu\/de\/produkte\/freshwater\/erganzungsmittel-und-dungemittel\/af-k-boost\/\",\"url\":\"https:\/\/aquaforest.eu\/de\/produkte\/freshwater\/erganzungsmittel-und-dungemittel\/af-k-boost\/\",\"name\":\"AF K Boost - Aquaforest\",\"isPartOf\":{\"@id\":\"https:\/\/aquaforest.eu\/de\/#website\"},\"primaryImageOfPage\":{\"@id\":\"https:\/\/aquaforest.eu\/de\/produkte\/freshwater\/erganzungsmittel-und-dungemittel\/af-k-boost\/#primaryimage\"},\"image\":{\"@id\":\"https:\/\/aquaforest.eu\/de\/produkte\/freshwater\/erganzungsmittel-und-dungemittel\/af-k-boost\/#primaryimage\"},\"thumbnailUrl\":\"https:\/\/aquaforest.eu\/wp-content\/uploads\/2024\/06\/AF-K-Boost.png\",\"datePublished\":\"2024-06-24T23:01:34+00:00\",\"dateModified\":\"2024-11-25T10:32:00+00:00\",\"description\":\"AF K Boost: Wirksame Kaliumerg\u00e4nzung f\u00fcr ein gesundes Pflanzenwachstum im Aquarium. Zuverl\u00e4ssige Formel f\u00fcr optimale Wasserparameter.\",\"breadcrumb\":{\"@id\":\"https:\/\/aquaforest.eu\/de\/produkte\/freshwater\/erganzungsmittel-und-dungemittel\/af-k-boost\/#breadcrumb\"},\"inLanguage\":\"de\",\"potentialAction\":[{\"@type\":\"ReadAction\",\"target\":[\"https:\/\/aquaforest.eu\/de\/produkte\/freshwater\/erganzungsmittel-und-dungemittel\/af-k-boost\/\"]}]},{\"@type\":\"ImageObject\",\"inLanguage\":\"de\",\"@id\":\"https:\/\/aquaforest.eu\/de\/produkte\/freshwater\/erganzungsmittel-und-dungemittel\/af-k-boost\/#primaryimage\",\"url\":\"https:\/\/aquaforest.eu\/wp-content\/uploads\/2024\/06\/AF-K-Boost.png\",\"contentUrl\":\"https:\/\/aquaforest.eu\/wp-content\/uploads\/2024\/06\/AF-K-Boost.png\",\"width\":259,\"height\":600},{\"@type\":\"BreadcrumbList\",\"@id\":\"https:\/\/aquaforest.eu\/de\/produkte\/freshwater\/erganzungsmittel-und-dungemittel\/af-k-boost\/#breadcrumb\",\"itemListElement\":[{\"@type\":\"ListItem\",\"position\":1,\"name\":\"Home\",\"item\":\"https:\/\/aquaforest.eu\/de\/\"},{\"@type\":\"ListItem\",\"position\":2,\"name\":\"Produkte\",\"item\":\"https:\/\/aquaforest.eu\/de\/produkte\/\"},{\"@type\":\"ListItem\",\"position\":3,\"name\":\"AF K Boost\"}]},{\"@type\":\"WebSite\",\"@id\":\"https:\/\/aquaforest.eu\/de\/#website\",\"url\":\"https:\/\/aquaforest.eu\/de\/\",\"name\":\"Aquaforest\",\"description\":\"\",\"publisher\":{\"@id\":\"https:\/\/aquaforest.eu\/de\/#organization\"},\"potentialAction\":[{\"@type\":\"SearchAction\",\"target\":{\"@type\":\"EntryPoint\",\"urlTemplate\":\"https:\/\/aquaforest.eu\/de\/?s={search_term_string}\"},\"query-input\":{\"@type\":\"PropertyValueSpecification\",\"valueRequired\":true,\"valueName\":\"search_term_string\"}}],\"inLanguage\":\"de\"},{\"@type\":\"Organization\",\"@id\":\"https:\/\/aquaforest.eu\/de\/#organization\",\"name\":\"Aquaforest\",\"url\":\"https:\/\/aquaforest.eu\/de\/\",\"logo\":{\"@type\":\"ImageObject\",\"inLanguage\":\"de\",\"@id\":\"https:\/\/aquaforest.eu\/de\/#\/schema\/logo\/image\/\",\"url\":\"https:\/\/aquaforest.eu\/wp-content\/uploads\/2024\/05\/logotyp-aquaforest.svg\",\"contentUrl\":\"https:\/\/aquaforest.eu\/wp-content\/uploads\/2024\/05\/logotyp-aquaforest.svg\",\"width\":170,\"height\":22,\"caption\":\"Aquaforest\"},\"image\":{\"@id\":\"https:\/\/aquaforest.eu\/de\/#\/schema\/logo\/image\/\"},\"sameAs\":[\"https:\/\/www.facebook.com\/Aquaforest\/\",\"https:\/\/www.instagram.com\/aquaforest.eu\/\"]}]}<\/script>\n<!-- \/ Yoast SEO plugin. -->","yoast_head_json":{"title":"AF K Boost - Aquaforest","description":"AF K Boost: Wirksame Kaliumerg\u00e4nzung f\u00fcr ein gesundes Pflanzenwachstum im Aquarium. Zuverl\u00e4ssige Formel f\u00fcr optimale Wasserparameter.","robots":{"index":"index","follow":"follow","max-snippet":"max-snippet:-1","max-image-preview":"max-image-preview:large","max-video-preview":"max-video-preview:-1"},"canonical":"https:\/\/aquaforest.eu\/de\/produkte\/freshwater\/erganzungsmittel-und-dungemittel\/af-k-boost\/","og_locale":"de_DE","og_type":"article","og_title":"AF K Boost - Aquaforest","og_description":"AF K Boost: Wirksame Kaliumerg\u00e4nzung f\u00fcr ein gesundes Pflanzenwachstum im Aquarium. Zuverl\u00e4ssige Formel f\u00fcr optimale Wasserparameter.","og_url":"https:\/\/aquaforest.eu\/de\/produkte\/freshwater\/erganzungsmittel-und-dungemittel\/af-k-boost\/","og_site_name":"Aquaforest","article_publisher":"https:\/\/www.facebook.com\/Aquaforest\/","article_modified_time":"2024-11-25T10:32:00+00:00","og_image":[{"width":259,"height":600,"url":"https:\/\/aquaforest.eu\/wp-content\/uploads\/2024\/06\/AF-K-Boost.png","type":"image\/png"}],"twitter_card":"summary_large_image","twitter_misc":{"Gesch\u00e4tzte Lesezeit":"1\u00a0Minute"},"schema":{"@context":"https:\/\/schema.org","@graph":[{"@type":"WebPage","@id":"https:\/\/aquaforest.eu\/de\/produkte\/freshwater\/erganzungsmittel-und-dungemittel\/af-k-boost\/","url":"https:\/\/aquaforest.eu\/de\/produkte\/freshwater\/erganzungsmittel-und-dungemittel\/af-k-boost\/","name":"AF K Boost - Aquaforest","isPartOf":{"@id":"https:\/\/aquaforest.eu\/de\/#website"},"primaryImageOfPage":{"@id":"https:\/\/aquaforest.eu\/de\/produkte\/freshwater\/erganzungsmittel-und-dungemittel\/af-k-boost\/#primaryimage"},"image":{"@id":"https:\/\/aquaforest.eu\/de\/produkte\/freshwater\/erganzungsmittel-und-dungemittel\/af-k-boost\/#primaryimage"},"thumbnailUrl":"https:\/\/aquaforest.eu\/wp-content\/uploads\/2024\/06\/AF-K-Boost.png","datePublished":"2024-06-24T23:01:34+00:00","dateModified":"2024-11-25T10:32:00+00:00","description":"AF K Boost: Wirksame Kaliumerg\u00e4nzung f\u00fcr ein gesundes Pflanzenwachstum im Aquarium. Zuverl\u00e4ssige Formel f\u00fcr optimale Wasserparameter.","breadcrumb":{"@id":"https:\/\/aquaforest.eu\/de\/produkte\/freshwater\/erganzungsmittel-und-dungemittel\/af-k-boost\/#breadcrumb"},"inLanguage":"de","potentialAction":[{"@type":"ReadAction","target":["https:\/\/aquaforest.eu\/de\/produkte\/freshwater\/erganzungsmittel-und-dungemittel\/af-k-boost\/"]}]},{"@type":"ImageObject","inLanguage":"de","@id":"https:\/\/aquaforest.eu\/de\/produkte\/freshwater\/erganzungsmittel-und-dungemittel\/af-k-boost\/#primaryimage","url":"https:\/\/aquaforest.eu\/wp-content\/uploads\/2024\/06\/AF-K-Boost.png","contentUrl":"https:\/\/aquaforest.eu\/wp-content\/uploads\/2024\/06\/AF-K-Boost.png","width":259,"height":600},{"@type":"BreadcrumbList","@id":"https:\/\/aquaforest.eu\/de\/produkte\/freshwater\/erganzungsmittel-und-dungemittel\/af-k-boost\/#breadcrumb","itemListElement":[{"@type":"ListItem","position":1,"name":"Home","item":"https:\/\/aquaforest.eu\/de\/"},{"@type":"ListItem","position":2,"name":"Produkte","item":"https:\/\/aquaforest.eu\/de\/produkte\/"},{"@type":"ListItem","position":3,"name":"AF K Boost"}]},{"@type":"WebSite","@id":"https:\/\/aquaforest.eu\/de\/#website","url":"https:\/\/aquaforest.eu\/de\/","name":"Aquaforest","description":"","publisher":{"@id":"https:\/\/aquaforest.eu\/de\/#organization"},"potentialAction":[{"@type":"SearchAction","target":{"@type":"EntryPoint","urlTemplate":"https:\/\/aquaforest.eu\/de\/?s={search_term_string}"},"query-input":{"@type":"PropertyValueSpecification","valueRequired":true,"valueName":"search_term_string"}}],"inLanguage":"de"},{"@type":"Organization","@id":"https:\/\/aquaforest.eu\/de\/#organization","name":"Aquaforest","url":"https:\/\/aquaforest.eu\/de\/","logo":{"@type":"ImageObject","inLanguage":"de","@id":"https:\/\/aquaforest.eu\/de\/#\/schema\/logo\/image\/","url":"https:\/\/aquaforest.eu\/wp-content\/uploads\/2024\/05\/logotyp-aquaforest.svg","contentUrl":"https:\/\/aquaforest.eu\/wp-content\/uploads\/2024\/05\/logotyp-aquaforest.svg","width":170,"height":22,"caption":"Aquaforest"},"image":{"@id":"https:\/\/aquaforest.eu\/de\/#\/schema\/logo\/image\/"},"sameAs":["https:\/\/www.facebook.com\/Aquaforest\/","https:\/\/www.instagram.com\/aquaforest.eu\/"]}]}},"_links":{"self":[{"href":"https:\/\/aquaforest.eu\/de\/wp-json\/wp\/v2\/product\/11833","targetHints":{"allow":["GET"]}}],"collection":[{"href":"https:\/\/aquaforest.eu\/de\/wp-json\/wp\/v2\/product"}],"about":[{"href":"https:\/\/aquaforest.eu\/de\/wp-json\/wp\/v2\/types\/product"}],"version-history":[{"count":0,"href":"https:\/\/aquaforest.eu\/de\/wp-json\/wp\/v2\/product\/11833\/revisions"}],"wp:featuredmedia":[{"embeddable":true,"href":"https:\/\/aquaforest.eu\/de\/wp-json\/wp\/v2\/media\/11932"}],"wp:attachment":[{"href":"https:\/\/aquaforest.eu\/de\/wp-json\/wp\/v2\/media?parent=11833"}],"wp:term":[{"taxonomy":"product_brand","embeddable":true,"href":"https:\/\/aquaforest.eu\/de\/wp-json\/wp\/v2\/product_brand?post=11833"},{"taxonomy":"product_cat","embeddable":true,"href":"https:\/\/aquaforest.eu\/de\/wp-json\/wp\/v2\/product_cat?post=11833"},{"taxonomy":"product_tag","embeddable":true,"href":"https:\/\/aquaforest.eu\/de\/wp-json\/wp\/v2\/product_tag?post=11833"}],"curies":[{"name":"wp","href":"https:\/\/api.w.org\/{rel}","templated":true}]}}