{"id":11839,"date":"2024-06-25T01:13:03","date_gmt":"2024-06-24T23:13:03","guid":{"rendered":"https:\/\/aquaforest.eu\/products\/unkategorisiert\/af-iron-boost\/"},"modified":"2024-11-25T11:27:23","modified_gmt":"2024-11-25T10:27:23","slug":"af-iron-boost","status":"publish","type":"product","link":"https:\/\/aquaforest.eu\/de\/produkte\/freshwater\/erganzungsmittel-und-dungemittel\/af-iron-boost\/","title":{"rendered":"AF Iron Boost"},"content":{"rendered":"<h4><span style=\"color: #000000;\">PRODUKTINFO:<\/span><\/h4>\n<p><span style=\"color: #000000;\">Professioneller, leicht absorbierbarer Eisend\u00fcnger f\u00fcr Wasserpflanzen.<\/span><br \/>\n<span style=\"color: #000000;\">Eisen ist an einer Vielzahl von Stoffwechselprozessen beteiligt und spielt vor allem eine wichtige Rolle bei der Synthese von Chlorophyll &#8211; dem gr\u00fcnen Pigment.<\/span><br \/>\n<span style=\"color: #000000;\">Sein Vorhandensein bedingt die Effizienz der Photosynthese.<\/span><br \/>\n<span style=\"color: #000000;\">Die Eisenaufnahme ist abh\u00e4ngig vom Gehalt an Makro- und Mikron\u00e4hrstoffen sowie vom pH-Wert und dem Eisen selbst.<\/span><br \/>\n<span style=\"color: #000000;\">Ein h\u00e4ufiges Problem in Aquarien ist Eisenmangel, weil es in seiner Form von den Pflanzen nicht aufgenommen werden kann.<\/span><br \/>\n<span style=\"color: #000000;\">Eisenmangel f\u00fchrt zum Verschwinden des Chlorophylls und folglich zur Entwicklung von Chlorose, die sich als Blattvergilbung und Nekrose \u00e4u\u00dfert.<\/span><br \/>\n<span style=\"color: #000000;\">Die optimale Konzentration von Eisen im Aquarienwasser sollte 0,1-1 mg\/l betragen.<\/span><br \/>\n<span style=\"color: #000000;\">AF Iron Boost enth\u00e4lt eine konzentrierte Dosis eines leicht absorbierbaren Fe2+ Eisenchelats f\u00fcr Aquarienpflanzen.<\/span><\/p>\n<p>&nbsp;<\/p>\n<hr \/>\n<h4><\/h4>\n<h4><span style=\"color: #000000;\">WIE ZU VERWENDEN:<\/span><\/h4>\n<p><span style=\"color: #000000;\">1 ml AF Iron Boost pro 100 l Wasser einmal pro Woche anwenden und so lange d\u00fcngen, bis zufriedenstellende Ergebnisse erzielt werden. Empfohlene parallele Anwendung mit AF Micro und AF Macro. Absorptionsmittel wie Zeolith und\/oder Kohle k\u00f6nnen die Wirksamkeit der Formel verringern. Nur f\u00fcr aquatische Zwecke. Vor Sonnenlicht sch\u00fctzen. Bei Raumtemperatur in einem fest verschlossenen Beh\u00e4lter aufbewahren, au\u00dferhalb der Reichweite von Kindern aufbewahren.<\/span><\/p>\n<p><span style=\"color: #000000;\"> <strong>1 ml in 10 l Aquarienwasser erh\u00f6ht die Werte:<\/strong> Fe Eisen 0,4 mg\/l (ppm)<\/span><\/p>\n","protected":false},"excerpt":{"rendered":"<p>Professioneller, leicht absorbierbarer Eisend\u00fcnger f\u00fcr Wasserpflanzen.<br \/>\nEisen ist entscheidend f\u00fcr die Synthese von Chlorophyll &#8211; dem gr\u00fcnen Pigment.<\/p>\n","protected":false},"featured_media":11931,"template":"","meta":{"_acf_changed":false,"content-type":""},"product_brand":[],"product_cat":[1138],"product_tag":[966,1122,1417],"class_list":{"0":"post-11839","1":"product","2":"type-product","3":"status-publish","4":"has-post-thumbnail","6":"product_cat-erganzungsmittel-und-dungemittel","7":"product_tag-aquaforest-de","8":"product_tag-suswasseraquaristik","9":"product_tag-variable-de","11":"first","12":"instock","13":"taxable","14":"shipping-taxable","15":"purchasable","16":"product-type-variable","17":"has-default-attributes"},"acf":[],"yoast_head":"<!-- This site is optimized with the Yoast SEO plugin v27.1.1 - https:\/\/yoast.com\/product\/yoast-seo-wordpress\/ -->\n<title>AF Iron Boost - Aquaforest<\/title>\n<meta name=\"description\" content=\"AF Iron Boost: Pr\u00e4zises Eisenpr\u00e4parat zur Verbesserung des Zustands von Pflanzen. Einzigartige Formel f\u00fcr intensive Farben und Gesundheit.\" \/>\n<meta name=\"robots\" content=\"index, follow, max-snippet:-1, max-image-preview:large, max-video-preview:-1\" \/>\n<link rel=\"canonical\" href=\"https:\/\/aquaforest.eu\/de\/produkte\/freshwater\/erganzungsmittel-und-dungemittel\/af-iron-boost\/\" \/>\n<meta property=\"og:locale\" content=\"de_DE\" \/>\n<meta property=\"og:type\" content=\"article\" \/>\n<meta property=\"og:title\" content=\"AF Iron Boost - Aquaforest\" \/>\n<meta property=\"og:description\" content=\"AF Iron Boost: Pr\u00e4zises Eisenpr\u00e4parat zur Verbesserung des Zustands von Pflanzen. Einzigartige Formel f\u00fcr intensive Farben und Gesundheit.\" \/>\n<meta property=\"og:url\" content=\"https:\/\/aquaforest.eu\/de\/produkte\/freshwater\/erganzungsmittel-und-dungemittel\/af-iron-boost\/\" \/>\n<meta property=\"og:site_name\" content=\"Aquaforest\" \/>\n<meta property=\"article:publisher\" content=\"https:\/\/www.facebook.com\/Aquaforest\/\" \/>\n<meta property=\"article:modified_time\" content=\"2024-11-25T10:27:23+00:00\" \/>\n<meta property=\"og:image\" content=\"https:\/\/aquaforest.eu\/wp-content\/uploads\/2024\/06\/AF-Iron-Boost.png\" \/>\n\t<meta property=\"og:image:width\" content=\"264\" \/>\n\t<meta property=\"og:image:height\" content=\"600\" \/>\n\t<meta property=\"og:image:type\" content=\"image\/png\" \/>\n<meta name=\"twitter:card\" content=\"summary_large_image\" \/>\n<meta name=\"twitter:label1\" content=\"Gesch\u00e4tzte Lesezeit\" \/>\n\t<meta name=\"twitter:data1\" content=\"2\u00a0Minuten\" \/>\n<script type=\"application\/ld+json\" class=\"yoast-schema-graph\">{\"@context\":\"https:\/\/schema.org\",\"@graph\":[{\"@type\":\"WebPage\",\"@id\":\"https:\/\/aquaforest.eu\/de\/produkte\/freshwater\/erganzungsmittel-und-dungemittel\/af-iron-boost\/\",\"url\":\"https:\/\/aquaforest.eu\/de\/produkte\/freshwater\/erganzungsmittel-und-dungemittel\/af-iron-boost\/\",\"name\":\"AF Iron Boost - Aquaforest\",\"isPartOf\":{\"@id\":\"https:\/\/aquaforest.eu\/de\/#website\"},\"primaryImageOfPage\":{\"@id\":\"https:\/\/aquaforest.eu\/de\/produkte\/freshwater\/erganzungsmittel-und-dungemittel\/af-iron-boost\/#primaryimage\"},\"image\":{\"@id\":\"https:\/\/aquaforest.eu\/de\/produkte\/freshwater\/erganzungsmittel-und-dungemittel\/af-iron-boost\/#primaryimage\"},\"thumbnailUrl\":\"https:\/\/aquaforest.eu\/wp-content\/uploads\/2024\/06\/AF-Iron-Boost.png\",\"datePublished\":\"2024-06-24T23:13:03+00:00\",\"dateModified\":\"2024-11-25T10:27:23+00:00\",\"description\":\"AF Iron Boost: Pr\u00e4zises Eisenpr\u00e4parat zur Verbesserung des Zustands von Pflanzen. Einzigartige Formel f\u00fcr intensive Farben und Gesundheit.\",\"breadcrumb\":{\"@id\":\"https:\/\/aquaforest.eu\/de\/produkte\/freshwater\/erganzungsmittel-und-dungemittel\/af-iron-boost\/#breadcrumb\"},\"inLanguage\":\"de\",\"potentialAction\":[{\"@type\":\"ReadAction\",\"target\":[\"https:\/\/aquaforest.eu\/de\/produkte\/freshwater\/erganzungsmittel-und-dungemittel\/af-iron-boost\/\"]}]},{\"@type\":\"ImageObject\",\"inLanguage\":\"de\",\"@id\":\"https:\/\/aquaforest.eu\/de\/produkte\/freshwater\/erganzungsmittel-und-dungemittel\/af-iron-boost\/#primaryimage\",\"url\":\"https:\/\/aquaforest.eu\/wp-content\/uploads\/2024\/06\/AF-Iron-Boost.png\",\"contentUrl\":\"https:\/\/aquaforest.eu\/wp-content\/uploads\/2024\/06\/AF-Iron-Boost.png\",\"width\":264,\"height\":600},{\"@type\":\"BreadcrumbList\",\"@id\":\"https:\/\/aquaforest.eu\/de\/produkte\/freshwater\/erganzungsmittel-und-dungemittel\/af-iron-boost\/#breadcrumb\",\"itemListElement\":[{\"@type\":\"ListItem\",\"position\":1,\"name\":\"Home\",\"item\":\"https:\/\/aquaforest.eu\/de\/\"},{\"@type\":\"ListItem\",\"position\":2,\"name\":\"Produkte\",\"item\":\"https:\/\/aquaforest.eu\/de\/produkte\/\"},{\"@type\":\"ListItem\",\"position\":3,\"name\":\"AF Iron Boost\"}]},{\"@type\":\"WebSite\",\"@id\":\"https:\/\/aquaforest.eu\/de\/#website\",\"url\":\"https:\/\/aquaforest.eu\/de\/\",\"name\":\"Aquaforest\",\"description\":\"\",\"publisher\":{\"@id\":\"https:\/\/aquaforest.eu\/de\/#organization\"},\"potentialAction\":[{\"@type\":\"SearchAction\",\"target\":{\"@type\":\"EntryPoint\",\"urlTemplate\":\"https:\/\/aquaforest.eu\/de\/?s={search_term_string}\"},\"query-input\":{\"@type\":\"PropertyValueSpecification\",\"valueRequired\":true,\"valueName\":\"search_term_string\"}}],\"inLanguage\":\"de\"},{\"@type\":\"Organization\",\"@id\":\"https:\/\/aquaforest.eu\/de\/#organization\",\"name\":\"Aquaforest\",\"url\":\"https:\/\/aquaforest.eu\/de\/\",\"logo\":{\"@type\":\"ImageObject\",\"inLanguage\":\"de\",\"@id\":\"https:\/\/aquaforest.eu\/de\/#\/schema\/logo\/image\/\",\"url\":\"https:\/\/aquaforest.eu\/wp-content\/uploads\/2024\/05\/logotyp-aquaforest.svg\",\"contentUrl\":\"https:\/\/aquaforest.eu\/wp-content\/uploads\/2024\/05\/logotyp-aquaforest.svg\",\"width\":170,\"height\":22,\"caption\":\"Aquaforest\"},\"image\":{\"@id\":\"https:\/\/aquaforest.eu\/de\/#\/schema\/logo\/image\/\"},\"sameAs\":[\"https:\/\/www.facebook.com\/Aquaforest\/\",\"https:\/\/www.instagram.com\/aquaforest.eu\/\"]}]}<\/script>\n<!-- \/ Yoast SEO plugin. -->","yoast_head_json":{"title":"AF Iron Boost - Aquaforest","description":"AF Iron Boost: Pr\u00e4zises Eisenpr\u00e4parat zur Verbesserung des Zustands von Pflanzen. Einzigartige Formel f\u00fcr intensive Farben und Gesundheit.","robots":{"index":"index","follow":"follow","max-snippet":"max-snippet:-1","max-image-preview":"max-image-preview:large","max-video-preview":"max-video-preview:-1"},"canonical":"https:\/\/aquaforest.eu\/de\/produkte\/freshwater\/erganzungsmittel-und-dungemittel\/af-iron-boost\/","og_locale":"de_DE","og_type":"article","og_title":"AF Iron Boost - Aquaforest","og_description":"AF Iron Boost: Pr\u00e4zises Eisenpr\u00e4parat zur Verbesserung des Zustands von Pflanzen. Einzigartige Formel f\u00fcr intensive Farben und Gesundheit.","og_url":"https:\/\/aquaforest.eu\/de\/produkte\/freshwater\/erganzungsmittel-und-dungemittel\/af-iron-boost\/","og_site_name":"Aquaforest","article_publisher":"https:\/\/www.facebook.com\/Aquaforest\/","article_modified_time":"2024-11-25T10:27:23+00:00","og_image":[{"width":264,"height":600,"url":"https:\/\/aquaforest.eu\/wp-content\/uploads\/2024\/06\/AF-Iron-Boost.png","type":"image\/png"}],"twitter_card":"summary_large_image","twitter_misc":{"Gesch\u00e4tzte Lesezeit":"2\u00a0Minuten"},"schema":{"@context":"https:\/\/schema.org","@graph":[{"@type":"WebPage","@id":"https:\/\/aquaforest.eu\/de\/produkte\/freshwater\/erganzungsmittel-und-dungemittel\/af-iron-boost\/","url":"https:\/\/aquaforest.eu\/de\/produkte\/freshwater\/erganzungsmittel-und-dungemittel\/af-iron-boost\/","name":"AF Iron Boost - Aquaforest","isPartOf":{"@id":"https:\/\/aquaforest.eu\/de\/#website"},"primaryImageOfPage":{"@id":"https:\/\/aquaforest.eu\/de\/produkte\/freshwater\/erganzungsmittel-und-dungemittel\/af-iron-boost\/#primaryimage"},"image":{"@id":"https:\/\/aquaforest.eu\/de\/produkte\/freshwater\/erganzungsmittel-und-dungemittel\/af-iron-boost\/#primaryimage"},"thumbnailUrl":"https:\/\/aquaforest.eu\/wp-content\/uploads\/2024\/06\/AF-Iron-Boost.png","datePublished":"2024-06-24T23:13:03+00:00","dateModified":"2024-11-25T10:27:23+00:00","description":"AF Iron Boost: Pr\u00e4zises Eisenpr\u00e4parat zur Verbesserung des Zustands von Pflanzen. Einzigartige Formel f\u00fcr intensive Farben und Gesundheit.","breadcrumb":{"@id":"https:\/\/aquaforest.eu\/de\/produkte\/freshwater\/erganzungsmittel-und-dungemittel\/af-iron-boost\/#breadcrumb"},"inLanguage":"de","potentialAction":[{"@type":"ReadAction","target":["https:\/\/aquaforest.eu\/de\/produkte\/freshwater\/erganzungsmittel-und-dungemittel\/af-iron-boost\/"]}]},{"@type":"ImageObject","inLanguage":"de","@id":"https:\/\/aquaforest.eu\/de\/produkte\/freshwater\/erganzungsmittel-und-dungemittel\/af-iron-boost\/#primaryimage","url":"https:\/\/aquaforest.eu\/wp-content\/uploads\/2024\/06\/AF-Iron-Boost.png","contentUrl":"https:\/\/aquaforest.eu\/wp-content\/uploads\/2024\/06\/AF-Iron-Boost.png","width":264,"height":600},{"@type":"BreadcrumbList","@id":"https:\/\/aquaforest.eu\/de\/produkte\/freshwater\/erganzungsmittel-und-dungemittel\/af-iron-boost\/#breadcrumb","itemListElement":[{"@type":"ListItem","position":1,"name":"Home","item":"https:\/\/aquaforest.eu\/de\/"},{"@type":"ListItem","position":2,"name":"Produkte","item":"https:\/\/aquaforest.eu\/de\/produkte\/"},{"@type":"ListItem","position":3,"name":"AF Iron Boost"}]},{"@type":"WebSite","@id":"https:\/\/aquaforest.eu\/de\/#website","url":"https:\/\/aquaforest.eu\/de\/","name":"Aquaforest","description":"","publisher":{"@id":"https:\/\/aquaforest.eu\/de\/#organization"},"potentialAction":[{"@type":"SearchAction","target":{"@type":"EntryPoint","urlTemplate":"https:\/\/aquaforest.eu\/de\/?s={search_term_string}"},"query-input":{"@type":"PropertyValueSpecification","valueRequired":true,"valueName":"search_term_string"}}],"inLanguage":"de"},{"@type":"Organization","@id":"https:\/\/aquaforest.eu\/de\/#organization","name":"Aquaforest","url":"https:\/\/aquaforest.eu\/de\/","logo":{"@type":"ImageObject","inLanguage":"de","@id":"https:\/\/aquaforest.eu\/de\/#\/schema\/logo\/image\/","url":"https:\/\/aquaforest.eu\/wp-content\/uploads\/2024\/05\/logotyp-aquaforest.svg","contentUrl":"https:\/\/aquaforest.eu\/wp-content\/uploads\/2024\/05\/logotyp-aquaforest.svg","width":170,"height":22,"caption":"Aquaforest"},"image":{"@id":"https:\/\/aquaforest.eu\/de\/#\/schema\/logo\/image\/"},"sameAs":["https:\/\/www.facebook.com\/Aquaforest\/","https:\/\/www.instagram.com\/aquaforest.eu\/"]}]}},"_links":{"self":[{"href":"https:\/\/aquaforest.eu\/de\/wp-json\/wp\/v2\/product\/11839","targetHints":{"allow":["GET"]}}],"collection":[{"href":"https:\/\/aquaforest.eu\/de\/wp-json\/wp\/v2\/product"}],"about":[{"href":"https:\/\/aquaforest.eu\/de\/wp-json\/wp\/v2\/types\/product"}],"version-history":[{"count":0,"href":"https:\/\/aquaforest.eu\/de\/wp-json\/wp\/v2\/product\/11839\/revisions"}],"wp:featuredmedia":[{"embeddable":true,"href":"https:\/\/aquaforest.eu\/de\/wp-json\/wp\/v2\/media\/11931"}],"wp:attachment":[{"href":"https:\/\/aquaforest.eu\/de\/wp-json\/wp\/v2\/media?parent=11839"}],"wp:term":[{"taxonomy":"product_brand","embeddable":true,"href":"https:\/\/aquaforest.eu\/de\/wp-json\/wp\/v2\/product_brand?post=11839"},{"taxonomy":"product_cat","embeddable":true,"href":"https:\/\/aquaforest.eu\/de\/wp-json\/wp\/v2\/product_cat?post=11839"},{"taxonomy":"product_tag","embeddable":true,"href":"https:\/\/aquaforest.eu\/de\/wp-json\/wp\/v2\/product_tag?post=11839"}],"curies":[{"name":"wp","href":"https:\/\/api.w.org\/{rel}","templated":true}]}}