{"id":11847,"date":"2024-06-25T00:22:41","date_gmt":"2024-06-24T22:22:41","guid":{"rendered":"https:\/\/aquaforest.eu\/products\/unkategorisiert\/af-po4-boost\/"},"modified":"2025-06-02T13:19:57","modified_gmt":"2025-06-02T11:19:57","slug":"af-po4-boost","status":"publish","type":"product","link":"https:\/\/aquaforest.eu\/de\/produkte\/freshwater\/erganzungsmittel-und-dungemittel\/af-po4-boost\/","title":{"rendered":"AF Po4 Boost"},"content":{"rendered":"<h4><span style=\"color: #000000;\">PRODUKTINFO:<\/span><\/h4>\n<p><span style=\"font-weight: 400;\">Professionelle Erg\u00e4nzung von leicht absorbierbaren Phosphor f\u00fcr Wasserpflanzen.<\/span><span style=\"font-weight: 400;\"><br \/>\n<\/span><span style=\"font-weight: 400;\">Phosphor ist ein wesentlicher Bestandteil von Phospholipiden und Nukleins\u00e4uren und spielt eine entscheidende Rolle bei den Energie Prozessen der Zellen.<\/span><span style=\"font-weight: 400;\"><br \/>\n<\/span><span style=\"font-weight: 400;\">In stark beleuchteten, mit CO2 ged\u00fcngten Aquarien steigt der Bedarf der Pflanzen an Phosphor erheblich an.<\/span><span style=\"font-weight: 400;\"><br \/>\n<\/span><span style=\"font-weight: 400;\">Durch die regelm\u00e4\u00dfige Anwendung von AF PO4 Boost kann ein Mangel vermieden werden, der das Wachstum verlangsamt und zu Verbr\u00e4unung und Verfall der Blattspitzen f\u00fchren kann.<\/span><span style=\"font-weight: 400;\"><br \/>\n<\/span><span style=\"font-weight: 400;\">Die regelm\u00e4\u00dfige Anwendung von AF PO4 Boost erm\u00f6glicht es, den Mangel an diesem wertvollen Makroelement im Wasser auszugleichen und zahlt sich in Form einer gesunden und \u00fcppigen Blattentwicklung in einem sp\u00e4teren Wachstumsstadium aus.<\/span><span style=\"font-weight: 400;\"><br \/>\n<\/span><span style=\"font-weight: 400;\">Der empfohlene Gehalt an Phosphat im Aquarium betr\u00e4gt 0,5-1,5 mg\/l<\/span><\/p>\n<p>&nbsp;<\/p>\n<hr \/>\n<h4><\/h4>\n<h4><span style=\"color: #000000;\">WIE ZU VERWENDEN:<\/span><\/h4>\n<p><span style=\"font-weight: 400;\">10 ml AF PO4 Boost, aufgel\u00f6st in 100 Litern Wasser, erh\u00f6ht den Phosphatgehalt um 0,4 mg \/ l.<\/span><span style=\"font-weight: 400;\"><br \/>\n<\/span><span style=\"font-weight: 400;\">Empfohlene parallele Verwendung mit AF Micro, AF N Boost und AF K Boost.<\/span><span style=\"font-weight: 400;\"><br \/>\n<\/span><span style=\"font-weight: 400;\">Absorptionsmittel wie Zeolith und\/oder Kohle k\u00f6nnen die Wirksamkeit der Formel verringern.<\/span><span style=\"font-weight: 400;\"><br \/>\n<\/span><span style=\"font-weight: 400;\">Der Phosphatgehalt sollte unter Kontrolle sein.<\/span><span style=\"font-weight: 400;\"><br \/>\n<\/span><span style=\"font-weight: 400;\">Ein \u00dcberschuss kann zum Wachstum von Algen, insbesondere von Rotalgen, f\u00fchren.<\/span><span style=\"font-weight: 400;\"><br \/>\n<\/span><span style=\"font-weight: 400;\">Nur f\u00fcr aquatische Zwecke.<\/span><span style=\"font-weight: 400;\"><br \/>\n<\/span><span style=\"font-weight: 400;\">Vor Sonnenlicht sch\u00fctzen.<\/span><span style=\"font-weight: 400;\"><br \/>\n<\/span><span style=\"font-weight: 400;\">Bei Zimmertemperatur in einem fest verschlossenen Beh\u00e4lter aufbewahren, au\u00dferhalb der Reichweite von Kindern aufbewahren.<\/span><\/p>\n<p><span style=\"color: #000000;\"><strong>1 ml in 10 l Aquarienwasser erh\u00f6ht die Werte:<\/strong><\/span><\/p>\n<ul>\n<li><span style=\"color: #000000;\">PO4 Phosphat 0,4 mg\/l (ppm)<\/span><\/li>\n<li><span style=\"color: #000000;\">K Kalium 0,72 mg\/l (ppm)<\/span><\/li>\n<li><span style=\"color: #000000;\">Mg Magnesium 0,9 mg\/l (ppm)<\/span><\/li>\n<\/ul>\n","protected":false},"excerpt":{"rendered":"<p><span style=\"font-weight: 400;\">Professionelle Erg\u00e4nzung mit leicht absorbierbaren Phosphor f\u00fcr Wasserpflanzen.<\/span><\/p>\n","protected":false},"featured_media":11947,"template":"","meta":{"_acf_changed":false,"content-type":""},"product_brand":[],"product_cat":[1138],"product_tag":[966,1122,1417],"class_list":{"0":"post-11847","1":"product","2":"type-product","3":"status-publish","4":"has-post-thumbnail","6":"product_cat-erganzungsmittel-und-dungemittel","7":"product_tag-aquaforest-de","8":"product_tag-suswasseraquaristik","9":"product_tag-variable-de","11":"first","12":"instock","13":"taxable","14":"shipping-taxable","15":"purchasable","16":"product-type-variable","17":"has-default-attributes"},"acf":[],"yoast_head":"<!-- This site is optimized with the Yoast SEO plugin v27.1.1 - https:\/\/yoast.com\/product\/yoast-seo-wordpress\/ -->\n<title>AF Po4 Boost - Aquaforest<\/title>\n<meta name=\"description\" content=\"AF PO4 Boost: Pr\u00e4zises Pr\u00e4parat zur Erh\u00f6hung des Phosphatgehalts im Aquarium. Eine einzigartige Formel, die das Wachstum von Pflanzen und Korallen unterst\u00fctzt.\" \/>\n<meta name=\"robots\" content=\"index, follow, max-snippet:-1, max-image-preview:large, max-video-preview:-1\" \/>\n<link rel=\"canonical\" href=\"https:\/\/aquaforest.eu\/de\/produkte\/freshwater\/erganzungsmittel-und-dungemittel\/af-po4-boost\/\" \/>\n<meta property=\"og:locale\" content=\"de_DE\" \/>\n<meta property=\"og:type\" content=\"article\" \/>\n<meta property=\"og:title\" content=\"AF Po4 Boost - Aquaforest\" \/>\n<meta property=\"og:description\" content=\"AF PO4 Boost: Pr\u00e4zises Pr\u00e4parat zur Erh\u00f6hung des Phosphatgehalts im Aquarium. Eine einzigartige Formel, die das Wachstum von Pflanzen und Korallen unterst\u00fctzt.\" \/>\n<meta property=\"og:url\" content=\"https:\/\/aquaforest.eu\/de\/produkte\/freshwater\/erganzungsmittel-und-dungemittel\/af-po4-boost\/\" \/>\n<meta property=\"og:site_name\" content=\"Aquaforest\" \/>\n<meta property=\"article:publisher\" content=\"https:\/\/www.facebook.com\/Aquaforest\/\" \/>\n<meta property=\"article:modified_time\" content=\"2025-06-02T11:19:57+00:00\" \/>\n<meta property=\"og:image\" content=\"https:\/\/aquaforest.eu\/wp-content\/uploads\/2024\/06\/AF-PO4-Boost.png\" \/>\n\t<meta property=\"og:image:width\" content=\"271\" \/>\n\t<meta property=\"og:image:height\" content=\"600\" \/>\n\t<meta property=\"og:image:type\" content=\"image\/png\" \/>\n<meta name=\"twitter:card\" content=\"summary_large_image\" \/>\n<meta name=\"twitter:label1\" content=\"Gesch\u00e4tzte Lesezeit\" \/>\n\t<meta name=\"twitter:data1\" content=\"2\u00a0Minuten\" \/>\n<script type=\"application\/ld+json\" class=\"yoast-schema-graph\">{\"@context\":\"https:\/\/schema.org\",\"@graph\":[{\"@type\":\"WebPage\",\"@id\":\"https:\/\/aquaforest.eu\/de\/produkte\/freshwater\/erganzungsmittel-und-dungemittel\/af-po4-boost\/\",\"url\":\"https:\/\/aquaforest.eu\/de\/produkte\/freshwater\/erganzungsmittel-und-dungemittel\/af-po4-boost\/\",\"name\":\"AF Po4 Boost - Aquaforest\",\"isPartOf\":{\"@id\":\"https:\/\/aquaforest.eu\/de\/#website\"},\"primaryImageOfPage\":{\"@id\":\"https:\/\/aquaforest.eu\/de\/produkte\/freshwater\/erganzungsmittel-und-dungemittel\/af-po4-boost\/#primaryimage\"},\"image\":{\"@id\":\"https:\/\/aquaforest.eu\/de\/produkte\/freshwater\/erganzungsmittel-und-dungemittel\/af-po4-boost\/#primaryimage\"},\"thumbnailUrl\":\"https:\/\/aquaforest.eu\/wp-content\/uploads\/2024\/06\/AF-PO4-Boost.png\",\"datePublished\":\"2024-06-24T22:22:41+00:00\",\"dateModified\":\"2025-06-02T11:19:57+00:00\",\"description\":\"AF PO4 Boost: Pr\u00e4zises Pr\u00e4parat zur Erh\u00f6hung des Phosphatgehalts im Aquarium. Eine einzigartige Formel, die das Wachstum von Pflanzen und Korallen unterst\u00fctzt.\",\"breadcrumb\":{\"@id\":\"https:\/\/aquaforest.eu\/de\/produkte\/freshwater\/erganzungsmittel-und-dungemittel\/af-po4-boost\/#breadcrumb\"},\"inLanguage\":\"de\",\"potentialAction\":[{\"@type\":\"ReadAction\",\"target\":[\"https:\/\/aquaforest.eu\/de\/produkte\/freshwater\/erganzungsmittel-und-dungemittel\/af-po4-boost\/\"]}]},{\"@type\":\"ImageObject\",\"inLanguage\":\"de\",\"@id\":\"https:\/\/aquaforest.eu\/de\/produkte\/freshwater\/erganzungsmittel-und-dungemittel\/af-po4-boost\/#primaryimage\",\"url\":\"https:\/\/aquaforest.eu\/wp-content\/uploads\/2024\/06\/AF-PO4-Boost.png\",\"contentUrl\":\"https:\/\/aquaforest.eu\/wp-content\/uploads\/2024\/06\/AF-PO4-Boost.png\",\"width\":271,\"height\":600},{\"@type\":\"BreadcrumbList\",\"@id\":\"https:\/\/aquaforest.eu\/de\/produkte\/freshwater\/erganzungsmittel-und-dungemittel\/af-po4-boost\/#breadcrumb\",\"itemListElement\":[{\"@type\":\"ListItem\",\"position\":1,\"name\":\"Home\",\"item\":\"https:\/\/aquaforest.eu\/de\/\"},{\"@type\":\"ListItem\",\"position\":2,\"name\":\"Produkte\",\"item\":\"https:\/\/aquaforest.eu\/de\/produkte\/\"},{\"@type\":\"ListItem\",\"position\":3,\"name\":\"AF Po4 Boost\"}]},{\"@type\":\"WebSite\",\"@id\":\"https:\/\/aquaforest.eu\/de\/#website\",\"url\":\"https:\/\/aquaforest.eu\/de\/\",\"name\":\"Aquaforest\",\"description\":\"\",\"publisher\":{\"@id\":\"https:\/\/aquaforest.eu\/de\/#organization\"},\"potentialAction\":[{\"@type\":\"SearchAction\",\"target\":{\"@type\":\"EntryPoint\",\"urlTemplate\":\"https:\/\/aquaforest.eu\/de\/?s={search_term_string}\"},\"query-input\":{\"@type\":\"PropertyValueSpecification\",\"valueRequired\":true,\"valueName\":\"search_term_string\"}}],\"inLanguage\":\"de\"},{\"@type\":\"Organization\",\"@id\":\"https:\/\/aquaforest.eu\/de\/#organization\",\"name\":\"Aquaforest\",\"url\":\"https:\/\/aquaforest.eu\/de\/\",\"logo\":{\"@type\":\"ImageObject\",\"inLanguage\":\"de\",\"@id\":\"https:\/\/aquaforest.eu\/de\/#\/schema\/logo\/image\/\",\"url\":\"https:\/\/aquaforest.eu\/wp-content\/uploads\/2024\/05\/logotyp-aquaforest.svg\",\"contentUrl\":\"https:\/\/aquaforest.eu\/wp-content\/uploads\/2024\/05\/logotyp-aquaforest.svg\",\"width\":170,\"height\":22,\"caption\":\"Aquaforest\"},\"image\":{\"@id\":\"https:\/\/aquaforest.eu\/de\/#\/schema\/logo\/image\/\"},\"sameAs\":[\"https:\/\/www.facebook.com\/Aquaforest\/\",\"https:\/\/www.instagram.com\/aquaforest.eu\/\"]}]}<\/script>\n<!-- \/ Yoast SEO plugin. -->","yoast_head_json":{"title":"AF Po4 Boost - Aquaforest","description":"AF PO4 Boost: Pr\u00e4zises Pr\u00e4parat zur Erh\u00f6hung des Phosphatgehalts im Aquarium. Eine einzigartige Formel, die das Wachstum von Pflanzen und Korallen unterst\u00fctzt.","robots":{"index":"index","follow":"follow","max-snippet":"max-snippet:-1","max-image-preview":"max-image-preview:large","max-video-preview":"max-video-preview:-1"},"canonical":"https:\/\/aquaforest.eu\/de\/produkte\/freshwater\/erganzungsmittel-und-dungemittel\/af-po4-boost\/","og_locale":"de_DE","og_type":"article","og_title":"AF Po4 Boost - Aquaforest","og_description":"AF PO4 Boost: Pr\u00e4zises Pr\u00e4parat zur Erh\u00f6hung des Phosphatgehalts im Aquarium. Eine einzigartige Formel, die das Wachstum von Pflanzen und Korallen unterst\u00fctzt.","og_url":"https:\/\/aquaforest.eu\/de\/produkte\/freshwater\/erganzungsmittel-und-dungemittel\/af-po4-boost\/","og_site_name":"Aquaforest","article_publisher":"https:\/\/www.facebook.com\/Aquaforest\/","article_modified_time":"2025-06-02T11:19:57+00:00","og_image":[{"width":271,"height":600,"url":"https:\/\/aquaforest.eu\/wp-content\/uploads\/2024\/06\/AF-PO4-Boost.png","type":"image\/png"}],"twitter_card":"summary_large_image","twitter_misc":{"Gesch\u00e4tzte Lesezeit":"2\u00a0Minuten"},"schema":{"@context":"https:\/\/schema.org","@graph":[{"@type":"WebPage","@id":"https:\/\/aquaforest.eu\/de\/produkte\/freshwater\/erganzungsmittel-und-dungemittel\/af-po4-boost\/","url":"https:\/\/aquaforest.eu\/de\/produkte\/freshwater\/erganzungsmittel-und-dungemittel\/af-po4-boost\/","name":"AF Po4 Boost - Aquaforest","isPartOf":{"@id":"https:\/\/aquaforest.eu\/de\/#website"},"primaryImageOfPage":{"@id":"https:\/\/aquaforest.eu\/de\/produkte\/freshwater\/erganzungsmittel-und-dungemittel\/af-po4-boost\/#primaryimage"},"image":{"@id":"https:\/\/aquaforest.eu\/de\/produkte\/freshwater\/erganzungsmittel-und-dungemittel\/af-po4-boost\/#primaryimage"},"thumbnailUrl":"https:\/\/aquaforest.eu\/wp-content\/uploads\/2024\/06\/AF-PO4-Boost.png","datePublished":"2024-06-24T22:22:41+00:00","dateModified":"2025-06-02T11:19:57+00:00","description":"AF PO4 Boost: Pr\u00e4zises Pr\u00e4parat zur Erh\u00f6hung des Phosphatgehalts im Aquarium. Eine einzigartige Formel, die das Wachstum von Pflanzen und Korallen unterst\u00fctzt.","breadcrumb":{"@id":"https:\/\/aquaforest.eu\/de\/produkte\/freshwater\/erganzungsmittel-und-dungemittel\/af-po4-boost\/#breadcrumb"},"inLanguage":"de","potentialAction":[{"@type":"ReadAction","target":["https:\/\/aquaforest.eu\/de\/produkte\/freshwater\/erganzungsmittel-und-dungemittel\/af-po4-boost\/"]}]},{"@type":"ImageObject","inLanguage":"de","@id":"https:\/\/aquaforest.eu\/de\/produkte\/freshwater\/erganzungsmittel-und-dungemittel\/af-po4-boost\/#primaryimage","url":"https:\/\/aquaforest.eu\/wp-content\/uploads\/2024\/06\/AF-PO4-Boost.png","contentUrl":"https:\/\/aquaforest.eu\/wp-content\/uploads\/2024\/06\/AF-PO4-Boost.png","width":271,"height":600},{"@type":"BreadcrumbList","@id":"https:\/\/aquaforest.eu\/de\/produkte\/freshwater\/erganzungsmittel-und-dungemittel\/af-po4-boost\/#breadcrumb","itemListElement":[{"@type":"ListItem","position":1,"name":"Home","item":"https:\/\/aquaforest.eu\/de\/"},{"@type":"ListItem","position":2,"name":"Produkte","item":"https:\/\/aquaforest.eu\/de\/produkte\/"},{"@type":"ListItem","position":3,"name":"AF Po4 Boost"}]},{"@type":"WebSite","@id":"https:\/\/aquaforest.eu\/de\/#website","url":"https:\/\/aquaforest.eu\/de\/","name":"Aquaforest","description":"","publisher":{"@id":"https:\/\/aquaforest.eu\/de\/#organization"},"potentialAction":[{"@type":"SearchAction","target":{"@type":"EntryPoint","urlTemplate":"https:\/\/aquaforest.eu\/de\/?s={search_term_string}"},"query-input":{"@type":"PropertyValueSpecification","valueRequired":true,"valueName":"search_term_string"}}],"inLanguage":"de"},{"@type":"Organization","@id":"https:\/\/aquaforest.eu\/de\/#organization","name":"Aquaforest","url":"https:\/\/aquaforest.eu\/de\/","logo":{"@type":"ImageObject","inLanguage":"de","@id":"https:\/\/aquaforest.eu\/de\/#\/schema\/logo\/image\/","url":"https:\/\/aquaforest.eu\/wp-content\/uploads\/2024\/05\/logotyp-aquaforest.svg","contentUrl":"https:\/\/aquaforest.eu\/wp-content\/uploads\/2024\/05\/logotyp-aquaforest.svg","width":170,"height":22,"caption":"Aquaforest"},"image":{"@id":"https:\/\/aquaforest.eu\/de\/#\/schema\/logo\/image\/"},"sameAs":["https:\/\/www.facebook.com\/Aquaforest\/","https:\/\/www.instagram.com\/aquaforest.eu\/"]}]}},"_links":{"self":[{"href":"https:\/\/aquaforest.eu\/de\/wp-json\/wp\/v2\/product\/11847","targetHints":{"allow":["GET"]}}],"collection":[{"href":"https:\/\/aquaforest.eu\/de\/wp-json\/wp\/v2\/product"}],"about":[{"href":"https:\/\/aquaforest.eu\/de\/wp-json\/wp\/v2\/types\/product"}],"version-history":[{"count":1,"href":"https:\/\/aquaforest.eu\/de\/wp-json\/wp\/v2\/product\/11847\/revisions"}],"predecessor-version":[{"id":22586,"href":"https:\/\/aquaforest.eu\/de\/wp-json\/wp\/v2\/product\/11847\/revisions\/22586"}],"wp:featuredmedia":[{"embeddable":true,"href":"https:\/\/aquaforest.eu\/de\/wp-json\/wp\/v2\/media\/11947"}],"wp:attachment":[{"href":"https:\/\/aquaforest.eu\/de\/wp-json\/wp\/v2\/media?parent=11847"}],"wp:term":[{"taxonomy":"product_brand","embeddable":true,"href":"https:\/\/aquaforest.eu\/de\/wp-json\/wp\/v2\/product_brand?post=11847"},{"taxonomy":"product_cat","embeddable":true,"href":"https:\/\/aquaforest.eu\/de\/wp-json\/wp\/v2\/product_cat?post=11847"},{"taxonomy":"product_tag","embeddable":true,"href":"https:\/\/aquaforest.eu\/de\/wp-json\/wp\/v2\/product_tag?post=11847"}],"curies":[{"name":"wp","href":"https:\/\/api.w.org\/{rel}","templated":true}]}}