{"id":11852,"date":"2024-06-25T00:08:22","date_gmt":"2024-06-24T22:08:22","guid":{"rendered":"https:\/\/aquaforest.eu\/products\/unkategorisiert\/af-lavaerde\/"},"modified":"2024-11-25T11:33:56","modified_gmt":"2024-11-25T10:33:56","slug":"af-lava-soil","status":"publish","type":"product","link":"https:\/\/aquaforest.eu\/de\/produkte\/freshwater\/aquascaping_\/af-lava-soil\/","title":{"rendered":"AF Lava Soil"},"content":{"rendered":"<h4><span style=\"color: #000000;\">PRODUKTINFO:<\/span><\/h4>\n<p><span style=\"color: #000000;\">Nat\u00fcrliches Substrat auf Basis von vulkanischer Lava ist perfekt f\u00fcr jedes S\u00fc\u00dfwasseraquarium. Um optimale Bedingungen f\u00fcr das Pflanzenwachstum zu schaffen, wurde AF Lava Soil mit wertvollen Mineralien angereichert. Dieses nat\u00fcrliche Substrat gibt nach und nach Mineralien an das Wasser ab und unterst\u00fctzt dank der hohen Porosit\u00e4t die Vermehrung n\u00fctzlicher Mikroorganismen. Die einzigartige Struktur von AF Lava Soil erleichtert die Bewurzelung von Wasserpflanzen und verhindert die Bildung von anaeroben Zonen, in denen sich Bakterien entwickeln k\u00f6nnen, die giftigen Schwefelwasserstoff produzieren. Er garantiert eine bessere Wasserzirkulation im Substrat des Aquariums, was eine ausgewogene Verteilung der N\u00e4hrstoffe erleichtert und ihre Aufnahme durch die Pflanzen verbessert. Das Substrat wird gr\u00fcndlich durchgesp\u00fclt, allerdings kann direkt nach dem Bef\u00fcllen des Aquariums mit Wasser eine leichte Wassertr\u00fcbung auftreten. Diese Tr\u00fcbung ist nat\u00fcrlich, verursacht keine Nebenwirkungen und verschwindet nach etwa 12 Stunden. Aufgrund des hohen Gehalts an Mineralien empfehlen wir, die Dosierung von Mikron\u00e4hrstoffd\u00fcngern in der ersten H\u00e4lfte des Jahres der Einrichtung des Aquariums zu begrenzen, um eine Anh\u00e4ufung von Mineralien zu vermeiden.<\/span><\/p>\n<p>&nbsp;<\/p>\n<hr \/>\n<h4><\/h4>\n<h4><span style=\"color: #000000;\">WIE ZU VERWENDEN:<\/span><\/h4>\n<p><span style=\"color: #000000;\">Geben Sie eine ca. 7 cm dicke Schicht AF-Lavaerde in den Boden des Aquariums, f\u00fcllen Sie das Wasser bis zu einer H\u00f6he von ca.<\/span><br \/>\n<span style=\"color: #000000;\">10 cm, pflanzen Sie die Pflanzen ein und f\u00fcllen Sie das Aquarium vollst\u00e4ndig mit Wasser auf.<\/span><\/p>\n","protected":false},"excerpt":{"rendered":"<p>Nat\u00fcrliche Braunerde auf der Basis von vulkanischer Lava, angereichert mit wichtigen Mineralien f\u00fcr Pflanzen.<\/p>\n","protected":false},"featured_media":11942,"template":"","meta":{"_acf_changed":false,"content-type":""},"product_brand":[],"product_cat":[1136],"product_tag":[966,1122],"class_list":{"0":"post-11852","1":"product","2":"type-product","3":"status-publish","4":"has-post-thumbnail","6":"product_cat-aquascaping_","7":"product_tag-aquaforest-de","8":"product_tag-suswasseraquaristik","10":"first","11":"instock","12":"taxable","13":"shipping-taxable","14":"purchasable","15":"product-type-simple"},"acf":[],"yoast_head":"<!-- This site is optimized with the Yoast SEO plugin v27.1.1 - https:\/\/yoast.com\/product\/yoast-seo-wordpress\/ -->\n<title>AF Lava Soil - Aquaforest<\/title>\n<meta name=\"description\" content=\"AF Lava Soil: Nat\u00fcrliches Vulkansubstrat f\u00fcr das Aquarium. Einzigartige Formel, die eine gesunde Pflanzenentwicklung und die Stabilit\u00e4t des \u00d6kosystems unterst\u00fctzt.\" \/>\n<meta name=\"robots\" content=\"index, follow, max-snippet:-1, max-image-preview:large, max-video-preview:-1\" \/>\n<link rel=\"canonical\" href=\"https:\/\/aquaforest.eu\/de\/produkte\/freshwater\/aquascaping_\/af-lava-soil\/\" \/>\n<meta property=\"og:locale\" content=\"de_DE\" \/>\n<meta property=\"og:type\" content=\"article\" \/>\n<meta property=\"og:title\" content=\"AF Lava Soil - Aquaforest\" \/>\n<meta property=\"og:description\" content=\"AF Lava Soil: Nat\u00fcrliches Vulkansubstrat f\u00fcr das Aquarium. Einzigartige Formel, die eine gesunde Pflanzenentwicklung und die Stabilit\u00e4t des \u00d6kosystems unterst\u00fctzt.\" \/>\n<meta property=\"og:url\" content=\"https:\/\/aquaforest.eu\/de\/produkte\/freshwater\/aquascaping_\/af-lava-soil\/\" \/>\n<meta property=\"og:site_name\" content=\"Aquaforest\" \/>\n<meta property=\"article:publisher\" content=\"https:\/\/www.facebook.com\/Aquaforest\/\" \/>\n<meta property=\"article:modified_time\" content=\"2024-11-25T10:33:56+00:00\" \/>\n<meta property=\"og:image\" content=\"https:\/\/aquaforest.eu\/wp-content\/uploads\/2024\/06\/AF_Lava-Soil.png\" \/>\n\t<meta property=\"og:image:width\" content=\"463\" \/>\n\t<meta property=\"og:image:height\" content=\"600\" \/>\n\t<meta property=\"og:image:type\" content=\"image\/png\" \/>\n<meta name=\"twitter:card\" content=\"summary_large_image\" \/>\n<meta name=\"twitter:label1\" content=\"Gesch\u00e4tzte Lesezeit\" \/>\n\t<meta name=\"twitter:data1\" content=\"2\u00a0Minuten\" \/>\n<script type=\"application\/ld+json\" class=\"yoast-schema-graph\">{\"@context\":\"https:\/\/schema.org\",\"@graph\":[{\"@type\":\"WebPage\",\"@id\":\"https:\/\/aquaforest.eu\/de\/produkte\/freshwater\/aquascaping_\/af-lava-soil\/\",\"url\":\"https:\/\/aquaforest.eu\/de\/produkte\/freshwater\/aquascaping_\/af-lava-soil\/\",\"name\":\"AF Lava Soil - Aquaforest\",\"isPartOf\":{\"@id\":\"https:\/\/aquaforest.eu\/de\/#website\"},\"primaryImageOfPage\":{\"@id\":\"https:\/\/aquaforest.eu\/de\/produkte\/freshwater\/aquascaping_\/af-lava-soil\/#primaryimage\"},\"image\":{\"@id\":\"https:\/\/aquaforest.eu\/de\/produkte\/freshwater\/aquascaping_\/af-lava-soil\/#primaryimage\"},\"thumbnailUrl\":\"https:\/\/aquaforest.eu\/wp-content\/uploads\/2024\/06\/AF_Lava-Soil.png\",\"datePublished\":\"2024-06-24T22:08:22+00:00\",\"dateModified\":\"2024-11-25T10:33:56+00:00\",\"description\":\"AF Lava Soil: Nat\u00fcrliches Vulkansubstrat f\u00fcr das Aquarium. Einzigartige Formel, die eine gesunde Pflanzenentwicklung und die Stabilit\u00e4t des \u00d6kosystems unterst\u00fctzt.\",\"breadcrumb\":{\"@id\":\"https:\/\/aquaforest.eu\/de\/produkte\/freshwater\/aquascaping_\/af-lava-soil\/#breadcrumb\"},\"inLanguage\":\"de\",\"potentialAction\":[{\"@type\":\"ReadAction\",\"target\":[\"https:\/\/aquaforest.eu\/de\/produkte\/freshwater\/aquascaping_\/af-lava-soil\/\"]}]},{\"@type\":\"ImageObject\",\"inLanguage\":\"de\",\"@id\":\"https:\/\/aquaforest.eu\/de\/produkte\/freshwater\/aquascaping_\/af-lava-soil\/#primaryimage\",\"url\":\"https:\/\/aquaforest.eu\/wp-content\/uploads\/2024\/06\/AF_Lava-Soil.png\",\"contentUrl\":\"https:\/\/aquaforest.eu\/wp-content\/uploads\/2024\/06\/AF_Lava-Soil.png\",\"width\":463,\"height\":600},{\"@type\":\"BreadcrumbList\",\"@id\":\"https:\/\/aquaforest.eu\/de\/produkte\/freshwater\/aquascaping_\/af-lava-soil\/#breadcrumb\",\"itemListElement\":[{\"@type\":\"ListItem\",\"position\":1,\"name\":\"Home\",\"item\":\"https:\/\/aquaforest.eu\/de\/\"},{\"@type\":\"ListItem\",\"position\":2,\"name\":\"Produkte\",\"item\":\"https:\/\/aquaforest.eu\/de\/produkte\/\"},{\"@type\":\"ListItem\",\"position\":3,\"name\":\"AF Lava Soil\"}]},{\"@type\":\"WebSite\",\"@id\":\"https:\/\/aquaforest.eu\/de\/#website\",\"url\":\"https:\/\/aquaforest.eu\/de\/\",\"name\":\"Aquaforest\",\"description\":\"\",\"publisher\":{\"@id\":\"https:\/\/aquaforest.eu\/de\/#organization\"},\"potentialAction\":[{\"@type\":\"SearchAction\",\"target\":{\"@type\":\"EntryPoint\",\"urlTemplate\":\"https:\/\/aquaforest.eu\/de\/?s={search_term_string}\"},\"query-input\":{\"@type\":\"PropertyValueSpecification\",\"valueRequired\":true,\"valueName\":\"search_term_string\"}}],\"inLanguage\":\"de\"},{\"@type\":\"Organization\",\"@id\":\"https:\/\/aquaforest.eu\/de\/#organization\",\"name\":\"Aquaforest\",\"url\":\"https:\/\/aquaforest.eu\/de\/\",\"logo\":{\"@type\":\"ImageObject\",\"inLanguage\":\"de\",\"@id\":\"https:\/\/aquaforest.eu\/de\/#\/schema\/logo\/image\/\",\"url\":\"https:\/\/aquaforest.eu\/wp-content\/uploads\/2024\/05\/logotyp-aquaforest.svg\",\"contentUrl\":\"https:\/\/aquaforest.eu\/wp-content\/uploads\/2024\/05\/logotyp-aquaforest.svg\",\"width\":170,\"height\":22,\"caption\":\"Aquaforest\"},\"image\":{\"@id\":\"https:\/\/aquaforest.eu\/de\/#\/schema\/logo\/image\/\"},\"sameAs\":[\"https:\/\/www.facebook.com\/Aquaforest\/\",\"https:\/\/www.instagram.com\/aquaforest.eu\/\"]}]}<\/script>\n<!-- \/ Yoast SEO plugin. -->","yoast_head_json":{"title":"AF Lava Soil - Aquaforest","description":"AF Lava Soil: Nat\u00fcrliches Vulkansubstrat f\u00fcr das Aquarium. Einzigartige Formel, die eine gesunde Pflanzenentwicklung und die Stabilit\u00e4t des \u00d6kosystems unterst\u00fctzt.","robots":{"index":"index","follow":"follow","max-snippet":"max-snippet:-1","max-image-preview":"max-image-preview:large","max-video-preview":"max-video-preview:-1"},"canonical":"https:\/\/aquaforest.eu\/de\/produkte\/freshwater\/aquascaping_\/af-lava-soil\/","og_locale":"de_DE","og_type":"article","og_title":"AF Lava Soil - Aquaforest","og_description":"AF Lava Soil: Nat\u00fcrliches Vulkansubstrat f\u00fcr das Aquarium. Einzigartige Formel, die eine gesunde Pflanzenentwicklung und die Stabilit\u00e4t des \u00d6kosystems unterst\u00fctzt.","og_url":"https:\/\/aquaforest.eu\/de\/produkte\/freshwater\/aquascaping_\/af-lava-soil\/","og_site_name":"Aquaforest","article_publisher":"https:\/\/www.facebook.com\/Aquaforest\/","article_modified_time":"2024-11-25T10:33:56+00:00","og_image":[{"width":463,"height":600,"url":"https:\/\/aquaforest.eu\/wp-content\/uploads\/2024\/06\/AF_Lava-Soil.png","type":"image\/png"}],"twitter_card":"summary_large_image","twitter_misc":{"Gesch\u00e4tzte Lesezeit":"2\u00a0Minuten"},"schema":{"@context":"https:\/\/schema.org","@graph":[{"@type":"WebPage","@id":"https:\/\/aquaforest.eu\/de\/produkte\/freshwater\/aquascaping_\/af-lava-soil\/","url":"https:\/\/aquaforest.eu\/de\/produkte\/freshwater\/aquascaping_\/af-lava-soil\/","name":"AF Lava Soil - Aquaforest","isPartOf":{"@id":"https:\/\/aquaforest.eu\/de\/#website"},"primaryImageOfPage":{"@id":"https:\/\/aquaforest.eu\/de\/produkte\/freshwater\/aquascaping_\/af-lava-soil\/#primaryimage"},"image":{"@id":"https:\/\/aquaforest.eu\/de\/produkte\/freshwater\/aquascaping_\/af-lava-soil\/#primaryimage"},"thumbnailUrl":"https:\/\/aquaforest.eu\/wp-content\/uploads\/2024\/06\/AF_Lava-Soil.png","datePublished":"2024-06-24T22:08:22+00:00","dateModified":"2024-11-25T10:33:56+00:00","description":"AF Lava Soil: Nat\u00fcrliches Vulkansubstrat f\u00fcr das Aquarium. Einzigartige Formel, die eine gesunde Pflanzenentwicklung und die Stabilit\u00e4t des \u00d6kosystems unterst\u00fctzt.","breadcrumb":{"@id":"https:\/\/aquaforest.eu\/de\/produkte\/freshwater\/aquascaping_\/af-lava-soil\/#breadcrumb"},"inLanguage":"de","potentialAction":[{"@type":"ReadAction","target":["https:\/\/aquaforest.eu\/de\/produkte\/freshwater\/aquascaping_\/af-lava-soil\/"]}]},{"@type":"ImageObject","inLanguage":"de","@id":"https:\/\/aquaforest.eu\/de\/produkte\/freshwater\/aquascaping_\/af-lava-soil\/#primaryimage","url":"https:\/\/aquaforest.eu\/wp-content\/uploads\/2024\/06\/AF_Lava-Soil.png","contentUrl":"https:\/\/aquaforest.eu\/wp-content\/uploads\/2024\/06\/AF_Lava-Soil.png","width":463,"height":600},{"@type":"BreadcrumbList","@id":"https:\/\/aquaforest.eu\/de\/produkte\/freshwater\/aquascaping_\/af-lava-soil\/#breadcrumb","itemListElement":[{"@type":"ListItem","position":1,"name":"Home","item":"https:\/\/aquaforest.eu\/de\/"},{"@type":"ListItem","position":2,"name":"Produkte","item":"https:\/\/aquaforest.eu\/de\/produkte\/"},{"@type":"ListItem","position":3,"name":"AF Lava Soil"}]},{"@type":"WebSite","@id":"https:\/\/aquaforest.eu\/de\/#website","url":"https:\/\/aquaforest.eu\/de\/","name":"Aquaforest","description":"","publisher":{"@id":"https:\/\/aquaforest.eu\/de\/#organization"},"potentialAction":[{"@type":"SearchAction","target":{"@type":"EntryPoint","urlTemplate":"https:\/\/aquaforest.eu\/de\/?s={search_term_string}"},"query-input":{"@type":"PropertyValueSpecification","valueRequired":true,"valueName":"search_term_string"}}],"inLanguage":"de"},{"@type":"Organization","@id":"https:\/\/aquaforest.eu\/de\/#organization","name":"Aquaforest","url":"https:\/\/aquaforest.eu\/de\/","logo":{"@type":"ImageObject","inLanguage":"de","@id":"https:\/\/aquaforest.eu\/de\/#\/schema\/logo\/image\/","url":"https:\/\/aquaforest.eu\/wp-content\/uploads\/2024\/05\/logotyp-aquaforest.svg","contentUrl":"https:\/\/aquaforest.eu\/wp-content\/uploads\/2024\/05\/logotyp-aquaforest.svg","width":170,"height":22,"caption":"Aquaforest"},"image":{"@id":"https:\/\/aquaforest.eu\/de\/#\/schema\/logo\/image\/"},"sameAs":["https:\/\/www.facebook.com\/Aquaforest\/","https:\/\/www.instagram.com\/aquaforest.eu\/"]}]}},"_links":{"self":[{"href":"https:\/\/aquaforest.eu\/de\/wp-json\/wp\/v2\/product\/11852","targetHints":{"allow":["GET"]}}],"collection":[{"href":"https:\/\/aquaforest.eu\/de\/wp-json\/wp\/v2\/product"}],"about":[{"href":"https:\/\/aquaforest.eu\/de\/wp-json\/wp\/v2\/types\/product"}],"version-history":[{"count":0,"href":"https:\/\/aquaforest.eu\/de\/wp-json\/wp\/v2\/product\/11852\/revisions"}],"wp:featuredmedia":[{"embeddable":true,"href":"https:\/\/aquaforest.eu\/de\/wp-json\/wp\/v2\/media\/11942"}],"wp:attachment":[{"href":"https:\/\/aquaforest.eu\/de\/wp-json\/wp\/v2\/media?parent=11852"}],"wp:term":[{"taxonomy":"product_brand","embeddable":true,"href":"https:\/\/aquaforest.eu\/de\/wp-json\/wp\/v2\/product_brand?post=11852"},{"taxonomy":"product_cat","embeddable":true,"href":"https:\/\/aquaforest.eu\/de\/wp-json\/wp\/v2\/product_cat?post=11852"},{"taxonomy":"product_tag","embeddable":true,"href":"https:\/\/aquaforest.eu\/de\/wp-json\/wp\/v2\/product_tag?post=11852"}],"curies":[{"name":"wp","href":"https:\/\/api.w.org\/{rel}","templated":true}]}}