{"id":11855,"date":"2024-06-25T00:08:22","date_gmt":"2024-06-24T22:08:22","guid":{"rendered":"https:\/\/aquaforest.eu\/products\/unkategorisiert\/af-zeolith\/"},"modified":"2025-06-02T13:52:29","modified_gmt":"2025-06-02T11:52:29","slug":"af-zeolith","status":"publish","type":"product","link":"https:\/\/aquaforest.eu\/de\/produkte\/freshwater\/wasserversorgung\/af-zeolith\/","title":{"rendered":"AF Zeolith"},"content":{"rendered":"<h4><span style=\"color: #000000;\">PRODUKTINFO:<\/span><\/h4>\n<p><span style=\"font-weight: 400;\">Die hochwertigste Mischung aus speziell ausgew\u00e4hlten Zeolithen.<\/span><span style=\"font-weight: 400;\"><br \/>\n<\/span><span style=\"font-weight: 400;\">Adsorbiert effektiv Ammoniak und Ammoniumionen.<\/span><span style=\"font-weight: 400;\"><br \/>\n<\/span><span style=\"font-weight: 400;\">Aufgrund seiner F\u00e4higkeiten und einzigartigen Eigenschaften bindet es Phenole und Schwermetalle, was die Klarheit des Wassers erheblich verbessert.<\/span><span style=\"font-weight: 400;\"><br \/>\n<\/span><span style=\"font-weight: 400;\">Sie absorbieren chemische Schadstoffe und schaffen so eine perfekte Umgebung f\u00fcr die Bewohner des Aquariums.<\/span><\/p>\n<p>&nbsp;<\/p>\n<hr \/>\n<h4><\/h4>\n<h4><span style=\"color: #000000;\">WIE ZU VERWENDEN:<\/span><\/h4>\n<p><span style=\"color: #000000;\">Legen Sie die ben\u00f6tigte Menge in einen Filterkorb.<\/span><span style=\"font-weight: 400;\"><br \/>\n<\/span><span style=\"font-weight: 400;\">Wir empfehlen, die Medien alle 6 Wochen auszutauschen.<\/span><span style=\"font-weight: 400;\"><br \/>\n<\/span><span style=\"font-weight: 400;\">Wirkungsgrad: 500 ml\/100 Liter.<\/span><span style=\"font-weight: 400;\"><br \/>\n<\/span><span style=\"font-weight: 400;\">Aufgrund der hohen Absorptionsf\u00e4higkeit empfehlen wir eine sorgf\u00e4ltige Verwendung von AF Zeolith und eine regelm\u00e4\u00dfige Beobachtung des Aquariums.<\/span><span style=\"font-weight: 400;\"><br \/>\n<\/span><span style=\"font-weight: 400;\">Zu viel Zeolith kann zu einer Sterilisierung des Wassers f\u00fchren, was mit einem erh\u00f6hten Bedarf an D\u00fcngemitteln verbunden sein kann.<\/span><\/p>\n","protected":false},"excerpt":{"rendered":"<p><span style=\"font-weight: 400;\">Hochwertige Mischung aus speziell ausgew\u00e4hlten Zeolithen zur Adsorption von Ammoniak und Ammonium-Ionen.<\/span><\/p>\n","protected":false},"featured_media":11945,"template":"","meta":{"_acf_changed":false,"content-type":""},"product_brand":[],"product_cat":[1140],"product_tag":[966,1633,1122],"class_list":{"0":"post-11855","1":"product","2":"type-product","3":"status-publish","4":"has-post-thumbnail","6":"product_cat-wasserversorgung","7":"product_tag-aquaforest-de","8":"product_tag-simple-de","9":"product_tag-suswasseraquaristik","11":"first","12":"instock","13":"taxable","14":"shipping-taxable","15":"purchasable","16":"product-type-simple"},"acf":[],"yoast_head":"<!-- This site is optimized with the Yoast SEO plugin v27.1.1 - https:\/\/yoast.com\/product\/yoast-seo-wordpress\/ -->\n<title>AF Zeolith - Aquaforest<\/title>\n<meta name=\"description\" content=\"AF Zeolith: Effektiver Zeolith f\u00fcr die Filtration in S\u00fc\u00dfwasseraquarien. Eine einzigartige Formel zur Beseitigung von Giftstoffen und zur Verbesserung der Wasserqualit\u00e4t.\" \/>\n<meta name=\"robots\" content=\"index, follow, max-snippet:-1, max-image-preview:large, max-video-preview:-1\" \/>\n<link rel=\"canonical\" href=\"https:\/\/aquaforest.eu\/de\/produkte\/freshwater\/wasserversorgung\/af-zeolith\/\" \/>\n<meta property=\"og:locale\" content=\"de_DE\" \/>\n<meta property=\"og:type\" content=\"article\" \/>\n<meta property=\"og:title\" content=\"AF Zeolith - Aquaforest\" \/>\n<meta property=\"og:description\" content=\"AF Zeolith: Effektiver Zeolith f\u00fcr die Filtration in S\u00fc\u00dfwasseraquarien. Eine einzigartige Formel zur Beseitigung von Giftstoffen und zur Verbesserung der Wasserqualit\u00e4t.\" \/>\n<meta property=\"og:url\" content=\"https:\/\/aquaforest.eu\/de\/produkte\/freshwater\/wasserversorgung\/af-zeolith\/\" \/>\n<meta property=\"og:site_name\" content=\"Aquaforest\" \/>\n<meta property=\"article:publisher\" content=\"https:\/\/www.facebook.com\/Aquaforest\/\" \/>\n<meta property=\"article:modified_time\" content=\"2025-06-02T11:52:29+00:00\" \/>\n<meta property=\"og:image\" content=\"https:\/\/aquaforest.eu\/wp-content\/uploads\/2024\/06\/AF_Zeolith.png\" \/>\n\t<meta property=\"og:image:width\" content=\"419\" \/>\n\t<meta property=\"og:image:height\" content=\"600\" \/>\n\t<meta property=\"og:image:type\" content=\"image\/png\" \/>\n<meta name=\"twitter:card\" content=\"summary_large_image\" \/>\n<meta name=\"twitter:label1\" content=\"Gesch\u00e4tzte Lesezeit\" \/>\n\t<meta name=\"twitter:data1\" content=\"1\u00a0Minute\" \/>\n<script type=\"application\/ld+json\" class=\"yoast-schema-graph\">{\"@context\":\"https:\/\/schema.org\",\"@graph\":[{\"@type\":\"WebPage\",\"@id\":\"https:\/\/aquaforest.eu\/de\/produkte\/freshwater\/wasserversorgung\/af-zeolith\/\",\"url\":\"https:\/\/aquaforest.eu\/de\/produkte\/freshwater\/wasserversorgung\/af-zeolith\/\",\"name\":\"AF Zeolith - Aquaforest\",\"isPartOf\":{\"@id\":\"https:\/\/aquaforest.eu\/de\/#website\"},\"primaryImageOfPage\":{\"@id\":\"https:\/\/aquaforest.eu\/de\/produkte\/freshwater\/wasserversorgung\/af-zeolith\/#primaryimage\"},\"image\":{\"@id\":\"https:\/\/aquaforest.eu\/de\/produkte\/freshwater\/wasserversorgung\/af-zeolith\/#primaryimage\"},\"thumbnailUrl\":\"https:\/\/aquaforest.eu\/wp-content\/uploads\/2024\/06\/AF_Zeolith.png\",\"datePublished\":\"2024-06-24T22:08:22+00:00\",\"dateModified\":\"2025-06-02T11:52:29+00:00\",\"description\":\"AF Zeolith: Effektiver Zeolith f\u00fcr die Filtration in S\u00fc\u00dfwasseraquarien. Eine einzigartige Formel zur Beseitigung von Giftstoffen und zur Verbesserung der Wasserqualit\u00e4t.\",\"breadcrumb\":{\"@id\":\"https:\/\/aquaforest.eu\/de\/produkte\/freshwater\/wasserversorgung\/af-zeolith\/#breadcrumb\"},\"inLanguage\":\"de\",\"potentialAction\":[{\"@type\":\"ReadAction\",\"target\":[\"https:\/\/aquaforest.eu\/de\/produkte\/freshwater\/wasserversorgung\/af-zeolith\/\"]}]},{\"@type\":\"ImageObject\",\"inLanguage\":\"de\",\"@id\":\"https:\/\/aquaforest.eu\/de\/produkte\/freshwater\/wasserversorgung\/af-zeolith\/#primaryimage\",\"url\":\"https:\/\/aquaforest.eu\/wp-content\/uploads\/2024\/06\/AF_Zeolith.png\",\"contentUrl\":\"https:\/\/aquaforest.eu\/wp-content\/uploads\/2024\/06\/AF_Zeolith.png\",\"width\":419,\"height\":600},{\"@type\":\"BreadcrumbList\",\"@id\":\"https:\/\/aquaforest.eu\/de\/produkte\/freshwater\/wasserversorgung\/af-zeolith\/#breadcrumb\",\"itemListElement\":[{\"@type\":\"ListItem\",\"position\":1,\"name\":\"Home\",\"item\":\"https:\/\/aquaforest.eu\/de\/\"},{\"@type\":\"ListItem\",\"position\":2,\"name\":\"Produkte\",\"item\":\"https:\/\/aquaforest.eu\/de\/produkte\/\"},{\"@type\":\"ListItem\",\"position\":3,\"name\":\"AF Zeolith\"}]},{\"@type\":\"WebSite\",\"@id\":\"https:\/\/aquaforest.eu\/de\/#website\",\"url\":\"https:\/\/aquaforest.eu\/de\/\",\"name\":\"Aquaforest\",\"description\":\"\",\"publisher\":{\"@id\":\"https:\/\/aquaforest.eu\/de\/#organization\"},\"potentialAction\":[{\"@type\":\"SearchAction\",\"target\":{\"@type\":\"EntryPoint\",\"urlTemplate\":\"https:\/\/aquaforest.eu\/de\/?s={search_term_string}\"},\"query-input\":{\"@type\":\"PropertyValueSpecification\",\"valueRequired\":true,\"valueName\":\"search_term_string\"}}],\"inLanguage\":\"de\"},{\"@type\":\"Organization\",\"@id\":\"https:\/\/aquaforest.eu\/de\/#organization\",\"name\":\"Aquaforest\",\"url\":\"https:\/\/aquaforest.eu\/de\/\",\"logo\":{\"@type\":\"ImageObject\",\"inLanguage\":\"de\",\"@id\":\"https:\/\/aquaforest.eu\/de\/#\/schema\/logo\/image\/\",\"url\":\"https:\/\/aquaforest.eu\/wp-content\/uploads\/2024\/05\/logotyp-aquaforest.svg\",\"contentUrl\":\"https:\/\/aquaforest.eu\/wp-content\/uploads\/2024\/05\/logotyp-aquaforest.svg\",\"width\":170,\"height\":22,\"caption\":\"Aquaforest\"},\"image\":{\"@id\":\"https:\/\/aquaforest.eu\/de\/#\/schema\/logo\/image\/\"},\"sameAs\":[\"https:\/\/www.facebook.com\/Aquaforest\/\",\"https:\/\/www.instagram.com\/aquaforest.eu\/\"]}]}<\/script>\n<!-- \/ Yoast SEO plugin. -->","yoast_head_json":{"title":"AF Zeolith - Aquaforest","description":"AF Zeolith: Effektiver Zeolith f\u00fcr die Filtration in S\u00fc\u00dfwasseraquarien. Eine einzigartige Formel zur Beseitigung von Giftstoffen und zur Verbesserung der Wasserqualit\u00e4t.","robots":{"index":"index","follow":"follow","max-snippet":"max-snippet:-1","max-image-preview":"max-image-preview:large","max-video-preview":"max-video-preview:-1"},"canonical":"https:\/\/aquaforest.eu\/de\/produkte\/freshwater\/wasserversorgung\/af-zeolith\/","og_locale":"de_DE","og_type":"article","og_title":"AF Zeolith - Aquaforest","og_description":"AF Zeolith: Effektiver Zeolith f\u00fcr die Filtration in S\u00fc\u00dfwasseraquarien. Eine einzigartige Formel zur Beseitigung von Giftstoffen und zur Verbesserung der Wasserqualit\u00e4t.","og_url":"https:\/\/aquaforest.eu\/de\/produkte\/freshwater\/wasserversorgung\/af-zeolith\/","og_site_name":"Aquaforest","article_publisher":"https:\/\/www.facebook.com\/Aquaforest\/","article_modified_time":"2025-06-02T11:52:29+00:00","og_image":[{"width":419,"height":600,"url":"https:\/\/aquaforest.eu\/wp-content\/uploads\/2024\/06\/AF_Zeolith.png","type":"image\/png"}],"twitter_card":"summary_large_image","twitter_misc":{"Gesch\u00e4tzte Lesezeit":"1\u00a0Minute"},"schema":{"@context":"https:\/\/schema.org","@graph":[{"@type":"WebPage","@id":"https:\/\/aquaforest.eu\/de\/produkte\/freshwater\/wasserversorgung\/af-zeolith\/","url":"https:\/\/aquaforest.eu\/de\/produkte\/freshwater\/wasserversorgung\/af-zeolith\/","name":"AF Zeolith - Aquaforest","isPartOf":{"@id":"https:\/\/aquaforest.eu\/de\/#website"},"primaryImageOfPage":{"@id":"https:\/\/aquaforest.eu\/de\/produkte\/freshwater\/wasserversorgung\/af-zeolith\/#primaryimage"},"image":{"@id":"https:\/\/aquaforest.eu\/de\/produkte\/freshwater\/wasserversorgung\/af-zeolith\/#primaryimage"},"thumbnailUrl":"https:\/\/aquaforest.eu\/wp-content\/uploads\/2024\/06\/AF_Zeolith.png","datePublished":"2024-06-24T22:08:22+00:00","dateModified":"2025-06-02T11:52:29+00:00","description":"AF Zeolith: Effektiver Zeolith f\u00fcr die Filtration in S\u00fc\u00dfwasseraquarien. Eine einzigartige Formel zur Beseitigung von Giftstoffen und zur Verbesserung der Wasserqualit\u00e4t.","breadcrumb":{"@id":"https:\/\/aquaforest.eu\/de\/produkte\/freshwater\/wasserversorgung\/af-zeolith\/#breadcrumb"},"inLanguage":"de","potentialAction":[{"@type":"ReadAction","target":["https:\/\/aquaforest.eu\/de\/produkte\/freshwater\/wasserversorgung\/af-zeolith\/"]}]},{"@type":"ImageObject","inLanguage":"de","@id":"https:\/\/aquaforest.eu\/de\/produkte\/freshwater\/wasserversorgung\/af-zeolith\/#primaryimage","url":"https:\/\/aquaforest.eu\/wp-content\/uploads\/2024\/06\/AF_Zeolith.png","contentUrl":"https:\/\/aquaforest.eu\/wp-content\/uploads\/2024\/06\/AF_Zeolith.png","width":419,"height":600},{"@type":"BreadcrumbList","@id":"https:\/\/aquaforest.eu\/de\/produkte\/freshwater\/wasserversorgung\/af-zeolith\/#breadcrumb","itemListElement":[{"@type":"ListItem","position":1,"name":"Home","item":"https:\/\/aquaforest.eu\/de\/"},{"@type":"ListItem","position":2,"name":"Produkte","item":"https:\/\/aquaforest.eu\/de\/produkte\/"},{"@type":"ListItem","position":3,"name":"AF Zeolith"}]},{"@type":"WebSite","@id":"https:\/\/aquaforest.eu\/de\/#website","url":"https:\/\/aquaforest.eu\/de\/","name":"Aquaforest","description":"","publisher":{"@id":"https:\/\/aquaforest.eu\/de\/#organization"},"potentialAction":[{"@type":"SearchAction","target":{"@type":"EntryPoint","urlTemplate":"https:\/\/aquaforest.eu\/de\/?s={search_term_string}"},"query-input":{"@type":"PropertyValueSpecification","valueRequired":true,"valueName":"search_term_string"}}],"inLanguage":"de"},{"@type":"Organization","@id":"https:\/\/aquaforest.eu\/de\/#organization","name":"Aquaforest","url":"https:\/\/aquaforest.eu\/de\/","logo":{"@type":"ImageObject","inLanguage":"de","@id":"https:\/\/aquaforest.eu\/de\/#\/schema\/logo\/image\/","url":"https:\/\/aquaforest.eu\/wp-content\/uploads\/2024\/05\/logotyp-aquaforest.svg","contentUrl":"https:\/\/aquaforest.eu\/wp-content\/uploads\/2024\/05\/logotyp-aquaforest.svg","width":170,"height":22,"caption":"Aquaforest"},"image":{"@id":"https:\/\/aquaforest.eu\/de\/#\/schema\/logo\/image\/"},"sameAs":["https:\/\/www.facebook.com\/Aquaforest\/","https:\/\/www.instagram.com\/aquaforest.eu\/"]}]}},"_links":{"self":[{"href":"https:\/\/aquaforest.eu\/de\/wp-json\/wp\/v2\/product\/11855","targetHints":{"allow":["GET"]}}],"collection":[{"href":"https:\/\/aquaforest.eu\/de\/wp-json\/wp\/v2\/product"}],"about":[{"href":"https:\/\/aquaforest.eu\/de\/wp-json\/wp\/v2\/types\/product"}],"version-history":[{"count":2,"href":"https:\/\/aquaforest.eu\/de\/wp-json\/wp\/v2\/product\/11855\/revisions"}],"predecessor-version":[{"id":22596,"href":"https:\/\/aquaforest.eu\/de\/wp-json\/wp\/v2\/product\/11855\/revisions\/22596"}],"wp:featuredmedia":[{"embeddable":true,"href":"https:\/\/aquaforest.eu\/de\/wp-json\/wp\/v2\/media\/11945"}],"wp:attachment":[{"href":"https:\/\/aquaforest.eu\/de\/wp-json\/wp\/v2\/media?parent=11855"}],"wp:term":[{"taxonomy":"product_brand","embeddable":true,"href":"https:\/\/aquaforest.eu\/de\/wp-json\/wp\/v2\/product_brand?post=11855"},{"taxonomy":"product_cat","embeddable":true,"href":"https:\/\/aquaforest.eu\/de\/wp-json\/wp\/v2\/product_cat?post=11855"},{"taxonomy":"product_tag","embeddable":true,"href":"https:\/\/aquaforest.eu\/de\/wp-json\/wp\/v2\/product_tag?post=11855"}],"curies":[{"name":"wp","href":"https:\/\/api.w.org\/{rel}","templated":true}]}}