{"id":12270,"date":"2024-09-01T16:36:59","date_gmt":"2024-09-01T14:36:59","guid":{"rendered":"https:\/\/aquaforest.eu\/?post_type=product&#038;p=12270"},"modified":"2024-11-25T11:22:38","modified_gmt":"2024-11-25T10:22:38","slug":"af-clear-boost","status":"publish","type":"product","link":"https:\/\/aquaforest.eu\/de\/produkte\/freshwater\/wasserversorgung\/af-clear-boost\/","title":{"rendered":"AF Clear Boost"},"content":{"rendered":"<p><span style=\"color: #000000;\"><span style=\"font-weight: 400;\">AF Clear Boost ist eine spezielle Mischung, die entwickelt wurde, um <\/span><b>Wasser zu kl\u00e4ren<\/b><span style=\"font-weight: 400;\"> in S\u00fc\u00dfwasseraquarien. <\/span><b>Sie entfernt Verunreinigungen, die Wassertr\u00fcbungen verursachen.<\/b><span style=\"font-weight: 400;\"> Es beseitigt schnell und effektiv unerw\u00fcnschte Tr\u00fcbungen und macht das Wasser kristallklar.<br \/>\nDas Pr\u00e4parat ist f\u00fcr die Aquarienbewohner v\u00f6llig ungef\u00e4hrlich und schadet weder Fischen noch Pflanzen oder anderen Wassertieren. <\/span><\/span><\/p>\n<p><span style=\"font-weight: 400; color: #000000;\">Nach der Dosierung kann es zu einer kurzzeitigen Wei\u00dff\u00e4rbung des Wassers kommen, was bedeutet, dass sich die Schmutzpartikel zu gr\u00f6\u00dferen Partikeln zusammenlagern.<br \/>\nDie angesammelten Verunreinigungen werden so schneller aus dem Wasser entfernt. <\/span><\/p>\n<p><span style=\"color: #000000;\"><span style=\"font-weight: 400;\">AF Clear Boost ist auch eine gute Wahl f\u00fcr Menschen, die sich f\u00fcr <\/span><b>Aquascaping interessieren.<\/b><span style=\"font-weight: 400;\"> Dank seiner Eigenschaften, <\/span><b>beschleunigt es den Kl\u00e4rungsprozess des Wassers.<\/b><span style=\"font-weight: 400;\"> So k\u00f6nnen Sie die Ergebnisse Ihrer Arbeit viel schneller genie\u00dfen!<\/span><span style=\"font-weight: 400;\">Dieses Produkt ist sehr effektiv und wirkt viel schneller als \u00e4hnliche Pr\u00e4parate auf dem Markt.<\/span><\/span><\/p>\n<p>&nbsp;<\/p>\n<hr \/>\n<p>&nbsp;<\/p>\n<p><span style=\"color: #000000;\"><b>Die Wirkung dieses Produkts l\u00e4sst sich bereits nach wenigen Stunden beobachten.<\/b><b>Was dieses Produkt einzigartig macht:<\/b><\/span><\/p>\n<ul>\n<li style=\"font-weight: 400;\" aria-level=\"1\"><span style=\"font-weight: 400; color: #000000;\">Entfernt Wassertr\u00fcbungen<\/span><\/li>\n<li style=\"font-weight: 400;\" aria-level=\"1\"><span style=\"font-weight: 400; color: #000000;\">Unterst\u00fctzt den Filtrationsprozess<\/span><\/li>\n<li style=\"font-weight: 400;\" aria-level=\"1\"><span style=\"font-weight: 400; color: #000000;\">V\u00f6llig sicher f\u00fcr alle Aquarienbewohner<\/span><\/li>\n<li style=\"font-weight: 400;\" aria-level=\"1\"><span style=\"font-weight: 400; color: #000000;\">Keine negativen Auswirkungen auf die Aquarienparameter<\/span><\/li>\n<li style=\"font-weight: 400;\" aria-level=\"1\"><span style=\"font-weight: 400; color: #000000;\">Sehr schnelle Betriebszeit<\/span><\/li>\n<\/ul>\n<p>&nbsp;<\/p>\n<hr \/>\n<p>&nbsp;<\/p>\n<p><span style=\"color: #000000;\"><b>Dosierung: <\/b><span style=\"font-weight: 400;\">1 ml pro 10 Liter <\/span><\/span><span style=\"color: #000000;\"><span style=\"font-weight: 400;\">Aquarienwasser. Nach der Beseitigung der Tr\u00fcbung empfehlen wir, die mechanischen Filterpatronen zu reinigen.<\/span><\/span><\/p>\n<p>&nbsp;<\/p>\n<hr \/>\n<p>&nbsp;<\/p>\n<p><span style=\"color: #000000;\"><b>Gut zu wissen:<\/b><span style=\"font-weight: 400;\"> Das Produkt ist nur f\u00fcr den Gebrauch im Aquarium bestimmt. Es sollte an einem trockenen und k\u00fchlen Ort gelagert werden. Bewahren Sie es au\u00dferhalb der Reichweite von Kindern auf. <\/span><\/span><\/p>\n","protected":false},"excerpt":{"rendered":"<p>Entfernt Verunreinigungen, die Wassertr\u00fcbungen verursachen.<\/p>\n","protected":false},"featured_media":12289,"template":"","meta":{"_acf_changed":false,"content-type":""},"product_brand":[],"product_cat":[1140],"product_tag":[966,1122,1417,1097],"class_list":{"0":"post-12270","1":"product","2":"type-product","3":"status-publish","4":"has-post-thumbnail","6":"product_cat-wasserversorgung","7":"product_tag-aquaforest-de","8":"product_tag-suswasseraquaristik","9":"product_tag-variable-de","10":"product_tag-wasserversorgung","12":"first","13":"instock","14":"taxable","15":"shipping-taxable","16":"purchasable","17":"product-type-variable","18":"has-default-attributes"},"acf":[],"yoast_head":"<!-- This site is optimized with the Yoast SEO plugin v27.1.1 - https:\/\/yoast.com\/product\/yoast-seo-wordpress\/ -->\n<title>AF Clear Boost - Aquaforest<\/title>\n<meta name=\"description\" content=\"AF Clear Boost ist eine spezielle Mischung, die das Wasser in S\u00fc\u00dfwasseraquarien kl\u00e4rt. Sie entfernt Verunreinigungen, die Wassertr\u00fcbungen verursachen.\" \/>\n<meta name=\"robots\" content=\"index, follow, max-snippet:-1, max-image-preview:large, max-video-preview:-1\" \/>\n<link rel=\"canonical\" href=\"https:\/\/aquaforest.eu\/de\/produkte\/freshwater\/wasserversorgung\/af-clear-boost\/\" \/>\n<meta property=\"og:locale\" content=\"de_DE\" \/>\n<meta property=\"og:type\" content=\"article\" \/>\n<meta property=\"og:title\" content=\"AF Clear Boost - Aquaforest\" \/>\n<meta property=\"og:description\" content=\"AF Clear Boost ist eine spezielle Mischung, die das Wasser in S\u00fc\u00dfwasseraquarien kl\u00e4rt. Sie entfernt Verunreinigungen, die Wassertr\u00fcbungen verursachen.\" \/>\n<meta property=\"og:url\" content=\"https:\/\/aquaforest.eu\/de\/produkte\/freshwater\/wasserversorgung\/af-clear-boost\/\" \/>\n<meta property=\"og:site_name\" content=\"Aquaforest\" \/>\n<meta property=\"article:publisher\" content=\"https:\/\/www.facebook.com\/Aquaforest\/\" \/>\n<meta property=\"article:modified_time\" content=\"2024-11-25T10:22:38+00:00\" \/>\n<meta property=\"og:image\" content=\"https:\/\/aquaforest.eu\/wp-content\/uploads\/2024\/09\/AF_Clear_Boost_250ml.png\" \/>\n\t<meta property=\"og:image:width\" content=\"324\" \/>\n\t<meta property=\"og:image:height\" content=\"600\" \/>\n\t<meta property=\"og:image:type\" content=\"image\/png\" \/>\n<meta name=\"twitter:card\" content=\"summary_large_image\" \/>\n<meta name=\"twitter:label1\" content=\"Gesch\u00e4tzte Lesezeit\" \/>\n\t<meta name=\"twitter:data1\" content=\"2\u00a0Minuten\" \/>\n<script type=\"application\/ld+json\" class=\"yoast-schema-graph\">{\"@context\":\"https:\/\/schema.org\",\"@graph\":[{\"@type\":\"WebPage\",\"@id\":\"https:\/\/aquaforest.eu\/de\/produkte\/freshwater\/wasserversorgung\/af-clear-boost\/\",\"url\":\"https:\/\/aquaforest.eu\/de\/produkte\/freshwater\/wasserversorgung\/af-clear-boost\/\",\"name\":\"AF Clear Boost - Aquaforest\",\"isPartOf\":{\"@id\":\"https:\/\/aquaforest.eu\/de\/#website\"},\"primaryImageOfPage\":{\"@id\":\"https:\/\/aquaforest.eu\/de\/produkte\/freshwater\/wasserversorgung\/af-clear-boost\/#primaryimage\"},\"image\":{\"@id\":\"https:\/\/aquaforest.eu\/de\/produkte\/freshwater\/wasserversorgung\/af-clear-boost\/#primaryimage\"},\"thumbnailUrl\":\"https:\/\/aquaforest.eu\/wp-content\/uploads\/2024\/09\/AF_Clear_Boost_250ml.png\",\"datePublished\":\"2024-09-01T14:36:59+00:00\",\"dateModified\":\"2024-11-25T10:22:38+00:00\",\"description\":\"AF Clear Boost ist eine spezielle Mischung, die das Wasser in S\u00fc\u00dfwasseraquarien kl\u00e4rt. Sie entfernt Verunreinigungen, die Wassertr\u00fcbungen verursachen.\",\"breadcrumb\":{\"@id\":\"https:\/\/aquaforest.eu\/de\/produkte\/freshwater\/wasserversorgung\/af-clear-boost\/#breadcrumb\"},\"inLanguage\":\"de\",\"potentialAction\":[{\"@type\":\"ReadAction\",\"target\":[\"https:\/\/aquaforest.eu\/de\/produkte\/freshwater\/wasserversorgung\/af-clear-boost\/\"]}]},{\"@type\":\"ImageObject\",\"inLanguage\":\"de\",\"@id\":\"https:\/\/aquaforest.eu\/de\/produkte\/freshwater\/wasserversorgung\/af-clear-boost\/#primaryimage\",\"url\":\"https:\/\/aquaforest.eu\/wp-content\/uploads\/2024\/09\/AF_Clear_Boost_250ml.png\",\"contentUrl\":\"https:\/\/aquaforest.eu\/wp-content\/uploads\/2024\/09\/AF_Clear_Boost_250ml.png\",\"width\":324,\"height\":600},{\"@type\":\"BreadcrumbList\",\"@id\":\"https:\/\/aquaforest.eu\/de\/produkte\/freshwater\/wasserversorgung\/af-clear-boost\/#breadcrumb\",\"itemListElement\":[{\"@type\":\"ListItem\",\"position\":1,\"name\":\"Home\",\"item\":\"https:\/\/aquaforest.eu\/de\/\"},{\"@type\":\"ListItem\",\"position\":2,\"name\":\"Produkte\",\"item\":\"https:\/\/aquaforest.eu\/de\/produkte\/\"},{\"@type\":\"ListItem\",\"position\":3,\"name\":\"AF Clear Boost\"}]},{\"@type\":\"WebSite\",\"@id\":\"https:\/\/aquaforest.eu\/de\/#website\",\"url\":\"https:\/\/aquaforest.eu\/de\/\",\"name\":\"Aquaforest\",\"description\":\"\",\"publisher\":{\"@id\":\"https:\/\/aquaforest.eu\/de\/#organization\"},\"potentialAction\":[{\"@type\":\"SearchAction\",\"target\":{\"@type\":\"EntryPoint\",\"urlTemplate\":\"https:\/\/aquaforest.eu\/de\/?s={search_term_string}\"},\"query-input\":{\"@type\":\"PropertyValueSpecification\",\"valueRequired\":true,\"valueName\":\"search_term_string\"}}],\"inLanguage\":\"de\"},{\"@type\":\"Organization\",\"@id\":\"https:\/\/aquaforest.eu\/de\/#organization\",\"name\":\"Aquaforest\",\"url\":\"https:\/\/aquaforest.eu\/de\/\",\"logo\":{\"@type\":\"ImageObject\",\"inLanguage\":\"de\",\"@id\":\"https:\/\/aquaforest.eu\/de\/#\/schema\/logo\/image\/\",\"url\":\"https:\/\/aquaforest.eu\/wp-content\/uploads\/2024\/05\/logotyp-aquaforest.svg\",\"contentUrl\":\"https:\/\/aquaforest.eu\/wp-content\/uploads\/2024\/05\/logotyp-aquaforest.svg\",\"width\":170,\"height\":22,\"caption\":\"Aquaforest\"},\"image\":{\"@id\":\"https:\/\/aquaforest.eu\/de\/#\/schema\/logo\/image\/\"},\"sameAs\":[\"https:\/\/www.facebook.com\/Aquaforest\/\",\"https:\/\/www.instagram.com\/aquaforest.eu\/\"]}]}<\/script>\n<!-- \/ Yoast SEO plugin. -->","yoast_head_json":{"title":"AF Clear Boost - Aquaforest","description":"AF Clear Boost ist eine spezielle Mischung, die das Wasser in S\u00fc\u00dfwasseraquarien kl\u00e4rt. Sie entfernt Verunreinigungen, die Wassertr\u00fcbungen verursachen.","robots":{"index":"index","follow":"follow","max-snippet":"max-snippet:-1","max-image-preview":"max-image-preview:large","max-video-preview":"max-video-preview:-1"},"canonical":"https:\/\/aquaforest.eu\/de\/produkte\/freshwater\/wasserversorgung\/af-clear-boost\/","og_locale":"de_DE","og_type":"article","og_title":"AF Clear Boost - Aquaforest","og_description":"AF Clear Boost ist eine spezielle Mischung, die das Wasser in S\u00fc\u00dfwasseraquarien kl\u00e4rt. Sie entfernt Verunreinigungen, die Wassertr\u00fcbungen verursachen.","og_url":"https:\/\/aquaforest.eu\/de\/produkte\/freshwater\/wasserversorgung\/af-clear-boost\/","og_site_name":"Aquaforest","article_publisher":"https:\/\/www.facebook.com\/Aquaforest\/","article_modified_time":"2024-11-25T10:22:38+00:00","og_image":[{"width":324,"height":600,"url":"https:\/\/aquaforest.eu\/wp-content\/uploads\/2024\/09\/AF_Clear_Boost_250ml.png","type":"image\/png"}],"twitter_card":"summary_large_image","twitter_misc":{"Gesch\u00e4tzte Lesezeit":"2\u00a0Minuten"},"schema":{"@context":"https:\/\/schema.org","@graph":[{"@type":"WebPage","@id":"https:\/\/aquaforest.eu\/de\/produkte\/freshwater\/wasserversorgung\/af-clear-boost\/","url":"https:\/\/aquaforest.eu\/de\/produkte\/freshwater\/wasserversorgung\/af-clear-boost\/","name":"AF Clear Boost - Aquaforest","isPartOf":{"@id":"https:\/\/aquaforest.eu\/de\/#website"},"primaryImageOfPage":{"@id":"https:\/\/aquaforest.eu\/de\/produkte\/freshwater\/wasserversorgung\/af-clear-boost\/#primaryimage"},"image":{"@id":"https:\/\/aquaforest.eu\/de\/produkte\/freshwater\/wasserversorgung\/af-clear-boost\/#primaryimage"},"thumbnailUrl":"https:\/\/aquaforest.eu\/wp-content\/uploads\/2024\/09\/AF_Clear_Boost_250ml.png","datePublished":"2024-09-01T14:36:59+00:00","dateModified":"2024-11-25T10:22:38+00:00","description":"AF Clear Boost ist eine spezielle Mischung, die das Wasser in S\u00fc\u00dfwasseraquarien kl\u00e4rt. Sie entfernt Verunreinigungen, die Wassertr\u00fcbungen verursachen.","breadcrumb":{"@id":"https:\/\/aquaforest.eu\/de\/produkte\/freshwater\/wasserversorgung\/af-clear-boost\/#breadcrumb"},"inLanguage":"de","potentialAction":[{"@type":"ReadAction","target":["https:\/\/aquaforest.eu\/de\/produkte\/freshwater\/wasserversorgung\/af-clear-boost\/"]}]},{"@type":"ImageObject","inLanguage":"de","@id":"https:\/\/aquaforest.eu\/de\/produkte\/freshwater\/wasserversorgung\/af-clear-boost\/#primaryimage","url":"https:\/\/aquaforest.eu\/wp-content\/uploads\/2024\/09\/AF_Clear_Boost_250ml.png","contentUrl":"https:\/\/aquaforest.eu\/wp-content\/uploads\/2024\/09\/AF_Clear_Boost_250ml.png","width":324,"height":600},{"@type":"BreadcrumbList","@id":"https:\/\/aquaforest.eu\/de\/produkte\/freshwater\/wasserversorgung\/af-clear-boost\/#breadcrumb","itemListElement":[{"@type":"ListItem","position":1,"name":"Home","item":"https:\/\/aquaforest.eu\/de\/"},{"@type":"ListItem","position":2,"name":"Produkte","item":"https:\/\/aquaforest.eu\/de\/produkte\/"},{"@type":"ListItem","position":3,"name":"AF Clear Boost"}]},{"@type":"WebSite","@id":"https:\/\/aquaforest.eu\/de\/#website","url":"https:\/\/aquaforest.eu\/de\/","name":"Aquaforest","description":"","publisher":{"@id":"https:\/\/aquaforest.eu\/de\/#organization"},"potentialAction":[{"@type":"SearchAction","target":{"@type":"EntryPoint","urlTemplate":"https:\/\/aquaforest.eu\/de\/?s={search_term_string}"},"query-input":{"@type":"PropertyValueSpecification","valueRequired":true,"valueName":"search_term_string"}}],"inLanguage":"de"},{"@type":"Organization","@id":"https:\/\/aquaforest.eu\/de\/#organization","name":"Aquaforest","url":"https:\/\/aquaforest.eu\/de\/","logo":{"@type":"ImageObject","inLanguage":"de","@id":"https:\/\/aquaforest.eu\/de\/#\/schema\/logo\/image\/","url":"https:\/\/aquaforest.eu\/wp-content\/uploads\/2024\/05\/logotyp-aquaforest.svg","contentUrl":"https:\/\/aquaforest.eu\/wp-content\/uploads\/2024\/05\/logotyp-aquaforest.svg","width":170,"height":22,"caption":"Aquaforest"},"image":{"@id":"https:\/\/aquaforest.eu\/de\/#\/schema\/logo\/image\/"},"sameAs":["https:\/\/www.facebook.com\/Aquaforest\/","https:\/\/www.instagram.com\/aquaforest.eu\/"]}]}},"_links":{"self":[{"href":"https:\/\/aquaforest.eu\/de\/wp-json\/wp\/v2\/product\/12270","targetHints":{"allow":["GET"]}}],"collection":[{"href":"https:\/\/aquaforest.eu\/de\/wp-json\/wp\/v2\/product"}],"about":[{"href":"https:\/\/aquaforest.eu\/de\/wp-json\/wp\/v2\/types\/product"}],"version-history":[{"count":0,"href":"https:\/\/aquaforest.eu\/de\/wp-json\/wp\/v2\/product\/12270\/revisions"}],"wp:featuredmedia":[{"embeddable":true,"href":"https:\/\/aquaforest.eu\/de\/wp-json\/wp\/v2\/media\/12289"}],"wp:attachment":[{"href":"https:\/\/aquaforest.eu\/de\/wp-json\/wp\/v2\/media?parent=12270"}],"wp:term":[{"taxonomy":"product_brand","embeddable":true,"href":"https:\/\/aquaforest.eu\/de\/wp-json\/wp\/v2\/product_brand?post=12270"},{"taxonomy":"product_cat","embeddable":true,"href":"https:\/\/aquaforest.eu\/de\/wp-json\/wp\/v2\/product_cat?post=12270"},{"taxonomy":"product_tag","embeddable":true,"href":"https:\/\/aquaforest.eu\/de\/wp-json\/wp\/v2\/product_tag?post=12270"}],"curies":[{"name":"wp","href":"https:\/\/api.w.org\/{rel}","templated":true}]}}