{"id":12335,"date":"2024-08-11T01:32:50","date_gmt":"2024-08-10T23:32:50","guid":{"rendered":"https:\/\/aquaforest.eu\/products\/unkategorisiert\/af-starterpack-freshwater\/"},"modified":"2025-06-02T13:41:55","modified_gmt":"2025-06-02T11:41:55","slug":"af-starterpack-freshwater","status":"publish","type":"product","link":"https:\/\/aquaforest.eu\/de\/produkte\/freshwater\/erganzungsmittel-und-dungemittel\/af-starterpack-freshwater\/","title":{"rendered":"AF StarterPack Freshwater"},"content":{"rendered":"<p><span style=\"font-weight: 400;\">Starter Pack ist ein komplettes Set von Produkten, die den Beginn eines Abenteuers im S\u00fc\u00dfwasseraquarium erleichtern!<\/span><span style=\"font-weight: 400;\"><br \/>\n<\/span><span style=\"font-weight: 400;\">Gemeinsam mit erfahrenen Aquarianern haben wir die Herausforderungen analysiert, denen man zu Beginn der Aquaristik und in den ersten Monaten ihres Bestehens begegnen kann.<\/span><span style=\"font-weight: 400;\"><br \/>\n<\/span><span style=\"font-weight: 400;\">Durch diese Zusammenarbeit haben wir die Produkte so zusammengestellt, dass sie alles umfassen, was ein Aquarianer zu Beginn dieser faszinierenden Reise braucht.<\/span><span style=\"font-weight: 400;\"><br \/>\n<\/span><span style=\"font-weight: 400;\">Dieses Produktb\u00fcndel ist eine fertige L\u00f6sung, die garantiert:<\/span><\/p>\n<ul>\n<li style=\"font-weight: 400;\" aria-level=\"1\"><span style=\"font-weight: 400;\">Beschleunigung der Reifung des Aquariums<\/span><\/li>\n<li style=\"font-weight: 400;\" aria-level=\"1\"><span style=\"font-weight: 400;\">Entfernung von sch\u00e4dlichen organischen Verbindungen<\/span><\/li>\n<li style=\"font-weight: 400;\" aria-level=\"1\"><span style=\"font-weight: 400;\">Wasseraufbereitung<\/span><\/li>\n<li style=\"font-weight: 400;\" aria-level=\"1\"><span style=\"font-weight: 400;\">Pflege der Fischgesundheit<\/span><\/li>\n<li style=\"font-weight: 400;\" aria-level=\"1\"><span style=\"font-weight: 400;\">Bereitstellung der erforderlichen Mikro- und Makroelemente<\/span><\/li>\n<li style=\"font-weight: 400;\" aria-level=\"1\"><span style=\"font-weight: 400;\">Beschleunigung des Pflanzenwachstums<\/span><\/li>\n<li style=\"font-weight: 400;\" aria-level=\"1\"><span style=\"font-weight: 400;\">Senkung der Nitratwerte<\/span><\/li>\n<\/ul>\n<p><span style=\"font-weight: 400;\">Mit diesem Set kann jeder Aquarianer sicher sein, dass sein Aquarium vom ersten Tag an gut versorgt ist.<\/span><\/p>\n<p>&nbsp;<\/p>\n<hr \/>\n<p>&nbsp;<\/p>\n<p><strong>Das Bundle enth\u00e4lt die folgenden Produkte:<\/strong><\/p>\n<ul>\n<li><span style=\"color: #000000;\"><a style=\"color: #000000;\" href=\"https:\/\/aquaforest.eu\/de\/products\/freshwater-de\/wasserversorgung\/af-lebensessenz\/\"><b>AF Life Essence<\/b><\/a><span style=\"font-weight: 400;\"> &#8211; ein hochwertiges Produkt, das mit nitrifizierenden Bakterien angereichert ist und die Reifung des Aquariums f\u00f6rdert.<br \/>\nEs wird f\u00fcr neu eingerichtete Aquarien empfohlen und ist auch ideal f\u00fcr Wasserwechsel, um die Bakterienflora wieder aufzuf\u00fcllen.<\/span><\/span><\/li>\n<li><span style=\"color: #000000;\"><a style=\"color: #000000;\" href=\"https:\/\/aquaforest.eu\/de\/products\/freshwater-de\/wasserversorgung\/af-wasseraufbereiter\/\"><b>AF Water Conditioner<\/b><\/a><span style=\"font-weight: 400;\"> &#8211; Ein Wasseraufbereiter, der Leitungswasser f\u00fcr die sofortige Verwendung im Aquarium aufbereitet.<br \/>\nEr st\u00e4rkt das Immunsystem der Fische und f\u00f6rdert die Regeneration ihrer Haut.<\/span><\/span><\/li>\n<li><span style=\"color: #000000;\"><a style=\"color: #000000;\" href=\"https:\/\/aquaforest.eu\/de\/produkte\/freshwater\/erganzungsmittel-und-dungemittel\/af-micro\/\"><b>AF Micro<\/b><\/a><span style=\"font-weight: 400;\"> &#8211;\u00a0ist ein hochkonzentrierter Basisd\u00fcnger mit vielen Mikroelementen, die f\u00fcr ein gesundes Pflanzenwachstum notwendig sind.<br \/>\nDie einzigartige Formel sorgt f\u00fcr intensive Farben und f\u00f6rdert das Wachstum von Aquarienpflanzen.<\/span><\/span><\/li>\n<li><span style=\"color: #000000;\"><a style=\"color: #000000;\" href=\"https:\/\/aquaforest.eu\/de\/produkte\/freshwater\/erganzungsmittel-und-dungemittel\/af-macro\/\"><b>AF Macro<\/b><\/a><span style=\"font-weight: 400;\"> &#8211; eine Reihe von Makroelementen, die f\u00fcr ein gesundes Pflanzenwachstum unerl\u00e4sslich sind.<br \/>\nDie einzigartige Formel sorgt f\u00fcr eine schnelle Entwicklung der Pflanzen und ihre lebendige F\u00e4rbung.<\/span><\/span><\/li>\n<li><span style=\"color: #000000;\"><a style=\"color: #000000;\" href=\"https:\/\/aquaforest.eu\/de\/produkte\/freshwater\/wasserversorgung\/af-purifying-resin\/\"><b>AF Purifying Resin<\/b><\/a><span style=\"font-weight: 400;\"> &#8211; \u00a0ein spezielles Ionenaustauscherharz f\u00fcr Aquarien, die mit hohen Nitratwerten zu k\u00e4mpfen haben. Nitrat wird effektiv entfernt, ohne die Mineralien Konzentration zu beeintr\u00e4chtigen.<\/span><\/span><\/li>\n<li><span style=\"color: #000000;\"><a style=\"color: #000000;\" href=\"https:\/\/aquaforest.eu\/de\/products\/freshwater-de\/wasserversorgung\/af-kohlenstoff\/\"><b>AF Carbon<\/b><\/a><span style=\"font-weight: 400;\"> &#8211; Dampf Aktivierte Kohle, entfernt effektiv unerw\u00fcnschte Chemikalien und verbessert die Klarheit des Wassers.<br \/>\nEmpfohlen w\u00e4hrend der Reifung des Aquariums und als Entferner von Medikamentenr\u00fcckst\u00e4nden nach einer Fischbehandlung.<\/span><\/span><\/li>\n<li><span style=\"color: #000000;\"><a style=\"color: #000000;\" href=\"https:\/\/aquaforest.eu\/de\/produkte\/freshwater\/erganzungsmittel-und-dungemittel\/af-carbon-boost\/\"><b>AF Carbon Boost <\/b><\/a><span style=\"font-weight: 400;\">&#8211; ein hochwirksames Erg\u00e4nzungsmittel mit leicht assimilierbarem Kohlenstoff, das die Entwicklung von Pflanzen f\u00f6rdert.<br \/>\nDie regelm\u00e4\u00dfige Anwendung h\u00e4lt das Aquarium in Topform und beseitigt die Algen.<\/span><\/span><\/li>\n<\/ul>\n","protected":false},"excerpt":{"rendered":"<p><span style=\"font-weight: 400;\">Ein komplettes Set von Produkten, das Ihnen den Einstieg in das Abenteuer S\u00fc\u00dfwasseraquarium erleichtert.<\/span><\/p>\n","protected":false},"featured_media":7033,"template":"","meta":{"_acf_changed":false,"content-type":""},"product_brand":[],"product_cat":[1138,1140],"product_tag":[966,1633,1122,1097],"class_list":{"0":"post-12335","1":"product","2":"type-product","3":"status-publish","4":"has-post-thumbnail","6":"product_cat-erganzungsmittel-und-dungemittel","7":"product_cat-wasserversorgung","8":"product_tag-aquaforest-de","9":"product_tag-simple-de","10":"product_tag-suswasseraquaristik","11":"product_tag-wasserversorgung","13":"first","14":"instock","15":"taxable","16":"shipping-taxable","17":"purchasable","18":"product-type-simple"},"acf":[],"yoast_head":"<!-- This site is optimized with the Yoast SEO plugin v27.1.1 - https:\/\/yoast.com\/product\/yoast-seo-wordpress\/ -->\n<title>AF StarterPack Freshwater - Aquaforest<\/title>\n<meta name=\"description\" content=\"Das Starter Pack ist ein komplettes Set von Produkten, die Ihnen den Einstieg in das Abenteuer S\u00fc\u00dfwasseraquarium erleichtern!\" \/>\n<meta name=\"robots\" content=\"index, follow, max-snippet:-1, max-image-preview:large, max-video-preview:-1\" \/>\n<link rel=\"canonical\" href=\"https:\/\/aquaforest.eu\/de\/produkte\/freshwater\/erganzungsmittel-und-dungemittel\/af-starterpack-freshwater\/\" \/>\n<meta property=\"og:locale\" content=\"de_DE\" \/>\n<meta property=\"og:type\" content=\"article\" \/>\n<meta property=\"og:title\" content=\"AF StarterPack Freshwater - Aquaforest\" \/>\n<meta property=\"og:description\" content=\"Das Starter Pack ist ein komplettes Set von Produkten, die Ihnen den Einstieg in das Abenteuer S\u00fc\u00dfwasseraquarium erleichtern!\" \/>\n<meta property=\"og:url\" content=\"https:\/\/aquaforest.eu\/de\/produkte\/freshwater\/erganzungsmittel-und-dungemittel\/af-starterpack-freshwater\/\" \/>\n<meta property=\"og:site_name\" content=\"Aquaforest\" \/>\n<meta property=\"article:publisher\" content=\"https:\/\/www.facebook.com\/Aquaforest\/\" \/>\n<meta property=\"article:modified_time\" content=\"2025-06-02T11:41:55+00:00\" \/>\n<meta property=\"og:image\" content=\"https:\/\/aquaforest.eu\/wp-content\/uploads\/2024\/07\/Zestaw-startowy-akwarium-slodkowodnego-1-1.png\" \/>\n\t<meta property=\"og:image:width\" content=\"650\" \/>\n\t<meta property=\"og:image:height\" content=\"650\" \/>\n\t<meta property=\"og:image:type\" content=\"image\/png\" \/>\n<meta name=\"twitter:card\" content=\"summary_large_image\" \/>\n<meta name=\"twitter:label1\" content=\"Gesch\u00e4tzte Lesezeit\" \/>\n\t<meta name=\"twitter:data1\" content=\"2\u00a0Minuten\" \/>\n<script type=\"application\/ld+json\" class=\"yoast-schema-graph\">{\"@context\":\"https:\/\/schema.org\",\"@graph\":[{\"@type\":\"WebPage\",\"@id\":\"https:\/\/aquaforest.eu\/de\/produkte\/freshwater\/erganzungsmittel-und-dungemittel\/af-starterpack-freshwater\/\",\"url\":\"https:\/\/aquaforest.eu\/de\/produkte\/freshwater\/erganzungsmittel-und-dungemittel\/af-starterpack-freshwater\/\",\"name\":\"AF StarterPack Freshwater - Aquaforest\",\"isPartOf\":{\"@id\":\"https:\/\/aquaforest.eu\/de\/#website\"},\"primaryImageOfPage\":{\"@id\":\"https:\/\/aquaforest.eu\/de\/produkte\/freshwater\/erganzungsmittel-und-dungemittel\/af-starterpack-freshwater\/#primaryimage\"},\"image\":{\"@id\":\"https:\/\/aquaforest.eu\/de\/produkte\/freshwater\/erganzungsmittel-und-dungemittel\/af-starterpack-freshwater\/#primaryimage\"},\"thumbnailUrl\":\"https:\/\/aquaforest.eu\/wp-content\/uploads\/2024\/07\/Zestaw-startowy-akwarium-slodkowodnego-1-1.png\",\"datePublished\":\"2024-08-10T23:32:50+00:00\",\"dateModified\":\"2025-06-02T11:41:55+00:00\",\"description\":\"Das Starter Pack ist ein komplettes Set von Produkten, die Ihnen den Einstieg in das Abenteuer S\u00fc\u00dfwasseraquarium erleichtern!\",\"breadcrumb\":{\"@id\":\"https:\/\/aquaforest.eu\/de\/produkte\/freshwater\/erganzungsmittel-und-dungemittel\/af-starterpack-freshwater\/#breadcrumb\"},\"inLanguage\":\"de\",\"potentialAction\":[{\"@type\":\"ReadAction\",\"target\":[\"https:\/\/aquaforest.eu\/de\/produkte\/freshwater\/erganzungsmittel-und-dungemittel\/af-starterpack-freshwater\/\"]}]},{\"@type\":\"ImageObject\",\"inLanguage\":\"de\",\"@id\":\"https:\/\/aquaforest.eu\/de\/produkte\/freshwater\/erganzungsmittel-und-dungemittel\/af-starterpack-freshwater\/#primaryimage\",\"url\":\"https:\/\/aquaforest.eu\/wp-content\/uploads\/2024\/07\/Zestaw-startowy-akwarium-slodkowodnego-1-1.png\",\"contentUrl\":\"https:\/\/aquaforest.eu\/wp-content\/uploads\/2024\/07\/Zestaw-startowy-akwarium-slodkowodnego-1-1.png\",\"width\":650,\"height\":650},{\"@type\":\"BreadcrumbList\",\"@id\":\"https:\/\/aquaforest.eu\/de\/produkte\/freshwater\/erganzungsmittel-und-dungemittel\/af-starterpack-freshwater\/#breadcrumb\",\"itemListElement\":[{\"@type\":\"ListItem\",\"position\":1,\"name\":\"Home\",\"item\":\"https:\/\/aquaforest.eu\/de\/\"},{\"@type\":\"ListItem\",\"position\":2,\"name\":\"Produkte\",\"item\":\"https:\/\/aquaforest.eu\/de\/produkte\/\"},{\"@type\":\"ListItem\",\"position\":3,\"name\":\"AF StarterPack Freshwater\"}]},{\"@type\":\"WebSite\",\"@id\":\"https:\/\/aquaforest.eu\/de\/#website\",\"url\":\"https:\/\/aquaforest.eu\/de\/\",\"name\":\"Aquaforest\",\"description\":\"\",\"publisher\":{\"@id\":\"https:\/\/aquaforest.eu\/de\/#organization\"},\"potentialAction\":[{\"@type\":\"SearchAction\",\"target\":{\"@type\":\"EntryPoint\",\"urlTemplate\":\"https:\/\/aquaforest.eu\/de\/?s={search_term_string}\"},\"query-input\":{\"@type\":\"PropertyValueSpecification\",\"valueRequired\":true,\"valueName\":\"search_term_string\"}}],\"inLanguage\":\"de\"},{\"@type\":\"Organization\",\"@id\":\"https:\/\/aquaforest.eu\/de\/#organization\",\"name\":\"Aquaforest\",\"url\":\"https:\/\/aquaforest.eu\/de\/\",\"logo\":{\"@type\":\"ImageObject\",\"inLanguage\":\"de\",\"@id\":\"https:\/\/aquaforest.eu\/de\/#\/schema\/logo\/image\/\",\"url\":\"https:\/\/aquaforest.eu\/wp-content\/uploads\/2024\/05\/logotyp-aquaforest.svg\",\"contentUrl\":\"https:\/\/aquaforest.eu\/wp-content\/uploads\/2024\/05\/logotyp-aquaforest.svg\",\"width\":170,\"height\":22,\"caption\":\"Aquaforest\"},\"image\":{\"@id\":\"https:\/\/aquaforest.eu\/de\/#\/schema\/logo\/image\/\"},\"sameAs\":[\"https:\/\/www.facebook.com\/Aquaforest\/\",\"https:\/\/www.instagram.com\/aquaforest.eu\/\"]}]}<\/script>\n<!-- \/ Yoast SEO plugin. -->","yoast_head_json":{"title":"AF StarterPack Freshwater - Aquaforest","description":"Das Starter Pack ist ein komplettes Set von Produkten, die Ihnen den Einstieg in das Abenteuer S\u00fc\u00dfwasseraquarium erleichtern!","robots":{"index":"index","follow":"follow","max-snippet":"max-snippet:-1","max-image-preview":"max-image-preview:large","max-video-preview":"max-video-preview:-1"},"canonical":"https:\/\/aquaforest.eu\/de\/produkte\/freshwater\/erganzungsmittel-und-dungemittel\/af-starterpack-freshwater\/","og_locale":"de_DE","og_type":"article","og_title":"AF StarterPack Freshwater - Aquaforest","og_description":"Das Starter Pack ist ein komplettes Set von Produkten, die Ihnen den Einstieg in das Abenteuer S\u00fc\u00dfwasseraquarium erleichtern!","og_url":"https:\/\/aquaforest.eu\/de\/produkte\/freshwater\/erganzungsmittel-und-dungemittel\/af-starterpack-freshwater\/","og_site_name":"Aquaforest","article_publisher":"https:\/\/www.facebook.com\/Aquaforest\/","article_modified_time":"2025-06-02T11:41:55+00:00","og_image":[{"width":650,"height":650,"url":"https:\/\/aquaforest.eu\/wp-content\/uploads\/2024\/07\/Zestaw-startowy-akwarium-slodkowodnego-1-1.png","type":"image\/png"}],"twitter_card":"summary_large_image","twitter_misc":{"Gesch\u00e4tzte Lesezeit":"2\u00a0Minuten"},"schema":{"@context":"https:\/\/schema.org","@graph":[{"@type":"WebPage","@id":"https:\/\/aquaforest.eu\/de\/produkte\/freshwater\/erganzungsmittel-und-dungemittel\/af-starterpack-freshwater\/","url":"https:\/\/aquaforest.eu\/de\/produkte\/freshwater\/erganzungsmittel-und-dungemittel\/af-starterpack-freshwater\/","name":"AF StarterPack Freshwater - Aquaforest","isPartOf":{"@id":"https:\/\/aquaforest.eu\/de\/#website"},"primaryImageOfPage":{"@id":"https:\/\/aquaforest.eu\/de\/produkte\/freshwater\/erganzungsmittel-und-dungemittel\/af-starterpack-freshwater\/#primaryimage"},"image":{"@id":"https:\/\/aquaforest.eu\/de\/produkte\/freshwater\/erganzungsmittel-und-dungemittel\/af-starterpack-freshwater\/#primaryimage"},"thumbnailUrl":"https:\/\/aquaforest.eu\/wp-content\/uploads\/2024\/07\/Zestaw-startowy-akwarium-slodkowodnego-1-1.png","datePublished":"2024-08-10T23:32:50+00:00","dateModified":"2025-06-02T11:41:55+00:00","description":"Das Starter Pack ist ein komplettes Set von Produkten, die Ihnen den Einstieg in das Abenteuer S\u00fc\u00dfwasseraquarium erleichtern!","breadcrumb":{"@id":"https:\/\/aquaforest.eu\/de\/produkte\/freshwater\/erganzungsmittel-und-dungemittel\/af-starterpack-freshwater\/#breadcrumb"},"inLanguage":"de","potentialAction":[{"@type":"ReadAction","target":["https:\/\/aquaforest.eu\/de\/produkte\/freshwater\/erganzungsmittel-und-dungemittel\/af-starterpack-freshwater\/"]}]},{"@type":"ImageObject","inLanguage":"de","@id":"https:\/\/aquaforest.eu\/de\/produkte\/freshwater\/erganzungsmittel-und-dungemittel\/af-starterpack-freshwater\/#primaryimage","url":"https:\/\/aquaforest.eu\/wp-content\/uploads\/2024\/07\/Zestaw-startowy-akwarium-slodkowodnego-1-1.png","contentUrl":"https:\/\/aquaforest.eu\/wp-content\/uploads\/2024\/07\/Zestaw-startowy-akwarium-slodkowodnego-1-1.png","width":650,"height":650},{"@type":"BreadcrumbList","@id":"https:\/\/aquaforest.eu\/de\/produkte\/freshwater\/erganzungsmittel-und-dungemittel\/af-starterpack-freshwater\/#breadcrumb","itemListElement":[{"@type":"ListItem","position":1,"name":"Home","item":"https:\/\/aquaforest.eu\/de\/"},{"@type":"ListItem","position":2,"name":"Produkte","item":"https:\/\/aquaforest.eu\/de\/produkte\/"},{"@type":"ListItem","position":3,"name":"AF StarterPack Freshwater"}]},{"@type":"WebSite","@id":"https:\/\/aquaforest.eu\/de\/#website","url":"https:\/\/aquaforest.eu\/de\/","name":"Aquaforest","description":"","publisher":{"@id":"https:\/\/aquaforest.eu\/de\/#organization"},"potentialAction":[{"@type":"SearchAction","target":{"@type":"EntryPoint","urlTemplate":"https:\/\/aquaforest.eu\/de\/?s={search_term_string}"},"query-input":{"@type":"PropertyValueSpecification","valueRequired":true,"valueName":"search_term_string"}}],"inLanguage":"de"},{"@type":"Organization","@id":"https:\/\/aquaforest.eu\/de\/#organization","name":"Aquaforest","url":"https:\/\/aquaforest.eu\/de\/","logo":{"@type":"ImageObject","inLanguage":"de","@id":"https:\/\/aquaforest.eu\/de\/#\/schema\/logo\/image\/","url":"https:\/\/aquaforest.eu\/wp-content\/uploads\/2024\/05\/logotyp-aquaforest.svg","contentUrl":"https:\/\/aquaforest.eu\/wp-content\/uploads\/2024\/05\/logotyp-aquaforest.svg","width":170,"height":22,"caption":"Aquaforest"},"image":{"@id":"https:\/\/aquaforest.eu\/de\/#\/schema\/logo\/image\/"},"sameAs":["https:\/\/www.facebook.com\/Aquaforest\/","https:\/\/www.instagram.com\/aquaforest.eu\/"]}]}},"_links":{"self":[{"href":"https:\/\/aquaforest.eu\/de\/wp-json\/wp\/v2\/product\/12335","targetHints":{"allow":["GET"]}}],"collection":[{"href":"https:\/\/aquaforest.eu\/de\/wp-json\/wp\/v2\/product"}],"about":[{"href":"https:\/\/aquaforest.eu\/de\/wp-json\/wp\/v2\/types\/product"}],"version-history":[{"count":2,"href":"https:\/\/aquaforest.eu\/de\/wp-json\/wp\/v2\/product\/12335\/revisions"}],"predecessor-version":[{"id":22593,"href":"https:\/\/aquaforest.eu\/de\/wp-json\/wp\/v2\/product\/12335\/revisions\/22593"}],"wp:featuredmedia":[{"embeddable":true,"href":"https:\/\/aquaforest.eu\/de\/wp-json\/wp\/v2\/media\/7033"}],"wp:attachment":[{"href":"https:\/\/aquaforest.eu\/de\/wp-json\/wp\/v2\/media?parent=12335"}],"wp:term":[{"taxonomy":"product_brand","embeddable":true,"href":"https:\/\/aquaforest.eu\/de\/wp-json\/wp\/v2\/product_brand?post=12335"},{"taxonomy":"product_cat","embeddable":true,"href":"https:\/\/aquaforest.eu\/de\/wp-json\/wp\/v2\/product_cat?post=12335"},{"taxonomy":"product_tag","embeddable":true,"href":"https:\/\/aquaforest.eu\/de\/wp-json\/wp\/v2\/product_tag?post=12335"}],"curies":[{"name":"wp","href":"https:\/\/api.w.org\/{rel}","templated":true}]}}