{"id":12374,"date":"2024-07-02T01:50:30","date_gmt":"2024-07-01T23:50:30","guid":{"rendered":"https:\/\/aquaforest.eu\/products\/unkategorisiert\/af-oceanguard-790\/"},"modified":"2025-03-19T12:54:29","modified_gmt":"2025-03-19T11:54:29","slug":"af-oceanguard-790","status":"publish","type":"product","link":"https:\/\/aquaforest.eu\/de\/produkte\/oceanguard\/af-oceanguard-790\/","title":{"rendered":"AF OceanGuard 790 Aquarium"},"content":{"rendered":"<div data-desktop-col=\"one\" data-tablet-col=\"tablet-one\" data-mobile-col=\"mobile-one\">\n<div>\n<div>\n<div>\n<div data-desktop-col=\"one\" data-tablet-col=\"tablet-one\" data-mobile-col=\"mobile-one\">\n<div>\n<div>\n<div>\n<h3>WICHTIGSTE SPEZIFIKATIONEN des AF OceanGuard 790 Aquariums<\/h3>\n<\/div>\n<\/div>\n<\/div>\n<\/div>\n<div data-desktop-col=\"one-second\" data-tablet-col=\"tablet-one-second\" data-mobile-col=\"mobile-one\">\n<div>\n<div>\n<div>\n<div>Moderne Technologien in Kombination mit jahrelanger Erfahrung in der Aquaristik erm\u00f6glichten es uns, die AF-Aquarien zu entwickeln. Jedes Element dieses sorgf\u00e4ltig gestalteten Sets wurde unter Einhaltung strengster Qualit\u00e4tsstandards entwickelt. Es ist das Ergebnis der Zusammenarbeit zwischen den besten Ingenieuren und Aquarianern, mit denen wir die besten L\u00f6sungen f\u00fcr das Riffing entwickelt haben.<br \/>\nWir haben uns f\u00fcr Optiwhite\u2122-Glas und schwarzes Silikon entschieden, das speziell f\u00fcr die Zwecke von Meerwasseraquarien entwickelt wurde und h\u00f6chste Wasserdichtigkeit garantiert.<br \/>\nDas kristallklare Glas verf\u00e4lscht die Farben nicht, ist leicht zu reinigen und erh\u00f6ht die Kratzfestigkeit.<br \/>\nPilkington Optiwhite\u2122 ist ein eisenarmes, superklares Glas ohne Gr\u00fcnstich, was vor allem bei Meerwasseraquarien mit dickem Glas extrem wichtig ist.<br \/>\nDie ultra-ebene Oberfl\u00e4che wird durch den hochwertigsten Herstellungsprozess garantiert und sorgt daf\u00fcr, dass es keine Verzerrungen gibt, was perfekte Bedingungen f\u00fcr die Beobachtung Ihrer Korallen schafft.<br \/>\nDer schwarze \u00dcberlaufkasten, der Boden und die R\u00fcckscheibe garantieren eine hohe \u00c4sthetik.<br \/>\nDer abnehmbare Wehrkamm ist leicht zu reinigen, und dank der ger\u00e4uschd\u00e4mpfenden Abdeckung ist der Wasserfluss fast unh\u00f6rbar.<br \/>\nProfessioneller Schaumstoff sorgt f\u00fcr Sicherheit und erm\u00f6glicht eine einfache Installation des Aquariums auf dem Schrank.<br \/>\nDie angemessene Dicke des Glases erm\u00f6glichte es uns, ein randloses Aquarium zu schaffen und gleichzeitig eine ausgezeichnete Lichtdurchl\u00e4ssigkeit und volle Sicherheit des Sets zu gew\u00e4hrleisten.<\/div>\n<div>\n<p>&nbsp;<\/p>\n<hr \/>\n<h4>WAS MACHT UNS EINZIGARTIG?<\/h4>\n<h6>GARANTIERTE SICHERHEIT<\/h6>\n<ul>\n<li>Keine Kompromisse bei der Qualit\u00e4t &#8211; angewandte Yachttechnologie<\/li>\n<li>ordnungsgem\u00e4\u00dfe Installation und gr\u00fcndliche Tests &#8211; Konstruktion aus Hartholzsperrholz wird montiert geliefert<\/li>\n<li>hochwiderstandsf\u00e4hige Verbindungen, Anschl\u00fcsse, Schrauben und Scharniere<\/li>\n<li>Nur wasserfeste Materialien &#8211; keine Verformungen oder Durchbiegungen<\/li>\n<li>Die richtige Glasdicke und das richtige Silikon f\u00fcr das Reffen<\/li>\n<li>10 Mal haltbarer!<\/li>\n<li>4 Jahre Garantie<\/li>\n<\/ul>\n<p>&nbsp;<\/p>\n<hr \/>\n<h6>ERFAHRUNGSBASIERTE L\u00d6SUNGEN, DAMIT IHRE KORALLEN GEDEIHEN<\/h6>\n<ul>\n<li>entwickelt von Top-Aquarianern, die ihren Erfolg mit anderen teilen m\u00f6chten<\/li>\n<li>wir wissen, worauf es ankommt &#8211; effiziente Filtration durch angemessene Rohrdurchmesser<\/li>\n<li>Qualit\u00e4tsschieber zur pr\u00e4zisen Einstellung des Wasserstands<\/li>\n<li>L\u00f6sungen, die entwickelt wurden, um auch den anspruchsvollsten Korallen einen optimalen Lebensraum zu bieten<\/li>\n<li>leicht zu reinigen und zu pflegen<\/li>\n<li>Intelligent gestaltete Kaskadenkammern zur Unterst\u00fctzung des Filtrationsprozesses<\/li>\n<li>Seien Sie immer vorbereitet &#8211; im Falle eines Stromausfalls verhindert ein R\u00fcckschlagventil, dass Wasser in den Sumpf flie\u00dft<\/li>\n<\/ul>\n<p>&nbsp;<\/p>\n<hr \/>\n<h6><\/h6>\n<h6>ULTRALEISE F\u00dcR IHREN MAXIMALEN KOMFORT<\/h6>\n<ul>\n<li>Anti-Vibrations-Schaumstoff sowohl auf der Wanne als auch auf dem Display<\/li>\n<li>selbstnivellierender Abfluss mit schalld\u00e4mpfender Abdeckung des \u00dcberlaufs<\/li>\n<li>intelligent gestaltete Sumpfkammern zur Reduzierung der Wasserstr\u00f6mungsger\u00e4usche<\/li>\n<li>Pr\u00e4zise Wasserstandsregulierung &amp; Ger\u00e4uschunterdr\u00fcckung durch Schieberventil<\/li>\n<\/ul>\n<p><a href=\"https:\/\/aquaforest.eu\/wp-content\/uploads\/2024\/07\/AF790150_UNBOXING-MANUAL_DRUK_060522_ZMIANY.pdf\">Anleitung &#8211; AF OceanGuard 790 &#8211; Herunterladen<\/a><\/p>\n<\/div>\n<\/div>\n<\/div>\n<\/div>\n<\/div>\n<\/div>\n<\/div>\n<\/div>\n<\/div>\n","protected":false},"excerpt":{"rendered":"<p>790 L | 209 US GAL Aquariensystem. Extrem eisenarmes, kristallklares Glas effiziente Filterung.<\/p>\n","protected":false},"featured_media":15588,"template":"","meta":{"_acf_changed":false,"content-type":""},"product_brand":[],"product_cat":[1130],"product_tag":[1020],"class_list":{"0":"post-12374","1":"product","2":"type-product","3":"status-publish","4":"has-post-thumbnail","6":"product_cat-oceanguard","7":"product_tag-oceanguard-de","9":"first","10":"outofstock","11":"taxable","12":"shipping-taxable","13":"purchasable","14":"product-type-simple"},"acf":[],"yoast_head":"<!-- This site is optimized with the Yoast SEO plugin v27.1.1 - https:\/\/yoast.com\/product\/yoast-seo-wordpress\/ -->\n<title>AF OceanGuard 790 Aquarium - Aquaforest<\/title>\n<meta name=\"description\" content=\"AF790 Aquarienset mit extrem eisenarmem Glas. Hocheffizientes Filtersystem.\" \/>\n<meta name=\"robots\" content=\"index, follow, max-snippet:-1, max-image-preview:large, max-video-preview:-1\" \/>\n<link rel=\"canonical\" href=\"https:\/\/aquaforest.eu\/de\/produkte\/oceanguard\/af-oceanguard-790\/\" \/>\n<meta property=\"og:locale\" content=\"de_DE\" \/>\n<meta property=\"og:type\" content=\"article\" \/>\n<meta property=\"og:title\" content=\"AF OceanGuard 790 Aquarium - Aquaforest\" \/>\n<meta property=\"og:description\" content=\"AF790 Aquarienset mit extrem eisenarmem Glas. Hocheffizientes Filtersystem.\" \/>\n<meta property=\"og:url\" content=\"https:\/\/aquaforest.eu\/de\/produkte\/oceanguard\/af-oceanguard-790\/\" \/>\n<meta property=\"og:site_name\" content=\"Aquaforest\" \/>\n<meta property=\"article:publisher\" content=\"https:\/\/www.facebook.com\/Aquaforest\/\" \/>\n<meta property=\"article:modified_time\" content=\"2025-03-19T11:54:29+00:00\" \/>\n<meta property=\"og:image\" content=\"https:\/\/aquaforest.eu\/wp-content\/uploads\/2024\/07\/OceanGuard-7901.jpg\" \/>\n\t<meta property=\"og:image:width\" content=\"1322\" \/>\n\t<meta property=\"og:image:height\" content=\"1322\" \/>\n\t<meta property=\"og:image:type\" content=\"image\/jpeg\" \/>\n<meta name=\"twitter:card\" content=\"summary_large_image\" \/>\n<meta name=\"twitter:label1\" content=\"Gesch\u00e4tzte Lesezeit\" \/>\n\t<meta name=\"twitter:data1\" content=\"2\u00a0Minuten\" \/>\n<script type=\"application\/ld+json\" class=\"yoast-schema-graph\">{\"@context\":\"https:\/\/schema.org\",\"@graph\":[{\"@type\":\"WebPage\",\"@id\":\"https:\/\/aquaforest.eu\/de\/produkte\/oceanguard\/af-oceanguard-790\/\",\"url\":\"https:\/\/aquaforest.eu\/de\/produkte\/oceanguard\/af-oceanguard-790\/\",\"name\":\"AF OceanGuard 790 Aquarium - Aquaforest\",\"isPartOf\":{\"@id\":\"https:\/\/aquaforest.eu\/de\/#website\"},\"primaryImageOfPage\":{\"@id\":\"https:\/\/aquaforest.eu\/de\/produkte\/oceanguard\/af-oceanguard-790\/#primaryimage\"},\"image\":{\"@id\":\"https:\/\/aquaforest.eu\/de\/produkte\/oceanguard\/af-oceanguard-790\/#primaryimage\"},\"thumbnailUrl\":\"https:\/\/aquaforest.eu\/wp-content\/uploads\/2024\/07\/OceanGuard-7901.jpg\",\"datePublished\":\"2024-07-01T23:50:30+00:00\",\"dateModified\":\"2025-03-19T11:54:29+00:00\",\"description\":\"AF790 Aquarienset mit extrem eisenarmem Glas. Hocheffizientes Filtersystem.\",\"breadcrumb\":{\"@id\":\"https:\/\/aquaforest.eu\/de\/produkte\/oceanguard\/af-oceanguard-790\/#breadcrumb\"},\"inLanguage\":\"de\",\"potentialAction\":[{\"@type\":\"ReadAction\",\"target\":[\"https:\/\/aquaforest.eu\/de\/produkte\/oceanguard\/af-oceanguard-790\/\"]}]},{\"@type\":\"ImageObject\",\"inLanguage\":\"de\",\"@id\":\"https:\/\/aquaforest.eu\/de\/produkte\/oceanguard\/af-oceanguard-790\/#primaryimage\",\"url\":\"https:\/\/aquaforest.eu\/wp-content\/uploads\/2024\/07\/OceanGuard-7901.jpg\",\"contentUrl\":\"https:\/\/aquaforest.eu\/wp-content\/uploads\/2024\/07\/OceanGuard-7901.jpg\",\"width\":1322,\"height\":1322},{\"@type\":\"BreadcrumbList\",\"@id\":\"https:\/\/aquaforest.eu\/de\/produkte\/oceanguard\/af-oceanguard-790\/#breadcrumb\",\"itemListElement\":[{\"@type\":\"ListItem\",\"position\":1,\"name\":\"Home\",\"item\":\"https:\/\/aquaforest.eu\/de\/\"},{\"@type\":\"ListItem\",\"position\":2,\"name\":\"Produkte\",\"item\":\"https:\/\/aquaforest.eu\/de\/produkte\/\"},{\"@type\":\"ListItem\",\"position\":3,\"name\":\"AF OceanGuard 790 Aquarium\"}]},{\"@type\":\"WebSite\",\"@id\":\"https:\/\/aquaforest.eu\/de\/#website\",\"url\":\"https:\/\/aquaforest.eu\/de\/\",\"name\":\"Aquaforest\",\"description\":\"\",\"publisher\":{\"@id\":\"https:\/\/aquaforest.eu\/de\/#organization\"},\"potentialAction\":[{\"@type\":\"SearchAction\",\"target\":{\"@type\":\"EntryPoint\",\"urlTemplate\":\"https:\/\/aquaforest.eu\/de\/?s={search_term_string}\"},\"query-input\":{\"@type\":\"PropertyValueSpecification\",\"valueRequired\":true,\"valueName\":\"search_term_string\"}}],\"inLanguage\":\"de\"},{\"@type\":\"Organization\",\"@id\":\"https:\/\/aquaforest.eu\/de\/#organization\",\"name\":\"Aquaforest\",\"url\":\"https:\/\/aquaforest.eu\/de\/\",\"logo\":{\"@type\":\"ImageObject\",\"inLanguage\":\"de\",\"@id\":\"https:\/\/aquaforest.eu\/de\/#\/schema\/logo\/image\/\",\"url\":\"https:\/\/aquaforest.eu\/wp-content\/uploads\/2024\/05\/logotyp-aquaforest.svg\",\"contentUrl\":\"https:\/\/aquaforest.eu\/wp-content\/uploads\/2024\/05\/logotyp-aquaforest.svg\",\"width\":170,\"height\":22,\"caption\":\"Aquaforest\"},\"image\":{\"@id\":\"https:\/\/aquaforest.eu\/de\/#\/schema\/logo\/image\/\"},\"sameAs\":[\"https:\/\/www.facebook.com\/Aquaforest\/\",\"https:\/\/www.instagram.com\/aquaforest.eu\/\"]}]}<\/script>\n<!-- \/ Yoast SEO plugin. -->","yoast_head_json":{"title":"AF OceanGuard 790 Aquarium - Aquaforest","description":"AF790 Aquarienset mit extrem eisenarmem Glas. Hocheffizientes Filtersystem.","robots":{"index":"index","follow":"follow","max-snippet":"max-snippet:-1","max-image-preview":"max-image-preview:large","max-video-preview":"max-video-preview:-1"},"canonical":"https:\/\/aquaforest.eu\/de\/produkte\/oceanguard\/af-oceanguard-790\/","og_locale":"de_DE","og_type":"article","og_title":"AF OceanGuard 790 Aquarium - Aquaforest","og_description":"AF790 Aquarienset mit extrem eisenarmem Glas. Hocheffizientes Filtersystem.","og_url":"https:\/\/aquaforest.eu\/de\/produkte\/oceanguard\/af-oceanguard-790\/","og_site_name":"Aquaforest","article_publisher":"https:\/\/www.facebook.com\/Aquaforest\/","article_modified_time":"2025-03-19T11:54:29+00:00","og_image":[{"width":1322,"height":1322,"url":"https:\/\/aquaforest.eu\/wp-content\/uploads\/2024\/07\/OceanGuard-7901.jpg","type":"image\/jpeg"}],"twitter_card":"summary_large_image","twitter_misc":{"Gesch\u00e4tzte Lesezeit":"2\u00a0Minuten"},"schema":{"@context":"https:\/\/schema.org","@graph":[{"@type":"WebPage","@id":"https:\/\/aquaforest.eu\/de\/produkte\/oceanguard\/af-oceanguard-790\/","url":"https:\/\/aquaforest.eu\/de\/produkte\/oceanguard\/af-oceanguard-790\/","name":"AF OceanGuard 790 Aquarium - Aquaforest","isPartOf":{"@id":"https:\/\/aquaforest.eu\/de\/#website"},"primaryImageOfPage":{"@id":"https:\/\/aquaforest.eu\/de\/produkte\/oceanguard\/af-oceanguard-790\/#primaryimage"},"image":{"@id":"https:\/\/aquaforest.eu\/de\/produkte\/oceanguard\/af-oceanguard-790\/#primaryimage"},"thumbnailUrl":"https:\/\/aquaforest.eu\/wp-content\/uploads\/2024\/07\/OceanGuard-7901.jpg","datePublished":"2024-07-01T23:50:30+00:00","dateModified":"2025-03-19T11:54:29+00:00","description":"AF790 Aquarienset mit extrem eisenarmem Glas. Hocheffizientes Filtersystem.","breadcrumb":{"@id":"https:\/\/aquaforest.eu\/de\/produkte\/oceanguard\/af-oceanguard-790\/#breadcrumb"},"inLanguage":"de","potentialAction":[{"@type":"ReadAction","target":["https:\/\/aquaforest.eu\/de\/produkte\/oceanguard\/af-oceanguard-790\/"]}]},{"@type":"ImageObject","inLanguage":"de","@id":"https:\/\/aquaforest.eu\/de\/produkte\/oceanguard\/af-oceanguard-790\/#primaryimage","url":"https:\/\/aquaforest.eu\/wp-content\/uploads\/2024\/07\/OceanGuard-7901.jpg","contentUrl":"https:\/\/aquaforest.eu\/wp-content\/uploads\/2024\/07\/OceanGuard-7901.jpg","width":1322,"height":1322},{"@type":"BreadcrumbList","@id":"https:\/\/aquaforest.eu\/de\/produkte\/oceanguard\/af-oceanguard-790\/#breadcrumb","itemListElement":[{"@type":"ListItem","position":1,"name":"Home","item":"https:\/\/aquaforest.eu\/de\/"},{"@type":"ListItem","position":2,"name":"Produkte","item":"https:\/\/aquaforest.eu\/de\/produkte\/"},{"@type":"ListItem","position":3,"name":"AF OceanGuard 790 Aquarium"}]},{"@type":"WebSite","@id":"https:\/\/aquaforest.eu\/de\/#website","url":"https:\/\/aquaforest.eu\/de\/","name":"Aquaforest","description":"","publisher":{"@id":"https:\/\/aquaforest.eu\/de\/#organization"},"potentialAction":[{"@type":"SearchAction","target":{"@type":"EntryPoint","urlTemplate":"https:\/\/aquaforest.eu\/de\/?s={search_term_string}"},"query-input":{"@type":"PropertyValueSpecification","valueRequired":true,"valueName":"search_term_string"}}],"inLanguage":"de"},{"@type":"Organization","@id":"https:\/\/aquaforest.eu\/de\/#organization","name":"Aquaforest","url":"https:\/\/aquaforest.eu\/de\/","logo":{"@type":"ImageObject","inLanguage":"de","@id":"https:\/\/aquaforest.eu\/de\/#\/schema\/logo\/image\/","url":"https:\/\/aquaforest.eu\/wp-content\/uploads\/2024\/05\/logotyp-aquaforest.svg","contentUrl":"https:\/\/aquaforest.eu\/wp-content\/uploads\/2024\/05\/logotyp-aquaforest.svg","width":170,"height":22,"caption":"Aquaforest"},"image":{"@id":"https:\/\/aquaforest.eu\/de\/#\/schema\/logo\/image\/"},"sameAs":["https:\/\/www.facebook.com\/Aquaforest\/","https:\/\/www.instagram.com\/aquaforest.eu\/"]}]}},"_links":{"self":[{"href":"https:\/\/aquaforest.eu\/de\/wp-json\/wp\/v2\/product\/12374","targetHints":{"allow":["GET"]}}],"collection":[{"href":"https:\/\/aquaforest.eu\/de\/wp-json\/wp\/v2\/product"}],"about":[{"href":"https:\/\/aquaforest.eu\/de\/wp-json\/wp\/v2\/types\/product"}],"version-history":[{"count":4,"href":"https:\/\/aquaforest.eu\/de\/wp-json\/wp\/v2\/product\/12374\/revisions"}],"predecessor-version":[{"id":21913,"href":"https:\/\/aquaforest.eu\/de\/wp-json\/wp\/v2\/product\/12374\/revisions\/21913"}],"wp:featuredmedia":[{"embeddable":true,"href":"https:\/\/aquaforest.eu\/de\/wp-json\/wp\/v2\/media\/15588"}],"wp:attachment":[{"href":"https:\/\/aquaforest.eu\/de\/wp-json\/wp\/v2\/media?parent=12374"}],"wp:term":[{"taxonomy":"product_brand","embeddable":true,"href":"https:\/\/aquaforest.eu\/de\/wp-json\/wp\/v2\/product_brand?post=12374"},{"taxonomy":"product_cat","embeddable":true,"href":"https:\/\/aquaforest.eu\/de\/wp-json\/wp\/v2\/product_cat?post=12374"},{"taxonomy":"product_tag","embeddable":true,"href":"https:\/\/aquaforest.eu\/de\/wp-json\/wp\/v2\/product_tag?post=12374"}],"curies":[{"name":"wp","href":"https:\/\/api.w.org\/{rel}","templated":true}]}}