{"id":17269,"date":"2024-09-01T16:55:45","date_gmt":"2024-09-01T14:55:45","guid":{"rendered":"https:\/\/aquaforest.eu\/products\/unkategorisiert\/component-3-in-1\/"},"modified":"2025-04-24T11:05:29","modified_gmt":"2025-04-24T09:05:29","slug":"component-3-in-1","status":"publish","type":"product","link":"https:\/\/aquaforest.eu\/de\/produkte\/seawater\/wasseraufbereitung\/component-3-in-1\/","title":{"rendered":"Component 3 in 1"},"content":{"rendered":"<p><span style=\"font-weight: 400;\">Komponente 3in1 ist <\/span><b>ein umfassendes Produkt aus Makro- und Mikroelementen,<\/b><span style=\"font-weight: 400;\"> speziell f\u00fcr Meerwasseraquarien, <\/span><b>das auf der Grundlage der Balling-Methode entwickelt wurde.<\/b><span style=\"font-weight: 400;\"> Die Formel enth\u00e4lt hochkonzentriertes Kalzium, Magnesium und KH <\/span><b>in Proportionen, die genau auf die Bed\u00fcrfnisse von Korallen abgestimmt sind.<\/b><span style=\"font-weight: 400;\"> Component 3 in 1 enth\u00e4lt organische Kalziumsalze, so dass es auch als Kohlenstoffquelle in Meerwasseraquarien dient. <\/span><\/p>\n<p><span style=\"font-weight: 400;\">Wichtige Bestandteile, die f\u00fcr die Gesundheit und das Wohlbefinden der Korallen notwendig sind, finden sich in einem perfekt ausgewogenen Verh\u00e4ltnis von Magnesium, Kalzium und KH.<\/span><\/p>\n<p><span style=\"font-weight: 400;\">Komponente 3 in 1 liefert essentielle Makron\u00e4hrstoffe in einer Form, die von Meeresorganismen leicht assimiliert werden kann. <\/span><b>Dar\u00fcber hinaus enth\u00e4lt es essentielle Spurenelemente, die eine Schl\u00fcsselrolle bei Stoffwechselprozessen, Korallenwachstum und der Aufrechterhaltung einer intensiven F\u00e4rbung spielen.<\/b><\/p>\n<p><span style=\"font-weight: 400;\">Dank seiner 3-in-1-Formel,<\/span><b> ist die Dosierung des Produkts sehr schnell und einfach.<\/b><span style=\"font-weight: 400;\"> Und au\u00dferdem, <\/span><b>wird die M\u00f6glichkeit ausgeschlossen, die falschen Proportionen zu w\u00e4hlen.<\/b><\/p>\n<p>Component 3 in 1 ist eine organische Formel, die entwickelt wurde, um das \u00d6kosystem in deinem Riffaquarium zu stabilisieren. Das Produkt dient als Quelle organischen Kohlenstoffs und kann daher als alternative Methode zur Kohlenstoffdosierung verwendet werden \u2013 zur Unterst\u00fctzung des Wachstums n\u00fctzlicher Mikroorganismen. Es kann zudem indirekt zur Reduzierung von N\u00e4hrstoffen (NO3 und PO4) beitragen, weshalb wir empfehlen, diese Parameter regelm\u00e4\u00dfig zu \u00fcberwachen, um die Wasserqualit\u00e4t unter Kontrolle zu behalten.<\/p>\n<p><span style=\"font-weight: 400;\">1 Liter des Produkts enth\u00e4lt 40000 mg (Ca), 1900 mg (Mg), 5800\u00b0 (KH), und Spurenelemente.<\/span><\/p>\n<p>&nbsp;<\/p>\n<hr \/>\n<p>&nbsp;<\/p>\n<p><b>Was ist das Tolle an diesem Produkt?<\/b><\/p>\n<ul>\n<li style=\"font-weight: 400;\" aria-level=\"1\"><span style=\"font-weight: 400;\">Wichtiger Beitrag zum Korallenwachstum<\/span><\/li>\n<li style=\"font-weight: 400;\" aria-level=\"1\"><span style=\"font-weight: 400;\">Verbesserung und Erhaltung der Korallenf\u00e4rbung<\/span><\/li>\n<li style=\"font-weight: 400;\" aria-level=\"1\"><span style=\"font-weight: 400;\">Schnelligkeit und Einfachheit bei der Dosierung des Produkts<\/span><\/li>\n<li style=\"font-weight: 400;\" aria-level=\"1\"><span style=\"font-weight: 400;\">Perfektes Gleichgewicht zwischen allen Makron\u00e4hrstoffen und Spurenelementen<\/span><\/li>\n<\/ul>\n<p>&nbsp;<\/p>\n<hr \/>\n<p>&nbsp;<\/p>\n<p><b>Empfohlene Dosierung: <\/b><span style=\"font-weight: 400;\">5 ml pro 100 l Aquarienwasser pro Tag.<br \/>\nDie Dosierung sollte je nach Bedarf des Aquariums angepasst werden.<br \/>\n\u00dcberwachen Sie den KH-Wert und erh\u00f6hen Sie die Dosis, falls erforderlich.<br \/>\nDie maximale Tagesdosis betr\u00e4gt 25 ml pro 100 Liter. <\/span><\/p>\n<p>&nbsp;<\/p>\n<hr \/>\n<p>&nbsp;<\/p>\n<p><b>Gut zu wissen:<\/b><span style=\"font-weight: 400;\"> Calciumdiformat.<br \/>\nVerursacht schwere Augensch\u00e4den.<br \/>\nWenn Sie \u00e4rztlichen Rat ben\u00f6tigen, halten Sie den Beh\u00e4lter oder das Etikett des Produkts bereit.<br \/>\nBewahren Sie es au\u00dferhalb der Reichweite von Kindern auf.<br \/>\nTragen Sie Schutzhandschuhe und einen Augenschutz. <\/span><b> Wenn in den Augen:<\/b><span style=\"font-weight: 400;\"> sp\u00fclen Sie einige Minuten lang vorsichtig mit Wasser nach.<br \/>\nNehmen Sie die Kontaktlinsen heraus.<br \/>\nSp\u00fclen Sie weiter.<br \/>\nRufen Sie sofort einen Arzt. <\/span><span style=\"font-weight: 400;\">Nur f\u00fcr den Gebrauch im Aquarium. <\/span><\/p>\n","protected":false},"excerpt":{"rendered":"<p data-fontsize=\"22\" data-lineheight=\"27.5px\">Mischung aus Mikro- und Makroelementen in 1 Flasche.<br \/>\nEinfach zu verwenden und platzsparend.<\/p>\n","protected":false},"featured_media":21640,"template":"","meta":{"_acf_changed":false,"content-type":""},"product_brand":[],"product_cat":[1158],"product_tag":[966,1120,1417,1097],"class_list":{"0":"post-17269","1":"product","2":"type-product","3":"status-publish","4":"has-post-thumbnail","6":"product_cat-wasseraufbereitung","7":"product_tag-aquaforest-de","8":"product_tag-meerwasser-aquarien","9":"product_tag-variable-de","10":"product_tag-wasserversorgung","12":"first","13":"instock","14":"taxable","15":"shipping-taxable","16":"purchasable","17":"product-type-variable","18":"has-default-attributes"},"acf":[],"yoast_head":"<!-- This site is optimized with the Yoast SEO plugin v27.1.1 - https:\/\/yoast.com\/product\/yoast-seo-wordpress\/ -->\n<title>Component 3 in 1 - Aquaforest<\/title>\n<meta name=\"description\" content=\"Component 3in1 ist ein umfassendes Produkt aus Makro- und Mikroelementen, das speziell f\u00fcr Meerwasseraquarien entwickelt wurde und auf der Balling-Methode basiert.\" \/>\n<meta name=\"robots\" content=\"index, follow, max-snippet:-1, max-image-preview:large, max-video-preview:-1\" \/>\n<link rel=\"canonical\" href=\"https:\/\/aquaforest.eu\/de\/produkte\/seawater\/wasseraufbereitung\/component-3-in-1\/\" \/>\n<meta property=\"og:locale\" content=\"de_DE\" \/>\n<meta property=\"og:type\" content=\"article\" \/>\n<meta property=\"og:title\" content=\"Component 3 in 1 - Aquaforest\" \/>\n<meta property=\"og:description\" content=\"Component 3in1 ist ein umfassendes Produkt aus Makro- und Mikroelementen, das speziell f\u00fcr Meerwasseraquarien entwickelt wurde und auf der Balling-Methode basiert.\" \/>\n<meta property=\"og:url\" content=\"https:\/\/aquaforest.eu\/de\/produkte\/seawater\/wasseraufbereitung\/component-3-in-1\/\" \/>\n<meta property=\"og:site_name\" content=\"Aquaforest\" \/>\n<meta property=\"article:publisher\" content=\"https:\/\/www.facebook.com\/Aquaforest\/\" \/>\n<meta property=\"article:modified_time\" content=\"2025-04-24T09:05:29+00:00\" \/>\n<meta property=\"og:image\" content=\"https:\/\/aquaforest.eu\/wp-content\/uploads\/2024\/09\/component-3in1-1-1.png\" \/>\n\t<meta property=\"og:image:width\" content=\"1800\" \/>\n\t<meta property=\"og:image:height\" content=\"1800\" \/>\n\t<meta property=\"og:image:type\" content=\"image\/png\" \/>\n<meta name=\"twitter:card\" content=\"summary_large_image\" \/>\n<meta name=\"twitter:label1\" content=\"Gesch\u00e4tzte Lesezeit\" \/>\n\t<meta name=\"twitter:data1\" content=\"2\u00a0Minuten\" \/>\n<script type=\"application\/ld+json\" class=\"yoast-schema-graph\">{\"@context\":\"https:\/\/schema.org\",\"@graph\":[{\"@type\":\"WebPage\",\"@id\":\"https:\/\/aquaforest.eu\/de\/produkte\/seawater\/wasseraufbereitung\/component-3-in-1\/\",\"url\":\"https:\/\/aquaforest.eu\/de\/produkte\/seawater\/wasseraufbereitung\/component-3-in-1\/\",\"name\":\"Component 3 in 1 - Aquaforest\",\"isPartOf\":{\"@id\":\"https:\/\/aquaforest.eu\/de\/#website\"},\"primaryImageOfPage\":{\"@id\":\"https:\/\/aquaforest.eu\/de\/produkte\/seawater\/wasseraufbereitung\/component-3-in-1\/#primaryimage\"},\"image\":{\"@id\":\"https:\/\/aquaforest.eu\/de\/produkte\/seawater\/wasseraufbereitung\/component-3-in-1\/#primaryimage\"},\"thumbnailUrl\":\"https:\/\/aquaforest.eu\/wp-content\/uploads\/2024\/09\/component-3in1-1-1.png\",\"datePublished\":\"2024-09-01T14:55:45+00:00\",\"dateModified\":\"2025-04-24T09:05:29+00:00\",\"description\":\"Component 3in1 ist ein umfassendes Produkt aus Makro- und Mikroelementen, das speziell f\u00fcr Meerwasseraquarien entwickelt wurde und auf der Balling-Methode basiert.\",\"breadcrumb\":{\"@id\":\"https:\/\/aquaforest.eu\/de\/produkte\/seawater\/wasseraufbereitung\/component-3-in-1\/#breadcrumb\"},\"inLanguage\":\"de\",\"potentialAction\":[{\"@type\":\"ReadAction\",\"target\":[\"https:\/\/aquaforest.eu\/de\/produkte\/seawater\/wasseraufbereitung\/component-3-in-1\/\"]}]},{\"@type\":\"ImageObject\",\"inLanguage\":\"de\",\"@id\":\"https:\/\/aquaforest.eu\/de\/produkte\/seawater\/wasseraufbereitung\/component-3-in-1\/#primaryimage\",\"url\":\"https:\/\/aquaforest.eu\/wp-content\/uploads\/2024\/09\/component-3in1-1-1.png\",\"contentUrl\":\"https:\/\/aquaforest.eu\/wp-content\/uploads\/2024\/09\/component-3in1-1-1.png\",\"width\":1800,\"height\":1800},{\"@type\":\"BreadcrumbList\",\"@id\":\"https:\/\/aquaforest.eu\/de\/produkte\/seawater\/wasseraufbereitung\/component-3-in-1\/#breadcrumb\",\"itemListElement\":[{\"@type\":\"ListItem\",\"position\":1,\"name\":\"Home\",\"item\":\"https:\/\/aquaforest.eu\/de\/\"},{\"@type\":\"ListItem\",\"position\":2,\"name\":\"Produkte\",\"item\":\"https:\/\/aquaforest.eu\/de\/produkte\/\"},{\"@type\":\"ListItem\",\"position\":3,\"name\":\"Component 3 in 1\"}]},{\"@type\":\"WebSite\",\"@id\":\"https:\/\/aquaforest.eu\/de\/#website\",\"url\":\"https:\/\/aquaforest.eu\/de\/\",\"name\":\"Aquaforest\",\"description\":\"\",\"publisher\":{\"@id\":\"https:\/\/aquaforest.eu\/de\/#organization\"},\"potentialAction\":[{\"@type\":\"SearchAction\",\"target\":{\"@type\":\"EntryPoint\",\"urlTemplate\":\"https:\/\/aquaforest.eu\/de\/?s={search_term_string}\"},\"query-input\":{\"@type\":\"PropertyValueSpecification\",\"valueRequired\":true,\"valueName\":\"search_term_string\"}}],\"inLanguage\":\"de\"},{\"@type\":\"Organization\",\"@id\":\"https:\/\/aquaforest.eu\/de\/#organization\",\"name\":\"Aquaforest\",\"url\":\"https:\/\/aquaforest.eu\/de\/\",\"logo\":{\"@type\":\"ImageObject\",\"inLanguage\":\"de\",\"@id\":\"https:\/\/aquaforest.eu\/de\/#\/schema\/logo\/image\/\",\"url\":\"https:\/\/aquaforest.eu\/wp-content\/uploads\/2024\/05\/logotyp-aquaforest.svg\",\"contentUrl\":\"https:\/\/aquaforest.eu\/wp-content\/uploads\/2024\/05\/logotyp-aquaforest.svg\",\"width\":170,\"height\":22,\"caption\":\"Aquaforest\"},\"image\":{\"@id\":\"https:\/\/aquaforest.eu\/de\/#\/schema\/logo\/image\/\"},\"sameAs\":[\"https:\/\/www.facebook.com\/Aquaforest\/\",\"https:\/\/www.instagram.com\/aquaforest.eu\/\"]}]}<\/script>\n<!-- \/ Yoast SEO plugin. -->","yoast_head_json":{"title":"Component 3 in 1 - Aquaforest","description":"Component 3in1 ist ein umfassendes Produkt aus Makro- und Mikroelementen, das speziell f\u00fcr Meerwasseraquarien entwickelt wurde und auf der Balling-Methode basiert.","robots":{"index":"index","follow":"follow","max-snippet":"max-snippet:-1","max-image-preview":"max-image-preview:large","max-video-preview":"max-video-preview:-1"},"canonical":"https:\/\/aquaforest.eu\/de\/produkte\/seawater\/wasseraufbereitung\/component-3-in-1\/","og_locale":"de_DE","og_type":"article","og_title":"Component 3 in 1 - Aquaforest","og_description":"Component 3in1 ist ein umfassendes Produkt aus Makro- und Mikroelementen, das speziell f\u00fcr Meerwasseraquarien entwickelt wurde und auf der Balling-Methode basiert.","og_url":"https:\/\/aquaforest.eu\/de\/produkte\/seawater\/wasseraufbereitung\/component-3-in-1\/","og_site_name":"Aquaforest","article_publisher":"https:\/\/www.facebook.com\/Aquaforest\/","article_modified_time":"2025-04-24T09:05:29+00:00","og_image":[{"width":1800,"height":1800,"url":"https:\/\/aquaforest.eu\/wp-content\/uploads\/2024\/09\/component-3in1-1-1.png","type":"image\/png"}],"twitter_card":"summary_large_image","twitter_misc":{"Gesch\u00e4tzte Lesezeit":"2\u00a0Minuten"},"schema":{"@context":"https:\/\/schema.org","@graph":[{"@type":"WebPage","@id":"https:\/\/aquaforest.eu\/de\/produkte\/seawater\/wasseraufbereitung\/component-3-in-1\/","url":"https:\/\/aquaforest.eu\/de\/produkte\/seawater\/wasseraufbereitung\/component-3-in-1\/","name":"Component 3 in 1 - Aquaforest","isPartOf":{"@id":"https:\/\/aquaforest.eu\/de\/#website"},"primaryImageOfPage":{"@id":"https:\/\/aquaforest.eu\/de\/produkte\/seawater\/wasseraufbereitung\/component-3-in-1\/#primaryimage"},"image":{"@id":"https:\/\/aquaforest.eu\/de\/produkte\/seawater\/wasseraufbereitung\/component-3-in-1\/#primaryimage"},"thumbnailUrl":"https:\/\/aquaforest.eu\/wp-content\/uploads\/2024\/09\/component-3in1-1-1.png","datePublished":"2024-09-01T14:55:45+00:00","dateModified":"2025-04-24T09:05:29+00:00","description":"Component 3in1 ist ein umfassendes Produkt aus Makro- und Mikroelementen, das speziell f\u00fcr Meerwasseraquarien entwickelt wurde und auf der Balling-Methode basiert.","breadcrumb":{"@id":"https:\/\/aquaforest.eu\/de\/produkte\/seawater\/wasseraufbereitung\/component-3-in-1\/#breadcrumb"},"inLanguage":"de","potentialAction":[{"@type":"ReadAction","target":["https:\/\/aquaforest.eu\/de\/produkte\/seawater\/wasseraufbereitung\/component-3-in-1\/"]}]},{"@type":"ImageObject","inLanguage":"de","@id":"https:\/\/aquaforest.eu\/de\/produkte\/seawater\/wasseraufbereitung\/component-3-in-1\/#primaryimage","url":"https:\/\/aquaforest.eu\/wp-content\/uploads\/2024\/09\/component-3in1-1-1.png","contentUrl":"https:\/\/aquaforest.eu\/wp-content\/uploads\/2024\/09\/component-3in1-1-1.png","width":1800,"height":1800},{"@type":"BreadcrumbList","@id":"https:\/\/aquaforest.eu\/de\/produkte\/seawater\/wasseraufbereitung\/component-3-in-1\/#breadcrumb","itemListElement":[{"@type":"ListItem","position":1,"name":"Home","item":"https:\/\/aquaforest.eu\/de\/"},{"@type":"ListItem","position":2,"name":"Produkte","item":"https:\/\/aquaforest.eu\/de\/produkte\/"},{"@type":"ListItem","position":3,"name":"Component 3 in 1"}]},{"@type":"WebSite","@id":"https:\/\/aquaforest.eu\/de\/#website","url":"https:\/\/aquaforest.eu\/de\/","name":"Aquaforest","description":"","publisher":{"@id":"https:\/\/aquaforest.eu\/de\/#organization"},"potentialAction":[{"@type":"SearchAction","target":{"@type":"EntryPoint","urlTemplate":"https:\/\/aquaforest.eu\/de\/?s={search_term_string}"},"query-input":{"@type":"PropertyValueSpecification","valueRequired":true,"valueName":"search_term_string"}}],"inLanguage":"de"},{"@type":"Organization","@id":"https:\/\/aquaforest.eu\/de\/#organization","name":"Aquaforest","url":"https:\/\/aquaforest.eu\/de\/","logo":{"@type":"ImageObject","inLanguage":"de","@id":"https:\/\/aquaforest.eu\/de\/#\/schema\/logo\/image\/","url":"https:\/\/aquaforest.eu\/wp-content\/uploads\/2024\/05\/logotyp-aquaforest.svg","contentUrl":"https:\/\/aquaforest.eu\/wp-content\/uploads\/2024\/05\/logotyp-aquaforest.svg","width":170,"height":22,"caption":"Aquaforest"},"image":{"@id":"https:\/\/aquaforest.eu\/de\/#\/schema\/logo\/image\/"},"sameAs":["https:\/\/www.facebook.com\/Aquaforest\/","https:\/\/www.instagram.com\/aquaforest.eu\/"]}]}},"_links":{"self":[{"href":"https:\/\/aquaforest.eu\/de\/wp-json\/wp\/v2\/product\/17269","targetHints":{"allow":["GET"]}}],"collection":[{"href":"https:\/\/aquaforest.eu\/de\/wp-json\/wp\/v2\/product"}],"about":[{"href":"https:\/\/aquaforest.eu\/de\/wp-json\/wp\/v2\/types\/product"}],"version-history":[{"count":1,"href":"https:\/\/aquaforest.eu\/de\/wp-json\/wp\/v2\/product\/17269\/revisions"}],"predecessor-version":[{"id":22282,"href":"https:\/\/aquaforest.eu\/de\/wp-json\/wp\/v2\/product\/17269\/revisions\/22282"}],"wp:featuredmedia":[{"embeddable":true,"href":"https:\/\/aquaforest.eu\/de\/wp-json\/wp\/v2\/media\/21640"}],"wp:attachment":[{"href":"https:\/\/aquaforest.eu\/de\/wp-json\/wp\/v2\/media?parent=17269"}],"wp:term":[{"taxonomy":"product_brand","embeddable":true,"href":"https:\/\/aquaforest.eu\/de\/wp-json\/wp\/v2\/product_brand?post=17269"},{"taxonomy":"product_cat","embeddable":true,"href":"https:\/\/aquaforest.eu\/de\/wp-json\/wp\/v2\/product_cat?post=17269"},{"taxonomy":"product_tag","embeddable":true,"href":"https:\/\/aquaforest.eu\/de\/wp-json\/wp\/v2\/product_tag?post=17269"}],"curies":[{"name":"wp","href":"https:\/\/api.w.org\/{rel}","templated":true}]}}