{"id":20720,"date":"2025-01-30T11:50:35","date_gmt":"2025-01-30T10:50:35","guid":{"rendered":"https:\/\/aquaforest.eu\/?post_type=product&#038;p=20720"},"modified":"2025-01-30T11:53:26","modified_gmt":"2025-01-30T10:53:26","slug":"kalkmedia","status":"publish","type":"product","link":"https:\/\/aquaforest.eu\/de\/produkte\/seawater\/wasseraufbereitung\/kalkmedia\/","title":{"rendered":"KalkMedia"},"content":{"rendered":"<p><b>KalkMedia \u2013 Hochwertiges Calcium-Reaktormedium f\u00fcr Meerwasseraquarien<\/b><\/p>\n<p><span style=\"font-weight: 400;\">KalkMedia ist ein Premium-Qualit\u00e4tsmedium f\u00fcr Calciumreaktoren, das speziell f\u00fcr Meerwasseraquarien entwickelt wurde. Dank der sorgf\u00e4ltig ausgew\u00e4hlten K\u00f6rnung von 5-12 mm gew\u00e4hrleistet KalkMedia eine effiziente Versorgung mit Calcium und Karbonaten, verhindert Verstopfungen im Reaktor und sorgt f\u00fcr eine langanhaltende, stabile Leistung der Technik. Dieses Produkt unterst\u00fctzt das gesunde Wachstum von Korallen und anderen Meeresorganismen, indem es optimale Calciumwerte, Wasserh\u00e4rte und Alkalinit\u00e4t aufrechterh\u00e4lt.<\/span><\/p>\n<p>&nbsp;<\/p>\n<hr \/>\n<h3><\/h3>\n<h3><b>Gebrauchsfertige Formel<\/b><\/h3>\n<p><span style=\"font-weight: 400;\">KalkMedia ist sofort einsatzbereit und enth\u00e4lt nicht nur Calcium und Karbonate, sondern auch essenzielle Spurenelemente, die f\u00fcr eine gesunde Aquarienumgebung notwendig sind.<\/span><\/p>\n<p>&nbsp;<\/p>\n<hr \/>\n<p>&nbsp;<\/p>\n<p><b>Was macht KalkMedia einzigartig?<\/b><\/p>\n<p><b>Reich an Spurenelementen<\/b><span style=\"font-weight: 400;\"> \u2013 Neben Calcium und Karbonaten liefert KalkMedia lebenswichtige Mikroelemente, die das Wachstum und die Gesundheit von Korallen f\u00f6rdern.<\/span><\/p>\n<p><b>Stabilisierung der Wasserwerte<\/b><span style=\"font-weight: 400;\"> \u2013 Die regelm\u00e4\u00dfige Anwendung tr\u00e4gt zur Aufrechterhaltung optimaler pH-Werte und Wasserh\u00e4rte bei und schafft so ideale Bedingungen f\u00fcr Meerestiere.<\/span><\/p>\n<p><b>5-12 mm K\u00f6rnung<\/b><span style=\"font-weight: 400;\"> \u2013 Gew\u00e4hrleistet einen reibungslosen Wasserfluss und verhindert Verstopfungen des Reaktors, selbst bei intensiver Systemnutzung.<\/span><\/p>\n<p>&nbsp;<\/p>\n<hr \/>\n<p>&nbsp;<\/p>\n<p><b>Anwendung:<\/b><\/p>\n<ol>\n<li style=\"font-weight: 400;\" aria-level=\"1\"><span style=\"font-weight: 400;\">Sp\u00fclen Sie das Medium vor der Verwendung mit RO-Wasser.<\/span><\/li>\n<li style=\"font-weight: 400;\" aria-level=\"1\"><span style=\"font-weight: 400;\">F\u00fcllen Sie Ihren Calciumreaktor gem\u00e4\u00df den Anweisungen des Herstellers mit KalkMedia.<\/span><\/li>\n<li style=\"font-weight: 400;\" aria-level=\"1\"><span style=\"font-weight: 400;\">Schlie\u00dfen Sie den Calciumreaktor an und stellen Sie sicher, dass alle Schl\u00e4uche richtig installiert und gesichert sind.<\/span><\/li>\n<li style=\"font-weight: 400;\" aria-level=\"1\"><span style=\"font-weight: 400;\">\u00dcberwachen Sie den CO\u2082-Gehalt, um eine ordnungsgem\u00e4\u00dfe Calciumaufl\u00f6sung und eine stabile Wasserchemie sicherzustellen.<\/span><\/li>\n<li style=\"font-weight: 400;\" aria-level=\"1\"><span style=\"font-weight: 400;\">Halten Sie den pH-Wert des Reaktors zwischen 6,2 und 6,5, um eine effektive Freisetzung von Calcium und Karbonaten zu gew\u00e4hrleisten.<\/span><\/li>\n<\/ol>\n<p>&nbsp;<\/p>\n<hr \/>\n<h3><\/h3>\n<h3><b>Warum Aquaforest KalkMedia w\u00e4hlen?<\/b><\/h3>\n<p><span style=\"font-weight: 400;\">KalkMedia wurde f\u00fcr die anspruchsvollsten Meerwasseraquarianer entwickelt. Dank sorgf\u00e4ltig ausgew\u00e4hlter Rohstoffe und pr\u00e4ziser K\u00f6rnung garantiert es eine optimale Leistung in jedem Calciumreaktor. Es ist eine zuverl\u00e4ssige L\u00f6sung, um das gesunde und stabile Wachstum von Korallen und anderen Meeresorganismen in Ihrem Aquarium zu gew\u00e4hrleisten.<\/span><\/p>\n<p><b>Nur f\u00fcr den Einsatz in Aquarien. Au\u00dferhalb der Reichweite von Kindern aufbewahren.<\/b><\/p>\n","protected":false},"excerpt":{"rendered":"<p><span style=\"font-weight: 400;\">KalkMedia ist ein Premium-Qualit\u00e4tsmedium f\u00fcr Calciumreaktoren, das speziell f\u00fcr Meerwasseraquarien entwickelt wurde.<\/span><\/p>\n","protected":false},"featured_media":21630,"template":"","meta":{"_acf_changed":false,"content-type":""},"product_brand":[],"product_cat":[1158],"product_tag":[1120,1633,1097],"class_list":{"0":"post-20720","1":"product","2":"type-product","3":"status-publish","4":"has-post-thumbnail","6":"product_cat-wasseraufbereitung","7":"product_tag-meerwasser-aquarien","8":"product_tag-simple-de","9":"product_tag-wasserversorgung","11":"first","12":"instock","13":"taxable","14":"shipping-taxable","15":"purchasable","16":"product-type-simple"},"acf":[],"yoast_head":"<!-- This site is optimized with the Yoast SEO plugin v27.1.1 - https:\/\/yoast.com\/product\/yoast-seo-wordpress\/ -->\n<title>KalkMedia - Aquaforest<\/title>\n<meta name=\"robots\" content=\"index, follow, max-snippet:-1, max-image-preview:large, max-video-preview:-1\" \/>\n<link rel=\"canonical\" href=\"https:\/\/aquaforest.eu\/de\/produkte\/seawater\/wasseraufbereitung\/kalkmedia\/\" \/>\n<meta property=\"og:locale\" content=\"de_DE\" \/>\n<meta property=\"og:type\" content=\"article\" \/>\n<meta property=\"og:title\" content=\"KalkMedia - Aquaforest\" \/>\n<meta property=\"og:description\" content=\"KalkMedia ist ein Premium-Qualit\u00e4tsmedium f\u00fcr Calciumreaktoren, das speziell f\u00fcr Meerwasseraquarien entwickelt wurde.\" \/>\n<meta property=\"og:url\" content=\"https:\/\/aquaforest.eu\/de\/produkte\/seawater\/wasseraufbereitung\/kalkmedia\/\" \/>\n<meta property=\"og:site_name\" content=\"Aquaforest\" \/>\n<meta property=\"article:publisher\" content=\"https:\/\/www.facebook.com\/Aquaforest\/\" \/>\n<meta property=\"article:modified_time\" content=\"2025-01-30T10:53:26+00:00\" \/>\n<meta property=\"og:image\" content=\"https:\/\/aquaforest.eu\/wp-content\/uploads\/2025\/01\/KalkMedia-1.png\" \/>\n\t<meta property=\"og:image:width\" content=\"1800\" \/>\n\t<meta property=\"og:image:height\" content=\"1800\" \/>\n\t<meta property=\"og:image:type\" content=\"image\/png\" \/>\n<meta name=\"twitter:card\" content=\"summary_large_image\" \/>\n<meta name=\"twitter:label1\" content=\"Gesch\u00e4tzte Lesezeit\" \/>\n\t<meta name=\"twitter:data1\" content=\"2\u00a0Minuten\" \/>\n<script type=\"application\/ld+json\" class=\"yoast-schema-graph\">{\"@context\":\"https:\/\/schema.org\",\"@graph\":[{\"@type\":\"WebPage\",\"@id\":\"https:\/\/aquaforest.eu\/de\/produkte\/seawater\/wasseraufbereitung\/kalkmedia\/\",\"url\":\"https:\/\/aquaforest.eu\/de\/produkte\/seawater\/wasseraufbereitung\/kalkmedia\/\",\"name\":\"KalkMedia - Aquaforest\",\"isPartOf\":{\"@id\":\"https:\/\/aquaforest.eu\/de\/#website\"},\"primaryImageOfPage\":{\"@id\":\"https:\/\/aquaforest.eu\/de\/produkte\/seawater\/wasseraufbereitung\/kalkmedia\/#primaryimage\"},\"image\":{\"@id\":\"https:\/\/aquaforest.eu\/de\/produkte\/seawater\/wasseraufbereitung\/kalkmedia\/#primaryimage\"},\"thumbnailUrl\":\"https:\/\/aquaforest.eu\/wp-content\/uploads\/2025\/01\/KalkMedia-1.png\",\"datePublished\":\"2025-01-30T10:50:35+00:00\",\"dateModified\":\"2025-01-30T10:53:26+00:00\",\"breadcrumb\":{\"@id\":\"https:\/\/aquaforest.eu\/de\/produkte\/seawater\/wasseraufbereitung\/kalkmedia\/#breadcrumb\"},\"inLanguage\":\"de\",\"potentialAction\":[{\"@type\":\"ReadAction\",\"target\":[\"https:\/\/aquaforest.eu\/de\/produkte\/seawater\/wasseraufbereitung\/kalkmedia\/\"]}]},{\"@type\":\"ImageObject\",\"inLanguage\":\"de\",\"@id\":\"https:\/\/aquaforest.eu\/de\/produkte\/seawater\/wasseraufbereitung\/kalkmedia\/#primaryimage\",\"url\":\"https:\/\/aquaforest.eu\/wp-content\/uploads\/2025\/01\/KalkMedia-1.png\",\"contentUrl\":\"https:\/\/aquaforest.eu\/wp-content\/uploads\/2025\/01\/KalkMedia-1.png\",\"width\":1800,\"height\":1800},{\"@type\":\"BreadcrumbList\",\"@id\":\"https:\/\/aquaforest.eu\/de\/produkte\/seawater\/wasseraufbereitung\/kalkmedia\/#breadcrumb\",\"itemListElement\":[{\"@type\":\"ListItem\",\"position\":1,\"name\":\"Home\",\"item\":\"https:\/\/aquaforest.eu\/de\/\"},{\"@type\":\"ListItem\",\"position\":2,\"name\":\"Produkte\",\"item\":\"https:\/\/aquaforest.eu\/de\/produkte\/\"},{\"@type\":\"ListItem\",\"position\":3,\"name\":\"KalkMedia\"}]},{\"@type\":\"WebSite\",\"@id\":\"https:\/\/aquaforest.eu\/de\/#website\",\"url\":\"https:\/\/aquaforest.eu\/de\/\",\"name\":\"Aquaforest\",\"description\":\"\",\"publisher\":{\"@id\":\"https:\/\/aquaforest.eu\/de\/#organization\"},\"potentialAction\":[{\"@type\":\"SearchAction\",\"target\":{\"@type\":\"EntryPoint\",\"urlTemplate\":\"https:\/\/aquaforest.eu\/de\/?s={search_term_string}\"},\"query-input\":{\"@type\":\"PropertyValueSpecification\",\"valueRequired\":true,\"valueName\":\"search_term_string\"}}],\"inLanguage\":\"de\"},{\"@type\":\"Organization\",\"@id\":\"https:\/\/aquaforest.eu\/de\/#organization\",\"name\":\"Aquaforest\",\"url\":\"https:\/\/aquaforest.eu\/de\/\",\"logo\":{\"@type\":\"ImageObject\",\"inLanguage\":\"de\",\"@id\":\"https:\/\/aquaforest.eu\/de\/#\/schema\/logo\/image\/\",\"url\":\"https:\/\/aquaforest.eu\/wp-content\/uploads\/2024\/05\/logotyp-aquaforest.svg\",\"contentUrl\":\"https:\/\/aquaforest.eu\/wp-content\/uploads\/2024\/05\/logotyp-aquaforest.svg\",\"width\":170,\"height\":22,\"caption\":\"Aquaforest\"},\"image\":{\"@id\":\"https:\/\/aquaforest.eu\/de\/#\/schema\/logo\/image\/\"},\"sameAs\":[\"https:\/\/www.facebook.com\/Aquaforest\/\",\"https:\/\/www.instagram.com\/aquaforest.eu\/\"]}]}<\/script>\n<!-- \/ Yoast SEO plugin. -->","yoast_head_json":{"title":"KalkMedia - Aquaforest","robots":{"index":"index","follow":"follow","max-snippet":"max-snippet:-1","max-image-preview":"max-image-preview:large","max-video-preview":"max-video-preview:-1"},"canonical":"https:\/\/aquaforest.eu\/de\/produkte\/seawater\/wasseraufbereitung\/kalkmedia\/","og_locale":"de_DE","og_type":"article","og_title":"KalkMedia - Aquaforest","og_description":"KalkMedia ist ein Premium-Qualit\u00e4tsmedium f\u00fcr Calciumreaktoren, das speziell f\u00fcr Meerwasseraquarien entwickelt wurde.","og_url":"https:\/\/aquaforest.eu\/de\/produkte\/seawater\/wasseraufbereitung\/kalkmedia\/","og_site_name":"Aquaforest","article_publisher":"https:\/\/www.facebook.com\/Aquaforest\/","article_modified_time":"2025-01-30T10:53:26+00:00","og_image":[{"width":1800,"height":1800,"url":"https:\/\/aquaforest.eu\/wp-content\/uploads\/2025\/01\/KalkMedia-1.png","type":"image\/png"}],"twitter_card":"summary_large_image","twitter_misc":{"Gesch\u00e4tzte Lesezeit":"2\u00a0Minuten"},"schema":{"@context":"https:\/\/schema.org","@graph":[{"@type":"WebPage","@id":"https:\/\/aquaforest.eu\/de\/produkte\/seawater\/wasseraufbereitung\/kalkmedia\/","url":"https:\/\/aquaforest.eu\/de\/produkte\/seawater\/wasseraufbereitung\/kalkmedia\/","name":"KalkMedia - Aquaforest","isPartOf":{"@id":"https:\/\/aquaforest.eu\/de\/#website"},"primaryImageOfPage":{"@id":"https:\/\/aquaforest.eu\/de\/produkte\/seawater\/wasseraufbereitung\/kalkmedia\/#primaryimage"},"image":{"@id":"https:\/\/aquaforest.eu\/de\/produkte\/seawater\/wasseraufbereitung\/kalkmedia\/#primaryimage"},"thumbnailUrl":"https:\/\/aquaforest.eu\/wp-content\/uploads\/2025\/01\/KalkMedia-1.png","datePublished":"2025-01-30T10:50:35+00:00","dateModified":"2025-01-30T10:53:26+00:00","breadcrumb":{"@id":"https:\/\/aquaforest.eu\/de\/produkte\/seawater\/wasseraufbereitung\/kalkmedia\/#breadcrumb"},"inLanguage":"de","potentialAction":[{"@type":"ReadAction","target":["https:\/\/aquaforest.eu\/de\/produkte\/seawater\/wasseraufbereitung\/kalkmedia\/"]}]},{"@type":"ImageObject","inLanguage":"de","@id":"https:\/\/aquaforest.eu\/de\/produkte\/seawater\/wasseraufbereitung\/kalkmedia\/#primaryimage","url":"https:\/\/aquaforest.eu\/wp-content\/uploads\/2025\/01\/KalkMedia-1.png","contentUrl":"https:\/\/aquaforest.eu\/wp-content\/uploads\/2025\/01\/KalkMedia-1.png","width":1800,"height":1800},{"@type":"BreadcrumbList","@id":"https:\/\/aquaforest.eu\/de\/produkte\/seawater\/wasseraufbereitung\/kalkmedia\/#breadcrumb","itemListElement":[{"@type":"ListItem","position":1,"name":"Home","item":"https:\/\/aquaforest.eu\/de\/"},{"@type":"ListItem","position":2,"name":"Produkte","item":"https:\/\/aquaforest.eu\/de\/produkte\/"},{"@type":"ListItem","position":3,"name":"KalkMedia"}]},{"@type":"WebSite","@id":"https:\/\/aquaforest.eu\/de\/#website","url":"https:\/\/aquaforest.eu\/de\/","name":"Aquaforest","description":"","publisher":{"@id":"https:\/\/aquaforest.eu\/de\/#organization"},"potentialAction":[{"@type":"SearchAction","target":{"@type":"EntryPoint","urlTemplate":"https:\/\/aquaforest.eu\/de\/?s={search_term_string}"},"query-input":{"@type":"PropertyValueSpecification","valueRequired":true,"valueName":"search_term_string"}}],"inLanguage":"de"},{"@type":"Organization","@id":"https:\/\/aquaforest.eu\/de\/#organization","name":"Aquaforest","url":"https:\/\/aquaforest.eu\/de\/","logo":{"@type":"ImageObject","inLanguage":"de","@id":"https:\/\/aquaforest.eu\/de\/#\/schema\/logo\/image\/","url":"https:\/\/aquaforest.eu\/wp-content\/uploads\/2024\/05\/logotyp-aquaforest.svg","contentUrl":"https:\/\/aquaforest.eu\/wp-content\/uploads\/2024\/05\/logotyp-aquaforest.svg","width":170,"height":22,"caption":"Aquaforest"},"image":{"@id":"https:\/\/aquaforest.eu\/de\/#\/schema\/logo\/image\/"},"sameAs":["https:\/\/www.facebook.com\/Aquaforest\/","https:\/\/www.instagram.com\/aquaforest.eu\/"]}]}},"_links":{"self":[{"href":"https:\/\/aquaforest.eu\/de\/wp-json\/wp\/v2\/product\/20720","targetHints":{"allow":["GET"]}}],"collection":[{"href":"https:\/\/aquaforest.eu\/de\/wp-json\/wp\/v2\/product"}],"about":[{"href":"https:\/\/aquaforest.eu\/de\/wp-json\/wp\/v2\/types\/product"}],"version-history":[{"count":1,"href":"https:\/\/aquaforest.eu\/de\/wp-json\/wp\/v2\/product\/20720\/revisions"}],"predecessor-version":[{"id":20721,"href":"https:\/\/aquaforest.eu\/de\/wp-json\/wp\/v2\/product\/20720\/revisions\/20721"}],"wp:featuredmedia":[{"embeddable":true,"href":"https:\/\/aquaforest.eu\/de\/wp-json\/wp\/v2\/media\/21630"}],"wp:attachment":[{"href":"https:\/\/aquaforest.eu\/de\/wp-json\/wp\/v2\/media?parent=20720"}],"wp:term":[{"taxonomy":"product_brand","embeddable":true,"href":"https:\/\/aquaforest.eu\/de\/wp-json\/wp\/v2\/product_brand?post=20720"},{"taxonomy":"product_cat","embeddable":true,"href":"https:\/\/aquaforest.eu\/de\/wp-json\/wp\/v2\/product_cat?post=20720"},{"taxonomy":"product_tag","embeddable":true,"href":"https:\/\/aquaforest.eu\/de\/wp-json\/wp\/v2\/product_tag?post=20720"}],"curies":[{"name":"wp","href":"https:\/\/api.w.org\/{rel}","templated":true}]}}