{"id":20835,"date":"2025-02-04T09:38:53","date_gmt":"2025-02-04T08:38:53","guid":{"rendered":"https:\/\/aquaforest.eu\/?post_type=product&#038;p=20835"},"modified":"2025-02-04T10:13:53","modified_gmt":"2025-02-04T09:13:53","slug":"aiptasia-shot-3","status":"publish","type":"product","link":"https:\/\/aquaforest.eu\/de\/produkte\/seawater\/wasseraufbereitung\/aiptasia-shot-3\/","title":{"rendered":"Aiptasia Shot"},"content":{"rendered":"<h1><span style=\"color: #000000;\">Aiptasia Shot Produkt zur Bek\u00e4mpfung von Aiptasia in Meerwasseraquarien<\/span><\/h1>\n<p><span style=\"color: #000000;\">Aiptasia Shot ist ein Produkt, das wir speziell entwickelt haben, um die Population von l\u00e4stigen Anemonen der Gattungen Aiptasia und Manjano zu kontrollieren. Diese Anemonen sind daf\u00fcr bekannt, dass sie sich schnell ausbreiten, und ihre mechanische Entfernung ist \u00e4u\u00dferst schwierig. Sie stellen eine Bedrohung f\u00fcr empfindliche Korallen und andere sensible Meeresorganismen dar. Es ist wichtig, schnell zu handeln, bevor die Anemonenpopulation au\u00dfer Kontrolle ger\u00e4t. <\/span><\/p>\n<p><span style=\"color: #000000;\">Die fortschrittliche Formel des Produkts erm\u00f6glicht eine schnelle, einfache und effektive Beseitigung dieser unerw\u00fcnschten G\u00e4ste. Dieses Produkt wirkt innerhalb von Minuten nach der Anwendung, ohne die Wasserparameter oder die Qualit\u00e4t des Aquariums zu beeintr\u00e4chtigen. <\/span><\/p>\n<p><span style=\"color: #000000;\">Mit Aiptasia Shot k\u00f6nnen Sie schnell und effektiv das Gleichgewicht in Ihrem Meerwasseraquarium wiederherstellen, indem Sie l\u00e4stige Anemonen beseitigen und Ihre wertvollen Korallen sch\u00fctzen.<\/span><\/p>\n<p><span style=\"color: #000000;\">Nach der Behandlung sind zus\u00e4tzliche Schritte wie Wasserwechsel oder Filterung zur Entfernung von Anemonenresten nicht notwendig. <\/span><\/p>\n<p><span style=\"color: #000000;\">Schaffen Sie ein sch\u00f6nes, gesundes Aquarium und bewundern Sie es jeden Tag mit den Produkten von Aquaforest!<\/span><\/p>\n<p>&nbsp;<\/p>\n<hr \/>\n<p>&nbsp;<\/p>\n<h3><span style=\"color: #000000;\"><strong>Was macht den Aiptasia Shot einzigartig?<\/strong><\/span><\/h3>\n<ul>\n<li><span style=\"color: #000000;\">Funktioniert in nur wenigen Minuten.<\/span><\/li>\n<li><span style=\"color: #000000;\">Beeintr\u00e4chtigt die Bedingungen im Aquarium nicht.<\/span><\/li>\n<li><span style=\"color: #000000;\">Leicht zu dosieren<\/span><\/li>\n<\/ul>\n<p>&nbsp;<\/p>\n<hr \/>\n<p>&nbsp;<\/p>\n<h3><span style=\"color: #000000;\"><strong>Gebrauchsanweisung von Aiptasia Shot:<\/strong><\/span><\/h3>\n<ol>\n<li><span style=\"color: #000000;\">Vor Gebrauch sch\u00fctteln.<\/span><\/li>\n<li><span style=\"color: #000000;\">Verwenden Sie die mitgelieferte Spritze, um die entsprechende Menge an Fl\u00fcssigkeit aufzusaugen.<\/span><\/li>\n<li><span style=\"color: #000000;\">Tragen Sie das Produkt sanft direkt in die Mund\u00f6ffnung der Aiptasia auf.<\/span><\/li>\n<li><span style=\"color: #000000;\">Sp\u00fclen Sie nach dem Eingriff die Spritze und die Spitze mit RO-Wasser aus.<\/span><\/li>\n<li><span style=\"color: #000000;\">Falls erforderlich, wiederholen Sie die Behandlung nach 48 Stunden.<\/span><\/li>\n<\/ol>\n<p>&nbsp;<\/p>\n<hr \/>\n<p>&nbsp;<\/p>\n<h3><span style=\"color: #000000;\"><strong>Zus\u00e4tzliche Hinweise:<\/strong><\/span><\/h3>\n<ul>\n<li><span style=\"color: #000000;\">F\u00fcr ein optimales Ergebnis empfehlen wir, die Umw\u00e4lzpumpen w\u00e4hrend der Anwendung abzuschalten. Sie k\u00f6nnen die Umw\u00e4lzpumpen etwa 15 Minuten nach der Anwendung wieder einschalten. <\/span><\/li>\n<li><span style=\"color: #000000;\">Vermeiden Sie den Kontakt des Produkts mit Korallen.<\/span><\/li>\n<li><span style=\"color: #000000;\">Sp\u00fclen Sie nach jeder Behandlung die Spritze und die Spitze gr\u00fcndlich mit RO-Wasser aus.<\/span><\/li>\n<\/ul>\n<p>&nbsp;<\/p>\n<hr \/>\n<p>&nbsp;<\/p>\n<h3><span style=\"color: #000000;\"><strong>Warnungen:<\/strong><\/span><\/h3>\n<ul>\n<li><span style=\"color: #000000;\">Das Produkt ist nur f\u00fcr Meerwasseraquarien bestimmt.<\/span><\/li>\n<li><span style=\"color: #000000;\">Nicht f\u00fcr den menschlichen Verzehr.<\/span><\/li>\n<li><span style=\"color: #000000;\">Au\u00dferhalb der Reichweite von Kindern aufbewahren.<\/span><\/li>\n<\/ul>\n","protected":false},"excerpt":{"rendered":"<p>Gebrauchsfertiges, schnell wirkendes und effizientes Produkt zur Bek\u00e4mpfung von Aiptasia-Populationen in Meerwasseraquarien.<\/p>\n","protected":false},"featured_media":21626,"template":"","meta":{"_acf_changed":false,"content-type":""},"product_brand":[],"product_cat":[1158],"product_tag":[1120,1097],"class_list":{"0":"post-20835","1":"product","2":"type-product","3":"status-publish","4":"has-post-thumbnail","6":"product_cat-wasseraufbereitung","7":"product_tag-meerwasser-aquarien","8":"product_tag-wasserversorgung","10":"first","11":"instock","12":"taxable","13":"shipping-taxable","14":"purchasable","15":"product-type-simple"},"acf":[],"yoast_head":"<!-- This site is optimized with the Yoast SEO plugin v27.1.1 - https:\/\/yoast.com\/product\/yoast-seo-wordpress\/ -->\n<title>Aiptasia Shot - Kontrolle der Aiptasia-Population | Aquaforest<\/title>\n<meta name=\"description\" content=\"Schnell wirkendes und effizientes Produkt zur Bek\u00e4mpfung von Aiptasia-Populationen in Meerwasseraquarien. V\u00f6llig sicher f\u00fcr Ihre Korallen.\" \/>\n<meta name=\"robots\" content=\"index, follow, max-snippet:-1, max-image-preview:large, max-video-preview:-1\" \/>\n<link rel=\"canonical\" href=\"https:\/\/aquaforest.eu\/de\/produkte\/seawater\/wasseraufbereitung\/aiptasia-shot-3\/\" \/>\n<meta property=\"og:locale\" content=\"de_DE\" \/>\n<meta property=\"og:type\" content=\"article\" \/>\n<meta property=\"og:title\" content=\"Aiptasia Shot - Kontrolle der Aiptasia-Population | Aquaforest\" \/>\n<meta property=\"og:description\" content=\"Schnell wirkendes und effizientes Produkt zur Bek\u00e4mpfung von Aiptasia-Populationen in Meerwasseraquarien. V\u00f6llig sicher f\u00fcr Ihre Korallen.\" \/>\n<meta property=\"og:url\" content=\"https:\/\/aquaforest.eu\/de\/produkte\/seawater\/wasseraufbereitung\/aiptasia-shot-3\/\" \/>\n<meta property=\"og:site_name\" content=\"Aquaforest\" \/>\n<meta property=\"article:publisher\" content=\"https:\/\/www.facebook.com\/Aquaforest\/\" \/>\n<meta property=\"article:modified_time\" content=\"2025-02-04T09:13:53+00:00\" \/>\n<meta property=\"og:image\" content=\"https:\/\/aquaforest.eu\/wp-content\/uploads\/2025\/02\/aiptasia-shot-1.png\" \/>\n\t<meta property=\"og:image:width\" content=\"1800\" \/>\n\t<meta property=\"og:image:height\" content=\"1800\" \/>\n\t<meta property=\"og:image:type\" content=\"image\/png\" \/>\n<meta name=\"twitter:card\" content=\"summary_large_image\" \/>\n<meta name=\"twitter:label1\" content=\"Gesch\u00e4tzte Lesezeit\" \/>\n\t<meta name=\"twitter:data1\" content=\"2\u00a0Minuten\" \/>\n<script type=\"application\/ld+json\" class=\"yoast-schema-graph\">{\"@context\":\"https:\/\/schema.org\",\"@graph\":[{\"@type\":\"WebPage\",\"@id\":\"https:\/\/aquaforest.eu\/de\/produkte\/seawater\/wasseraufbereitung\/aiptasia-shot-3\/\",\"url\":\"https:\/\/aquaforest.eu\/de\/produkte\/seawater\/wasseraufbereitung\/aiptasia-shot-3\/\",\"name\":\"Aiptasia Shot - Kontrolle der Aiptasia-Population | Aquaforest\",\"isPartOf\":{\"@id\":\"https:\/\/aquaforest.eu\/de\/#website\"},\"primaryImageOfPage\":{\"@id\":\"https:\/\/aquaforest.eu\/de\/produkte\/seawater\/wasseraufbereitung\/aiptasia-shot-3\/#primaryimage\"},\"image\":{\"@id\":\"https:\/\/aquaforest.eu\/de\/produkte\/seawater\/wasseraufbereitung\/aiptasia-shot-3\/#primaryimage\"},\"thumbnailUrl\":\"https:\/\/aquaforest.eu\/wp-content\/uploads\/2025\/02\/aiptasia-shot-1.png\",\"datePublished\":\"2025-02-04T08:38:53+00:00\",\"dateModified\":\"2025-02-04T09:13:53+00:00\",\"description\":\"Schnell wirkendes und effizientes Produkt zur Bek\u00e4mpfung von Aiptasia-Populationen in Meerwasseraquarien. V\u00f6llig sicher f\u00fcr Ihre Korallen.\",\"breadcrumb\":{\"@id\":\"https:\/\/aquaforest.eu\/de\/produkte\/seawater\/wasseraufbereitung\/aiptasia-shot-3\/#breadcrumb\"},\"inLanguage\":\"de\",\"potentialAction\":[{\"@type\":\"ReadAction\",\"target\":[\"https:\/\/aquaforest.eu\/de\/produkte\/seawater\/wasseraufbereitung\/aiptasia-shot-3\/\"]}]},{\"@type\":\"ImageObject\",\"inLanguage\":\"de\",\"@id\":\"https:\/\/aquaforest.eu\/de\/produkte\/seawater\/wasseraufbereitung\/aiptasia-shot-3\/#primaryimage\",\"url\":\"https:\/\/aquaforest.eu\/wp-content\/uploads\/2025\/02\/aiptasia-shot-1.png\",\"contentUrl\":\"https:\/\/aquaforest.eu\/wp-content\/uploads\/2025\/02\/aiptasia-shot-1.png\",\"width\":1800,\"height\":1800},{\"@type\":\"BreadcrumbList\",\"@id\":\"https:\/\/aquaforest.eu\/de\/produkte\/seawater\/wasseraufbereitung\/aiptasia-shot-3\/#breadcrumb\",\"itemListElement\":[{\"@type\":\"ListItem\",\"position\":1,\"name\":\"Home\",\"item\":\"https:\/\/aquaforest.eu\/de\/\"},{\"@type\":\"ListItem\",\"position\":2,\"name\":\"Produkte\",\"item\":\"https:\/\/aquaforest.eu\/de\/produkte\/\"},{\"@type\":\"ListItem\",\"position\":3,\"name\":\"Aiptasia Shot\"}]},{\"@type\":\"WebSite\",\"@id\":\"https:\/\/aquaforest.eu\/de\/#website\",\"url\":\"https:\/\/aquaforest.eu\/de\/\",\"name\":\"Aquaforest\",\"description\":\"\",\"publisher\":{\"@id\":\"https:\/\/aquaforest.eu\/de\/#organization\"},\"potentialAction\":[{\"@type\":\"SearchAction\",\"target\":{\"@type\":\"EntryPoint\",\"urlTemplate\":\"https:\/\/aquaforest.eu\/de\/?s={search_term_string}\"},\"query-input\":{\"@type\":\"PropertyValueSpecification\",\"valueRequired\":true,\"valueName\":\"search_term_string\"}}],\"inLanguage\":\"de\"},{\"@type\":\"Organization\",\"@id\":\"https:\/\/aquaforest.eu\/de\/#organization\",\"name\":\"Aquaforest\",\"url\":\"https:\/\/aquaforest.eu\/de\/\",\"logo\":{\"@type\":\"ImageObject\",\"inLanguage\":\"de\",\"@id\":\"https:\/\/aquaforest.eu\/de\/#\/schema\/logo\/image\/\",\"url\":\"https:\/\/aquaforest.eu\/wp-content\/uploads\/2024\/05\/logotyp-aquaforest.svg\",\"contentUrl\":\"https:\/\/aquaforest.eu\/wp-content\/uploads\/2024\/05\/logotyp-aquaforest.svg\",\"width\":170,\"height\":22,\"caption\":\"Aquaforest\"},\"image\":{\"@id\":\"https:\/\/aquaforest.eu\/de\/#\/schema\/logo\/image\/\"},\"sameAs\":[\"https:\/\/www.facebook.com\/Aquaforest\/\",\"https:\/\/www.instagram.com\/aquaforest.eu\/\"]}]}<\/script>\n<!-- \/ Yoast SEO plugin. -->","yoast_head_json":{"title":"Aiptasia Shot - Kontrolle der Aiptasia-Population | Aquaforest","description":"Schnell wirkendes und effizientes Produkt zur Bek\u00e4mpfung von Aiptasia-Populationen in Meerwasseraquarien. V\u00f6llig sicher f\u00fcr Ihre Korallen.","robots":{"index":"index","follow":"follow","max-snippet":"max-snippet:-1","max-image-preview":"max-image-preview:large","max-video-preview":"max-video-preview:-1"},"canonical":"https:\/\/aquaforest.eu\/de\/produkte\/seawater\/wasseraufbereitung\/aiptasia-shot-3\/","og_locale":"de_DE","og_type":"article","og_title":"Aiptasia Shot - Kontrolle der Aiptasia-Population | Aquaforest","og_description":"Schnell wirkendes und effizientes Produkt zur Bek\u00e4mpfung von Aiptasia-Populationen in Meerwasseraquarien. V\u00f6llig sicher f\u00fcr Ihre Korallen.","og_url":"https:\/\/aquaforest.eu\/de\/produkte\/seawater\/wasseraufbereitung\/aiptasia-shot-3\/","og_site_name":"Aquaforest","article_publisher":"https:\/\/www.facebook.com\/Aquaforest\/","article_modified_time":"2025-02-04T09:13:53+00:00","og_image":[{"width":1800,"height":1800,"url":"https:\/\/aquaforest.eu\/wp-content\/uploads\/2025\/02\/aiptasia-shot-1.png","type":"image\/png"}],"twitter_card":"summary_large_image","twitter_misc":{"Gesch\u00e4tzte Lesezeit":"2\u00a0Minuten"},"schema":{"@context":"https:\/\/schema.org","@graph":[{"@type":"WebPage","@id":"https:\/\/aquaforest.eu\/de\/produkte\/seawater\/wasseraufbereitung\/aiptasia-shot-3\/","url":"https:\/\/aquaforest.eu\/de\/produkte\/seawater\/wasseraufbereitung\/aiptasia-shot-3\/","name":"Aiptasia Shot - Kontrolle der Aiptasia-Population | Aquaforest","isPartOf":{"@id":"https:\/\/aquaforest.eu\/de\/#website"},"primaryImageOfPage":{"@id":"https:\/\/aquaforest.eu\/de\/produkte\/seawater\/wasseraufbereitung\/aiptasia-shot-3\/#primaryimage"},"image":{"@id":"https:\/\/aquaforest.eu\/de\/produkte\/seawater\/wasseraufbereitung\/aiptasia-shot-3\/#primaryimage"},"thumbnailUrl":"https:\/\/aquaforest.eu\/wp-content\/uploads\/2025\/02\/aiptasia-shot-1.png","datePublished":"2025-02-04T08:38:53+00:00","dateModified":"2025-02-04T09:13:53+00:00","description":"Schnell wirkendes und effizientes Produkt zur Bek\u00e4mpfung von Aiptasia-Populationen in Meerwasseraquarien. V\u00f6llig sicher f\u00fcr Ihre Korallen.","breadcrumb":{"@id":"https:\/\/aquaforest.eu\/de\/produkte\/seawater\/wasseraufbereitung\/aiptasia-shot-3\/#breadcrumb"},"inLanguage":"de","potentialAction":[{"@type":"ReadAction","target":["https:\/\/aquaforest.eu\/de\/produkte\/seawater\/wasseraufbereitung\/aiptasia-shot-3\/"]}]},{"@type":"ImageObject","inLanguage":"de","@id":"https:\/\/aquaforest.eu\/de\/produkte\/seawater\/wasseraufbereitung\/aiptasia-shot-3\/#primaryimage","url":"https:\/\/aquaforest.eu\/wp-content\/uploads\/2025\/02\/aiptasia-shot-1.png","contentUrl":"https:\/\/aquaforest.eu\/wp-content\/uploads\/2025\/02\/aiptasia-shot-1.png","width":1800,"height":1800},{"@type":"BreadcrumbList","@id":"https:\/\/aquaforest.eu\/de\/produkte\/seawater\/wasseraufbereitung\/aiptasia-shot-3\/#breadcrumb","itemListElement":[{"@type":"ListItem","position":1,"name":"Home","item":"https:\/\/aquaforest.eu\/de\/"},{"@type":"ListItem","position":2,"name":"Produkte","item":"https:\/\/aquaforest.eu\/de\/produkte\/"},{"@type":"ListItem","position":3,"name":"Aiptasia Shot"}]},{"@type":"WebSite","@id":"https:\/\/aquaforest.eu\/de\/#website","url":"https:\/\/aquaforest.eu\/de\/","name":"Aquaforest","description":"","publisher":{"@id":"https:\/\/aquaforest.eu\/de\/#organization"},"potentialAction":[{"@type":"SearchAction","target":{"@type":"EntryPoint","urlTemplate":"https:\/\/aquaforest.eu\/de\/?s={search_term_string}"},"query-input":{"@type":"PropertyValueSpecification","valueRequired":true,"valueName":"search_term_string"}}],"inLanguage":"de"},{"@type":"Organization","@id":"https:\/\/aquaforest.eu\/de\/#organization","name":"Aquaforest","url":"https:\/\/aquaforest.eu\/de\/","logo":{"@type":"ImageObject","inLanguage":"de","@id":"https:\/\/aquaforest.eu\/de\/#\/schema\/logo\/image\/","url":"https:\/\/aquaforest.eu\/wp-content\/uploads\/2024\/05\/logotyp-aquaforest.svg","contentUrl":"https:\/\/aquaforest.eu\/wp-content\/uploads\/2024\/05\/logotyp-aquaforest.svg","width":170,"height":22,"caption":"Aquaforest"},"image":{"@id":"https:\/\/aquaforest.eu\/de\/#\/schema\/logo\/image\/"},"sameAs":["https:\/\/www.facebook.com\/Aquaforest\/","https:\/\/www.instagram.com\/aquaforest.eu\/"]}]}},"_links":{"self":[{"href":"https:\/\/aquaforest.eu\/de\/wp-json\/wp\/v2\/product\/20835","targetHints":{"allow":["GET"]}}],"collection":[{"href":"https:\/\/aquaforest.eu\/de\/wp-json\/wp\/v2\/product"}],"about":[{"href":"https:\/\/aquaforest.eu\/de\/wp-json\/wp\/v2\/types\/product"}],"version-history":[{"count":3,"href":"https:\/\/aquaforest.eu\/de\/wp-json\/wp\/v2\/product\/20835\/revisions"}],"predecessor-version":[{"id":20840,"href":"https:\/\/aquaforest.eu\/de\/wp-json\/wp\/v2\/product\/20835\/revisions\/20840"}],"wp:featuredmedia":[{"embeddable":true,"href":"https:\/\/aquaforest.eu\/de\/wp-json\/wp\/v2\/media\/21626"}],"wp:attachment":[{"href":"https:\/\/aquaforest.eu\/de\/wp-json\/wp\/v2\/media?parent=20835"}],"wp:term":[{"taxonomy":"product_brand","embeddable":true,"href":"https:\/\/aquaforest.eu\/de\/wp-json\/wp\/v2\/product_brand?post=20835"},{"taxonomy":"product_cat","embeddable":true,"href":"https:\/\/aquaforest.eu\/de\/wp-json\/wp\/v2\/product_cat?post=20835"},{"taxonomy":"product_tag","embeddable":true,"href":"https:\/\/aquaforest.eu\/de\/wp-json\/wp\/v2\/product_tag?post=20835"}],"curies":[{"name":"wp","href":"https:\/\/api.w.org\/{rel}","templated":true}]}}