{"id":21120,"date":"2025-02-05T11:53:07","date_gmt":"2025-02-05T10:53:07","guid":{"rendered":"https:\/\/aquaforest.eu\/products\/unkategorisiert\/af-easy-gloss-2\/"},"modified":"2025-02-05T12:33:54","modified_gmt":"2025-02-05T11:33:54","slug":"af-easy-gloss-2","status":"publish","type":"product","link":"https:\/\/aquaforest.eu\/de\/produkte\/freshwater\/aquascaping_\/af-easy-gloss-2\/","title":{"rendered":"AF Easy Gloss"},"content":{"rendered":"<h1><span style=\"color: #000000;\">AF Easy Gloss &#8211; ein wirksames Mittel zur einfachen und sicheren Reinigung von S\u00fc\u00dfwasseraquarien.<\/span><\/h1>\n<p><span style=\"color: #000000;\">Das Mittel eignet sich hervorragend, um selbst hartn\u00e4ckige Verschmutzungen auf den Scheiben des Aquariums zu beseitigen. In S\u00fc\u00dfwasseraquarien entfernt es problemlos Kalkablagerungen. Es erm\u00f6glicht eine perfekte Reinigung der Scheiben, ohne Schmutzflecken zu hinterlassen. Das Produkt ist nicht nur hochwirksam, sondern auch sicher f\u00fcr Wasserorganismen, was bei der Arbeit mit Aquarien voller empfindlicher Tiere sehr wichtig ist. Die Zusammensetzung wurde aus den besten Inhaltsstoffen hergestellt, die den Zustand von Pflanzen und Fischen nicht beeintr\u00e4chtigen. Die einzigartige Formel wurde im Labor getestet, um die h\u00f6chste Wirksamkeit zu erzielen und gleichzeitig die entsprechende Sicherheit des Reinigungsmittels zu gew\u00e4hrleisten. Daher k\u00f6nnen Sie AF Easy Gloss verwenden, ohne bef\u00fcrchten zu m\u00fcssen, dass sch\u00e4dliche Substanzen in den Absch\u00e4umer gelangen. <\/span><\/p>\n<p>&nbsp;<\/p>\n<hr \/>\n<p>&nbsp;<\/p>\n<p><span style=\"color: #000000;\"><strong>Wichtige Merkmale:<\/strong><\/span><\/p>\n<ul>\n<li><span style=\"color: #000000;\">Die Zusammensetzung ist v\u00f6llig sicher f\u00fcr Fische und Pflanzen<\/span><\/li>\n<li><span style=\"color: #000000;\">Geeignet f\u00fcr jede Art von Aquarium<\/span><\/li>\n<li><span style=\"color: #000000;\">Effizient und effektiv<\/span><\/li>\n<li><span style=\"color: #000000;\">Entfernt effektiv fettige Flecken von der Glasoberfl\u00e4che<\/span><\/li>\n<li><span style=\"color: #000000;\">Entfernt Kalkablagerungen<\/span><\/li>\n<li><span style=\"color: #000000;\">Keine Flecken<\/span><\/li>\n<li><span style=\"color: #000000;\">Angenehmer Bergamotte-Duft<\/span><\/li>\n<\/ul>\n<p>&nbsp;<\/p>\n<hr \/>\n<p>&nbsp;<\/p>\n<p><span style=\"color: #000000;\"><strong>Wie zu verwenden<\/strong><\/span><\/p>\n<p><span style=\"color: #000000;\">Spr\u00fchen Sie den Glasreiniger mit AF Easy Gloss auf ein Papiertuch und beginnen Sie mit der Reinigung des Aquariums. Polieren Sie das Aquarium nach getaner Arbeit erneut, diesmal mit einem trockenen Handtuch. Ein Produkt mit einem angenehmen Bergamotte-Duft in einer praktischen Spr\u00fchflasche. Bewahren Sie es an einem k\u00fchlen Ort und au\u00dferhalb der Reichweite von Kindern auf. <\/span><\/p>\n","protected":false},"excerpt":{"rendered":"<p>Ungiftiger und effektiver Glasreiniger. Entfernt S\u00fc\u00dfwasserflecken. Ein Produkt mit einem angenehmen Bergamotte-Duft in einer praktischen Spr\u00fchflasche.<\/p>\n","protected":false},"featured_media":21108,"template":"","meta":{"_acf_changed":false,"content-type":""},"product_brand":[],"product_cat":[1136],"product_tag":[1633,1122],"class_list":{"0":"post-21120","1":"product","2":"type-product","3":"status-publish","4":"has-post-thumbnail","6":"product_cat-aquascaping_","7":"product_tag-simple-de","8":"product_tag-suswasseraquaristik","10":"first","11":"instock","12":"taxable","13":"shipping-taxable","14":"purchasable","15":"product-type-simple"},"acf":[],"yoast_head":"<!-- This site is optimized with the Yoast SEO plugin v27.1.1 - https:\/\/yoast.com\/product\/yoast-seo-wordpress\/ -->\n<title>AF Easy Gloss - Reiniger f\u00fcr S\u00fc\u00dfwasseraquarien<\/title>\n<meta name=\"description\" content=\"AF Easy Gloss ist ein effektiver und herrlich duftender Reiniger f\u00fcr S\u00fc\u00dfwasseraquarien. Er hilft, Aquarien frisch und sauber zu halten.\" \/>\n<meta name=\"robots\" content=\"index, follow, max-snippet:-1, max-image-preview:large, max-video-preview:-1\" \/>\n<link rel=\"canonical\" href=\"https:\/\/aquaforest.eu\/de\/produkte\/freshwater\/aquascaping_\/af-easy-gloss-2\/\" \/>\n<meta property=\"og:locale\" content=\"de_DE\" \/>\n<meta property=\"og:type\" content=\"article\" \/>\n<meta property=\"og:title\" content=\"AF Easy Gloss - Reiniger f\u00fcr S\u00fc\u00dfwasseraquarien\" \/>\n<meta property=\"og:description\" content=\"AF Easy Gloss ist ein effektiver und herrlich duftender Reiniger f\u00fcr S\u00fc\u00dfwasseraquarien. Er hilft, Aquarien frisch und sauber zu halten.\" \/>\n<meta property=\"og:url\" content=\"https:\/\/aquaforest.eu\/de\/produkte\/freshwater\/aquascaping_\/af-easy-gloss-2\/\" \/>\n<meta property=\"og:site_name\" content=\"Aquaforest\" \/>\n<meta property=\"article:publisher\" content=\"https:\/\/www.facebook.com\/Aquaforest\/\" \/>\n<meta property=\"article:modified_time\" content=\"2025-02-05T11:33:54+00:00\" \/>\n<meta property=\"og:image\" content=\"https:\/\/aquaforest.eu\/wp-content\/uploads\/2025\/02\/AF-Easy-Gloss-1024x1024.png\" \/>\n\t<meta property=\"og:image:width\" content=\"1024\" \/>\n\t<meta property=\"og:image:height\" content=\"1024\" \/>\n\t<meta property=\"og:image:type\" content=\"image\/png\" \/>\n<meta name=\"twitter:card\" content=\"summary_large_image\" \/>\n<meta name=\"twitter:label1\" content=\"Gesch\u00e4tzte Lesezeit\" \/>\n\t<meta name=\"twitter:data1\" content=\"2\u00a0Minuten\" \/>\n<script type=\"application\/ld+json\" class=\"yoast-schema-graph\">{\"@context\":\"https:\/\/schema.org\",\"@graph\":[{\"@type\":\"WebPage\",\"@id\":\"https:\/\/aquaforest.eu\/de\/produkte\/freshwater\/aquascaping_\/af-easy-gloss-2\/\",\"url\":\"https:\/\/aquaforest.eu\/de\/produkte\/freshwater\/aquascaping_\/af-easy-gloss-2\/\",\"name\":\"AF Easy Gloss - Reiniger f\u00fcr S\u00fc\u00dfwasseraquarien\",\"isPartOf\":{\"@id\":\"https:\/\/aquaforest.eu\/de\/#website\"},\"primaryImageOfPage\":{\"@id\":\"https:\/\/aquaforest.eu\/de\/produkte\/freshwater\/aquascaping_\/af-easy-gloss-2\/#primaryimage\"},\"image\":{\"@id\":\"https:\/\/aquaforest.eu\/de\/produkte\/freshwater\/aquascaping_\/af-easy-gloss-2\/#primaryimage\"},\"thumbnailUrl\":\"https:\/\/aquaforest.eu\/wp-content\/uploads\/2025\/02\/AF-Easy-Gloss-e1738753106877.png\",\"datePublished\":\"2025-02-05T10:53:07+00:00\",\"dateModified\":\"2025-02-05T11:33:54+00:00\",\"description\":\"AF Easy Gloss ist ein effektiver und herrlich duftender Reiniger f\u00fcr S\u00fc\u00dfwasseraquarien. Er hilft, Aquarien frisch und sauber zu halten.\",\"breadcrumb\":{\"@id\":\"https:\/\/aquaforest.eu\/de\/produkte\/freshwater\/aquascaping_\/af-easy-gloss-2\/#breadcrumb\"},\"inLanguage\":\"de\",\"potentialAction\":[{\"@type\":\"ReadAction\",\"target\":[\"https:\/\/aquaforest.eu\/de\/produkte\/freshwater\/aquascaping_\/af-easy-gloss-2\/\"]}]},{\"@type\":\"ImageObject\",\"inLanguage\":\"de\",\"@id\":\"https:\/\/aquaforest.eu\/de\/produkte\/freshwater\/aquascaping_\/af-easy-gloss-2\/#primaryimage\",\"url\":\"https:\/\/aquaforest.eu\/wp-content\/uploads\/2025\/02\/AF-Easy-Gloss-e1738753106877.png\",\"contentUrl\":\"https:\/\/aquaforest.eu\/wp-content\/uploads\/2025\/02\/AF-Easy-Gloss-e1738753106877.png\",\"width\":5000,\"height\":5000,\"caption\":\"AF Easy Gloss is an agent which helps to cleaning a glass aquarium\"},{\"@type\":\"BreadcrumbList\",\"@id\":\"https:\/\/aquaforest.eu\/de\/produkte\/freshwater\/aquascaping_\/af-easy-gloss-2\/#breadcrumb\",\"itemListElement\":[{\"@type\":\"ListItem\",\"position\":1,\"name\":\"Home\",\"item\":\"https:\/\/aquaforest.eu\/de\/\"},{\"@type\":\"ListItem\",\"position\":2,\"name\":\"Produkte\",\"item\":\"https:\/\/aquaforest.eu\/de\/produkte\/\"},{\"@type\":\"ListItem\",\"position\":3,\"name\":\"AF Easy Gloss\"}]},{\"@type\":\"WebSite\",\"@id\":\"https:\/\/aquaforest.eu\/de\/#website\",\"url\":\"https:\/\/aquaforest.eu\/de\/\",\"name\":\"Aquaforest\",\"description\":\"\",\"publisher\":{\"@id\":\"https:\/\/aquaforest.eu\/de\/#organization\"},\"potentialAction\":[{\"@type\":\"SearchAction\",\"target\":{\"@type\":\"EntryPoint\",\"urlTemplate\":\"https:\/\/aquaforest.eu\/de\/?s={search_term_string}\"},\"query-input\":{\"@type\":\"PropertyValueSpecification\",\"valueRequired\":true,\"valueName\":\"search_term_string\"}}],\"inLanguage\":\"de\"},{\"@type\":\"Organization\",\"@id\":\"https:\/\/aquaforest.eu\/de\/#organization\",\"name\":\"Aquaforest\",\"url\":\"https:\/\/aquaforest.eu\/de\/\",\"logo\":{\"@type\":\"ImageObject\",\"inLanguage\":\"de\",\"@id\":\"https:\/\/aquaforest.eu\/de\/#\/schema\/logo\/image\/\",\"url\":\"https:\/\/aquaforest.eu\/wp-content\/uploads\/2024\/05\/logotyp-aquaforest.svg\",\"contentUrl\":\"https:\/\/aquaforest.eu\/wp-content\/uploads\/2024\/05\/logotyp-aquaforest.svg\",\"width\":170,\"height\":22,\"caption\":\"Aquaforest\"},\"image\":{\"@id\":\"https:\/\/aquaforest.eu\/de\/#\/schema\/logo\/image\/\"},\"sameAs\":[\"https:\/\/www.facebook.com\/Aquaforest\/\",\"https:\/\/www.instagram.com\/aquaforest.eu\/\"]}]}<\/script>\n<!-- \/ Yoast SEO plugin. -->","yoast_head_json":{"title":"AF Easy Gloss - Reiniger f\u00fcr S\u00fc\u00dfwasseraquarien","description":"AF Easy Gloss ist ein effektiver und herrlich duftender Reiniger f\u00fcr S\u00fc\u00dfwasseraquarien. Er hilft, Aquarien frisch und sauber zu halten.","robots":{"index":"index","follow":"follow","max-snippet":"max-snippet:-1","max-image-preview":"max-image-preview:large","max-video-preview":"max-video-preview:-1"},"canonical":"https:\/\/aquaforest.eu\/de\/produkte\/freshwater\/aquascaping_\/af-easy-gloss-2\/","og_locale":"de_DE","og_type":"article","og_title":"AF Easy Gloss - Reiniger f\u00fcr S\u00fc\u00dfwasseraquarien","og_description":"AF Easy Gloss ist ein effektiver und herrlich duftender Reiniger f\u00fcr S\u00fc\u00dfwasseraquarien. Er hilft, Aquarien frisch und sauber zu halten.","og_url":"https:\/\/aquaforest.eu\/de\/produkte\/freshwater\/aquascaping_\/af-easy-gloss-2\/","og_site_name":"Aquaforest","article_publisher":"https:\/\/www.facebook.com\/Aquaforest\/","article_modified_time":"2025-02-05T11:33:54+00:00","og_image":[{"width":1024,"height":1024,"url":"https:\/\/aquaforest.eu\/wp-content\/uploads\/2025\/02\/AF-Easy-Gloss-1024x1024.png","type":"image\/png"}],"twitter_card":"summary_large_image","twitter_misc":{"Gesch\u00e4tzte Lesezeit":"2\u00a0Minuten"},"schema":{"@context":"https:\/\/schema.org","@graph":[{"@type":"WebPage","@id":"https:\/\/aquaforest.eu\/de\/produkte\/freshwater\/aquascaping_\/af-easy-gloss-2\/","url":"https:\/\/aquaforest.eu\/de\/produkte\/freshwater\/aquascaping_\/af-easy-gloss-2\/","name":"AF Easy Gloss - Reiniger f\u00fcr S\u00fc\u00dfwasseraquarien","isPartOf":{"@id":"https:\/\/aquaforest.eu\/de\/#website"},"primaryImageOfPage":{"@id":"https:\/\/aquaforest.eu\/de\/produkte\/freshwater\/aquascaping_\/af-easy-gloss-2\/#primaryimage"},"image":{"@id":"https:\/\/aquaforest.eu\/de\/produkte\/freshwater\/aquascaping_\/af-easy-gloss-2\/#primaryimage"},"thumbnailUrl":"https:\/\/aquaforest.eu\/wp-content\/uploads\/2025\/02\/AF-Easy-Gloss-e1738753106877.png","datePublished":"2025-02-05T10:53:07+00:00","dateModified":"2025-02-05T11:33:54+00:00","description":"AF Easy Gloss ist ein effektiver und herrlich duftender Reiniger f\u00fcr S\u00fc\u00dfwasseraquarien. Er hilft, Aquarien frisch und sauber zu halten.","breadcrumb":{"@id":"https:\/\/aquaforest.eu\/de\/produkte\/freshwater\/aquascaping_\/af-easy-gloss-2\/#breadcrumb"},"inLanguage":"de","potentialAction":[{"@type":"ReadAction","target":["https:\/\/aquaforest.eu\/de\/produkte\/freshwater\/aquascaping_\/af-easy-gloss-2\/"]}]},{"@type":"ImageObject","inLanguage":"de","@id":"https:\/\/aquaforest.eu\/de\/produkte\/freshwater\/aquascaping_\/af-easy-gloss-2\/#primaryimage","url":"https:\/\/aquaforest.eu\/wp-content\/uploads\/2025\/02\/AF-Easy-Gloss-e1738753106877.png","contentUrl":"https:\/\/aquaforest.eu\/wp-content\/uploads\/2025\/02\/AF-Easy-Gloss-e1738753106877.png","width":5000,"height":5000,"caption":"AF Easy Gloss is an agent which helps to cleaning a glass aquarium"},{"@type":"BreadcrumbList","@id":"https:\/\/aquaforest.eu\/de\/produkte\/freshwater\/aquascaping_\/af-easy-gloss-2\/#breadcrumb","itemListElement":[{"@type":"ListItem","position":1,"name":"Home","item":"https:\/\/aquaforest.eu\/de\/"},{"@type":"ListItem","position":2,"name":"Produkte","item":"https:\/\/aquaforest.eu\/de\/produkte\/"},{"@type":"ListItem","position":3,"name":"AF Easy Gloss"}]},{"@type":"WebSite","@id":"https:\/\/aquaforest.eu\/de\/#website","url":"https:\/\/aquaforest.eu\/de\/","name":"Aquaforest","description":"","publisher":{"@id":"https:\/\/aquaforest.eu\/de\/#organization"},"potentialAction":[{"@type":"SearchAction","target":{"@type":"EntryPoint","urlTemplate":"https:\/\/aquaforest.eu\/de\/?s={search_term_string}"},"query-input":{"@type":"PropertyValueSpecification","valueRequired":true,"valueName":"search_term_string"}}],"inLanguage":"de"},{"@type":"Organization","@id":"https:\/\/aquaforest.eu\/de\/#organization","name":"Aquaforest","url":"https:\/\/aquaforest.eu\/de\/","logo":{"@type":"ImageObject","inLanguage":"de","@id":"https:\/\/aquaforest.eu\/de\/#\/schema\/logo\/image\/","url":"https:\/\/aquaforest.eu\/wp-content\/uploads\/2024\/05\/logotyp-aquaforest.svg","contentUrl":"https:\/\/aquaforest.eu\/wp-content\/uploads\/2024\/05\/logotyp-aquaforest.svg","width":170,"height":22,"caption":"Aquaforest"},"image":{"@id":"https:\/\/aquaforest.eu\/de\/#\/schema\/logo\/image\/"},"sameAs":["https:\/\/www.facebook.com\/Aquaforest\/","https:\/\/www.instagram.com\/aquaforest.eu\/"]}]}},"_links":{"self":[{"href":"https:\/\/aquaforest.eu\/de\/wp-json\/wp\/v2\/product\/21120","targetHints":{"allow":["GET"]}}],"collection":[{"href":"https:\/\/aquaforest.eu\/de\/wp-json\/wp\/v2\/product"}],"about":[{"href":"https:\/\/aquaforest.eu\/de\/wp-json\/wp\/v2\/types\/product"}],"version-history":[{"count":1,"href":"https:\/\/aquaforest.eu\/de\/wp-json\/wp\/v2\/product\/21120\/revisions"}],"predecessor-version":[{"id":21122,"href":"https:\/\/aquaforest.eu\/de\/wp-json\/wp\/v2\/product\/21120\/revisions\/21122"}],"wp:featuredmedia":[{"embeddable":true,"href":"https:\/\/aquaforest.eu\/de\/wp-json\/wp\/v2\/media\/21108"}],"wp:attachment":[{"href":"https:\/\/aquaforest.eu\/de\/wp-json\/wp\/v2\/media?parent=21120"}],"wp:term":[{"taxonomy":"product_brand","embeddable":true,"href":"https:\/\/aquaforest.eu\/de\/wp-json\/wp\/v2\/product_brand?post=21120"},{"taxonomy":"product_cat","embeddable":true,"href":"https:\/\/aquaforest.eu\/de\/wp-json\/wp\/v2\/product_cat?post=21120"},{"taxonomy":"product_tag","embeddable":true,"href":"https:\/\/aquaforest.eu\/de\/wp-json\/wp\/v2\/product_tag?post=21120"}],"curies":[{"name":"wp","href":"https:\/\/api.w.org\/{rel}","templated":true}]}}