{"id":22624,"date":"2025-06-05T11:18:00","date_gmt":"2025-06-05T09:18:00","guid":{"rendered":"https:\/\/aquaforest.eu\/?post_type=product&#038;p=22624"},"modified":"2025-10-29T10:25:01","modified_gmt":"2025-10-29T09:25:01","slug":"component-123-concentrate","status":"publish","type":"product","link":"https:\/\/aquaforest.eu\/de\/produkte\/seawater\/wasseraufbereitung\/component-123-concentrate\/","title":{"rendered":"Component 1+2+3+ Concentrate"},"content":{"rendered":"<p data-start=\"55\" data-end=\"537\"><strong data-start=\"55\" data-end=\"87\">Component 1+2+3+ Concentrate<\/strong> ist eine moderne und praktische L\u00f6sung f\u00fcr Meerwasseraquarianer, basierend auf der bew\u00e4hrten Balling-Methode. Dieses Produkt erm\u00f6glicht die einfache Herstellung von drei essenziellen L\u00f6sungen \u2013 Component 1+, 2+ und 3+ \u2013 die f\u00fcr die Aufrechterhaltung des chemischen Gleichgewichts im Meerwasseraquarium notwendig sind. Dank der konzentrierten Formel kann das Produkt in kleineren, leichteren Beh\u00e4ltern gelagert werden, was Platz im Technikraum spart.<\/p>\n<p data-start=\"539\" data-end=\"634\">Jede 1-Liter-Flasche des Konzentrats reicht zur Herstellung von 5 Litern der jeweiligen L\u00f6sung.<\/p>\n<hr data-start=\"636\" data-end=\"639\" \/>\n<h2 data-start=\"641\" data-end=\"1075\"><\/h2>\n<h2 data-start=\"641\" data-end=\"1075\"><strong data-start=\"641\" data-end=\"696\">Was macht Component 1+2+3+ Concentrate einzigartig?<\/strong><\/h2>\n<p data-start=\"641\" data-end=\"1075\"><br data-start=\"696\" data-end=\"699\" \/><strong data-start=\"699\" data-end=\"717\">Kompakte Form:<\/strong> Kleine und leichte Beh\u00e4lter sparen Platz und sind leicht zu transportieren.<br data-start=\"793\" data-end=\"796\" \/><strong data-start=\"796\" data-end=\"821\">Einfache Zubereitung:<\/strong> Jeder Konzentrat l\u00f6st sich leicht in Osmosewasser und ergibt 5 Liter gebrauchsfertige L\u00f6sung.<br data-start=\"915\" data-end=\"918\" \/><strong data-start=\"918\" data-end=\"976\">Optimales Gleichgewicht von Mikro- und Makroelementen:<\/strong> Enth\u00e4lt alle wichtigen Elemente, die Korallen f\u00fcr gesundes Wachstum und kr\u00e4ftige Farben ben\u00f6tigen.<\/p>\n<hr data-start=\"1077\" data-end=\"1080\" \/>\n<p data-start=\"1082\" data-end=\"1097\"><strong data-start=\"1082\" data-end=\"1097\">Zubereitung<\/strong><\/p>\n<p data-start=\"1099\" data-end=\"1162\"><strong data-start=\"1099\" data-end=\"1162\">Concentrate 1+ \u2013 Zur Herstellung von 5 Litern Component 1+:<\/strong><\/p>\n<ol data-start=\"1164\" data-end=\"1552\">\n<li data-start=\"1164\" data-end=\"1272\">\n<p data-start=\"1167\" data-end=\"1272\">Flasche gut sch\u00fctteln und den gesamten Inhalt in einen sauberen, auf 5 Liter markierten Beh\u00e4lter geben.<\/p>\n<\/li>\n<li data-start=\"1273\" data-end=\"1342\">\n<p data-start=\"1276\" data-end=\"1342\">Die leere Flasche zu 1\/3 mit Osmosewasser f\u00fcllen, gut sch\u00fctteln.<\/p>\n<\/li>\n<li data-start=\"1343\" data-end=\"1381\">\n<p data-start=\"1346\" data-end=\"1381\">In den 5-Liter-Beh\u00e4lter umf\u00fcllen.<\/p>\n<\/li>\n<li data-start=\"1382\" data-end=\"1459\">\n<p data-start=\"1385\" data-end=\"1459\">Falls Konzentrat in der Flasche verbleibt, Schritte 2 und 3 wiederholen.<\/p>\n<\/li>\n<li data-start=\"1460\" data-end=\"1552\">\n<p data-start=\"1463\" data-end=\"1552\">Den Beh\u00e4lter mit Osmosewasser bis zur 5-Liter-Markierung auff\u00fcllen und gr\u00fcndlich mischen.<\/p>\n<\/li>\n<\/ol>\n<p>&nbsp;<\/p>\n<hr data-start=\"1554\" data-end=\"1557\" \/>\n<p data-start=\"1559\" data-end=\"1622\"><strong data-start=\"1559\" data-end=\"1622\">Concentrate 2+ \u2013 Zur Herstellung von 5 Litern Component 2+:<\/strong><\/p>\n<ol data-start=\"1624\" data-end=\"2220\">\n<li data-start=\"1624\" data-end=\"1732\">\n<p data-start=\"1627\" data-end=\"1732\">Flasche gut sch\u00fctteln und den gesamten Inhalt in einen sauberen, auf 5 Liter markierten Beh\u00e4lter geben.<\/p>\n<\/li>\n<li data-start=\"1733\" data-end=\"1839\">\n<p data-start=\"1736\" data-end=\"1839\">Die leere Flasche mit warmem Osmosewasser (ideale Temperatur: 40 \u00b0C) zu 1\/3 f\u00fcllen und gut sch\u00fctteln.<\/p>\n<\/li>\n<li data-start=\"1840\" data-end=\"1878\">\n<p data-start=\"1843\" data-end=\"1878\">In den 5-Liter-Beh\u00e4lter umf\u00fcllen.<\/p>\n<\/li>\n<li data-start=\"1879\" data-end=\"1964\">\n<p data-start=\"1882\" data-end=\"1964\">Falls Konzentrat oder Salzkristalle zur\u00fcckbleiben, Schritte 2 und 3 wiederholen.<\/p>\n<\/li>\n<li data-start=\"1965\" data-end=\"2220\">\n<p data-start=\"1968\" data-end=\"2220\">Mit warmem Osmosewasser bis zur 5-Liter-Markierung auff\u00fcllen und gr\u00fcndlich mischen, bis alle Kristalle gel\u00f6st sind. Danach ca. eine Stunde abk\u00fchlen lassen.<br data-start=\"2123\" data-end=\"2126\" \/><em data-start=\"2126\" data-end=\"2220\">Ablagerungen oder Kristallbildung sind normal und beeintr\u00e4chtigen die Produktqualit\u00e4t nicht.<\/em><\/p>\n<\/li>\n<\/ol>\n<p>&nbsp;<\/p>\n<hr data-start=\"2222\" data-end=\"2225\" \/>\n<p data-start=\"2227\" data-end=\"2290\"><strong data-start=\"2227\" data-end=\"2290\">Concentrate 3+ \u2013 Zur Herstellung von 5 Litern Component 3+:<\/strong><\/p>\n<ol data-start=\"2292\" data-end=\"2667\">\n<li data-start=\"2292\" data-end=\"2400\">\n<p data-start=\"2295\" data-end=\"2400\">Flasche gut sch\u00fctteln und den gesamten Inhalt in einen sauberen, auf 5 Liter markierten Beh\u00e4lter geben.<\/p>\n<\/li>\n<li data-start=\"2401\" data-end=\"2470\">\n<p data-start=\"2404\" data-end=\"2470\">Die leere Flasche zu 1\/3 mit Osmosewasser f\u00fcllen, gut sch\u00fctteln.<\/p>\n<\/li>\n<li data-start=\"2471\" data-end=\"2509\">\n<p data-start=\"2474\" data-end=\"2509\">In den 5-Liter-Beh\u00e4lter umf\u00fcllen.<\/p>\n<\/li>\n<li data-start=\"2510\" data-end=\"2587\">\n<p data-start=\"2513\" data-end=\"2587\">Falls Konzentrat in der Flasche verbleibt, Schritte 2 und 3 wiederholen.<\/p>\n<\/li>\n<li data-start=\"2588\" data-end=\"2667\">\n<p data-start=\"2591\" data-end=\"2667\">Mit Osmosewasser bis zur 5-Liter-Markierung auff\u00fcllen und gr\u00fcndlich mischen.<\/p>\n<\/li>\n<\/ol>\n<p>&nbsp;<\/p>\n<hr data-start=\"2669\" data-end=\"2672\" \/>\n<p data-start=\"2674\" data-end=\"2687\"><strong data-start=\"2674\" data-end=\"2687\">Dosierung<\/strong><\/p>\n<p data-start=\"2689\" data-end=\"3063\">Wir empfehlen, alle drei L\u00f6sungen in gleichen Mengen zu dosieren \u2013 angepasst an den Verbrauch der Korallen. Es ist ratsam, regelm\u00e4\u00dfig die Wasserwerte f\u00fcr Calcium, Magnesium und Karbonath\u00e4rte (KH) zu messen. Bei h\u00f6herem Verbrauch einzelner Elemente empfehlen wir, zus\u00e4tzlich Calcium, Magnesium oder KH Buffer aufzul\u00f6sen oder KH Plus, Ca Plus oder Mg Plus separat zu dosieren.<\/p>\n<p data-start=\"3065\" data-end=\"3270\">F\u00fcr ein Becken mit mittlerem Korallenbesatz empfehlen wir ca. 25 ml t\u00e4glich pro 100 Liter Wasser. Zur Stabilisierung der Parameter sollte die Tagesdosis m\u00f6glichst in mehrere kleine Dosen aufgeteilt werden.<\/p>\n<p data-start=\"3272\" data-end=\"3494\">Das Produkt kann unverd\u00fcnnt dosiert werden, ist jedoch f\u00fcnfmal konzentrierter als die gebrauchsfertigen Component 1+2+3+. Daher h\u00f6chste Vorsicht bei der Dosierung \u2013 pl\u00f6tzliche Parameter\u00e4nderungen k\u00f6nnen dem Becken schaden.<\/p>\n<p data-start=\"3501\" data-end=\"3533\"><strong data-start=\"3501\" data-end=\"3533\">5 ml pro 100 Liter erh\u00f6hen:<\/strong><\/p>\n<p>Component 1+ Concentrate &#8211; 5 ml 4.5 ppm\/100l (Ca)<\/p>\n<p>Component 2+ Concentrate &#8211; 5 ml 0.65 dKH\/100l (KH)<\/p>\n<p>Component 3+ Concentrate &#8211; 5 ml 0.38 ppm\/100l (Mg)<\/p>\n<p>&nbsp;<\/p>\n<p data-start=\"3655\" data-end=\"3962\"><strong data-start=\"3655\" data-end=\"3694\">Hinweis bei unverd\u00fcnnter Anwendung:<\/strong><br data-start=\"3694\" data-end=\"3697\" \/>Bei Component 2+ kann bei Kontakt mit Wasser eine wei\u00dfe, gelartige Substanz entstehen \u2013 dies ist v\u00f6llig normal und ungef\u00e4hrlich f\u00fcr Aquarienbewohner. Platzieren Sie den Dosierschlauch am besten in einem Bereich mit starker Str\u00f6mung, um die Aufl\u00f6sung zu erleichtern.<\/p>\n<p data-start=\"3969\" data-end=\"4251\"><strong data-start=\"3969\" data-end=\"3987\">Gut zu wissen:<\/strong><br data-start=\"3987\" data-end=\"3990\" \/>Component 1+2+3+ Concentrate ist ausschlie\u00dflich f\u00fcr den Gebrauch im Aquarium vorgesehen. Nicht zum Verzehr geeignet. Au\u00dferhalb der Reichweite von Kindern aufbewahren. Aufgrund der hohen Konzentration empfehlen wir eine regelm\u00e4\u00dfige Reinigung der Dosierschl\u00e4uche.<\/p>\n","protected":false},"excerpt":{"rendered":"<p>Einfach anzuwendendes Set zur Aufrechterhaltung des chemischen Gleichgewichts in Meerwasseraquarien. Einfach und effektiv.<\/p>\n","protected":false},"featured_media":22617,"template":"","meta":{"_acf_changed":false,"content-type":""},"product_brand":[],"product_cat":[1158],"product_tag":[1120,1633,1097],"class_list":{"0":"post-22624","1":"product","2":"type-product","3":"status-publish","4":"has-post-thumbnail","6":"product_cat-wasseraufbereitung","7":"product_tag-meerwasser-aquarien","8":"product_tag-simple-de","9":"product_tag-wasserversorgung","11":"first","12":"instock","13":"taxable","14":"shipping-taxable","15":"purchasable","16":"product-type-simple"},"acf":[],"yoast_head":"<!-- This site is optimized with the Yoast SEO plugin v27.1.1 - https:\/\/yoast.com\/product\/yoast-seo-wordpress\/ -->\n<title>Component 1+2+3+ Concentrate<\/title>\n<meta name=\"robots\" content=\"index, follow, max-snippet:-1, max-image-preview:large, max-video-preview:-1\" \/>\n<link rel=\"canonical\" href=\"https:\/\/aquaforest.eu\/de\/produkte\/seawater\/wasseraufbereitung\/component-123-concentrate\/\" \/>\n<meta property=\"og:locale\" content=\"de_DE\" \/>\n<meta property=\"og:type\" content=\"article\" \/>\n<meta property=\"og:title\" content=\"Component 1+2+3+ Concentrate\" \/>\n<meta property=\"og:description\" content=\"Einfach anzuwendendes Set zur Aufrechterhaltung des chemischen Gleichgewichts in Meerwasseraquarien. Einfach und effektiv.\" \/>\n<meta property=\"og:url\" content=\"https:\/\/aquaforest.eu\/de\/produkte\/seawater\/wasseraufbereitung\/component-123-concentrate\/\" \/>\n<meta property=\"og:site_name\" content=\"Aquaforest\" \/>\n<meta property=\"article:publisher\" content=\"https:\/\/www.facebook.com\/Aquaforest\/\" \/>\n<meta property=\"article:modified_time\" content=\"2025-10-29T09:25:01+00:00\" \/>\n<meta property=\"og:image\" content=\"https:\/\/aquaforest.eu\/wp-content\/uploads\/2025\/03\/Component-Concentrate-karton-2.png\" \/>\n\t<meta property=\"og:image:width\" content=\"1800\" \/>\n\t<meta property=\"og:image:height\" content=\"1350\" \/>\n\t<meta property=\"og:image:type\" content=\"image\/png\" \/>\n<meta name=\"twitter:card\" content=\"summary_large_image\" \/>\n<meta name=\"twitter:label1\" content=\"Gesch\u00e4tzte Lesezeit\" \/>\n\t<meta name=\"twitter:data1\" content=\"3\u00a0Minuten\" \/>\n<script type=\"application\/ld+json\" class=\"yoast-schema-graph\">{\"@context\":\"https:\/\/schema.org\",\"@graph\":[{\"@type\":\"WebPage\",\"@id\":\"https:\/\/aquaforest.eu\/de\/produkte\/seawater\/wasseraufbereitung\/component-123-concentrate\/\",\"url\":\"https:\/\/aquaforest.eu\/de\/produkte\/seawater\/wasseraufbereitung\/component-123-concentrate\/\",\"name\":\"Component 1+2+3+ Concentrate\",\"isPartOf\":{\"@id\":\"https:\/\/aquaforest.eu\/de\/#website\"},\"primaryImageOfPage\":{\"@id\":\"https:\/\/aquaforest.eu\/de\/produkte\/seawater\/wasseraufbereitung\/component-123-concentrate\/#primaryimage\"},\"image\":{\"@id\":\"https:\/\/aquaforest.eu\/de\/produkte\/seawater\/wasseraufbereitung\/component-123-concentrate\/#primaryimage\"},\"thumbnailUrl\":\"https:\/\/aquaforest.eu\/wp-content\/uploads\/2025\/03\/Component-Concentrate-karton-2.png\",\"datePublished\":\"2025-06-05T09:18:00+00:00\",\"dateModified\":\"2025-10-29T09:25:01+00:00\",\"breadcrumb\":{\"@id\":\"https:\/\/aquaforest.eu\/de\/produkte\/seawater\/wasseraufbereitung\/component-123-concentrate\/#breadcrumb\"},\"inLanguage\":\"de\",\"potentialAction\":[{\"@type\":\"ReadAction\",\"target\":[\"https:\/\/aquaforest.eu\/de\/produkte\/seawater\/wasseraufbereitung\/component-123-concentrate\/\"]}]},{\"@type\":\"ImageObject\",\"inLanguage\":\"de\",\"@id\":\"https:\/\/aquaforest.eu\/de\/produkte\/seawater\/wasseraufbereitung\/component-123-concentrate\/#primaryimage\",\"url\":\"https:\/\/aquaforest.eu\/wp-content\/uploads\/2025\/03\/Component-Concentrate-karton-2.png\",\"contentUrl\":\"https:\/\/aquaforest.eu\/wp-content\/uploads\/2025\/03\/Component-Concentrate-karton-2.png\",\"width\":1800,\"height\":1350,\"caption\":\"Zdj\u0119cie produktu Component 1+2+3+ Concentrate\"},{\"@type\":\"BreadcrumbList\",\"@id\":\"https:\/\/aquaforest.eu\/de\/produkte\/seawater\/wasseraufbereitung\/component-123-concentrate\/#breadcrumb\",\"itemListElement\":[{\"@type\":\"ListItem\",\"position\":1,\"name\":\"Home\",\"item\":\"https:\/\/aquaforest.eu\/de\/\"},{\"@type\":\"ListItem\",\"position\":2,\"name\":\"Produkte\",\"item\":\"https:\/\/aquaforest.eu\/de\/produkte\/\"},{\"@type\":\"ListItem\",\"position\":3,\"name\":\"Component 1+2+3+ Concentrate\"}]},{\"@type\":\"WebSite\",\"@id\":\"https:\/\/aquaforest.eu\/de\/#website\",\"url\":\"https:\/\/aquaforest.eu\/de\/\",\"name\":\"Aquaforest\",\"description\":\"\",\"publisher\":{\"@id\":\"https:\/\/aquaforest.eu\/de\/#organization\"},\"potentialAction\":[{\"@type\":\"SearchAction\",\"target\":{\"@type\":\"EntryPoint\",\"urlTemplate\":\"https:\/\/aquaforest.eu\/de\/?s={search_term_string}\"},\"query-input\":{\"@type\":\"PropertyValueSpecification\",\"valueRequired\":true,\"valueName\":\"search_term_string\"}}],\"inLanguage\":\"de\"},{\"@type\":\"Organization\",\"@id\":\"https:\/\/aquaforest.eu\/de\/#organization\",\"name\":\"Aquaforest\",\"url\":\"https:\/\/aquaforest.eu\/de\/\",\"logo\":{\"@type\":\"ImageObject\",\"inLanguage\":\"de\",\"@id\":\"https:\/\/aquaforest.eu\/de\/#\/schema\/logo\/image\/\",\"url\":\"https:\/\/aquaforest.eu\/wp-content\/uploads\/2024\/05\/logotyp-aquaforest.svg\",\"contentUrl\":\"https:\/\/aquaforest.eu\/wp-content\/uploads\/2024\/05\/logotyp-aquaforest.svg\",\"width\":170,\"height\":22,\"caption\":\"Aquaforest\"},\"image\":{\"@id\":\"https:\/\/aquaforest.eu\/de\/#\/schema\/logo\/image\/\"},\"sameAs\":[\"https:\/\/www.facebook.com\/Aquaforest\/\",\"https:\/\/www.instagram.com\/aquaforest.eu\/\"]}]}<\/script>\n<!-- \/ Yoast SEO plugin. -->","yoast_head_json":{"title":"Component 1+2+3+ Concentrate","robots":{"index":"index","follow":"follow","max-snippet":"max-snippet:-1","max-image-preview":"max-image-preview:large","max-video-preview":"max-video-preview:-1"},"canonical":"https:\/\/aquaforest.eu\/de\/produkte\/seawater\/wasseraufbereitung\/component-123-concentrate\/","og_locale":"de_DE","og_type":"article","og_title":"Component 1+2+3+ Concentrate","og_description":"Einfach anzuwendendes Set zur Aufrechterhaltung des chemischen Gleichgewichts in Meerwasseraquarien. Einfach und effektiv.","og_url":"https:\/\/aquaforest.eu\/de\/produkte\/seawater\/wasseraufbereitung\/component-123-concentrate\/","og_site_name":"Aquaforest","article_publisher":"https:\/\/www.facebook.com\/Aquaforest\/","article_modified_time":"2025-10-29T09:25:01+00:00","og_image":[{"width":1800,"height":1350,"url":"https:\/\/aquaforest.eu\/wp-content\/uploads\/2025\/03\/Component-Concentrate-karton-2.png","type":"image\/png"}],"twitter_card":"summary_large_image","twitter_misc":{"Gesch\u00e4tzte Lesezeit":"3\u00a0Minuten"},"schema":{"@context":"https:\/\/schema.org","@graph":[{"@type":"WebPage","@id":"https:\/\/aquaforest.eu\/de\/produkte\/seawater\/wasseraufbereitung\/component-123-concentrate\/","url":"https:\/\/aquaforest.eu\/de\/produkte\/seawater\/wasseraufbereitung\/component-123-concentrate\/","name":"Component 1+2+3+ Concentrate","isPartOf":{"@id":"https:\/\/aquaforest.eu\/de\/#website"},"primaryImageOfPage":{"@id":"https:\/\/aquaforest.eu\/de\/produkte\/seawater\/wasseraufbereitung\/component-123-concentrate\/#primaryimage"},"image":{"@id":"https:\/\/aquaforest.eu\/de\/produkte\/seawater\/wasseraufbereitung\/component-123-concentrate\/#primaryimage"},"thumbnailUrl":"https:\/\/aquaforest.eu\/wp-content\/uploads\/2025\/03\/Component-Concentrate-karton-2.png","datePublished":"2025-06-05T09:18:00+00:00","dateModified":"2025-10-29T09:25:01+00:00","breadcrumb":{"@id":"https:\/\/aquaforest.eu\/de\/produkte\/seawater\/wasseraufbereitung\/component-123-concentrate\/#breadcrumb"},"inLanguage":"de","potentialAction":[{"@type":"ReadAction","target":["https:\/\/aquaforest.eu\/de\/produkte\/seawater\/wasseraufbereitung\/component-123-concentrate\/"]}]},{"@type":"ImageObject","inLanguage":"de","@id":"https:\/\/aquaforest.eu\/de\/produkte\/seawater\/wasseraufbereitung\/component-123-concentrate\/#primaryimage","url":"https:\/\/aquaforest.eu\/wp-content\/uploads\/2025\/03\/Component-Concentrate-karton-2.png","contentUrl":"https:\/\/aquaforest.eu\/wp-content\/uploads\/2025\/03\/Component-Concentrate-karton-2.png","width":1800,"height":1350,"caption":"Zdj\u0119cie produktu Component 1+2+3+ Concentrate"},{"@type":"BreadcrumbList","@id":"https:\/\/aquaforest.eu\/de\/produkte\/seawater\/wasseraufbereitung\/component-123-concentrate\/#breadcrumb","itemListElement":[{"@type":"ListItem","position":1,"name":"Home","item":"https:\/\/aquaforest.eu\/de\/"},{"@type":"ListItem","position":2,"name":"Produkte","item":"https:\/\/aquaforest.eu\/de\/produkte\/"},{"@type":"ListItem","position":3,"name":"Component 1+2+3+ Concentrate"}]},{"@type":"WebSite","@id":"https:\/\/aquaforest.eu\/de\/#website","url":"https:\/\/aquaforest.eu\/de\/","name":"Aquaforest","description":"","publisher":{"@id":"https:\/\/aquaforest.eu\/de\/#organization"},"potentialAction":[{"@type":"SearchAction","target":{"@type":"EntryPoint","urlTemplate":"https:\/\/aquaforest.eu\/de\/?s={search_term_string}"},"query-input":{"@type":"PropertyValueSpecification","valueRequired":true,"valueName":"search_term_string"}}],"inLanguage":"de"},{"@type":"Organization","@id":"https:\/\/aquaforest.eu\/de\/#organization","name":"Aquaforest","url":"https:\/\/aquaforest.eu\/de\/","logo":{"@type":"ImageObject","inLanguage":"de","@id":"https:\/\/aquaforest.eu\/de\/#\/schema\/logo\/image\/","url":"https:\/\/aquaforest.eu\/wp-content\/uploads\/2024\/05\/logotyp-aquaforest.svg","contentUrl":"https:\/\/aquaforest.eu\/wp-content\/uploads\/2024\/05\/logotyp-aquaforest.svg","width":170,"height":22,"caption":"Aquaforest"},"image":{"@id":"https:\/\/aquaforest.eu\/de\/#\/schema\/logo\/image\/"},"sameAs":["https:\/\/www.facebook.com\/Aquaforest\/","https:\/\/www.instagram.com\/aquaforest.eu\/"]}]}},"_links":{"self":[{"href":"https:\/\/aquaforest.eu\/de\/wp-json\/wp\/v2\/product\/22624","targetHints":{"allow":["GET"]}}],"collection":[{"href":"https:\/\/aquaforest.eu\/de\/wp-json\/wp\/v2\/product"}],"about":[{"href":"https:\/\/aquaforest.eu\/de\/wp-json\/wp\/v2\/types\/product"}],"version-history":[{"count":8,"href":"https:\/\/aquaforest.eu\/de\/wp-json\/wp\/v2\/product\/22624\/revisions"}],"predecessor-version":[{"id":26592,"href":"https:\/\/aquaforest.eu\/de\/wp-json\/wp\/v2\/product\/22624\/revisions\/26592"}],"wp:featuredmedia":[{"embeddable":true,"href":"https:\/\/aquaforest.eu\/de\/wp-json\/wp\/v2\/media\/22617"}],"wp:attachment":[{"href":"https:\/\/aquaforest.eu\/de\/wp-json\/wp\/v2\/media?parent=22624"}],"wp:term":[{"taxonomy":"product_brand","embeddable":true,"href":"https:\/\/aquaforest.eu\/de\/wp-json\/wp\/v2\/product_brand?post=22624"},{"taxonomy":"product_cat","embeddable":true,"href":"https:\/\/aquaforest.eu\/de\/wp-json\/wp\/v2\/product_cat?post=22624"},{"taxonomy":"product_tag","embeddable":true,"href":"https:\/\/aquaforest.eu\/de\/wp-json\/wp\/v2\/product_tag?post=22624"}],"curies":[{"name":"wp","href":"https:\/\/api.w.org\/{rel}","templated":true}]}}