{"id":22954,"date":"2025-07-25T12:56:14","date_gmt":"2025-07-25T10:56:14","guid":{"rendered":"https:\/\/aquaforest.eu\/?post_type=product&#038;p=22954"},"modified":"2025-07-25T12:56:14","modified_gmt":"2025-07-25T10:56:14","slug":"af-nano-rock","status":"publish","type":"product","link":"https:\/\/aquaforest.eu\/de\/produkte\/seawater\/aquascaping\/af-nano-rock\/","title":{"rendered":"AF Nano Rock"},"content":{"rendered":"<h1 data-start=\"36\" data-end=\"133\"><strong data-start=\"36\" data-end=\"133\">AF Nano Rock \u2013 Stein f\u00fcr marine Nano-Aquarien mit hoher Porosit\u00e4t und \u00f6kologischer Stabilit\u00e4t<\/strong><\/h1>\n<p data-start=\"135\" data-end=\"259\">Tr\u00e4umen Sie davon, ein perfektes St\u00fcck Ozean zu Hause zu haben, wo Korallen gesund gedeihen und das Wasser vor Leben spr\u00fcht?<\/p>\n<p data-start=\"261\" data-end=\"555\">Im Meerwasseraquaristik-Hobby ist Stein nicht nur Dekoration \u2013 er ist die Grundlage eines gesunden, stabilen \u00d6kosystems. Er bietet Lebensraum f\u00fcr n\u00fctzliche Bakterien, unterst\u00fctzt die Filterprozesse und stabilisiert die Wasserwerte, die f\u00fcr das Wachstum von Korallen und Fischen essenziell sind.<\/p>\n<p data-start=\"557\" data-end=\"843\">AF Nano Rock wurde speziell f\u00fcr einfaches Aquascaping in Nano-Aquarien entwickelt und bietet Leichtigkeit, hohe Porosit\u00e4t und ein nat\u00fcrliches Aussehen. Er hilft Ihnen, ein stabiles Umfeld zu schaffen, beschleunigt die Reifung des Aquariums und f\u00f6rdert das Wachstum n\u00fctzlicher Bakterien.<\/p>\n<p data-start=\"845\" data-end=\"1044\">Der Stein ist frei von Schadstoffen und unerw\u00fcnschten Organismen und garantiert so die Sicherheit Ihres Aquariums. Mit AF Nano Rock wird der Aufbau eines sch\u00f6nen, nat\u00fcrlichen Riffs einfacher denn je.<\/p>\n<h2 data-start=\"1046\" data-end=\"1109\"><strong data-start=\"1046\" data-end=\"1109\">Hohe Porosit\u00e4t \u2013 Nat\u00fcrliche Unterst\u00fctzung f\u00fcr Ihr \u00d6kosystem<\/strong><\/h2>\n<p data-start=\"1111\" data-end=\"1239\">AF Nano Rock ist ein handgefertigter, hochpor\u00f6ser Stein aus nat\u00fcrlichen Zutaten h\u00f6chster Qualit\u00e4t, ideal f\u00fcr Meerwasseraquarien.<\/p>\n<p data-start=\"1241\" data-end=\"1572\">Dank seiner por\u00f6sen Struktur f\u00f6rdert AF Nano Rock das Wachstum n\u00fctzlicher Bakterien, beschleunigt die Reifung des Aquariums (besonders in Kombination mit Bio S) und sorgt f\u00fcr stabile Wasserwerte. Die leichte Bauweise und kompakte Gr\u00f6\u00dfe erleichtern die Gestaltung einzigartiger Aquascapes, auch im begrenzten Raum von Nano-Aquarien.<\/p>\n<p data-start=\"1574\" data-end=\"1967\">Mit AF Nano Rock schaffen Sie nicht nur eine optisch ansprechende Dekoration \u2013 Sie bauen eine sichere, gesunde Umgebung, in der Meereslebewesen harmonisch gedeihen k\u00f6nnen. Verabschieden Sie sich von Sorgen \u00fcber unerw\u00fcnschte Organismen oder schwer zu arrangierende Steine. Jetzt ist es einfacher denn je, eine stabile und beeindruckende Unterwasserlandschaft zu gestalten, die jeden begeistert.<\/p>\n<h2 data-start=\"1969\" data-end=\"2031\"><strong data-start=\"1969\" data-end=\"2031\">Biologische Sicherheit \u2013 Frei von unerw\u00fcnschten Organismen<\/strong><\/h2>\n<p data-start=\"2033\" data-end=\"2191\">AF Nano Rock ist frei von Schadstoffen, unerw\u00fcnschten Algen und Parasiten und wurde im Labor getestet, um die Sicherheit f\u00fcr Meereslebewesen zu gew\u00e4hrleisten.<\/p>\n<p data-start=\"2193\" data-end=\"2365\">Dieser Stein gibt keine sch\u00e4dlichen Stoffe ins Wasser ab; stattdessen stabilisiert er pH und KH, f\u00f6rdert schnelleres Korallenwachstum und erh\u00e4lt ein gesundes Aquariumklima.<\/p>\n<p data-start=\"2367\" data-end=\"2663\">Genie\u00dfen Sie die Sch\u00f6nheit eines florierenden Korallenriffs ohne Risiko, sch\u00e4dliche Organismen einzuf\u00fchren. Ihr Aquarium reift schneller, was Meeresleben erm\u00f6glicht, in sicheren, stabilen Bedingungen zu gedeihen \u2013 f\u00fcr Ihre Sorgenfreiheit und die Freude, gesunde, lebendige Korallen zu beobachten.<\/p>\n<h2 data-start=\"2665\" data-end=\"2732\"><strong data-start=\"2665\" data-end=\"2732\">Einfaches Aquascaping \u2013 Freiheit f\u00fcr einzigartige Kompositionen<\/strong><\/h2>\n<p data-start=\"2734\" data-end=\"2851\">AF Nano Rock ist einfach zu handhaben \u2013 Sie k\u00f6nnen die Steine m\u00fchelos schneiden, brechen und mit Stone Fix verbinden.<\/p>\n<p data-start=\"2853\" data-end=\"3009\">So haben Sie die Freiheit, einzigartige Layouts zu gestalten, die speziell auf die Form Ihres Aquariums und Ihre individuellen Vorlieben zugeschnitten sind.<\/p>\n<p data-start=\"3011\" data-end=\"3232\">Vergessen Sie Kompromisse und Einschr\u00e4nkungen. Jetzt kann Ihr Nano-Aquarium seinen eigenen unverwechselbaren Charakter haben, wobei jede Komposition wirklich einzigartig wird und Ihre Kreativit\u00e4t und Vision widerspiegelt.<\/p>\n","protected":false},"excerpt":{"rendered":"<p>Hochpor\u00f6ser Meeresstein, speziell f\u00fcr Nano-Aquarien entwickelt.<\/p>\n","protected":false},"featured_media":24191,"template":"","meta":{"_acf_changed":false,"content-type":""},"product_brand":[],"product_cat":[1149],"product_tag":[1099,1120,1417],"class_list":{"0":"post-22954","1":"product","2":"type-product","3":"status-publish","4":"has-post-thumbnail","6":"product_cat-aquascaping","7":"product_tag-aquascaping-de","8":"product_tag-meerwasser-aquarien","9":"product_tag-variable-de","11":"first","12":"instock","13":"taxable","14":"shipping-taxable","15":"purchasable","16":"product-type-variable","17":"has-default-attributes"},"acf":[],"yoast_head":"<!-- This site is optimized with the Yoast SEO plugin v27.1.1 - https:\/\/yoast.com\/product\/yoast-seo-wordpress\/ -->\n<title>AF Nano Rock \u2013 Stein f\u00fcr marine Nano-Aquarien<\/title>\n<meta name=\"robots\" content=\"index, follow, max-snippet:-1, max-image-preview:large, max-video-preview:-1\" \/>\n<link rel=\"canonical\" href=\"https:\/\/aquaforest.eu\/de\/produkte\/seawater\/aquascaping\/af-nano-rock\/\" \/>\n<meta property=\"og:locale\" content=\"de_DE\" \/>\n<meta property=\"og:type\" content=\"article\" \/>\n<meta property=\"og:title\" content=\"AF Nano Rock \u2013 Stein f\u00fcr marine Nano-Aquarien\" \/>\n<meta property=\"og:description\" content=\"Hochpor\u00f6ser Meeresstein, speziell f\u00fcr Nano-Aquarien entwickelt.\" \/>\n<meta property=\"og:url\" content=\"https:\/\/aquaforest.eu\/de\/produkte\/seawater\/aquascaping\/af-nano-rock\/\" \/>\n<meta property=\"og:site_name\" content=\"Aquaforest\" \/>\n<meta property=\"article:publisher\" content=\"https:\/\/www.facebook.com\/Aquaforest\/\" \/>\n<meta property=\"og:image\" content=\"https:\/\/aquaforest.eu\/wp-content\/uploads\/2025\/06\/component-123-concentrate.png\" \/>\n\t<meta property=\"og:image:width\" content=\"1800\" \/>\n\t<meta property=\"og:image:height\" content=\"1800\" \/>\n\t<meta property=\"og:image:type\" content=\"image\/png\" \/>\n<meta name=\"twitter:card\" content=\"summary_large_image\" \/>\n<meta name=\"twitter:label1\" content=\"Gesch\u00e4tzte Lesezeit\" \/>\n\t<meta name=\"twitter:data1\" content=\"2\u00a0Minuten\" \/>\n<script type=\"application\/ld+json\" class=\"yoast-schema-graph\">{\"@context\":\"https:\/\/schema.org\",\"@graph\":[{\"@type\":\"WebPage\",\"@id\":\"https:\/\/aquaforest.eu\/de\/produkte\/seawater\/aquascaping\/af-nano-rock\/\",\"url\":\"https:\/\/aquaforest.eu\/de\/produkte\/seawater\/aquascaping\/af-nano-rock\/\",\"name\":\"AF Nano Rock \u2013 Stein f\u00fcr marine Nano-Aquarien\",\"isPartOf\":{\"@id\":\"https:\/\/aquaforest.eu\/de\/#website\"},\"primaryImageOfPage\":{\"@id\":\"https:\/\/aquaforest.eu\/de\/produkte\/seawater\/aquascaping\/af-nano-rock\/#primaryimage\"},\"image\":{\"@id\":\"https:\/\/aquaforest.eu\/de\/produkte\/seawater\/aquascaping\/af-nano-rock\/#primaryimage\"},\"thumbnailUrl\":\"https:\/\/aquaforest.eu\/wp-content\/uploads\/2025\/06\/component-123-concentrate.png\",\"datePublished\":\"2025-07-25T10:56:14+00:00\",\"breadcrumb\":{\"@id\":\"https:\/\/aquaforest.eu\/de\/produkte\/seawater\/aquascaping\/af-nano-rock\/#breadcrumb\"},\"inLanguage\":\"de\",\"potentialAction\":[{\"@type\":\"ReadAction\",\"target\":[\"https:\/\/aquaforest.eu\/de\/produkte\/seawater\/aquascaping\/af-nano-rock\/\"]}]},{\"@type\":\"ImageObject\",\"inLanguage\":\"de\",\"@id\":\"https:\/\/aquaforest.eu\/de\/produkte\/seawater\/aquascaping\/af-nano-rock\/#primaryimage\",\"url\":\"https:\/\/aquaforest.eu\/wp-content\/uploads\/2025\/06\/component-123-concentrate.png\",\"contentUrl\":\"https:\/\/aquaforest.eu\/wp-content\/uploads\/2025\/06\/component-123-concentrate.png\",\"width\":1800,\"height\":1800},{\"@type\":\"BreadcrumbList\",\"@id\":\"https:\/\/aquaforest.eu\/de\/produkte\/seawater\/aquascaping\/af-nano-rock\/#breadcrumb\",\"itemListElement\":[{\"@type\":\"ListItem\",\"position\":1,\"name\":\"Home\",\"item\":\"https:\/\/aquaforest.eu\/de\/\"},{\"@type\":\"ListItem\",\"position\":2,\"name\":\"Produkte\",\"item\":\"https:\/\/aquaforest.eu\/de\/produkte\/\"},{\"@type\":\"ListItem\",\"position\":3,\"name\":\"AF Nano Rock\"}]},{\"@type\":\"WebSite\",\"@id\":\"https:\/\/aquaforest.eu\/de\/#website\",\"url\":\"https:\/\/aquaforest.eu\/de\/\",\"name\":\"Aquaforest\",\"description\":\"\",\"publisher\":{\"@id\":\"https:\/\/aquaforest.eu\/de\/#organization\"},\"potentialAction\":[{\"@type\":\"SearchAction\",\"target\":{\"@type\":\"EntryPoint\",\"urlTemplate\":\"https:\/\/aquaforest.eu\/de\/?s={search_term_string}\"},\"query-input\":{\"@type\":\"PropertyValueSpecification\",\"valueRequired\":true,\"valueName\":\"search_term_string\"}}],\"inLanguage\":\"de\"},{\"@type\":\"Organization\",\"@id\":\"https:\/\/aquaforest.eu\/de\/#organization\",\"name\":\"Aquaforest\",\"url\":\"https:\/\/aquaforest.eu\/de\/\",\"logo\":{\"@type\":\"ImageObject\",\"inLanguage\":\"de\",\"@id\":\"https:\/\/aquaforest.eu\/de\/#\/schema\/logo\/image\/\",\"url\":\"https:\/\/aquaforest.eu\/wp-content\/uploads\/2024\/05\/logotyp-aquaforest.svg\",\"contentUrl\":\"https:\/\/aquaforest.eu\/wp-content\/uploads\/2024\/05\/logotyp-aquaforest.svg\",\"width\":170,\"height\":22,\"caption\":\"Aquaforest\"},\"image\":{\"@id\":\"https:\/\/aquaforest.eu\/de\/#\/schema\/logo\/image\/\"},\"sameAs\":[\"https:\/\/www.facebook.com\/Aquaforest\/\",\"https:\/\/www.instagram.com\/aquaforest.eu\/\"]}]}<\/script>\n<!-- \/ Yoast SEO plugin. -->","yoast_head_json":{"title":"AF Nano Rock \u2013 Stein f\u00fcr marine Nano-Aquarien","robots":{"index":"index","follow":"follow","max-snippet":"max-snippet:-1","max-image-preview":"max-image-preview:large","max-video-preview":"max-video-preview:-1"},"canonical":"https:\/\/aquaforest.eu\/de\/produkte\/seawater\/aquascaping\/af-nano-rock\/","og_locale":"de_DE","og_type":"article","og_title":"AF Nano Rock \u2013 Stein f\u00fcr marine Nano-Aquarien","og_description":"Hochpor\u00f6ser Meeresstein, speziell f\u00fcr Nano-Aquarien entwickelt.","og_url":"https:\/\/aquaforest.eu\/de\/produkte\/seawater\/aquascaping\/af-nano-rock\/","og_site_name":"Aquaforest","article_publisher":"https:\/\/www.facebook.com\/Aquaforest\/","og_image":[{"width":1800,"height":1800,"url":"https:\/\/aquaforest.eu\/wp-content\/uploads\/2025\/06\/component-123-concentrate.png","type":"image\/png"}],"twitter_card":"summary_large_image","twitter_misc":{"Gesch\u00e4tzte Lesezeit":"2\u00a0Minuten"},"schema":{"@context":"https:\/\/schema.org","@graph":[{"@type":"WebPage","@id":"https:\/\/aquaforest.eu\/de\/produkte\/seawater\/aquascaping\/af-nano-rock\/","url":"https:\/\/aquaforest.eu\/de\/produkte\/seawater\/aquascaping\/af-nano-rock\/","name":"AF Nano Rock \u2013 Stein f\u00fcr marine Nano-Aquarien","isPartOf":{"@id":"https:\/\/aquaforest.eu\/de\/#website"},"primaryImageOfPage":{"@id":"https:\/\/aquaforest.eu\/de\/produkte\/seawater\/aquascaping\/af-nano-rock\/#primaryimage"},"image":{"@id":"https:\/\/aquaforest.eu\/de\/produkte\/seawater\/aquascaping\/af-nano-rock\/#primaryimage"},"thumbnailUrl":"https:\/\/aquaforest.eu\/wp-content\/uploads\/2025\/06\/component-123-concentrate.png","datePublished":"2025-07-25T10:56:14+00:00","breadcrumb":{"@id":"https:\/\/aquaforest.eu\/de\/produkte\/seawater\/aquascaping\/af-nano-rock\/#breadcrumb"},"inLanguage":"de","potentialAction":[{"@type":"ReadAction","target":["https:\/\/aquaforest.eu\/de\/produkte\/seawater\/aquascaping\/af-nano-rock\/"]}]},{"@type":"ImageObject","inLanguage":"de","@id":"https:\/\/aquaforest.eu\/de\/produkte\/seawater\/aquascaping\/af-nano-rock\/#primaryimage","url":"https:\/\/aquaforest.eu\/wp-content\/uploads\/2025\/06\/component-123-concentrate.png","contentUrl":"https:\/\/aquaforest.eu\/wp-content\/uploads\/2025\/06\/component-123-concentrate.png","width":1800,"height":1800},{"@type":"BreadcrumbList","@id":"https:\/\/aquaforest.eu\/de\/produkte\/seawater\/aquascaping\/af-nano-rock\/#breadcrumb","itemListElement":[{"@type":"ListItem","position":1,"name":"Home","item":"https:\/\/aquaforest.eu\/de\/"},{"@type":"ListItem","position":2,"name":"Produkte","item":"https:\/\/aquaforest.eu\/de\/produkte\/"},{"@type":"ListItem","position":3,"name":"AF Nano Rock"}]},{"@type":"WebSite","@id":"https:\/\/aquaforest.eu\/de\/#website","url":"https:\/\/aquaforest.eu\/de\/","name":"Aquaforest","description":"","publisher":{"@id":"https:\/\/aquaforest.eu\/de\/#organization"},"potentialAction":[{"@type":"SearchAction","target":{"@type":"EntryPoint","urlTemplate":"https:\/\/aquaforest.eu\/de\/?s={search_term_string}"},"query-input":{"@type":"PropertyValueSpecification","valueRequired":true,"valueName":"search_term_string"}}],"inLanguage":"de"},{"@type":"Organization","@id":"https:\/\/aquaforest.eu\/de\/#organization","name":"Aquaforest","url":"https:\/\/aquaforest.eu\/de\/","logo":{"@type":"ImageObject","inLanguage":"de","@id":"https:\/\/aquaforest.eu\/de\/#\/schema\/logo\/image\/","url":"https:\/\/aquaforest.eu\/wp-content\/uploads\/2024\/05\/logotyp-aquaforest.svg","contentUrl":"https:\/\/aquaforest.eu\/wp-content\/uploads\/2024\/05\/logotyp-aquaforest.svg","width":170,"height":22,"caption":"Aquaforest"},"image":{"@id":"https:\/\/aquaforest.eu\/de\/#\/schema\/logo\/image\/"},"sameAs":["https:\/\/www.facebook.com\/Aquaforest\/","https:\/\/www.instagram.com\/aquaforest.eu\/"]}]}},"_links":{"self":[{"href":"https:\/\/aquaforest.eu\/de\/wp-json\/wp\/v2\/product\/22954","targetHints":{"allow":["GET"]}}],"collection":[{"href":"https:\/\/aquaforest.eu\/de\/wp-json\/wp\/v2\/product"}],"about":[{"href":"https:\/\/aquaforest.eu\/de\/wp-json\/wp\/v2\/types\/product"}],"version-history":[{"count":1,"href":"https:\/\/aquaforest.eu\/de\/wp-json\/wp\/v2\/product\/22954\/revisions"}],"predecessor-version":[{"id":22955,"href":"https:\/\/aquaforest.eu\/de\/wp-json\/wp\/v2\/product\/22954\/revisions\/22955"}],"wp:featuredmedia":[{"embeddable":true,"href":"https:\/\/aquaforest.eu\/de\/wp-json\/wp\/v2\/media\/24191"}],"wp:attachment":[{"href":"https:\/\/aquaforest.eu\/de\/wp-json\/wp\/v2\/media?parent=22954"}],"wp:term":[{"taxonomy":"product_brand","embeddable":true,"href":"https:\/\/aquaforest.eu\/de\/wp-json\/wp\/v2\/product_brand?post=22954"},{"taxonomy":"product_cat","embeddable":true,"href":"https:\/\/aquaforest.eu\/de\/wp-json\/wp\/v2\/product_cat?post=22954"},{"taxonomy":"product_tag","embeddable":true,"href":"https:\/\/aquaforest.eu\/de\/wp-json\/wp\/v2\/product_tag?post=22954"}],"curies":[{"name":"wp","href":"https:\/\/api.w.org\/{rel}","templated":true}]}}