{"id":25831,"date":"2025-10-02T12:05:29","date_gmt":"2025-10-02T10:05:29","guid":{"rendered":"https:\/\/aquaforest.eu\/?post_type=product&#038;p=25831"},"modified":"2025-10-02T12:26:01","modified_gmt":"2025-10-02T10:26:01","slug":"af-liquid-artemia-freshwater","status":"publish","type":"product","link":"https:\/\/aquaforest.eu\/de\/produkte\/freshwater\/erganzungsmittel-und-dungemittel\/af-liquid-artemia-freshwater\/","title":{"rendered":"AF Liquid Artemia Freshwater"},"content":{"rendered":"<p data-start=\"63\" data-end=\"538\"><strong data-start=\"63\" data-end=\"111\">Schnelle F\u00fctterung mit fl\u00fcssigem Fischfutter<\/strong><br data-start=\"111\" data-end=\"114\" \/>Liquid Artemia ist ein gebrauchsfertiges fl\u00fcssiges Futter auf Basis von <em data-start=\"186\" data-end=\"202\">Artemia salina<\/em>, das nicht aufgetaut werden muss. Es ben\u00f6tigt keine Tiefk\u00fchllagerung und verstr\u00f6mt keinen unangenehmen Geruch im K\u00fchlschrank \u2013 besonders praktisch f\u00fcr die t\u00e4gliche Anwendung. Die einfache Dosierung erm\u00f6glicht eine schnelle F\u00fctterung und reduziert das Risiko der Wasserbelastung, was die t\u00e4gliche Aquarienpflege erheblich erleichtert.<\/p>\n<p data-start=\"540\" data-end=\"1058\"><strong data-start=\"540\" data-end=\"624\">Besseres Wachstum und st\u00e4rkere Abwehrkr\u00e4fte dank nat\u00fcrlicher Proteine und Lipide<\/strong><br data-start=\"624\" data-end=\"627\" \/>Der hohe Gehalt an wertvollen Proteinen und Lipiden unterst\u00fctzt das Wachstum, die Geweberegeneration und die Entwicklung junger Fische. Liquid Artemia liefert zudem Omega-3- und Omega-6-Fetts\u00e4uren (DHA, EPA), die das Nervensystem, die Herzgesundheit und die Immunabwehr st\u00e4rken. Regelm\u00e4\u00dfige Anwendung verbessert die Kondition und steigert die Widerstandskraft, wodurch Stress und Krankheitsanf\u00e4lligkeit deutlich reduziert werden.<\/p>\n<p data-start=\"1060\" data-end=\"1326\"><strong data-start=\"1060\" data-end=\"1108\">Intensivere Farben durch nat\u00fcrliche Pigmente<\/strong><br data-start=\"1108\" data-end=\"1111\" \/>Dank nat\u00fcrlicher Carotinoide verst\u00e4rkt das Futter die Farbauspr\u00e4gung, besonders bei Arten mit roten, orangen und gelben Farbnuancen. Lebhaftere Farben machen die Fische zu einem echten Blickfang in jedem Aquarium.<\/p>\n<p data-start=\"1328\" data-end=\"2002\"><strong data-start=\"1328\" data-end=\"1389\">Mehr Appetit und st\u00e4rkere Immunit\u00e4t durch Knoblauchzusatz<\/strong><br data-start=\"1389\" data-end=\"1392\" \/>Der Zusatz von nat\u00fcrlichem Knoblauch wirkt appetitanregend und st\u00e4rkt das Immunsystem. Die Fische nehmen das Futter bereitwilliger auf \u2013 besonders wichtig f\u00fcr empfindliche, w\u00e4hlerische oder geschw\u00e4chte Tiere. Zudem enth\u00e4lt das Produkt die Vitamine A, C, D, E sowie B-Vitamine, die die Abwehrkr\u00e4fte unterst\u00fctzen, die Regeneration nach Krankheiten beschleunigen und Stress reduzieren. Liquid Artemia ist auch die ideale L\u00f6sung f\u00fcr anspruchsvolle Arten, die weder Granulat noch Flockenfutter annehmen \u2013 durch seine nat\u00fcrliche Form und seinen Geruch wird es selbst von den w\u00e4hlerischsten Fischen gerne gefressen.<\/p>\n<p data-start=\"2004\" data-end=\"2381\"><strong data-start=\"2004\" data-end=\"2067\">Sicheres F\u00fcttern ohne Chemie \u2013 nur nat\u00fcrliche Inhaltsstoffe<\/strong><br data-start=\"2067\" data-end=\"2070\" \/>Die Formel ist frei von k\u00fcnstlichen Konservierungsstoffen und basiert ausschlie\u00dflich auf nat\u00fcrlichen Zutaten. Dadurch ist Liquid Artemia eine sichere Wahl f\u00fcr alle Aquarientypen. Der Verzicht auf Chemie verringert das Risiko von Reizungen und wirkt sich positiv auf das gesamte Mikro\u00f6kosystem des Beckens aus.<\/p>\n<p data-start=\"2383\" data-end=\"2426\"><strong data-start=\"2383\" data-end=\"2424\">Was macht dieses Produkt einzigartig?<\/strong><\/p>\n<ul data-start=\"2427\" data-end=\"3061\">\n<li data-start=\"2427\" data-end=\"2510\">\n<p data-start=\"2429\" data-end=\"2510\">Fl\u00fcssige, sofort gebrauchsfertige Form \u2013 kein Auftauen, keine Zeitverschwendung<\/p>\n<\/li>\n<li data-start=\"2511\" data-end=\"2612\">\n<p data-start=\"2513\" data-end=\"2612\">Nat\u00fcrliche Zusammensetzung mit <em data-start=\"2544\" data-end=\"2560\">Artemia salina<\/em> \u2013 inspiriert von der Ern\u00e4hrung in freier Wildbahn<\/p>\n<\/li>\n<li data-start=\"2613\" data-end=\"2668\">\n<p data-start=\"2615\" data-end=\"2668\">Mit Knoblauch \u2013 verbessert Appetit und Abwehrkr\u00e4fte<\/p>\n<\/li>\n<li data-start=\"2669\" data-end=\"2714\">\n<p data-start=\"2671\" data-end=\"2714\">Mit Carotinoiden \u2013 f\u00fcr intensivere Farben<\/p>\n<\/li>\n<li data-start=\"2715\" data-end=\"2854\">\n<p data-start=\"2717\" data-end=\"2854\">Ideal f\u00fcr r\u00e4uberische und allesfressende Arten, die in der Natur Zooplankton jagen, sowie f\u00fcr junge, w\u00e4hlerische und geschw\u00e4chte Fische<\/p>\n<\/li>\n<li data-start=\"2855\" data-end=\"2922\">\n<p data-start=\"2857\" data-end=\"2922\">Leicht verdauliche Formel \u2013 belastet das Verdauungssystem nicht<\/p>\n<\/li>\n<li data-start=\"2923\" data-end=\"2992\">\n<p data-start=\"2925\" data-end=\"2992\">Ohne k\u00fcnstliche Konservierungsstoffe \u2013 100 % nat\u00fcrlich und sicher<\/p>\n<\/li>\n<li data-start=\"2993\" data-end=\"3061\">\n<p data-start=\"2995\" data-end=\"3061\">Tr\u00e4gt zur Sauberkeit im Aquarium bei \u2013 belastet das Wasser nicht<\/p>\n<\/li>\n<\/ul>\n<p data-start=\"3063\" data-end=\"3222\"><strong data-start=\"3063\" data-end=\"3079\">Wissenswert:<\/strong><br data-start=\"3079\" data-end=\"3082\" \/>Produkt ausschlie\u00dflich f\u00fcr die Aquaristik bestimmt. Au\u00dfer Reichweite von Kindern aufbewahren. Nicht f\u00fcr den menschlichen Verzehr geeignet.<\/p>\n","protected":false},"excerpt":{"rendered":"<p>Hochwertiges Fl\u00fcssigfutter aus <em data-start=\"523\" data-end=\"539\">Artemia salina<\/em>. Liefert Proteine, Fetts\u00e4uren und Carotinoide zur Unterst\u00fctzung von Wachstum, Abwehrkr\u00e4ften und leuchtenden Farben.<\/p>\n","protected":false},"featured_media":25817,"template":"","meta":{"_acf_changed":false,"content-type":""},"product_brand":[],"product_cat":[1138],"product_tag":[1122],"class_list":{"0":"post-25831","1":"product","2":"type-product","3":"status-publish","4":"has-post-thumbnail","6":"product_cat-erganzungsmittel-und-dungemittel","7":"product_tag-suswasseraquaristik","9":"first","10":"instock","11":"taxable","12":"shipping-taxable","13":"purchasable","14":"product-type-variable","15":"has-default-attributes"},"acf":[],"yoast_head":"<!-- This site is optimized with the Yoast SEO plugin v27.1.1 - https:\/\/yoast.com\/product\/yoast-seo-wordpress\/ -->\n<title>AF Liquid Artemia Freshwater - Aquaforest<\/title>\n<meta name=\"robots\" content=\"index, follow, max-snippet:-1, max-image-preview:large, max-video-preview:-1\" \/>\n<link rel=\"canonical\" href=\"https:\/\/aquaforest.eu\/de\/produkte\/freshwater\/erganzungsmittel-und-dungemittel\/af-liquid-artemia-freshwater\/\" \/>\n<meta property=\"og:locale\" content=\"de_DE\" \/>\n<meta property=\"og:type\" content=\"article\" \/>\n<meta property=\"og:title\" content=\"AF Liquid Artemia Freshwater - Aquaforest\" \/>\n<meta property=\"og:description\" content=\"Hochwertiges Fl\u00fcssigfutter aus Artemia salina. Liefert Proteine, Fetts\u00e4uren und Carotinoide zur Unterst\u00fctzung von Wachstum, Abwehrkr\u00e4ften und leuchtenden Farben.\" \/>\n<meta property=\"og:url\" content=\"https:\/\/aquaforest.eu\/de\/produkte\/freshwater\/erganzungsmittel-und-dungemittel\/af-liquid-artemia-freshwater\/\" \/>\n<meta property=\"og:site_name\" content=\"Aquaforest\" \/>\n<meta property=\"article:publisher\" content=\"https:\/\/www.facebook.com\/Aquaforest\/\" \/>\n<meta property=\"article:modified_time\" content=\"2025-10-02T10:26:01+00:00\" \/>\n<meta property=\"og:image\" content=\"https:\/\/aquaforest.eu\/wp-content\/uploads\/2025\/10\/AF-Liquid-Artemia-Freshwater-125ml-scaled.png\" \/>\n\t<meta property=\"og:image:width\" content=\"1920\" \/>\n\t<meta property=\"og:image:height\" content=\"2560\" \/>\n\t<meta property=\"og:image:type\" content=\"image\/png\" \/>\n<meta name=\"twitter:card\" content=\"summary_large_image\" \/>\n<meta name=\"twitter:label1\" content=\"Gesch\u00e4tzte Lesezeit\" \/>\n\t<meta name=\"twitter:data1\" content=\"2\u00a0Minuten\" \/>\n<script type=\"application\/ld+json\" class=\"yoast-schema-graph\">{\"@context\":\"https:\/\/schema.org\",\"@graph\":[{\"@type\":\"WebPage\",\"@id\":\"https:\/\/aquaforest.eu\/de\/produkte\/freshwater\/erganzungsmittel-und-dungemittel\/af-liquid-artemia-freshwater\/\",\"url\":\"https:\/\/aquaforest.eu\/de\/produkte\/freshwater\/erganzungsmittel-und-dungemittel\/af-liquid-artemia-freshwater\/\",\"name\":\"AF Liquid Artemia Freshwater - Aquaforest\",\"isPartOf\":{\"@id\":\"https:\/\/aquaforest.eu\/de\/#website\"},\"primaryImageOfPage\":{\"@id\":\"https:\/\/aquaforest.eu\/de\/produkte\/freshwater\/erganzungsmittel-und-dungemittel\/af-liquid-artemia-freshwater\/#primaryimage\"},\"image\":{\"@id\":\"https:\/\/aquaforest.eu\/de\/produkte\/freshwater\/erganzungsmittel-und-dungemittel\/af-liquid-artemia-freshwater\/#primaryimage\"},\"thumbnailUrl\":\"https:\/\/aquaforest.eu\/wp-content\/uploads\/2025\/10\/AF-Liquid-Artemia-Freshwater-125ml-scaled.png\",\"datePublished\":\"2025-10-02T10:05:29+00:00\",\"dateModified\":\"2025-10-02T10:26:01+00:00\",\"breadcrumb\":{\"@id\":\"https:\/\/aquaforest.eu\/de\/produkte\/freshwater\/erganzungsmittel-und-dungemittel\/af-liquid-artemia-freshwater\/#breadcrumb\"},\"inLanguage\":\"de\",\"potentialAction\":[{\"@type\":\"ReadAction\",\"target\":[\"https:\/\/aquaforest.eu\/de\/produkte\/freshwater\/erganzungsmittel-und-dungemittel\/af-liquid-artemia-freshwater\/\"]}]},{\"@type\":\"ImageObject\",\"inLanguage\":\"de\",\"@id\":\"https:\/\/aquaforest.eu\/de\/produkte\/freshwater\/erganzungsmittel-und-dungemittel\/af-liquid-artemia-freshwater\/#primaryimage\",\"url\":\"https:\/\/aquaforest.eu\/wp-content\/uploads\/2025\/10\/AF-Liquid-Artemia-Freshwater-125ml-scaled.png\",\"contentUrl\":\"https:\/\/aquaforest.eu\/wp-content\/uploads\/2025\/10\/AF-Liquid-Artemia-Freshwater-125ml-scaled.png\",\"width\":1920,\"height\":2560},{\"@type\":\"BreadcrumbList\",\"@id\":\"https:\/\/aquaforest.eu\/de\/produkte\/freshwater\/erganzungsmittel-und-dungemittel\/af-liquid-artemia-freshwater\/#breadcrumb\",\"itemListElement\":[{\"@type\":\"ListItem\",\"position\":1,\"name\":\"Home\",\"item\":\"https:\/\/aquaforest.eu\/de\/\"},{\"@type\":\"ListItem\",\"position\":2,\"name\":\"Produkte\",\"item\":\"https:\/\/aquaforest.eu\/de\/produkte\/\"},{\"@type\":\"ListItem\",\"position\":3,\"name\":\"AF Liquid Artemia Freshwater\"}]},{\"@type\":\"WebSite\",\"@id\":\"https:\/\/aquaforest.eu\/de\/#website\",\"url\":\"https:\/\/aquaforest.eu\/de\/\",\"name\":\"Aquaforest\",\"description\":\"\",\"publisher\":{\"@id\":\"https:\/\/aquaforest.eu\/de\/#organization\"},\"potentialAction\":[{\"@type\":\"SearchAction\",\"target\":{\"@type\":\"EntryPoint\",\"urlTemplate\":\"https:\/\/aquaforest.eu\/de\/?s={search_term_string}\"},\"query-input\":{\"@type\":\"PropertyValueSpecification\",\"valueRequired\":true,\"valueName\":\"search_term_string\"}}],\"inLanguage\":\"de\"},{\"@type\":\"Organization\",\"@id\":\"https:\/\/aquaforest.eu\/de\/#organization\",\"name\":\"Aquaforest\",\"url\":\"https:\/\/aquaforest.eu\/de\/\",\"logo\":{\"@type\":\"ImageObject\",\"inLanguage\":\"de\",\"@id\":\"https:\/\/aquaforest.eu\/de\/#\/schema\/logo\/image\/\",\"url\":\"https:\/\/aquaforest.eu\/wp-content\/uploads\/2024\/05\/logotyp-aquaforest.svg\",\"contentUrl\":\"https:\/\/aquaforest.eu\/wp-content\/uploads\/2024\/05\/logotyp-aquaforest.svg\",\"width\":170,\"height\":22,\"caption\":\"Aquaforest\"},\"image\":{\"@id\":\"https:\/\/aquaforest.eu\/de\/#\/schema\/logo\/image\/\"},\"sameAs\":[\"https:\/\/www.facebook.com\/Aquaforest\/\",\"https:\/\/www.instagram.com\/aquaforest.eu\/\"]}]}<\/script>\n<!-- \/ Yoast SEO plugin. -->","yoast_head_json":{"title":"AF Liquid Artemia Freshwater - Aquaforest","robots":{"index":"index","follow":"follow","max-snippet":"max-snippet:-1","max-image-preview":"max-image-preview:large","max-video-preview":"max-video-preview:-1"},"canonical":"https:\/\/aquaforest.eu\/de\/produkte\/freshwater\/erganzungsmittel-und-dungemittel\/af-liquid-artemia-freshwater\/","og_locale":"de_DE","og_type":"article","og_title":"AF Liquid Artemia Freshwater - Aquaforest","og_description":"Hochwertiges Fl\u00fcssigfutter aus Artemia salina. Liefert Proteine, Fetts\u00e4uren und Carotinoide zur Unterst\u00fctzung von Wachstum, Abwehrkr\u00e4ften und leuchtenden Farben.","og_url":"https:\/\/aquaforest.eu\/de\/produkte\/freshwater\/erganzungsmittel-und-dungemittel\/af-liquid-artemia-freshwater\/","og_site_name":"Aquaforest","article_publisher":"https:\/\/www.facebook.com\/Aquaforest\/","article_modified_time":"2025-10-02T10:26:01+00:00","og_image":[{"width":1920,"height":2560,"url":"https:\/\/aquaforest.eu\/wp-content\/uploads\/2025\/10\/AF-Liquid-Artemia-Freshwater-125ml-scaled.png","type":"image\/png"}],"twitter_card":"summary_large_image","twitter_misc":{"Gesch\u00e4tzte Lesezeit":"2\u00a0Minuten"},"schema":{"@context":"https:\/\/schema.org","@graph":[{"@type":"WebPage","@id":"https:\/\/aquaforest.eu\/de\/produkte\/freshwater\/erganzungsmittel-und-dungemittel\/af-liquid-artemia-freshwater\/","url":"https:\/\/aquaforest.eu\/de\/produkte\/freshwater\/erganzungsmittel-und-dungemittel\/af-liquid-artemia-freshwater\/","name":"AF Liquid Artemia Freshwater - Aquaforest","isPartOf":{"@id":"https:\/\/aquaforest.eu\/de\/#website"},"primaryImageOfPage":{"@id":"https:\/\/aquaforest.eu\/de\/produkte\/freshwater\/erganzungsmittel-und-dungemittel\/af-liquid-artemia-freshwater\/#primaryimage"},"image":{"@id":"https:\/\/aquaforest.eu\/de\/produkte\/freshwater\/erganzungsmittel-und-dungemittel\/af-liquid-artemia-freshwater\/#primaryimage"},"thumbnailUrl":"https:\/\/aquaforest.eu\/wp-content\/uploads\/2025\/10\/AF-Liquid-Artemia-Freshwater-125ml-scaled.png","datePublished":"2025-10-02T10:05:29+00:00","dateModified":"2025-10-02T10:26:01+00:00","breadcrumb":{"@id":"https:\/\/aquaforest.eu\/de\/produkte\/freshwater\/erganzungsmittel-und-dungemittel\/af-liquid-artemia-freshwater\/#breadcrumb"},"inLanguage":"de","potentialAction":[{"@type":"ReadAction","target":["https:\/\/aquaforest.eu\/de\/produkte\/freshwater\/erganzungsmittel-und-dungemittel\/af-liquid-artemia-freshwater\/"]}]},{"@type":"ImageObject","inLanguage":"de","@id":"https:\/\/aquaforest.eu\/de\/produkte\/freshwater\/erganzungsmittel-und-dungemittel\/af-liquid-artemia-freshwater\/#primaryimage","url":"https:\/\/aquaforest.eu\/wp-content\/uploads\/2025\/10\/AF-Liquid-Artemia-Freshwater-125ml-scaled.png","contentUrl":"https:\/\/aquaforest.eu\/wp-content\/uploads\/2025\/10\/AF-Liquid-Artemia-Freshwater-125ml-scaled.png","width":1920,"height":2560},{"@type":"BreadcrumbList","@id":"https:\/\/aquaforest.eu\/de\/produkte\/freshwater\/erganzungsmittel-und-dungemittel\/af-liquid-artemia-freshwater\/#breadcrumb","itemListElement":[{"@type":"ListItem","position":1,"name":"Home","item":"https:\/\/aquaforest.eu\/de\/"},{"@type":"ListItem","position":2,"name":"Produkte","item":"https:\/\/aquaforest.eu\/de\/produkte\/"},{"@type":"ListItem","position":3,"name":"AF Liquid Artemia Freshwater"}]},{"@type":"WebSite","@id":"https:\/\/aquaforest.eu\/de\/#website","url":"https:\/\/aquaforest.eu\/de\/","name":"Aquaforest","description":"","publisher":{"@id":"https:\/\/aquaforest.eu\/de\/#organization"},"potentialAction":[{"@type":"SearchAction","target":{"@type":"EntryPoint","urlTemplate":"https:\/\/aquaforest.eu\/de\/?s={search_term_string}"},"query-input":{"@type":"PropertyValueSpecification","valueRequired":true,"valueName":"search_term_string"}}],"inLanguage":"de"},{"@type":"Organization","@id":"https:\/\/aquaforest.eu\/de\/#organization","name":"Aquaforest","url":"https:\/\/aquaforest.eu\/de\/","logo":{"@type":"ImageObject","inLanguage":"de","@id":"https:\/\/aquaforest.eu\/de\/#\/schema\/logo\/image\/","url":"https:\/\/aquaforest.eu\/wp-content\/uploads\/2024\/05\/logotyp-aquaforest.svg","contentUrl":"https:\/\/aquaforest.eu\/wp-content\/uploads\/2024\/05\/logotyp-aquaforest.svg","width":170,"height":22,"caption":"Aquaforest"},"image":{"@id":"https:\/\/aquaforest.eu\/de\/#\/schema\/logo\/image\/"},"sameAs":["https:\/\/www.facebook.com\/Aquaforest\/","https:\/\/www.instagram.com\/aquaforest.eu\/"]}]}},"_links":{"self":[{"href":"https:\/\/aquaforest.eu\/de\/wp-json\/wp\/v2\/product\/25831","targetHints":{"allow":["GET"]}}],"collection":[{"href":"https:\/\/aquaforest.eu\/de\/wp-json\/wp\/v2\/product"}],"about":[{"href":"https:\/\/aquaforest.eu\/de\/wp-json\/wp\/v2\/types\/product"}],"version-history":[{"count":2,"href":"https:\/\/aquaforest.eu\/de\/wp-json\/wp\/v2\/product\/25831\/revisions"}],"predecessor-version":[{"id":25841,"href":"https:\/\/aquaforest.eu\/de\/wp-json\/wp\/v2\/product\/25831\/revisions\/25841"}],"wp:featuredmedia":[{"embeddable":true,"href":"https:\/\/aquaforest.eu\/de\/wp-json\/wp\/v2\/media\/25817"}],"wp:attachment":[{"href":"https:\/\/aquaforest.eu\/de\/wp-json\/wp\/v2\/media?parent=25831"}],"wp:term":[{"taxonomy":"product_brand","embeddable":true,"href":"https:\/\/aquaforest.eu\/de\/wp-json\/wp\/v2\/product_brand?post=25831"},{"taxonomy":"product_cat","embeddable":true,"href":"https:\/\/aquaforest.eu\/de\/wp-json\/wp\/v2\/product_cat?post=25831"},{"taxonomy":"product_tag","embeddable":true,"href":"https:\/\/aquaforest.eu\/de\/wp-json\/wp\/v2\/product_tag?post=25831"}],"curies":[{"name":"wp","href":"https:\/\/api.w.org\/{rel}","templated":true}]}}