{"id":25861,"date":"2025-10-02T13:10:40","date_gmt":"2025-10-02T11:10:40","guid":{"rendered":"https:\/\/aquaforest.eu\/?post_type=product&#038;p=25861"},"modified":"2025-10-02T13:13:19","modified_gmt":"2025-10-02T11:13:19","slug":"icp-test-freshwater","status":"publish","type":"product","link":"https:\/\/aquaforest.eu\/de\/produkte\/freshwater\/wasserversorgung\/icp-test-freshwater\/","title":{"rendered":"ICP Test Freshwater"},"content":{"rendered":"<p data-start=\"72\" data-end=\"500\">Ein fortschrittlicher ICP-OES-Test, entwickelt f\u00fcr S\u00fc\u00dfwasseraquarianer. Bietet eine hochpr\u00e4zise Analyse von 23 Schl\u00fcsselparametern, darunter Makro- und Mikroelemente, Wasserh\u00e4rte sowie potenziell sch\u00e4dliche Schwermetalle. Der Test umfasst unter anderem: N, P, K, Ca, Mg, Na, Fe, Mn, B, S, Si, Mo, Ni, Co, Zn, Cu, NO\u2083\u207b, PO\u2084\u00b3\u207b, SO\u2084\u00b2\u207b, KH, GH, das NO\u2083:PO\u2084-Verh\u00e4ltnis und das Redfield-Verh\u00e4ltnis.<br data-start=\"483\" data-end=\"486\" \/>Perfekt f\u00fcr:<\/p>\n<ul data-start=\"501\" data-end=\"577\">\n<li data-start=\"501\" data-end=\"521\">\n<p data-start=\"503\" data-end=\"521\">Pflanzenaquarien<\/p>\n<\/li>\n<li data-start=\"522\" data-end=\"538\">\n<p data-start=\"524\" data-end=\"538\">Diskushalter<\/p>\n<\/li>\n<li data-start=\"539\" data-end=\"557\">\n<p data-start=\"541\" data-end=\"557\">Garnelenbecken<\/p>\n<\/li>\n<li data-start=\"558\" data-end=\"577\">\n<p data-start=\"560\" data-end=\"577\">Biotop-Aquarien<\/p>\n<\/li>\n<\/ul>\n<p data-start=\"579\" data-end=\"603\"><strong data-start=\"579\" data-end=\"601\">Wichtige Vorteile:<\/strong><\/p>\n<ul data-start=\"604\" data-end=\"865\">\n<li data-start=\"604\" data-end=\"653\">\n<p data-start=\"606\" data-end=\"653\">H\u00f6here Genauigkeit als herk\u00f6mmliche Heimtests<\/p>\n<\/li>\n<li data-start=\"654\" data-end=\"726\">\n<p data-start=\"656\" data-end=\"726\">Hilft bei der Diagnose von Problemen und der Optimierung der D\u00fcngung<\/p>\n<\/li>\n<li data-start=\"727\" data-end=\"833\">\n<p data-start=\"729\" data-end=\"833\">Unterst\u00fctzt die Gesundheit von Fischen, Garnelen und Pflanzen durch stabile, sichere Wasserbedingungen<\/p>\n<\/li>\n<li data-start=\"834\" data-end=\"865\">\n<p data-start=\"836\" data-end=\"865\">Ergebnisse online verf\u00fcgbar<\/p>\n<\/li>\n<\/ul>\n<p data-start=\"867\" data-end=\"1028\">Die Analyseergebnisse erm\u00f6glichen es, die Wasserparameter Ihres Aquariums pr\u00e4zise an dessen Bed\u00fcrfnisse anzupassen \u2013 noch bevor erste Probleme sichtbar werden.<\/p>\n","protected":false},"excerpt":{"rendered":"<p>Fortschrittlicher ICP-OES-Test f\u00fcr S\u00fc\u00dfwasseraquarien. Misst pr\u00e4zise 23 wichtige Parameter, darunter Makro- und Mikroelemente sowie Schwermetalle, f\u00fcr eine optimale Wasserqualit\u00e4t.<\/p>\n","protected":false},"featured_media":25855,"template":"","meta":{"_acf_changed":false,"content-type":""},"product_brand":[],"product_cat":[1140],"product_tag":[1122],"class_list":{"0":"post-25861","1":"product","2":"type-product","3":"status-publish","4":"has-post-thumbnail","6":"product_cat-wasserversorgung","7":"product_tag-suswasseraquaristik","9":"first","10":"outofstock","11":"taxable","12":"shipping-taxable","13":"purchasable","14":"product-type-simple"},"acf":[],"yoast_head":"<!-- This site is optimized with the Yoast SEO plugin v27.1.1 - https:\/\/yoast.com\/product\/yoast-seo-wordpress\/ -->\n<title>ICP Test Freshwater - Aquaforest<\/title>\n<meta name=\"robots\" content=\"index, follow, max-snippet:-1, max-image-preview:large, max-video-preview:-1\" \/>\n<link rel=\"canonical\" href=\"https:\/\/aquaforest.eu\/de\/produkte\/freshwater\/wasserversorgung\/icp-test-freshwater\/\" \/>\n<meta property=\"og:locale\" content=\"de_DE\" \/>\n<meta property=\"og:type\" content=\"article\" \/>\n<meta property=\"og:title\" content=\"ICP Test Freshwater - Aquaforest\" \/>\n<meta property=\"og:description\" content=\"Fortschrittlicher ICP-OES-Test f\u00fcr S\u00fc\u00dfwasseraquarien. Misst pr\u00e4zise 23 wichtige Parameter, darunter Makro- und Mikroelemente sowie Schwermetalle, f\u00fcr eine optimale Wasserqualit\u00e4t.\" \/>\n<meta property=\"og:url\" content=\"https:\/\/aquaforest.eu\/de\/produkte\/freshwater\/wasserversorgung\/icp-test-freshwater\/\" \/>\n<meta property=\"og:site_name\" content=\"Aquaforest\" \/>\n<meta property=\"article:publisher\" content=\"https:\/\/www.facebook.com\/Aquaforest\/\" \/>\n<meta property=\"article:modified_time\" content=\"2025-10-02T11:13:19+00:00\" \/>\n<meta name=\"twitter:card\" content=\"summary_large_image\" \/>\n<meta name=\"twitter:image\" content=\"https:\/\/aquaforest.eu\/wp-content\/uploads\/2025\/10\/ICP-Freshwater-1-1-scaled.png\" \/>\n<meta name=\"twitter:label1\" content=\"Gesch\u00e4tzte Lesezeit\" \/>\n\t<meta name=\"twitter:data1\" content=\"1\u00a0Minute\" \/>\n<script type=\"application\/ld+json\" class=\"yoast-schema-graph\">{\"@context\":\"https:\/\/schema.org\",\"@graph\":[{\"@type\":\"WebPage\",\"@id\":\"https:\/\/aquaforest.eu\/de\/produkte\/freshwater\/wasserversorgung\/icp-test-freshwater\/\",\"url\":\"https:\/\/aquaforest.eu\/de\/produkte\/freshwater\/wasserversorgung\/icp-test-freshwater\/\",\"name\":\"ICP Test Freshwater - Aquaforest\",\"isPartOf\":{\"@id\":\"https:\/\/aquaforest.eu\/de\/#website\"},\"primaryImageOfPage\":{\"@id\":\"https:\/\/aquaforest.eu\/de\/produkte\/freshwater\/wasserversorgung\/icp-test-freshwater\/#primaryimage\"},\"image\":{\"@id\":\"https:\/\/aquaforest.eu\/de\/produkte\/freshwater\/wasserversorgung\/icp-test-freshwater\/#primaryimage\"},\"thumbnailUrl\":\"https:\/\/aquaforest.eu\/wp-content\/uploads\/2025\/10\/ICP-Freshwater-1-1-scaled.png\",\"datePublished\":\"2025-10-02T11:10:40+00:00\",\"dateModified\":\"2025-10-02T11:13:19+00:00\",\"breadcrumb\":{\"@id\":\"https:\/\/aquaforest.eu\/de\/produkte\/freshwater\/wasserversorgung\/icp-test-freshwater\/#breadcrumb\"},\"inLanguage\":\"de\",\"potentialAction\":[{\"@type\":\"ReadAction\",\"target\":[\"https:\/\/aquaforest.eu\/de\/produkte\/freshwater\/wasserversorgung\/icp-test-freshwater\/\"]}]},{\"@type\":\"ImageObject\",\"inLanguage\":\"de\",\"@id\":\"https:\/\/aquaforest.eu\/de\/produkte\/freshwater\/wasserversorgung\/icp-test-freshwater\/#primaryimage\",\"url\":\"https:\/\/aquaforest.eu\/wp-content\/uploads\/2025\/10\/ICP-Freshwater-1-1-scaled.png\",\"contentUrl\":\"https:\/\/aquaforest.eu\/wp-content\/uploads\/2025\/10\/ICP-Freshwater-1-1-scaled.png\",\"width\":2560,\"height\":2560,\"caption\":\"ICP Test for Freshwater aquariums\"},{\"@type\":\"BreadcrumbList\",\"@id\":\"https:\/\/aquaforest.eu\/de\/produkte\/freshwater\/wasserversorgung\/icp-test-freshwater\/#breadcrumb\",\"itemListElement\":[{\"@type\":\"ListItem\",\"position\":1,\"name\":\"Home\",\"item\":\"https:\/\/aquaforest.eu\/de\/\"},{\"@type\":\"ListItem\",\"position\":2,\"name\":\"Produkte\",\"item\":\"https:\/\/aquaforest.eu\/de\/produkte\/\"},{\"@type\":\"ListItem\",\"position\":3,\"name\":\"ICP Test Freshwater\"}]},{\"@type\":\"WebSite\",\"@id\":\"https:\/\/aquaforest.eu\/de\/#website\",\"url\":\"https:\/\/aquaforest.eu\/de\/\",\"name\":\"Aquaforest\",\"description\":\"\",\"publisher\":{\"@id\":\"https:\/\/aquaforest.eu\/de\/#organization\"},\"potentialAction\":[{\"@type\":\"SearchAction\",\"target\":{\"@type\":\"EntryPoint\",\"urlTemplate\":\"https:\/\/aquaforest.eu\/de\/?s={search_term_string}\"},\"query-input\":{\"@type\":\"PropertyValueSpecification\",\"valueRequired\":true,\"valueName\":\"search_term_string\"}}],\"inLanguage\":\"de\"},{\"@type\":\"Organization\",\"@id\":\"https:\/\/aquaforest.eu\/de\/#organization\",\"name\":\"Aquaforest\",\"url\":\"https:\/\/aquaforest.eu\/de\/\",\"logo\":{\"@type\":\"ImageObject\",\"inLanguage\":\"de\",\"@id\":\"https:\/\/aquaforest.eu\/de\/#\/schema\/logo\/image\/\",\"url\":\"https:\/\/aquaforest.eu\/wp-content\/uploads\/2024\/05\/logotyp-aquaforest.svg\",\"contentUrl\":\"https:\/\/aquaforest.eu\/wp-content\/uploads\/2024\/05\/logotyp-aquaforest.svg\",\"width\":170,\"height\":22,\"caption\":\"Aquaforest\"},\"image\":{\"@id\":\"https:\/\/aquaforest.eu\/de\/#\/schema\/logo\/image\/\"},\"sameAs\":[\"https:\/\/www.facebook.com\/Aquaforest\/\",\"https:\/\/www.instagram.com\/aquaforest.eu\/\"]}]}<\/script>\n<!-- \/ Yoast SEO plugin. -->","yoast_head_json":{"title":"ICP Test Freshwater - Aquaforest","robots":{"index":"index","follow":"follow","max-snippet":"max-snippet:-1","max-image-preview":"max-image-preview:large","max-video-preview":"max-video-preview:-1"},"canonical":"https:\/\/aquaforest.eu\/de\/produkte\/freshwater\/wasserversorgung\/icp-test-freshwater\/","og_locale":"de_DE","og_type":"article","og_title":"ICP Test Freshwater - Aquaforest","og_description":"Fortschrittlicher ICP-OES-Test f\u00fcr S\u00fc\u00dfwasseraquarien. Misst pr\u00e4zise 23 wichtige Parameter, darunter Makro- und Mikroelemente sowie Schwermetalle, f\u00fcr eine optimale Wasserqualit\u00e4t.","og_url":"https:\/\/aquaforest.eu\/de\/produkte\/freshwater\/wasserversorgung\/icp-test-freshwater\/","og_site_name":"Aquaforest","article_publisher":"https:\/\/www.facebook.com\/Aquaforest\/","article_modified_time":"2025-10-02T11:13:19+00:00","twitter_card":"summary_large_image","twitter_image":"https:\/\/aquaforest.eu\/wp-content\/uploads\/2025\/10\/ICP-Freshwater-1-1-scaled.png","twitter_misc":{"Gesch\u00e4tzte Lesezeit":"1\u00a0Minute"},"schema":{"@context":"https:\/\/schema.org","@graph":[{"@type":"WebPage","@id":"https:\/\/aquaforest.eu\/de\/produkte\/freshwater\/wasserversorgung\/icp-test-freshwater\/","url":"https:\/\/aquaforest.eu\/de\/produkte\/freshwater\/wasserversorgung\/icp-test-freshwater\/","name":"ICP Test Freshwater - Aquaforest","isPartOf":{"@id":"https:\/\/aquaforest.eu\/de\/#website"},"primaryImageOfPage":{"@id":"https:\/\/aquaforest.eu\/de\/produkte\/freshwater\/wasserversorgung\/icp-test-freshwater\/#primaryimage"},"image":{"@id":"https:\/\/aquaforest.eu\/de\/produkte\/freshwater\/wasserversorgung\/icp-test-freshwater\/#primaryimage"},"thumbnailUrl":"https:\/\/aquaforest.eu\/wp-content\/uploads\/2025\/10\/ICP-Freshwater-1-1-scaled.png","datePublished":"2025-10-02T11:10:40+00:00","dateModified":"2025-10-02T11:13:19+00:00","breadcrumb":{"@id":"https:\/\/aquaforest.eu\/de\/produkte\/freshwater\/wasserversorgung\/icp-test-freshwater\/#breadcrumb"},"inLanguage":"de","potentialAction":[{"@type":"ReadAction","target":["https:\/\/aquaforest.eu\/de\/produkte\/freshwater\/wasserversorgung\/icp-test-freshwater\/"]}]},{"@type":"ImageObject","inLanguage":"de","@id":"https:\/\/aquaforest.eu\/de\/produkte\/freshwater\/wasserversorgung\/icp-test-freshwater\/#primaryimage","url":"https:\/\/aquaforest.eu\/wp-content\/uploads\/2025\/10\/ICP-Freshwater-1-1-scaled.png","contentUrl":"https:\/\/aquaforest.eu\/wp-content\/uploads\/2025\/10\/ICP-Freshwater-1-1-scaled.png","width":2560,"height":2560,"caption":"ICP Test for Freshwater aquariums"},{"@type":"BreadcrumbList","@id":"https:\/\/aquaforest.eu\/de\/produkte\/freshwater\/wasserversorgung\/icp-test-freshwater\/#breadcrumb","itemListElement":[{"@type":"ListItem","position":1,"name":"Home","item":"https:\/\/aquaforest.eu\/de\/"},{"@type":"ListItem","position":2,"name":"Produkte","item":"https:\/\/aquaforest.eu\/de\/produkte\/"},{"@type":"ListItem","position":3,"name":"ICP Test Freshwater"}]},{"@type":"WebSite","@id":"https:\/\/aquaforest.eu\/de\/#website","url":"https:\/\/aquaforest.eu\/de\/","name":"Aquaforest","description":"","publisher":{"@id":"https:\/\/aquaforest.eu\/de\/#organization"},"potentialAction":[{"@type":"SearchAction","target":{"@type":"EntryPoint","urlTemplate":"https:\/\/aquaforest.eu\/de\/?s={search_term_string}"},"query-input":{"@type":"PropertyValueSpecification","valueRequired":true,"valueName":"search_term_string"}}],"inLanguage":"de"},{"@type":"Organization","@id":"https:\/\/aquaforest.eu\/de\/#organization","name":"Aquaforest","url":"https:\/\/aquaforest.eu\/de\/","logo":{"@type":"ImageObject","inLanguage":"de","@id":"https:\/\/aquaforest.eu\/de\/#\/schema\/logo\/image\/","url":"https:\/\/aquaforest.eu\/wp-content\/uploads\/2024\/05\/logotyp-aquaforest.svg","contentUrl":"https:\/\/aquaforest.eu\/wp-content\/uploads\/2024\/05\/logotyp-aquaforest.svg","width":170,"height":22,"caption":"Aquaforest"},"image":{"@id":"https:\/\/aquaforest.eu\/de\/#\/schema\/logo\/image\/"},"sameAs":["https:\/\/www.facebook.com\/Aquaforest\/","https:\/\/www.instagram.com\/aquaforest.eu\/"]}]}},"_links":{"self":[{"href":"https:\/\/aquaforest.eu\/de\/wp-json\/wp\/v2\/product\/25861","targetHints":{"allow":["GET"]}}],"collection":[{"href":"https:\/\/aquaforest.eu\/de\/wp-json\/wp\/v2\/product"}],"about":[{"href":"https:\/\/aquaforest.eu\/de\/wp-json\/wp\/v2\/types\/product"}],"version-history":[{"count":1,"href":"https:\/\/aquaforest.eu\/de\/wp-json\/wp\/v2\/product\/25861\/revisions"}],"predecessor-version":[{"id":25862,"href":"https:\/\/aquaforest.eu\/de\/wp-json\/wp\/v2\/product\/25861\/revisions\/25862"}],"wp:featuredmedia":[{"embeddable":true,"href":"https:\/\/aquaforest.eu\/de\/wp-json\/wp\/v2\/media\/25855"}],"wp:attachment":[{"href":"https:\/\/aquaforest.eu\/de\/wp-json\/wp\/v2\/media?parent=25861"}],"wp:term":[{"taxonomy":"product_brand","embeddable":true,"href":"https:\/\/aquaforest.eu\/de\/wp-json\/wp\/v2\/product_brand?post=25861"},{"taxonomy":"product_cat","embeddable":true,"href":"https:\/\/aquaforest.eu\/de\/wp-json\/wp\/v2\/product_cat?post=25861"},{"taxonomy":"product_tag","embeddable":true,"href":"https:\/\/aquaforest.eu\/de\/wp-json\/wp\/v2\/product_tag?post=25861"}],"curies":[{"name":"wp","href":"https:\/\/api.w.org\/{rel}","templated":true}]}}