{"id":28890,"date":"2026-04-07T13:03:16","date_gmt":"2026-04-07T11:03:16","guid":{"rendered":"https:\/\/aquaforest.eu\/?post_type=product&#038;p=28890"},"modified":"2026-04-07T13:03:17","modified_gmt":"2026-04-07T11:03:17","slug":"new-strontium","status":"publish","type":"product","link":"https:\/\/aquaforest.eu\/de\/produkte\/lab\/mikroelemente\/new-strontium\/","title":{"rendered":"NEW Strontium"},"content":{"rendered":"<p>Nahrungserg\u00e4nzungsmittel mit hochkonzentriertem Strontium. Strontium ist nach Kalzium und Magnesium eines der wichtigsten Elemente, die f\u00fcr das Wachstum von Steinkorallen ben\u00f6tigt werden. Strontium unterst\u00fctzt die Bildung des Skelettgewebes von Steinkorallen und verbessert die Kalziumaufnahme erheblich. Es unterst\u00fctzt auch das Wachstum von Weichkorallen. In einem geschlossenen Aquariensystem entfernen Absch\u00e4umer und Filtermedien Strontiumablagerungen aus dem Wasser, daher ist seine Erg\u00e4nzung notwendig. Um sicherzustellen, dass die Bedingungen im Aquarium den nat\u00fcrlichen Bedingungen so nahe wie m\u00f6glich kommen, wurde das Pr\u00e4parat mit Barium angereichert, das auch im Meerwasser vorhanden und von Bedeutung ist. Dank der angemessenen Proportionen erg\u00e4nzt Strontium wirksam den Strontiumbedarf im Aquarienwasser.<\/p>\n<p>&nbsp;<\/p>\n<hr \/>\n<p>&nbsp;<\/p>\n<p><strong>Eine Dosierung<\/strong><\/p>\n<p>Erg\u00e4nzungsmittel, das konzentriertes Strontium enth\u00e4lt. 10 ml des Supplements erh\u00f6hen die Strontiumkonzentration von 100 Litern Wasser um 2 mg\/l. Der Strontiumgehalt in einem Riffaquarium sollte zwischen 5.00 \u2013 15.00 mg\/l liegen. Empfohlene Dosierung: 0,5 ml\/100 l (27 US gal) Wasser t\u00e4glich. Bitte beachten Sie, dass die maximale sichere Tagesdosis 5 ml pro 100 Liter Wasser betr\u00e4gt. Wenn Sie eine h\u00f6here Dosis ben\u00f6tigen, teilen Sie diese auf mehrere Tage auf. Beachten Sie, dass jedes Aquarium anders ist und die endg\u00fcltige Dosierung von der Korallenbesetzung und den individuellen Bed\u00fcrfnissen des Aquariums abh\u00e4ngt. Sowohl ein Mangel als auch ein \u00dcberschuss an Mikron\u00e4hrstoffen wirkt sich auf die Aquarienbewohner aus. Daher sollte die Dosierung auf der Grundlage regelm\u00e4\u00dfiger Wassertests im Aquaforest-Labor ausgew\u00e4hlt und angepasst werden.<\/p>\n<p>Verursacht schwere Augensch\u00e4den. Von Kindern fernhalten. Augenschutz tragen. BEI BER\u00dcHRUNG MIT DEN AUGEN: Vorsichtig mit Wasser mehrere Minuten lang sp\u00fclen. Kontaktlinsen entfernen, falls vorhanden und leicht zu entfernen. Weiter sp\u00fclen. Sofort ein GIFTPRAXIS oder Arzt kontaktieren. Inhalt\/Beh\u00e4lter gem\u00e4\u00df den \u00f6rtlichen Vorschriften in entsprechend gekennzeichnete Abfallbeh\u00e4lter entsorgen.<\/p>\n","protected":false},"excerpt":{"rendered":"<p>Zusatz von Strontium, einem der wichtigsten Elemente, die f\u00fcr das Wachstum von Steinkorallen ben\u00f6tigt werden.<br \/>\nVerbessert die Kalziumaufnahme.<\/p>\n","protected":false},"featured_media":29792,"template":"","meta":{"_acf_changed":false,"content-type":""},"product_brand":[],"product_cat":[1131,1144],"product_tag":[1417],"class_list":{"0":"post-28890","1":"product","2":"type-product","3":"status-publish","4":"has-post-thumbnail","6":"product_cat-lab","7":"product_cat-mikroelemente","8":"product_tag-variable-de","10":"first","11":"instock","12":"taxable","13":"shipping-taxable","14":"purchasable","15":"product-type-variable"},"acf":[],"yoast_head":"<!-- This site is optimized with the Yoast SEO plugin v27.1.1 - https:\/\/yoast.com\/product\/yoast-seo-wordpress\/ -->\n<title>NEW Strontium - Aquaforest<\/title>\n<meta name=\"robots\" content=\"index, follow, max-snippet:-1, max-image-preview:large, max-video-preview:-1\" \/>\n<link rel=\"canonical\" href=\"https:\/\/aquaforest.eu\/de\/produkte\/lab\/mikroelemente\/new-strontium\/\" \/>\n<meta property=\"og:locale\" content=\"de_DE\" \/>\n<meta property=\"og:type\" content=\"article\" \/>\n<meta property=\"og:title\" content=\"NEW Strontium - Aquaforest\" \/>\n<meta property=\"og:description\" content=\"Zusatz von Strontium, einem der wichtigsten Elemente, die f\u00fcr das Wachstum von Steinkorallen ben\u00f6tigt werden. Verbessert die Kalziumaufnahme.\" \/>\n<meta property=\"og:url\" content=\"https:\/\/aquaforest.eu\/de\/produkte\/lab\/mikroelemente\/new-strontium\/\" \/>\n<meta property=\"og:site_name\" content=\"Aquaforest\" \/>\n<meta property=\"article:publisher\" content=\"https:\/\/www.facebook.com\/Aquaforest\/\" \/>\n<meta property=\"article:modified_time\" content=\"2026-04-07T11:03:17+00:00\" \/>\n<meta property=\"og:image\" content=\"https:\/\/aquaforest.eu\/wp-content\/uploads\/2026\/03\/strontium-200.png\" \/>\n\t<meta property=\"og:image:width\" content=\"269\" \/>\n\t<meta property=\"og:image:height\" content=\"600\" \/>\n\t<meta property=\"og:image:type\" content=\"image\/png\" \/>\n<meta name=\"twitter:card\" content=\"summary_large_image\" \/>\n<meta name=\"twitter:label1\" content=\"Gesch\u00e4tzte Lesezeit\" \/>\n\t<meta name=\"twitter:data1\" content=\"2\u00a0Minuten\" \/>\n<script type=\"application\/ld+json\" class=\"yoast-schema-graph\">{\"@context\":\"https:\/\/schema.org\",\"@graph\":[{\"@type\":\"WebPage\",\"@id\":\"https:\/\/aquaforest.eu\/de\/produkte\/lab\/mikroelemente\/new-strontium\/\",\"url\":\"https:\/\/aquaforest.eu\/de\/produkte\/lab\/mikroelemente\/new-strontium\/\",\"name\":\"NEW Strontium - Aquaforest\",\"isPartOf\":{\"@id\":\"https:\/\/aquaforest.eu\/de\/#website\"},\"primaryImageOfPage\":{\"@id\":\"https:\/\/aquaforest.eu\/de\/produkte\/lab\/mikroelemente\/new-strontium\/#primaryimage\"},\"image\":{\"@id\":\"https:\/\/aquaforest.eu\/de\/produkte\/lab\/mikroelemente\/new-strontium\/#primaryimage\"},\"thumbnailUrl\":\"https:\/\/aquaforest.eu\/wp-content\/uploads\/2026\/03\/strontium-200.png\",\"datePublished\":\"2026-04-07T11:03:16+00:00\",\"dateModified\":\"2026-04-07T11:03:17+00:00\",\"breadcrumb\":{\"@id\":\"https:\/\/aquaforest.eu\/de\/produkte\/lab\/mikroelemente\/new-strontium\/#breadcrumb\"},\"inLanguage\":\"de\",\"potentialAction\":[{\"@type\":\"ReadAction\",\"target\":[\"https:\/\/aquaforest.eu\/de\/produkte\/lab\/mikroelemente\/new-strontium\/\"]}]},{\"@type\":\"ImageObject\",\"inLanguage\":\"de\",\"@id\":\"https:\/\/aquaforest.eu\/de\/produkte\/lab\/mikroelemente\/new-strontium\/#primaryimage\",\"url\":\"https:\/\/aquaforest.eu\/wp-content\/uploads\/2026\/03\/strontium-200.png\",\"contentUrl\":\"https:\/\/aquaforest.eu\/wp-content\/uploads\/2026\/03\/strontium-200.png\",\"width\":269,\"height\":600},{\"@type\":\"BreadcrumbList\",\"@id\":\"https:\/\/aquaforest.eu\/de\/produkte\/lab\/mikroelemente\/new-strontium\/#breadcrumb\",\"itemListElement\":[{\"@type\":\"ListItem\",\"position\":1,\"name\":\"Home\",\"item\":\"https:\/\/aquaforest.eu\/de\/\"},{\"@type\":\"ListItem\",\"position\":2,\"name\":\"Produkte\",\"item\":\"https:\/\/aquaforest.eu\/de\/produkte\/\"},{\"@type\":\"ListItem\",\"position\":3,\"name\":\"NEW Strontium\"}]},{\"@type\":\"WebSite\",\"@id\":\"https:\/\/aquaforest.eu\/de\/#website\",\"url\":\"https:\/\/aquaforest.eu\/de\/\",\"name\":\"Aquaforest\",\"description\":\"\",\"publisher\":{\"@id\":\"https:\/\/aquaforest.eu\/de\/#organization\"},\"potentialAction\":[{\"@type\":\"SearchAction\",\"target\":{\"@type\":\"EntryPoint\",\"urlTemplate\":\"https:\/\/aquaforest.eu\/de\/?s={search_term_string}\"},\"query-input\":{\"@type\":\"PropertyValueSpecification\",\"valueRequired\":true,\"valueName\":\"search_term_string\"}}],\"inLanguage\":\"de\"},{\"@type\":\"Organization\",\"@id\":\"https:\/\/aquaforest.eu\/de\/#organization\",\"name\":\"Aquaforest\",\"url\":\"https:\/\/aquaforest.eu\/de\/\",\"logo\":{\"@type\":\"ImageObject\",\"inLanguage\":\"de\",\"@id\":\"https:\/\/aquaforest.eu\/de\/#\/schema\/logo\/image\/\",\"url\":\"https:\/\/aquaforest.eu\/wp-content\/uploads\/2024\/05\/logotyp-aquaforest.svg\",\"contentUrl\":\"https:\/\/aquaforest.eu\/wp-content\/uploads\/2024\/05\/logotyp-aquaforest.svg\",\"width\":170,\"height\":22,\"caption\":\"Aquaforest\"},\"image\":{\"@id\":\"https:\/\/aquaforest.eu\/de\/#\/schema\/logo\/image\/\"},\"sameAs\":[\"https:\/\/www.facebook.com\/Aquaforest\/\",\"https:\/\/www.instagram.com\/aquaforest.eu\/\"]}]}<\/script>\n<!-- \/ Yoast SEO plugin. -->","yoast_head_json":{"title":"NEW Strontium - Aquaforest","robots":{"index":"index","follow":"follow","max-snippet":"max-snippet:-1","max-image-preview":"max-image-preview:large","max-video-preview":"max-video-preview:-1"},"canonical":"https:\/\/aquaforest.eu\/de\/produkte\/lab\/mikroelemente\/new-strontium\/","og_locale":"de_DE","og_type":"article","og_title":"NEW Strontium - Aquaforest","og_description":"Zusatz von Strontium, einem der wichtigsten Elemente, die f\u00fcr das Wachstum von Steinkorallen ben\u00f6tigt werden. Verbessert die Kalziumaufnahme.","og_url":"https:\/\/aquaforest.eu\/de\/produkte\/lab\/mikroelemente\/new-strontium\/","og_site_name":"Aquaforest","article_publisher":"https:\/\/www.facebook.com\/Aquaforest\/","article_modified_time":"2026-04-07T11:03:17+00:00","og_image":[{"width":269,"height":600,"url":"https:\/\/aquaforest.eu\/wp-content\/uploads\/2026\/03\/strontium-200.png","type":"image\/png"}],"twitter_card":"summary_large_image","twitter_misc":{"Gesch\u00e4tzte Lesezeit":"2\u00a0Minuten"},"schema":{"@context":"https:\/\/schema.org","@graph":[{"@type":"WebPage","@id":"https:\/\/aquaforest.eu\/de\/produkte\/lab\/mikroelemente\/new-strontium\/","url":"https:\/\/aquaforest.eu\/de\/produkte\/lab\/mikroelemente\/new-strontium\/","name":"NEW Strontium - Aquaforest","isPartOf":{"@id":"https:\/\/aquaforest.eu\/de\/#website"},"primaryImageOfPage":{"@id":"https:\/\/aquaforest.eu\/de\/produkte\/lab\/mikroelemente\/new-strontium\/#primaryimage"},"image":{"@id":"https:\/\/aquaforest.eu\/de\/produkte\/lab\/mikroelemente\/new-strontium\/#primaryimage"},"thumbnailUrl":"https:\/\/aquaforest.eu\/wp-content\/uploads\/2026\/03\/strontium-200.png","datePublished":"2026-04-07T11:03:16+00:00","dateModified":"2026-04-07T11:03:17+00:00","breadcrumb":{"@id":"https:\/\/aquaforest.eu\/de\/produkte\/lab\/mikroelemente\/new-strontium\/#breadcrumb"},"inLanguage":"de","potentialAction":[{"@type":"ReadAction","target":["https:\/\/aquaforest.eu\/de\/produkte\/lab\/mikroelemente\/new-strontium\/"]}]},{"@type":"ImageObject","inLanguage":"de","@id":"https:\/\/aquaforest.eu\/de\/produkte\/lab\/mikroelemente\/new-strontium\/#primaryimage","url":"https:\/\/aquaforest.eu\/wp-content\/uploads\/2026\/03\/strontium-200.png","contentUrl":"https:\/\/aquaforest.eu\/wp-content\/uploads\/2026\/03\/strontium-200.png","width":269,"height":600},{"@type":"BreadcrumbList","@id":"https:\/\/aquaforest.eu\/de\/produkte\/lab\/mikroelemente\/new-strontium\/#breadcrumb","itemListElement":[{"@type":"ListItem","position":1,"name":"Home","item":"https:\/\/aquaforest.eu\/de\/"},{"@type":"ListItem","position":2,"name":"Produkte","item":"https:\/\/aquaforest.eu\/de\/produkte\/"},{"@type":"ListItem","position":3,"name":"NEW Strontium"}]},{"@type":"WebSite","@id":"https:\/\/aquaforest.eu\/de\/#website","url":"https:\/\/aquaforest.eu\/de\/","name":"Aquaforest","description":"","publisher":{"@id":"https:\/\/aquaforest.eu\/de\/#organization"},"potentialAction":[{"@type":"SearchAction","target":{"@type":"EntryPoint","urlTemplate":"https:\/\/aquaforest.eu\/de\/?s={search_term_string}"},"query-input":{"@type":"PropertyValueSpecification","valueRequired":true,"valueName":"search_term_string"}}],"inLanguage":"de"},{"@type":"Organization","@id":"https:\/\/aquaforest.eu\/de\/#organization","name":"Aquaforest","url":"https:\/\/aquaforest.eu\/de\/","logo":{"@type":"ImageObject","inLanguage":"de","@id":"https:\/\/aquaforest.eu\/de\/#\/schema\/logo\/image\/","url":"https:\/\/aquaforest.eu\/wp-content\/uploads\/2024\/05\/logotyp-aquaforest.svg","contentUrl":"https:\/\/aquaforest.eu\/wp-content\/uploads\/2024\/05\/logotyp-aquaforest.svg","width":170,"height":22,"caption":"Aquaforest"},"image":{"@id":"https:\/\/aquaforest.eu\/de\/#\/schema\/logo\/image\/"},"sameAs":["https:\/\/www.facebook.com\/Aquaforest\/","https:\/\/www.instagram.com\/aquaforest.eu\/"]}]}},"_links":{"self":[{"href":"https:\/\/aquaforest.eu\/de\/wp-json\/wp\/v2\/product\/28890","targetHints":{"allow":["GET"]}}],"collection":[{"href":"https:\/\/aquaforest.eu\/de\/wp-json\/wp\/v2\/product"}],"about":[{"href":"https:\/\/aquaforest.eu\/de\/wp-json\/wp\/v2\/types\/product"}],"version-history":[{"count":2,"href":"https:\/\/aquaforest.eu\/de\/wp-json\/wp\/v2\/product\/28890\/revisions"}],"predecessor-version":[{"id":28939,"href":"https:\/\/aquaforest.eu\/de\/wp-json\/wp\/v2\/product\/28890\/revisions\/28939"}],"wp:featuredmedia":[{"embeddable":true,"href":"https:\/\/aquaforest.eu\/de\/wp-json\/wp\/v2\/media\/29792"}],"wp:attachment":[{"href":"https:\/\/aquaforest.eu\/de\/wp-json\/wp\/v2\/media?parent=28890"}],"wp:term":[{"taxonomy":"product_brand","embeddable":true,"href":"https:\/\/aquaforest.eu\/de\/wp-json\/wp\/v2\/product_brand?post=28890"},{"taxonomy":"product_cat","embeddable":true,"href":"https:\/\/aquaforest.eu\/de\/wp-json\/wp\/v2\/product_cat?post=28890"},{"taxonomy":"product_tag","embeddable":true,"href":"https:\/\/aquaforest.eu\/de\/wp-json\/wp\/v2\/product_tag?post=28890"}],"curies":[{"name":"wp","href":"https:\/\/api.w.org\/{rel}","templated":true}]}}