{"id":29263,"date":"2026-03-24T12:36:50","date_gmt":"2026-03-24T11:36:50","guid":{"rendered":"https:\/\/aquaforest.eu\/?post_type=product&#038;p=29263"},"modified":"2026-04-30T01:09:02","modified_gmt":"2026-04-29T23:09:02","slug":"all-in-skim-150","status":"publish","type":"product","link":"https:\/\/aquaforest.eu\/de\/produkte\/seawater\/aquarienausstattung\/all-in-skim-150\/","title":{"rendered":"All-in Skim 150"},"content":{"rendered":"<h3 data-start=\"0\" data-end=\"292\"><strong>Neues Niveau der Filtration<\/strong><\/h3>\n<p data-start=\"0\" data-end=\"292\">All-in Skim \u2013 das erste Filtersystem auf dem Markt, das einen Hochleistungs-Proteinsch\u00e4umer mit integrierter CO\u2082-Filtration kombiniert. Ideal f\u00fcr Meerwasseraquarien vereinfacht es die Installation der Technik, spart Platz und l\u00f6st mehrere Probleme in einem intelligenten, kompakten Ger\u00e4t.<\/p>\n<p data-start=\"294\" data-end=\"467\">All-in Skim ist ein innovatives 4-in-1-Ger\u00e4t, das die Funktionen eines Proteinsch\u00e4umers, Luftfilters, CO\u2082-Filters und biologischen Filters in einem kompakten Design vereint.<\/p>\n<hr data-start=\"469\" data-end=\"472\" \/>\n<h3><strong>Stabilisierung des pH-Werts und verbesserte Lebensbedingungen f\u00fcr Meeresorganismen<\/strong><\/h3>\n<p data-start=\"562\" data-end=\"924\">Dank integrierter Luft- und CO\u2082-Filter stabilisiert das Ger\u00e4t aktiv den pH-Wert, indem es die Menge an sch\u00e4dlichem Kohlendioxid reduziert und so die Lebensbedingungen f\u00fcr Meeresorganismen verbessert. Die M\u00f6glichkeit, im halb offenen oder geschlossenen Modus zu arbeiten, erh\u00f6ht zus\u00e4tzlich die Filtrationseffizienz und verl\u00e4ngert die Lebensdauer der Filtermedien.<\/p>\n<hr data-start=\"926\" data-end=\"929\" \/>\n<h3 data-section-id=\"1k4kdqq\" data-start=\"931\" data-end=\"970\"><strong>Verbesserte Luftreinigungseffizienz<\/strong><\/h3>\n<p data-start=\"972\" data-end=\"1283\">Der Einsatz eines Venturi-Anschlusses mit mehreren Einl\u00e4ssen erm\u00f6glicht den parallelen Anschluss mehrerer CO\u2082-Filter, wodurch die Effizienz der Luftreinigung erh\u00f6ht wird. Dadurch wird besser gefilterte Luft ins Aquarium geleitet, was die Stabilit\u00e4t des \u00d6kosystems verbessert und Stress bei den Tieren reduziert.<\/p>\n<hr data-start=\"1285\" data-end=\"1288\" \/>\n<h3 data-section-id=\"15o5lrh\" data-start=\"1290\" data-end=\"1333\"><strong>Fortschrittliche biologische Filtration<\/strong><\/h3>\n<p data-start=\"1335\" data-end=\"1690\">Das Ger\u00e4t verf\u00fcgt au\u00dferdem \u00fcber eine biologische Kammer, die das Wachstum nitrifizierender Bakterien unterst\u00fctzt, die f\u00fcr den Abbau sch\u00e4dlicher Stickstoff- und Phosphorverbindungen verantwortlich sind. Die verl\u00e4ngerte Kontaktzeit zwischen Wasser und biologischem Filtermedium verbessert die Effektivit\u00e4t der biologischen Filtration und die Wasserqualit\u00e4t.<\/p>\n<hr data-start=\"1692\" data-end=\"1695\" \/>\n<h3 data-section-id=\"yf3kph\" data-start=\"1697\" data-end=\"1733\"><strong>Reduzierung unangenehmer Ger\u00fcche<\/strong><\/h3>\n<p data-start=\"1735\" data-end=\"1914\">Ein zus\u00e4tzlicher Luftfilter mit Aktivkohle, der sich oberhalb des Absch\u00e4umerbechers befindet, reduziert unangenehme Ger\u00fcche und erh\u00f6ht deutlich den Nutzungskomfort im Wohnbereich.<\/p>\n<hr data-start=\"1916\" data-end=\"1919\" \/>\n<h3 data-section-id=\"1vn64tk\" data-start=\"1921\" data-end=\"1963\"><strong>Flexibles und effizientes Pumpendesign<\/strong><\/h3>\n<p data-start=\"1965\" data-end=\"2237\">Die energieeffiziente Pumpe bietet hohe Leistung, pr\u00e4zise Steuerung sowie die M\u00f6glichkeit zur Verbindung mit externen Controllern und Schwimmerschaltern, was Bedienung und Automatisierung erleichtert. Zus\u00e4tzlich arbeitet die Pumpe \u00e4u\u00dferst leise und sorgt f\u00fcr Ruhe im Raum.<\/p>\n<hr data-start=\"2239\" data-end=\"2242\" \/>\n<h3 data-section-id=\"23a2z8\" data-start=\"2244\" data-end=\"2301\"><strong>Umfassende Unterst\u00fctzung stabiler Aquarienbedingungen<\/strong><\/h3>\n<p data-start=\"2303\" data-end=\"2544\">Durch die Kombination aus Absch\u00e4umung sowie mechanischer, chemischer und biologischer Filtration zusammen mit CO\u2082- und Geruchskontrolle bietet das Ger\u00e4t eine umfassende L\u00f6sung zur Aufrechterhaltung stabiler Bedingungen im Meerwasseraquarium.<\/p>\n<hr data-start=\"2546\" data-end=\"2549\" \/>\n<h3 data-section-id=\"10d8iaq\" data-start=\"2551\" data-end=\"2572\"><strong>Pumpe &amp; Controller<\/strong><\/h3>\n<p data-start=\"2574\" data-end=\"3372\"><strong data-start=\"2574\" data-end=\"2604\">Pr\u00e4zise Durchflussregelung<\/strong> \u2013 Leistung mit 1 % Genauigkeit einstellbar; sorgt f\u00fcr stabile biologische Bedingungen und ges\u00fcnderes Aquarienleben.<br data-start=\"2720\" data-end=\"2723\" \/><strong data-start=\"2723\" data-end=\"2755\">Automatisierung &amp; Sicherheit<\/strong> \u2013 kompatibel mit externen Controllern und Schwimmerschaltern; integrierte Sensoren sch\u00fctzen vor Trockenlauf, \u00dcberhitzung und Fehlfunktionen, mit Fehlercodes f\u00fcr schnelle Diagnose und sorgenfreien Betrieb.<br data-start=\"2960\" data-end=\"2963\" \/><strong data-start=\"2963\" data-end=\"2991\">Leise &amp; energieeffizient<\/strong> \u2013 geringer Stromverbrauch und sehr leiser Betrieb; Komfort f\u00fcr Aquarianer und Aquarienbewohner.<br data-start=\"3087\" data-end=\"3090\" \/><strong data-start=\"3090\" data-end=\"3109\">F\u00fctterungsmodus<\/strong> \u2013 programmierbar mit bis zu 3 F\u00fctterungsintervallen; reduziert vor\u00fcbergehend die Absch\u00e4umerleistung, um N\u00e4hrstoffe zu erhalten und \u00dcberlaufen zu vermeiden.<br data-start=\"3265\" data-end=\"3268\" \/><strong data-start=\"3268\" data-end=\"3288\">Einfache Wartung<\/strong> \u2013 vereinfachte Reinigung und Service; mehr Zeit f\u00fcr das Aquarium statt f\u00fcr Technik.<\/p>\n<hr data-start=\"3374\" data-end=\"3377\" \/>\n<h3 data-section-id=\"ijp2xu\" data-start=\"3379\" data-end=\"3394\"><strong>Lieferumfang<\/strong><\/h3>\n<ul data-start=\"3396\" data-end=\"3590\">\n<li data-section-id=\"q5h8uy\" data-start=\"3396\" data-end=\"3424\">All-in Skim Filtersystem<\/li>\n<li data-section-id=\"15pfo8o\" data-start=\"3425\" data-end=\"3462\">Reeflow 2300 Pumpe mit Controller<\/li>\n<li data-section-id=\"1tpyf6b\" data-start=\"3463\" data-end=\"3497\">Set flexibler Silikonschl\u00e4uche<\/li>\n<li data-section-id=\"c7fjf7\" data-start=\"3498\" data-end=\"3518\">5 Filterschw\u00e4mme<\/li>\n<li data-section-id=\"12k391\" data-start=\"3519\" data-end=\"3544\">Scrubber Media 800 ml<\/li>\n<li data-section-id=\"rv8hnd\" data-start=\"3545\" data-end=\"3566\">Aktivkohle 400 ml<\/li>\n<li data-section-id=\"486bng\" data-start=\"3567\" data-end=\"3590\">Life Bio Fil 400 ml<\/li>\n<\/ul>\n<hr data-start=\"3592\" data-end=\"3595\" \/>\n<h3 data-section-id=\"1tpcj0f\" data-start=\"3597\" data-end=\"3616\"><strong>Technische Daten<\/strong><\/h3>\n<p data-start=\"3618\" data-end=\"3647\"><strong data-start=\"3618\" data-end=\"3629\">Modell:<\/strong> All in Skim 150<\/p>\n<p data-start=\"3618\" data-end=\"3647\"><strong data-start=\"3649\" data-end=\"3665\">Grundfl\u00e4che:<\/strong> 186 \u00d7 182 mm (7,32 \u00d7 7,17 in)<br data-start=\"3695\" data-end=\"3698\" \/><strong data-start=\"3698\" data-end=\"3730\">Durchmesser Reaktionskammer:<\/strong> 150 mm (5,91 in)<br data-start=\"3747\" data-end=\"3750\" \/><strong data-start=\"3750\" data-end=\"3760\">Pumpe:<\/strong> Reeflow 2300<br data-start=\"3773\" data-end=\"3776\" \/><strong data-start=\"3776\" data-end=\"3792\">Lufteintrag:<\/strong> bis zu 620 l\/h<br data-start=\"3807\" data-end=\"3810\" \/><strong data-start=\"3810\" data-end=\"3832\">Leistungsaufnahme:<\/strong> bis zu 28 W<\/p>\n<p data-start=\"3848\" data-end=\"4051\"><strong data-start=\"3848\" data-end=\"3888\">Aquarienvolumen \u2013 hohe Besatzdichte:<\/strong> bis zu 300 L (80 gal)<br data-start=\"3910\" data-end=\"3913\" \/><strong data-start=\"3913\" data-end=\"3957\">Aquarienvolumen \u2013 mittlere Besatzdichte:<\/strong> bis zu 500 L (130 gal)<br data-start=\"3980\" data-end=\"3983\" \/><strong data-start=\"3983\" data-end=\"4026\">Aquarienvolumen \u2013 geringe Besatzdichte:<\/strong> bis zu 750 L (185 gal)<\/p>\n<p data-start=\"4053\" data-end=\"4193\" data-is-last-node=\"\" data-is-only-node=\"\"><strong data-start=\"4053\" data-end=\"4079\">Wasserstand \u2013 Minimum:<\/strong> 160 mm (6 1\/3 in)<br data-start=\"4097\" data-end=\"4100\" \/><strong data-start=\"4100\" data-end=\"4126\">Wasserstand \u2013 Maximum:<\/strong> 210 mm (8 1\/4 in)<br data-start=\"4144\" data-end=\"4147\" \/><strong data-start=\"4147\" data-end=\"4175\">Empfohlener Wasserstand:<\/strong> 185 mm (7 1\/4 in)<\/p>\n","protected":false},"excerpt":{"rendered":"<p>Neues Niveau der Filtration All-in Skim \u2013 das erste Filtersystem auf dem Markt, das einen Hochleistungs-Proteinsch\u00e4umer mit integrierter CO\u2082-Filtration kombiniert. Ideal f\u00fcr Meerwasseraquarien vereinfacht es die Installation der Technik, spart Platz und l\u00f6st mehrere Probleme in einem intelligenten, kompakten Ger\u00e4t. All-in Skim ist ein innovatives 4-in-1-Ger\u00e4t, das die Funktionen eines Proteinsch\u00e4umers, Luftfilters, CO\u2082-Filters und biologischen [&hellip;]<\/p>\n","protected":false},"featured_media":31115,"template":"","meta":{"_acf_changed":false,"content-type":""},"product_brand":[],"product_cat":[1128,1148],"product_tag":[],"class_list":{"0":"post-29263","1":"product","2":"type-product","3":"status-publish","4":"has-post-thumbnail","6":"product_cat-seawater","7":"product_cat-aquarienausstattung","9":"first","10":"instock","11":"taxable","12":"shipping-taxable","13":"purchasable","14":"product-type-variable"},"acf":[],"yoast_head":"<!-- This site is optimized with the Yoast SEO plugin v27.1.1 - https:\/\/yoast.com\/product\/yoast-seo-wordpress\/ -->\n<title>All-in Skim 150 - Aquaforest<\/title>\n<meta name=\"robots\" content=\"index, follow, max-snippet:-1, max-image-preview:large, max-video-preview:-1\" \/>\n<link rel=\"canonical\" href=\"https:\/\/aquaforest.eu\/de\/produkte\/seawater\/aquarienausstattung\/all-in-skim-150\/\" \/>\n<meta property=\"og:locale\" content=\"de_DE\" \/>\n<meta property=\"og:type\" content=\"article\" \/>\n<meta property=\"og:title\" content=\"All-in Skim 150 - Aquaforest\" \/>\n<meta property=\"og:description\" content=\"Neues Niveau der Filtration All-in Skim \u2013 das erste Filtersystem auf dem Markt, das einen Hochleistungs-Proteinsch\u00e4umer mit integrierter CO\u2082-Filtration kombiniert. Ideal f\u00fcr Meerwasseraquarien vereinfacht es die Installation der Technik, spart Platz und l\u00f6st mehrere Probleme in einem intelligenten, kompakten Ger\u00e4t. All-in Skim ist ein innovatives 4-in-1-Ger\u00e4t, das die Funktionen eines Proteinsch\u00e4umers, Luftfilters, CO\u2082-Filters und biologischen [&hellip;]\" \/>\n<meta property=\"og:url\" content=\"https:\/\/aquaforest.eu\/de\/produkte\/seawater\/aquarienausstattung\/all-in-skim-150\/\" \/>\n<meta property=\"og:site_name\" content=\"Aquaforest\" \/>\n<meta property=\"article:publisher\" content=\"https:\/\/www.facebook.com\/Aquaforest\/\" \/>\n<meta property=\"article:modified_time\" content=\"2026-04-29T23:09:02+00:00\" \/>\n<meta property=\"og:image\" content=\"https:\/\/aquaforest.eu\/wp-content\/uploads\/2026\/03\/All-in-skim-1.png\" \/>\n\t<meta property=\"og:image:width\" content=\"2110\" \/>\n\t<meta property=\"og:image:height\" content=\"1584\" \/>\n\t<meta property=\"og:image:type\" content=\"image\/png\" \/>\n<meta name=\"twitter:card\" content=\"summary_large_image\" \/>\n<meta name=\"twitter:label1\" content=\"Gesch\u00e4tzte Lesezeit\" \/>\n\t<meta name=\"twitter:data1\" content=\"3\u00a0Minuten\" \/>\n<script type=\"application\/ld+json\" class=\"yoast-schema-graph\">{\"@context\":\"https:\/\/schema.org\",\"@graph\":[{\"@type\":\"WebPage\",\"@id\":\"https:\/\/aquaforest.eu\/de\/produkte\/seawater\/aquarienausstattung\/all-in-skim-150\/\",\"url\":\"https:\/\/aquaforest.eu\/de\/produkte\/seawater\/aquarienausstattung\/all-in-skim-150\/\",\"name\":\"All-in Skim 150 - Aquaforest\",\"isPartOf\":{\"@id\":\"https:\/\/aquaforest.eu\/de\/#website\"},\"primaryImageOfPage\":{\"@id\":\"https:\/\/aquaforest.eu\/de\/produkte\/seawater\/aquarienausstattung\/all-in-skim-150\/#primaryimage\"},\"image\":{\"@id\":\"https:\/\/aquaforest.eu\/de\/produkte\/seawater\/aquarienausstattung\/all-in-skim-150\/#primaryimage\"},\"thumbnailUrl\":\"https:\/\/aquaforest.eu\/wp-content\/uploads\/2026\/03\/All-in-skim-1.png\",\"datePublished\":\"2026-03-24T11:36:50+00:00\",\"dateModified\":\"2026-04-29T23:09:02+00:00\",\"breadcrumb\":{\"@id\":\"https:\/\/aquaforest.eu\/de\/produkte\/seawater\/aquarienausstattung\/all-in-skim-150\/#breadcrumb\"},\"inLanguage\":\"de\",\"potentialAction\":[{\"@type\":\"ReadAction\",\"target\":[\"https:\/\/aquaforest.eu\/de\/produkte\/seawater\/aquarienausstattung\/all-in-skim-150\/\"]}]},{\"@type\":\"ImageObject\",\"inLanguage\":\"de\",\"@id\":\"https:\/\/aquaforest.eu\/de\/produkte\/seawater\/aquarienausstattung\/all-in-skim-150\/#primaryimage\",\"url\":\"https:\/\/aquaforest.eu\/wp-content\/uploads\/2026\/03\/All-in-skim-1.png\",\"contentUrl\":\"https:\/\/aquaforest.eu\/wp-content\/uploads\/2026\/03\/All-in-skim-1.png\",\"width\":2110,\"height\":1584},{\"@type\":\"BreadcrumbList\",\"@id\":\"https:\/\/aquaforest.eu\/de\/produkte\/seawater\/aquarienausstattung\/all-in-skim-150\/#breadcrumb\",\"itemListElement\":[{\"@type\":\"ListItem\",\"position\":1,\"name\":\"Home\",\"item\":\"https:\/\/aquaforest.eu\/de\/\"},{\"@type\":\"ListItem\",\"position\":2,\"name\":\"Produkte\",\"item\":\"https:\/\/aquaforest.eu\/de\/produkte\/\"},{\"@type\":\"ListItem\",\"position\":3,\"name\":\"All-in Skim 150\"}]},{\"@type\":\"WebSite\",\"@id\":\"https:\/\/aquaforest.eu\/de\/#website\",\"url\":\"https:\/\/aquaforest.eu\/de\/\",\"name\":\"Aquaforest\",\"description\":\"\",\"publisher\":{\"@id\":\"https:\/\/aquaforest.eu\/de\/#organization\"},\"potentialAction\":[{\"@type\":\"SearchAction\",\"target\":{\"@type\":\"EntryPoint\",\"urlTemplate\":\"https:\/\/aquaforest.eu\/de\/?s={search_term_string}\"},\"query-input\":{\"@type\":\"PropertyValueSpecification\",\"valueRequired\":true,\"valueName\":\"search_term_string\"}}],\"inLanguage\":\"de\"},{\"@type\":\"Organization\",\"@id\":\"https:\/\/aquaforest.eu\/de\/#organization\",\"name\":\"Aquaforest\",\"url\":\"https:\/\/aquaforest.eu\/de\/\",\"logo\":{\"@type\":\"ImageObject\",\"inLanguage\":\"de\",\"@id\":\"https:\/\/aquaforest.eu\/de\/#\/schema\/logo\/image\/\",\"url\":\"https:\/\/aquaforest.eu\/wp-content\/uploads\/2024\/05\/logotyp-aquaforest.svg\",\"contentUrl\":\"https:\/\/aquaforest.eu\/wp-content\/uploads\/2024\/05\/logotyp-aquaforest.svg\",\"width\":170,\"height\":22,\"caption\":\"Aquaforest\"},\"image\":{\"@id\":\"https:\/\/aquaforest.eu\/de\/#\/schema\/logo\/image\/\"},\"sameAs\":[\"https:\/\/www.facebook.com\/Aquaforest\/\",\"https:\/\/www.instagram.com\/aquaforest.eu\/\"]}]}<\/script>\n<!-- \/ Yoast SEO plugin. -->","yoast_head_json":{"title":"All-in Skim 150 - Aquaforest","robots":{"index":"index","follow":"follow","max-snippet":"max-snippet:-1","max-image-preview":"max-image-preview:large","max-video-preview":"max-video-preview:-1"},"canonical":"https:\/\/aquaforest.eu\/de\/produkte\/seawater\/aquarienausstattung\/all-in-skim-150\/","og_locale":"de_DE","og_type":"article","og_title":"All-in Skim 150 - Aquaforest","og_description":"Neues Niveau der Filtration All-in Skim \u2013 das erste Filtersystem auf dem Markt, das einen Hochleistungs-Proteinsch\u00e4umer mit integrierter CO\u2082-Filtration kombiniert. Ideal f\u00fcr Meerwasseraquarien vereinfacht es die Installation der Technik, spart Platz und l\u00f6st mehrere Probleme in einem intelligenten, kompakten Ger\u00e4t. All-in Skim ist ein innovatives 4-in-1-Ger\u00e4t, das die Funktionen eines Proteinsch\u00e4umers, Luftfilters, CO\u2082-Filters und biologischen [&hellip;]","og_url":"https:\/\/aquaforest.eu\/de\/produkte\/seawater\/aquarienausstattung\/all-in-skim-150\/","og_site_name":"Aquaforest","article_publisher":"https:\/\/www.facebook.com\/Aquaforest\/","article_modified_time":"2026-04-29T23:09:02+00:00","og_image":[{"width":2110,"height":1584,"url":"https:\/\/aquaforest.eu\/wp-content\/uploads\/2026\/03\/All-in-skim-1.png","type":"image\/png"}],"twitter_card":"summary_large_image","twitter_misc":{"Gesch\u00e4tzte Lesezeit":"3\u00a0Minuten"},"schema":{"@context":"https:\/\/schema.org","@graph":[{"@type":"WebPage","@id":"https:\/\/aquaforest.eu\/de\/produkte\/seawater\/aquarienausstattung\/all-in-skim-150\/","url":"https:\/\/aquaforest.eu\/de\/produkte\/seawater\/aquarienausstattung\/all-in-skim-150\/","name":"All-in Skim 150 - Aquaforest","isPartOf":{"@id":"https:\/\/aquaforest.eu\/de\/#website"},"primaryImageOfPage":{"@id":"https:\/\/aquaforest.eu\/de\/produkte\/seawater\/aquarienausstattung\/all-in-skim-150\/#primaryimage"},"image":{"@id":"https:\/\/aquaforest.eu\/de\/produkte\/seawater\/aquarienausstattung\/all-in-skim-150\/#primaryimage"},"thumbnailUrl":"https:\/\/aquaforest.eu\/wp-content\/uploads\/2026\/03\/All-in-skim-1.png","datePublished":"2026-03-24T11:36:50+00:00","dateModified":"2026-04-29T23:09:02+00:00","breadcrumb":{"@id":"https:\/\/aquaforest.eu\/de\/produkte\/seawater\/aquarienausstattung\/all-in-skim-150\/#breadcrumb"},"inLanguage":"de","potentialAction":[{"@type":"ReadAction","target":["https:\/\/aquaforest.eu\/de\/produkte\/seawater\/aquarienausstattung\/all-in-skim-150\/"]}]},{"@type":"ImageObject","inLanguage":"de","@id":"https:\/\/aquaforest.eu\/de\/produkte\/seawater\/aquarienausstattung\/all-in-skim-150\/#primaryimage","url":"https:\/\/aquaforest.eu\/wp-content\/uploads\/2026\/03\/All-in-skim-1.png","contentUrl":"https:\/\/aquaforest.eu\/wp-content\/uploads\/2026\/03\/All-in-skim-1.png","width":2110,"height":1584},{"@type":"BreadcrumbList","@id":"https:\/\/aquaforest.eu\/de\/produkte\/seawater\/aquarienausstattung\/all-in-skim-150\/#breadcrumb","itemListElement":[{"@type":"ListItem","position":1,"name":"Home","item":"https:\/\/aquaforest.eu\/de\/"},{"@type":"ListItem","position":2,"name":"Produkte","item":"https:\/\/aquaforest.eu\/de\/produkte\/"},{"@type":"ListItem","position":3,"name":"All-in Skim 150"}]},{"@type":"WebSite","@id":"https:\/\/aquaforest.eu\/de\/#website","url":"https:\/\/aquaforest.eu\/de\/","name":"Aquaforest","description":"","publisher":{"@id":"https:\/\/aquaforest.eu\/de\/#organization"},"potentialAction":[{"@type":"SearchAction","target":{"@type":"EntryPoint","urlTemplate":"https:\/\/aquaforest.eu\/de\/?s={search_term_string}"},"query-input":{"@type":"PropertyValueSpecification","valueRequired":true,"valueName":"search_term_string"}}],"inLanguage":"de"},{"@type":"Organization","@id":"https:\/\/aquaforest.eu\/de\/#organization","name":"Aquaforest","url":"https:\/\/aquaforest.eu\/de\/","logo":{"@type":"ImageObject","inLanguage":"de","@id":"https:\/\/aquaforest.eu\/de\/#\/schema\/logo\/image\/","url":"https:\/\/aquaforest.eu\/wp-content\/uploads\/2024\/05\/logotyp-aquaforest.svg","contentUrl":"https:\/\/aquaforest.eu\/wp-content\/uploads\/2024\/05\/logotyp-aquaforest.svg","width":170,"height":22,"caption":"Aquaforest"},"image":{"@id":"https:\/\/aquaforest.eu\/de\/#\/schema\/logo\/image\/"},"sameAs":["https:\/\/www.facebook.com\/Aquaforest\/","https:\/\/www.instagram.com\/aquaforest.eu\/"]}]}},"_links":{"self":[{"href":"https:\/\/aquaforest.eu\/de\/wp-json\/wp\/v2\/product\/29263","targetHints":{"allow":["GET"]}}],"collection":[{"href":"https:\/\/aquaforest.eu\/de\/wp-json\/wp\/v2\/product"}],"about":[{"href":"https:\/\/aquaforest.eu\/de\/wp-json\/wp\/v2\/types\/product"}],"version-history":[{"count":3,"href":"https:\/\/aquaforest.eu\/de\/wp-json\/wp\/v2\/product\/29263\/revisions"}],"predecessor-version":[{"id":31125,"href":"https:\/\/aquaforest.eu\/de\/wp-json\/wp\/v2\/product\/29263\/revisions\/31125"}],"wp:featuredmedia":[{"embeddable":true,"href":"https:\/\/aquaforest.eu\/de\/wp-json\/wp\/v2\/media\/31115"}],"wp:attachment":[{"href":"https:\/\/aquaforest.eu\/de\/wp-json\/wp\/v2\/media?parent=29263"}],"wp:term":[{"taxonomy":"product_brand","embeddable":true,"href":"https:\/\/aquaforest.eu\/de\/wp-json\/wp\/v2\/product_brand?post=29263"},{"taxonomy":"product_cat","embeddable":true,"href":"https:\/\/aquaforest.eu\/de\/wp-json\/wp\/v2\/product_cat?post=29263"},{"taxonomy":"product_tag","embeddable":true,"href":"https:\/\/aquaforest.eu\/de\/wp-json\/wp\/v2\/product_tag?post=29263"}],"curies":[{"name":"wp","href":"https:\/\/api.w.org\/{rel}","templated":true}]}}