{"id":29277,"date":"2026-03-30T14:33:18","date_gmt":"2026-03-30T12:33:18","guid":{"rendered":"https:\/\/aquaforest.eu\/?post_type=product&#038;p=29277"},"modified":"2026-03-31T13:25:44","modified_gmt":"2026-03-31T11:25:44","slug":"quick-clear","status":"publish","type":"product","link":"https:\/\/aquaforest.eu\/de\/produkte\/pond\/problemloesungen\/quick-clear\/","title":{"rendered":"Quick Clear"},"content":{"rendered":"<p data-start=\"0\" data-end=\"273\"><strong data-start=\"0\" data-end=\"17\">AF Clear Pond<\/strong> ist ein spezialisiertes Pr\u00e4parat zur Reinigung von Wasser in Gartenteichen. Es basiert auf einem nat\u00fcrlichen Koagulationsprozess \u2013 feine Schwebstoffe verbinden sich zu gr\u00f6\u00dferen Partikeln, die leicht durch die mechanische Filtration entfernt werden k\u00f6nnen.<\/p>\n<p data-start=\"275\" data-end=\"375\">Dadurch wird das Wasser bereits wenige Stunden nach der Anwendung deutlich klarer und transparenter.<\/p>\n<p data-start=\"377\" data-end=\"566\">W\u00e4hrend der Wirkung des Pr\u00e4parats kann eine kurzzeitige wei\u00dfe Tr\u00fcbung auftreten \u2013 dies ist ein nat\u00fcrlicher Prozessschritt und best\u00e4tigt, dass AF Clear Pond Verunreinigungen effektiv bindet.<\/p>\n<p data-start=\"568\" data-end=\"1076\"><strong data-start=\"568\" data-end=\"607\">Was macht dieses Produkt besonders?<\/strong><br \/>\n\u2022 <strong data-start=\"610\" data-end=\"630\">Schnelle Wirkung<\/strong> \u2013 deutliche Verbesserung der Wasserclarheit bereits wenige Stunden nach der Anwendung<br data-start=\"716\" data-end=\"719\" \/>\u2022 Reduziert gr\u00fcnes und tr\u00fcbes Wasser und stellt die nat\u00fcrliche Klarheit des Teichs wieder her<br data-start=\"812\" data-end=\"815\" \/>\u2022 Bindet feine Verunreinigungen zu gr\u00f6\u00dferen Partikeln, die leicht durch mechanische Filtration entfernt werden k\u00f6nnen<br data-start=\"932\" data-end=\"935\" \/>\u2022 Sicher f\u00fcr das Teich\u00f6kosystem \u2013 beeinflusst die Wasserparameter nicht und kann in Teichen mit Fischen und Wasserpflanzen verwendet werden<\/p>\n<p data-start=\"1078\" data-end=\"1218\"><strong data-start=\"1078\" data-end=\"1092\">Dosierung:<\/strong><br data-start=\"1092\" data-end=\"1095\" \/>500 ml pro 10.000 l Wasser. Nach Abschluss des Kl\u00e4rungsprozesses wird empfohlen, die mechanischen Filtermedien zu reinigen.<\/p>\n<p data-start=\"1220\" data-end=\"1479\" data-is-last-node=\"\" data-is-only-node=\"\"><strong data-start=\"1220\" data-end=\"1242\">Wichtige Hinweise:<\/strong><br data-start=\"1242\" data-end=\"1245\" \/>Nach der Anwendung sollten die mechanischen Filter \u00fcberpr\u00fcft und bei Bedarf gereinigt werden. Produkt ausschlie\u00dflich f\u00fcr Gartenteiche bestimmt. Nicht zum Verzehr geeignet. Au\u00dferhalb der Reichweite von Kindern aufbewahren. K\u00fchl lagern<\/p>\n","protected":false},"excerpt":{"rendered":"<p>Ein schneller und sicherer Wasserkl\u00e4rer f\u00fcr Gartenteiche.<\/p>\n","protected":false},"featured_media":29257,"template":"","meta":{"_acf_changed":false,"content-type":""},"product_brand":[],"product_cat":[2047,2063],"product_tag":[1417],"class_list":{"0":"post-29277","1":"product","2":"type-product","3":"status-publish","4":"has-post-thumbnail","6":"product_cat-pond","7":"product_cat-problemloesungen","8":"product_tag-variable-de","10":"first","11":"instock","12":"taxable","13":"shipping-taxable","14":"purchasable","15":"product-type-variable","16":"has-default-attributes"},"acf":[],"yoast_head":"<!-- This site is optimized with the Yoast SEO plugin v27.1.1 - https:\/\/yoast.com\/product\/yoast-seo-wordpress\/ -->\n<title>Quick Clear - Aquaforest<\/title>\n<meta name=\"robots\" content=\"index, follow, max-snippet:-1, max-image-preview:large, max-video-preview:-1\" \/>\n<link rel=\"canonical\" href=\"https:\/\/aquaforest.eu\/de\/produkte\/pond\/problemloesungen\/quick-clear\/\" \/>\n<meta property=\"og:locale\" content=\"de_DE\" \/>\n<meta property=\"og:type\" content=\"article\" \/>\n<meta property=\"og:title\" content=\"Quick Clear - Aquaforest\" \/>\n<meta property=\"og:description\" content=\"Ein schneller und sicherer Wasserkl\u00e4rer f\u00fcr Gartenteiche.\" \/>\n<meta property=\"og:url\" content=\"https:\/\/aquaforest.eu\/de\/produkte\/pond\/problemloesungen\/quick-clear\/\" \/>\n<meta property=\"og:site_name\" content=\"Aquaforest\" \/>\n<meta property=\"article:publisher\" content=\"https:\/\/www.facebook.com\/Aquaforest\/\" \/>\n<meta property=\"article:modified_time\" content=\"2026-03-31T11:25:44+00:00\" \/>\n<meta property=\"og:image\" content=\"https:\/\/aquaforest.eu\/wp-content\/uploads\/2026\/03\/QuickClear-1L-scaled.png\" \/>\n\t<meta property=\"og:image:width\" content=\"2560\" \/>\n\t<meta property=\"og:image:height\" content=\"2560\" \/>\n\t<meta property=\"og:image:type\" content=\"image\/png\" \/>\n<meta name=\"twitter:card\" content=\"summary_large_image\" \/>\n<meta name=\"twitter:label1\" content=\"Gesch\u00e4tzte Lesezeit\" \/>\n\t<meta name=\"twitter:data1\" content=\"2\u00a0Minuten\" \/>\n<script type=\"application\/ld+json\" class=\"yoast-schema-graph\">{\"@context\":\"https:\/\/schema.org\",\"@graph\":[{\"@type\":\"WebPage\",\"@id\":\"https:\/\/aquaforest.eu\/de\/produkte\/pond\/problemloesungen\/quick-clear\/\",\"url\":\"https:\/\/aquaforest.eu\/de\/produkte\/pond\/problemloesungen\/quick-clear\/\",\"name\":\"Quick Clear - Aquaforest\",\"isPartOf\":{\"@id\":\"https:\/\/aquaforest.eu\/de\/#website\"},\"primaryImageOfPage\":{\"@id\":\"https:\/\/aquaforest.eu\/de\/produkte\/pond\/problemloesungen\/quick-clear\/#primaryimage\"},\"image\":{\"@id\":\"https:\/\/aquaforest.eu\/de\/produkte\/pond\/problemloesungen\/quick-clear\/#primaryimage\"},\"thumbnailUrl\":\"https:\/\/aquaforest.eu\/wp-content\/uploads\/2026\/03\/QuickClear-1L-scaled.png\",\"datePublished\":\"2026-03-30T12:33:18+00:00\",\"dateModified\":\"2026-03-31T11:25:44+00:00\",\"breadcrumb\":{\"@id\":\"https:\/\/aquaforest.eu\/de\/produkte\/pond\/problemloesungen\/quick-clear\/#breadcrumb\"},\"inLanguage\":\"de\",\"potentialAction\":[{\"@type\":\"ReadAction\",\"target\":[\"https:\/\/aquaforest.eu\/de\/produkte\/pond\/problemloesungen\/quick-clear\/\"]}]},{\"@type\":\"ImageObject\",\"inLanguage\":\"de\",\"@id\":\"https:\/\/aquaforest.eu\/de\/produkte\/pond\/problemloesungen\/quick-clear\/#primaryimage\",\"url\":\"https:\/\/aquaforest.eu\/wp-content\/uploads\/2026\/03\/QuickClear-1L-scaled.png\",\"contentUrl\":\"https:\/\/aquaforest.eu\/wp-content\/uploads\/2026\/03\/QuickClear-1L-scaled.png\",\"width\":2560,\"height\":2560},{\"@type\":\"BreadcrumbList\",\"@id\":\"https:\/\/aquaforest.eu\/de\/produkte\/pond\/problemloesungen\/quick-clear\/#breadcrumb\",\"itemListElement\":[{\"@type\":\"ListItem\",\"position\":1,\"name\":\"Home\",\"item\":\"https:\/\/aquaforest.eu\/de\/\"},{\"@type\":\"ListItem\",\"position\":2,\"name\":\"Produkte\",\"item\":\"https:\/\/aquaforest.eu\/de\/produkte\/\"},{\"@type\":\"ListItem\",\"position\":3,\"name\":\"Quick Clear\"}]},{\"@type\":\"WebSite\",\"@id\":\"https:\/\/aquaforest.eu\/de\/#website\",\"url\":\"https:\/\/aquaforest.eu\/de\/\",\"name\":\"Aquaforest\",\"description\":\"\",\"publisher\":{\"@id\":\"https:\/\/aquaforest.eu\/de\/#organization\"},\"potentialAction\":[{\"@type\":\"SearchAction\",\"target\":{\"@type\":\"EntryPoint\",\"urlTemplate\":\"https:\/\/aquaforest.eu\/de\/?s={search_term_string}\"},\"query-input\":{\"@type\":\"PropertyValueSpecification\",\"valueRequired\":true,\"valueName\":\"search_term_string\"}}],\"inLanguage\":\"de\"},{\"@type\":\"Organization\",\"@id\":\"https:\/\/aquaforest.eu\/de\/#organization\",\"name\":\"Aquaforest\",\"url\":\"https:\/\/aquaforest.eu\/de\/\",\"logo\":{\"@type\":\"ImageObject\",\"inLanguage\":\"de\",\"@id\":\"https:\/\/aquaforest.eu\/de\/#\/schema\/logo\/image\/\",\"url\":\"https:\/\/aquaforest.eu\/wp-content\/uploads\/2024\/05\/logotyp-aquaforest.svg\",\"contentUrl\":\"https:\/\/aquaforest.eu\/wp-content\/uploads\/2024\/05\/logotyp-aquaforest.svg\",\"width\":170,\"height\":22,\"caption\":\"Aquaforest\"},\"image\":{\"@id\":\"https:\/\/aquaforest.eu\/de\/#\/schema\/logo\/image\/\"},\"sameAs\":[\"https:\/\/www.facebook.com\/Aquaforest\/\",\"https:\/\/www.instagram.com\/aquaforest.eu\/\"]}]}<\/script>\n<!-- \/ Yoast SEO plugin. -->","yoast_head_json":{"title":"Quick Clear - Aquaforest","robots":{"index":"index","follow":"follow","max-snippet":"max-snippet:-1","max-image-preview":"max-image-preview:large","max-video-preview":"max-video-preview:-1"},"canonical":"https:\/\/aquaforest.eu\/de\/produkte\/pond\/problemloesungen\/quick-clear\/","og_locale":"de_DE","og_type":"article","og_title":"Quick Clear - Aquaforest","og_description":"Ein schneller und sicherer Wasserkl\u00e4rer f\u00fcr Gartenteiche.","og_url":"https:\/\/aquaforest.eu\/de\/produkte\/pond\/problemloesungen\/quick-clear\/","og_site_name":"Aquaforest","article_publisher":"https:\/\/www.facebook.com\/Aquaforest\/","article_modified_time":"2026-03-31T11:25:44+00:00","og_image":[{"width":2560,"height":2560,"url":"https:\/\/aquaforest.eu\/wp-content\/uploads\/2026\/03\/QuickClear-1L-scaled.png","type":"image\/png"}],"twitter_card":"summary_large_image","twitter_misc":{"Gesch\u00e4tzte Lesezeit":"2\u00a0Minuten"},"schema":{"@context":"https:\/\/schema.org","@graph":[{"@type":"WebPage","@id":"https:\/\/aquaforest.eu\/de\/produkte\/pond\/problemloesungen\/quick-clear\/","url":"https:\/\/aquaforest.eu\/de\/produkte\/pond\/problemloesungen\/quick-clear\/","name":"Quick Clear - Aquaforest","isPartOf":{"@id":"https:\/\/aquaforest.eu\/de\/#website"},"primaryImageOfPage":{"@id":"https:\/\/aquaforest.eu\/de\/produkte\/pond\/problemloesungen\/quick-clear\/#primaryimage"},"image":{"@id":"https:\/\/aquaforest.eu\/de\/produkte\/pond\/problemloesungen\/quick-clear\/#primaryimage"},"thumbnailUrl":"https:\/\/aquaforest.eu\/wp-content\/uploads\/2026\/03\/QuickClear-1L-scaled.png","datePublished":"2026-03-30T12:33:18+00:00","dateModified":"2026-03-31T11:25:44+00:00","breadcrumb":{"@id":"https:\/\/aquaforest.eu\/de\/produkte\/pond\/problemloesungen\/quick-clear\/#breadcrumb"},"inLanguage":"de","potentialAction":[{"@type":"ReadAction","target":["https:\/\/aquaforest.eu\/de\/produkte\/pond\/problemloesungen\/quick-clear\/"]}]},{"@type":"ImageObject","inLanguage":"de","@id":"https:\/\/aquaforest.eu\/de\/produkte\/pond\/problemloesungen\/quick-clear\/#primaryimage","url":"https:\/\/aquaforest.eu\/wp-content\/uploads\/2026\/03\/QuickClear-1L-scaled.png","contentUrl":"https:\/\/aquaforest.eu\/wp-content\/uploads\/2026\/03\/QuickClear-1L-scaled.png","width":2560,"height":2560},{"@type":"BreadcrumbList","@id":"https:\/\/aquaforest.eu\/de\/produkte\/pond\/problemloesungen\/quick-clear\/#breadcrumb","itemListElement":[{"@type":"ListItem","position":1,"name":"Home","item":"https:\/\/aquaforest.eu\/de\/"},{"@type":"ListItem","position":2,"name":"Produkte","item":"https:\/\/aquaforest.eu\/de\/produkte\/"},{"@type":"ListItem","position":3,"name":"Quick Clear"}]},{"@type":"WebSite","@id":"https:\/\/aquaforest.eu\/de\/#website","url":"https:\/\/aquaforest.eu\/de\/","name":"Aquaforest","description":"","publisher":{"@id":"https:\/\/aquaforest.eu\/de\/#organization"},"potentialAction":[{"@type":"SearchAction","target":{"@type":"EntryPoint","urlTemplate":"https:\/\/aquaforest.eu\/de\/?s={search_term_string}"},"query-input":{"@type":"PropertyValueSpecification","valueRequired":true,"valueName":"search_term_string"}}],"inLanguage":"de"},{"@type":"Organization","@id":"https:\/\/aquaforest.eu\/de\/#organization","name":"Aquaforest","url":"https:\/\/aquaforest.eu\/de\/","logo":{"@type":"ImageObject","inLanguage":"de","@id":"https:\/\/aquaforest.eu\/de\/#\/schema\/logo\/image\/","url":"https:\/\/aquaforest.eu\/wp-content\/uploads\/2024\/05\/logotyp-aquaforest.svg","contentUrl":"https:\/\/aquaforest.eu\/wp-content\/uploads\/2024\/05\/logotyp-aquaforest.svg","width":170,"height":22,"caption":"Aquaforest"},"image":{"@id":"https:\/\/aquaforest.eu\/de\/#\/schema\/logo\/image\/"},"sameAs":["https:\/\/www.facebook.com\/Aquaforest\/","https:\/\/www.instagram.com\/aquaforest.eu\/"]}]}},"_links":{"self":[{"href":"https:\/\/aquaforest.eu\/de\/wp-json\/wp\/v2\/product\/29277","targetHints":{"allow":["GET"]}}],"collection":[{"href":"https:\/\/aquaforest.eu\/de\/wp-json\/wp\/v2\/product"}],"about":[{"href":"https:\/\/aquaforest.eu\/de\/wp-json\/wp\/v2\/types\/product"}],"version-history":[{"count":4,"href":"https:\/\/aquaforest.eu\/de\/wp-json\/wp\/v2\/product\/29277\/revisions"}],"predecessor-version":[{"id":30015,"href":"https:\/\/aquaforest.eu\/de\/wp-json\/wp\/v2\/product\/29277\/revisions\/30015"}],"wp:featuredmedia":[{"embeddable":true,"href":"https:\/\/aquaforest.eu\/de\/wp-json\/wp\/v2\/media\/29257"}],"wp:attachment":[{"href":"https:\/\/aquaforest.eu\/de\/wp-json\/wp\/v2\/media?parent=29277"}],"wp:term":[{"taxonomy":"product_brand","embeddable":true,"href":"https:\/\/aquaforest.eu\/de\/wp-json\/wp\/v2\/product_brand?post=29277"},{"taxonomy":"product_cat","embeddable":true,"href":"https:\/\/aquaforest.eu\/de\/wp-json\/wp\/v2\/product_cat?post=29277"},{"taxonomy":"product_tag","embeddable":true,"href":"https:\/\/aquaforest.eu\/de\/wp-json\/wp\/v2\/product_tag?post=29277"}],"curies":[{"name":"wp","href":"https:\/\/api.w.org\/{rel}","templated":true}]}}