{"id":29389,"date":"2026-03-30T14:31:35","date_gmt":"2026-03-30T12:31:35","guid":{"rendered":"https:\/\/aquaforest.eu\/?post_type=product&#038;p=29389"},"modified":"2026-03-31T14:53:14","modified_gmt":"2026-03-31T12:53:14","slug":"algae-strike","status":"publish","type":"product","link":"https:\/\/aquaforest.eu\/de\/produkte\/pond\/problemloesungen\/algae-strike\/","title":{"rendered":"Algae Strike"},"content":{"rendered":"<p data-start=\"0\" data-end=\"121\"><strong data-start=\"0\" data-end=\"121\">Nat\u00fcrlicher Wasseraufbereiter \u2013 reduziert das Risiko von Algenbl\u00fcten aller Art durch Verbesserung der Wasserqualit\u00e4t.<\/strong><\/p>\n<p data-start=\"123\" data-end=\"375\">Die einzigartige Kombination aus <strong data-start=\"156\" data-end=\"173\">Liquid Strike<\/strong> und <strong data-start=\"178\" data-end=\"195\">Powder Strike<\/strong> unterst\u00fctzt nat\u00fcrliche Reinigungsprozesse, verbessert die Sauerstoffversorgung und f\u00f6rdert das biologische Gleichgewicht im Gartenteich. Sicher f\u00fcr Fische, Garnelen und Schnecken.<\/p>\n<p data-start=\"377\" data-end=\"802\">\u2022 <strong data-start=\"379\" data-end=\"410\">Liquid Strike (Fl\u00fcssigkeit)<\/strong> \u2013 wirkt direkt auf Algen, hemmt deren Wachstum und verhindert erneutes Auftreten. Sicher f\u00fcr Fische, Schnecken und Garnelen.<br data-start=\"535\" data-end=\"538\" \/>\u2022 <strong data-start=\"540\" data-end=\"566\">Powder Strike (Pulver)<\/strong> \u2013 setzt bei Kontakt mit Wasser aktiven Sauerstoff frei, der abgestorbene Algen zersetzt und an die Oberfl\u00e4che bef\u00f6rdert. Dadurch lassen sich diese leicht entfernen, w\u00e4hrend die Wasserqualit\u00e4t und Sauerstoffversorgung verbessert werden.<\/p>\n<h3 data-section-id=\"1d3szwl\" data-start=\"804\" data-end=\"834\">Warum Algae Strike w\u00e4hlen?<\/h3>\n<p data-start=\"835\" data-end=\"1427\">\u2022 Zweiphasen-Formel (Liquid Strike + Powder Strike) sorgt f\u00fcr umfassende Wirkung \u2013 hemmt Algenwachstum und unterst\u00fctzt die Entfernung von Algenresten<br data-start=\"984\" data-end=\"987\" \/>\u2022 Reduziert Algenwachstum und hilft, klares und sauberes Wasser zu erhalten<br data-start=\"1062\" data-end=\"1065\" \/>\u2022 Verbessert die Sauerstoffversorgung und unterst\u00fctzt das biologische Gleichgewicht<br data-start=\"1148\" data-end=\"1151\" \/>\u2022 Unterst\u00fctzt nat\u00fcrliche Reinigungsprozesse und hilft, ein stabiles \u00d6kosystem wiederherzustellen<br data-start=\"1247\" data-end=\"1250\" \/>\u2022 Sicher f\u00fcr Fische und andere Wasserorganismen \u2013 enth\u00e4lt keine Schwermetalle oder Biozide<br data-start=\"1340\" data-end=\"1343\" \/>\u2022 Einfach anzuwendendes Behandlungssystem mit schnellen und sichtbaren Ergebnissen<\/p>\n<h3 data-section-id=\"125o7fx\" data-start=\"1429\" data-end=\"1442\">Anwendung<\/h3>\n<p data-start=\"1444\" data-end=\"1476\"><strong data-start=\"1444\" data-end=\"1474\">Schritt 1 \u2013 Liquid Strike:<\/strong><\/p>\n<ol data-start=\"1477\" data-end=\"1693\">\n<li data-section-id=\"diizcp\" data-start=\"1477\" data-end=\"1524\">8 ml Fl\u00fcssigkeit pro 100 l Wasser abmessen<\/li>\n<li data-section-id=\"15jqpzb\" data-start=\"1525\" data-end=\"1610\">Gleichm\u00e4\u00dfig im Teich verteilen, besonders in Bereichen mit starkem Algenwachstum<\/li>\n<li data-section-id=\"g19vpu\" data-start=\"1611\" data-end=\"1664\">Filter und starke Bel\u00fcftung eingeschaltet lassen<\/li>\n<li data-section-id=\"1ynu7bn\" data-start=\"1665\" data-end=\"1693\">3 Tage einwirken lassen<\/li>\n<\/ol>\n<p data-start=\"1695\" data-end=\"1727\"><strong data-start=\"1695\" data-end=\"1725\">Schritt 2 \u2013 Powder Strike:<\/strong><\/p>\n<ol data-start=\"1728\" data-end=\"1843\">\n<li data-section-id=\"la9pvs\" data-start=\"1728\" data-end=\"1784\">Nach 3 Tagen 4 g Pulver pro 100 l Wasser hinzuf\u00fcgen<\/li>\n<li data-section-id=\"ogaodd\" data-start=\"1785\" data-end=\"1843\">Pulver gleichm\u00e4\u00dfig auf der Wasseroberfl\u00e4che verteilen<\/li>\n<\/ol>\n<p data-start=\"1845\" data-end=\"1975\"><strong data-start=\"1845\" data-end=\"1871\">Behandlung fortsetzen:<\/strong><br data-start=\"1871\" data-end=\"1874\" \/>Fl\u00fcssigkeit und Pulver alle 3 Tage abwechselnd anwenden, bis die Algen vollst\u00e4ndig verschwunden sind.<\/p>\n<h3 data-section-id=\"znxo4r\" data-start=\"1977\" data-end=\"2003\">Wichtige Informationen<\/h3>\n<p data-start=\"2004\" data-end=\"2516\">\u2022 W\u00e4hrend der Behandlung UV-Lampen ausschalten und keine Aktivkohle verwenden<br data-start=\"2081\" data-end=\"2084\" \/>\u2022 Nach der Behandlung den Filter von abgestorbenen Algenresten reinigen<br data-start=\"2155\" data-end=\"2158\" \/>\u2022 Nach Abschluss der Behandlung <strong data-start=\"2190\" data-end=\"2208\">AF Carbon Pond<\/strong> verwenden, um chemische R\u00fcckst\u00e4nde zu entfernen<br data-start=\"2256\" data-end=\"2259\" \/>\u2022 W\u00e4hrend der Anwendung das Verhalten der Fische beobachten \u2013 bei Stressanzeichen Dosierung reduzieren<br data-start=\"2361\" data-end=\"2364\" \/>\u2022 Nicht mit anderen chemischen Produkten mit \u00e4hnlicher Wirkung kombinieren<br data-start=\"2438\" data-end=\"2441\" \/>\u2022 Nach der Behandlung k\u00f6nnen Starterbakterien f\u00fcr Teiche verwendet werden<\/p>\n<h3 data-section-id=\"1jlv3x6\" data-start=\"2518\" data-end=\"2541\">Reichweite des Sets<\/h3>\n<p data-start=\"2542\" data-end=\"2619\">2 l Liquid Strike + 1 kg Powder Strike reicht f\u00fcr <strong data-start=\"2592\" data-end=\"2619\">25.000 l Wasser (25 m\u00b3)<\/strong><\/p>\n<h3 data-section-id=\"1kirou4\" data-start=\"2621\" data-end=\"2650\">Zus\u00e4tzliche Informationen<\/h3>\n<p data-start=\"2651\" data-end=\"2783\" data-is-last-node=\"\" data-is-only-node=\"\">Produkt nur f\u00fcr Gartenteiche geeignet. Nicht zum Verzehr bestimmt. Au\u00dferhalb der Reichweite von Kindern aufbewahren und k\u00fchl lagern.<\/p>\n","protected":false},"excerpt":{"rendered":"<div class=\"flex flex-col text-sm pb-25\">\n<section class=\"text-token-text-primary w-full focus:outline-none [--shadow-height:45px] has-data-writing-block:pointer-events-none has-data-writing-block:-mt-(--shadow-height) has-data-writing-block:pt-(--shadow-height) [&amp;:has([data-writing-block])&gt;*]:pointer-events-auto scroll-mt-[calc(var(--header-height)+min(200px,max(70px,20svh)))]\" dir=\"auto\" data-turn-id=\"request-69bbe053-be8c-8390-b6de-70d16efea0c5-3\" data-testid=\"conversation-turn-204\" data-scroll-anchor=\"true\" data-turn=\"assistant\">\n<div class=\"text-base my-auto mx-auto pb-10 [--thread-content-margin:var(--thread-content-margin-xs,calc(var(--spacing)*4))] @w-sm\/main:[--thread-content-margin:var(--thread-content-margin-sm,calc(var(--spacing)*6))] @w-lg\/main:[--thread-content-margin:var(--thread-content-margin-lg,calc(var(--spacing)*16))] px-(--thread-content-margin)\">\n<div class=\"[--thread-content-max-width:40rem] @w-lg\/main:[--thread-content-max-width:48rem] mx-auto max-w-(--thread-content-max-width) flex-1 group\/turn-messages focus-visible:outline-hidden relative flex w-full min-w-0 flex-col agent-turn\">\n<div class=\"flex max-w-full flex-col gap-4 grow\">\n<div class=\"min-h-8 text-message relative flex w-full flex-col items-end gap-2 text-start break-words whitespace-normal outline-none keyboard-focused:focus-ring [.text-message+&amp;]:mt-1\" dir=\"auto\" tabindex=\"0\" data-message-author-role=\"assistant\" data-message-id=\"679bee70-3219-426f-a998-9aad5d2e395e\" data-message-model-slug=\"gpt-5-3\" data-turn-start-message=\"true\">\n<div class=\"flex w-full flex-col gap-1 empty:hidden\">\n<div class=\"markdown prose dark:prose-invert w-full wrap-break-word light markdown-new-styling\">Umfassendes Pr\u00e4parat zur Bek\u00e4mpfung von Algen und Wiederherstellung des biologischen Gleichgewichts im Teich.<\/div>\n<\/div>\n<\/div>\n<\/div>\n<div class=\"mt-3 w-full empty:hidden\"><\/div>\n<\/div>\n<\/div>\n<\/section>\n<\/div>\n","protected":false},"featured_media":29383,"template":"","meta":{"_acf_changed":false,"content-type":""},"product_brand":[],"product_cat":[2047,2063],"product_tag":[],"class_list":{"0":"post-29389","1":"product","2":"type-product","3":"status-publish","4":"has-post-thumbnail","6":"product_cat-pond","7":"product_cat-problemloesungen","9":"first","10":"instock","11":"taxable","12":"shipping-taxable","13":"purchasable","14":"product-type-variable"},"acf":[],"yoast_head":"<!-- This site is optimized with the Yoast SEO plugin v27.1.1 - https:\/\/yoast.com\/product\/yoast-seo-wordpress\/ -->\n<title>Algae Strike - Aquaforest<\/title>\n<meta name=\"robots\" content=\"index, follow, max-snippet:-1, max-image-preview:large, max-video-preview:-1\" \/>\n<link rel=\"canonical\" href=\"https:\/\/aquaforest.eu\/de\/produkte\/pond\/problemloesungen\/algae-strike\/\" \/>\n<meta property=\"og:locale\" content=\"de_DE\" \/>\n<meta property=\"og:type\" content=\"article\" \/>\n<meta property=\"og:title\" content=\"Algae Strike - Aquaforest\" \/>\n<meta property=\"og:description\" content=\"Umfassendes Pr\u00e4parat zur Bek\u00e4mpfung von Algen und Wiederherstellung des biologischen Gleichgewichts im Teich.\" \/>\n<meta property=\"og:url\" content=\"https:\/\/aquaforest.eu\/de\/produkte\/pond\/problemloesungen\/algae-strike\/\" \/>\n<meta property=\"og:site_name\" content=\"Aquaforest\" \/>\n<meta property=\"article:publisher\" content=\"https:\/\/www.facebook.com\/Aquaforest\/\" \/>\n<meta property=\"article:modified_time\" content=\"2026-03-31T12:53:14+00:00\" \/>\n<meta property=\"og:image\" content=\"https:\/\/aquaforest.eu\/wp-content\/uploads\/2026\/03\/Algae-strike.png\" \/>\n\t<meta property=\"og:image:width\" content=\"1800\" \/>\n\t<meta property=\"og:image:height\" content=\"1350\" \/>\n\t<meta property=\"og:image:type\" content=\"image\/png\" \/>\n<meta name=\"twitter:card\" content=\"summary_large_image\" \/>\n<meta name=\"twitter:label1\" content=\"Gesch\u00e4tzte Lesezeit\" \/>\n\t<meta name=\"twitter:data1\" content=\"2\u00a0Minuten\" \/>\n<script type=\"application\/ld+json\" class=\"yoast-schema-graph\">{\"@context\":\"https:\/\/schema.org\",\"@graph\":[{\"@type\":\"WebPage\",\"@id\":\"https:\/\/aquaforest.eu\/de\/produkte\/pond\/problemloesungen\/algae-strike\/\",\"url\":\"https:\/\/aquaforest.eu\/de\/produkte\/pond\/problemloesungen\/algae-strike\/\",\"name\":\"Algae Strike - Aquaforest\",\"isPartOf\":{\"@id\":\"https:\/\/aquaforest.eu\/de\/#website\"},\"primaryImageOfPage\":{\"@id\":\"https:\/\/aquaforest.eu\/de\/produkte\/pond\/problemloesungen\/algae-strike\/#primaryimage\"},\"image\":{\"@id\":\"https:\/\/aquaforest.eu\/de\/produkte\/pond\/problemloesungen\/algae-strike\/#primaryimage\"},\"thumbnailUrl\":\"https:\/\/aquaforest.eu\/wp-content\/uploads\/2026\/03\/Algae-strike.png\",\"datePublished\":\"2026-03-30T12:31:35+00:00\",\"dateModified\":\"2026-03-31T12:53:14+00:00\",\"breadcrumb\":{\"@id\":\"https:\/\/aquaforest.eu\/de\/produkte\/pond\/problemloesungen\/algae-strike\/#breadcrumb\"},\"inLanguage\":\"de\",\"potentialAction\":[{\"@type\":\"ReadAction\",\"target\":[\"https:\/\/aquaforest.eu\/de\/produkte\/pond\/problemloesungen\/algae-strike\/\"]}]},{\"@type\":\"ImageObject\",\"inLanguage\":\"de\",\"@id\":\"https:\/\/aquaforest.eu\/de\/produkte\/pond\/problemloesungen\/algae-strike\/#primaryimage\",\"url\":\"https:\/\/aquaforest.eu\/wp-content\/uploads\/2026\/03\/Algae-strike.png\",\"contentUrl\":\"https:\/\/aquaforest.eu\/wp-content\/uploads\/2026\/03\/Algae-strike.png\",\"width\":1800,\"height\":1350},{\"@type\":\"BreadcrumbList\",\"@id\":\"https:\/\/aquaforest.eu\/de\/produkte\/pond\/problemloesungen\/algae-strike\/#breadcrumb\",\"itemListElement\":[{\"@type\":\"ListItem\",\"position\":1,\"name\":\"Home\",\"item\":\"https:\/\/aquaforest.eu\/de\/\"},{\"@type\":\"ListItem\",\"position\":2,\"name\":\"Produkte\",\"item\":\"https:\/\/aquaforest.eu\/de\/produkte\/\"},{\"@type\":\"ListItem\",\"position\":3,\"name\":\"Algae Strike\"}]},{\"@type\":\"WebSite\",\"@id\":\"https:\/\/aquaforest.eu\/de\/#website\",\"url\":\"https:\/\/aquaforest.eu\/de\/\",\"name\":\"Aquaforest\",\"description\":\"\",\"publisher\":{\"@id\":\"https:\/\/aquaforest.eu\/de\/#organization\"},\"potentialAction\":[{\"@type\":\"SearchAction\",\"target\":{\"@type\":\"EntryPoint\",\"urlTemplate\":\"https:\/\/aquaforest.eu\/de\/?s={search_term_string}\"},\"query-input\":{\"@type\":\"PropertyValueSpecification\",\"valueRequired\":true,\"valueName\":\"search_term_string\"}}],\"inLanguage\":\"de\"},{\"@type\":\"Organization\",\"@id\":\"https:\/\/aquaforest.eu\/de\/#organization\",\"name\":\"Aquaforest\",\"url\":\"https:\/\/aquaforest.eu\/de\/\",\"logo\":{\"@type\":\"ImageObject\",\"inLanguage\":\"de\",\"@id\":\"https:\/\/aquaforest.eu\/de\/#\/schema\/logo\/image\/\",\"url\":\"https:\/\/aquaforest.eu\/wp-content\/uploads\/2024\/05\/logotyp-aquaforest.svg\",\"contentUrl\":\"https:\/\/aquaforest.eu\/wp-content\/uploads\/2024\/05\/logotyp-aquaforest.svg\",\"width\":170,\"height\":22,\"caption\":\"Aquaforest\"},\"image\":{\"@id\":\"https:\/\/aquaforest.eu\/de\/#\/schema\/logo\/image\/\"},\"sameAs\":[\"https:\/\/www.facebook.com\/Aquaforest\/\",\"https:\/\/www.instagram.com\/aquaforest.eu\/\"]}]}<\/script>\n<!-- \/ Yoast SEO plugin. -->","yoast_head_json":{"title":"Algae Strike - Aquaforest","robots":{"index":"index","follow":"follow","max-snippet":"max-snippet:-1","max-image-preview":"max-image-preview:large","max-video-preview":"max-video-preview:-1"},"canonical":"https:\/\/aquaforest.eu\/de\/produkte\/pond\/problemloesungen\/algae-strike\/","og_locale":"de_DE","og_type":"article","og_title":"Algae Strike - Aquaforest","og_description":"Umfassendes Pr\u00e4parat zur Bek\u00e4mpfung von Algen und Wiederherstellung des biologischen Gleichgewichts im Teich.","og_url":"https:\/\/aquaforest.eu\/de\/produkte\/pond\/problemloesungen\/algae-strike\/","og_site_name":"Aquaforest","article_publisher":"https:\/\/www.facebook.com\/Aquaforest\/","article_modified_time":"2026-03-31T12:53:14+00:00","og_image":[{"width":1800,"height":1350,"url":"https:\/\/aquaforest.eu\/wp-content\/uploads\/2026\/03\/Algae-strike.png","type":"image\/png"}],"twitter_card":"summary_large_image","twitter_misc":{"Gesch\u00e4tzte Lesezeit":"2\u00a0Minuten"},"schema":{"@context":"https:\/\/schema.org","@graph":[{"@type":"WebPage","@id":"https:\/\/aquaforest.eu\/de\/produkte\/pond\/problemloesungen\/algae-strike\/","url":"https:\/\/aquaforest.eu\/de\/produkte\/pond\/problemloesungen\/algae-strike\/","name":"Algae Strike - Aquaforest","isPartOf":{"@id":"https:\/\/aquaforest.eu\/de\/#website"},"primaryImageOfPage":{"@id":"https:\/\/aquaforest.eu\/de\/produkte\/pond\/problemloesungen\/algae-strike\/#primaryimage"},"image":{"@id":"https:\/\/aquaforest.eu\/de\/produkte\/pond\/problemloesungen\/algae-strike\/#primaryimage"},"thumbnailUrl":"https:\/\/aquaforest.eu\/wp-content\/uploads\/2026\/03\/Algae-strike.png","datePublished":"2026-03-30T12:31:35+00:00","dateModified":"2026-03-31T12:53:14+00:00","breadcrumb":{"@id":"https:\/\/aquaforest.eu\/de\/produkte\/pond\/problemloesungen\/algae-strike\/#breadcrumb"},"inLanguage":"de","potentialAction":[{"@type":"ReadAction","target":["https:\/\/aquaforest.eu\/de\/produkte\/pond\/problemloesungen\/algae-strike\/"]}]},{"@type":"ImageObject","inLanguage":"de","@id":"https:\/\/aquaforest.eu\/de\/produkte\/pond\/problemloesungen\/algae-strike\/#primaryimage","url":"https:\/\/aquaforest.eu\/wp-content\/uploads\/2026\/03\/Algae-strike.png","contentUrl":"https:\/\/aquaforest.eu\/wp-content\/uploads\/2026\/03\/Algae-strike.png","width":1800,"height":1350},{"@type":"BreadcrumbList","@id":"https:\/\/aquaforest.eu\/de\/produkte\/pond\/problemloesungen\/algae-strike\/#breadcrumb","itemListElement":[{"@type":"ListItem","position":1,"name":"Home","item":"https:\/\/aquaforest.eu\/de\/"},{"@type":"ListItem","position":2,"name":"Produkte","item":"https:\/\/aquaforest.eu\/de\/produkte\/"},{"@type":"ListItem","position":3,"name":"Algae Strike"}]},{"@type":"WebSite","@id":"https:\/\/aquaforest.eu\/de\/#website","url":"https:\/\/aquaforest.eu\/de\/","name":"Aquaforest","description":"","publisher":{"@id":"https:\/\/aquaforest.eu\/de\/#organization"},"potentialAction":[{"@type":"SearchAction","target":{"@type":"EntryPoint","urlTemplate":"https:\/\/aquaforest.eu\/de\/?s={search_term_string}"},"query-input":{"@type":"PropertyValueSpecification","valueRequired":true,"valueName":"search_term_string"}}],"inLanguage":"de"},{"@type":"Organization","@id":"https:\/\/aquaforest.eu\/de\/#organization","name":"Aquaforest","url":"https:\/\/aquaforest.eu\/de\/","logo":{"@type":"ImageObject","inLanguage":"de","@id":"https:\/\/aquaforest.eu\/de\/#\/schema\/logo\/image\/","url":"https:\/\/aquaforest.eu\/wp-content\/uploads\/2024\/05\/logotyp-aquaforest.svg","contentUrl":"https:\/\/aquaforest.eu\/wp-content\/uploads\/2024\/05\/logotyp-aquaforest.svg","width":170,"height":22,"caption":"Aquaforest"},"image":{"@id":"https:\/\/aquaforest.eu\/de\/#\/schema\/logo\/image\/"},"sameAs":["https:\/\/www.facebook.com\/Aquaforest\/","https:\/\/www.instagram.com\/aquaforest.eu\/"]}]}},"_links":{"self":[{"href":"https:\/\/aquaforest.eu\/de\/wp-json\/wp\/v2\/product\/29389","targetHints":{"allow":["GET"]}}],"collection":[{"href":"https:\/\/aquaforest.eu\/de\/wp-json\/wp\/v2\/product"}],"about":[{"href":"https:\/\/aquaforest.eu\/de\/wp-json\/wp\/v2\/types\/product"}],"version-history":[{"count":2,"href":"https:\/\/aquaforest.eu\/de\/wp-json\/wp\/v2\/product\/29389\/revisions"}],"predecessor-version":[{"id":30058,"href":"https:\/\/aquaforest.eu\/de\/wp-json\/wp\/v2\/product\/29389\/revisions\/30058"}],"wp:featuredmedia":[{"embeddable":true,"href":"https:\/\/aquaforest.eu\/de\/wp-json\/wp\/v2\/media\/29383"}],"wp:attachment":[{"href":"https:\/\/aquaforest.eu\/de\/wp-json\/wp\/v2\/media?parent=29389"}],"wp:term":[{"taxonomy":"product_brand","embeddable":true,"href":"https:\/\/aquaforest.eu\/de\/wp-json\/wp\/v2\/product_brand?post=29389"},{"taxonomy":"product_cat","embeddable":true,"href":"https:\/\/aquaforest.eu\/de\/wp-json\/wp\/v2\/product_cat?post=29389"},{"taxonomy":"product_tag","embeddable":true,"href":"https:\/\/aquaforest.eu\/de\/wp-json\/wp\/v2\/product_tag?post=29389"}],"curies":[{"name":"wp","href":"https:\/\/api.w.org\/{rel}","templated":true}]}}