{"id":29459,"date":"2026-03-30T14:32:41","date_gmt":"2026-03-30T12:32:41","guid":{"rendered":"https:\/\/aquaforest.eu\/?post_type=product&#038;p=29459"},"modified":"2026-03-31T14:49:04","modified_gmt":"2026-03-31T12:49:04","slug":"bio-vacuum","status":"publish","type":"product","link":"https:\/\/aquaforest.eu\/de\/produkte\/pond\/biologischer-start\/bio-vacuum\/","title":{"rendered":"Bio Vacuum"},"content":{"rendered":"<p data-start=\"74\" data-end=\"515\"><strong data-start=\"74\" data-end=\"88\">Bio Vacuum<\/strong> ist ein innovatives biologisches Fl\u00fcssigpr\u00e4parat, das speziell f\u00fcr Gartenteiche und Zierteiche entwickelt wurde.<br data-start=\"201\" data-end=\"204\" \/>Es entsteht durch nat\u00fcrliche Fermentation und enth\u00e4lt eine sorgf\u00e4ltig ausgew\u00e4hlte Zusammensetzung lebender probiotischer Mikroorganismen, Vitamine, organischer S\u00e4uren, Mineralstoffe sowie deren Metaboliten. Dadurch wirkt es effektiv und sicher und unterst\u00fctzt das nat\u00fcrliche biologische Gleichgewicht im Wasser.<\/p>\n<h3 data-section-id=\"1m6za2c\" data-start=\"517\" data-end=\"556\">Was macht dieses Produkt besonders?<\/h3>\n<p data-start=\"557\" data-end=\"806\">Die im Pr\u00e4parat enthaltenen n\u00fctzlichen Bakterien bauen angesammelte organische Stoffe aktiv ab \u2013 Schlamm, Bl\u00e4tter, Pflanzenreste und Bodensedimente. Der F\u00e4ulnisprozess wird durch Mineralisierung ersetzt, was zahlreiche Vorteile f\u00fcr den Teich bringt:<\/p>\n<p data-start=\"808\" data-end=\"1312\">\u2022 Reduziert Schlamm und organische Ablagerungen und verringert die Notwendigkeit der mechanischen Reinigung<br data-start=\"915\" data-end=\"918\" \/>\u2022 Entfernt zersetzte Pflanzenreste, Bl\u00e4tter und Fischabf\u00e4lle und unterbricht F\u00e4ulnisprozesse am Teichboden<br data-start=\"1024\" data-end=\"1027\" \/>\u2022 Verhindert die Bildung giftiger Gase, die beim Abbau organischer Stoffe entstehen<br data-start=\"1110\" data-end=\"1113\" \/>\u2022 Enth\u00e4lt nat\u00fcrliche probiotische Bakterien, die Mineralisierung und Reinigung des Teichbodens unterst\u00fctzen<br data-start=\"1220\" data-end=\"1223\" \/>\u2022 F\u00f6rdert ein stabiles, selbstregulierendes \u00d6kosystem und verbessert die Wasserclarheit<\/p>\n<h3 data-section-id=\"125o7fx\" data-start=\"1314\" data-end=\"1327\">Anwendung<\/h3>\n<p data-start=\"1328\" data-end=\"1522\">\u2022 Von Fr\u00fchling bis Herbst bei Wassertemperaturen \u00fcber 8\u00b0C anwenden<br data-start=\"1394\" data-end=\"1397\" \/>\u2022 Im Verh\u00e4ltnis 1:20 mit Wasser verd\u00fcnnen und gleichm\u00e4\u00dfig \u00fcber die Oberfl\u00e4che verteilen (z. B. mit Gie\u00dfkanne oder Spr\u00fchger\u00e4t)<\/p>\n<h3 data-section-id=\"1d4zdgc\" data-start=\"1524\" data-end=\"1537\">Dosierung<\/h3>\n<p data-start=\"1538\" data-end=\"1647\">\u2022 0,1 l \/ 1000 l Wasser \u2013 einmal monatlich<br data-start=\"1580\" data-end=\"1583\" \/>\u2022 Maximale Dosierung: 0,3 l \/ 1000 l Wasser \u2013 einmal monatlich<\/p>\n<h3 data-section-id=\"195p7v2\" data-start=\"1649\" data-end=\"1670\">Wichtige Hinweise<\/h3>\n<p data-start=\"1671\" data-end=\"1811\" data-is-last-node=\"\" data-is-only-node=\"\">Produkt ausschlie\u00dflich f\u00fcr Gartenteiche bestimmt. Nicht zum Verzehr geeignet. Au\u00dferhalb der Reichweite von Kindern aufbewahren. K\u00fchl lagern.<\/p>\n","protected":false},"excerpt":{"rendered":"<p data-start=\"178\" data-end=\"291\">Fl\u00fcssiges biologisches Pr\u00e4parat zur Reduzierung von Schlamm und organischen Ablagerungen im Teich.<\/p>\n<p data-start=\"293\" data-end=\"388\">\n","protected":false},"featured_media":29447,"template":"","meta":{"_acf_changed":false,"content-type":""},"product_brand":[],"product_cat":[2055,2047],"product_tag":[1417],"class_list":{"0":"post-29459","1":"product","2":"type-product","3":"status-publish","4":"has-post-thumbnail","6":"product_cat-biologischer-start","7":"product_cat-pond","8":"product_tag-variable-de","10":"first","11":"instock","12":"taxable","13":"shipping-taxable","14":"purchasable","15":"product-type-variable"},"acf":[],"yoast_head":"<!-- This site is optimized with the Yoast SEO plugin v27.1.1 - https:\/\/yoast.com\/product\/yoast-seo-wordpress\/ -->\n<title>Bio Vacuum - Aquaforest<\/title>\n<meta name=\"robots\" content=\"index, follow, max-snippet:-1, max-image-preview:large, max-video-preview:-1\" \/>\n<link rel=\"canonical\" href=\"https:\/\/aquaforest.eu\/de\/produkte\/pond\/biologischer-start\/bio-vacuum\/\" \/>\n<meta property=\"og:locale\" content=\"de_DE\" \/>\n<meta property=\"og:type\" content=\"article\" \/>\n<meta property=\"og:title\" content=\"Bio Vacuum - Aquaforest\" \/>\n<meta property=\"og:description\" content=\"Fl\u00fcssiges biologisches Pr\u00e4parat zur Reduzierung von Schlamm und organischen Ablagerungen im Teich.\" \/>\n<meta property=\"og:url\" content=\"https:\/\/aquaforest.eu\/de\/produkte\/pond\/biologischer-start\/bio-vacuum\/\" \/>\n<meta property=\"og:site_name\" content=\"Aquaforest\" \/>\n<meta property=\"article:publisher\" content=\"https:\/\/www.facebook.com\/Aquaforest\/\" \/>\n<meta property=\"article:modified_time\" content=\"2026-03-31T12:49:04+00:00\" \/>\n<meta property=\"og:image\" content=\"https:\/\/aquaforest.eu\/wp-content\/uploads\/2026\/03\/Bio-Vaccum-1L-scaled.png\" \/>\n\t<meta property=\"og:image:width\" content=\"2560\" \/>\n\t<meta property=\"og:image:height\" content=\"2560\" \/>\n\t<meta property=\"og:image:type\" content=\"image\/png\" \/>\n<meta name=\"twitter:card\" content=\"summary_large_image\" \/>\n<meta name=\"twitter:label1\" content=\"Gesch\u00e4tzte Lesezeit\" \/>\n\t<meta name=\"twitter:data1\" content=\"2\u00a0Minuten\" \/>\n<script type=\"application\/ld+json\" class=\"yoast-schema-graph\">{\"@context\":\"https:\/\/schema.org\",\"@graph\":[{\"@type\":\"WebPage\",\"@id\":\"https:\/\/aquaforest.eu\/de\/produkte\/pond\/biologischer-start\/bio-vacuum\/\",\"url\":\"https:\/\/aquaforest.eu\/de\/produkte\/pond\/biologischer-start\/bio-vacuum\/\",\"name\":\"Bio Vacuum - Aquaforest\",\"isPartOf\":{\"@id\":\"https:\/\/aquaforest.eu\/de\/#website\"},\"primaryImageOfPage\":{\"@id\":\"https:\/\/aquaforest.eu\/de\/produkte\/pond\/biologischer-start\/bio-vacuum\/#primaryimage\"},\"image\":{\"@id\":\"https:\/\/aquaforest.eu\/de\/produkte\/pond\/biologischer-start\/bio-vacuum\/#primaryimage\"},\"thumbnailUrl\":\"https:\/\/aquaforest.eu\/wp-content\/uploads\/2026\/03\/Bio-Vaccum-1L-scaled.png\",\"datePublished\":\"2026-03-30T12:32:41+00:00\",\"dateModified\":\"2026-03-31T12:49:04+00:00\",\"breadcrumb\":{\"@id\":\"https:\/\/aquaforest.eu\/de\/produkte\/pond\/biologischer-start\/bio-vacuum\/#breadcrumb\"},\"inLanguage\":\"de\",\"potentialAction\":[{\"@type\":\"ReadAction\",\"target\":[\"https:\/\/aquaforest.eu\/de\/produkte\/pond\/biologischer-start\/bio-vacuum\/\"]}]},{\"@type\":\"ImageObject\",\"inLanguage\":\"de\",\"@id\":\"https:\/\/aquaforest.eu\/de\/produkte\/pond\/biologischer-start\/bio-vacuum\/#primaryimage\",\"url\":\"https:\/\/aquaforest.eu\/wp-content\/uploads\/2026\/03\/Bio-Vaccum-1L-scaled.png\",\"contentUrl\":\"https:\/\/aquaforest.eu\/wp-content\/uploads\/2026\/03\/Bio-Vaccum-1L-scaled.png\",\"width\":2560,\"height\":2560},{\"@type\":\"BreadcrumbList\",\"@id\":\"https:\/\/aquaforest.eu\/de\/produkte\/pond\/biologischer-start\/bio-vacuum\/#breadcrumb\",\"itemListElement\":[{\"@type\":\"ListItem\",\"position\":1,\"name\":\"Home\",\"item\":\"https:\/\/aquaforest.eu\/de\/\"},{\"@type\":\"ListItem\",\"position\":2,\"name\":\"Produkte\",\"item\":\"https:\/\/aquaforest.eu\/de\/produkte\/\"},{\"@type\":\"ListItem\",\"position\":3,\"name\":\"Bio Vacuum\"}]},{\"@type\":\"WebSite\",\"@id\":\"https:\/\/aquaforest.eu\/de\/#website\",\"url\":\"https:\/\/aquaforest.eu\/de\/\",\"name\":\"Aquaforest\",\"description\":\"\",\"publisher\":{\"@id\":\"https:\/\/aquaforest.eu\/de\/#organization\"},\"potentialAction\":[{\"@type\":\"SearchAction\",\"target\":{\"@type\":\"EntryPoint\",\"urlTemplate\":\"https:\/\/aquaforest.eu\/de\/?s={search_term_string}\"},\"query-input\":{\"@type\":\"PropertyValueSpecification\",\"valueRequired\":true,\"valueName\":\"search_term_string\"}}],\"inLanguage\":\"de\"},{\"@type\":\"Organization\",\"@id\":\"https:\/\/aquaforest.eu\/de\/#organization\",\"name\":\"Aquaforest\",\"url\":\"https:\/\/aquaforest.eu\/de\/\",\"logo\":{\"@type\":\"ImageObject\",\"inLanguage\":\"de\",\"@id\":\"https:\/\/aquaforest.eu\/de\/#\/schema\/logo\/image\/\",\"url\":\"https:\/\/aquaforest.eu\/wp-content\/uploads\/2024\/05\/logotyp-aquaforest.svg\",\"contentUrl\":\"https:\/\/aquaforest.eu\/wp-content\/uploads\/2024\/05\/logotyp-aquaforest.svg\",\"width\":170,\"height\":22,\"caption\":\"Aquaforest\"},\"image\":{\"@id\":\"https:\/\/aquaforest.eu\/de\/#\/schema\/logo\/image\/\"},\"sameAs\":[\"https:\/\/www.facebook.com\/Aquaforest\/\",\"https:\/\/www.instagram.com\/aquaforest.eu\/\"]}]}<\/script>\n<!-- \/ Yoast SEO plugin. -->","yoast_head_json":{"title":"Bio Vacuum - Aquaforest","robots":{"index":"index","follow":"follow","max-snippet":"max-snippet:-1","max-image-preview":"max-image-preview:large","max-video-preview":"max-video-preview:-1"},"canonical":"https:\/\/aquaforest.eu\/de\/produkte\/pond\/biologischer-start\/bio-vacuum\/","og_locale":"de_DE","og_type":"article","og_title":"Bio Vacuum - Aquaforest","og_description":"Fl\u00fcssiges biologisches Pr\u00e4parat zur Reduzierung von Schlamm und organischen Ablagerungen im Teich.","og_url":"https:\/\/aquaforest.eu\/de\/produkte\/pond\/biologischer-start\/bio-vacuum\/","og_site_name":"Aquaforest","article_publisher":"https:\/\/www.facebook.com\/Aquaforest\/","article_modified_time":"2026-03-31T12:49:04+00:00","og_image":[{"width":2560,"height":2560,"url":"https:\/\/aquaforest.eu\/wp-content\/uploads\/2026\/03\/Bio-Vaccum-1L-scaled.png","type":"image\/png"}],"twitter_card":"summary_large_image","twitter_misc":{"Gesch\u00e4tzte Lesezeit":"2\u00a0Minuten"},"schema":{"@context":"https:\/\/schema.org","@graph":[{"@type":"WebPage","@id":"https:\/\/aquaforest.eu\/de\/produkte\/pond\/biologischer-start\/bio-vacuum\/","url":"https:\/\/aquaforest.eu\/de\/produkte\/pond\/biologischer-start\/bio-vacuum\/","name":"Bio Vacuum - Aquaforest","isPartOf":{"@id":"https:\/\/aquaforest.eu\/de\/#website"},"primaryImageOfPage":{"@id":"https:\/\/aquaforest.eu\/de\/produkte\/pond\/biologischer-start\/bio-vacuum\/#primaryimage"},"image":{"@id":"https:\/\/aquaforest.eu\/de\/produkte\/pond\/biologischer-start\/bio-vacuum\/#primaryimage"},"thumbnailUrl":"https:\/\/aquaforest.eu\/wp-content\/uploads\/2026\/03\/Bio-Vaccum-1L-scaled.png","datePublished":"2026-03-30T12:32:41+00:00","dateModified":"2026-03-31T12:49:04+00:00","breadcrumb":{"@id":"https:\/\/aquaforest.eu\/de\/produkte\/pond\/biologischer-start\/bio-vacuum\/#breadcrumb"},"inLanguage":"de","potentialAction":[{"@type":"ReadAction","target":["https:\/\/aquaforest.eu\/de\/produkte\/pond\/biologischer-start\/bio-vacuum\/"]}]},{"@type":"ImageObject","inLanguage":"de","@id":"https:\/\/aquaforest.eu\/de\/produkte\/pond\/biologischer-start\/bio-vacuum\/#primaryimage","url":"https:\/\/aquaforest.eu\/wp-content\/uploads\/2026\/03\/Bio-Vaccum-1L-scaled.png","contentUrl":"https:\/\/aquaforest.eu\/wp-content\/uploads\/2026\/03\/Bio-Vaccum-1L-scaled.png","width":2560,"height":2560},{"@type":"BreadcrumbList","@id":"https:\/\/aquaforest.eu\/de\/produkte\/pond\/biologischer-start\/bio-vacuum\/#breadcrumb","itemListElement":[{"@type":"ListItem","position":1,"name":"Home","item":"https:\/\/aquaforest.eu\/de\/"},{"@type":"ListItem","position":2,"name":"Produkte","item":"https:\/\/aquaforest.eu\/de\/produkte\/"},{"@type":"ListItem","position":3,"name":"Bio Vacuum"}]},{"@type":"WebSite","@id":"https:\/\/aquaforest.eu\/de\/#website","url":"https:\/\/aquaforest.eu\/de\/","name":"Aquaforest","description":"","publisher":{"@id":"https:\/\/aquaforest.eu\/de\/#organization"},"potentialAction":[{"@type":"SearchAction","target":{"@type":"EntryPoint","urlTemplate":"https:\/\/aquaforest.eu\/de\/?s={search_term_string}"},"query-input":{"@type":"PropertyValueSpecification","valueRequired":true,"valueName":"search_term_string"}}],"inLanguage":"de"},{"@type":"Organization","@id":"https:\/\/aquaforest.eu\/de\/#organization","name":"Aquaforest","url":"https:\/\/aquaforest.eu\/de\/","logo":{"@type":"ImageObject","inLanguage":"de","@id":"https:\/\/aquaforest.eu\/de\/#\/schema\/logo\/image\/","url":"https:\/\/aquaforest.eu\/wp-content\/uploads\/2024\/05\/logotyp-aquaforest.svg","contentUrl":"https:\/\/aquaforest.eu\/wp-content\/uploads\/2024\/05\/logotyp-aquaforest.svg","width":170,"height":22,"caption":"Aquaforest"},"image":{"@id":"https:\/\/aquaforest.eu\/de\/#\/schema\/logo\/image\/"},"sameAs":["https:\/\/www.facebook.com\/Aquaforest\/","https:\/\/www.instagram.com\/aquaforest.eu\/"]}]}},"_links":{"self":[{"href":"https:\/\/aquaforest.eu\/de\/wp-json\/wp\/v2\/product\/29459","targetHints":{"allow":["GET"]}}],"collection":[{"href":"https:\/\/aquaforest.eu\/de\/wp-json\/wp\/v2\/product"}],"about":[{"href":"https:\/\/aquaforest.eu\/de\/wp-json\/wp\/v2\/types\/product"}],"version-history":[{"count":2,"href":"https:\/\/aquaforest.eu\/de\/wp-json\/wp\/v2\/product\/29459\/revisions"}],"predecessor-version":[{"id":30052,"href":"https:\/\/aquaforest.eu\/de\/wp-json\/wp\/v2\/product\/29459\/revisions\/30052"}],"wp:featuredmedia":[{"embeddable":true,"href":"https:\/\/aquaforest.eu\/de\/wp-json\/wp\/v2\/media\/29447"}],"wp:attachment":[{"href":"https:\/\/aquaforest.eu\/de\/wp-json\/wp\/v2\/media?parent=29459"}],"wp:term":[{"taxonomy":"product_brand","embeddable":true,"href":"https:\/\/aquaforest.eu\/de\/wp-json\/wp\/v2\/product_brand?post=29459"},{"taxonomy":"product_cat","embeddable":true,"href":"https:\/\/aquaforest.eu\/de\/wp-json\/wp\/v2\/product_cat?post=29459"},{"taxonomy":"product_tag","embeddable":true,"href":"https:\/\/aquaforest.eu\/de\/wp-json\/wp\/v2\/product_tag?post=29459"}],"curies":[{"name":"wp","href":"https:\/\/api.w.org\/{rel}","templated":true}]}}