{"id":29610,"date":"2026-03-30T14:32:51","date_gmt":"2026-03-30T12:32:51","guid":{"rendered":"https:\/\/aquaforest.eu\/?post_type=product&#038;p=29610"},"modified":"2026-04-28T10:51:37","modified_gmt":"2026-04-28T08:51:37","slug":"ph-minus","status":"publish","type":"product","link":"https:\/\/aquaforest.eu\/de\/produkte\/pond\/wasserwerte\/ph-minus\/","title":{"rendered":"pH Minus"},"content":{"rendered":"<h3 data-start=\"65\" data-end=\"289\"><strong>Ein pH-regulierendes Mittel, das stabile Bedingungen f\u00fcr Fische unterst\u00fctzt<\/strong><\/h3>\n<p data-start=\"65\" data-end=\"289\">Die Aufrechterhaltung des richtigen pH-Werts ist entscheidend f\u00fcr die Gesundheit der Fische und das biologische Gleichgewicht im Teich. Ein zu hoher pH-Wert beg\u00fcnstigt Ammoniakvergiftungen und erh\u00f6ht das Risiko der Alkalose.<\/p>\n<p data-start=\"291\" data-end=\"488\">AF pH Minus Pond ist ein spezielles Pr\u00e4parat zur schnellen und bequemen Senkung des pH-Werts im Wasser und zur Wiederherstellung von Bedingungen, die der nat\u00fcrlichen Umgebung der Fische \u00e4hneln.<\/p>\n<p data-start=\"490\" data-end=\"900\">Dank der sorgf\u00e4ltig ausgew\u00e4hlten Formel ist das Produkt vollst\u00e4ndig sicher f\u00fcr Fische, Pflanzen und andere Wasserorganismen.<br data-start=\"614\" data-end=\"617\" \/>Es enth\u00e4lt keine Phosphate und st\u00f6rt nicht das chemische Gleichgewicht des Wassers. Die regelm\u00e4\u00dfige Anwendung von AF pH Minus Pond unterst\u00fctzt das Wohlbefinden, die Aktivit\u00e4t und die Fortpflanzung der Fische und hilft gleichzeitig, ein stabiles aquatisches \u00d6kosystem zu erhalten.<\/p>\n<h3 data-section-id=\"1m6za2c\" data-start=\"902\" data-end=\"941\"><strong>Was macht dieses Produkt besonders?<\/strong><\/h3>\n<ul>\n<li data-start=\"942\" data-end=\"1578\">Senkt effektiv den pH-Wert und die Karbonath\u00e4rte (KH) und hilft, stabile und sichere Bedingungen im Teich wiederherzustellen<\/li>\n<li data-start=\"942\" data-end=\"1578\">Sch\u00fctzt Fische vor den Folgen eines zu hohen pH-Werts, einschlie\u00dflich eines erh\u00f6hten Risikos von Ammoniakvergiftungen<\/li>\n<li data-start=\"942\" data-end=\"1578\">Einfache Anwendung bei kontrollierter Dosierung erm\u00f6glicht eine sichere Regulierung der Wasserparameter<\/li>\n<li data-start=\"942\" data-end=\"1578\">Unterst\u00fctzt optimale Bedingungen f\u00fcr Fische und Wasserpflanzen und hilft, das biologische Gleichgewicht zu erhalten<\/li>\n<li data-start=\"942\" data-end=\"1578\">Sicher f\u00fcr die Wasserchemie \u2013 enth\u00e4lt keine Phosphate und st\u00f6rt das chemische Gleichgewicht nicht<\/li>\n<li data-start=\"942\" data-end=\"1578\">Ergiebiges Produkt \u2013 1 l reicht f\u00fcr 10.000 l Wasser<\/li>\n<\/ul>\n<h3 data-section-id=\"1d4zdgc\" data-start=\"1580\" data-end=\"1593\"><strong>Dosierung<\/strong><\/h3>\n<ul>\n<li data-section-id=\"1d4zdgc\" data-start=\"1580\" data-end=\"1593\">Vor der Anwendung den aktuellen pH-Wert messen<\/li>\n<li data-section-id=\"1d4zdgc\" data-start=\"1580\" data-end=\"1593\">Das Pr\u00e4parat au\u00dferhalb des Teiches in Teichwasser verd\u00fcnnen<\/li>\n<li data-section-id=\"1d4zdgc\" data-start=\"1580\" data-end=\"1593\">Anwendung: 1 ml pro 1 l Wasser senkt den pH-Wert um etwa 1 Einheit<\/li>\n<li data-section-id=\"1d4zdgc\" data-start=\"1580\" data-end=\"1593\">Den pH-Wert nicht um mehr als 0,5 Einheiten pro Tag senken, um Stress bei den Fischen und Instabilit\u00e4t des Systems zu vermeiden<\/li>\n<\/ul>\n<h3 data-section-id=\"195p7v2\" data-start=\"1913\" data-end=\"1934\"><strong>Wichtige Hinweise<\/strong><\/h3>\n<p data-start=\"1935\" data-end=\"2108\">Produkt ausschlie\u00dflich f\u00fcr Gartenteiche bestimmt. Nicht zum Verzehr geeignet. Au\u00dferhalb der Reichweite von Kindern aufbewahren. K\u00fchl lagern. Nicht direkt in den Teich geben.<\/p>\n<p data-start=\"2110\" data-end=\"2178\" data-is-last-node=\"\" data-is-only-node=\"\">Die Wirksamkeit des Produkts h\u00e4ngt von der aktuellen Wasserh\u00e4rte ab.<\/p>\n","protected":false},"excerpt":{"rendered":"<p>Pr\u00e4parat zur sicheren Senkung des pH-Werts und Stabilisierung der Wasserparameter im Teich.<\/p>\n","protected":false},"featured_media":29598,"template":"","meta":{"_acf_changed":false,"content-type":""},"product_brand":[],"product_cat":[2047,2067],"product_tag":[1417],"class_list":{"0":"post-29610","1":"product","2":"type-product","3":"status-publish","4":"has-post-thumbnail","6":"product_cat-pond","7":"product_cat-wasserwerte","8":"product_tag-variable-de","10":"first","11":"instock","12":"taxable","13":"shipping-taxable","14":"purchasable","15":"product-type-variable"},"acf":[],"yoast_head":"<!-- This site is optimized with the Yoast SEO plugin v27.1.1 - https:\/\/yoast.com\/product\/yoast-seo-wordpress\/ -->\n<title>pH Minus - Aquaforest<\/title>\n<meta name=\"robots\" content=\"index, follow, max-snippet:-1, max-image-preview:large, max-video-preview:-1\" \/>\n<link rel=\"canonical\" href=\"https:\/\/aquaforest.eu\/de\/produkte\/pond\/wasserwerte\/ph-minus\/\" \/>\n<meta property=\"og:locale\" content=\"de_DE\" \/>\n<meta property=\"og:type\" content=\"article\" \/>\n<meta property=\"og:title\" content=\"pH Minus - Aquaforest\" \/>\n<meta property=\"og:description\" content=\"Pr\u00e4parat zur sicheren Senkung des pH-Werts und Stabilisierung der Wasserparameter im Teich.\" \/>\n<meta property=\"og:url\" content=\"https:\/\/aquaforest.eu\/de\/produkte\/pond\/wasserwerte\/ph-minus\/\" \/>\n<meta property=\"og:site_name\" content=\"Aquaforest\" \/>\n<meta property=\"article:publisher\" content=\"https:\/\/www.facebook.com\/Aquaforest\/\" \/>\n<meta property=\"article:modified_time\" content=\"2026-04-28T08:51:37+00:00\" \/>\n<meta property=\"og:image\" content=\"https:\/\/aquaforest.eu\/wp-content\/uploads\/2026\/03\/ph-Minus-1L-1-scaled.png\" \/>\n\t<meta property=\"og:image:width\" content=\"2560\" \/>\n\t<meta property=\"og:image:height\" content=\"2560\" \/>\n\t<meta property=\"og:image:type\" content=\"image\/png\" \/>\n<meta name=\"twitter:card\" content=\"summary_large_image\" \/>\n<meta name=\"twitter:label1\" content=\"Gesch\u00e4tzte Lesezeit\" \/>\n\t<meta name=\"twitter:data1\" content=\"2\u00a0Minuten\" \/>\n<script type=\"application\/ld+json\" class=\"yoast-schema-graph\">{\"@context\":\"https:\/\/schema.org\",\"@graph\":[{\"@type\":\"WebPage\",\"@id\":\"https:\/\/aquaforest.eu\/de\/produkte\/pond\/wasserwerte\/ph-minus\/\",\"url\":\"https:\/\/aquaforest.eu\/de\/produkte\/pond\/wasserwerte\/ph-minus\/\",\"name\":\"pH Minus - Aquaforest\",\"isPartOf\":{\"@id\":\"https:\/\/aquaforest.eu\/de\/#website\"},\"primaryImageOfPage\":{\"@id\":\"https:\/\/aquaforest.eu\/de\/produkte\/pond\/wasserwerte\/ph-minus\/#primaryimage\"},\"image\":{\"@id\":\"https:\/\/aquaforest.eu\/de\/produkte\/pond\/wasserwerte\/ph-minus\/#primaryimage\"},\"thumbnailUrl\":\"https:\/\/aquaforest.eu\/wp-content\/uploads\/2026\/03\/ph-Minus-1L-1-scaled.png\",\"datePublished\":\"2026-03-30T12:32:51+00:00\",\"dateModified\":\"2026-04-28T08:51:37+00:00\",\"breadcrumb\":{\"@id\":\"https:\/\/aquaforest.eu\/de\/produkte\/pond\/wasserwerte\/ph-minus\/#breadcrumb\"},\"inLanguage\":\"de\",\"potentialAction\":[{\"@type\":\"ReadAction\",\"target\":[\"https:\/\/aquaforest.eu\/de\/produkte\/pond\/wasserwerte\/ph-minus\/\"]}]},{\"@type\":\"ImageObject\",\"inLanguage\":\"de\",\"@id\":\"https:\/\/aquaforest.eu\/de\/produkte\/pond\/wasserwerte\/ph-minus\/#primaryimage\",\"url\":\"https:\/\/aquaforest.eu\/wp-content\/uploads\/2026\/03\/ph-Minus-1L-1-scaled.png\",\"contentUrl\":\"https:\/\/aquaforest.eu\/wp-content\/uploads\/2026\/03\/ph-Minus-1L-1-scaled.png\",\"width\":2560,\"height\":2560},{\"@type\":\"BreadcrumbList\",\"@id\":\"https:\/\/aquaforest.eu\/de\/produkte\/pond\/wasserwerte\/ph-minus\/#breadcrumb\",\"itemListElement\":[{\"@type\":\"ListItem\",\"position\":1,\"name\":\"Home\",\"item\":\"https:\/\/aquaforest.eu\/de\/\"},{\"@type\":\"ListItem\",\"position\":2,\"name\":\"Produkte\",\"item\":\"https:\/\/aquaforest.eu\/de\/produkte\/\"},{\"@type\":\"ListItem\",\"position\":3,\"name\":\"pH Minus\"}]},{\"@type\":\"WebSite\",\"@id\":\"https:\/\/aquaforest.eu\/de\/#website\",\"url\":\"https:\/\/aquaforest.eu\/de\/\",\"name\":\"Aquaforest\",\"description\":\"\",\"publisher\":{\"@id\":\"https:\/\/aquaforest.eu\/de\/#organization\"},\"potentialAction\":[{\"@type\":\"SearchAction\",\"target\":{\"@type\":\"EntryPoint\",\"urlTemplate\":\"https:\/\/aquaforest.eu\/de\/?s={search_term_string}\"},\"query-input\":{\"@type\":\"PropertyValueSpecification\",\"valueRequired\":true,\"valueName\":\"search_term_string\"}}],\"inLanguage\":\"de\"},{\"@type\":\"Organization\",\"@id\":\"https:\/\/aquaforest.eu\/de\/#organization\",\"name\":\"Aquaforest\",\"url\":\"https:\/\/aquaforest.eu\/de\/\",\"logo\":{\"@type\":\"ImageObject\",\"inLanguage\":\"de\",\"@id\":\"https:\/\/aquaforest.eu\/de\/#\/schema\/logo\/image\/\",\"url\":\"https:\/\/aquaforest.eu\/wp-content\/uploads\/2024\/05\/logotyp-aquaforest.svg\",\"contentUrl\":\"https:\/\/aquaforest.eu\/wp-content\/uploads\/2024\/05\/logotyp-aquaforest.svg\",\"width\":170,\"height\":22,\"caption\":\"Aquaforest\"},\"image\":{\"@id\":\"https:\/\/aquaforest.eu\/de\/#\/schema\/logo\/image\/\"},\"sameAs\":[\"https:\/\/www.facebook.com\/Aquaforest\/\",\"https:\/\/www.instagram.com\/aquaforest.eu\/\"]}]}<\/script>\n<!-- \/ Yoast SEO plugin. -->","yoast_head_json":{"title":"pH Minus - Aquaforest","robots":{"index":"index","follow":"follow","max-snippet":"max-snippet:-1","max-image-preview":"max-image-preview:large","max-video-preview":"max-video-preview:-1"},"canonical":"https:\/\/aquaforest.eu\/de\/produkte\/pond\/wasserwerte\/ph-minus\/","og_locale":"de_DE","og_type":"article","og_title":"pH Minus - Aquaforest","og_description":"Pr\u00e4parat zur sicheren Senkung des pH-Werts und Stabilisierung der Wasserparameter im Teich.","og_url":"https:\/\/aquaforest.eu\/de\/produkte\/pond\/wasserwerte\/ph-minus\/","og_site_name":"Aquaforest","article_publisher":"https:\/\/www.facebook.com\/Aquaforest\/","article_modified_time":"2026-04-28T08:51:37+00:00","og_image":[{"width":2560,"height":2560,"url":"https:\/\/aquaforest.eu\/wp-content\/uploads\/2026\/03\/ph-Minus-1L-1-scaled.png","type":"image\/png"}],"twitter_card":"summary_large_image","twitter_misc":{"Gesch\u00e4tzte Lesezeit":"2\u00a0Minuten"},"schema":{"@context":"https:\/\/schema.org","@graph":[{"@type":"WebPage","@id":"https:\/\/aquaforest.eu\/de\/produkte\/pond\/wasserwerte\/ph-minus\/","url":"https:\/\/aquaforest.eu\/de\/produkte\/pond\/wasserwerte\/ph-minus\/","name":"pH Minus - Aquaforest","isPartOf":{"@id":"https:\/\/aquaforest.eu\/de\/#website"},"primaryImageOfPage":{"@id":"https:\/\/aquaforest.eu\/de\/produkte\/pond\/wasserwerte\/ph-minus\/#primaryimage"},"image":{"@id":"https:\/\/aquaforest.eu\/de\/produkte\/pond\/wasserwerte\/ph-minus\/#primaryimage"},"thumbnailUrl":"https:\/\/aquaforest.eu\/wp-content\/uploads\/2026\/03\/ph-Minus-1L-1-scaled.png","datePublished":"2026-03-30T12:32:51+00:00","dateModified":"2026-04-28T08:51:37+00:00","breadcrumb":{"@id":"https:\/\/aquaforest.eu\/de\/produkte\/pond\/wasserwerte\/ph-minus\/#breadcrumb"},"inLanguage":"de","potentialAction":[{"@type":"ReadAction","target":["https:\/\/aquaforest.eu\/de\/produkte\/pond\/wasserwerte\/ph-minus\/"]}]},{"@type":"ImageObject","inLanguage":"de","@id":"https:\/\/aquaforest.eu\/de\/produkte\/pond\/wasserwerte\/ph-minus\/#primaryimage","url":"https:\/\/aquaforest.eu\/wp-content\/uploads\/2026\/03\/ph-Minus-1L-1-scaled.png","contentUrl":"https:\/\/aquaforest.eu\/wp-content\/uploads\/2026\/03\/ph-Minus-1L-1-scaled.png","width":2560,"height":2560},{"@type":"BreadcrumbList","@id":"https:\/\/aquaforest.eu\/de\/produkte\/pond\/wasserwerte\/ph-minus\/#breadcrumb","itemListElement":[{"@type":"ListItem","position":1,"name":"Home","item":"https:\/\/aquaforest.eu\/de\/"},{"@type":"ListItem","position":2,"name":"Produkte","item":"https:\/\/aquaforest.eu\/de\/produkte\/"},{"@type":"ListItem","position":3,"name":"pH Minus"}]},{"@type":"WebSite","@id":"https:\/\/aquaforest.eu\/de\/#website","url":"https:\/\/aquaforest.eu\/de\/","name":"Aquaforest","description":"","publisher":{"@id":"https:\/\/aquaforest.eu\/de\/#organization"},"potentialAction":[{"@type":"SearchAction","target":{"@type":"EntryPoint","urlTemplate":"https:\/\/aquaforest.eu\/de\/?s={search_term_string}"},"query-input":{"@type":"PropertyValueSpecification","valueRequired":true,"valueName":"search_term_string"}}],"inLanguage":"de"},{"@type":"Organization","@id":"https:\/\/aquaforest.eu\/de\/#organization","name":"Aquaforest","url":"https:\/\/aquaforest.eu\/de\/","logo":{"@type":"ImageObject","inLanguage":"de","@id":"https:\/\/aquaforest.eu\/de\/#\/schema\/logo\/image\/","url":"https:\/\/aquaforest.eu\/wp-content\/uploads\/2024\/05\/logotyp-aquaforest.svg","contentUrl":"https:\/\/aquaforest.eu\/wp-content\/uploads\/2024\/05\/logotyp-aquaforest.svg","width":170,"height":22,"caption":"Aquaforest"},"image":{"@id":"https:\/\/aquaforest.eu\/de\/#\/schema\/logo\/image\/"},"sameAs":["https:\/\/www.facebook.com\/Aquaforest\/","https:\/\/www.instagram.com\/aquaforest.eu\/"]}]}},"_links":{"self":[{"href":"https:\/\/aquaforest.eu\/de\/wp-json\/wp\/v2\/product\/29610","targetHints":{"allow":["GET"]}}],"collection":[{"href":"https:\/\/aquaforest.eu\/de\/wp-json\/wp\/v2\/product"}],"about":[{"href":"https:\/\/aquaforest.eu\/de\/wp-json\/wp\/v2\/types\/product"}],"version-history":[{"count":6,"href":"https:\/\/aquaforest.eu\/de\/wp-json\/wp\/v2\/product\/29610\/revisions"}],"predecessor-version":[{"id":30993,"href":"https:\/\/aquaforest.eu\/de\/wp-json\/wp\/v2\/product\/29610\/revisions\/30993"}],"wp:featuredmedia":[{"embeddable":true,"href":"https:\/\/aquaforest.eu\/de\/wp-json\/wp\/v2\/media\/29598"}],"wp:attachment":[{"href":"https:\/\/aquaforest.eu\/de\/wp-json\/wp\/v2\/media?parent=29610"}],"wp:term":[{"taxonomy":"product_brand","embeddable":true,"href":"https:\/\/aquaforest.eu\/de\/wp-json\/wp\/v2\/product_brand?post=29610"},{"taxonomy":"product_cat","embeddable":true,"href":"https:\/\/aquaforest.eu\/de\/wp-json\/wp\/v2\/product_cat?post=29610"},{"taxonomy":"product_tag","embeddable":true,"href":"https:\/\/aquaforest.eu\/de\/wp-json\/wp\/v2\/product_tag?post=29610"}],"curies":[{"name":"wp","href":"https:\/\/api.w.org\/{rel}","templated":true}]}}