{"id":29634,"date":"2026-03-30T14:32:53","date_gmt":"2026-03-30T12:32:53","guid":{"rendered":"https:\/\/aquaforest.eu\/?post_type=product&#038;p=29634"},"modified":"2026-03-31T14:35:47","modified_gmt":"2026-03-31T12:35:47","slug":"purify-pond","status":"publish","type":"product","link":"https:\/\/aquaforest.eu\/de\/produkte\/pond\/problemloesungen\/purify-pond\/","title":{"rendered":"Purify Pond"},"content":{"rendered":"<p data-start=\"65\" data-end=\"315\">Die Wei\u00dfp\u00fcnktchenkrankheit geh\u00f6rt zu den h\u00e4ufigsten Erkrankungen bei Teichfischen. Unser spezielles Pr\u00e4parat wurde entwickelt, um Fische wirksam im Kampf gegen <strong data-start=\"225\" data-end=\"257\">Ichthyophthirius multifiliis<\/strong>, den Erreger der Wei\u00dfp\u00fcnktchenkrankheit, zu unterst\u00fctzen.<\/p>\n<p data-start=\"317\" data-end=\"502\">Das Produkt eignet sich auch hervorragend in der Rekonvaleszenzphase nach Pilzinfektionen und anderen Hauterkrankungen, beschleunigt den Heilungsprozess und unterst\u00fctzt das Immunsystem.<\/p>\n<p data-start=\"504\" data-end=\"785\">Dank sorgf\u00e4ltig ausgew\u00e4hlter Inhaltsstoffe verbessert das Pr\u00e4parat den Appetit der Fische und unterst\u00fctzt ihre nat\u00fcrlichen Regenerationsmechanismen. Die regelm\u00e4\u00dfige Anwendung hilft, Gesundheit, Vitalit\u00e4t und ein attraktives Erscheinungsbild der Fische schneller wiederherzustellen.<\/p>\n<h3 data-section-id=\"1m6za2c\" data-start=\"787\" data-end=\"826\">Was macht dieses Produkt besonders?<\/h3>\n<p data-start=\"827\" data-end=\"1348\">\u2022 Unterst\u00fctzt Fische im Kampf gegen Hautinfektionen, einschlie\u00dflich der Wei\u00dfp\u00fcnktchenkrankheit<br data-start=\"921\" data-end=\"924\" \/>\u2022 F\u00f6rdert Immunit\u00e4t, Regeneration und Erholung nach bakteriellen, pilzbedingten und parasit\u00e4ren Infektionen<br data-start=\"1031\" data-end=\"1034\" \/>\u2022 Verbessert Appetit, Vitalit\u00e4t und allgemeine Kondition der Fische<br data-start=\"1101\" data-end=\"1104\" \/>\u2022 Hilft, Stress im Zusammenhang mit Krankheit und Genesung zu reduzieren<br data-start=\"1176\" data-end=\"1179\" \/>\u2022 Kann sowohl im Quarant\u00e4nebecken als auch direkt im Teich verwendet werden \u2013 in kleinen und gro\u00dfen Anlagen<br data-start=\"1286\" data-end=\"1289\" \/>\u2022 Sicher f\u00fcr das Teich\u00f6kosystem bei sachgem\u00e4\u00dfer Anwendung<\/p>\n<h3 data-section-id=\"1d4zdgc\" data-start=\"1350\" data-end=\"1363\">Dosierung<\/h3>\n<p data-start=\"1364\" data-end=\"1534\">Wenn m\u00f6glich, empfehlen wir, kranke Fische in einem separaten Quarant\u00e4nebecken zu isolieren. Dies erleichtert die Behandlung und verhindert die Ausbreitung der Krankheit.<\/p>\n<p data-start=\"1536\" data-end=\"1573\">\u2022 <strong data-start=\"1538\" data-end=\"1571\">Quarant\u00e4nebecken (empfohlen):<\/strong><\/p>\n<ul data-start=\"1574\" data-end=\"1759\">\n<li data-section-id=\"n7ws85\" data-start=\"1574\" data-end=\"1610\">1 ml \/ 10 l Wasser f\u00fcr 7\u201314 Tage<\/li>\n<li data-section-id=\"1afjy8y\" data-start=\"1611\" data-end=\"1683\">Nach 3 Tagen 20 % Wasser wechseln und Dosis erg\u00e4nzen \u2013 0,5 ml \/ 10 l<\/li>\n<li data-section-id=\"1hsbi6e\" data-start=\"1684\" data-end=\"1723\">Den Zyklus noch zweimal wiederholen<\/li>\n<li data-section-id=\"4hpngm\" data-start=\"1724\" data-end=\"1759\">Empfohlene Temperatur: 27\u201330 \u00b0C<\/li>\n<\/ul>\n<p data-start=\"1761\" data-end=\"1812\">\u2022 <strong data-start=\"1763\" data-end=\"1783\">Ohne Quarant\u00e4ne:<\/strong><br data-start=\"1783\" data-end=\"1786\" \/>500 ml \/ 10.000 l Wasser<\/p>\n<p data-start=\"1814\" data-end=\"1926\">W\u00e4hrend der Anwendung ist eine gute Bel\u00fcftung des Wassers erforderlich. Nicht mit Chlor oder Sauerstoff mischen.<\/p>\n<h3 data-section-id=\"znxo4r\" data-start=\"1928\" data-end=\"1954\">Wichtige Informationen<\/h3>\n<p data-start=\"1955\" data-end=\"2142\" data-is-last-node=\"\" data-is-only-node=\"\">Produkt ausschlie\u00dflich f\u00fcr Gartenteiche bestimmt. Nicht zum Verzehr geeignet. K\u00fchl und au\u00dferhalb der Reichweite von Kindern lagern. Kann Dekorationen, Kies und Teichausstattung verf\u00e4rben.<\/p>\n","protected":false},"excerpt":{"rendered":"<p>Pr\u00e4parat zur Unterst\u00fctzung von Fischen im Kampf gegen Wei\u00dfp\u00fcnktchenkrankheit und Hautinfektionen.<\/p>\n","protected":false},"featured_media":29302,"template":"","meta":{"_acf_changed":false,"content-type":""},"product_brand":[],"product_cat":[2047,2063],"product_tag":[],"class_list":{"0":"post-29634","1":"product","2":"type-product","3":"status-publish","4":"has-post-thumbnail","6":"product_cat-pond","7":"product_cat-problemloesungen","9":"first","10":"instock","11":"taxable","12":"shipping-taxable","13":"purchasable","14":"product-type-variable"},"acf":[],"yoast_head":"<!-- This site is optimized with the Yoast SEO plugin v27.1.1 - https:\/\/yoast.com\/product\/yoast-seo-wordpress\/ -->\n<title>Purify Pond - Aquaforest<\/title>\n<meta name=\"robots\" content=\"index, follow, max-snippet:-1, max-image-preview:large, max-video-preview:-1\" \/>\n<link rel=\"canonical\" href=\"https:\/\/aquaforest.eu\/de\/produkte\/pond\/problemloesungen\/purify-pond\/\" \/>\n<meta property=\"og:locale\" content=\"de_DE\" \/>\n<meta property=\"og:type\" content=\"article\" \/>\n<meta property=\"og:title\" content=\"Purify Pond - Aquaforest\" \/>\n<meta property=\"og:description\" content=\"Pr\u00e4parat zur Unterst\u00fctzung von Fischen im Kampf gegen Wei\u00dfp\u00fcnktchenkrankheit und Hautinfektionen.\" \/>\n<meta property=\"og:url\" content=\"https:\/\/aquaforest.eu\/de\/produkte\/pond\/problemloesungen\/purify-pond\/\" \/>\n<meta property=\"og:site_name\" content=\"Aquaforest\" \/>\n<meta property=\"article:publisher\" content=\"https:\/\/www.facebook.com\/Aquaforest\/\" \/>\n<meta property=\"article:modified_time\" content=\"2026-03-31T12:35:47+00:00\" \/>\n<meta property=\"og:image\" content=\"https:\/\/aquaforest.eu\/wp-content\/uploads\/2026\/03\/Purify-Pond-500ml-scaled.png\" \/>\n\t<meta property=\"og:image:width\" content=\"1920\" \/>\n\t<meta property=\"og:image:height\" content=\"2560\" \/>\n\t<meta property=\"og:image:type\" content=\"image\/png\" \/>\n<meta name=\"twitter:card\" content=\"summary_large_image\" \/>\n<meta name=\"twitter:label1\" content=\"Gesch\u00e4tzte Lesezeit\" \/>\n\t<meta name=\"twitter:data1\" content=\"2\u00a0Minuten\" \/>\n<script type=\"application\/ld+json\" class=\"yoast-schema-graph\">{\"@context\":\"https:\/\/schema.org\",\"@graph\":[{\"@type\":\"WebPage\",\"@id\":\"https:\/\/aquaforest.eu\/de\/produkte\/pond\/problemloesungen\/purify-pond\/\",\"url\":\"https:\/\/aquaforest.eu\/de\/produkte\/pond\/problemloesungen\/purify-pond\/\",\"name\":\"Purify Pond - Aquaforest\",\"isPartOf\":{\"@id\":\"https:\/\/aquaforest.eu\/de\/#website\"},\"primaryImageOfPage\":{\"@id\":\"https:\/\/aquaforest.eu\/de\/produkte\/pond\/problemloesungen\/purify-pond\/#primaryimage\"},\"image\":{\"@id\":\"https:\/\/aquaforest.eu\/de\/produkte\/pond\/problemloesungen\/purify-pond\/#primaryimage\"},\"thumbnailUrl\":\"https:\/\/aquaforest.eu\/wp-content\/uploads\/2026\/03\/Purify-Pond-500ml-scaled.png\",\"datePublished\":\"2026-03-30T12:32:53+00:00\",\"dateModified\":\"2026-03-31T12:35:47+00:00\",\"breadcrumb\":{\"@id\":\"https:\/\/aquaforest.eu\/de\/produkte\/pond\/problemloesungen\/purify-pond\/#breadcrumb\"},\"inLanguage\":\"de\",\"potentialAction\":[{\"@type\":\"ReadAction\",\"target\":[\"https:\/\/aquaforest.eu\/de\/produkte\/pond\/problemloesungen\/purify-pond\/\"]}]},{\"@type\":\"ImageObject\",\"inLanguage\":\"de\",\"@id\":\"https:\/\/aquaforest.eu\/de\/produkte\/pond\/problemloesungen\/purify-pond\/#primaryimage\",\"url\":\"https:\/\/aquaforest.eu\/wp-content\/uploads\/2026\/03\/Purify-Pond-500ml-scaled.png\",\"contentUrl\":\"https:\/\/aquaforest.eu\/wp-content\/uploads\/2026\/03\/Purify-Pond-500ml-scaled.png\",\"width\":1920,\"height\":2560},{\"@type\":\"BreadcrumbList\",\"@id\":\"https:\/\/aquaforest.eu\/de\/produkte\/pond\/problemloesungen\/purify-pond\/#breadcrumb\",\"itemListElement\":[{\"@type\":\"ListItem\",\"position\":1,\"name\":\"Home\",\"item\":\"https:\/\/aquaforest.eu\/de\/\"},{\"@type\":\"ListItem\",\"position\":2,\"name\":\"Produkte\",\"item\":\"https:\/\/aquaforest.eu\/de\/produkte\/\"},{\"@type\":\"ListItem\",\"position\":3,\"name\":\"Purify Pond\"}]},{\"@type\":\"WebSite\",\"@id\":\"https:\/\/aquaforest.eu\/de\/#website\",\"url\":\"https:\/\/aquaforest.eu\/de\/\",\"name\":\"Aquaforest\",\"description\":\"\",\"publisher\":{\"@id\":\"https:\/\/aquaforest.eu\/de\/#organization\"},\"potentialAction\":[{\"@type\":\"SearchAction\",\"target\":{\"@type\":\"EntryPoint\",\"urlTemplate\":\"https:\/\/aquaforest.eu\/de\/?s={search_term_string}\"},\"query-input\":{\"@type\":\"PropertyValueSpecification\",\"valueRequired\":true,\"valueName\":\"search_term_string\"}}],\"inLanguage\":\"de\"},{\"@type\":\"Organization\",\"@id\":\"https:\/\/aquaforest.eu\/de\/#organization\",\"name\":\"Aquaforest\",\"url\":\"https:\/\/aquaforest.eu\/de\/\",\"logo\":{\"@type\":\"ImageObject\",\"inLanguage\":\"de\",\"@id\":\"https:\/\/aquaforest.eu\/de\/#\/schema\/logo\/image\/\",\"url\":\"https:\/\/aquaforest.eu\/wp-content\/uploads\/2024\/05\/logotyp-aquaforest.svg\",\"contentUrl\":\"https:\/\/aquaforest.eu\/wp-content\/uploads\/2024\/05\/logotyp-aquaforest.svg\",\"width\":170,\"height\":22,\"caption\":\"Aquaforest\"},\"image\":{\"@id\":\"https:\/\/aquaforest.eu\/de\/#\/schema\/logo\/image\/\"},\"sameAs\":[\"https:\/\/www.facebook.com\/Aquaforest\/\",\"https:\/\/www.instagram.com\/aquaforest.eu\/\"]}]}<\/script>\n<!-- \/ Yoast SEO plugin. -->","yoast_head_json":{"title":"Purify Pond - Aquaforest","robots":{"index":"index","follow":"follow","max-snippet":"max-snippet:-1","max-image-preview":"max-image-preview:large","max-video-preview":"max-video-preview:-1"},"canonical":"https:\/\/aquaforest.eu\/de\/produkte\/pond\/problemloesungen\/purify-pond\/","og_locale":"de_DE","og_type":"article","og_title":"Purify Pond - Aquaforest","og_description":"Pr\u00e4parat zur Unterst\u00fctzung von Fischen im Kampf gegen Wei\u00dfp\u00fcnktchenkrankheit und Hautinfektionen.","og_url":"https:\/\/aquaforest.eu\/de\/produkte\/pond\/problemloesungen\/purify-pond\/","og_site_name":"Aquaforest","article_publisher":"https:\/\/www.facebook.com\/Aquaforest\/","article_modified_time":"2026-03-31T12:35:47+00:00","og_image":[{"width":1920,"height":2560,"url":"https:\/\/aquaforest.eu\/wp-content\/uploads\/2026\/03\/Purify-Pond-500ml-scaled.png","type":"image\/png"}],"twitter_card":"summary_large_image","twitter_misc":{"Gesch\u00e4tzte Lesezeit":"2\u00a0Minuten"},"schema":{"@context":"https:\/\/schema.org","@graph":[{"@type":"WebPage","@id":"https:\/\/aquaforest.eu\/de\/produkte\/pond\/problemloesungen\/purify-pond\/","url":"https:\/\/aquaforest.eu\/de\/produkte\/pond\/problemloesungen\/purify-pond\/","name":"Purify Pond - Aquaforest","isPartOf":{"@id":"https:\/\/aquaforest.eu\/de\/#website"},"primaryImageOfPage":{"@id":"https:\/\/aquaforest.eu\/de\/produkte\/pond\/problemloesungen\/purify-pond\/#primaryimage"},"image":{"@id":"https:\/\/aquaforest.eu\/de\/produkte\/pond\/problemloesungen\/purify-pond\/#primaryimage"},"thumbnailUrl":"https:\/\/aquaforest.eu\/wp-content\/uploads\/2026\/03\/Purify-Pond-500ml-scaled.png","datePublished":"2026-03-30T12:32:53+00:00","dateModified":"2026-03-31T12:35:47+00:00","breadcrumb":{"@id":"https:\/\/aquaforest.eu\/de\/produkte\/pond\/problemloesungen\/purify-pond\/#breadcrumb"},"inLanguage":"de","potentialAction":[{"@type":"ReadAction","target":["https:\/\/aquaforest.eu\/de\/produkte\/pond\/problemloesungen\/purify-pond\/"]}]},{"@type":"ImageObject","inLanguage":"de","@id":"https:\/\/aquaforest.eu\/de\/produkte\/pond\/problemloesungen\/purify-pond\/#primaryimage","url":"https:\/\/aquaforest.eu\/wp-content\/uploads\/2026\/03\/Purify-Pond-500ml-scaled.png","contentUrl":"https:\/\/aquaforest.eu\/wp-content\/uploads\/2026\/03\/Purify-Pond-500ml-scaled.png","width":1920,"height":2560},{"@type":"BreadcrumbList","@id":"https:\/\/aquaforest.eu\/de\/produkte\/pond\/problemloesungen\/purify-pond\/#breadcrumb","itemListElement":[{"@type":"ListItem","position":1,"name":"Home","item":"https:\/\/aquaforest.eu\/de\/"},{"@type":"ListItem","position":2,"name":"Produkte","item":"https:\/\/aquaforest.eu\/de\/produkte\/"},{"@type":"ListItem","position":3,"name":"Purify Pond"}]},{"@type":"WebSite","@id":"https:\/\/aquaforest.eu\/de\/#website","url":"https:\/\/aquaforest.eu\/de\/","name":"Aquaforest","description":"","publisher":{"@id":"https:\/\/aquaforest.eu\/de\/#organization"},"potentialAction":[{"@type":"SearchAction","target":{"@type":"EntryPoint","urlTemplate":"https:\/\/aquaforest.eu\/de\/?s={search_term_string}"},"query-input":{"@type":"PropertyValueSpecification","valueRequired":true,"valueName":"search_term_string"}}],"inLanguage":"de"},{"@type":"Organization","@id":"https:\/\/aquaforest.eu\/de\/#organization","name":"Aquaforest","url":"https:\/\/aquaforest.eu\/de\/","logo":{"@type":"ImageObject","inLanguage":"de","@id":"https:\/\/aquaforest.eu\/de\/#\/schema\/logo\/image\/","url":"https:\/\/aquaforest.eu\/wp-content\/uploads\/2024\/05\/logotyp-aquaforest.svg","contentUrl":"https:\/\/aquaforest.eu\/wp-content\/uploads\/2024\/05\/logotyp-aquaforest.svg","width":170,"height":22,"caption":"Aquaforest"},"image":{"@id":"https:\/\/aquaforest.eu\/de\/#\/schema\/logo\/image\/"},"sameAs":["https:\/\/www.facebook.com\/Aquaforest\/","https:\/\/www.instagram.com\/aquaforest.eu\/"]}]}},"_links":{"self":[{"href":"https:\/\/aquaforest.eu\/de\/wp-json\/wp\/v2\/product\/29634","targetHints":{"allow":["GET"]}}],"collection":[{"href":"https:\/\/aquaforest.eu\/de\/wp-json\/wp\/v2\/product"}],"about":[{"href":"https:\/\/aquaforest.eu\/de\/wp-json\/wp\/v2\/types\/product"}],"version-history":[{"count":3,"href":"https:\/\/aquaforest.eu\/de\/wp-json\/wp\/v2\/product\/29634\/revisions"}],"predecessor-version":[{"id":30035,"href":"https:\/\/aquaforest.eu\/de\/wp-json\/wp\/v2\/product\/29634\/revisions\/30035"}],"wp:featuredmedia":[{"embeddable":true,"href":"https:\/\/aquaforest.eu\/de\/wp-json\/wp\/v2\/media\/29302"}],"wp:attachment":[{"href":"https:\/\/aquaforest.eu\/de\/wp-json\/wp\/v2\/media?parent=29634"}],"wp:term":[{"taxonomy":"product_brand","embeddable":true,"href":"https:\/\/aquaforest.eu\/de\/wp-json\/wp\/v2\/product_brand?post=29634"},{"taxonomy":"product_cat","embeddable":true,"href":"https:\/\/aquaforest.eu\/de\/wp-json\/wp\/v2\/product_cat?post=29634"},{"taxonomy":"product_tag","embeddable":true,"href":"https:\/\/aquaforest.eu\/de\/wp-json\/wp\/v2\/product_tag?post=29634"}],"curies":[{"name":"wp","href":"https:\/\/api.w.org\/{rel}","templated":true}]}}