{"id":30562,"date":"2026-04-23T15:52:56","date_gmt":"2026-04-23T13:52:56","guid":{"rendered":"https:\/\/aquaforest.eu\/?post_type=product&#038;p=30562"},"modified":"2026-04-24T11:48:50","modified_gmt":"2026-04-24T09:48:50","slug":"reference-solution","status":"publish","type":"product","link":"https:\/\/aquaforest.eu\/de\/produkte\/seawater\/reference-solution\/","title":{"rendered":"Reference Solution"},"content":{"rendered":"<p>AF Reference Solution ist eine professionelle Standardl\u00f6sung, die eine zuverl\u00e4ssige Kalibrierung von Messger\u00e4ten und die \u00dcberpr\u00fcfung der Genauigkeit von Tr\u00f6pfchentests erm\u00f6glicht. Dank sorgf\u00e4ltig ausgew\u00e4hlter Parameterwerte ist das Produkt ein unverzichtbares Werkzeug in der Wasserqualit\u00e4tskontrolle.<\/p>\n<p><strong>Warum AF Reference Solution verwenden?<\/strong><\/p>\n<ul>\n<li>Erm\u00f6glicht die \u00dcberpr\u00fcfung der Genauigkeit von Heimtr\u00f6pfchentests (KH, Ca, Mg, K, Sr).<\/li>\n<li>Erlaubt die Kalibrierung und Funktionspr\u00fcfung von Messger\u00e4ten.<\/li>\n<li>Hilft festzustellen, ob Probleme durch Wasserparameter oder Messger\u00e4te verursacht werden.<\/li>\n<li>Erh\u00f6ht die Sicherheit bei Entscheidungen zur Pflege von Meerwasseraquarien.<\/li>\n<\/ul>\n<p><strong>Gebrauchsanweisung<\/strong><br \/>\nFlasche nach jedem Gebrauch fest verschlie\u00dfen. Den Beh\u00e4lter nicht l\u00e4nger offen stehen lassen als notwendig. An einem schattigen Ort bei einer Temperatur von h\u00f6chstens 25 \u00b0C lagern. Verdunstung beeinflusst die Parameter; verwenden Sie die L\u00f6sung daher innerhalb von 3 Monaten nach dem \u00d6ffnen.<\/p>\n<p><strong data-start=\"0\" data-end=\"21\" data-is-only-node=\"\">Referenzparameter<\/strong><\/p>\n<ul>\n<li>Salinit\u00e4t: 35 ppt<\/li>\n<li>KH: 7,3 dKH<\/li>\n<li>Ca: 425 mg\/l<\/li>\n<li>Mg: 1310 mg\/l<\/li>\n<li>K: 400 mg\/l<\/li>\n<li>Sr: 8 mg\/l<\/li>\n<\/ul>\n","protected":false},"excerpt":{"rendered":"<p>Eine professionelle Referenzl\u00f6sung zur Kalibrierung von Messger\u00e4ten und zur \u00dcberpr\u00fcfung der Genauigkeit von Tropftests.<\/p>\n","protected":false},"featured_media":30557,"template":"","meta":{"_acf_changed":false,"content-type":""},"product_brand":[],"product_cat":[1128],"product_tag":[],"class_list":{"0":"post-30562","1":"product","2":"type-product","3":"status-publish","4":"has-post-thumbnail","6":"product_cat-seawater","8":"first","9":"instock","10":"taxable","11":"shipping-taxable","12":"purchasable","13":"product-type-variable"},"acf":[],"yoast_head":"<!-- This site is optimized with the Yoast SEO plugin v27.1.1 - https:\/\/yoast.com\/product\/yoast-seo-wordpress\/ -->\n<title>Reference Solution - Aquaforest<\/title>\n<meta name=\"robots\" content=\"index, follow, max-snippet:-1, max-image-preview:large, max-video-preview:-1\" \/>\n<link rel=\"canonical\" href=\"https:\/\/aquaforest.eu\/de\/produkte\/seawater\/reference-solution\/\" \/>\n<meta property=\"og:locale\" content=\"de_DE\" \/>\n<meta property=\"og:type\" content=\"article\" \/>\n<meta property=\"og:title\" content=\"Reference Solution - Aquaforest\" \/>\n<meta property=\"og:description\" content=\"Eine professionelle Referenzl\u00f6sung zur Kalibrierung von Messger\u00e4ten und zur \u00dcberpr\u00fcfung der Genauigkeit von Tropftests.\" \/>\n<meta property=\"og:url\" content=\"https:\/\/aquaforest.eu\/de\/produkte\/seawater\/reference-solution\/\" \/>\n<meta property=\"og:site_name\" content=\"Aquaforest\" \/>\n<meta property=\"article:publisher\" content=\"https:\/\/www.facebook.com\/Aquaforest\/\" \/>\n<meta property=\"article:modified_time\" content=\"2026-04-24T09:48:50+00:00\" \/>\n<meta property=\"og:image\" content=\"https:\/\/aquaforest.eu\/wp-content\/uploads\/2026\/04\/AF-Reference-Solution-scaled.png\" \/>\n\t<meta property=\"og:image:width\" content=\"2560\" \/>\n\t<meta property=\"og:image:height\" content=\"2560\" \/>\n\t<meta property=\"og:image:type\" content=\"image\/png\" \/>\n<meta name=\"twitter:card\" content=\"summary_large_image\" \/>\n<meta name=\"twitter:label1\" content=\"Gesch\u00e4tzte Lesezeit\" \/>\n\t<meta name=\"twitter:data1\" content=\"1\u00a0Minute\" \/>\n<script type=\"application\/ld+json\" class=\"yoast-schema-graph\">{\"@context\":\"https:\/\/schema.org\",\"@graph\":[{\"@type\":\"WebPage\",\"@id\":\"https:\/\/aquaforest.eu\/de\/produkte\/seawater\/reference-solution\/\",\"url\":\"https:\/\/aquaforest.eu\/de\/produkte\/seawater\/reference-solution\/\",\"name\":\"Reference Solution - Aquaforest\",\"isPartOf\":{\"@id\":\"https:\/\/aquaforest.eu\/de\/#website\"},\"primaryImageOfPage\":{\"@id\":\"https:\/\/aquaforest.eu\/de\/produkte\/seawater\/reference-solution\/#primaryimage\"},\"image\":{\"@id\":\"https:\/\/aquaforest.eu\/de\/produkte\/seawater\/reference-solution\/#primaryimage\"},\"thumbnailUrl\":\"https:\/\/aquaforest.eu\/wp-content\/uploads\/2026\/04\/AF-Reference-Solution-scaled.png\",\"datePublished\":\"2026-04-23T13:52:56+00:00\",\"dateModified\":\"2026-04-24T09:48:50+00:00\",\"breadcrumb\":{\"@id\":\"https:\/\/aquaforest.eu\/de\/produkte\/seawater\/reference-solution\/#breadcrumb\"},\"inLanguage\":\"de\",\"potentialAction\":[{\"@type\":\"ReadAction\",\"target\":[\"https:\/\/aquaforest.eu\/de\/produkte\/seawater\/reference-solution\/\"]}]},{\"@type\":\"ImageObject\",\"inLanguage\":\"de\",\"@id\":\"https:\/\/aquaforest.eu\/de\/produkte\/seawater\/reference-solution\/#primaryimage\",\"url\":\"https:\/\/aquaforest.eu\/wp-content\/uploads\/2026\/04\/AF-Reference-Solution-scaled.png\",\"contentUrl\":\"https:\/\/aquaforest.eu\/wp-content\/uploads\/2026\/04\/AF-Reference-Solution-scaled.png\",\"width\":2560,\"height\":2560},{\"@type\":\"BreadcrumbList\",\"@id\":\"https:\/\/aquaforest.eu\/de\/produkte\/seawater\/reference-solution\/#breadcrumb\",\"itemListElement\":[{\"@type\":\"ListItem\",\"position\":1,\"name\":\"Home\",\"item\":\"https:\/\/aquaforest.eu\/de\/\"},{\"@type\":\"ListItem\",\"position\":2,\"name\":\"Produkte\",\"item\":\"https:\/\/aquaforest.eu\/de\/produkte\/\"},{\"@type\":\"ListItem\",\"position\":3,\"name\":\"Reference Solution\"}]},{\"@type\":\"WebSite\",\"@id\":\"https:\/\/aquaforest.eu\/de\/#website\",\"url\":\"https:\/\/aquaforest.eu\/de\/\",\"name\":\"Aquaforest\",\"description\":\"\",\"publisher\":{\"@id\":\"https:\/\/aquaforest.eu\/de\/#organization\"},\"potentialAction\":[{\"@type\":\"SearchAction\",\"target\":{\"@type\":\"EntryPoint\",\"urlTemplate\":\"https:\/\/aquaforest.eu\/de\/?s={search_term_string}\"},\"query-input\":{\"@type\":\"PropertyValueSpecification\",\"valueRequired\":true,\"valueName\":\"search_term_string\"}}],\"inLanguage\":\"de\"},{\"@type\":\"Organization\",\"@id\":\"https:\/\/aquaforest.eu\/de\/#organization\",\"name\":\"Aquaforest\",\"url\":\"https:\/\/aquaforest.eu\/de\/\",\"logo\":{\"@type\":\"ImageObject\",\"inLanguage\":\"de\",\"@id\":\"https:\/\/aquaforest.eu\/de\/#\/schema\/logo\/image\/\",\"url\":\"https:\/\/aquaforest.eu\/wp-content\/uploads\/2024\/05\/logotyp-aquaforest.svg\",\"contentUrl\":\"https:\/\/aquaforest.eu\/wp-content\/uploads\/2024\/05\/logotyp-aquaforest.svg\",\"width\":170,\"height\":22,\"caption\":\"Aquaforest\"},\"image\":{\"@id\":\"https:\/\/aquaforest.eu\/de\/#\/schema\/logo\/image\/\"},\"sameAs\":[\"https:\/\/www.facebook.com\/Aquaforest\/\",\"https:\/\/www.instagram.com\/aquaforest.eu\/\"]}]}<\/script>\n<!-- \/ Yoast SEO plugin. -->","yoast_head_json":{"title":"Reference Solution - Aquaforest","robots":{"index":"index","follow":"follow","max-snippet":"max-snippet:-1","max-image-preview":"max-image-preview:large","max-video-preview":"max-video-preview:-1"},"canonical":"https:\/\/aquaforest.eu\/de\/produkte\/seawater\/reference-solution\/","og_locale":"de_DE","og_type":"article","og_title":"Reference Solution - Aquaforest","og_description":"Eine professionelle Referenzl\u00f6sung zur Kalibrierung von Messger\u00e4ten und zur \u00dcberpr\u00fcfung der Genauigkeit von Tropftests.","og_url":"https:\/\/aquaforest.eu\/de\/produkte\/seawater\/reference-solution\/","og_site_name":"Aquaforest","article_publisher":"https:\/\/www.facebook.com\/Aquaforest\/","article_modified_time":"2026-04-24T09:48:50+00:00","og_image":[{"width":2560,"height":2560,"url":"https:\/\/aquaforest.eu\/wp-content\/uploads\/2026\/04\/AF-Reference-Solution-scaled.png","type":"image\/png"}],"twitter_card":"summary_large_image","twitter_misc":{"Gesch\u00e4tzte Lesezeit":"1\u00a0Minute"},"schema":{"@context":"https:\/\/schema.org","@graph":[{"@type":"WebPage","@id":"https:\/\/aquaforest.eu\/de\/produkte\/seawater\/reference-solution\/","url":"https:\/\/aquaforest.eu\/de\/produkte\/seawater\/reference-solution\/","name":"Reference Solution - Aquaforest","isPartOf":{"@id":"https:\/\/aquaforest.eu\/de\/#website"},"primaryImageOfPage":{"@id":"https:\/\/aquaforest.eu\/de\/produkte\/seawater\/reference-solution\/#primaryimage"},"image":{"@id":"https:\/\/aquaforest.eu\/de\/produkte\/seawater\/reference-solution\/#primaryimage"},"thumbnailUrl":"https:\/\/aquaforest.eu\/wp-content\/uploads\/2026\/04\/AF-Reference-Solution-scaled.png","datePublished":"2026-04-23T13:52:56+00:00","dateModified":"2026-04-24T09:48:50+00:00","breadcrumb":{"@id":"https:\/\/aquaforest.eu\/de\/produkte\/seawater\/reference-solution\/#breadcrumb"},"inLanguage":"de","potentialAction":[{"@type":"ReadAction","target":["https:\/\/aquaforest.eu\/de\/produkte\/seawater\/reference-solution\/"]}]},{"@type":"ImageObject","inLanguage":"de","@id":"https:\/\/aquaforest.eu\/de\/produkte\/seawater\/reference-solution\/#primaryimage","url":"https:\/\/aquaforest.eu\/wp-content\/uploads\/2026\/04\/AF-Reference-Solution-scaled.png","contentUrl":"https:\/\/aquaforest.eu\/wp-content\/uploads\/2026\/04\/AF-Reference-Solution-scaled.png","width":2560,"height":2560},{"@type":"BreadcrumbList","@id":"https:\/\/aquaforest.eu\/de\/produkte\/seawater\/reference-solution\/#breadcrumb","itemListElement":[{"@type":"ListItem","position":1,"name":"Home","item":"https:\/\/aquaforest.eu\/de\/"},{"@type":"ListItem","position":2,"name":"Produkte","item":"https:\/\/aquaforest.eu\/de\/produkte\/"},{"@type":"ListItem","position":3,"name":"Reference Solution"}]},{"@type":"WebSite","@id":"https:\/\/aquaforest.eu\/de\/#website","url":"https:\/\/aquaforest.eu\/de\/","name":"Aquaforest","description":"","publisher":{"@id":"https:\/\/aquaforest.eu\/de\/#organization"},"potentialAction":[{"@type":"SearchAction","target":{"@type":"EntryPoint","urlTemplate":"https:\/\/aquaforest.eu\/de\/?s={search_term_string}"},"query-input":{"@type":"PropertyValueSpecification","valueRequired":true,"valueName":"search_term_string"}}],"inLanguage":"de"},{"@type":"Organization","@id":"https:\/\/aquaforest.eu\/de\/#organization","name":"Aquaforest","url":"https:\/\/aquaforest.eu\/de\/","logo":{"@type":"ImageObject","inLanguage":"de","@id":"https:\/\/aquaforest.eu\/de\/#\/schema\/logo\/image\/","url":"https:\/\/aquaforest.eu\/wp-content\/uploads\/2024\/05\/logotyp-aquaforest.svg","contentUrl":"https:\/\/aquaforest.eu\/wp-content\/uploads\/2024\/05\/logotyp-aquaforest.svg","width":170,"height":22,"caption":"Aquaforest"},"image":{"@id":"https:\/\/aquaforest.eu\/de\/#\/schema\/logo\/image\/"},"sameAs":["https:\/\/www.facebook.com\/Aquaforest\/","https:\/\/www.instagram.com\/aquaforest.eu\/"]}]}},"_links":{"self":[{"href":"https:\/\/aquaforest.eu\/de\/wp-json\/wp\/v2\/product\/30562","targetHints":{"allow":["GET"]}}],"collection":[{"href":"https:\/\/aquaforest.eu\/de\/wp-json\/wp\/v2\/product"}],"about":[{"href":"https:\/\/aquaforest.eu\/de\/wp-json\/wp\/v2\/types\/product"}],"version-history":[{"count":4,"href":"https:\/\/aquaforest.eu\/de\/wp-json\/wp\/v2\/product\/30562\/revisions"}],"predecessor-version":[{"id":30706,"href":"https:\/\/aquaforest.eu\/de\/wp-json\/wp\/v2\/product\/30562\/revisions\/30706"}],"wp:featuredmedia":[{"embeddable":true,"href":"https:\/\/aquaforest.eu\/de\/wp-json\/wp\/v2\/media\/30557"}],"wp:attachment":[{"href":"https:\/\/aquaforest.eu\/de\/wp-json\/wp\/v2\/media?parent=30562"}],"wp:term":[{"taxonomy":"product_brand","embeddable":true,"href":"https:\/\/aquaforest.eu\/de\/wp-json\/wp\/v2\/product_brand?post=30562"},{"taxonomy":"product_cat","embeddable":true,"href":"https:\/\/aquaforest.eu\/de\/wp-json\/wp\/v2\/product_cat?post=30562"},{"taxonomy":"product_tag","embeddable":true,"href":"https:\/\/aquaforest.eu\/de\/wp-json\/wp\/v2\/product_tag?post=30562"}],"curies":[{"name":"wp","href":"https:\/\/api.w.org\/{rel}","templated":true}]}}