{"id":30616,"date":"2026-04-27T15:05:18","date_gmt":"2026-04-27T13:05:18","guid":{"rendered":"https:\/\/aquaforest.eu\/?post_type=product&#038;p=30616"},"modified":"2026-04-28T11:02:25","modified_gmt":"2026-04-28T09:02:25","slug":"mix-bites-s","status":"publish","type":"product","link":"https:\/\/aquaforest.eu\/de\/produkte\/pond\/mix-bites-s\/","title":{"rendered":"Mix Bites S"},"content":{"rendered":"<section class=\"text-token-text-primary w-full focus:outline-none [--shadow-height:45px] has-data-writing-block:pointer-events-none has-data-writing-block:-mt-(--shadow-height) has-data-writing-block:pt-(--shadow-height) [&amp;:has([data-writing-block])&gt;*]:pointer-events-auto R6Vx5W_threadScrollVars scroll-mb-[calc(var(--scroll-root-safe-area-inset-bottom,0px)+var(--thread-response-height))] scroll-mt-(--header-height)\" dir=\"auto\" data-turn-id=\"7a1c40d1-1266-4a4e-92b1-60021327407f\" data-testid=\"conversation-turn-189\" data-scroll-anchor=\"false\" data-turn=\"user\">\n<div class=\"text-base my-auto mx-auto pt-12 [--thread-content-margin:var(--thread-content-margin-xs,calc(var(--spacing)*4))] @w-sm\/main:[--thread-content-margin:var(--thread-content-margin-sm,calc(var(--spacing)*6))] @w-lg\/main:[--thread-content-margin:var(--thread-content-margin-lg,calc(var(--spacing)*16))] px-(--thread-content-margin)\">\n<div class=\"[--thread-content-max-width:40rem] @w-lg\/main:[--thread-content-max-width:48rem] mx-auto max-w-(--thread-content-max-width) flex-1 group\/turn-messages focus-visible:outline-hidden relative flex w-full min-w-0 flex-col\">\n<div class=\"flex max-w-full flex-col gap-4 grow\">\n<div class=\"min-h-8 text-message relative flex w-full flex-col items-end gap-2 text-start break-words whitespace-normal outline-none keyboard-focused:focus-ring [.text-message+&amp;]:mt-1\" dir=\"auto\" data-message-author-role=\"user\" data-message-id=\"7a1c40d1-1266-4a4e-92b1-60021327407f\">\n<div class=\"flex w-full flex-col gap-1 empty:hidden items-end rtl:items-start\">\n<div class=\"user-message-bubble-color corner-superellipse\/0.98 relative min-w-0 rounded-[22px] px-4 py-2.5 leading-6 max-w-(--user-chat-width,70%)\">\n<h3 class=\"[overflow-wrap:anywhere] whitespace-pre-wrap\"><strong><span style=\"font-family: -apple-system, BlinkMacSystemFont, 'Segoe UI', Roboto, 'Helvetica Neue', Arial, 'Noto Sans', sans-serif, 'Apple Color Emoji', 'Segoe UI Emoji', 'Segoe UI Symbol', 'Noto Color Emoji';\">Alleinfuttermittel f\u00fcr die t\u00e4gliche F\u00fctterung von Fischen in Teichen und Gartengew\u00e4ssern<\/span><\/strong><\/h3>\n<p class=\"[overflow-wrap:anywhere] whitespace-pre-wrap\">Aquaforest Mix Bites<span style=\"font-size: 16px;\"> ist ein vielseitiges, t\u00e4gliches Futter, das f\u00fcr eine stabile, ganzj\u00e4hrige Ern\u00e4hrung von Zierfischen entwickelt wurde. Seine Formel kombiniert drei Arten von Granulaten zu einer abwechslungsreichen Mischung und liefert ein breites Spektrum an N\u00e4hrstoffen, ohne dass verschiedene Futtersorten gewechselt werden m\u00fcssen.<\/span><\/p>\n<\/div>\n<\/div>\n<\/div>\n<\/div>\n<\/div>\n<\/div>\n<\/section>\n<p data-start=\"461\" data-end=\"857\">Eine ausgewogene Zusammensetzung aus pflanzlichen und tierischen Rohstoffen sorgt f\u00fcr eine ausreichende Versorgung mit Protein, Energie und Mikron\u00e4hrstoffen und unterst\u00fctzt Wachstum, Regeneration sowie die allgemeine Kondition der Fische. Die Zugabe von Spirulina, Algen und nat\u00fcrlichen Farbstoffen f\u00f6rdert eine intensive, gesunde F\u00e4rbung und unterst\u00fctzt gleichzeitig die Immunit\u00e4t und Vitalit\u00e4t.<\/p>\n<p data-start=\"859\" data-end=\"1141\">Die Formel ist mit Weizenkeimen angereichert, die die Verdaulichkeit verbessern \u2013 besonders wichtig bei schwankenden Wassertemperaturen. Dadurch eignet sich Mix Bites sowohl f\u00fcr die intensive Saison als auch f\u00fcr k\u00fchlere \u00dcbergangszeiten und ist ideal f\u00fcr die ganzj\u00e4hrige Teichpflege.<\/p>\n<h3 data-start=\"1143\" data-end=\"1469\"><strong data-start=\"1143\" data-end=\"1170\">Warum Mix Bites w\u00e4hlen?<\/strong><\/h3>\n<ul>\n<li data-start=\"1143\" data-end=\"1469\">Ausgewogene t\u00e4gliche Ern\u00e4hrung f\u00fcr Teichfische<\/li>\n<li data-start=\"1143\" data-end=\"1469\">Nat\u00fcrlich intensive Farben dank Astaxanthin<\/li>\n<li data-start=\"1143\" data-end=\"1469\">Unterst\u00fctzung von Immunit\u00e4t und Vitalit\u00e4t (Spirulina, Algen)<\/li>\n<li data-start=\"1143\" data-end=\"1469\">Leicht verdauliche Formel mit Weizenkeimen<\/li>\n<li data-start=\"1143\" data-end=\"1469\">Hochwertiges Protein, auch aus Insektenmehl<\/li>\n<li data-start=\"1143\" data-end=\"1469\">Ein Futter f\u00fcr die gesamte Saison<\/li>\n<\/ul>\n<h3 data-start=\"1471\" data-end=\"1677\"><strong data-start=\"1471\" data-end=\"1490\">Zusammensetzung<\/strong><\/h3>\n<p data-start=\"1471\" data-end=\"1677\">Pflanzliche Produkte (einschlie\u00dflich Weizenkeime, Rote-Bete-Pulver), Fisch und Fischnebenerzeugnisse, Fisch\u00f6le, Getreide, Spirulina, Insektenmehl, Algen, Kurkuma, Hefe, Antioxidantien.<\/p>\n<h3 data-start=\"1679\" data-end=\"1900\"><strong data-start=\"1679\" data-end=\"1695\">Zusatzstoffe<\/strong><\/h3>\n<p data-start=\"1679\" data-end=\"1900\">Vitamin A 10.669 IE\/kg, Vitamin D3 2.957 IE\/kg<br data-start=\"1744\" data-end=\"1747\" \/>Spurenelemente: Eisen 40,2 mg\/kg, Jod 3,4 mg\/kg, Kupfer 3,4 mg\/kg, Mangan 15,1 mg\/kg, Zink 40,2 mg\/kg, Selen 0,2 mg\/kg<br data-start=\"1865\" data-end=\"1868\" \/>Farbstoff: Astaxanthin 1 mg\/kg<\/p>\n<h3 data-start=\"1902\" data-end=\"1994\"><strong data-start=\"1902\" data-end=\"1930\">Analytische Bestandteile<\/strong><\/h3>\n<ul>\n<li data-start=\"1902\" data-end=\"1994\">Protein: 32%<\/li>\n<li data-start=\"1902\" data-end=\"1994\">Rohfett: 6%<\/li>\n<li data-start=\"1902\" data-end=\"1994\">Rohfaser: 2%<\/li>\n<li data-start=\"1902\" data-end=\"1994\">Rohasche: 10,7%<\/li>\n<\/ul>\n<h3 data-start=\"1996\" data-end=\"2317\"><strong data-start=\"1996\" data-end=\"2009\">Dosierung<\/strong><\/h3>\n<p data-start=\"1996\" data-end=\"2317\">2\u20134 Mal t\u00e4glich f\u00fcttern, abh\u00e4ngig von der Fischgr\u00f6\u00dfe und der Wassertemperatur. Nur so viel Futter geben, wie die Fische innerhalb von 5 Minuten aufnehmen k\u00f6nnen.<br data-start=\"2173\" data-end=\"2176\" \/>Bei Temperaturen unter 10\u00b0C die F\u00fctterung auf wenige Male pro Woche reduzieren.<br data-start=\"2255\" data-end=\"2258\" \/>Nicht f\u00fcttern, wenn die Wassertemperatur unter 6\u00b0C f\u00e4llt.<\/p>\n<h3 data-start=\"2319\" data-end=\"2364\"><strong data-start=\"2319\" data-end=\"2340\">Verf\u00fcgbare Gr\u00f6\u00dfen<\/strong><\/h3>\n<p data-start=\"2319\" data-end=\"2364\">S \u2013 3 mm<br data-start=\"2351\" data-end=\"2354\" \/>M \u2013 6 mm<\/p>\n<p data-start=\"2366\" data-end=\"2489\" data-is-last-node=\"\" data-is-only-node=\"\">Nicht f\u00fcr den menschlichen Verzehr geeignet. Trocken und schattig lagern. Au\u00dferhalb der Reichweite von Kindern aufbewahren.<\/p>\n","protected":false},"excerpt":{"rendered":"<p>Ein vollwertiges Ganzjahresfutter zur Unterst\u00fctzung von Gesundheit, Farbintensit\u00e4t und Immunsystem von Teichfischen.<\/p>\n","protected":false},"featured_media":30609,"template":"","meta":{"_acf_changed":false,"content-type":""},"product_brand":[],"product_cat":[2047],"product_tag":[],"class_list":{"0":"post-30616","1":"product","2":"type-product","3":"status-publish","4":"has-post-thumbnail","6":"product_cat-pond","8":"first","9":"instock","10":"taxable","11":"shipping-taxable","12":"purchasable","13":"product-type-variable"},"acf":[],"yoast_head":"<!-- This site is optimized with the Yoast SEO plugin v27.1.1 - https:\/\/yoast.com\/product\/yoast-seo-wordpress\/ -->\n<title>Mix Bites S - Aquaforest<\/title>\n<meta name=\"robots\" content=\"index, follow, max-snippet:-1, max-image-preview:large, max-video-preview:-1\" \/>\n<link rel=\"canonical\" href=\"https:\/\/aquaforest.eu\/de\/produkte\/pond\/mix-bites-s\/\" \/>\n<meta property=\"og:locale\" content=\"de_DE\" \/>\n<meta property=\"og:type\" content=\"article\" \/>\n<meta property=\"og:title\" content=\"Mix Bites S - Aquaforest\" \/>\n<meta property=\"og:description\" content=\"Ein vollwertiges Ganzjahresfutter zur Unterst\u00fctzung von Gesundheit, Farbintensit\u00e4t und Immunsystem von Teichfischen.\" \/>\n<meta property=\"og:url\" content=\"https:\/\/aquaforest.eu\/de\/produkte\/pond\/mix-bites-s\/\" \/>\n<meta property=\"og:site_name\" content=\"Aquaforest\" \/>\n<meta property=\"article:publisher\" content=\"https:\/\/www.facebook.com\/Aquaforest\/\" \/>\n<meta property=\"article:modified_time\" content=\"2026-04-28T09:02:25+00:00\" \/>\n<meta property=\"og:image\" content=\"https:\/\/aquaforest.eu\/wp-content\/uploads\/2026\/04\/Mix-Bites-S.png\" \/>\n\t<meta property=\"og:image:width\" content=\"2336\" \/>\n\t<meta property=\"og:image:height\" content=\"2336\" \/>\n\t<meta property=\"og:image:type\" content=\"image\/png\" \/>\n<meta name=\"twitter:card\" content=\"summary_large_image\" \/>\n<meta name=\"twitter:label1\" content=\"Gesch\u00e4tzte Lesezeit\" \/>\n\t<meta name=\"twitter:data1\" content=\"2\u00a0Minuten\" \/>\n<script type=\"application\/ld+json\" class=\"yoast-schema-graph\">{\"@context\":\"https:\/\/schema.org\",\"@graph\":[{\"@type\":\"WebPage\",\"@id\":\"https:\/\/aquaforest.eu\/de\/produkte\/pond\/mix-bites-s\/\",\"url\":\"https:\/\/aquaforest.eu\/de\/produkte\/pond\/mix-bites-s\/\",\"name\":\"Mix Bites S - Aquaforest\",\"isPartOf\":{\"@id\":\"https:\/\/aquaforest.eu\/de\/#website\"},\"primaryImageOfPage\":{\"@id\":\"https:\/\/aquaforest.eu\/de\/produkte\/pond\/mix-bites-s\/#primaryimage\"},\"image\":{\"@id\":\"https:\/\/aquaforest.eu\/de\/produkte\/pond\/mix-bites-s\/#primaryimage\"},\"thumbnailUrl\":\"https:\/\/aquaforest.eu\/wp-content\/uploads\/2026\/04\/Mix-Bites-S.png\",\"datePublished\":\"2026-04-27T13:05:18+00:00\",\"dateModified\":\"2026-04-28T09:02:25+00:00\",\"breadcrumb\":{\"@id\":\"https:\/\/aquaforest.eu\/de\/produkte\/pond\/mix-bites-s\/#breadcrumb\"},\"inLanguage\":\"de\",\"potentialAction\":[{\"@type\":\"ReadAction\",\"target\":[\"https:\/\/aquaforest.eu\/de\/produkte\/pond\/mix-bites-s\/\"]}]},{\"@type\":\"ImageObject\",\"inLanguage\":\"de\",\"@id\":\"https:\/\/aquaforest.eu\/de\/produkte\/pond\/mix-bites-s\/#primaryimage\",\"url\":\"https:\/\/aquaforest.eu\/wp-content\/uploads\/2026\/04\/Mix-Bites-S.png\",\"contentUrl\":\"https:\/\/aquaforest.eu\/wp-content\/uploads\/2026\/04\/Mix-Bites-S.png\",\"width\":2336,\"height\":2336},{\"@type\":\"BreadcrumbList\",\"@id\":\"https:\/\/aquaforest.eu\/de\/produkte\/pond\/mix-bites-s\/#breadcrumb\",\"itemListElement\":[{\"@type\":\"ListItem\",\"position\":1,\"name\":\"Home\",\"item\":\"https:\/\/aquaforest.eu\/de\/\"},{\"@type\":\"ListItem\",\"position\":2,\"name\":\"Produkte\",\"item\":\"https:\/\/aquaforest.eu\/de\/produkte\/\"},{\"@type\":\"ListItem\",\"position\":3,\"name\":\"Mix Bites S\"}]},{\"@type\":\"WebSite\",\"@id\":\"https:\/\/aquaforest.eu\/de\/#website\",\"url\":\"https:\/\/aquaforest.eu\/de\/\",\"name\":\"Aquaforest\",\"description\":\"\",\"publisher\":{\"@id\":\"https:\/\/aquaforest.eu\/de\/#organization\"},\"potentialAction\":[{\"@type\":\"SearchAction\",\"target\":{\"@type\":\"EntryPoint\",\"urlTemplate\":\"https:\/\/aquaforest.eu\/de\/?s={search_term_string}\"},\"query-input\":{\"@type\":\"PropertyValueSpecification\",\"valueRequired\":true,\"valueName\":\"search_term_string\"}}],\"inLanguage\":\"de\"},{\"@type\":\"Organization\",\"@id\":\"https:\/\/aquaforest.eu\/de\/#organization\",\"name\":\"Aquaforest\",\"url\":\"https:\/\/aquaforest.eu\/de\/\",\"logo\":{\"@type\":\"ImageObject\",\"inLanguage\":\"de\",\"@id\":\"https:\/\/aquaforest.eu\/de\/#\/schema\/logo\/image\/\",\"url\":\"https:\/\/aquaforest.eu\/wp-content\/uploads\/2024\/05\/logotyp-aquaforest.svg\",\"contentUrl\":\"https:\/\/aquaforest.eu\/wp-content\/uploads\/2024\/05\/logotyp-aquaforest.svg\",\"width\":170,\"height\":22,\"caption\":\"Aquaforest\"},\"image\":{\"@id\":\"https:\/\/aquaforest.eu\/de\/#\/schema\/logo\/image\/\"},\"sameAs\":[\"https:\/\/www.facebook.com\/Aquaforest\/\",\"https:\/\/www.instagram.com\/aquaforest.eu\/\"]}]}<\/script>\n<!-- \/ Yoast SEO plugin. -->","yoast_head_json":{"title":"Mix Bites S - Aquaforest","robots":{"index":"index","follow":"follow","max-snippet":"max-snippet:-1","max-image-preview":"max-image-preview:large","max-video-preview":"max-video-preview:-1"},"canonical":"https:\/\/aquaforest.eu\/de\/produkte\/pond\/mix-bites-s\/","og_locale":"de_DE","og_type":"article","og_title":"Mix Bites S - Aquaforest","og_description":"Ein vollwertiges Ganzjahresfutter zur Unterst\u00fctzung von Gesundheit, Farbintensit\u00e4t und Immunsystem von Teichfischen.","og_url":"https:\/\/aquaforest.eu\/de\/produkte\/pond\/mix-bites-s\/","og_site_name":"Aquaforest","article_publisher":"https:\/\/www.facebook.com\/Aquaforest\/","article_modified_time":"2026-04-28T09:02:25+00:00","og_image":[{"width":2336,"height":2336,"url":"https:\/\/aquaforest.eu\/wp-content\/uploads\/2026\/04\/Mix-Bites-S.png","type":"image\/png"}],"twitter_card":"summary_large_image","twitter_misc":{"Gesch\u00e4tzte Lesezeit":"2\u00a0Minuten"},"schema":{"@context":"https:\/\/schema.org","@graph":[{"@type":"WebPage","@id":"https:\/\/aquaforest.eu\/de\/produkte\/pond\/mix-bites-s\/","url":"https:\/\/aquaforest.eu\/de\/produkte\/pond\/mix-bites-s\/","name":"Mix Bites S - Aquaforest","isPartOf":{"@id":"https:\/\/aquaforest.eu\/de\/#website"},"primaryImageOfPage":{"@id":"https:\/\/aquaforest.eu\/de\/produkte\/pond\/mix-bites-s\/#primaryimage"},"image":{"@id":"https:\/\/aquaforest.eu\/de\/produkte\/pond\/mix-bites-s\/#primaryimage"},"thumbnailUrl":"https:\/\/aquaforest.eu\/wp-content\/uploads\/2026\/04\/Mix-Bites-S.png","datePublished":"2026-04-27T13:05:18+00:00","dateModified":"2026-04-28T09:02:25+00:00","breadcrumb":{"@id":"https:\/\/aquaforest.eu\/de\/produkte\/pond\/mix-bites-s\/#breadcrumb"},"inLanguage":"de","potentialAction":[{"@type":"ReadAction","target":["https:\/\/aquaforest.eu\/de\/produkte\/pond\/mix-bites-s\/"]}]},{"@type":"ImageObject","inLanguage":"de","@id":"https:\/\/aquaforest.eu\/de\/produkte\/pond\/mix-bites-s\/#primaryimage","url":"https:\/\/aquaforest.eu\/wp-content\/uploads\/2026\/04\/Mix-Bites-S.png","contentUrl":"https:\/\/aquaforest.eu\/wp-content\/uploads\/2026\/04\/Mix-Bites-S.png","width":2336,"height":2336},{"@type":"BreadcrumbList","@id":"https:\/\/aquaforest.eu\/de\/produkte\/pond\/mix-bites-s\/#breadcrumb","itemListElement":[{"@type":"ListItem","position":1,"name":"Home","item":"https:\/\/aquaforest.eu\/de\/"},{"@type":"ListItem","position":2,"name":"Produkte","item":"https:\/\/aquaforest.eu\/de\/produkte\/"},{"@type":"ListItem","position":3,"name":"Mix Bites S"}]},{"@type":"WebSite","@id":"https:\/\/aquaforest.eu\/de\/#website","url":"https:\/\/aquaforest.eu\/de\/","name":"Aquaforest","description":"","publisher":{"@id":"https:\/\/aquaforest.eu\/de\/#organization"},"potentialAction":[{"@type":"SearchAction","target":{"@type":"EntryPoint","urlTemplate":"https:\/\/aquaforest.eu\/de\/?s={search_term_string}"},"query-input":{"@type":"PropertyValueSpecification","valueRequired":true,"valueName":"search_term_string"}}],"inLanguage":"de"},{"@type":"Organization","@id":"https:\/\/aquaforest.eu\/de\/#organization","name":"Aquaforest","url":"https:\/\/aquaforest.eu\/de\/","logo":{"@type":"ImageObject","inLanguage":"de","@id":"https:\/\/aquaforest.eu\/de\/#\/schema\/logo\/image\/","url":"https:\/\/aquaforest.eu\/wp-content\/uploads\/2024\/05\/logotyp-aquaforest.svg","contentUrl":"https:\/\/aquaforest.eu\/wp-content\/uploads\/2024\/05\/logotyp-aquaforest.svg","width":170,"height":22,"caption":"Aquaforest"},"image":{"@id":"https:\/\/aquaforest.eu\/de\/#\/schema\/logo\/image\/"},"sameAs":["https:\/\/www.facebook.com\/Aquaforest\/","https:\/\/www.instagram.com\/aquaforest.eu\/"]}]}},"_links":{"self":[{"href":"https:\/\/aquaforest.eu\/de\/wp-json\/wp\/v2\/product\/30616","targetHints":{"allow":["GET"]}}],"collection":[{"href":"https:\/\/aquaforest.eu\/de\/wp-json\/wp\/v2\/product"}],"about":[{"href":"https:\/\/aquaforest.eu\/de\/wp-json\/wp\/v2\/types\/product"}],"version-history":[{"count":9,"href":"https:\/\/aquaforest.eu\/de\/wp-json\/wp\/v2\/product\/30616\/revisions"}],"predecessor-version":[{"id":31003,"href":"https:\/\/aquaforest.eu\/de\/wp-json\/wp\/v2\/product\/30616\/revisions\/31003"}],"wp:featuredmedia":[{"embeddable":true,"href":"https:\/\/aquaforest.eu\/de\/wp-json\/wp\/v2\/media\/30609"}],"wp:attachment":[{"href":"https:\/\/aquaforest.eu\/de\/wp-json\/wp\/v2\/media?parent=30616"}],"wp:term":[{"taxonomy":"product_brand","embeddable":true,"href":"https:\/\/aquaforest.eu\/de\/wp-json\/wp\/v2\/product_brand?post=30616"},{"taxonomy":"product_cat","embeddable":true,"href":"https:\/\/aquaforest.eu\/de\/wp-json\/wp\/v2\/product_cat?post=30616"},{"taxonomy":"product_tag","embeddable":true,"href":"https:\/\/aquaforest.eu\/de\/wp-json\/wp\/v2\/product_tag?post=30616"}],"curies":[{"name":"wp","href":"https:\/\/api.w.org\/{rel}","templated":true}]}}