{"id":26851,"date":"2024-06-24T16:19:50","date_gmt":"2024-06-24T14:19:50","guid":{"rendered":"https:\/\/aquaforest.eu\/products\/senza-categoria\/mg-plus\/"},"modified":"2024-06-24T16:19:50","modified_gmt":"2024-06-24T14:19:50","slug":"mg-plus","status":"publish","type":"product","link":"https:\/\/aquaforest.eu\/it\/products\/lab\/macroelements\/mg-plus\/","title":{"rendered":"Mg Plus"},"content":{"rendered":"<p>La formula pi\u00f9 concentrata per aumentare i livelli di magnesio negli acquari marini. Mg Plus \u00e8 stato creato per gestire carenze e improvvisi cali di magnesio. Il magnesio \u00e8 necessario per una crescita sana ed equilibrata dei coralli. Un livello adeguato di magnesio nell\u2019acqua dell\u2019acquario garantisce ai coralli un migliore assorbimento del calcio. Un livello ridotto di magnesio pu\u00f2 causare l\u2019impossibilit\u00e0 di mantenere corretti livelli di calcio e un pH pi\u00f9 basso. Il livello raccomandato di magnesio negli acquari di barriera \u00e8 1180 \u2013 1460 mg\/l (ppm).    <\/p>\n<p>&nbsp;<\/p>\n<hr>\n<p>&nbsp;<\/p>\n<p><strong>Dosaggio<\/strong><\/p>\n<p>10 ml di Mg Plus aumentano il livello di magnesio di 10 mg\/l (ppm) in 100 l (27 US gal) d\u2019acqua. Il dosaggio dovrebbe essere stabilito in base ai test dell\u2019acqua e al consumo giornaliero dei coralli. Si ricorda che la dose massima sicura giornaliera \u00e8 100 ml per 100 litri d\u2019acqua. Se \u00e8 necessaria una dose pi\u00f9 alta, suddividerla in pi\u00f9 giorni. Prima di applicare Mg Plus si consiglia di testare i livelli di magnesio nell\u2019acqua. Non raccomandiamo di aumentare i livelli di magnesio di oltre 100 ppm al giorno. Assicurarsi che il livello di magnesio sia all\u2019interno dell\u2019intervallo raccomandato prima di tentare di aumentare o regolare i livelli di calcio e alcalinit\u00e0.      <\/p>\n","protected":false},"excerpt":{"rendered":"<p>Un agente per aumentare i livelli di magnesio. Progettato per gestire carenze e improvvisi cali di magnesio. <\/p>\n","protected":false},"featured_media":29922,"template":"","meta":{"_acf_changed":false,"content-type":""},"product_brand":[],"product_cat":[1913],"product_tag":[1908,1914,1915],"class_list":{"0":"post-26851","1":"product","2":"type-product","3":"status-publish","4":"has-post-thumbnail","6":"product_cat-macroelements","7":"product_tag-aquaforest-lab","8":"product_tag-macroelements","9":"product_tag-variable","11":"first","12":"instock","13":"taxable","14":"shipping-taxable","15":"purchasable","16":"product-type-variable","17":"has-default-attributes"},"acf":[],"yoast_head":"<!-- This site is optimized with the Yoast SEO plugin v27.1.1 - https:\/\/yoast.com\/product\/yoast-seo-wordpress\/ -->\n<title>Mg Plus - Aquaforest<\/title>\n<meta name=\"description\" content=\"Mg Plus: integratore concentrato di magnesio per stabilizzare i parametri dell&#039;acqua. Formula affidabile per la salute dei coralli e la loro corretta crescita.\" \/>\n<meta name=\"robots\" content=\"index, follow, max-snippet:-1, max-image-preview:large, max-video-preview:-1\" \/>\n<link rel=\"canonical\" href=\"https:\/\/aquaforest.eu\/it\/products\/lab\/macroelements\/mg-plus\/\" \/>\n<meta property=\"og:locale\" content=\"it_IT\" \/>\n<meta property=\"og:type\" content=\"article\" \/>\n<meta property=\"og:title\" content=\"Mg Plus - Aquaforest\" \/>\n<meta property=\"og:description\" content=\"Mg Plus: integratore concentrato di magnesio per stabilizzare i parametri dell&#039;acqua. Formula affidabile per la salute dei coralli e la loro corretta crescita.\" \/>\n<meta property=\"og:url\" content=\"https:\/\/aquaforest.eu\/it\/products\/lab\/macroelements\/mg-plus\/\" \/>\n<meta property=\"og:site_name\" content=\"Aquaforest\" \/>\n<meta property=\"article:publisher\" content=\"https:\/\/www.facebook.com\/Aquaforest\/\" \/>\n<meta property=\"og:image\" content=\"https:\/\/aquaforest.eu\/wp-content\/uploads\/2024\/12\/AF_Lab_Mg-Plus-1000-ml-e1736494388485.png\" \/>\n\t<meta property=\"og:image:width\" content=\"864\" \/>\n\t<meta property=\"og:image:height\" content=\"1149\" \/>\n\t<meta property=\"og:image:type\" content=\"image\/png\" \/>\n<meta name=\"twitter:card\" content=\"summary_large_image\" \/>\n<meta name=\"twitter:label1\" content=\"Tempo di lettura stimato\" \/>\n\t<meta name=\"twitter:data1\" content=\"1 minuto\" \/>\n<script type=\"application\/ld+json\" class=\"yoast-schema-graph\">{\"@context\":\"https:\/\/schema.org\",\"@graph\":[{\"@type\":\"WebPage\",\"@id\":\"https:\/\/aquaforest.eu\/it\/products\/lab\/macroelements\/mg-plus\/\",\"url\":\"https:\/\/aquaforest.eu\/it\/products\/lab\/macroelements\/mg-plus\/\",\"name\":\"Mg Plus - Aquaforest\",\"isPartOf\":{\"@id\":\"https:\/\/aquaforest.eu\/it\/#website\"},\"primaryImageOfPage\":{\"@id\":\"https:\/\/aquaforest.eu\/it\/products\/lab\/macroelements\/mg-plus\/#primaryimage\"},\"image\":{\"@id\":\"https:\/\/aquaforest.eu\/it\/products\/lab\/macroelements\/mg-plus\/#primaryimage\"},\"thumbnailUrl\":\"https:\/\/aquaforest.eu\/wp-content\/uploads\/2024\/06\/mg-plus-1000-1.png\",\"datePublished\":\"2024-06-24T14:19:50+00:00\",\"description\":\"Mg Plus: integratore concentrato di magnesio per stabilizzare i parametri dell'acqua. Formula affidabile per la salute dei coralli e la loro corretta crescita.\",\"breadcrumb\":{\"@id\":\"https:\/\/aquaforest.eu\/it\/products\/lab\/macroelements\/mg-plus\/#breadcrumb\"},\"inLanguage\":\"it-IT\",\"potentialAction\":[{\"@type\":\"ReadAction\",\"target\":[\"https:\/\/aquaforest.eu\/it\/products\/lab\/macroelements\/mg-plus\/\"]}]},{\"@type\":\"ImageObject\",\"inLanguage\":\"it-IT\",\"@id\":\"https:\/\/aquaforest.eu\/it\/products\/lab\/macroelements\/mg-plus\/#primaryimage\",\"url\":\"https:\/\/aquaforest.eu\/wp-content\/uploads\/2024\/06\/mg-plus-1000-1.png\",\"contentUrl\":\"https:\/\/aquaforest.eu\/wp-content\/uploads\/2024\/06\/mg-plus-1000-1.png\",\"width\":519,\"height\":600},{\"@type\":\"BreadcrumbList\",\"@id\":\"https:\/\/aquaforest.eu\/it\/products\/lab\/macroelements\/mg-plus\/#breadcrumb\",\"itemListElement\":[{\"@type\":\"ListItem\",\"position\":1,\"name\":\"Home\",\"item\":\"https:\/\/aquaforest.eu\/it\/\"},{\"@type\":\"ListItem\",\"position\":2,\"name\":\"Prodotti\",\"item\":\"https:\/\/aquaforest.eu\/it\/products\/\"},{\"@type\":\"ListItem\",\"position\":3,\"name\":\"Mg Plus\"}]},{\"@type\":\"WebSite\",\"@id\":\"https:\/\/aquaforest.eu\/it\/#website\",\"url\":\"https:\/\/aquaforest.eu\/it\/\",\"name\":\"Aquaforest\",\"description\":\"\",\"publisher\":{\"@id\":\"https:\/\/aquaforest.eu\/it\/#organization\"},\"potentialAction\":[{\"@type\":\"SearchAction\",\"target\":{\"@type\":\"EntryPoint\",\"urlTemplate\":\"https:\/\/aquaforest.eu\/it\/?s={search_term_string}\"},\"query-input\":{\"@type\":\"PropertyValueSpecification\",\"valueRequired\":true,\"valueName\":\"search_term_string\"}}],\"inLanguage\":\"it-IT\"},{\"@type\":\"Organization\",\"@id\":\"https:\/\/aquaforest.eu\/it\/#organization\",\"name\":\"Aquaforest\",\"url\":\"https:\/\/aquaforest.eu\/it\/\",\"logo\":{\"@type\":\"ImageObject\",\"inLanguage\":\"it-IT\",\"@id\":\"https:\/\/aquaforest.eu\/it\/#\/schema\/logo\/image\/\",\"url\":\"https:\/\/aquaforest.eu\/wp-content\/uploads\/2024\/05\/logotyp-aquaforest.svg\",\"contentUrl\":\"https:\/\/aquaforest.eu\/wp-content\/uploads\/2024\/05\/logotyp-aquaforest.svg\",\"width\":170,\"height\":22,\"caption\":\"Aquaforest\"},\"image\":{\"@id\":\"https:\/\/aquaforest.eu\/it\/#\/schema\/logo\/image\/\"},\"sameAs\":[\"https:\/\/www.facebook.com\/Aquaforest\/\",\"https:\/\/www.instagram.com\/aquaforest.eu\/\"]}]}<\/script>\n<!-- \/ Yoast SEO plugin. -->","yoast_head_json":{"title":"Mg Plus - Aquaforest","description":"Mg Plus: integratore concentrato di magnesio per stabilizzare i parametri dell'acqua. Formula affidabile per la salute dei coralli e la loro corretta crescita.","robots":{"index":"index","follow":"follow","max-snippet":"max-snippet:-1","max-image-preview":"max-image-preview:large","max-video-preview":"max-video-preview:-1"},"canonical":"https:\/\/aquaforest.eu\/it\/products\/lab\/macroelements\/mg-plus\/","og_locale":"it_IT","og_type":"article","og_title":"Mg Plus - Aquaforest","og_description":"Mg Plus: integratore concentrato di magnesio per stabilizzare i parametri dell'acqua. Formula affidabile per la salute dei coralli e la loro corretta crescita.","og_url":"https:\/\/aquaforest.eu\/it\/products\/lab\/macroelements\/mg-plus\/","og_site_name":"Aquaforest","article_publisher":"https:\/\/www.facebook.com\/Aquaforest\/","og_image":[{"width":864,"height":1149,"url":"https:\/\/aquaforest.eu\/wp-content\/uploads\/2024\/12\/AF_Lab_Mg-Plus-1000-ml-e1736494388485.png","type":"image\/png"}],"twitter_card":"summary_large_image","twitter_misc":{"Tempo di lettura stimato":"1 minuto"},"schema":{"@context":"https:\/\/schema.org","@graph":[{"@type":"WebPage","@id":"https:\/\/aquaforest.eu\/it\/products\/lab\/macroelements\/mg-plus\/","url":"https:\/\/aquaforest.eu\/it\/products\/lab\/macroelements\/mg-plus\/","name":"Mg Plus - Aquaforest","isPartOf":{"@id":"https:\/\/aquaforest.eu\/it\/#website"},"primaryImageOfPage":{"@id":"https:\/\/aquaforest.eu\/it\/products\/lab\/macroelements\/mg-plus\/#primaryimage"},"image":{"@id":"https:\/\/aquaforest.eu\/it\/products\/lab\/macroelements\/mg-plus\/#primaryimage"},"thumbnailUrl":"https:\/\/aquaforest.eu\/wp-content\/uploads\/2024\/06\/mg-plus-1000-1.png","datePublished":"2024-06-24T14:19:50+00:00","description":"Mg Plus: integratore concentrato di magnesio per stabilizzare i parametri dell'acqua. Formula affidabile per la salute dei coralli e la loro corretta crescita.","breadcrumb":{"@id":"https:\/\/aquaforest.eu\/it\/products\/lab\/macroelements\/mg-plus\/#breadcrumb"},"inLanguage":"it-IT","potentialAction":[{"@type":"ReadAction","target":["https:\/\/aquaforest.eu\/it\/products\/lab\/macroelements\/mg-plus\/"]}]},{"@type":"ImageObject","inLanguage":"it-IT","@id":"https:\/\/aquaforest.eu\/it\/products\/lab\/macroelements\/mg-plus\/#primaryimage","url":"https:\/\/aquaforest.eu\/wp-content\/uploads\/2024\/06\/mg-plus-1000-1.png","contentUrl":"https:\/\/aquaforest.eu\/wp-content\/uploads\/2024\/06\/mg-plus-1000-1.png","width":519,"height":600},{"@type":"BreadcrumbList","@id":"https:\/\/aquaforest.eu\/it\/products\/lab\/macroelements\/mg-plus\/#breadcrumb","itemListElement":[{"@type":"ListItem","position":1,"name":"Home","item":"https:\/\/aquaforest.eu\/it\/"},{"@type":"ListItem","position":2,"name":"Prodotti","item":"https:\/\/aquaforest.eu\/it\/products\/"},{"@type":"ListItem","position":3,"name":"Mg Plus"}]},{"@type":"WebSite","@id":"https:\/\/aquaforest.eu\/it\/#website","url":"https:\/\/aquaforest.eu\/it\/","name":"Aquaforest","description":"","publisher":{"@id":"https:\/\/aquaforest.eu\/it\/#organization"},"potentialAction":[{"@type":"SearchAction","target":{"@type":"EntryPoint","urlTemplate":"https:\/\/aquaforest.eu\/it\/?s={search_term_string}"},"query-input":{"@type":"PropertyValueSpecification","valueRequired":true,"valueName":"search_term_string"}}],"inLanguage":"it-IT"},{"@type":"Organization","@id":"https:\/\/aquaforest.eu\/it\/#organization","name":"Aquaforest","url":"https:\/\/aquaforest.eu\/it\/","logo":{"@type":"ImageObject","inLanguage":"it-IT","@id":"https:\/\/aquaforest.eu\/it\/#\/schema\/logo\/image\/","url":"https:\/\/aquaforest.eu\/wp-content\/uploads\/2024\/05\/logotyp-aquaforest.svg","contentUrl":"https:\/\/aquaforest.eu\/wp-content\/uploads\/2024\/05\/logotyp-aquaforest.svg","width":170,"height":22,"caption":"Aquaforest"},"image":{"@id":"https:\/\/aquaforest.eu\/it\/#\/schema\/logo\/image\/"},"sameAs":["https:\/\/www.facebook.com\/Aquaforest\/","https:\/\/www.instagram.com\/aquaforest.eu\/"]}]}},"_links":{"self":[{"href":"https:\/\/aquaforest.eu\/it\/wp-json\/wp\/v2\/product\/26851","targetHints":{"allow":["GET"]}}],"collection":[{"href":"https:\/\/aquaforest.eu\/it\/wp-json\/wp\/v2\/product"}],"about":[{"href":"https:\/\/aquaforest.eu\/it\/wp-json\/wp\/v2\/types\/product"}],"version-history":[{"count":0,"href":"https:\/\/aquaforest.eu\/it\/wp-json\/wp\/v2\/product\/26851\/revisions"}],"wp:featuredmedia":[{"embeddable":true,"href":"https:\/\/aquaforest.eu\/it\/wp-json\/wp\/v2\/media\/29922"}],"wp:attachment":[{"href":"https:\/\/aquaforest.eu\/it\/wp-json\/wp\/v2\/media?parent=26851"}],"wp:term":[{"taxonomy":"product_brand","embeddable":true,"href":"https:\/\/aquaforest.eu\/it\/wp-json\/wp\/v2\/product_brand?post=26851"},{"taxonomy":"product_cat","embeddable":true,"href":"https:\/\/aquaforest.eu\/it\/wp-json\/wp\/v2\/product_cat?post=26851"},{"taxonomy":"product_tag","embeddable":true,"href":"https:\/\/aquaforest.eu\/it\/wp-json\/wp\/v2\/product_tag?post=26851"}],"curies":[{"name":"wp","href":"https:\/\/api.w.org\/{rel}","templated":true}]}}