{"id":26857,"date":"2024-06-24T16:24:37","date_gmt":"2024-06-24T14:24:37","guid":{"rendered":"https:\/\/aquaforest.eu\/products\/senza-categoria\/kh-plus\/"},"modified":"2024-06-24T16:24:37","modified_gmt":"2024-06-24T14:24:37","slug":"kh-plus","status":"publish","type":"product","link":"https:\/\/aquaforest.eu\/it\/products\/lab\/macroelements\/kh-plus\/","title":{"rendered":"Kh Plus"},"content":{"rendered":"<p>La soluzione pi\u00f9 concentrata per aumentare la durezza carbonatica negli acquari marini. KH Plus \u00e8 stato creato per contrastare improvvisi cali della durezza carbonatica e per ripristinare l\u2019equilibrio ionico nell\u2019acquario. Il corretto valore degli ioni carbonato \u00e8 necessario per una crescita sana dei coralli e per la costruzione degli scheletri. Grazie alla presenza di ioni carbonato, \u00e8 possibile mantenere stabile il livello di pH.   <\/p>\n<p>&nbsp;<\/p>\n<hr>\n<p>&nbsp;<\/p>\n<p><strong>Dosaggio<\/strong><\/p>\n<p>10 ml di soluzione KH Plus aumentano la durezza carbonatica di 0,5 dKH in 100 l (27 US gal) d\u2019acqua. La dose massima giornaliera \u00e8 di 10 ml per 100 l (27 US gal) d\u2019acqua. La durezza carbonatica in un acquario di barriera dovrebbe essere di circa 6,5\u20138,5 dKH. Non aumentare la durezza oltre 0,5 dKH nelle 24 ore. Assicurarsi che il livello di magnesio sia all\u2019interno dell\u2019intervallo raccomandato prima di tentare di aumentare o regolare i livelli di calcio e alcalinit\u00e0. Si ricorda che la dose massima sicura giornaliera \u00e8 10 ml per 100 litri d\u2019acqua. Se \u00e8 necessaria una dose pi\u00f9 alta, suddividerla in pi\u00f9 giorni.      <\/p>\n","protected":false},"excerpt":{"rendered":"<p>Mg Plus: integratore concentrato di magnesio per stabilizzare i parametri dell&#8217;acqua. Formula affidabile per la salute dei coralli e la loro corretta crescita. <\/p>\n","protected":false},"featured_media":29894,"template":"","meta":{"_acf_changed":false,"content-type":""},"product_brand":[],"product_cat":[1913],"product_tag":[1908,1914,1915],"class_list":{"0":"post-26857","1":"product","2":"type-product","3":"status-publish","4":"has-post-thumbnail","6":"product_cat-macroelements","7":"product_tag-aquaforest-lab","8":"product_tag-macroelements","9":"product_tag-variable","11":"first","12":"instock","13":"taxable","14":"shipping-taxable","15":"purchasable","16":"product-type-variable","17":"has-default-attributes"},"acf":[],"yoast_head":"<!-- This site is optimized with the Yoast SEO plugin v27.1.1 - https:\/\/yoast.com\/product\/yoast-seo-wordpress\/ -->\n<title>Kh Plus - Aquaforest<\/title>\n<meta name=\"description\" content=\"KH Plus di Aquaforest: un preparato per aumentare la durezza carbonatica nell&#039;acquario, favorendo la stabilizzazione del pH e lo sviluppo sano dei coralli.\" \/>\n<meta name=\"robots\" content=\"index, follow, max-snippet:-1, max-image-preview:large, max-video-preview:-1\" \/>\n<link rel=\"canonical\" href=\"https:\/\/aquaforest.eu\/it\/products\/lab\/macroelements\/kh-plus\/\" \/>\n<meta property=\"og:locale\" content=\"it_IT\" \/>\n<meta property=\"og:type\" content=\"article\" \/>\n<meta property=\"og:title\" content=\"Kh Plus - Aquaforest\" \/>\n<meta property=\"og:description\" content=\"KH Plus di Aquaforest: un preparato per aumentare la durezza carbonatica nell&#039;acquario, favorendo la stabilizzazione del pH e lo sviluppo sano dei coralli.\" \/>\n<meta property=\"og:url\" content=\"https:\/\/aquaforest.eu\/it\/products\/lab\/macroelements\/kh-plus\/\" \/>\n<meta property=\"og:site_name\" content=\"Aquaforest\" \/>\n<meta property=\"article:publisher\" content=\"https:\/\/www.facebook.com\/Aquaforest\/\" \/>\n<meta property=\"og:image\" content=\"https:\/\/aquaforest.eu\/wp-content\/uploads\/2024\/06\/AF_Lab_KH-Plus-1000-ml.png\" \/>\n\t<meta property=\"og:image:width\" content=\"236\" \/>\n\t<meta property=\"og:image:height\" content=\"600\" \/>\n\t<meta property=\"og:image:type\" content=\"image\/png\" \/>\n<meta name=\"twitter:card\" content=\"summary_large_image\" \/>\n<meta name=\"twitter:label1\" content=\"Tempo di lettura stimato\" \/>\n\t<meta name=\"twitter:data1\" content=\"1 minuto\" \/>\n<script type=\"application\/ld+json\" class=\"yoast-schema-graph\">{\"@context\":\"https:\/\/schema.org\",\"@graph\":[{\"@type\":\"WebPage\",\"@id\":\"https:\/\/aquaforest.eu\/it\/products\/lab\/macroelements\/kh-plus\/\",\"url\":\"https:\/\/aquaforest.eu\/it\/products\/lab\/macroelements\/kh-plus\/\",\"name\":\"Kh Plus - Aquaforest\",\"isPartOf\":{\"@id\":\"https:\/\/aquaforest.eu\/it\/#website\"},\"primaryImageOfPage\":{\"@id\":\"https:\/\/aquaforest.eu\/it\/products\/lab\/macroelements\/kh-plus\/#primaryimage\"},\"image\":{\"@id\":\"https:\/\/aquaforest.eu\/it\/products\/lab\/macroelements\/kh-plus\/#primaryimage\"},\"thumbnailUrl\":\"https:\/\/aquaforest.eu\/wp-content\/uploads\/2024\/06\/kh-plus-1000.png\",\"datePublished\":\"2024-06-24T14:24:37+00:00\",\"description\":\"KH Plus di Aquaforest: un preparato per aumentare la durezza carbonatica nell'acquario, favorendo la stabilizzazione del pH e lo sviluppo sano dei coralli.\",\"breadcrumb\":{\"@id\":\"https:\/\/aquaforest.eu\/it\/products\/lab\/macroelements\/kh-plus\/#breadcrumb\"},\"inLanguage\":\"it-IT\",\"potentialAction\":[{\"@type\":\"ReadAction\",\"target\":[\"https:\/\/aquaforest.eu\/it\/products\/lab\/macroelements\/kh-plus\/\"]}]},{\"@type\":\"ImageObject\",\"inLanguage\":\"it-IT\",\"@id\":\"https:\/\/aquaforest.eu\/it\/products\/lab\/macroelements\/kh-plus\/#primaryimage\",\"url\":\"https:\/\/aquaforest.eu\/wp-content\/uploads\/2024\/06\/kh-plus-1000.png\",\"contentUrl\":\"https:\/\/aquaforest.eu\/wp-content\/uploads\/2024\/06\/kh-plus-1000.png\",\"width\":519,\"height\":600},{\"@type\":\"BreadcrumbList\",\"@id\":\"https:\/\/aquaforest.eu\/it\/products\/lab\/macroelements\/kh-plus\/#breadcrumb\",\"itemListElement\":[{\"@type\":\"ListItem\",\"position\":1,\"name\":\"Home\",\"item\":\"https:\/\/aquaforest.eu\/it\/\"},{\"@type\":\"ListItem\",\"position\":2,\"name\":\"Prodotti\",\"item\":\"https:\/\/aquaforest.eu\/it\/products\/\"},{\"@type\":\"ListItem\",\"position\":3,\"name\":\"Kh Plus\"}]},{\"@type\":\"WebSite\",\"@id\":\"https:\/\/aquaforest.eu\/it\/#website\",\"url\":\"https:\/\/aquaforest.eu\/it\/\",\"name\":\"Aquaforest\",\"description\":\"\",\"publisher\":{\"@id\":\"https:\/\/aquaforest.eu\/it\/#organization\"},\"potentialAction\":[{\"@type\":\"SearchAction\",\"target\":{\"@type\":\"EntryPoint\",\"urlTemplate\":\"https:\/\/aquaforest.eu\/it\/?s={search_term_string}\"},\"query-input\":{\"@type\":\"PropertyValueSpecification\",\"valueRequired\":true,\"valueName\":\"search_term_string\"}}],\"inLanguage\":\"it-IT\"},{\"@type\":\"Organization\",\"@id\":\"https:\/\/aquaforest.eu\/it\/#organization\",\"name\":\"Aquaforest\",\"url\":\"https:\/\/aquaforest.eu\/it\/\",\"logo\":{\"@type\":\"ImageObject\",\"inLanguage\":\"it-IT\",\"@id\":\"https:\/\/aquaforest.eu\/it\/#\/schema\/logo\/image\/\",\"url\":\"https:\/\/aquaforest.eu\/wp-content\/uploads\/2024\/05\/logotyp-aquaforest.svg\",\"contentUrl\":\"https:\/\/aquaforest.eu\/wp-content\/uploads\/2024\/05\/logotyp-aquaforest.svg\",\"width\":170,\"height\":22,\"caption\":\"Aquaforest\"},\"image\":{\"@id\":\"https:\/\/aquaforest.eu\/it\/#\/schema\/logo\/image\/\"},\"sameAs\":[\"https:\/\/www.facebook.com\/Aquaforest\/\",\"https:\/\/www.instagram.com\/aquaforest.eu\/\"]}]}<\/script>\n<!-- \/ Yoast SEO plugin. -->","yoast_head_json":{"title":"Kh Plus - Aquaforest","description":"KH Plus di Aquaforest: un preparato per aumentare la durezza carbonatica nell'acquario, favorendo la stabilizzazione del pH e lo sviluppo sano dei coralli.","robots":{"index":"index","follow":"follow","max-snippet":"max-snippet:-1","max-image-preview":"max-image-preview:large","max-video-preview":"max-video-preview:-1"},"canonical":"https:\/\/aquaforest.eu\/it\/products\/lab\/macroelements\/kh-plus\/","og_locale":"it_IT","og_type":"article","og_title":"Kh Plus - Aquaforest","og_description":"KH Plus di Aquaforest: un preparato per aumentare la durezza carbonatica nell'acquario, favorendo la stabilizzazione del pH e lo sviluppo sano dei coralli.","og_url":"https:\/\/aquaforest.eu\/it\/products\/lab\/macroelements\/kh-plus\/","og_site_name":"Aquaforest","article_publisher":"https:\/\/www.facebook.com\/Aquaforest\/","og_image":[{"width":236,"height":600,"url":"https:\/\/aquaforest.eu\/wp-content\/uploads\/2024\/06\/AF_Lab_KH-Plus-1000-ml.png","type":"image\/png"}],"twitter_card":"summary_large_image","twitter_misc":{"Tempo di lettura stimato":"1 minuto"},"schema":{"@context":"https:\/\/schema.org","@graph":[{"@type":"WebPage","@id":"https:\/\/aquaforest.eu\/it\/products\/lab\/macroelements\/kh-plus\/","url":"https:\/\/aquaforest.eu\/it\/products\/lab\/macroelements\/kh-plus\/","name":"Kh Plus - Aquaforest","isPartOf":{"@id":"https:\/\/aquaforest.eu\/it\/#website"},"primaryImageOfPage":{"@id":"https:\/\/aquaforest.eu\/it\/products\/lab\/macroelements\/kh-plus\/#primaryimage"},"image":{"@id":"https:\/\/aquaforest.eu\/it\/products\/lab\/macroelements\/kh-plus\/#primaryimage"},"thumbnailUrl":"https:\/\/aquaforest.eu\/wp-content\/uploads\/2024\/06\/kh-plus-1000.png","datePublished":"2024-06-24T14:24:37+00:00","description":"KH Plus di Aquaforest: un preparato per aumentare la durezza carbonatica nell'acquario, favorendo la stabilizzazione del pH e lo sviluppo sano dei coralli.","breadcrumb":{"@id":"https:\/\/aquaforest.eu\/it\/products\/lab\/macroelements\/kh-plus\/#breadcrumb"},"inLanguage":"it-IT","potentialAction":[{"@type":"ReadAction","target":["https:\/\/aquaforest.eu\/it\/products\/lab\/macroelements\/kh-plus\/"]}]},{"@type":"ImageObject","inLanguage":"it-IT","@id":"https:\/\/aquaforest.eu\/it\/products\/lab\/macroelements\/kh-plus\/#primaryimage","url":"https:\/\/aquaforest.eu\/wp-content\/uploads\/2024\/06\/kh-plus-1000.png","contentUrl":"https:\/\/aquaforest.eu\/wp-content\/uploads\/2024\/06\/kh-plus-1000.png","width":519,"height":600},{"@type":"BreadcrumbList","@id":"https:\/\/aquaforest.eu\/it\/products\/lab\/macroelements\/kh-plus\/#breadcrumb","itemListElement":[{"@type":"ListItem","position":1,"name":"Home","item":"https:\/\/aquaforest.eu\/it\/"},{"@type":"ListItem","position":2,"name":"Prodotti","item":"https:\/\/aquaforest.eu\/it\/products\/"},{"@type":"ListItem","position":3,"name":"Kh Plus"}]},{"@type":"WebSite","@id":"https:\/\/aquaforest.eu\/it\/#website","url":"https:\/\/aquaforest.eu\/it\/","name":"Aquaforest","description":"","publisher":{"@id":"https:\/\/aquaforest.eu\/it\/#organization"},"potentialAction":[{"@type":"SearchAction","target":{"@type":"EntryPoint","urlTemplate":"https:\/\/aquaforest.eu\/it\/?s={search_term_string}"},"query-input":{"@type":"PropertyValueSpecification","valueRequired":true,"valueName":"search_term_string"}}],"inLanguage":"it-IT"},{"@type":"Organization","@id":"https:\/\/aquaforest.eu\/it\/#organization","name":"Aquaforest","url":"https:\/\/aquaforest.eu\/it\/","logo":{"@type":"ImageObject","inLanguage":"it-IT","@id":"https:\/\/aquaforest.eu\/it\/#\/schema\/logo\/image\/","url":"https:\/\/aquaforest.eu\/wp-content\/uploads\/2024\/05\/logotyp-aquaforest.svg","contentUrl":"https:\/\/aquaforest.eu\/wp-content\/uploads\/2024\/05\/logotyp-aquaforest.svg","width":170,"height":22,"caption":"Aquaforest"},"image":{"@id":"https:\/\/aquaforest.eu\/it\/#\/schema\/logo\/image\/"},"sameAs":["https:\/\/www.facebook.com\/Aquaforest\/","https:\/\/www.instagram.com\/aquaforest.eu\/"]}]}},"_links":{"self":[{"href":"https:\/\/aquaforest.eu\/it\/wp-json\/wp\/v2\/product\/26857","targetHints":{"allow":["GET"]}}],"collection":[{"href":"https:\/\/aquaforest.eu\/it\/wp-json\/wp\/v2\/product"}],"about":[{"href":"https:\/\/aquaforest.eu\/it\/wp-json\/wp\/v2\/types\/product"}],"version-history":[{"count":0,"href":"https:\/\/aquaforest.eu\/it\/wp-json\/wp\/v2\/product\/26857\/revisions"}],"wp:featuredmedia":[{"embeddable":true,"href":"https:\/\/aquaforest.eu\/it\/wp-json\/wp\/v2\/media\/29894"}],"wp:attachment":[{"href":"https:\/\/aquaforest.eu\/it\/wp-json\/wp\/v2\/media?parent=26857"}],"wp:term":[{"taxonomy":"product_brand","embeddable":true,"href":"https:\/\/aquaforest.eu\/it\/wp-json\/wp\/v2\/product_brand?post=26857"},{"taxonomy":"product_cat","embeddable":true,"href":"https:\/\/aquaforest.eu\/it\/wp-json\/wp\/v2\/product_cat?post=26857"},{"taxonomy":"product_tag","embeddable":true,"href":"https:\/\/aquaforest.eu\/it\/wp-json\/wp\/v2\/product_tag?post=26857"}],"curies":[{"name":"wp","href":"https:\/\/api.w.org\/{rel}","templated":true}]}}