{"id":26863,"date":"2024-06-24T16:31:09","date_gmt":"2024-06-24T14:31:09","guid":{"rendered":"https:\/\/aquaforest.eu\/products\/senza-categoria\/ca-plus\/"},"modified":"2024-06-24T16:31:09","modified_gmt":"2024-06-24T14:31:09","slug":"ca-plus","status":"publish","type":"product","link":"https:\/\/aquaforest.eu\/it\/products\/lab\/macroelements\/ca-plus\/","title":{"rendered":"Ca plus"},"content":{"rendered":"<p>Formula altamente concentrata per aumentare i livelli di calcio negli acquari marini. Ca Plus \u00e8 stato creato per gestire carenze e improvvisi cali dei livelli di calcio. <\/p>\n<p>Grazie alla sua forma altamente assimilabile garantisce un facile aumento dei livelli di calcio nell\u2019acquario. Il calcio \u00e8 necessario per la crescita dei coralli e la sua carenza pu\u00f2 causare un\u2019inibizione significativa o l\u2019arresto della crescita. Ca Plus supporta la calcificazione e favorisce una crescita sana dei coralli. L\u2019efficacia della supplementazione di Ca Plus dipende dal corretto livello di KH, pertanto si raccomanda l\u2019uso di prodotti che aumentano la durezza carbonatica (KH Plus o KH Buffer).   <\/p>\n<p>&nbsp;<\/p>\n<hr>\n<p>&nbsp;<\/p>\n<p><strong>Dosaggio<\/strong><\/p>\n<p>10 ml di prodotto aumentano il livello di calcio di 20 mg\/l (ppm) in 100 litri (27 US gal) d\u2019acqua. Si ricorda che la dose massima sicura giornaliera \u00e8 10 ml per 100 litri d\u2019acqua. Se \u00e8 necessaria una dose pi\u00f9 alta, suddividerla in pi\u00f9 giorni. Livello raccomandato: 380\u2013460 mg\/l (ppm). Consigliamo un dosaggio basato sulle esigenze individuali dell\u2019acquario.    <\/p>\n","protected":false},"excerpt":{"rendered":"<p>Formula altamente concentrata creata per gestire carenze e improvvisi cali dei livelli di calcio.<\/p>\n","protected":false},"featured_media":29874,"template":"","meta":{"_acf_changed":false,"content-type":""},"product_brand":[],"product_cat":[1913],"product_tag":[1908,1914,1915],"class_list":{"0":"post-26863","1":"product","2":"type-product","3":"status-publish","4":"has-post-thumbnail","6":"product_cat-macroelements","7":"product_tag-aquaforest-lab","8":"product_tag-macroelements","9":"product_tag-variable","11":"first","12":"instock","13":"taxable","14":"shipping-taxable","15":"purchasable","16":"product-type-variable","17":"has-default-attributes"},"acf":[],"yoast_head":"<!-- This site is optimized with the Yoast SEO plugin v27.1.1 - https:\/\/yoast.com\/product\/yoast-seo-wordpress\/ -->\n<title>Ca plus - Aquaforest<\/title>\n<meta name=\"description\" content=\"Ca Plus by Aquaforest: an advanced preparation for precisely raising the calcium level in the aquarium. A reliable formula for optimal coral growth and stable water conditions.\" \/>\n<meta name=\"robots\" content=\"index, follow, max-snippet:-1, max-image-preview:large, max-video-preview:-1\" \/>\n<link rel=\"canonical\" href=\"https:\/\/aquaforest.eu\/it\/products\/lab\/macroelements\/ca-plus\/\" \/>\n<meta property=\"og:locale\" content=\"it_IT\" \/>\n<meta property=\"og:type\" content=\"article\" \/>\n<meta property=\"og:title\" content=\"Ca plus - Aquaforest\" \/>\n<meta property=\"og:description\" content=\"Ca Plus by Aquaforest: an advanced preparation for precisely raising the calcium level in the aquarium. A reliable formula for optimal coral growth and stable water conditions.\" \/>\n<meta property=\"og:url\" content=\"https:\/\/aquaforest.eu\/it\/products\/lab\/macroelements\/ca-plus\/\" \/>\n<meta property=\"og:site_name\" content=\"Aquaforest\" \/>\n<meta property=\"article:publisher\" content=\"https:\/\/www.facebook.com\/Aquaforest\/\" \/>\n<meta property=\"og:image\" content=\"https:\/\/aquaforest.eu\/wp-content\/uploads\/2024\/06\/ca-plus-1000.png\" \/>\n\t<meta property=\"og:image:width\" content=\"519\" \/>\n\t<meta property=\"og:image:height\" content=\"600\" \/>\n\t<meta property=\"og:image:type\" content=\"image\/png\" \/>\n<meta name=\"twitter:card\" content=\"summary_large_image\" \/>\n<meta name=\"twitter:label1\" content=\"Tempo di lettura stimato\" \/>\n\t<meta name=\"twitter:data1\" content=\"1 minuto\" \/>\n<script type=\"application\/ld+json\" class=\"yoast-schema-graph\">{\"@context\":\"https:\/\/schema.org\",\"@graph\":[{\"@type\":\"WebPage\",\"@id\":\"https:\/\/aquaforest.eu\/it\/products\/lab\/macroelements\/ca-plus\/\",\"url\":\"https:\/\/aquaforest.eu\/it\/products\/lab\/macroelements\/ca-plus\/\",\"name\":\"Ca plus - Aquaforest\",\"isPartOf\":{\"@id\":\"https:\/\/aquaforest.eu\/it\/#website\"},\"primaryImageOfPage\":{\"@id\":\"https:\/\/aquaforest.eu\/it\/products\/lab\/macroelements\/ca-plus\/#primaryimage\"},\"image\":{\"@id\":\"https:\/\/aquaforest.eu\/it\/products\/lab\/macroelements\/ca-plus\/#primaryimage\"},\"thumbnailUrl\":\"https:\/\/aquaforest.eu\/wp-content\/uploads\/2024\/06\/ca-plus-1000.png\",\"datePublished\":\"2024-06-24T14:31:09+00:00\",\"description\":\"Ca Plus by Aquaforest: an advanced preparation for precisely raising the calcium level in the aquarium. A reliable formula for optimal coral growth and stable water conditions.\",\"breadcrumb\":{\"@id\":\"https:\/\/aquaforest.eu\/it\/products\/lab\/macroelements\/ca-plus\/#breadcrumb\"},\"inLanguage\":\"it-IT\",\"potentialAction\":[{\"@type\":\"ReadAction\",\"target\":[\"https:\/\/aquaforest.eu\/it\/products\/lab\/macroelements\/ca-plus\/\"]}]},{\"@type\":\"ImageObject\",\"inLanguage\":\"it-IT\",\"@id\":\"https:\/\/aquaforest.eu\/it\/products\/lab\/macroelements\/ca-plus\/#primaryimage\",\"url\":\"https:\/\/aquaforest.eu\/wp-content\/uploads\/2024\/06\/ca-plus-1000.png\",\"contentUrl\":\"https:\/\/aquaforest.eu\/wp-content\/uploads\/2024\/06\/ca-plus-1000.png\",\"width\":519,\"height\":600},{\"@type\":\"BreadcrumbList\",\"@id\":\"https:\/\/aquaforest.eu\/it\/products\/lab\/macroelements\/ca-plus\/#breadcrumb\",\"itemListElement\":[{\"@type\":\"ListItem\",\"position\":1,\"name\":\"Home\",\"item\":\"https:\/\/aquaforest.eu\/it\/\"},{\"@type\":\"ListItem\",\"position\":2,\"name\":\"Prodotti\",\"item\":\"https:\/\/aquaforest.eu\/it\/products\/\"},{\"@type\":\"ListItem\",\"position\":3,\"name\":\"Ca plus\"}]},{\"@type\":\"WebSite\",\"@id\":\"https:\/\/aquaforest.eu\/it\/#website\",\"url\":\"https:\/\/aquaforest.eu\/it\/\",\"name\":\"Aquaforest\",\"description\":\"\",\"publisher\":{\"@id\":\"https:\/\/aquaforest.eu\/it\/#organization\"},\"potentialAction\":[{\"@type\":\"SearchAction\",\"target\":{\"@type\":\"EntryPoint\",\"urlTemplate\":\"https:\/\/aquaforest.eu\/it\/?s={search_term_string}\"},\"query-input\":{\"@type\":\"PropertyValueSpecification\",\"valueRequired\":true,\"valueName\":\"search_term_string\"}}],\"inLanguage\":\"it-IT\"},{\"@type\":\"Organization\",\"@id\":\"https:\/\/aquaforest.eu\/it\/#organization\",\"name\":\"Aquaforest\",\"url\":\"https:\/\/aquaforest.eu\/it\/\",\"logo\":{\"@type\":\"ImageObject\",\"inLanguage\":\"it-IT\",\"@id\":\"https:\/\/aquaforest.eu\/it\/#\/schema\/logo\/image\/\",\"url\":\"https:\/\/aquaforest.eu\/wp-content\/uploads\/2024\/05\/logotyp-aquaforest.svg\",\"contentUrl\":\"https:\/\/aquaforest.eu\/wp-content\/uploads\/2024\/05\/logotyp-aquaforest.svg\",\"width\":170,\"height\":22,\"caption\":\"Aquaforest\"},\"image\":{\"@id\":\"https:\/\/aquaforest.eu\/it\/#\/schema\/logo\/image\/\"},\"sameAs\":[\"https:\/\/www.facebook.com\/Aquaforest\/\",\"https:\/\/www.instagram.com\/aquaforest.eu\/\"]}]}<\/script>\n<!-- \/ Yoast SEO plugin. -->","yoast_head_json":{"title":"Ca plus - Aquaforest","description":"Ca Plus by Aquaforest: an advanced preparation for precisely raising the calcium level in the aquarium. A reliable formula for optimal coral growth and stable water conditions.","robots":{"index":"index","follow":"follow","max-snippet":"max-snippet:-1","max-image-preview":"max-image-preview:large","max-video-preview":"max-video-preview:-1"},"canonical":"https:\/\/aquaforest.eu\/it\/products\/lab\/macroelements\/ca-plus\/","og_locale":"it_IT","og_type":"article","og_title":"Ca plus - Aquaforest","og_description":"Ca Plus by Aquaforest: an advanced preparation for precisely raising the calcium level in the aquarium. A reliable formula for optimal coral growth and stable water conditions.","og_url":"https:\/\/aquaforest.eu\/it\/products\/lab\/macroelements\/ca-plus\/","og_site_name":"Aquaforest","article_publisher":"https:\/\/www.facebook.com\/Aquaforest\/","og_image":[{"width":519,"height":600,"url":"https:\/\/aquaforest.eu\/wp-content\/uploads\/2024\/06\/ca-plus-1000.png","type":"image\/png"}],"twitter_card":"summary_large_image","twitter_misc":{"Tempo di lettura stimato":"1 minuto"},"schema":{"@context":"https:\/\/schema.org","@graph":[{"@type":"WebPage","@id":"https:\/\/aquaforest.eu\/it\/products\/lab\/macroelements\/ca-plus\/","url":"https:\/\/aquaforest.eu\/it\/products\/lab\/macroelements\/ca-plus\/","name":"Ca plus - Aquaforest","isPartOf":{"@id":"https:\/\/aquaforest.eu\/it\/#website"},"primaryImageOfPage":{"@id":"https:\/\/aquaforest.eu\/it\/products\/lab\/macroelements\/ca-plus\/#primaryimage"},"image":{"@id":"https:\/\/aquaforest.eu\/it\/products\/lab\/macroelements\/ca-plus\/#primaryimage"},"thumbnailUrl":"https:\/\/aquaforest.eu\/wp-content\/uploads\/2024\/06\/ca-plus-1000.png","datePublished":"2024-06-24T14:31:09+00:00","description":"Ca Plus by Aquaforest: an advanced preparation for precisely raising the calcium level in the aquarium. A reliable formula for optimal coral growth and stable water conditions.","breadcrumb":{"@id":"https:\/\/aquaforest.eu\/it\/products\/lab\/macroelements\/ca-plus\/#breadcrumb"},"inLanguage":"it-IT","potentialAction":[{"@type":"ReadAction","target":["https:\/\/aquaforest.eu\/it\/products\/lab\/macroelements\/ca-plus\/"]}]},{"@type":"ImageObject","inLanguage":"it-IT","@id":"https:\/\/aquaforest.eu\/it\/products\/lab\/macroelements\/ca-plus\/#primaryimage","url":"https:\/\/aquaforest.eu\/wp-content\/uploads\/2024\/06\/ca-plus-1000.png","contentUrl":"https:\/\/aquaforest.eu\/wp-content\/uploads\/2024\/06\/ca-plus-1000.png","width":519,"height":600},{"@type":"BreadcrumbList","@id":"https:\/\/aquaforest.eu\/it\/products\/lab\/macroelements\/ca-plus\/#breadcrumb","itemListElement":[{"@type":"ListItem","position":1,"name":"Home","item":"https:\/\/aquaforest.eu\/it\/"},{"@type":"ListItem","position":2,"name":"Prodotti","item":"https:\/\/aquaforest.eu\/it\/products\/"},{"@type":"ListItem","position":3,"name":"Ca plus"}]},{"@type":"WebSite","@id":"https:\/\/aquaforest.eu\/it\/#website","url":"https:\/\/aquaforest.eu\/it\/","name":"Aquaforest","description":"","publisher":{"@id":"https:\/\/aquaforest.eu\/it\/#organization"},"potentialAction":[{"@type":"SearchAction","target":{"@type":"EntryPoint","urlTemplate":"https:\/\/aquaforest.eu\/it\/?s={search_term_string}"},"query-input":{"@type":"PropertyValueSpecification","valueRequired":true,"valueName":"search_term_string"}}],"inLanguage":"it-IT"},{"@type":"Organization","@id":"https:\/\/aquaforest.eu\/it\/#organization","name":"Aquaforest","url":"https:\/\/aquaforest.eu\/it\/","logo":{"@type":"ImageObject","inLanguage":"it-IT","@id":"https:\/\/aquaforest.eu\/it\/#\/schema\/logo\/image\/","url":"https:\/\/aquaforest.eu\/wp-content\/uploads\/2024\/05\/logotyp-aquaforest.svg","contentUrl":"https:\/\/aquaforest.eu\/wp-content\/uploads\/2024\/05\/logotyp-aquaforest.svg","width":170,"height":22,"caption":"Aquaforest"},"image":{"@id":"https:\/\/aquaforest.eu\/it\/#\/schema\/logo\/image\/"},"sameAs":["https:\/\/www.facebook.com\/Aquaforest\/","https:\/\/www.instagram.com\/aquaforest.eu\/"]}]}},"_links":{"self":[{"href":"https:\/\/aquaforest.eu\/it\/wp-json\/wp\/v2\/product\/26863","targetHints":{"allow":["GET"]}}],"collection":[{"href":"https:\/\/aquaforest.eu\/it\/wp-json\/wp\/v2\/product"}],"about":[{"href":"https:\/\/aquaforest.eu\/it\/wp-json\/wp\/v2\/types\/product"}],"version-history":[{"count":0,"href":"https:\/\/aquaforest.eu\/it\/wp-json\/wp\/v2\/product\/26863\/revisions"}],"wp:featuredmedia":[{"embeddable":true,"href":"https:\/\/aquaforest.eu\/it\/wp-json\/wp\/v2\/media\/29874"}],"wp:attachment":[{"href":"https:\/\/aquaforest.eu\/it\/wp-json\/wp\/v2\/media?parent=26863"}],"wp:term":[{"taxonomy":"product_brand","embeddable":true,"href":"https:\/\/aquaforest.eu\/it\/wp-json\/wp\/v2\/product_brand?post=26863"},{"taxonomy":"product_cat","embeddable":true,"href":"https:\/\/aquaforest.eu\/it\/wp-json\/wp\/v2\/product_cat?post=26863"},{"taxonomy":"product_tag","embeddable":true,"href":"https:\/\/aquaforest.eu\/it\/wp-json\/wp\/v2\/product_tag?post=26863"}],"curies":[{"name":"wp","href":"https:\/\/api.w.org\/{rel}","templated":true}]}}