{"id":26903,"date":"2024-06-24T16:43:14","date_gmt":"2024-06-24T14:43:14","guid":{"rendered":"https:\/\/aquaforest.eu\/products\/senza-categoria\/chromium\/"},"modified":"2024-06-24T16:43:14","modified_gmt":"2024-06-24T14:43:14","slug":"chromium","status":"publish","type":"product","link":"https:\/\/aquaforest.eu\/it\/products\/lab\/microelements\/chromium\/","title":{"rendered":"Chromium"},"content":{"rendered":"<p>Integratore contenente cromo concentrato. \u00c8 un composto naturale dell\u2019acqua marina. In un sistema chiuso di acquario viene rapidamente consumato dagli organismi marini, quindi dovrebbe essere regolarmente integrato. Per mantenere parametri stabili, la concentrazione di cromo dovrebbe essere monitorata sistematicamente.   <\/p>\n<p>&nbsp;<\/p>\n<hr>\n<p>&nbsp;<\/p>\n<p><strong>Dosaggio<\/strong><\/p>\n<p>1 ml di prodotto aumenta il livello di cromo di 0,0005 mg\/l (ppm) in 100 litri (27 US gal) d\u2019acqua. Il livello raccomandato di cromo nell\u2019acqua dell\u2019acquario \u00e8 0,0001\u20130,0004 mg\/l (ppm). Si ricorda che la dose massima sicura giornaliera \u00e8 1 ml per 100 litri d\u2019acqua. Se \u00e8 necessaria una dose pi\u00f9 alta, suddividerla in pi\u00f9 giorni. Il dosaggio dovrebbe basarsi sul consumo di microelementi. Nota che ogni acquario \u00e8 diverso e il dosaggio finale dipende dalla popolazione di coralli e dalle esigenze individuali dell\u2019acquario. Sia la carenza che l\u2019eccesso di micronutrienti influenzeranno gli abitanti dell\u2019acquario, pertanto il dosaggio dovrebbe essere scelto e modificato sulla base di regolari test dell\u2019acqua Aquaforest Lab.      <\/p>\n","protected":false},"excerpt":{"rendered":"<p>Integratore preciso di cromo. Composto naturale dell\u2019acqua marina. Viene rapidamente consumato dagli organismi marini, quindi dovrebbe essere regolarmente integrato.  <\/p>\n","protected":false},"featured_media":26904,"template":"","meta":{"_acf_changed":false,"content-type":""},"product_brand":[],"product_cat":[1916],"product_tag":[1908,1910,1917],"class_list":{"0":"post-26903","1":"product","2":"type-product","3":"status-publish","4":"has-post-thumbnail","6":"product_cat-microelements","7":"product_tag-aquaforest-lab","8":"product_tag-simple","9":"product_tag-trace-elements","11":"first","12":"instock","13":"taxable","14":"shipping-taxable","15":"purchasable","16":"product-type-simple"},"acf":[],"yoast_head":"<!-- This site is optimized with the Yoast SEO plugin v27.1.1 - https:\/\/yoast.com\/product\/yoast-seo-wordpress\/ -->\n<title>Chromium - Aquaforest<\/title>\n<meta name=\"description\" content=\"Chromium: integratore di cromo specifico per aumentare il livello di questo elemento nell&#039;acqua di mare.\" \/>\n<meta name=\"robots\" content=\"index, follow, max-snippet:-1, max-image-preview:large, max-video-preview:-1\" \/>\n<link rel=\"canonical\" href=\"https:\/\/aquaforest.eu\/it\/products\/lab\/microelements\/chromium\/\" \/>\n<meta property=\"og:locale\" content=\"it_IT\" \/>\n<meta property=\"og:type\" content=\"article\" \/>\n<meta property=\"og:title\" content=\"Chromium - Aquaforest\" \/>\n<meta property=\"og:description\" content=\"Chromium: integratore di cromo specifico per aumentare il livello di questo elemento nell&#039;acqua di mare.\" \/>\n<meta property=\"og:url\" content=\"https:\/\/aquaforest.eu\/it\/products\/lab\/microelements\/chromium\/\" \/>\n<meta property=\"og:site_name\" content=\"Aquaforest\" \/>\n<meta property=\"article:publisher\" content=\"https:\/\/www.facebook.com\/Aquaforest\/\" \/>\n<meta property=\"og:image\" content=\"https:\/\/aquaforest.eu\/wp-content\/uploads\/2024\/06\/AF_Lab_Chromium-200-ml.png\" \/>\n\t<meta property=\"og:image:width\" content=\"269\" \/>\n\t<meta property=\"og:image:height\" content=\"600\" \/>\n\t<meta property=\"og:image:type\" content=\"image\/png\" \/>\n<meta name=\"twitter:card\" content=\"summary_large_image\" \/>\n<meta name=\"twitter:label1\" content=\"Tempo di lettura stimato\" \/>\n\t<meta name=\"twitter:data1\" content=\"1 minuto\" \/>\n<script type=\"application\/ld+json\" class=\"yoast-schema-graph\">{\"@context\":\"https:\/\/schema.org\",\"@graph\":[{\"@type\":\"WebPage\",\"@id\":\"https:\/\/aquaforest.eu\/it\/products\/lab\/microelements\/chromium\/\",\"url\":\"https:\/\/aquaforest.eu\/it\/products\/lab\/microelements\/chromium\/\",\"name\":\"Chromium - Aquaforest\",\"isPartOf\":{\"@id\":\"https:\/\/aquaforest.eu\/it\/#website\"},\"primaryImageOfPage\":{\"@id\":\"https:\/\/aquaforest.eu\/it\/products\/lab\/microelements\/chromium\/#primaryimage\"},\"image\":{\"@id\":\"https:\/\/aquaforest.eu\/it\/products\/lab\/microelements\/chromium\/#primaryimage\"},\"thumbnailUrl\":\"https:\/\/aquaforest.eu\/wp-content\/uploads\/2024\/06\/AF_Lab_Chromium-200-ml.png\",\"datePublished\":\"2024-06-24T14:43:14+00:00\",\"description\":\"Chromium: integratore di cromo specifico per aumentare il livello di questo elemento nell'acqua di mare.\",\"breadcrumb\":{\"@id\":\"https:\/\/aquaforest.eu\/it\/products\/lab\/microelements\/chromium\/#breadcrumb\"},\"inLanguage\":\"it-IT\",\"potentialAction\":[{\"@type\":\"ReadAction\",\"target\":[\"https:\/\/aquaforest.eu\/it\/products\/lab\/microelements\/chromium\/\"]}]},{\"@type\":\"ImageObject\",\"inLanguage\":\"it-IT\",\"@id\":\"https:\/\/aquaforest.eu\/it\/products\/lab\/microelements\/chromium\/#primaryimage\",\"url\":\"https:\/\/aquaforest.eu\/wp-content\/uploads\/2024\/06\/AF_Lab_Chromium-200-ml.png\",\"contentUrl\":\"https:\/\/aquaforest.eu\/wp-content\/uploads\/2024\/06\/AF_Lab_Chromium-200-ml.png\",\"width\":269,\"height\":600},{\"@type\":\"BreadcrumbList\",\"@id\":\"https:\/\/aquaforest.eu\/it\/products\/lab\/microelements\/chromium\/#breadcrumb\",\"itemListElement\":[{\"@type\":\"ListItem\",\"position\":1,\"name\":\"Home\",\"item\":\"https:\/\/aquaforest.eu\/it\/\"},{\"@type\":\"ListItem\",\"position\":2,\"name\":\"Prodotti\",\"item\":\"https:\/\/aquaforest.eu\/it\/products\/\"},{\"@type\":\"ListItem\",\"position\":3,\"name\":\"Chromium\"}]},{\"@type\":\"WebSite\",\"@id\":\"https:\/\/aquaforest.eu\/it\/#website\",\"url\":\"https:\/\/aquaforest.eu\/it\/\",\"name\":\"Aquaforest\",\"description\":\"\",\"publisher\":{\"@id\":\"https:\/\/aquaforest.eu\/it\/#organization\"},\"potentialAction\":[{\"@type\":\"SearchAction\",\"target\":{\"@type\":\"EntryPoint\",\"urlTemplate\":\"https:\/\/aquaforest.eu\/it\/?s={search_term_string}\"},\"query-input\":{\"@type\":\"PropertyValueSpecification\",\"valueRequired\":true,\"valueName\":\"search_term_string\"}}],\"inLanguage\":\"it-IT\"},{\"@type\":\"Organization\",\"@id\":\"https:\/\/aquaforest.eu\/it\/#organization\",\"name\":\"Aquaforest\",\"url\":\"https:\/\/aquaforest.eu\/it\/\",\"logo\":{\"@type\":\"ImageObject\",\"inLanguage\":\"it-IT\",\"@id\":\"https:\/\/aquaforest.eu\/it\/#\/schema\/logo\/image\/\",\"url\":\"https:\/\/aquaforest.eu\/wp-content\/uploads\/2024\/05\/logotyp-aquaforest.svg\",\"contentUrl\":\"https:\/\/aquaforest.eu\/wp-content\/uploads\/2024\/05\/logotyp-aquaforest.svg\",\"width\":170,\"height\":22,\"caption\":\"Aquaforest\"},\"image\":{\"@id\":\"https:\/\/aquaforest.eu\/it\/#\/schema\/logo\/image\/\"},\"sameAs\":[\"https:\/\/www.facebook.com\/Aquaforest\/\",\"https:\/\/www.instagram.com\/aquaforest.eu\/\"]}]}<\/script>\n<!-- \/ Yoast SEO plugin. -->","yoast_head_json":{"title":"Chromium - Aquaforest","description":"Chromium: integratore di cromo specifico per aumentare il livello di questo elemento nell'acqua di mare.","robots":{"index":"index","follow":"follow","max-snippet":"max-snippet:-1","max-image-preview":"max-image-preview:large","max-video-preview":"max-video-preview:-1"},"canonical":"https:\/\/aquaforest.eu\/it\/products\/lab\/microelements\/chromium\/","og_locale":"it_IT","og_type":"article","og_title":"Chromium - Aquaforest","og_description":"Chromium: integratore di cromo specifico per aumentare il livello di questo elemento nell'acqua di mare.","og_url":"https:\/\/aquaforest.eu\/it\/products\/lab\/microelements\/chromium\/","og_site_name":"Aquaforest","article_publisher":"https:\/\/www.facebook.com\/Aquaforest\/","og_image":[{"width":269,"height":600,"url":"https:\/\/aquaforest.eu\/wp-content\/uploads\/2024\/06\/AF_Lab_Chromium-200-ml.png","type":"image\/png"}],"twitter_card":"summary_large_image","twitter_misc":{"Tempo di lettura stimato":"1 minuto"},"schema":{"@context":"https:\/\/schema.org","@graph":[{"@type":"WebPage","@id":"https:\/\/aquaforest.eu\/it\/products\/lab\/microelements\/chromium\/","url":"https:\/\/aquaforest.eu\/it\/products\/lab\/microelements\/chromium\/","name":"Chromium - Aquaforest","isPartOf":{"@id":"https:\/\/aquaforest.eu\/it\/#website"},"primaryImageOfPage":{"@id":"https:\/\/aquaforest.eu\/it\/products\/lab\/microelements\/chromium\/#primaryimage"},"image":{"@id":"https:\/\/aquaforest.eu\/it\/products\/lab\/microelements\/chromium\/#primaryimage"},"thumbnailUrl":"https:\/\/aquaforest.eu\/wp-content\/uploads\/2024\/06\/AF_Lab_Chromium-200-ml.png","datePublished":"2024-06-24T14:43:14+00:00","description":"Chromium: integratore di cromo specifico per aumentare il livello di questo elemento nell'acqua di mare.","breadcrumb":{"@id":"https:\/\/aquaforest.eu\/it\/products\/lab\/microelements\/chromium\/#breadcrumb"},"inLanguage":"it-IT","potentialAction":[{"@type":"ReadAction","target":["https:\/\/aquaforest.eu\/it\/products\/lab\/microelements\/chromium\/"]}]},{"@type":"ImageObject","inLanguage":"it-IT","@id":"https:\/\/aquaforest.eu\/it\/products\/lab\/microelements\/chromium\/#primaryimage","url":"https:\/\/aquaforest.eu\/wp-content\/uploads\/2024\/06\/AF_Lab_Chromium-200-ml.png","contentUrl":"https:\/\/aquaforest.eu\/wp-content\/uploads\/2024\/06\/AF_Lab_Chromium-200-ml.png","width":269,"height":600},{"@type":"BreadcrumbList","@id":"https:\/\/aquaforest.eu\/it\/products\/lab\/microelements\/chromium\/#breadcrumb","itemListElement":[{"@type":"ListItem","position":1,"name":"Home","item":"https:\/\/aquaforest.eu\/it\/"},{"@type":"ListItem","position":2,"name":"Prodotti","item":"https:\/\/aquaforest.eu\/it\/products\/"},{"@type":"ListItem","position":3,"name":"Chromium"}]},{"@type":"WebSite","@id":"https:\/\/aquaforest.eu\/it\/#website","url":"https:\/\/aquaforest.eu\/it\/","name":"Aquaforest","description":"","publisher":{"@id":"https:\/\/aquaforest.eu\/it\/#organization"},"potentialAction":[{"@type":"SearchAction","target":{"@type":"EntryPoint","urlTemplate":"https:\/\/aquaforest.eu\/it\/?s={search_term_string}"},"query-input":{"@type":"PropertyValueSpecification","valueRequired":true,"valueName":"search_term_string"}}],"inLanguage":"it-IT"},{"@type":"Organization","@id":"https:\/\/aquaforest.eu\/it\/#organization","name":"Aquaforest","url":"https:\/\/aquaforest.eu\/it\/","logo":{"@type":"ImageObject","inLanguage":"it-IT","@id":"https:\/\/aquaforest.eu\/it\/#\/schema\/logo\/image\/","url":"https:\/\/aquaforest.eu\/wp-content\/uploads\/2024\/05\/logotyp-aquaforest.svg","contentUrl":"https:\/\/aquaforest.eu\/wp-content\/uploads\/2024\/05\/logotyp-aquaforest.svg","width":170,"height":22,"caption":"Aquaforest"},"image":{"@id":"https:\/\/aquaforest.eu\/it\/#\/schema\/logo\/image\/"},"sameAs":["https:\/\/www.facebook.com\/Aquaforest\/","https:\/\/www.instagram.com\/aquaforest.eu\/"]}]}},"_links":{"self":[{"href":"https:\/\/aquaforest.eu\/it\/wp-json\/wp\/v2\/product\/26903","targetHints":{"allow":["GET"]}}],"collection":[{"href":"https:\/\/aquaforest.eu\/it\/wp-json\/wp\/v2\/product"}],"about":[{"href":"https:\/\/aquaforest.eu\/it\/wp-json\/wp\/v2\/types\/product"}],"version-history":[{"count":0,"href":"https:\/\/aquaforest.eu\/it\/wp-json\/wp\/v2\/product\/26903\/revisions"}],"wp:featuredmedia":[{"embeddable":true,"href":"https:\/\/aquaforest.eu\/it\/wp-json\/wp\/v2\/media\/26904"}],"wp:attachment":[{"href":"https:\/\/aquaforest.eu\/it\/wp-json\/wp\/v2\/media?parent=26903"}],"wp:term":[{"taxonomy":"product_brand","embeddable":true,"href":"https:\/\/aquaforest.eu\/it\/wp-json\/wp\/v2\/product_brand?post=26903"},{"taxonomy":"product_cat","embeddable":true,"href":"https:\/\/aquaforest.eu\/it\/wp-json\/wp\/v2\/product_cat?post=26903"},{"taxonomy":"product_tag","embeddable":true,"href":"https:\/\/aquaforest.eu\/it\/wp-json\/wp\/v2\/product_tag?post=26903"}],"curies":[{"name":"wp","href":"https:\/\/api.w.org\/{rel}","templated":true}]}}