{"id":26905,"date":"2024-06-24T16:43:14","date_gmt":"2024-06-24T14:43:14","guid":{"rendered":"https:\/\/aquaforest.eu\/products\/senza-categoria\/bromium\/"},"modified":"2024-06-24T16:43:14","modified_gmt":"2024-06-24T14:43:14","slug":"bromium","status":"publish","type":"product","link":"https:\/\/aquaforest.eu\/it\/products\/lab\/microelements\/bromium\/","title":{"rendered":"Bromium"},"content":{"rendered":"<p>L\u2019acqua marina naturale \u00e8 composta da migliaia di composti chimici e da quasi tutti gli elementi presenti sul pianeta. Questa miscela unica fornisce agli abitanti della barriera corallina condizioni perfette per lo sviluppo. Tra i numerosi micronutrienti presenti nell\u2019acqua c\u2019\u00e8, tra gli altri, il bromo.  <\/p>\n<p>Il bromo stimola gli organismi marini a produrre sostanze che li proteggono dai predatori. Nei sistemi chiusi degli acquari marini, il bromo viene regolarmente consumato dagli abitanti della barriera. Come per la maggior parte dei micronutrienti, le sue carenze portano al deterioramento della salute degli abitanti dell\u2019acquario, quindi si consiglia di effettuare regolari test dell\u2019acqua e, se necessario, integrarlo.  <\/p>\n<p>&nbsp;<\/p>\n<hr>\n<p>&nbsp;<\/p>\n<ul>\n<li>Aiuta a mantenere la corretta concentrazione di bromo<\/li>\n<li>Prodotto in un laboratorio altamente avanzato<\/li>\n<li>Ha un effetto positivo sullo sviluppo dei coralli<\/li>\n<li>Facile da usare ed estremamente efficiente<\/li>\n<li>Stimola la produzione di enzimi importanti<\/li>\n<\/ul>\n<p>&nbsp;<\/p>\n<hr>\n<p>&nbsp;<\/p>\n<p><strong>Dosaggio<\/strong><\/p>\n<p>10 ml di prodotto aumentano il livello di bromo di 10 mg\/l (ppm) in 100 litri (27 US gal) d\u2019acqua. Il livello raccomandato di bromo nell\u2019acqua dell\u2019acquario \u00e8 55,00\u201374,00 mg\/l (ppm). Il dosaggio dovrebbe basarsi sul consumo di microelementi. Si ricorda che la dose massima sicura giornaliera \u00e8 10 ml per 100 litri d\u2019acqua. Se \u00e8 necessaria una dose pi\u00f9 alta, suddividerla in pi\u00f9 giorni. Nota che ogni acquario \u00e8 diverso e il dosaggio finale dipende dalla popolazione di coralli e dalle esigenze individuali dell\u2019acquario. Sia la carenza che l\u2019eccesso di micronutrienti influenzeranno gli abitanti dell\u2019acquario, pertanto il dosaggio dovrebbe essere scelto e modificato sulla base di regolari test dell\u2019acqua Aquaforest Lab.     Nota che ogni acquario \u00e8 diverso e il dosaggio finale dipende dalla popolazione di coralli e dalle esigenze individuali dell\u2019acquario. Sia la carenza che l\u2019eccesso di micronutrienti influenzeranno gli abitanti dell\u2019acquario, pertanto il dosaggio dovrebbe essere scelto e modificato sulla base di regolari test dell\u2019acqua Aquaforest Lab. <\/p>\n","protected":false},"excerpt":{"rendered":"<p>Integratore concentrato di bromo. Stimola gli organismi marini a produrre sostanze che li proteggono dai predatori. <\/p>\n","protected":false},"featured_media":29721,"template":"","meta":{"_acf_changed":false,"content-type":""},"product_brand":[],"product_cat":[1916],"product_tag":[1908,1910,1917],"class_list":{"0":"post-26905","1":"product","2":"type-product","3":"status-publish","4":"has-post-thumbnail","6":"product_cat-microelements","7":"product_tag-aquaforest-lab","8":"product_tag-simple","9":"product_tag-trace-elements","11":"first","12":"instock","13":"taxable","14":"shipping-taxable","15":"purchasable","16":"product-type-simple"},"acf":[],"yoast_head":"<!-- This site is optimized with the Yoast SEO plugin v27.1.1 - https:\/\/yoast.com\/product\/yoast-seo-wordpress\/ -->\n<title>Bromium - Aquaforest<\/title>\n<meta name=\"description\" content=\"Bromium: integratore concentrato di bromo per aumentare il livello di ferro nell&#039;acqua di mare.\" \/>\n<meta name=\"robots\" content=\"index, follow, max-snippet:-1, max-image-preview:large, max-video-preview:-1\" \/>\n<link rel=\"canonical\" href=\"https:\/\/aquaforest.eu\/it\/products\/lab\/microelements\/bromium\/\" \/>\n<meta property=\"og:locale\" content=\"it_IT\" \/>\n<meta property=\"og:type\" content=\"article\" \/>\n<meta property=\"og:title\" content=\"Bromium - Aquaforest\" \/>\n<meta property=\"og:description\" content=\"Bromium: integratore concentrato di bromo per aumentare il livello di ferro nell&#039;acqua di mare.\" \/>\n<meta property=\"og:url\" content=\"https:\/\/aquaforest.eu\/it\/products\/lab\/microelements\/bromium\/\" \/>\n<meta property=\"og:site_name\" content=\"Aquaforest\" \/>\n<meta property=\"article:publisher\" content=\"https:\/\/www.facebook.com\/Aquaforest\/\" \/>\n<meta property=\"og:image\" content=\"https:\/\/aquaforest.eu\/wp-content\/uploads\/2024\/06\/bromium-1000.png\" \/>\n\t<meta property=\"og:image:width\" content=\"236\" \/>\n\t<meta property=\"og:image:height\" content=\"600\" \/>\n\t<meta property=\"og:image:type\" content=\"image\/png\" \/>\n<meta name=\"twitter:card\" content=\"summary_large_image\" \/>\n<meta name=\"twitter:label1\" content=\"Tempo di lettura stimato\" \/>\n\t<meta name=\"twitter:data1\" content=\"2 minuti\" \/>\n<script type=\"application\/ld+json\" class=\"yoast-schema-graph\">{\"@context\":\"https:\/\/schema.org\",\"@graph\":[{\"@type\":\"WebPage\",\"@id\":\"https:\/\/aquaforest.eu\/it\/products\/lab\/microelements\/bromium\/\",\"url\":\"https:\/\/aquaforest.eu\/it\/products\/lab\/microelements\/bromium\/\",\"name\":\"Bromium - Aquaforest\",\"isPartOf\":{\"@id\":\"https:\/\/aquaforest.eu\/it\/#website\"},\"primaryImageOfPage\":{\"@id\":\"https:\/\/aquaforest.eu\/it\/products\/lab\/microelements\/bromium\/#primaryimage\"},\"image\":{\"@id\":\"https:\/\/aquaforest.eu\/it\/products\/lab\/microelements\/bromium\/#primaryimage\"},\"thumbnailUrl\":\"https:\/\/aquaforest.eu\/wp-content\/uploads\/2024\/06\/bromium-1000.png\",\"datePublished\":\"2024-06-24T14:43:14+00:00\",\"description\":\"Bromium: integratore concentrato di bromo per aumentare il livello di ferro nell'acqua di mare.\",\"breadcrumb\":{\"@id\":\"https:\/\/aquaforest.eu\/it\/products\/lab\/microelements\/bromium\/#breadcrumb\"},\"inLanguage\":\"it-IT\",\"potentialAction\":[{\"@type\":\"ReadAction\",\"target\":[\"https:\/\/aquaforest.eu\/it\/products\/lab\/microelements\/bromium\/\"]}]},{\"@type\":\"ImageObject\",\"inLanguage\":\"it-IT\",\"@id\":\"https:\/\/aquaforest.eu\/it\/products\/lab\/microelements\/bromium\/#primaryimage\",\"url\":\"https:\/\/aquaforest.eu\/wp-content\/uploads\/2024\/06\/bromium-1000.png\",\"contentUrl\":\"https:\/\/aquaforest.eu\/wp-content\/uploads\/2024\/06\/bromium-1000.png\",\"width\":236,\"height\":600},{\"@type\":\"BreadcrumbList\",\"@id\":\"https:\/\/aquaforest.eu\/it\/products\/lab\/microelements\/bromium\/#breadcrumb\",\"itemListElement\":[{\"@type\":\"ListItem\",\"position\":1,\"name\":\"Home\",\"item\":\"https:\/\/aquaforest.eu\/it\/\"},{\"@type\":\"ListItem\",\"position\":2,\"name\":\"Prodotti\",\"item\":\"https:\/\/aquaforest.eu\/it\/products\/\"},{\"@type\":\"ListItem\",\"position\":3,\"name\":\"Bromium\"}]},{\"@type\":\"WebSite\",\"@id\":\"https:\/\/aquaforest.eu\/it\/#website\",\"url\":\"https:\/\/aquaforest.eu\/it\/\",\"name\":\"Aquaforest\",\"description\":\"\",\"publisher\":{\"@id\":\"https:\/\/aquaforest.eu\/it\/#organization\"},\"potentialAction\":[{\"@type\":\"SearchAction\",\"target\":{\"@type\":\"EntryPoint\",\"urlTemplate\":\"https:\/\/aquaforest.eu\/it\/?s={search_term_string}\"},\"query-input\":{\"@type\":\"PropertyValueSpecification\",\"valueRequired\":true,\"valueName\":\"search_term_string\"}}],\"inLanguage\":\"it-IT\"},{\"@type\":\"Organization\",\"@id\":\"https:\/\/aquaforest.eu\/it\/#organization\",\"name\":\"Aquaforest\",\"url\":\"https:\/\/aquaforest.eu\/it\/\",\"logo\":{\"@type\":\"ImageObject\",\"inLanguage\":\"it-IT\",\"@id\":\"https:\/\/aquaforest.eu\/it\/#\/schema\/logo\/image\/\",\"url\":\"https:\/\/aquaforest.eu\/wp-content\/uploads\/2024\/05\/logotyp-aquaforest.svg\",\"contentUrl\":\"https:\/\/aquaforest.eu\/wp-content\/uploads\/2024\/05\/logotyp-aquaforest.svg\",\"width\":170,\"height\":22,\"caption\":\"Aquaforest\"},\"image\":{\"@id\":\"https:\/\/aquaforest.eu\/it\/#\/schema\/logo\/image\/\"},\"sameAs\":[\"https:\/\/www.facebook.com\/Aquaforest\/\",\"https:\/\/www.instagram.com\/aquaforest.eu\/\"]}]}<\/script>\n<!-- \/ Yoast SEO plugin. -->","yoast_head_json":{"title":"Bromium - Aquaforest","description":"Bromium: integratore concentrato di bromo per aumentare il livello di ferro nell'acqua di mare.","robots":{"index":"index","follow":"follow","max-snippet":"max-snippet:-1","max-image-preview":"max-image-preview:large","max-video-preview":"max-video-preview:-1"},"canonical":"https:\/\/aquaforest.eu\/it\/products\/lab\/microelements\/bromium\/","og_locale":"it_IT","og_type":"article","og_title":"Bromium - Aquaforest","og_description":"Bromium: integratore concentrato di bromo per aumentare il livello di ferro nell'acqua di mare.","og_url":"https:\/\/aquaforest.eu\/it\/products\/lab\/microelements\/bromium\/","og_site_name":"Aquaforest","article_publisher":"https:\/\/www.facebook.com\/Aquaforest\/","og_image":[{"width":236,"height":600,"url":"https:\/\/aquaforest.eu\/wp-content\/uploads\/2024\/06\/bromium-1000.png","type":"image\/png"}],"twitter_card":"summary_large_image","twitter_misc":{"Tempo di lettura stimato":"2 minuti"},"schema":{"@context":"https:\/\/schema.org","@graph":[{"@type":"WebPage","@id":"https:\/\/aquaforest.eu\/it\/products\/lab\/microelements\/bromium\/","url":"https:\/\/aquaforest.eu\/it\/products\/lab\/microelements\/bromium\/","name":"Bromium - Aquaforest","isPartOf":{"@id":"https:\/\/aquaforest.eu\/it\/#website"},"primaryImageOfPage":{"@id":"https:\/\/aquaforest.eu\/it\/products\/lab\/microelements\/bromium\/#primaryimage"},"image":{"@id":"https:\/\/aquaforest.eu\/it\/products\/lab\/microelements\/bromium\/#primaryimage"},"thumbnailUrl":"https:\/\/aquaforest.eu\/wp-content\/uploads\/2024\/06\/bromium-1000.png","datePublished":"2024-06-24T14:43:14+00:00","description":"Bromium: integratore concentrato di bromo per aumentare il livello di ferro nell'acqua di mare.","breadcrumb":{"@id":"https:\/\/aquaforest.eu\/it\/products\/lab\/microelements\/bromium\/#breadcrumb"},"inLanguage":"it-IT","potentialAction":[{"@type":"ReadAction","target":["https:\/\/aquaforest.eu\/it\/products\/lab\/microelements\/bromium\/"]}]},{"@type":"ImageObject","inLanguage":"it-IT","@id":"https:\/\/aquaforest.eu\/it\/products\/lab\/microelements\/bromium\/#primaryimage","url":"https:\/\/aquaforest.eu\/wp-content\/uploads\/2024\/06\/bromium-1000.png","contentUrl":"https:\/\/aquaforest.eu\/wp-content\/uploads\/2024\/06\/bromium-1000.png","width":236,"height":600},{"@type":"BreadcrumbList","@id":"https:\/\/aquaforest.eu\/it\/products\/lab\/microelements\/bromium\/#breadcrumb","itemListElement":[{"@type":"ListItem","position":1,"name":"Home","item":"https:\/\/aquaforest.eu\/it\/"},{"@type":"ListItem","position":2,"name":"Prodotti","item":"https:\/\/aquaforest.eu\/it\/products\/"},{"@type":"ListItem","position":3,"name":"Bromium"}]},{"@type":"WebSite","@id":"https:\/\/aquaforest.eu\/it\/#website","url":"https:\/\/aquaforest.eu\/it\/","name":"Aquaforest","description":"","publisher":{"@id":"https:\/\/aquaforest.eu\/it\/#organization"},"potentialAction":[{"@type":"SearchAction","target":{"@type":"EntryPoint","urlTemplate":"https:\/\/aquaforest.eu\/it\/?s={search_term_string}"},"query-input":{"@type":"PropertyValueSpecification","valueRequired":true,"valueName":"search_term_string"}}],"inLanguage":"it-IT"},{"@type":"Organization","@id":"https:\/\/aquaforest.eu\/it\/#organization","name":"Aquaforest","url":"https:\/\/aquaforest.eu\/it\/","logo":{"@type":"ImageObject","inLanguage":"it-IT","@id":"https:\/\/aquaforest.eu\/it\/#\/schema\/logo\/image\/","url":"https:\/\/aquaforest.eu\/wp-content\/uploads\/2024\/05\/logotyp-aquaforest.svg","contentUrl":"https:\/\/aquaforest.eu\/wp-content\/uploads\/2024\/05\/logotyp-aquaforest.svg","width":170,"height":22,"caption":"Aquaforest"},"image":{"@id":"https:\/\/aquaforest.eu\/it\/#\/schema\/logo\/image\/"},"sameAs":["https:\/\/www.facebook.com\/Aquaforest\/","https:\/\/www.instagram.com\/aquaforest.eu\/"]}]}},"_links":{"self":[{"href":"https:\/\/aquaforest.eu\/it\/wp-json\/wp\/v2\/product\/26905","targetHints":{"allow":["GET"]}}],"collection":[{"href":"https:\/\/aquaforest.eu\/it\/wp-json\/wp\/v2\/product"}],"about":[{"href":"https:\/\/aquaforest.eu\/it\/wp-json\/wp\/v2\/types\/product"}],"version-history":[{"count":0,"href":"https:\/\/aquaforest.eu\/it\/wp-json\/wp\/v2\/product\/26905\/revisions"}],"wp:featuredmedia":[{"embeddable":true,"href":"https:\/\/aquaforest.eu\/it\/wp-json\/wp\/v2\/media\/29721"}],"wp:attachment":[{"href":"https:\/\/aquaforest.eu\/it\/wp-json\/wp\/v2\/media?parent=26905"}],"wp:term":[{"taxonomy":"product_brand","embeddable":true,"href":"https:\/\/aquaforest.eu\/it\/wp-json\/wp\/v2\/product_brand?post=26905"},{"taxonomy":"product_cat","embeddable":true,"href":"https:\/\/aquaforest.eu\/it\/wp-json\/wp\/v2\/product_cat?post=26905"},{"taxonomy":"product_tag","embeddable":true,"href":"https:\/\/aquaforest.eu\/it\/wp-json\/wp\/v2\/product_tag?post=26905"}],"curies":[{"name":"wp","href":"https:\/\/api.w.org\/{rel}","templated":true}]}}