{"id":26943,"date":"2024-06-25T00:08:22","date_gmt":"2024-06-24T22:08:22","guid":{"rendered":"https:\/\/aquaforest.eu\/products\/senza-categoria\/af-zeolith\/"},"modified":"2024-06-25T00:08:22","modified_gmt":"2024-06-24T22:08:22","slug":"af-zeolith","status":"publish","type":"product","link":"https:\/\/aquaforest.eu\/it\/products\/freshwater\/water-treatment-freshwater\/af-zeolith\/","title":{"rendered":"AF Zeolith"},"content":{"rendered":"<h4>Informazioni sul prodotto:<\/h4>\n<p>Miscela della pi\u00f9 alta qualit\u00e0 di zeoliti appositamente selezionate. Assorbe efficacemente ammoniaca e ioni ammonio. Grazie alle sue capacit\u00e0 e propriet\u00e0 uniche, lega fenoli e metalli pesanti, migliorando significativamente la chiarezza dell\u2019acqua. Assorbe e lega gli inquinanti chimici creando un ambiente perfetto per gli abitanti dell\u2019acquario.   <\/p>\n<h4>Modalit\u00e0 d\u2019uso:<\/h4>\n<p>Inserire la quantit\u00e0 necessaria nel cestello del filtro. Si consiglia di sostituire il materiale ogni 6 settimane. Rendimento: 500 ml\/100 litri. A causa dell\u2019elevata capacit\u00e0 di adsorbimento, si raccomanda un uso prudente di AF Zeolith e una regolare osservazione dell\u2019acquario. Un eccesso di zeolite pu\u00f2 causare la sterilizzazione dell\u2019acqua, il che pu\u00f2 comportare un aumento della necessit\u00e0 di fertilizzanti.    <\/p>\n","protected":false},"excerpt":{"rendered":"<p>Miscela di zeoliti di qualit\u00e0 selezionate per adsorbire ammoniaca e ioni ammonio.<\/p>\n","protected":false},"featured_media":26931,"template":"","meta":{"_acf_changed":false,"content-type":""},"product_brand":[],"product_cat":[1921],"product_tag":[1920,1919,1910],"class_list":{"0":"post-26943","1":"product","2":"type-product","3":"status-publish","4":"has-post-thumbnail","6":"product_cat-water-treatment-freshwater","7":"product_tag-aquaforest","8":"product_tag-freshwater-aquatics","9":"product_tag-simple","11":"first","12":"instock","13":"taxable","14":"shipping-taxable","15":"purchasable","16":"product-type-simple"},"acf":[],"yoast_head":"<!-- This site is optimized with the Yoast SEO plugin v27.1.1 - https:\/\/yoast.com\/product\/yoast-seo-wordpress\/ -->\n<title>AF Zeolith - Aquaforest<\/title>\n<meta name=\"description\" content=\"AF Zeolith: zeolite efficace per la filtrazione negli acquari d&#039;acqua dolce. Una formula unica per eliminare le sostanze tossiche e migliorare la qualit\u00e0 dell&#039;acqua.\" \/>\n<meta name=\"robots\" content=\"index, follow, max-snippet:-1, max-image-preview:large, max-video-preview:-1\" \/>\n<link rel=\"canonical\" href=\"https:\/\/aquaforest.eu\/it\/products\/freshwater\/water-treatment-freshwater\/af-zeolith\/\" \/>\n<meta property=\"og:locale\" content=\"it_IT\" \/>\n<meta property=\"og:type\" content=\"article\" \/>\n<meta property=\"og:title\" content=\"AF Zeolith - Aquaforest\" \/>\n<meta property=\"og:description\" content=\"AF Zeolith: zeolite efficace per la filtrazione negli acquari d&#039;acqua dolce. Una formula unica per eliminare le sostanze tossiche e migliorare la qualit\u00e0 dell&#039;acqua.\" \/>\n<meta property=\"og:url\" content=\"https:\/\/aquaforest.eu\/it\/products\/freshwater\/water-treatment-freshwater\/af-zeolith\/\" \/>\n<meta property=\"og:site_name\" content=\"Aquaforest\" \/>\n<meta property=\"article:publisher\" content=\"https:\/\/www.facebook.com\/Aquaforest\/\" \/>\n<meta property=\"og:image\" content=\"https:\/\/aquaforest.eu\/wp-content\/uploads\/2024\/06\/AF_Zeolith.png\" \/>\n\t<meta property=\"og:image:width\" content=\"419\" \/>\n\t<meta property=\"og:image:height\" content=\"600\" \/>\n\t<meta property=\"og:image:type\" content=\"image\/png\" \/>\n<meta name=\"twitter:card\" content=\"summary_large_image\" \/>\n<meta name=\"twitter:label1\" content=\"Tempo di lettura stimato\" \/>\n\t<meta name=\"twitter:data1\" content=\"1 minuto\" \/>\n<script type=\"application\/ld+json\" class=\"yoast-schema-graph\">{\"@context\":\"https:\/\/schema.org\",\"@graph\":[{\"@type\":\"WebPage\",\"@id\":\"https:\/\/aquaforest.eu\/it\/products\/freshwater\/water-treatment-freshwater\/af-zeolith\/\",\"url\":\"https:\/\/aquaforest.eu\/it\/products\/freshwater\/water-treatment-freshwater\/af-zeolith\/\",\"name\":\"AF Zeolith - Aquaforest\",\"isPartOf\":{\"@id\":\"https:\/\/aquaforest.eu\/it\/#website\"},\"primaryImageOfPage\":{\"@id\":\"https:\/\/aquaforest.eu\/it\/products\/freshwater\/water-treatment-freshwater\/af-zeolith\/#primaryimage\"},\"image\":{\"@id\":\"https:\/\/aquaforest.eu\/it\/products\/freshwater\/water-treatment-freshwater\/af-zeolith\/#primaryimage\"},\"thumbnailUrl\":\"https:\/\/aquaforest.eu\/wp-content\/uploads\/2024\/06\/AF_Zeolith.png\",\"datePublished\":\"2024-06-24T22:08:22+00:00\",\"description\":\"AF Zeolith: zeolite efficace per la filtrazione negli acquari d'acqua dolce. Una formula unica per eliminare le sostanze tossiche e migliorare la qualit\u00e0 dell'acqua.\",\"breadcrumb\":{\"@id\":\"https:\/\/aquaforest.eu\/it\/products\/freshwater\/water-treatment-freshwater\/af-zeolith\/#breadcrumb\"},\"inLanguage\":\"it-IT\",\"potentialAction\":[{\"@type\":\"ReadAction\",\"target\":[\"https:\/\/aquaforest.eu\/it\/products\/freshwater\/water-treatment-freshwater\/af-zeolith\/\"]}]},{\"@type\":\"ImageObject\",\"inLanguage\":\"it-IT\",\"@id\":\"https:\/\/aquaforest.eu\/it\/products\/freshwater\/water-treatment-freshwater\/af-zeolith\/#primaryimage\",\"url\":\"https:\/\/aquaforest.eu\/wp-content\/uploads\/2024\/06\/AF_Zeolith.png\",\"contentUrl\":\"https:\/\/aquaforest.eu\/wp-content\/uploads\/2024\/06\/AF_Zeolith.png\",\"width\":419,\"height\":600},{\"@type\":\"BreadcrumbList\",\"@id\":\"https:\/\/aquaforest.eu\/it\/products\/freshwater\/water-treatment-freshwater\/af-zeolith\/#breadcrumb\",\"itemListElement\":[{\"@type\":\"ListItem\",\"position\":1,\"name\":\"Home\",\"item\":\"https:\/\/aquaforest.eu\/it\/\"},{\"@type\":\"ListItem\",\"position\":2,\"name\":\"Prodotti\",\"item\":\"https:\/\/aquaforest.eu\/it\/products\/\"},{\"@type\":\"ListItem\",\"position\":3,\"name\":\"AF Zeolith\"}]},{\"@type\":\"WebSite\",\"@id\":\"https:\/\/aquaforest.eu\/it\/#website\",\"url\":\"https:\/\/aquaforest.eu\/it\/\",\"name\":\"Aquaforest\",\"description\":\"\",\"publisher\":{\"@id\":\"https:\/\/aquaforest.eu\/it\/#organization\"},\"potentialAction\":[{\"@type\":\"SearchAction\",\"target\":{\"@type\":\"EntryPoint\",\"urlTemplate\":\"https:\/\/aquaforest.eu\/it\/?s={search_term_string}\"},\"query-input\":{\"@type\":\"PropertyValueSpecification\",\"valueRequired\":true,\"valueName\":\"search_term_string\"}}],\"inLanguage\":\"it-IT\"},{\"@type\":\"Organization\",\"@id\":\"https:\/\/aquaforest.eu\/it\/#organization\",\"name\":\"Aquaforest\",\"url\":\"https:\/\/aquaforest.eu\/it\/\",\"logo\":{\"@type\":\"ImageObject\",\"inLanguage\":\"it-IT\",\"@id\":\"https:\/\/aquaforest.eu\/it\/#\/schema\/logo\/image\/\",\"url\":\"https:\/\/aquaforest.eu\/wp-content\/uploads\/2024\/05\/logotyp-aquaforest.svg\",\"contentUrl\":\"https:\/\/aquaforest.eu\/wp-content\/uploads\/2024\/05\/logotyp-aquaforest.svg\",\"width\":170,\"height\":22,\"caption\":\"Aquaforest\"},\"image\":{\"@id\":\"https:\/\/aquaforest.eu\/it\/#\/schema\/logo\/image\/\"},\"sameAs\":[\"https:\/\/www.facebook.com\/Aquaforest\/\",\"https:\/\/www.instagram.com\/aquaforest.eu\/\"]}]}<\/script>\n<!-- \/ Yoast SEO plugin. -->","yoast_head_json":{"title":"AF Zeolith - Aquaforest","description":"AF Zeolith: zeolite efficace per la filtrazione negli acquari d'acqua dolce. Una formula unica per eliminare le sostanze tossiche e migliorare la qualit\u00e0 dell'acqua.","robots":{"index":"index","follow":"follow","max-snippet":"max-snippet:-1","max-image-preview":"max-image-preview:large","max-video-preview":"max-video-preview:-1"},"canonical":"https:\/\/aquaforest.eu\/it\/products\/freshwater\/water-treatment-freshwater\/af-zeolith\/","og_locale":"it_IT","og_type":"article","og_title":"AF Zeolith - Aquaforest","og_description":"AF Zeolith: zeolite efficace per la filtrazione negli acquari d'acqua dolce. Una formula unica per eliminare le sostanze tossiche e migliorare la qualit\u00e0 dell'acqua.","og_url":"https:\/\/aquaforest.eu\/it\/products\/freshwater\/water-treatment-freshwater\/af-zeolith\/","og_site_name":"Aquaforest","article_publisher":"https:\/\/www.facebook.com\/Aquaforest\/","og_image":[{"width":419,"height":600,"url":"https:\/\/aquaforest.eu\/wp-content\/uploads\/2024\/06\/AF_Zeolith.png","type":"image\/png"}],"twitter_card":"summary_large_image","twitter_misc":{"Tempo di lettura stimato":"1 minuto"},"schema":{"@context":"https:\/\/schema.org","@graph":[{"@type":"WebPage","@id":"https:\/\/aquaforest.eu\/it\/products\/freshwater\/water-treatment-freshwater\/af-zeolith\/","url":"https:\/\/aquaforest.eu\/it\/products\/freshwater\/water-treatment-freshwater\/af-zeolith\/","name":"AF Zeolith - Aquaforest","isPartOf":{"@id":"https:\/\/aquaforest.eu\/it\/#website"},"primaryImageOfPage":{"@id":"https:\/\/aquaforest.eu\/it\/products\/freshwater\/water-treatment-freshwater\/af-zeolith\/#primaryimage"},"image":{"@id":"https:\/\/aquaforest.eu\/it\/products\/freshwater\/water-treatment-freshwater\/af-zeolith\/#primaryimage"},"thumbnailUrl":"https:\/\/aquaforest.eu\/wp-content\/uploads\/2024\/06\/AF_Zeolith.png","datePublished":"2024-06-24T22:08:22+00:00","description":"AF Zeolith: zeolite efficace per la filtrazione negli acquari d'acqua dolce. Una formula unica per eliminare le sostanze tossiche e migliorare la qualit\u00e0 dell'acqua.","breadcrumb":{"@id":"https:\/\/aquaforest.eu\/it\/products\/freshwater\/water-treatment-freshwater\/af-zeolith\/#breadcrumb"},"inLanguage":"it-IT","potentialAction":[{"@type":"ReadAction","target":["https:\/\/aquaforest.eu\/it\/products\/freshwater\/water-treatment-freshwater\/af-zeolith\/"]}]},{"@type":"ImageObject","inLanguage":"it-IT","@id":"https:\/\/aquaforest.eu\/it\/products\/freshwater\/water-treatment-freshwater\/af-zeolith\/#primaryimage","url":"https:\/\/aquaforest.eu\/wp-content\/uploads\/2024\/06\/AF_Zeolith.png","contentUrl":"https:\/\/aquaforest.eu\/wp-content\/uploads\/2024\/06\/AF_Zeolith.png","width":419,"height":600},{"@type":"BreadcrumbList","@id":"https:\/\/aquaforest.eu\/it\/products\/freshwater\/water-treatment-freshwater\/af-zeolith\/#breadcrumb","itemListElement":[{"@type":"ListItem","position":1,"name":"Home","item":"https:\/\/aquaforest.eu\/it\/"},{"@type":"ListItem","position":2,"name":"Prodotti","item":"https:\/\/aquaforest.eu\/it\/products\/"},{"@type":"ListItem","position":3,"name":"AF Zeolith"}]},{"@type":"WebSite","@id":"https:\/\/aquaforest.eu\/it\/#website","url":"https:\/\/aquaforest.eu\/it\/","name":"Aquaforest","description":"","publisher":{"@id":"https:\/\/aquaforest.eu\/it\/#organization"},"potentialAction":[{"@type":"SearchAction","target":{"@type":"EntryPoint","urlTemplate":"https:\/\/aquaforest.eu\/it\/?s={search_term_string}"},"query-input":{"@type":"PropertyValueSpecification","valueRequired":true,"valueName":"search_term_string"}}],"inLanguage":"it-IT"},{"@type":"Organization","@id":"https:\/\/aquaforest.eu\/it\/#organization","name":"Aquaforest","url":"https:\/\/aquaforest.eu\/it\/","logo":{"@type":"ImageObject","inLanguage":"it-IT","@id":"https:\/\/aquaforest.eu\/it\/#\/schema\/logo\/image\/","url":"https:\/\/aquaforest.eu\/wp-content\/uploads\/2024\/05\/logotyp-aquaforest.svg","contentUrl":"https:\/\/aquaforest.eu\/wp-content\/uploads\/2024\/05\/logotyp-aquaforest.svg","width":170,"height":22,"caption":"Aquaforest"},"image":{"@id":"https:\/\/aquaforest.eu\/it\/#\/schema\/logo\/image\/"},"sameAs":["https:\/\/www.facebook.com\/Aquaforest\/","https:\/\/www.instagram.com\/aquaforest.eu\/"]}]}},"_links":{"self":[{"href":"https:\/\/aquaforest.eu\/it\/wp-json\/wp\/v2\/product\/26943","targetHints":{"allow":["GET"]}}],"collection":[{"href":"https:\/\/aquaforest.eu\/it\/wp-json\/wp\/v2\/product"}],"about":[{"href":"https:\/\/aquaforest.eu\/it\/wp-json\/wp\/v2\/types\/product"}],"version-history":[{"count":0,"href":"https:\/\/aquaforest.eu\/it\/wp-json\/wp\/v2\/product\/26943\/revisions"}],"wp:featuredmedia":[{"embeddable":true,"href":"https:\/\/aquaforest.eu\/it\/wp-json\/wp\/v2\/media\/26931"}],"wp:attachment":[{"href":"https:\/\/aquaforest.eu\/it\/wp-json\/wp\/v2\/media?parent=26943"}],"wp:term":[{"taxonomy":"product_brand","embeddable":true,"href":"https:\/\/aquaforest.eu\/it\/wp-json\/wp\/v2\/product_brand?post=26943"},{"taxonomy":"product_cat","embeddable":true,"href":"https:\/\/aquaforest.eu\/it\/wp-json\/wp\/v2\/product_cat?post=26943"},{"taxonomy":"product_tag","embeddable":true,"href":"https:\/\/aquaforest.eu\/it\/wp-json\/wp\/v2\/product_tag?post=26943"}],"curies":[{"name":"wp","href":"https:\/\/api.w.org\/{rel}","templated":true}]}}