{"id":26982,"date":"2024-06-25T01:17:35","date_gmt":"2024-06-24T23:17:35","guid":{"rendered":"https:\/\/aquaforest.eu\/products\/senza-categoria\/af-carbon-boost\/"},"modified":"2024-06-25T01:17:35","modified_gmt":"2024-06-24T23:17:35","slug":"af-carbon-boost","status":"publish","type":"product","link":"https:\/\/aquaforest.eu\/it\/products\/freshwater\/supplements-and-fertilizers\/af-carbon-boost\/","title":{"rendered":"AF Carbon Boost"},"content":{"rendered":"<h4>Informazioni sul prodotto:<\/h4>\n<p>Integratore professionale di carbonio facilmente assimilabile destinato alle piante d\u2019acquario. AF Carbon Boost \u00e8 un fertilizzante perfetto per l\u2019uso quotidiano. Pu\u00f2 essere utilizzato sia come metodo principale di integrazione del carbonio, sia come additivo a supporto di un impianto di CO2 gi\u00e0 esistente. Il carbonio \u00e8 la base di tutti i composti organici ed \u00e8 essenziale per la crescita intensiva delle piante. Un contenuto troppo basso di carbonio nell\u2019acqua porta all\u2019inibizione della crescita e dello sviluppo delle piante. L\u2019uso regolare di AF Carbon Boost fornisce alle piante la giusta quantit\u00e0 di carbonio nella sua forma pi\u00f9 assimilabile, reintegrandone efficacemente le carenze. AF Carbon Boost aiuta a mantenere l\u2019acquario in buone condizioni e a garantire piante attraenti e dall\u2019aspetto sano. Grazie alle sue capacit\u00e0 di stabilizzazione del pH, AF Carbon Boost \u00e8 estremamente utile nella lotta contro le alghe. Particolarmente raccomandato per acquari densamente piantumati.        <\/p>\n<h4>Modalit\u00e0 d\u2019uso:<\/h4>\n<p>In acquario: per una piccola quantit\u00e0 di piante: 1 ml di AF Carbon Boost per 100 litri d\u2019acqua al giorno; per una quantit\u00e0 media di piante: 1 ml di AF Carbon Boost per 50 litri d\u2019acqua al giorno; per una grande quantit\u00e0 di piante: 1 ml di AF Carbon Boost per 25 litri d\u2019acqua al giorno. Solo per uso acquatico. Proteggere dalla luce solare. Conservare a temperatura ambiente in un contenitore ben chiuso e fuori dalla portata dei bambini.   <\/p>\n","protected":false},"excerpt":{"rendered":"<p>Integratore professionale di carbonio facilmente assimilabile destinato alle piante d\u2019acquario.<\/p>\n","protected":false},"featured_media":26916,"template":"","meta":{"_acf_changed":false,"content-type":""},"product_brand":[],"product_cat":[1925],"product_tag":[1920,1919,1915],"class_list":{"0":"post-26982","1":"product","2":"type-product","3":"status-publish","4":"has-post-thumbnail","6":"product_cat-supplements-and-fertilizers","7":"product_tag-aquaforest","8":"product_tag-freshwater-aquatics","9":"product_tag-variable","11":"first","12":"instock","13":"taxable","14":"shipping-taxable","15":"purchasable","16":"product-type-variable","17":"has-default-attributes"},"acf":[],"yoast_head":"<!-- This site is optimized with the Yoast SEO plugin v27.1.1 - https:\/\/yoast.com\/product\/yoast-seo-wordpress\/ -->\n<title>AF Carbon Boost - Aquaforest<\/title>\n<meta name=\"description\" content=\"AF Carbon Boost: efficace integratore di carbonio che favorisce la crescita delle piante in acquario. Formula affidabile per migliorare le condizioni e la salute delle piante.\" \/>\n<meta name=\"robots\" content=\"index, follow, max-snippet:-1, max-image-preview:large, max-video-preview:-1\" \/>\n<link rel=\"canonical\" href=\"https:\/\/aquaforest.eu\/it\/products\/freshwater\/supplements-and-fertilizers\/af-carbon-boost\/\" \/>\n<meta property=\"og:locale\" content=\"it_IT\" \/>\n<meta property=\"og:type\" content=\"article\" \/>\n<meta property=\"og:title\" content=\"AF Carbon Boost - Aquaforest\" \/>\n<meta property=\"og:description\" content=\"AF Carbon Boost: efficace integratore di carbonio che favorisce la crescita delle piante in acquario. Formula affidabile per migliorare le condizioni e la salute delle piante.\" \/>\n<meta property=\"og:url\" content=\"https:\/\/aquaforest.eu\/it\/products\/freshwater\/supplements-and-fertilizers\/af-carbon-boost\/\" \/>\n<meta property=\"og:site_name\" content=\"Aquaforest\" \/>\n<meta property=\"article:publisher\" content=\"https:\/\/www.facebook.com\/Aquaforest\/\" \/>\n<meta property=\"og:image\" content=\"https:\/\/aquaforest.eu\/wp-content\/uploads\/2024\/06\/AF-Carbon-Boost.png\" \/>\n\t<meta property=\"og:image:width\" content=\"258\" \/>\n\t<meta property=\"og:image:height\" content=\"600\" \/>\n\t<meta property=\"og:image:type\" content=\"image\/png\" \/>\n<meta name=\"twitter:card\" content=\"summary_large_image\" \/>\n<meta name=\"twitter:label1\" content=\"Tempo di lettura stimato\" \/>\n\t<meta name=\"twitter:data1\" content=\"1 minuto\" \/>\n<script type=\"application\/ld+json\" class=\"yoast-schema-graph\">{\"@context\":\"https:\/\/schema.org\",\"@graph\":[{\"@type\":\"WebPage\",\"@id\":\"https:\/\/aquaforest.eu\/it\/products\/freshwater\/supplements-and-fertilizers\/af-carbon-boost\/\",\"url\":\"https:\/\/aquaforest.eu\/it\/products\/freshwater\/supplements-and-fertilizers\/af-carbon-boost\/\",\"name\":\"AF Carbon Boost - Aquaforest\",\"isPartOf\":{\"@id\":\"https:\/\/aquaforest.eu\/it\/#website\"},\"primaryImageOfPage\":{\"@id\":\"https:\/\/aquaforest.eu\/it\/products\/freshwater\/supplements-and-fertilizers\/af-carbon-boost\/#primaryimage\"},\"image\":{\"@id\":\"https:\/\/aquaforest.eu\/it\/products\/freshwater\/supplements-and-fertilizers\/af-carbon-boost\/#primaryimage\"},\"thumbnailUrl\":\"https:\/\/aquaforest.eu\/wp-content\/uploads\/2024\/06\/AF-Carbon-Boost.png\",\"datePublished\":\"2024-06-24T23:17:35+00:00\",\"description\":\"AF Carbon Boost: efficace integratore di carbonio che favorisce la crescita delle piante in acquario. Formula affidabile per migliorare le condizioni e la salute delle piante.\",\"breadcrumb\":{\"@id\":\"https:\/\/aquaforest.eu\/it\/products\/freshwater\/supplements-and-fertilizers\/af-carbon-boost\/#breadcrumb\"},\"inLanguage\":\"it-IT\",\"potentialAction\":[{\"@type\":\"ReadAction\",\"target\":[\"https:\/\/aquaforest.eu\/it\/products\/freshwater\/supplements-and-fertilizers\/af-carbon-boost\/\"]}]},{\"@type\":\"ImageObject\",\"inLanguage\":\"it-IT\",\"@id\":\"https:\/\/aquaforest.eu\/it\/products\/freshwater\/supplements-and-fertilizers\/af-carbon-boost\/#primaryimage\",\"url\":\"https:\/\/aquaforest.eu\/wp-content\/uploads\/2024\/06\/AF-Carbon-Boost.png\",\"contentUrl\":\"https:\/\/aquaforest.eu\/wp-content\/uploads\/2024\/06\/AF-Carbon-Boost.png\",\"width\":258,\"height\":600},{\"@type\":\"BreadcrumbList\",\"@id\":\"https:\/\/aquaforest.eu\/it\/products\/freshwater\/supplements-and-fertilizers\/af-carbon-boost\/#breadcrumb\",\"itemListElement\":[{\"@type\":\"ListItem\",\"position\":1,\"name\":\"Home\",\"item\":\"https:\/\/aquaforest.eu\/it\/\"},{\"@type\":\"ListItem\",\"position\":2,\"name\":\"Prodotti\",\"item\":\"https:\/\/aquaforest.eu\/it\/products\/\"},{\"@type\":\"ListItem\",\"position\":3,\"name\":\"AF Carbon Boost\"}]},{\"@type\":\"WebSite\",\"@id\":\"https:\/\/aquaforest.eu\/it\/#website\",\"url\":\"https:\/\/aquaforest.eu\/it\/\",\"name\":\"Aquaforest\",\"description\":\"\",\"publisher\":{\"@id\":\"https:\/\/aquaforest.eu\/it\/#organization\"},\"potentialAction\":[{\"@type\":\"SearchAction\",\"target\":{\"@type\":\"EntryPoint\",\"urlTemplate\":\"https:\/\/aquaforest.eu\/it\/?s={search_term_string}\"},\"query-input\":{\"@type\":\"PropertyValueSpecification\",\"valueRequired\":true,\"valueName\":\"search_term_string\"}}],\"inLanguage\":\"it-IT\"},{\"@type\":\"Organization\",\"@id\":\"https:\/\/aquaforest.eu\/it\/#organization\",\"name\":\"Aquaforest\",\"url\":\"https:\/\/aquaforest.eu\/it\/\",\"logo\":{\"@type\":\"ImageObject\",\"inLanguage\":\"it-IT\",\"@id\":\"https:\/\/aquaforest.eu\/it\/#\/schema\/logo\/image\/\",\"url\":\"https:\/\/aquaforest.eu\/wp-content\/uploads\/2024\/05\/logotyp-aquaforest.svg\",\"contentUrl\":\"https:\/\/aquaforest.eu\/wp-content\/uploads\/2024\/05\/logotyp-aquaforest.svg\",\"width\":170,\"height\":22,\"caption\":\"Aquaforest\"},\"image\":{\"@id\":\"https:\/\/aquaforest.eu\/it\/#\/schema\/logo\/image\/\"},\"sameAs\":[\"https:\/\/www.facebook.com\/Aquaforest\/\",\"https:\/\/www.instagram.com\/aquaforest.eu\/\"]}]}<\/script>\n<!-- \/ Yoast SEO plugin. -->","yoast_head_json":{"title":"AF Carbon Boost - Aquaforest","description":"AF Carbon Boost: efficace integratore di carbonio che favorisce la crescita delle piante in acquario. Formula affidabile per migliorare le condizioni e la salute delle piante.","robots":{"index":"index","follow":"follow","max-snippet":"max-snippet:-1","max-image-preview":"max-image-preview:large","max-video-preview":"max-video-preview:-1"},"canonical":"https:\/\/aquaforest.eu\/it\/products\/freshwater\/supplements-and-fertilizers\/af-carbon-boost\/","og_locale":"it_IT","og_type":"article","og_title":"AF Carbon Boost - Aquaforest","og_description":"AF Carbon Boost: efficace integratore di carbonio che favorisce la crescita delle piante in acquario. Formula affidabile per migliorare le condizioni e la salute delle piante.","og_url":"https:\/\/aquaforest.eu\/it\/products\/freshwater\/supplements-and-fertilizers\/af-carbon-boost\/","og_site_name":"Aquaforest","article_publisher":"https:\/\/www.facebook.com\/Aquaforest\/","og_image":[{"width":258,"height":600,"url":"https:\/\/aquaforest.eu\/wp-content\/uploads\/2024\/06\/AF-Carbon-Boost.png","type":"image\/png"}],"twitter_card":"summary_large_image","twitter_misc":{"Tempo di lettura stimato":"1 minuto"},"schema":{"@context":"https:\/\/schema.org","@graph":[{"@type":"WebPage","@id":"https:\/\/aquaforest.eu\/it\/products\/freshwater\/supplements-and-fertilizers\/af-carbon-boost\/","url":"https:\/\/aquaforest.eu\/it\/products\/freshwater\/supplements-and-fertilizers\/af-carbon-boost\/","name":"AF Carbon Boost - Aquaforest","isPartOf":{"@id":"https:\/\/aquaforest.eu\/it\/#website"},"primaryImageOfPage":{"@id":"https:\/\/aquaforest.eu\/it\/products\/freshwater\/supplements-and-fertilizers\/af-carbon-boost\/#primaryimage"},"image":{"@id":"https:\/\/aquaforest.eu\/it\/products\/freshwater\/supplements-and-fertilizers\/af-carbon-boost\/#primaryimage"},"thumbnailUrl":"https:\/\/aquaforest.eu\/wp-content\/uploads\/2024\/06\/AF-Carbon-Boost.png","datePublished":"2024-06-24T23:17:35+00:00","description":"AF Carbon Boost: efficace integratore di carbonio che favorisce la crescita delle piante in acquario. Formula affidabile per migliorare le condizioni e la salute delle piante.","breadcrumb":{"@id":"https:\/\/aquaforest.eu\/it\/products\/freshwater\/supplements-and-fertilizers\/af-carbon-boost\/#breadcrumb"},"inLanguage":"it-IT","potentialAction":[{"@type":"ReadAction","target":["https:\/\/aquaforest.eu\/it\/products\/freshwater\/supplements-and-fertilizers\/af-carbon-boost\/"]}]},{"@type":"ImageObject","inLanguage":"it-IT","@id":"https:\/\/aquaforest.eu\/it\/products\/freshwater\/supplements-and-fertilizers\/af-carbon-boost\/#primaryimage","url":"https:\/\/aquaforest.eu\/wp-content\/uploads\/2024\/06\/AF-Carbon-Boost.png","contentUrl":"https:\/\/aquaforest.eu\/wp-content\/uploads\/2024\/06\/AF-Carbon-Boost.png","width":258,"height":600},{"@type":"BreadcrumbList","@id":"https:\/\/aquaforest.eu\/it\/products\/freshwater\/supplements-and-fertilizers\/af-carbon-boost\/#breadcrumb","itemListElement":[{"@type":"ListItem","position":1,"name":"Home","item":"https:\/\/aquaforest.eu\/it\/"},{"@type":"ListItem","position":2,"name":"Prodotti","item":"https:\/\/aquaforest.eu\/it\/products\/"},{"@type":"ListItem","position":3,"name":"AF Carbon Boost"}]},{"@type":"WebSite","@id":"https:\/\/aquaforest.eu\/it\/#website","url":"https:\/\/aquaforest.eu\/it\/","name":"Aquaforest","description":"","publisher":{"@id":"https:\/\/aquaforest.eu\/it\/#organization"},"potentialAction":[{"@type":"SearchAction","target":{"@type":"EntryPoint","urlTemplate":"https:\/\/aquaforest.eu\/it\/?s={search_term_string}"},"query-input":{"@type":"PropertyValueSpecification","valueRequired":true,"valueName":"search_term_string"}}],"inLanguage":"it-IT"},{"@type":"Organization","@id":"https:\/\/aquaforest.eu\/it\/#organization","name":"Aquaforest","url":"https:\/\/aquaforest.eu\/it\/","logo":{"@type":"ImageObject","inLanguage":"it-IT","@id":"https:\/\/aquaforest.eu\/it\/#\/schema\/logo\/image\/","url":"https:\/\/aquaforest.eu\/wp-content\/uploads\/2024\/05\/logotyp-aquaforest.svg","contentUrl":"https:\/\/aquaforest.eu\/wp-content\/uploads\/2024\/05\/logotyp-aquaforest.svg","width":170,"height":22,"caption":"Aquaforest"},"image":{"@id":"https:\/\/aquaforest.eu\/it\/#\/schema\/logo\/image\/"},"sameAs":["https:\/\/www.facebook.com\/Aquaforest\/","https:\/\/www.instagram.com\/aquaforest.eu\/"]}]}},"_links":{"self":[{"href":"https:\/\/aquaforest.eu\/it\/wp-json\/wp\/v2\/product\/26982","targetHints":{"allow":["GET"]}}],"collection":[{"href":"https:\/\/aquaforest.eu\/it\/wp-json\/wp\/v2\/product"}],"about":[{"href":"https:\/\/aquaforest.eu\/it\/wp-json\/wp\/v2\/types\/product"}],"version-history":[{"count":0,"href":"https:\/\/aquaforest.eu\/it\/wp-json\/wp\/v2\/product\/26982\/revisions"}],"wp:featuredmedia":[{"embeddable":true,"href":"https:\/\/aquaforest.eu\/it\/wp-json\/wp\/v2\/media\/26916"}],"wp:attachment":[{"href":"https:\/\/aquaforest.eu\/it\/wp-json\/wp\/v2\/media?parent=26982"}],"wp:term":[{"taxonomy":"product_brand","embeddable":true,"href":"https:\/\/aquaforest.eu\/it\/wp-json\/wp\/v2\/product_brand?post=26982"},{"taxonomy":"product_cat","embeddable":true,"href":"https:\/\/aquaforest.eu\/it\/wp-json\/wp\/v2\/product_cat?post=26982"},{"taxonomy":"product_tag","embeddable":true,"href":"https:\/\/aquaforest.eu\/it\/wp-json\/wp\/v2\/product_tag?post=26982"}],"curies":[{"name":"wp","href":"https:\/\/api.w.org\/{rel}","templated":true}]}}