{"id":27005,"date":"2024-06-25T01:56:00","date_gmt":"2024-06-24T23:56:00","guid":{"rendered":"https:\/\/aquaforest.eu\/products\/senza-categoria\/af-shrimp-gh\/"},"modified":"2024-06-25T01:56:00","modified_gmt":"2024-06-24T23:56:00","slug":"af-shrimp-gh","status":"publish","type":"product","link":"https:\/\/aquaforest.eu\/it\/products\/freshwater\/water-treatment-freshwater\/af-shrimp-gh\/","title":{"rendered":"AF Shrimp GH+"},"content":{"rendered":"<h4><span style=\"color: #000000;\">Informazioni sul prodotto:<\/span><\/h4>\n<p><span style=\"color: #000000;\">Preparato professionale per mineralizzare l\u2019acqua RO, progettato appositamente per l\u2019allevamento di gamberetti, in particolare specie Bee e Crystal. Grazie all\u2019uso di ingredienti naturali, arricchisce l\u2019acqua con tutti i minerali necessari agli abitanti dell\u2019acquario e garantisce parametri perfetti. La formula unica \u00e8 stata arricchita con ferro. Integra calcio, magnesio e potassio nel rapporto ideale. Previene livelli inadeguati di elementi che potrebbero causare gravi problemi di muta e riproduzione dei gamberetti. La forma liquida assicura un uso semplice e comodo. La selezione accurata degli ingredienti lascia l\u2019acqua perfettamente limpida, senza torbidit\u00e0 n\u00e9 opacit\u00e0 bianca. Garantisce una crescita sana dei gamberetti e una muta corretta. Una mineralizzazione adeguata dell\u2019acqua consente ai gamberetti di assimilare tutti i minerali necessari direttamente dall\u2019acqua, incluso il calcio indispensabile per costruire e indurire il carapace.        <\/span><\/p>\n<p>&nbsp;<\/p>\n<hr>\n<h4><\/h4>\n<h4><span style=\"color: #000000;\"><strong>Come funziona?<\/strong><\/span><\/h4>\n<ul>\n<li><span style=\"color: #000000;\">Aumenta la durezza totale (GH), lasciando invariata la durezza carbonatica (KH)<\/span><\/li>\n<li><span style=\"color: #000000;\">Mineralizza acqua RO, deionizzata e distillata<\/span><\/li>\n<li><span style=\"color: #000000;\">Fornisce minerali essenziali<\/span><\/li>\n<li><span style=\"color: #000000;\">Garantisce parametri perfetti dell\u2019acqua<\/span><\/li>\n<\/ul>\n<p>&nbsp;<\/p>\n<hr>\n<h4><\/h4>\n<h4><span style=\"color: #000000;\">Modalit\u00e0 d\u2019uso:<\/span><\/h4>\n<ul>\n<li><span style=\"color: #000000;\">Per GH 5: 3 ml\/5 l d\u2019acqua<\/span><\/li>\n<li><span style=\"color: #000000;\">Mescolare con acqua al di fuori dell\u2019acquario<\/span><\/li>\n<li><span style=\"color: #000000;\">Dopo la miscelazione, l\u2019acqua \u00e8 subito pronta all\u2019uso<\/span><\/li>\n<\/ul>\n<h4><span style=\"color: #000000;\"><strong>Importante:<\/strong><\/span><\/h4>\n<p><span style=\"color: #000000;\">A causa dell\u2019alto contenuto di minerali, sul fondo della bottiglia pu\u00f2 comparire un sedimento; ci\u00f2 \u00e8 del tutto naturale e non indica un difetto del prodotto. Il sedimento non influisce sulla limpidezza dell\u2019acqua usata in acquario. <\/span><\/p>\n","protected":false},"excerpt":{"rendered":"<p>Preparato professionale per mineralizzare l\u2019acqua RO, progettato appositamente per l\u2019allevamento di gamberetti, in particolare specie Bee e Crystal<\/p>\n","protected":false},"featured_media":26924,"template":"","meta":{"_acf_changed":false,"content-type":""},"product_brand":[],"product_cat":[1921],"product_tag":[1920,1919,1915],"class_list":{"0":"post-27005","1":"product","2":"type-product","3":"status-publish","4":"has-post-thumbnail","6":"product_cat-water-treatment-freshwater","7":"product_tag-aquaforest","8":"product_tag-freshwater-aquatics","9":"product_tag-variable","11":"first","12":"instock","13":"taxable","14":"shipping-taxable","15":"purchasable","16":"product-type-variable","17":"has-default-attributes"},"acf":[],"yoast_head":"<!-- This site is optimized with the Yoast SEO plugin v27.1.1 - https:\/\/yoast.com\/product\/yoast-seo-wordpress\/ -->\n<title>AF Shrimp GH+ - Aquaforest<\/title>\n<meta name=\"description\" content=\"Un preparato efficace per regolare la durezza dell&#039;acqua per i gamberetti. Una formula unica che favorisce la salute e il corretto sviluppo dei gamberetti.\" \/>\n<meta name=\"robots\" content=\"index, follow, max-snippet:-1, max-image-preview:large, max-video-preview:-1\" \/>\n<link rel=\"canonical\" href=\"https:\/\/aquaforest.eu\/it\/products\/freshwater\/water-treatment-freshwater\/af-shrimp-gh\/\" \/>\n<meta property=\"og:locale\" content=\"it_IT\" \/>\n<meta property=\"og:type\" content=\"article\" \/>\n<meta property=\"og:title\" content=\"AF Shrimp GH+ - Aquaforest\" \/>\n<meta property=\"og:description\" content=\"Un preparato efficace per regolare la durezza dell&#039;acqua per i gamberetti. Una formula unica che favorisce la salute e il corretto sviluppo dei gamberetti.\" \/>\n<meta property=\"og:url\" content=\"https:\/\/aquaforest.eu\/it\/products\/freshwater\/water-treatment-freshwater\/af-shrimp-gh\/\" \/>\n<meta property=\"og:site_name\" content=\"Aquaforest\" \/>\n<meta property=\"article:publisher\" content=\"https:\/\/www.facebook.com\/Aquaforest\/\" \/>\n<meta property=\"og:image\" content=\"https:\/\/aquaforest.eu\/wp-content\/uploads\/2024\/06\/AF-Shrimp-GH.png\" \/>\n\t<meta property=\"og:image:width\" content=\"250\" \/>\n\t<meta property=\"og:image:height\" content=\"600\" \/>\n\t<meta property=\"og:image:type\" content=\"image\/png\" \/>\n<meta name=\"twitter:card\" content=\"summary_large_image\" \/>\n<meta name=\"twitter:label1\" content=\"Tempo di lettura stimato\" \/>\n\t<meta name=\"twitter:data1\" content=\"1 minuto\" \/>\n<script type=\"application\/ld+json\" class=\"yoast-schema-graph\">{\"@context\":\"https:\/\/schema.org\",\"@graph\":[{\"@type\":\"WebPage\",\"@id\":\"https:\/\/aquaforest.eu\/it\/products\/freshwater\/water-treatment-freshwater\/af-shrimp-gh\/\",\"url\":\"https:\/\/aquaforest.eu\/it\/products\/freshwater\/water-treatment-freshwater\/af-shrimp-gh\/\",\"name\":\"AF Shrimp GH+ - Aquaforest\",\"isPartOf\":{\"@id\":\"https:\/\/aquaforest.eu\/it\/#website\"},\"primaryImageOfPage\":{\"@id\":\"https:\/\/aquaforest.eu\/it\/products\/freshwater\/water-treatment-freshwater\/af-shrimp-gh\/#primaryimage\"},\"image\":{\"@id\":\"https:\/\/aquaforest.eu\/it\/products\/freshwater\/water-treatment-freshwater\/af-shrimp-gh\/#primaryimage\"},\"thumbnailUrl\":\"https:\/\/aquaforest.eu\/wp-content\/uploads\/2024\/06\/AF-Shrimp-GH.png\",\"datePublished\":\"2024-06-24T23:56:00+00:00\",\"description\":\"Un preparato efficace per regolare la durezza dell'acqua per i gamberetti. Una formula unica che favorisce la salute e il corretto sviluppo dei gamberetti.\",\"breadcrumb\":{\"@id\":\"https:\/\/aquaforest.eu\/it\/products\/freshwater\/water-treatment-freshwater\/af-shrimp-gh\/#breadcrumb\"},\"inLanguage\":\"it-IT\",\"potentialAction\":[{\"@type\":\"ReadAction\",\"target\":[\"https:\/\/aquaforest.eu\/it\/products\/freshwater\/water-treatment-freshwater\/af-shrimp-gh\/\"]}]},{\"@type\":\"ImageObject\",\"inLanguage\":\"it-IT\",\"@id\":\"https:\/\/aquaforest.eu\/it\/products\/freshwater\/water-treatment-freshwater\/af-shrimp-gh\/#primaryimage\",\"url\":\"https:\/\/aquaforest.eu\/wp-content\/uploads\/2024\/06\/AF-Shrimp-GH.png\",\"contentUrl\":\"https:\/\/aquaforest.eu\/wp-content\/uploads\/2024\/06\/AF-Shrimp-GH.png\",\"width\":250,\"height\":600},{\"@type\":\"BreadcrumbList\",\"@id\":\"https:\/\/aquaforest.eu\/it\/products\/freshwater\/water-treatment-freshwater\/af-shrimp-gh\/#breadcrumb\",\"itemListElement\":[{\"@type\":\"ListItem\",\"position\":1,\"name\":\"Home\",\"item\":\"https:\/\/aquaforest.eu\/it\/\"},{\"@type\":\"ListItem\",\"position\":2,\"name\":\"Prodotti\",\"item\":\"https:\/\/aquaforest.eu\/it\/products\/\"},{\"@type\":\"ListItem\",\"position\":3,\"name\":\"AF Shrimp GH+\"}]},{\"@type\":\"WebSite\",\"@id\":\"https:\/\/aquaforest.eu\/it\/#website\",\"url\":\"https:\/\/aquaforest.eu\/it\/\",\"name\":\"Aquaforest\",\"description\":\"\",\"publisher\":{\"@id\":\"https:\/\/aquaforest.eu\/it\/#organization\"},\"potentialAction\":[{\"@type\":\"SearchAction\",\"target\":{\"@type\":\"EntryPoint\",\"urlTemplate\":\"https:\/\/aquaforest.eu\/it\/?s={search_term_string}\"},\"query-input\":{\"@type\":\"PropertyValueSpecification\",\"valueRequired\":true,\"valueName\":\"search_term_string\"}}],\"inLanguage\":\"it-IT\"},{\"@type\":\"Organization\",\"@id\":\"https:\/\/aquaforest.eu\/it\/#organization\",\"name\":\"Aquaforest\",\"url\":\"https:\/\/aquaforest.eu\/it\/\",\"logo\":{\"@type\":\"ImageObject\",\"inLanguage\":\"it-IT\",\"@id\":\"https:\/\/aquaforest.eu\/it\/#\/schema\/logo\/image\/\",\"url\":\"https:\/\/aquaforest.eu\/wp-content\/uploads\/2024\/05\/logotyp-aquaforest.svg\",\"contentUrl\":\"https:\/\/aquaforest.eu\/wp-content\/uploads\/2024\/05\/logotyp-aquaforest.svg\",\"width\":170,\"height\":22,\"caption\":\"Aquaforest\"},\"image\":{\"@id\":\"https:\/\/aquaforest.eu\/it\/#\/schema\/logo\/image\/\"},\"sameAs\":[\"https:\/\/www.facebook.com\/Aquaforest\/\",\"https:\/\/www.instagram.com\/aquaforest.eu\/\"]}]}<\/script>\n<!-- \/ Yoast SEO plugin. -->","yoast_head_json":{"title":"AF Shrimp GH+ - Aquaforest","description":"Un preparato efficace per regolare la durezza dell'acqua per i gamberetti. Una formula unica che favorisce la salute e il corretto sviluppo dei gamberetti.","robots":{"index":"index","follow":"follow","max-snippet":"max-snippet:-1","max-image-preview":"max-image-preview:large","max-video-preview":"max-video-preview:-1"},"canonical":"https:\/\/aquaforest.eu\/it\/products\/freshwater\/water-treatment-freshwater\/af-shrimp-gh\/","og_locale":"it_IT","og_type":"article","og_title":"AF Shrimp GH+ - Aquaforest","og_description":"Un preparato efficace per regolare la durezza dell'acqua per i gamberetti. Una formula unica che favorisce la salute e il corretto sviluppo dei gamberetti.","og_url":"https:\/\/aquaforest.eu\/it\/products\/freshwater\/water-treatment-freshwater\/af-shrimp-gh\/","og_site_name":"Aquaforest","article_publisher":"https:\/\/www.facebook.com\/Aquaforest\/","og_image":[{"width":250,"height":600,"url":"https:\/\/aquaforest.eu\/wp-content\/uploads\/2024\/06\/AF-Shrimp-GH.png","type":"image\/png"}],"twitter_card":"summary_large_image","twitter_misc":{"Tempo di lettura stimato":"1 minuto"},"schema":{"@context":"https:\/\/schema.org","@graph":[{"@type":"WebPage","@id":"https:\/\/aquaforest.eu\/it\/products\/freshwater\/water-treatment-freshwater\/af-shrimp-gh\/","url":"https:\/\/aquaforest.eu\/it\/products\/freshwater\/water-treatment-freshwater\/af-shrimp-gh\/","name":"AF Shrimp GH+ - Aquaforest","isPartOf":{"@id":"https:\/\/aquaforest.eu\/it\/#website"},"primaryImageOfPage":{"@id":"https:\/\/aquaforest.eu\/it\/products\/freshwater\/water-treatment-freshwater\/af-shrimp-gh\/#primaryimage"},"image":{"@id":"https:\/\/aquaforest.eu\/it\/products\/freshwater\/water-treatment-freshwater\/af-shrimp-gh\/#primaryimage"},"thumbnailUrl":"https:\/\/aquaforest.eu\/wp-content\/uploads\/2024\/06\/AF-Shrimp-GH.png","datePublished":"2024-06-24T23:56:00+00:00","description":"Un preparato efficace per regolare la durezza dell'acqua per i gamberetti. Una formula unica che favorisce la salute e il corretto sviluppo dei gamberetti.","breadcrumb":{"@id":"https:\/\/aquaforest.eu\/it\/products\/freshwater\/water-treatment-freshwater\/af-shrimp-gh\/#breadcrumb"},"inLanguage":"it-IT","potentialAction":[{"@type":"ReadAction","target":["https:\/\/aquaforest.eu\/it\/products\/freshwater\/water-treatment-freshwater\/af-shrimp-gh\/"]}]},{"@type":"ImageObject","inLanguage":"it-IT","@id":"https:\/\/aquaforest.eu\/it\/products\/freshwater\/water-treatment-freshwater\/af-shrimp-gh\/#primaryimage","url":"https:\/\/aquaforest.eu\/wp-content\/uploads\/2024\/06\/AF-Shrimp-GH.png","contentUrl":"https:\/\/aquaforest.eu\/wp-content\/uploads\/2024\/06\/AF-Shrimp-GH.png","width":250,"height":600},{"@type":"BreadcrumbList","@id":"https:\/\/aquaforest.eu\/it\/products\/freshwater\/water-treatment-freshwater\/af-shrimp-gh\/#breadcrumb","itemListElement":[{"@type":"ListItem","position":1,"name":"Home","item":"https:\/\/aquaforest.eu\/it\/"},{"@type":"ListItem","position":2,"name":"Prodotti","item":"https:\/\/aquaforest.eu\/it\/products\/"},{"@type":"ListItem","position":3,"name":"AF Shrimp GH+"}]},{"@type":"WebSite","@id":"https:\/\/aquaforest.eu\/it\/#website","url":"https:\/\/aquaforest.eu\/it\/","name":"Aquaforest","description":"","publisher":{"@id":"https:\/\/aquaforest.eu\/it\/#organization"},"potentialAction":[{"@type":"SearchAction","target":{"@type":"EntryPoint","urlTemplate":"https:\/\/aquaforest.eu\/it\/?s={search_term_string}"},"query-input":{"@type":"PropertyValueSpecification","valueRequired":true,"valueName":"search_term_string"}}],"inLanguage":"it-IT"},{"@type":"Organization","@id":"https:\/\/aquaforest.eu\/it\/#organization","name":"Aquaforest","url":"https:\/\/aquaforest.eu\/it\/","logo":{"@type":"ImageObject","inLanguage":"it-IT","@id":"https:\/\/aquaforest.eu\/it\/#\/schema\/logo\/image\/","url":"https:\/\/aquaforest.eu\/wp-content\/uploads\/2024\/05\/logotyp-aquaforest.svg","contentUrl":"https:\/\/aquaforest.eu\/wp-content\/uploads\/2024\/05\/logotyp-aquaforest.svg","width":170,"height":22,"caption":"Aquaforest"},"image":{"@id":"https:\/\/aquaforest.eu\/it\/#\/schema\/logo\/image\/"},"sameAs":["https:\/\/www.facebook.com\/Aquaforest\/","https:\/\/www.instagram.com\/aquaforest.eu\/"]}]}},"_links":{"self":[{"href":"https:\/\/aquaforest.eu\/it\/wp-json\/wp\/v2\/product\/27005","targetHints":{"allow":["GET"]}}],"collection":[{"href":"https:\/\/aquaforest.eu\/it\/wp-json\/wp\/v2\/product"}],"about":[{"href":"https:\/\/aquaforest.eu\/it\/wp-json\/wp\/v2\/types\/product"}],"version-history":[{"count":0,"href":"https:\/\/aquaforest.eu\/it\/wp-json\/wp\/v2\/product\/27005\/revisions"}],"wp:featuredmedia":[{"embeddable":true,"href":"https:\/\/aquaforest.eu\/it\/wp-json\/wp\/v2\/media\/26924"}],"wp:attachment":[{"href":"https:\/\/aquaforest.eu\/it\/wp-json\/wp\/v2\/media?parent=27005"}],"wp:term":[{"taxonomy":"product_brand","embeddable":true,"href":"https:\/\/aquaforest.eu\/it\/wp-json\/wp\/v2\/product_brand?post=27005"},{"taxonomy":"product_cat","embeddable":true,"href":"https:\/\/aquaforest.eu\/it\/wp-json\/wp\/v2\/product_cat?post=27005"},{"taxonomy":"product_tag","embeddable":true,"href":"https:\/\/aquaforest.eu\/it\/wp-json\/wp\/v2\/product_tag?post=27005"}],"curies":[{"name":"wp","href":"https:\/\/api.w.org\/{rel}","templated":true}]}}