{"id":27022,"date":"2024-06-26T02:18:04","date_gmt":"2024-06-26T00:18:04","guid":{"rendered":"https:\/\/aquaforest.eu\/products\/senza-categoria\/af-ultrascrape-xl\/"},"modified":"2024-06-26T02:18:04","modified_gmt":"2024-06-26T00:18:04","slug":"af-ultrascrape-xl","status":"publish","type":"product","link":"https:\/\/aquaforest.eu\/it\/products\/seawater\/aquarium-equipment\/af-ultrascrape-xl\/","title":{"rendered":"AF Ultrascrape XL"},"content":{"rendered":"<p>Il vetro pulito \u00e8 la base dell\u2019estetica di un acquario. Anche i coralli pi\u00f9 belli e rari possono essere offuscati da alghe visibili sulla superficie del vetro. In questi casi l\u2019AF Ultrascrape XL \u00e8 la soluzione ideale.  <\/p>\n<p>AF Ultrascrape XL \u00e8 realizzato con materiali durevoli che lo rendono resistente sia all\u2019acqua dolce che salata. Il design minimalista color viola garantisce comfort d\u2019uso e un aspetto moderno. La parte esterna \u00e8 rivestita con un materiale morbido che permette di scivolare facilmente sul vetro dell\u2019acquario senza graffiarlo. La parte interna \u00e8 in tessuto ruvido, in grado di rimuovere facilmente lo sporco dalla superficie. Una lama in acciaio inox elimina anche lo sporco pi\u00f9 ostinato, come le alghe coralline. La lama di alta qualit\u00e0 \u00e8 completamente inossidabile e non perde affilatura, anche se lasciata a lungo in acqua.     <\/p>\n<p>La grande superficie attiva del raschietto rende l\u2019utilizzo estremamente semplice ed efficace. I magneti potenti impediscono il distacco accidentale dal vetro. Anche se si stacca, il raschietto non affonda ma galleggia in superficie, consentendo una facile reinstallazione.  <\/p>\n<p>L\u2019AF Ultrascrape XL \u00e8 progettato per acquari con spessore del vetro non superiore a 25 mm.<\/p>\n<p>&nbsp;<\/p>\n<hr>\n<p>&nbsp;<\/p>\n<p>Caratteristiche principali:<\/p>\n<ul>\n<li>Raschietto magnetico per acquari d\u2019acqua dolce e salata<\/li>\n<li>Dotato di lama in acciaio inox<\/li>\n<li>Ampia superficie attiva<\/li>\n<li>Rimuove efficacemente anche lo sporco pi\u00f9 ostinato<\/li>\n<li>Per vetri fino a 25 mm di spessore<\/li>\n<li>Protetto contro l\u2019affondamento<\/li>\n<li>Utilizzo fluido e sicuro<\/li>\n<li>Design moderno<\/li>\n<li>Massima qualit\u00e0<\/li>\n<li>Non rilascia sostanze nocive in acqua<\/li>\n<li>Sicuro per pesci e coralli<\/li>\n<\/ul>\n","protected":false},"excerpt":{"rendered":"<p>Raschietto magnetico per una pulizia efficace dei vetri, realizzato con materiali durevoli e resistente sia all\u2019acqua dolce che salata.<\/p>\n","protected":false},"featured_media":27019,"template":"","meta":{"_acf_changed":false,"content-type":""},"product_brand":[],"product_cat":[1926],"product_tag":[1920,1927,1928,1910],"class_list":{"0":"post-27022","1":"product","2":"type-product","3":"status-publish","4":"has-post-thumbnail","6":"product_cat-aquarium-equipment","7":"product_tag-aquaforest","8":"product_tag-aquarium-equipment","9":"product_tag-seawater-aquatic","10":"product_tag-simple","12":"first","13":"instock","14":"taxable","15":"shipping-taxable","16":"purchasable","17":"product-type-simple"},"acf":[],"yoast_head":"<!-- This site is optimized with the Yoast SEO plugin v27.1.1 - https:\/\/yoast.com\/product\/yoast-seo-wordpress\/ -->\n<title>AF Ultrascrape XL - Aquaforest<\/title>\n<meta name=\"description\" content=\"AF Ultrascrape XL \u00e8 uno strumento innovativo per rimuovere efficacemente alghe e impurit\u00e0 dall&#039;acquario. Facilita la cura e garantisce un ambiente sano per il tuo acquario.\" \/>\n<meta name=\"robots\" content=\"index, follow, max-snippet:-1, max-image-preview:large, max-video-preview:-1\" \/>\n<link rel=\"canonical\" href=\"https:\/\/aquaforest.eu\/it\/products\/seawater\/aquarium-equipment\/af-ultrascrape-xl\/\" \/>\n<meta property=\"og:locale\" content=\"it_IT\" \/>\n<meta property=\"og:type\" content=\"article\" \/>\n<meta property=\"og:title\" content=\"AF Ultrascrape XL - Aquaforest\" \/>\n<meta property=\"og:description\" content=\"AF Ultrascrape XL \u00e8 uno strumento innovativo per rimuovere efficacemente alghe e impurit\u00e0 dall&#039;acquario. Facilita la cura e garantisce un ambiente sano per il tuo acquario.\" \/>\n<meta property=\"og:url\" content=\"https:\/\/aquaforest.eu\/it\/products\/seawater\/aquarium-equipment\/af-ultrascrape-xl\/\" \/>\n<meta property=\"og:site_name\" content=\"Aquaforest\" \/>\n<meta property=\"article:publisher\" content=\"https:\/\/www.facebook.com\/Aquaforest\/\" \/>\n<meta property=\"og:image\" content=\"https:\/\/aquaforest.eu\/wp-content\/uploads\/2024\/06\/AF_UltraScrape_XL.png\" \/>\n\t<meta property=\"og:image:width\" content=\"361\" \/>\n\t<meta property=\"og:image:height\" content=\"600\" \/>\n\t<meta property=\"og:image:type\" content=\"image\/png\" \/>\n<meta name=\"twitter:card\" content=\"summary_large_image\" \/>\n<meta name=\"twitter:label1\" content=\"Tempo di lettura stimato\" \/>\n\t<meta name=\"twitter:data1\" content=\"1 minuto\" \/>\n<script type=\"application\/ld+json\" class=\"yoast-schema-graph\">{\"@context\":\"https:\/\/schema.org\",\"@graph\":[{\"@type\":\"WebPage\",\"@id\":\"https:\/\/aquaforest.eu\/it\/products\/seawater\/aquarium-equipment\/af-ultrascrape-xl\/\",\"url\":\"https:\/\/aquaforest.eu\/it\/products\/seawater\/aquarium-equipment\/af-ultrascrape-xl\/\",\"name\":\"AF Ultrascrape XL - Aquaforest\",\"isPartOf\":{\"@id\":\"https:\/\/aquaforest.eu\/it\/#website\"},\"primaryImageOfPage\":{\"@id\":\"https:\/\/aquaforest.eu\/it\/products\/seawater\/aquarium-equipment\/af-ultrascrape-xl\/#primaryimage\"},\"image\":{\"@id\":\"https:\/\/aquaforest.eu\/it\/products\/seawater\/aquarium-equipment\/af-ultrascrape-xl\/#primaryimage\"},\"thumbnailUrl\":\"https:\/\/aquaforest.eu\/wp-content\/uploads\/2024\/06\/AF_UltraScrape_XL.png\",\"datePublished\":\"2024-06-26T00:18:04+00:00\",\"description\":\"AF Ultrascrape XL \u00e8 uno strumento innovativo per rimuovere efficacemente alghe e impurit\u00e0 dall'acquario. Facilita la cura e garantisce un ambiente sano per il tuo acquario.\",\"breadcrumb\":{\"@id\":\"https:\/\/aquaforest.eu\/it\/products\/seawater\/aquarium-equipment\/af-ultrascrape-xl\/#breadcrumb\"},\"inLanguage\":\"it-IT\",\"potentialAction\":[{\"@type\":\"ReadAction\",\"target\":[\"https:\/\/aquaforest.eu\/it\/products\/seawater\/aquarium-equipment\/af-ultrascrape-xl\/\"]}]},{\"@type\":\"ImageObject\",\"inLanguage\":\"it-IT\",\"@id\":\"https:\/\/aquaforest.eu\/it\/products\/seawater\/aquarium-equipment\/af-ultrascrape-xl\/#primaryimage\",\"url\":\"https:\/\/aquaforest.eu\/wp-content\/uploads\/2024\/06\/AF_UltraScrape_XL.png\",\"contentUrl\":\"https:\/\/aquaforest.eu\/wp-content\/uploads\/2024\/06\/AF_UltraScrape_XL.png\",\"width\":361,\"height\":600},{\"@type\":\"BreadcrumbList\",\"@id\":\"https:\/\/aquaforest.eu\/it\/products\/seawater\/aquarium-equipment\/af-ultrascrape-xl\/#breadcrumb\",\"itemListElement\":[{\"@type\":\"ListItem\",\"position\":1,\"name\":\"Home\",\"item\":\"https:\/\/aquaforest.eu\/it\/\"},{\"@type\":\"ListItem\",\"position\":2,\"name\":\"Prodotti\",\"item\":\"https:\/\/aquaforest.eu\/it\/products\/\"},{\"@type\":\"ListItem\",\"position\":3,\"name\":\"AF Ultrascrape XL\"}]},{\"@type\":\"WebSite\",\"@id\":\"https:\/\/aquaforest.eu\/it\/#website\",\"url\":\"https:\/\/aquaforest.eu\/it\/\",\"name\":\"Aquaforest\",\"description\":\"\",\"publisher\":{\"@id\":\"https:\/\/aquaforest.eu\/it\/#organization\"},\"potentialAction\":[{\"@type\":\"SearchAction\",\"target\":{\"@type\":\"EntryPoint\",\"urlTemplate\":\"https:\/\/aquaforest.eu\/it\/?s={search_term_string}\"},\"query-input\":{\"@type\":\"PropertyValueSpecification\",\"valueRequired\":true,\"valueName\":\"search_term_string\"}}],\"inLanguage\":\"it-IT\"},{\"@type\":\"Organization\",\"@id\":\"https:\/\/aquaforest.eu\/it\/#organization\",\"name\":\"Aquaforest\",\"url\":\"https:\/\/aquaforest.eu\/it\/\",\"logo\":{\"@type\":\"ImageObject\",\"inLanguage\":\"it-IT\",\"@id\":\"https:\/\/aquaforest.eu\/it\/#\/schema\/logo\/image\/\",\"url\":\"https:\/\/aquaforest.eu\/wp-content\/uploads\/2024\/05\/logotyp-aquaforest.svg\",\"contentUrl\":\"https:\/\/aquaforest.eu\/wp-content\/uploads\/2024\/05\/logotyp-aquaforest.svg\",\"width\":170,\"height\":22,\"caption\":\"Aquaforest\"},\"image\":{\"@id\":\"https:\/\/aquaforest.eu\/it\/#\/schema\/logo\/image\/\"},\"sameAs\":[\"https:\/\/www.facebook.com\/Aquaforest\/\",\"https:\/\/www.instagram.com\/aquaforest.eu\/\"]}]}<\/script>\n<!-- \/ Yoast SEO plugin. -->","yoast_head_json":{"title":"AF Ultrascrape XL - Aquaforest","description":"AF Ultrascrape XL \u00e8 uno strumento innovativo per rimuovere efficacemente alghe e impurit\u00e0 dall'acquario. Facilita la cura e garantisce un ambiente sano per il tuo acquario.","robots":{"index":"index","follow":"follow","max-snippet":"max-snippet:-1","max-image-preview":"max-image-preview:large","max-video-preview":"max-video-preview:-1"},"canonical":"https:\/\/aquaforest.eu\/it\/products\/seawater\/aquarium-equipment\/af-ultrascrape-xl\/","og_locale":"it_IT","og_type":"article","og_title":"AF Ultrascrape XL - Aquaforest","og_description":"AF Ultrascrape XL \u00e8 uno strumento innovativo per rimuovere efficacemente alghe e impurit\u00e0 dall'acquario. Facilita la cura e garantisce un ambiente sano per il tuo acquario.","og_url":"https:\/\/aquaforest.eu\/it\/products\/seawater\/aquarium-equipment\/af-ultrascrape-xl\/","og_site_name":"Aquaforest","article_publisher":"https:\/\/www.facebook.com\/Aquaforest\/","og_image":[{"width":361,"height":600,"url":"https:\/\/aquaforest.eu\/wp-content\/uploads\/2024\/06\/AF_UltraScrape_XL.png","type":"image\/png"}],"twitter_card":"summary_large_image","twitter_misc":{"Tempo di lettura stimato":"1 minuto"},"schema":{"@context":"https:\/\/schema.org","@graph":[{"@type":"WebPage","@id":"https:\/\/aquaforest.eu\/it\/products\/seawater\/aquarium-equipment\/af-ultrascrape-xl\/","url":"https:\/\/aquaforest.eu\/it\/products\/seawater\/aquarium-equipment\/af-ultrascrape-xl\/","name":"AF Ultrascrape XL - Aquaforest","isPartOf":{"@id":"https:\/\/aquaforest.eu\/it\/#website"},"primaryImageOfPage":{"@id":"https:\/\/aquaforest.eu\/it\/products\/seawater\/aquarium-equipment\/af-ultrascrape-xl\/#primaryimage"},"image":{"@id":"https:\/\/aquaforest.eu\/it\/products\/seawater\/aquarium-equipment\/af-ultrascrape-xl\/#primaryimage"},"thumbnailUrl":"https:\/\/aquaforest.eu\/wp-content\/uploads\/2024\/06\/AF_UltraScrape_XL.png","datePublished":"2024-06-26T00:18:04+00:00","description":"AF Ultrascrape XL \u00e8 uno strumento innovativo per rimuovere efficacemente alghe e impurit\u00e0 dall'acquario. Facilita la cura e garantisce un ambiente sano per il tuo acquario.","breadcrumb":{"@id":"https:\/\/aquaforest.eu\/it\/products\/seawater\/aquarium-equipment\/af-ultrascrape-xl\/#breadcrumb"},"inLanguage":"it-IT","potentialAction":[{"@type":"ReadAction","target":["https:\/\/aquaforest.eu\/it\/products\/seawater\/aquarium-equipment\/af-ultrascrape-xl\/"]}]},{"@type":"ImageObject","inLanguage":"it-IT","@id":"https:\/\/aquaforest.eu\/it\/products\/seawater\/aquarium-equipment\/af-ultrascrape-xl\/#primaryimage","url":"https:\/\/aquaforest.eu\/wp-content\/uploads\/2024\/06\/AF_UltraScrape_XL.png","contentUrl":"https:\/\/aquaforest.eu\/wp-content\/uploads\/2024\/06\/AF_UltraScrape_XL.png","width":361,"height":600},{"@type":"BreadcrumbList","@id":"https:\/\/aquaforest.eu\/it\/products\/seawater\/aquarium-equipment\/af-ultrascrape-xl\/#breadcrumb","itemListElement":[{"@type":"ListItem","position":1,"name":"Home","item":"https:\/\/aquaforest.eu\/it\/"},{"@type":"ListItem","position":2,"name":"Prodotti","item":"https:\/\/aquaforest.eu\/it\/products\/"},{"@type":"ListItem","position":3,"name":"AF Ultrascrape XL"}]},{"@type":"WebSite","@id":"https:\/\/aquaforest.eu\/it\/#website","url":"https:\/\/aquaforest.eu\/it\/","name":"Aquaforest","description":"","publisher":{"@id":"https:\/\/aquaforest.eu\/it\/#organization"},"potentialAction":[{"@type":"SearchAction","target":{"@type":"EntryPoint","urlTemplate":"https:\/\/aquaforest.eu\/it\/?s={search_term_string}"},"query-input":{"@type":"PropertyValueSpecification","valueRequired":true,"valueName":"search_term_string"}}],"inLanguage":"it-IT"},{"@type":"Organization","@id":"https:\/\/aquaforest.eu\/it\/#organization","name":"Aquaforest","url":"https:\/\/aquaforest.eu\/it\/","logo":{"@type":"ImageObject","inLanguage":"it-IT","@id":"https:\/\/aquaforest.eu\/it\/#\/schema\/logo\/image\/","url":"https:\/\/aquaforest.eu\/wp-content\/uploads\/2024\/05\/logotyp-aquaforest.svg","contentUrl":"https:\/\/aquaforest.eu\/wp-content\/uploads\/2024\/05\/logotyp-aquaforest.svg","width":170,"height":22,"caption":"Aquaforest"},"image":{"@id":"https:\/\/aquaforest.eu\/it\/#\/schema\/logo\/image\/"},"sameAs":["https:\/\/www.facebook.com\/Aquaforest\/","https:\/\/www.instagram.com\/aquaforest.eu\/"]}]}},"_links":{"self":[{"href":"https:\/\/aquaforest.eu\/it\/wp-json\/wp\/v2\/product\/27022","targetHints":{"allow":["GET"]}}],"collection":[{"href":"https:\/\/aquaforest.eu\/it\/wp-json\/wp\/v2\/product"}],"about":[{"href":"https:\/\/aquaforest.eu\/it\/wp-json\/wp\/v2\/types\/product"}],"version-history":[{"count":0,"href":"https:\/\/aquaforest.eu\/it\/wp-json\/wp\/v2\/product\/27022\/revisions"}],"wp:featuredmedia":[{"embeddable":true,"href":"https:\/\/aquaforest.eu\/it\/wp-json\/wp\/v2\/media\/27019"}],"wp:attachment":[{"href":"https:\/\/aquaforest.eu\/it\/wp-json\/wp\/v2\/media?parent=27022"}],"wp:term":[{"taxonomy":"product_brand","embeddable":true,"href":"https:\/\/aquaforest.eu\/it\/wp-json\/wp\/v2\/product_brand?post=27022"},{"taxonomy":"product_cat","embeddable":true,"href":"https:\/\/aquaforest.eu\/it\/wp-json\/wp\/v2\/product_cat?post=27022"},{"taxonomy":"product_tag","embeddable":true,"href":"https:\/\/aquaforest.eu\/it\/wp-json\/wp\/v2\/product_tag?post=27022"}],"curies":[{"name":"wp","href":"https:\/\/api.w.org\/{rel}","templated":true}]}}