{"id":27025,"date":"2024-06-26T02:18:05","date_gmt":"2024-06-26T00:18:05","guid":{"rendered":"https:\/\/aquaforest.eu\/products\/senza-categoria\/af-ultrascrape-slim\/"},"modified":"2024-06-26T02:18:05","modified_gmt":"2024-06-26T00:18:05","slug":"af-ultrascrape-slim","status":"publish","type":"product","link":"https:\/\/aquaforest.eu\/it\/products\/seawater\/aquarium-equipment\/af-ultrascrape-slim\/","title":{"rendered":"AF Ultrascrape Slim"},"content":{"rendered":"<p>Il vetro pulito \u00e8 la base dell\u2019estetica di un acquario. Anche i coralli pi\u00f9 belli e rari possono essere offuscati da alghe visibili sulla superficie. In questi casi l\u2019AF Ultrascrape Slim \u00e8 la soluzione ideale. <br \/>AF Ultrascrape Slim \u00e8 realizzato con materiali durevoli che lo rendono resistente sia all\u2019acqua dolce che salata. Il design minimalista color viola garantisce comfort d\u2019uso e un aspetto moderno. La forma allungata assicura un\u2019elevata efficienza del pulitore e permette di manovrare facilmente, raggiungendo anche le zone difficili dell\u2019acquario. <br \/>AF Ultrascrape Slim \u00e8 composto da due parti: l\u2019esterna \u2013 per muovere il pulitore, e l\u2019interno attivo, che pulisce efficacemente le pareti dell\u2019acquario dall\u2019interno. La parte esterna \u00e8 rivestita con un materiale morbido che consente di scivolare facilmente sul vetro senza graffiarlo. La parte interna \u00e8 in tessuto ruvido che rimuove con facilit\u00e0 lo sporco dalla superficie. <br \/>L\u2019ampia superficie attiva rende l\u2019utilizzo estremamente semplice ed efficace. I magneti potenti impediscono il distacco accidentale dal vetro. Anche se si stacca, il pulitore non affonda ma galleggia in superficie, consentendo una reinstallazione rapida e senza problemi.           <\/p>\n<p>&nbsp;<\/p>\n<hr>\n<p>&nbsp;<\/p>\n<p>Caratteristiche principali:<\/p>\n<ul>\n<li>Raschietto magnetico per acquari d\u2019acqua dolce e salata<\/li>\n<li>Ampia superficie attiva<\/li>\n<li>Rimuove efficacemente anche lo sporco pi\u00f9 ostinato<\/li>\n<li>Per acquari in vetro fino a 10 mm di spessore<\/li>\n<li>Protetto contro l\u2019affondamento<\/li>\n<li>Utilizzo fluido e sicuro<\/li>\n<li>Aspetto estetico<\/li>\n<li>Massima qualit\u00e0 costruttiva<\/li>\n<li>Non rilascia sostanze nocive<\/li>\n<li>Sicuro per pesci e coralli<\/li>\n<\/ul>\n","protected":false},"excerpt":{"rendered":"<p>Pulitore magnetico per superfici in vetro. La forma sottile consente una pulizia precisa. <\/p>\n","protected":false},"featured_media":27018,"template":"","meta":{"_acf_changed":false,"content-type":""},"product_brand":[],"product_cat":[1926],"product_tag":[1920,1927,1928,1910],"class_list":{"0":"post-27025","1":"product","2":"type-product","3":"status-publish","4":"has-post-thumbnail","6":"product_cat-aquarium-equipment","7":"product_tag-aquaforest","8":"product_tag-aquarium-equipment","9":"product_tag-seawater-aquatic","10":"product_tag-simple","12":"first","13":"instock","14":"taxable","15":"shipping-taxable","16":"purchasable","17":"product-type-simple"},"acf":[],"yoast_head":"<!-- This site is optimized with the Yoast SEO plugin v27.1.1 - https:\/\/yoast.com\/product\/yoast-seo-wordpress\/ -->\n<title>AF Ultrascrape Slim - Aquaforest<\/title>\n<meta name=\"description\" content=\"AF Ultrascrape Slim \u00e8 uno strumento innovativo per la pulizia efficace degli acquari. Scopri quanto \u00e8 facile mantenere pulito il tuo acquario!\" \/>\n<meta name=\"robots\" content=\"index, follow, max-snippet:-1, max-image-preview:large, max-video-preview:-1\" \/>\n<link rel=\"canonical\" href=\"https:\/\/aquaforest.eu\/it\/products\/seawater\/aquarium-equipment\/af-ultrascrape-slim\/\" \/>\n<meta property=\"og:locale\" content=\"it_IT\" \/>\n<meta property=\"og:type\" content=\"article\" \/>\n<meta property=\"og:title\" content=\"AF Ultrascrape Slim - Aquaforest\" \/>\n<meta property=\"og:description\" content=\"AF Ultrascrape Slim \u00e8 uno strumento innovativo per la pulizia efficace degli acquari. Scopri quanto \u00e8 facile mantenere pulito il tuo acquario!\" \/>\n<meta property=\"og:url\" content=\"https:\/\/aquaforest.eu\/it\/products\/seawater\/aquarium-equipment\/af-ultrascrape-slim\/\" \/>\n<meta property=\"og:site_name\" content=\"Aquaforest\" \/>\n<meta property=\"article:publisher\" content=\"https:\/\/www.facebook.com\/Aquaforest\/\" \/>\n<meta property=\"og:image\" content=\"https:\/\/aquaforest.eu\/wp-content\/uploads\/2024\/06\/AF_UltraScrape_Slim.png\" \/>\n\t<meta property=\"og:image:width\" content=\"459\" \/>\n\t<meta property=\"og:image:height\" content=\"600\" \/>\n\t<meta property=\"og:image:type\" content=\"image\/png\" \/>\n<meta name=\"twitter:card\" content=\"summary_large_image\" \/>\n<meta name=\"twitter:label1\" content=\"Tempo di lettura stimato\" \/>\n\t<meta name=\"twitter:data1\" content=\"1 minuto\" \/>\n<script type=\"application\/ld+json\" class=\"yoast-schema-graph\">{\"@context\":\"https:\/\/schema.org\",\"@graph\":[{\"@type\":\"WebPage\",\"@id\":\"https:\/\/aquaforest.eu\/it\/products\/seawater\/aquarium-equipment\/af-ultrascrape-slim\/\",\"url\":\"https:\/\/aquaforest.eu\/it\/products\/seawater\/aquarium-equipment\/af-ultrascrape-slim\/\",\"name\":\"AF Ultrascrape Slim - Aquaforest\",\"isPartOf\":{\"@id\":\"https:\/\/aquaforest.eu\/it\/#website\"},\"primaryImageOfPage\":{\"@id\":\"https:\/\/aquaforest.eu\/it\/products\/seawater\/aquarium-equipment\/af-ultrascrape-slim\/#primaryimage\"},\"image\":{\"@id\":\"https:\/\/aquaforest.eu\/it\/products\/seawater\/aquarium-equipment\/af-ultrascrape-slim\/#primaryimage\"},\"thumbnailUrl\":\"https:\/\/aquaforest.eu\/wp-content\/uploads\/2024\/06\/AF_UltraScrape_Slim.png\",\"datePublished\":\"2024-06-26T00:18:05+00:00\",\"description\":\"AF Ultrascrape Slim \u00e8 uno strumento innovativo per la pulizia efficace degli acquari. Scopri quanto \u00e8 facile mantenere pulito il tuo acquario!\",\"breadcrumb\":{\"@id\":\"https:\/\/aquaforest.eu\/it\/products\/seawater\/aquarium-equipment\/af-ultrascrape-slim\/#breadcrumb\"},\"inLanguage\":\"it-IT\",\"potentialAction\":[{\"@type\":\"ReadAction\",\"target\":[\"https:\/\/aquaforest.eu\/it\/products\/seawater\/aquarium-equipment\/af-ultrascrape-slim\/\"]}]},{\"@type\":\"ImageObject\",\"inLanguage\":\"it-IT\",\"@id\":\"https:\/\/aquaforest.eu\/it\/products\/seawater\/aquarium-equipment\/af-ultrascrape-slim\/#primaryimage\",\"url\":\"https:\/\/aquaforest.eu\/wp-content\/uploads\/2024\/06\/AF_UltraScrape_Slim.png\",\"contentUrl\":\"https:\/\/aquaforest.eu\/wp-content\/uploads\/2024\/06\/AF_UltraScrape_Slim.png\",\"width\":459,\"height\":600},{\"@type\":\"BreadcrumbList\",\"@id\":\"https:\/\/aquaforest.eu\/it\/products\/seawater\/aquarium-equipment\/af-ultrascrape-slim\/#breadcrumb\",\"itemListElement\":[{\"@type\":\"ListItem\",\"position\":1,\"name\":\"Home\",\"item\":\"https:\/\/aquaforest.eu\/it\/\"},{\"@type\":\"ListItem\",\"position\":2,\"name\":\"Prodotti\",\"item\":\"https:\/\/aquaforest.eu\/it\/products\/\"},{\"@type\":\"ListItem\",\"position\":3,\"name\":\"AF Ultrascrape Slim\"}]},{\"@type\":\"WebSite\",\"@id\":\"https:\/\/aquaforest.eu\/it\/#website\",\"url\":\"https:\/\/aquaforest.eu\/it\/\",\"name\":\"Aquaforest\",\"description\":\"\",\"publisher\":{\"@id\":\"https:\/\/aquaforest.eu\/it\/#organization\"},\"potentialAction\":[{\"@type\":\"SearchAction\",\"target\":{\"@type\":\"EntryPoint\",\"urlTemplate\":\"https:\/\/aquaforest.eu\/it\/?s={search_term_string}\"},\"query-input\":{\"@type\":\"PropertyValueSpecification\",\"valueRequired\":true,\"valueName\":\"search_term_string\"}}],\"inLanguage\":\"it-IT\"},{\"@type\":\"Organization\",\"@id\":\"https:\/\/aquaforest.eu\/it\/#organization\",\"name\":\"Aquaforest\",\"url\":\"https:\/\/aquaforest.eu\/it\/\",\"logo\":{\"@type\":\"ImageObject\",\"inLanguage\":\"it-IT\",\"@id\":\"https:\/\/aquaforest.eu\/it\/#\/schema\/logo\/image\/\",\"url\":\"https:\/\/aquaforest.eu\/wp-content\/uploads\/2024\/05\/logotyp-aquaforest.svg\",\"contentUrl\":\"https:\/\/aquaforest.eu\/wp-content\/uploads\/2024\/05\/logotyp-aquaforest.svg\",\"width\":170,\"height\":22,\"caption\":\"Aquaforest\"},\"image\":{\"@id\":\"https:\/\/aquaforest.eu\/it\/#\/schema\/logo\/image\/\"},\"sameAs\":[\"https:\/\/www.facebook.com\/Aquaforest\/\",\"https:\/\/www.instagram.com\/aquaforest.eu\/\"]}]}<\/script>\n<!-- \/ Yoast SEO plugin. -->","yoast_head_json":{"title":"AF Ultrascrape Slim - Aquaforest","description":"AF Ultrascrape Slim \u00e8 uno strumento innovativo per la pulizia efficace degli acquari. Scopri quanto \u00e8 facile mantenere pulito il tuo acquario!","robots":{"index":"index","follow":"follow","max-snippet":"max-snippet:-1","max-image-preview":"max-image-preview:large","max-video-preview":"max-video-preview:-1"},"canonical":"https:\/\/aquaforest.eu\/it\/products\/seawater\/aquarium-equipment\/af-ultrascrape-slim\/","og_locale":"it_IT","og_type":"article","og_title":"AF Ultrascrape Slim - Aquaforest","og_description":"AF Ultrascrape Slim \u00e8 uno strumento innovativo per la pulizia efficace degli acquari. Scopri quanto \u00e8 facile mantenere pulito il tuo acquario!","og_url":"https:\/\/aquaforest.eu\/it\/products\/seawater\/aquarium-equipment\/af-ultrascrape-slim\/","og_site_name":"Aquaforest","article_publisher":"https:\/\/www.facebook.com\/Aquaforest\/","og_image":[{"width":459,"height":600,"url":"https:\/\/aquaforest.eu\/wp-content\/uploads\/2024\/06\/AF_UltraScrape_Slim.png","type":"image\/png"}],"twitter_card":"summary_large_image","twitter_misc":{"Tempo di lettura stimato":"1 minuto"},"schema":{"@context":"https:\/\/schema.org","@graph":[{"@type":"WebPage","@id":"https:\/\/aquaforest.eu\/it\/products\/seawater\/aquarium-equipment\/af-ultrascrape-slim\/","url":"https:\/\/aquaforest.eu\/it\/products\/seawater\/aquarium-equipment\/af-ultrascrape-slim\/","name":"AF Ultrascrape Slim - Aquaforest","isPartOf":{"@id":"https:\/\/aquaforest.eu\/it\/#website"},"primaryImageOfPage":{"@id":"https:\/\/aquaforest.eu\/it\/products\/seawater\/aquarium-equipment\/af-ultrascrape-slim\/#primaryimage"},"image":{"@id":"https:\/\/aquaforest.eu\/it\/products\/seawater\/aquarium-equipment\/af-ultrascrape-slim\/#primaryimage"},"thumbnailUrl":"https:\/\/aquaforest.eu\/wp-content\/uploads\/2024\/06\/AF_UltraScrape_Slim.png","datePublished":"2024-06-26T00:18:05+00:00","description":"AF Ultrascrape Slim \u00e8 uno strumento innovativo per la pulizia efficace degli acquari. Scopri quanto \u00e8 facile mantenere pulito il tuo acquario!","breadcrumb":{"@id":"https:\/\/aquaforest.eu\/it\/products\/seawater\/aquarium-equipment\/af-ultrascrape-slim\/#breadcrumb"},"inLanguage":"it-IT","potentialAction":[{"@type":"ReadAction","target":["https:\/\/aquaforest.eu\/it\/products\/seawater\/aquarium-equipment\/af-ultrascrape-slim\/"]}]},{"@type":"ImageObject","inLanguage":"it-IT","@id":"https:\/\/aquaforest.eu\/it\/products\/seawater\/aquarium-equipment\/af-ultrascrape-slim\/#primaryimage","url":"https:\/\/aquaforest.eu\/wp-content\/uploads\/2024\/06\/AF_UltraScrape_Slim.png","contentUrl":"https:\/\/aquaforest.eu\/wp-content\/uploads\/2024\/06\/AF_UltraScrape_Slim.png","width":459,"height":600},{"@type":"BreadcrumbList","@id":"https:\/\/aquaforest.eu\/it\/products\/seawater\/aquarium-equipment\/af-ultrascrape-slim\/#breadcrumb","itemListElement":[{"@type":"ListItem","position":1,"name":"Home","item":"https:\/\/aquaforest.eu\/it\/"},{"@type":"ListItem","position":2,"name":"Prodotti","item":"https:\/\/aquaforest.eu\/it\/products\/"},{"@type":"ListItem","position":3,"name":"AF Ultrascrape Slim"}]},{"@type":"WebSite","@id":"https:\/\/aquaforest.eu\/it\/#website","url":"https:\/\/aquaforest.eu\/it\/","name":"Aquaforest","description":"","publisher":{"@id":"https:\/\/aquaforest.eu\/it\/#organization"},"potentialAction":[{"@type":"SearchAction","target":{"@type":"EntryPoint","urlTemplate":"https:\/\/aquaforest.eu\/it\/?s={search_term_string}"},"query-input":{"@type":"PropertyValueSpecification","valueRequired":true,"valueName":"search_term_string"}}],"inLanguage":"it-IT"},{"@type":"Organization","@id":"https:\/\/aquaforest.eu\/it\/#organization","name":"Aquaforest","url":"https:\/\/aquaforest.eu\/it\/","logo":{"@type":"ImageObject","inLanguage":"it-IT","@id":"https:\/\/aquaforest.eu\/it\/#\/schema\/logo\/image\/","url":"https:\/\/aquaforest.eu\/wp-content\/uploads\/2024\/05\/logotyp-aquaforest.svg","contentUrl":"https:\/\/aquaforest.eu\/wp-content\/uploads\/2024\/05\/logotyp-aquaforest.svg","width":170,"height":22,"caption":"Aquaforest"},"image":{"@id":"https:\/\/aquaforest.eu\/it\/#\/schema\/logo\/image\/"},"sameAs":["https:\/\/www.facebook.com\/Aquaforest\/","https:\/\/www.instagram.com\/aquaforest.eu\/"]}]}},"_links":{"self":[{"href":"https:\/\/aquaforest.eu\/it\/wp-json\/wp\/v2\/product\/27025","targetHints":{"allow":["GET"]}}],"collection":[{"href":"https:\/\/aquaforest.eu\/it\/wp-json\/wp\/v2\/product"}],"about":[{"href":"https:\/\/aquaforest.eu\/it\/wp-json\/wp\/v2\/types\/product"}],"version-history":[{"count":0,"href":"https:\/\/aquaforest.eu\/it\/wp-json\/wp\/v2\/product\/27025\/revisions"}],"wp:featuredmedia":[{"embeddable":true,"href":"https:\/\/aquaforest.eu\/it\/wp-json\/wp\/v2\/media\/27018"}],"wp:attachment":[{"href":"https:\/\/aquaforest.eu\/it\/wp-json\/wp\/v2\/media?parent=27025"}],"wp:term":[{"taxonomy":"product_brand","embeddable":true,"href":"https:\/\/aquaforest.eu\/it\/wp-json\/wp\/v2\/product_brand?post=27025"},{"taxonomy":"product_cat","embeddable":true,"href":"https:\/\/aquaforest.eu\/it\/wp-json\/wp\/v2\/product_cat?post=27025"},{"taxonomy":"product_tag","embeddable":true,"href":"https:\/\/aquaforest.eu\/it\/wp-json\/wp\/v2\/product_tag?post=27025"}],"curies":[{"name":"wp","href":"https:\/\/api.w.org\/{rel}","templated":true}]}}